{"id":9260,"date":"2025-06-04T17:19:27","date_gmt":"2025-06-04T17:19:27","guid":{"rendered":"https:\/\/tarqitamaat.ca\/?page_id=9260"},"modified":"2026-04-13T18:29:48","modified_gmt":"2026-04-13T18:29:48","slug":"%e1%91%8e%e1%95%86%e1%93%aa%e1%93%97%e1%93%95%e1%90%85%e1%91%a6-avril-april-6","status":"publish","type":"page","link":"https:\/\/tarqitamaat.ca\/?page_id=9260","title":{"rendered":"\u144e\u1546\u14ea\u14d7\u14d5\u1405\u1466 | Avril | April"},"content":{"rendered":"\n<h2 class=\"wp-block-heading\">\u14f5\u14d5 \u1455\u1585\u157f\u1483|Charlie Taqqik<\/h2>\n\n\n\n<p class=\"has-very-light-gray-background-color has-background\">\u14f5\u14d5 \u1455\u1550\u157f\u1585, \u1431\u1595\u1591\u140a\u144f\u1466 \u1403\u1595\u158f\u144e\u1593 \u140a\u14bb\u14aa\u14d7 \u146f\u146d\u1455\u1438\u1466\u144e\u1405\u14f1\u14c2 \u14f4\u14ea\u14d7\u14c2. \u140a\u14d5\u140a\u158f\u14d0\u14c7\u14ef\u14aa\u152a\u1585 \u1450\u14f4\u1550\u14c2\u152e\u1550\u144e\u14ef\u14c2\u1550\u14a5\u1483. \u1403\u14da\u158f\u1466 \u14c2\u1431\u14d5\u1405\u1550\u14ef\u14aa\u152a\u14c2\u1483 \u14c2\u1466\u152e\u144e\u1466\u14ef\u158f\u14d0\u14c7\u1583\u1466\u1455\u14ef\u14aa\u152a\u1466, \u1406\u1466\u1451\u144e\u148b\u1466\u14f1\u148b\u1466 \u1557\u1403\u14d5\u140a\u14bb \u1455\u148d\u14d0\u14c8, \u14f5\u14d5 \u1438\u14c4\u148d\u14c2\u140a\u1585, \u14f4\u1483\u14da\u1483 \u1431\u1595\u1591\u140a\u144f\u1466, \u140a\u14bb\u14aa\u14d7 \u146d\u1591\u14c2\u1593\u148d\u1466 \u14c8\u14da\u1583\u1466\u1455\u14d5\u1550\u1450\u1555\u14c2\u1585 \u1403\u14da\u14d0\u14c8\u14a5\u14c2\u1483 Beatles, \u1403\u14da\u158f\u14d0\u14c2\u1483 \u1450\u14f4\u1550\u14c2\u1450\u14c2\u1483 Abba, Metallica, \u140a\u14ef\u158f\u14d0\u14c2\u14d7. <br> \u14ef\u1557\u14ea\u14d5\u1439\u14a5 \u1403\u14da\u148c\u1466\u144e\u1450\u14c2\u1483 \u140a\u14a5\u14f1\u1403\u14c2\u1483 \u1403\u1595\u158f\u1591\u140a\u1550\u1455\u1555\u14c2\u1550\u14a5\u14c2\u1483 \u1431\u148b\u140a\u1550\u144e\u14ef\u14c2\u1405\u152d\u14d5\u1550\u1450\u1585 \u1403\u14c5\u14ef\u1550\u14a5\u14c4\u140a\u1593\u152a\u14c2\u1483 \u140a\u144e\u14d5\u14d0\u14c2\u1483 \u1455\u1550\u157f\u1585. \u1403\u1595\u158f\u1450 \u146f\u146d\u1455\u1438\u148b\u1405\u1550\u1450\u1555\u14c2\u1585 \u1431\u1595\u1591\u140a\u144e\u1405\u1466\u14f1\u14c2 \u14f4\u1483\u14da\u1483 \u1431\u1595\u1591\u140a\u144e\u14c2, \u1431\u148d\u1466\u1528\u14f1\u148b\u1483 \u140b\u1455\u14a5 \u1438\u1431\u1472\u1466\u1450\u1585 \u140a\u14bb\u14aa\u14d7 \u1455\u152d\u154b \u1438\u1431\u1472\u1466\u1450\u1585, \u201c\u1405\u1559\u14d0\u14c2\u1483 \u1431\u1550\u154b\u1455\u154b\u14f1\u140a\u1550\u144e\u14ef\u14ef\u14aa\u1595\u158f\u1451\u1483, \u146d\u1595\u1592\u14aa\u1466\u14ef\u1450\u1403\u14d0\u14c7\u14f1\u144e\u1483 \u146d\u14c7\u1450\u1403\u14d0\u14c7\u14a5\u1483 \u1403\u14da\u1466\u14f4\u14a5\u14c2\u1483\u201d \u146d\u14ef\u140a\u14c2 \u1403\u14d5\u1466\u14ef\u1555\u148b\u1559\u14ea\u14d5\u140a\u14ef\u14aa\u152e\u1483\u1472. \u1403\u14d5\u14f4\u1546\u140a\u1550\u1450\u1555\u14c2\u1585 C\u00e9gep Mary-Victorin-\u14a7\u1466 \u1450\u14f4\u1550\u14c2\u152e\u1550\u144e\u14ef\u14c2\u1550\u14a5\u1483 \u1403\u14d5\u14d0\u14c2\u140a\u144e\u1466\u14ef\u1555\u1593\u14c4\u1466 \u14ef\u1455\u14a3\u14c2 \u1431\u148b\u140a\u1550\u1555\u14d5\u1466\u1455\u1555\u14d0\u14c2 \u1403\u14d5\u14d0\u14c2\u140a\u144e\u1466\u14ef\u1528\u1583\u1550\u14f1\u14c2, \u14ab\u1483 \u14f1\u1553\u14a5\u1483, \u1403\u1472\u152a\u1550\u1455\u1405\u1583\u1466\u1455\u14f1\u14c2 \u146f\u146d\u1455\u1438\u148b\u1405\u1550\u14f4\u144e\u14d7\u148d \u140a\u14bb\u14aa\u14d7 \u14c3\u14c2\u1490\u148b\u1405\u1550\u14f4\u144e\u14ea\u14d7\u148d, \u140a\u14bb\u14aa\u14d7 \u14f1\u1483\u146b\u1455\u1405\u1490\u1550\u1450\u14c2\u1483 \u1403\u14d5\u14d0\u14c2\u140a\u144e\u1455\u1405\u1466\u14f1\u14c2, \u1406\u1466\u1451\u144e\u148b\u1466\u14f1\u148b\u1466 Moonlight Sonata, Turkish March, \u140a\u14ef\u158f\u14ea\u14d7. \u201c\u1456\u1557\u1595\u1593\u14c2\u1595\u158f\u146f\u14aa, \u14f1\u1559\u14ea\u14d5\u14d7\u140a\u154b\u152d\u1550\u1582\u14c2\u1595\u158f\u1450\u1593, \u140a\u14d5\u140a\u148b\u152d\u1583\u1550\u14c2\u14a7\u1466, \u1450\u14f4\u1550\u14c2\u152e\u1550\u144e\u14ef\u14c2\u1550\u14c2\u1483 \u1403\u14d5\u14d0\u14c2\u140a\u144e\u1466\u14ef\u1528\u14ea\u14da\u1547\u1466 \u1405\u1559\u14d0\u14c4\u1466 \u1403\u14c4\u1403\u1466 \u1450\u14f4\u1550\u14c2\u152e\u1550\u144e\u14ef\u1529\u1466\u201d.<br> \u140a\u14c2\u148b\u152d\u1405\u1466\u14f1\u14c2\u14d7 \u1583\u1405\u1528\u14aa\u152d\u1405\u1466\u14ef\u140a\u1450\u14a7\u1466 \u140a\u144e\u14d5\u1405\u1550\u144e\u14a7\u1466 \u1403\u14d5\u14f4\u1431\u14a7\u1466, \u140a\u14bb\u14aa\u14d7 \u146b\u14ea\u14d7\u1451\u144e\u14f2\u148d\u1466\u14f1\u144e\u1483. \u1405\u1555\u1490\u1550\u14c2\u14f4\u1405\u1466\u14f1\u14c2 \u1431\u14da\u157f\u1466\u14ef\u140a\u14ef\u14aa\u14d5\u1547\u14da\u1405\u1550\u14ef\u14aa\u1490\u14d7\u140a\u1550\u14f1\u14c2 \u1431\u152a\u14d0\u14c7\u14ef\u140a\u14d5\u1550\u14f1\u14c2, \u140a\u14c2\u14a5\u14c2\u1483 \u144c\u14aa\u1595\u1593\u1466 \u146b\u14ea\u14d7\u1450\u1403\u14f2\u1585 \u1472\u152a\u14ef\u144e\u1466\u14ef\u1581\u1466\u14f1\u148d \u1450\u14f4\u1550\u14c2\u152e\u1550\u144e\u14ef\u1528\u1405\u14c2\u1550\u14a5\u1483, \u140a\u14bb\u14aa\u14d7 25 \u140a\u1550\u154c\u148d\u1403\u1466 \u140a\u14c2\u148d\u1550\u144e\u14d7\u148b\u1466 \u1472\u144e\u1550\u14f1\u14ef\u14aa\u152a\u14c2\u1483 \u1450\u14f4\u1550\u14c2\u152e\u1550\u144e\u14ef\u1405\u144e\u14a5\u14c2\u1483 \u14c4\u1403\u1466\u14ef\u14da\u157f\u14ef\u14aa\u14d5\u1550\u1450\u1585. \u1405\u1431\u14aa\u14bb\u14aa\u1546\u1466\u1450\u1585 \u140a\u14bb\u14aa\u14d7 \u140a\u14d5\u140a\u1466\u14f1\u14c2, \u1403\u14da\u14a5\u14c4\u1466 \u140a\u14bb\u14aa\u14d7 \u1403\u14da\u14d0\u14c8\u14a5\u14c4\u1466 \u1456\u1483\u146f\u14c2\u1593 \u1450\u154c\u1550\u144e\u14ef\u1466\u14f1\u14c2. \u14ef\u1557\u14ea\u14d5\u1439\u1466\u14ef\u140a\u14a5 \u1455\u146f\u14d0\u14c7\u1405\u152e\u1550\u1455\u1405\u1555\u14bb\u14a6\u14f1\u14c2 \u14f4\u14ea\u14d7\u14c2, 1995-\u14a5, \u1403\u1595\u158f\u1450\u1555\u14c2\u1585 \u1403\u14da\u158f\u14d0\u14c2 \u1403\u1595\u158f\u1591\u140a\u1548\u14ef\u158f\u14d0\u14c2\u1483 Elvis, Nothing but a hum dog, \u1403\u1449\u1431\u148d\u14f1\u14d5\u1550\u1450\u1555\u14c2\u1585 \u1456\u1466\u14f1\u14a5\u1593 \u1431\u1559\u14ea\u14d5\u14da\u157f\u1405\u144e\u1583\u1550\u14c2\u14a5\u14c2.<br> \u1450\u14f4\u1550\u14c2\u152e\u1550\u144e\u14ef\u1529\u1466 \u1472\u152a\u148b\u140a\u14f2\u148d\u14bb\u14aa\u1455 \u1403\u1595\u158f\u1591\u140a\u14ef\u1490\u14a5 \u14c2\u1466\u152e\u14f1\u144e\u1483, \u140a\u14bb\u14aa\u14d7 \u1405\u1583\u1405\u14ef\u1550\u14c2\u1483 \u1431\u1595\u1591\u140a\u1548\u144e\u1583\u1550\u14f1\u144e\u1483, \u144c\u14aa \u1450\u14f4\u1550\u14c2\u152e\u1550\u144e\u14ef\u1405\u144e\u14a5\u1483 \u14c4\u1403\u1466\u14ef\u14da\u157f\u14c2\u140a\u14d5\u154b\u14a5\u1483.\u140a\u14ea\u14da\u14d7\u146d\u14f2\u148d\u14c2\u154b\u14da\u1405\u152a\u1595\u158f\u1450\u1585 \u1405\u1583\u1405\u14ef\u1550\u1455\u158f\u14d0\u14c2\u1483 \u140a\u14ea\u14da\u14ef\u14aa\u152a\u14c5\u1550\u1583\u14f1\u148b\u1466, \u146d\u14ef\u140a\u14c2 \u14ed\u14aa\u14d0 \u1558\u14ea\u1505\u14a5\u1483 \u1431\u14c7\u14f1\u140a\u1583\u144e\u1583\u1550\u14f1\u14c2, \u1472\u144e\u1550\u14f1\u14ef\u14aa\u152a\u14c2\u1483 \u1450\u14f4\u1550\u14c2\u152e\u1550\u144e\u14ef\u1405\u144e\u14a5\u14c2\u1483 \u1403\u14c2\u1550\u14ef\u14ef\u14aa\u152a\u14a5\u1483, \u1403\u1595\u158f\u1591\u140a\u1550\u144e\u14a5\u1483 \u144e\u148d\u14ef\u1581\u1528\u1583\u1466\u1455\u14ef\u14aa\u152a\u1585 \u140a\u14ea\u14da\u1405\u144e\u14a5\u1483 \u140a\u14bb\u14aa\u14d7 \u140a\u14ea\u14da\u1555\u1466\u14f4\u14a5\u1483 \u140a\u14ea\u14da\u14c2\u140a\u154b\u14a5\u158f\u1466. \u14f5\u14d5 \u14c7\u146f\u1550\u14a6\u1450\u1585 \u14ed\u14aa\u14a5 \u1403\u1472\u152a\u1550\u14ef\u14aa\u14bb\u14aa\u1466 \u1431\u14c7\u14f1\u140a\u1548\u144e\u1583\u1550\u144e\u14d7\u148d \u1472\u144e\u1550\u14f1\u14ef\u14aa\u152a\u14c2\u1483 \u1450\u14f4\u1550\u14c2\u152e\u1550\u144e\u14ef\u1405\u144e\u14a5\u14c2\u1483 \u140a\u14bb\u14aa\u14d7 \u140a\u1559\u1455\u1585 \u1431\u1405\u14ef\u1450\u1583\u14d5\u1546\u14c2\u1550\u14a5\u1483 \u146b\u14ea\u14d7\u1450\u1550\u1455\u1405\u1583\u1466\u1455\u14c2\u154b\u14a5. <br> \u14ef\u1557\u14ea\u14d5\u1439\u14a5 \u14c2\u1431\u14d5\u1405\u1550\u1555\u14a6\u14da\u1405\u152a\u1595\u158f\u1450\u1585, \u1455\u146f\u14c2\u140a\u1550\u14f1\u14c2 \u14c7\u152d\u14a5\u14c2\u1483, \u1403\u1472\u152a\u1550\u1450\u1555\u14c2\u1585 \u14f4\u14ea\u14d7\u1403\u1466 \u1431\u1595\u1591\u140a\u144e\u158f\u14d0\u14c2\u1483 1999-\u14a5 \u140a\u14bb\u14aa\u14d7 \u1455\u146f\u14c2\u140a\u1550\u14f1\u14c2 \u1557\u1403\u14d5\u140a\u14bb \u1455\u148d\u14d0\u14c7\u1405\u1449 \u14c2\u1431\u14d5\u1405\u1550\u1555\u1593\u14c2\u1483 \u1470\u1466\u152a\u140a\u14a5. \u1403\u14bb\u14a5\u14c4\u14ea\u14d5 \u146d\u14ef\u140a\u14c2 \u1456\u1466\u14f1\u14a5\u1593 \u14c2\u1431\u14d5\u1405\u1550\u1555\u14a6\u148d\u144e\u1583\u1583\u1466\u1455\u14d5\u154b\u14d7\u140a\u1550\u14f1\u14c2.<br> \u201c\u140a\u14ef\u1483\u1472\u14c2\u1483 \u1403\u14c4\u14d0\u14c2\u1483 \u1403\u1472\u152a\u1550\u1455\u1405\u148d\u14aa\u152a\u14c2\u1483 \u140a\u1559\u1455\u1483\u146f\u14c4\u1466 \u14c2\u1431\u14d5\u1405\u1550\u144e\u14d7\u148b\u1466, \u146e\u14c7\u1405\u152d\u1546\u14c2\u140a\u1550\u1455\u158f\u14d0\u14c2\u1483 \u140a\u1450\u1403\u14d0\u14c7\u1405\u144e\u1455\u1405\u1583\u1466\u1455\u1581\u1528\u152a\u1593, \u140a\u14bb\u14aa\u14d7 \u1403\u1472\u152a\u1550\u14ef\u1405\u144e\u158f\u14d0\u14c2\u1483 \u1431\u148b\u140a\u14a5\u1483 \u140a\u14d5\u140a\u1466\u1450\u14aa\u1546\u1405\u1466\u14f1\u1455 \u1450\u14f1\u14d0\u14c7\u14f1\u1455\u14d7, \u1472\u152a\u158f\u1550\u1450\u1455\u1483\u1472 \u1456\u1483\u146f\u14c2\u1593 \u1431\u1555\u1583\u1548\u14d0\u14c7\u1546\u140a\u1581\u1466\u14f1\u148b\u1466.\u201d \u14ef\u1557\u14ea\u14d5\u1439\u1466 \u14c2\u1431\u14d5\u140a\u158f\u1466 \u14c4\u1403\u1455\u1405\u14da\u1593\u152a\u1466 \u14a3\u14a5 \u140a\u14bb\u14aa\u14d7 <a href=\"https:\/\/bfan.link\/taqqik?fbclid=IwQ0xDSwKtbbVleHRuA2FlbQIxMQBicmlkETE4NGhQbGJMUjJKZXNPMVFTAR7QZrASViOqs5CJ-QxCOhNyv2QJezuV91k0qfjZU23AIZjnnUGbQlfVpLOe-Q_aem_HmnHaTFblR8eH5-n9I9CVQ\">\u14c7\u1550\u14c2\u14d7\u148d \u1456\u14d0\u14c7 \u1431\u1450\u155d\u1555\u1593<\/a> \u14c8\u14da\u14d0\u14c2\u140a\u154b\u1555\u1483\u146d\u1466.  <\/p>\n\n\n\n<p class=\"has-very-light-gray-background-color has-background\">Charlie Taqqik, chanteur et guitariste, vie \u00e0 Salluit. Il sort son premier album, sur sa vie, appel\u00e9 Taqqik. Ayant toujours \u00e9t\u00e9 passionn\u00e9 par la musique il se rem\u00e9more que sa famille avait toujours de la musique qui jouait, comme du bon William Tagoona, Saali Panuguniaq, the Sugluk band, etc. Plus tard avec ses amis, il a d\u00e9couvert The Beatles, Abba, Metallica, etc. <br> Le chanteur a appris la guitare en jouant pour le groupe Sugluk, avec Aatami Papigatuk et Tajara Papigatuk, \u201cIls ne m\u2019ont pas vraiment pouss\u00e9, ils avaient juste besoin de quelqu\u2019un pour accompagner\u201d mais il a beauocup appris de cette exprience. Il est aussi all\u00e9 au C\u00e9gep Mary-Victorin pour quatre semestres, dans le programme de musique. Il a eu des tuteurs dont Marc Sauv\u00e9 qui l\u2019a aid\u00e9 \u00e0 la guitare et au clavier; il a aussi appris de la musique classique, comme La Sonate au Claire de lune, Marche Turque, etc. \u201cSi je n\u2019y \u00e9tais pas all\u00e9, je ne pense pas que \u00e7a aurait beaucoup chang\u00e9, car gr\u00e2ce \u00e0 ma passion, les vrais enseignants pour moi ce sont les musiciens Inuit\u201d.<br> Sa s\u0153ur Elisapie est aussi dans le monde de la musique et ils se sont toujours encourag\u00e9s. M\u00eame si elle est devenue populaire jeune, elle a toujours pouss\u00e9 son fr\u00e8re \u00e0 continuer la musique, et 25 ans plus tard son album \u00e9merge. Il est tr\u00e8s fier et heureux de celui-ci, il le d\u00e9dicace \u00e0 sa famille et ses amis. Depuis sa premi\u00e8re sur sc\u00e8ne \u00e0 Salluit en 1995, chantant du Elvis Nothing but a hum dog, cet album est tout un accomplissement.<br> C\u2019est en fredonnant que le musicien proc\u00e8de pour cr\u00e9er ses chansons, et en jouant avec les mots, puis vient la musique. Il confesse que normalement il n\u2019\u00e9crit pas ses paroles sur papier, en revanche, Simon Walls, le r\u00e9alisateur de l\u2019album, lui a exig\u00e9 de prendre un crayon et un papier pour \u00e9crire.<br> Charlie remercie Simon de l\u2019avoir aid\u00e9 pendant la cr\u00e9ation de l\u2019album et \u00e0 l\u2019Institut culturel Avataq de l\u2019avoir encourag\u00e9 \u00e0 le faire. Ce n\u2019\u00e9tait pas sa premi\u00e8re fois dans un studio, il est all\u00e9 voir sa s\u0153ur, a aid\u00e9 le groupe de Salluit en 1999 et est all\u00e9 dans le studio de William Tagoona \u00e0 Kuujjuaq. Cependant, s\u2019est sa premi\u00e8re fois pour lui-m\u00eame. <br> \u201cJ\u2019esp\u00e8re que ceux qui veulent enregistrer iront chercher le support d\u2019Avataq, le programme est l\u00e0, et on est tr\u00e8s chanceux de l\u2019avoir, je les encourage \u00e0 l\u2019utiliser.\u201d Son premier album sort en mai et cliquez sur <a href=\"https:\/\/bfan.link\/taqqik?fbclid=IwQ0xDSwKtbbVleHRuA2FlbQIxMQBicmlkETE4NGhQbGJMUjJKZXNPMVFTAR7QZrASViOqs5CJ-QxCOhNyv2QJezuV91k0qfjZU23AIZjnnUGbQlfVpLOe-Q_aem_HmnHaTFblR8eH5-n9I9CVQ\" target=\"_blank\" rel=\"noreferrer noopener\">ce lien<\/a> pour l\u2019\u00e9couter. <\/p>\n\n\n\n<p class=\"has-very-light-gray-background-color has-background\">Charlie Taqqik, band singer and guitarist is from Salluit. He was always passionate about music. His family always had a record on, like some good William Tagoona, Saali Panuguniaq, the Sugluk band, and later discovered with his friends the Beatles, some good Abba, Metallica, etc. He is launching his first album about his life called Taqqik.<br> The singer learned guitar by playing for the Sugluk band, for Aatami Papigatuk and Tajara Papigatuk, \u201cThey didn\u2019t really push me, they just needed somebody to play with them\u201d but that was a good learning experience. He also went to the C\u00e9gep Mary-Victorin in the music program for four semesters where his tutor, Marc Sauv\u00e9, helped with guitar lessons and keyboard, and he also got classical music lessons, like Moonlight Sonata, Turkish March, etc. \u201cIf I hadn\u2019t gone there, I don\u2019t think it would\u2019ve changed much, because of passion, the real music teachers for me are Inuit musicians\u201d. <br> He is also the brother of renown signer Elisapie, and they always encouraged each other. Even though she was successful younger, she always pushed her brother to continue music, and 25 years later his album emerged. He is very proud and happy about it, dedicating it to his family and friends. From his first time being on stage in Salluit, in 1995, singing some Elvis, Nothing but a hum dog, he feels this is an accomplishment.<br> How the musician proceeds to make a song is by humming, and playing with words, then makes the music out of it. He confesses that he often doesn\u2019t write the lyrics on paper, although with Simon Walls, the producer of the album, urged the singer to take pen and paper so he could write them down.<br> Charlie is thankful to Simon for helping him during the making of the album and to Avataq Cultural Institute to have pushed him to do so. It was not his first time in a studio, as he went to go see his sister, helped the Salluit band in 1999 and went to William Tagoona\u2019s studio in Kuujjuaq. Although it is his first time for himself. <br> \u201cI hope for other people who wants to get the support of Avataq to record, the grant is there, and we are very fortunate to have it, I encourage them to take advantage of it.\u201d His first album is launched on in May and click <a href=\"https:\/\/bfan.link\/taqqik?fbclid=IwQ0xDSwKtbbVleHRuA2FlbQIxMQBicmlkETE4NGhQbGJMUjJKZXNPMVFTAR7QZrASViOqs5CJ-QxCOhNyv2QJezuV91k0qfjZU23AIZjnnUGbQlfVpLOe-Q_aem_HmnHaTFblR8eH5-n9I9CVQ\" target=\"_blank\" rel=\"noreferrer noopener\">that link<\/a> and listen to it. <\/p>\n\n\n\n<div class=\"wp-block-columns is-layout-flex wp-container-3\">\n<div class=\"wp-block-column is-layout-flow\" style=\"flex-basis:50%\">\n<figure class=\"wp-block-image size-large\"><a href=\"https:\/\/tarqitamaat.ca\/wp-content\/uploads\/2025\/06\/Unknown.jpg\" data-rel=\"lightbox-image-0\" data-rl_title=\"\" data-rl_caption=\"\" title=\"\"><img decoding=\"async\" loading=\"lazy\" width=\"1024\" height=\"1024\" src=\"https:\/\/tarqitamaat.ca\/wp-content\/uploads\/2025\/06\/Unknown-1024x1024.jpg\" alt=\"\" class=\"wp-image-10760\" srcset=\"https:\/\/tarqitamaat.ca\/wp-content\/uploads\/2025\/06\/Unknown-1024x1024.jpg 1024w, https:\/\/tarqitamaat.ca\/wp-content\/uploads\/2025\/06\/Unknown-300x300.jpg 300w, https:\/\/tarqitamaat.ca\/wp-content\/uploads\/2025\/06\/Unknown-150x150.jpg 150w, https:\/\/tarqitamaat.ca\/wp-content\/uploads\/2025\/06\/Unknown-768x768.jpg 768w, https:\/\/tarqitamaat.ca\/wp-content\/uploads\/2025\/06\/Unknown-1536x1536.jpg 1536w, https:\/\/tarqitamaat.ca\/wp-content\/uploads\/2025\/06\/Unknown-1200x1200.jpg 1200w, https:\/\/tarqitamaat.ca\/wp-content\/uploads\/2025\/06\/Unknown-700x700.jpg 700w, https:\/\/tarqitamaat.ca\/wp-content\/uploads\/2025\/06\/Unknown-2000x2000.jpg 2000w, https:\/\/tarqitamaat.ca\/wp-content\/uploads\/2025\/06\/Unknown-100x100.jpg 100w, https:\/\/tarqitamaat.ca\/wp-content\/uploads\/2025\/06\/Unknown-400x400.jpg 400w, https:\/\/tarqitamaat.ca\/wp-content\/uploads\/2025\/06\/Unknown-50x50.jpg 50w, https:\/\/tarqitamaat.ca\/wp-content\/uploads\/2025\/06\/Unknown.jpg 2048w\" sizes=\"(max-width: 1024px) 100vw, 1024px\" \/><\/a><\/figure>\n<\/div>\n\n\n\n<div class=\"wp-block-column is-layout-flow\" style=\"flex-basis:50%\">\n<p class=\"has-text-align-left has-background\" style=\"background-color:#e5f5f5\">\u1583\u1405\u1528\u148b\u140a\u1466\u14ef\u140a\u1548\u14aa\u148d\u1555\u1466 \u14f4\u14c7\u1595\u1591\u140a\u144e\u1405\u1449 \u14a5\u1466\u14f5\u14c4\u1466 \/ D\u00e9couvrir plus sur l&#8217;artiste \/ Know more about the artist:<br><a rel=\"noreferrer noopener\" href=\"https:\/\/bfan.link\/taqqik?fbclid=IwQ0xDSwKtbbVleHRuA2FlbQIxMQBicmlkETE4NGhQbGJMUjJKZXNPMVFTAR7QZrASViOqs5CJ-QxCOhNyv2QJezuV91k0qfjZU23AIZjnnUGbQlfVpLOe-Q_aem_HmnHaTFblR8eH5-n9I9CVQ\" target=\"_blank\">Taqqik<\/a><\/p>\n<\/div>\n<\/div>\n\n\n\n<p>\u140a\u14ea\u14da\u1450\u1585 | Texte de | Text by: Jessie Fortier-Ningiuruvik<\/p>\n\n\n\n<\/p>\n<figure class=\"wp-block-embed is-type-video is-provider-youtube wp-block-embed-youtube wp-embed-aspect-16-9 wp-has-aspect-ratio\">\n<div class=\"wp-block-embed__wrapper\">\n<div class=\"jetpack-video-wrapper\"><span class=\"embed-youtube\" style=\"text-align:center; display: block;\"><iframe loading=\"lazy\" class=\"youtube-player\" width=\"700\" height=\"394\" src=\"https:\/\/www.youtube.com\/embed\/D_CpKLxsv3U?version=3&#038;rel=1&#038;showsearch=0&#038;showinfo=1&#038;iv_load_policy=1&#038;fs=1&#038;hl=en-US&#038;autohide=2&#038;wmode=transparent\" allowfullscreen=\"true\" style=\"border:0;\" sandbox=\"allow-scripts allow-same-origin allow-popups allow-presentation\"><\/iframe><\/span><\/div>\n<\/div>\n<\/figure>\n<p>\n\n\n<p><\/p>","protected":false},"excerpt":{"rendered":"<p>\u14f5\u14d5 \u1455\u1585\u157f\u1483|Charlie Taqqik \u14f5\u14d5 \u1455\u1550\u157f\u1585, \u1431\u1595\u1591\u140a\u144f\u1466 \u1403\u1595\u158f\u144e\u1593 \u140a\u14bb\u14aa\u14d7 \u146f\u146d\u1455\u1438\u1466\u144e\u1405\u14f1\u14c2 \u14f4\u14ea\u14d7\u14c2. \u140a\u14d5\u140a\u158f\u14d0\u14c7\u14ef\u14aa\u152a\u1585 \u1450\u14f4\u1550\u14c2\u152e\u1550\u144e\u14ef\u14c2\u1550\u14a5\u1483. \u1403\u14da\u158f\u1466 \u14c2\u1431\u14d5\u1405\u1550\u14ef\u14aa\u152a\u14c2\u1483 \u14c2\u1466\u152e\u144e\u1466\u14ef\u158f\u14d0\u14c7\u1583\u1466\u1455\u14ef\u14aa\u152a\u1466, \u1406\u1466\u1451\u144e\u148b\u1466\u14f1\u148b\u1466 \u1557\u1403\u14d5\u140a\u14bb \u1455\u148d\u14d0\u14c8, \u14f5\u14d5 \u1438\u14c4\u148d\u14c2\u140a\u1585, \u14f4\u1483\u14da\u1483 \u1431\u1595\u1591\u140a\u144f\u1466, \u140a\u14bb\u14aa\u14d7 \u146d\u1591\u14c2\u1593\u148d\u1466 \u14c8\u14da\u1583\u1466\u1455\u14d5\u1550\u1450\u1555\u14c2\u1585 \u1403\u14da\u14d0\u14c8\u14a5\u14c2\u1483 Beatles, \u1403\u14da\u158f\u14d0\u14c2\u1483 \u1450\u14f4\u1550\u14c2\u1450\u14c2\u1483 Abba, Metallica, \u140a\u14ef\u158f\u14d0\u14c2\u14d7. \u14ef\u1557\u14ea\u14d5\u1439\u14a5 \u1403\u14da\u148c\u1466\u144e\u1450\u14c2\u1483 \u140a\u14a5\u14f1\u1403\u14c2\u1483 \u1403\u1595\u158f\u1591\u140a\u1550\u1455\u1555\u14c2\u1550\u14a5\u14c2\u1483 \u1431\u148b\u140a\u1550\u144e\u14ef\u14c2\u1405\u152d\u14d5\u1550\u1450\u1585 \u1403\u14c5\u14ef\u1550\u14a5\u14c4\u140a\u1593\u152a\u14c2\u1483 \u140a\u144e\u14d5\u14d0\u14c2\u1483 \u1455\u1550\u157f\u1585. \u1403\u1595\u158f\u1450 \u146f\u146d\u1455\u1438\u148b\u1405\u1550\u1450\u1555\u14c2\u1585 \u1431\u1595\u1591\u140a\u144e\u1405\u1466\u14f1\u14c2 \u14f4\u1483\u14da\u1483 \u1431\u1595\u1591\u140a\u144e\u14c2, \u1431\u148d\u1466\u1528\u14f1\u148b\u1483 \u140b\u1455\u14a5 \u1438\u1431\u1472\u1466\u1450\u1585 \u140a\u14bb\u14aa\u14d7 \u1455\u152d\u154b \u1438\u1431\u1472\u1466\u1450\u1585, \u201c\u1405\u1559\u14d0\u14c2\u1483 \u1431\u1550\u154b\u1455\u154b\u14f1\u140a\u1550\u144e\u14ef\u14ef\u14aa\u1595\u158f\u1451\u1483, \u146d\u1595\u1592\u14aa\u1466\u14ef\u1450\u1403\u14d0\u14c7\u14f1\u144e\u1483 \u146d\u14c7\u1450\u1403\u14d0\u14c7\u14a5\u1483 &hellip; <a href=\"https:\/\/tarqitamaat.ca\/?page_id=9260\" class=\"more-link\">Continue reading <span class=\"screen-reader-text\">\u144e\u1546\u14ea\u14d7\u14d5\u1405\u1466 | Avril | April<\/span> <span class=\"meta-nav\">&rarr;<\/span><\/a><\/p>\n","protected":false},"author":2,"featured_media":114725,"parent":0,"menu_order":0,"comment_status":"closed","ping_status":"closed","template":"","meta":{"jetpack_post_was_ever_published":false},"jetpack_sharing_enabled":true,"jetpack_shortlink":"https:\/\/wp.me\/PaFG9T-2pm","_links":{"self":[{"href":"https:\/\/tarqitamaat.ca\/index.php?rest_route=\/wp\/v2\/pages\/9260"}],"collection":[{"href":"https:\/\/tarqitamaat.ca\/index.php?rest_route=\/wp\/v2\/pages"}],"about":[{"href":"https:\/\/tarqitamaat.ca\/index.php?rest_route=\/wp\/v2\/types\/page"}],"author":[{"embeddable":true,"href":"https:\/\/tarqitamaat.ca\/index.php?rest_route=\/wp\/v2\/users\/2"}],"replies":[{"embeddable":true,"href":"https:\/\/tarqitamaat.ca\/index.php?rest_route=%2Fwp%2Fv2%2Fcomments&post=9260"}],"version-history":[{"count":1,"href":"https:\/\/tarqitamaat.ca\/index.php?rest_route=\/wp\/v2\/pages\/9260\/revisions"}],"predecessor-version":[{"id":114728,"href":"https:\/\/tarqitamaat.ca\/index.php?rest_route=\/wp\/v2\/pages\/9260\/revisions\/114728"}],"wp:featuredmedia":[{"embeddable":true,"href":"https:\/\/tarqitamaat.ca\/index.php?rest_route=\/wp\/v2\/media\/114725"}],"wp:attachment":[{"href":"https:\/\/tarqitamaat.ca\/index.php?rest_route=%2Fwp%2Fv2%2Fmedia&parent=9260"}],"curies":[{"name":"wp","href":"https:\/\/api.w.org\/{rel}","templated":true}]}}