{"id":8962,"date":"2025-05-14T18:41:49","date_gmt":"2025-05-14T18:41:49","guid":{"rendered":"https:\/\/tarqitamaat.ca\/?page_id=8962"},"modified":"2026-04-13T18:10:37","modified_gmt":"2026-04-13T18:10:37","slug":"%e1%90%8a%e1%95%97%e1%93%90%e1%93%82%e1%91%8e%e1%92%83-fevrier-february-6","status":"publish","type":"page","link":"https:\/\/tarqitamaat.ca\/?page_id=8962","title":{"rendered":"\u140a\u1557\u14d0\u14c2\u144e\u1483 | F\u00e9vrier | February"},"content":{"rendered":"\n<h2 class=\"wp-block-heading\"> \u14d8\u14ef \u152a\u140a\u14c7\u14ef | Lucy Johannes<\/h2>\n\n\n\n<p class=\"has-very-light-gray-background-color has-background\"> \n\u1470\u1466\u152a\u140a\u14a5\u1405\u1585 \u14c2\u1466\u152d\u1405\u144e\u1550\u144e, \u14d8\u14ef \u152a\u140a\u14c7\u14ef \u140a\u1550\u154c\u148d\u14c2 24-\u14c2 \u1403\u14c4\u14d0\u14c2\u1483 \u1456\u14c2\u14ef\u1550\u144e\u14ef\u1528\u1405\u14ef\u14aa\u14d5\u1550\u1450\u1585  \u1405\u14ea\u14d7\u14a5\u14a7\u1466 \u1431\u148b\u140a\u1550\u1555\u14d5\u148d\u144e\u1583\u1550\u14ef\u14aa\u152a\u1585 \u140a\u1593\u152a\u1550\u1584\u1593\u1455 \u140a\u1593\u152a\u1550\u1584\u1593 \u1450\u14f4\u1550\u14c2\u152e\u1550\u144e\u14ef\u1528\u1405\u14ef\u14aa\u1466\u14f1\u144e\u1483 \u1403\u14da\u148c\u1466 \u1456\u1559\u1595\u1593\u14c2\u1466. \u140a\u1456\u1455\u148b\u14da\u1405\u1550\u1455\u14a5\u14c2\u1483 \u142f\u1595\u1591\u14f1\u14c2, \u1456\u14a5 \u152a\u140a\u14c7\u14ef\u14a5\u1483, \u140a\u1456\u1455\u14a5\u1455 \u14c2\u1466\u152d\u1405\u144e\u1593\u14c2\u1483 \u14ef\u1557\u14ea\u14d5\u1439\u14a5 \u14c2\u1466\u152d\u1405\u144e\u14ef\u152a\u1555\u14c2\u1585 16-\u14c2\u1483 \u1405\u146d\u1405\u1583\u1550\u14f1\u14c2. \u201c\u1450\u14f4\u1550\u14c2\u152e\u1550\u144e\u14ef\u1405\u144e\u148b\u14ef\u14aa\u152d\u158f\u1466 \u1406\u14bb\u14aa\u144e\u14bb\u14a5\u1405\u1455\u1546\u1559\u14d5\u154b\u1483\u146d\u1466, \u140a\u14c2\u144e\u148b\u140a\u1550\u14ef\u14aa\u152d\u1483\u1472.\u201d<br> \n\u14d8\u14ef \u140a\u1550\u1431\u1585 \u152e\u14bb \u1583\u1550\u144e\u14d7\u148d \u14ef\u1557\u14ea\u14d5\u1439\u14a5 \u1455\u146f\u14d0\u14c7\u1405\u152e\u1550\u144e\u14ef\u152a\u1555\u14c2\u1585. \u14c4\u14ea\u14da\u1593\u1466\u14ef\u140a\u158f\u1483\u1472\u14d7\u140a\u1550\u14f1\u14c2 \u146d\u14ef\u140a\u14c2 \u140a\u14d5\u140a\u1595\u1591\u140a\u14da\u1546\u1466\u1450\u1555\u14c2\u1585. \u1403\u14da\u14a5\u14c2\u1483 \u1403\u14da\u14d0\u14c8\u14a5\u14c2 \u1455\u1455\u14a5\u1466\u14ef\u152a\u1555\u14c2\u1585 \u140a\u152a\u1489\u148b\u152d\u1405\u1466\u14f1\u14c2; \u1583\u1405\u1528\u14aa\u152d\u1405\u14ef\u14aa\u1595\u158f\u1450\u1585 \u14c2\u1466\u152d\u1405\u144e\u1548\u14d0\u14c7\u1546\u140a\u1593. \u1403\u14ea\u14d7\u140a\u1548\u14ef\u14a5\u14c2 \u1403\u14c4\u1451\u1466\u14f1\u14c2, \u140a\u1456\u1455\u14a5\u1455 \u1431\u1595\u1591\u140a\u1548\u14ef\u158f\u14d0\u14c2\u1483 \u14c8\u14da\u1466\u14f1\u14c2 \u1431\u148b\u1405\u1550\u14f4\u1583\u1466\u1455\u1450\u1555\u14c2\u1585. <br>\n18-\u14c2\u1483 \u1405\u146d\u1405\u1583\u1550\u14f1\u14c2, \u14ef\u1557\u14ea\u14d5\u1439\u14a5 \u1431\u1595\u1591\u140a\u144e\u1456\u1550\u1450\u1555\u14c2\u1585, \u1582\u1466\u152a\u140a\u1449 \u1431\u1595\u1591\u140a\u144e\u158f\u1466, \u144c\u1483\u146f\u14ed\u14d0\u14c7\u14c2\u1483 \u140a\u1456\u1455\u14a5\u1455 \u1431\u1595\u1591\u140a\u144e\u1405\u1583\u144e\u148b\u14ef\u14aa\u152d\u158f\u14d0\u14c2\u1483. \u201c\u144c\u1466\u14f1\u14aa\u14c2 \u1581\u1555\u140a\u14f1\u155d\u1555\u1405\u144e\u14d7\u148d, \u1403\u14da\u14d0\u14c8\u146f\u14d0\u14c3\u14f1\u1593. \u140a\u144e\u154b \u1405\u1583\u1550\u1455\u1405\u14aa\u1466 \u1455\u146f\u14d0\u14c7\u1405\u152e\u1550\u144e\u14ef\u1555\u14bb\u14a7\u1466.\u201d \u1583\u1405\u1528\u14aa\u1490\u14c2 \u14c7\u14ea\u14d5\u140a\u14c2\u1483 \u1431\u1591\u140a\u14da\u1593\u14bb\u14aa\u1594\u14bb\u14a5, \u1431\u1595\u1591\u140a\u144f\u1466 \u1455\u1455\u14a5\u1466\u1450\u1555\u14c3\u1466 \u1455\u146f\u14d0\u14c7\u1405\u152e\u1550\u144e\u14ef\u14d5\u1550\u14aa\u1466, \u14c7\u1405\u14d5\u14ab\u14c2\u1483 \u157f\u140a\u144e\u1466\u14ef\u14da\u1405\u1550\u14ef\u14aa\u152a\u1585 \u1431\u1595\u1591\u140a\u14ef\u1490\u14a5 \u1456\u14a5\u1405\u1449 \u1431\u1595\u1591\u140a\u1548\u14ef\u1555\u14c2\u158f\u14d0\u14c2\u1483.<br>\n\u1455\u1490, \u1403\u14c4\u1403\u1466 \u14c7\u14c2\u14a5\u1405\u14d5\u14ab\u1466 \u14ef\u14da\u1550\u152a\u140a\u14a5 \u1406\u1466\u1451\u144e\u148b\u1466\u14f1\u148b\u1466 \u14ef\u140b\u1455\u14ea, \u140a\u146f\u146d\u1466\u1450\u1585, \u140a\u14db\u1505\u1472, \u166f\u1581\u1528\u1559\u14d5\u1550\u1450\u1466 \u1431\u1595\u1591\u140a\u1555\u1405\u148b\u140a\u1550\u1450\u1548\u14aa\u1466\u14f1\u144e\u1483 \u140a\u14c7\u1550\u154b\u14a5\u1455 \u1405\u1593\u14ef\u1466\u1455\u1593\u14c5\u14d7\u140a\u1548\u14aa\u1595\u158f\u1472\u14d7\u140a\u1550\u144e\u14d7\u148d, \u1406\u1466\u1451\u144e\u148b\u14d7\u148b\u1466 \u1472\u158f\u1550\u14f1\u1483, \u1581\u140a\u1585\u1455\u1585, \u1472\u158f\u1550\u14f1\u140a\u14d7\u1466\u152a\u140a\u1585, \u1433\u1555\u1550\u14c2\u1450\u1585, \u1470\u1466\u152a\u140a\u154c\u1431\u1483 \u140a\u14bb\u14aa\u14d7 \u14c4\u14c7\u1557\u1466. \u1403\u14d5\u14d0\u14c2\u140a\u144e\u1466\u14ef\u1581\u152d\u1405\u14f2\u148d\u14bb\u14a5\u152a\u1585, \u146d\u14ef\u140a\u14c2 \u1403\u14d7\u1403\u1483\u1472\u144e\u148d\u1466 \u14c2\u1550\u14ef\u1405\u144e\u1405\u1490\u14a5 \u1403\u14f1\u140a\u1550\u14ef\u1555\u1483 \u14aa\u14a5\u14f4\u1550\u1555\u14a5, \u140a\u1550\u14d5\u140a\u14d7\u140a\u14f2\u1585. <br>\n\u14c4\u14c7\u14d5\u14d0\u14c2 \u1431\u1595\u1591\u140a\u14d5\u1550\u14aa\u1466, \u1403\u14c4\u1403\u1466 \u144c\u14aa\u1595\u1593\u1466 \u1456\u14c2\u14ef\u14ef\u152a\u1466, \u1401\u14ef\u14aa\u1555\u148b\u148b\u140a\u158f \u201c\u140a\u14d5\u140a\u14c7\u1550\u14f1\u144e\u1483, \u1403\u1449\u1431\u14c2\u140a\u1550\u14c7\u14f1\u144e\u1483, \u1583\u14c4\u14d5\u14ab\u14f2\u1466\u201d \u14da\u14da\u1405\u1550\u1450\u1585 \u1405\u1583\u1405\u14ef\u1550\u14a5\u14c2\u1483 \u1405\u1583\u1550\u14f1\u14c2. \u140a\u14d5\u140a\u148b\u152d\u14d5\u14bb\u14aa\u1546\u1483 \u1431\u1595\u1591\u140a\u1546\u140a\u14a5\u1483 \u140a\u1550\u1431\u1585 \u152e\u14bb \u1583\u1550\u144e\u14d7\u148d \u140a\u14bb\u14aa\u14d7 \u1581\u1555\u140a\u14f1\u155d\u1555\u14a5 \u1581\u1555\u140a\u14f1\u1466\u1450\u14c3\u1466\u14f1\u14c2, \u1455\u146f\u14d0\u14c7\u1405\u152e\u1550\u1455\u1405\u1555\u14bb\u14a6\u14f1\u14c2 \u140a\u14bb\u14aa\u14d7 \u1403\u14c4\u14d0\u14c2\u1483 \u140a\u14d5\u140a\u1595\u1591\u140a\u144e\u1466\u14ef\u14f1\u14c2. \u1403\u1550\u1583\u1405\u14aa\u152a\u1585 \u146d\u1591\u14ea\u14d5\u1439\u14a5 \u1431\u1595\u1591\u140a\u1583\u144e\u1583\u1550\u14f1\u14c2 \u140a\u1456\u1455\u14a5\u14c2\u1483, \u140a\u14d0\u14c4\u154c\u1550\u14ef\u14aa\u14da\u1405\u1550\u14ef\u14aa\u152a\u1585 \u1403\u14c4\u1403\u1466 \u140a\u14d0\u14c4\u154c\u1466\u14f4\u152d\u158f\u14d0\u14c2\u1483 \u140a\u14bb\u14aa\u14d7 \u1431\u1550\u1543\u14ef\u14aa\u1466\u14f1\u14c2, \u1456\u14c2\u14ef\u14da\u1405\u1550\u14ef\u14aa\u152a\u1585 \u140a\u1456\u1455\u1593 \u14c2\u1466\u152d\u1405\u144e\u1550\u144e\u14d7\u148d. \u140a\u1456\u1455\u14a5\u14c4\u1466 \u1438\u14c2\u140a\u1431\u1405\u1466\u14f1\u14c2 \u14aa\u14d5\u1472\u1466\u1455\u144e\u1455\u1405\u1559\u1466\u1450\u1555\u14c2\u1585 \u14c7\u14a7\u14d5\u14ab\u1585, \u1455\u146f\u14d0\u14c7\u1405\u152e\u1550\u1555\u1490\u14f4\u14bb\u14a7\u1466. \u1438\u14c2\u14bb\u14a5\u14c4\u1466 \u1450\u154c\u1550\u1450\u14a5\u1483 \u1450\u14f4\u1550\u14c2\u152e\u1548\u144e\u14d5\u1405\u1550\u14ef\u14aa\u14bb\u14a5\u152a\u1585, \u1455\u146f\u1466\u14f4\u1405\u144e\u1466\u14ef\u1405\u144e\u1555\u14c2\u1593 \u1438\u14c2\u140a\u1431\u14bb\u14a5\u14c4\u1466 \u14c7\u14ea\u14d5\u14c2\u1550\u14a5\u14c2\u1483. \u1455\u1490 \u1403\u14d5\u14d0\u14c2\u140a\u144e\u1466\u14ef\u1559\u14d5\u1550\u1450\u1585 \u14c2\u1466\u152d\u1405\u144e\u1546\u1405\u1550\u14f4\u144e\u1466\u14ef\u14f1\u14c2 \u14c4\u1472\u1550\u14ef\u1439\u1581\u144e\u14a5\u14c2\u1483 \u1403\u1550\u14c2\u14a5\u14c2\u1483, \u1405\u1548\u14d7\u1450\u14c2\u1550\u14f4\u1405\u1490\u14d7\u140a\u1550\u14f1\u14c2 \u1403\u14d5\u14f4\u154b\u14f1\u140a\u1546\u140a\u14a5\u1483 \u146d\u14ef\u140a\u14c2 \u1431\u1595\u1591\u140a\u1546\u140a\u14a5\u1483 \u140a\u14d5\u140a\u14bb\u14a5\u14f1\u14c2.<br> \n\u14d8\u14ef \u140a\u1466\u1528\u14d5\u1405\u1550\u1455\u1405\u1583\u14bb\u14a5\u1585 \u1455\u146f\u14d0\u14c7\u154b\u1466\u14f4\u14d5\u140a\u1546\u152d\u1405\u1466\u14f1\u14c2 \u1405\u146f\u14c4\u1593 \u1405\u14c7\u1455\u1490, TNI-\u146f\u14c4\u1466, \u1403\u14d5\u1483\u1470\u144e\u1550\u1450\u14c2\u1483 13-\u148d\u1466\u14f1\u144e\u1483 \u1455\u146f\u1466\u14f4\u1405\u14db\u1550\u1450\u1466 APTN-\u146f\u1466 2025-\u14a5, \u1455\u146f\u1466\u14f4\u1405\u144e\u1466\u14ef\u1583\u1466\u1455\u14d7\u144e\u1483 \u14aa\u1550\u1549\u14c8\u1550\u144e\u1450\u14c2\u1483 \u1403\u14c5\u14d0\u14c2\u1483 \u1431\u1595\u1591\u140a\u144e\u14c2 \u14c4\u1403\u1455\u1528\u140a\u1583\u1546\u140a\u1583\u14ab\u1466. \n<\/p>\n\n\n\n<p class=\"has-very-light-gray-background-color has-background\">Accord\u00e9oniste originaire de Kuujjuaq, Lucy Johannes fait danser les gens depuis 24 ans maintenant, \u00e9tant la troisi\u00e8me g\u00e9n\u00e9ration de musiciens de sa famille. \u00c0 l\u2019\u00e2ge de 16 ans, alors qu\u2019elle \u00e9tait en deuil de son p\u00e8re, Tommy Johannes, Lucie a jou\u00e9 pour la premi\u00e8re fois avec l\u2019accord\u00e9on de celui-ci. \u00ab J\u2019ai gard\u00e9 toute sa musique dans mon c\u0153ur, il fallait que je la laisse aller. \u00bb<br> Lucy a fait son premier spectacle au festival Arpik Jam. Elle \u00e9tait nerveuse mais a \u00e9prouv\u00e9 beaucoup de plaisir. Elle a surpris sa famille et ses amis; ils ne savaient pas qu\u2019elle jouait de cet instrument. Seule dans sa chambre, elle pratiquait en \u00e9coutant les chansons de son p\u00e8re.<br>\u00c0 18 ans, l\u2019accord\u00e9oniste prend part \u00e0 son premier groupe, Kuujjuaq band, qui \u00e9tait aussi le groupe de son p\u00e8re. \u00ab \u00c7a s\u2019est pass\u00e9 tout seul \u00e0 une des f\u00eates de No\u00ebl, j\u2019\u00e9tais avec mes amies, mon nom a \u00e9t\u00e9 appel\u00e9 pour aller sur la sc\u00e8ne. \u00bb Sans savoir qu\u2019elle jouait, le groupe \u00e9tait surpris la regardant aller, tout le monde a pleur\u00e9 quand elle a commenc\u00e9 \u00e0 jouer la musique de Tommy. <br> Maintenant, des personnes provenant de partout dans le monde comme Seattle, le Groenland ou l\u2019Alaska, l\u2019invitent \u00e0 aller jouer pour eux. Par contre, elle pr\u00e9f\u00e8re rester pr\u00e8s de chez elle, comme \u00e0 Kangirsuk, Quaqtaq, Kangiqsualujjuaq, Puvirnituq, Kuujjuaraapik et au Nunavut. On lui a demand\u00e9 d\u2019enseigner aussi, mais elle est chef \u00e0 temps plein au centre de r\u00e9tablissement Isuarsivik, elle est tr\u00e8s occup\u00e9e.<br> Quand elle joue pour la communaut\u00e9, il y a toujours des gens qui giguent, \u00ab l\u2019atmosph\u00e8re est joyeuse, \u00e9motionnelle, c\u2019est tout \u00e0 la fois! \u00bb dit-elle. Elle aime jouer au festival Arpik Jam et aux f\u00eates de No\u00ebl, \u00eatre sur sc\u00e8ne et rendre les gens heureux. Elle se rappelle la derni\u00e8re performance qu\u2019elle a fait avec son p\u00e8re, elle \u00e9tait habill\u00e9e dans des v\u00eatements traditionnels avec des tresses, elle avait dans\u00e9 pour lui. Son p\u00e8re amenait sa petite fille partout, sur sc\u00e8ne aussi. Il avait m\u00eame une chanson d\u00e9di\u00e9e \u00e0 elle, c\u2019\u00e9tait une fa\u00e7on de montrer son amour pour elle. Maintenant elle enseigne l\u2019accord\u00e9on \u00e0 son plus jeune fils, il a moins de patience \u00e0 apprendre, mais adore y jouer. <br> Lucy a tout r\u00e9cemment fait un tournage pour <em>Una Taga<\/em>, de TNI, une s\u00e9rie de 13 \u00e9pisodes qui va sortir en APTN 2025, mettant en valeur deux artistes inuuk par \u00e9pisode.  <\/p>\n\n\n\n<p class=\"has-very-light-gray-background-color has-background\"> Kuujjuaq accordion player, Lucy Johannes made people dance for 24 years now, as the third generation of musicians in her family. Grieving for her late father, Tommy Johannes, she played her father\u2019s accordion for the first time at 16 years old. \u201cI kept all the music in my heart, I had to let them go.\u201d <br> Lucy did her first show at Arpik Jam. She was very nervous but had a lot of fun. She surprised her family and friends; they didn\u2019t know she played the instrument. Alone in her room, she practiced by listening to her father\u2019s music.<br>At 18 years old, she had her first band, Kuujjuaq band, which was also her father\u2019s band. \u201cIt just happened at a Christmas party, I was with my friends. My name was called to go on stage.\u201d Without knowing she played, the band was surprised as they watched her, she made everybody cry when she started Tommy\u2019s songs.  Now, people from all around the world such as Seattle, Greenland and Alaska, are asking her to play for them although she prefers to stay close to home, like Kangirsuk, Quaqtaq, Kangiqsualujjuaq, Puvirnituq, Kuujjuaraapik and in Nunavut. She\u2019s been asked to teach as well, but as a full-time chef at Isuarsivik recovery center, she is very busy.<br> When she plays for the community, there\u2019s always people foot dancing around, the atmosphere is \u201cjoyful, emotional, it\u2019s everything\u201d in her own words. She loves playing at Arpik Jam and Christmas parties, being on stage and make people happy. She remembers the last performance with her father, she was dressed in traditional clothing and braids, she danced for him. Her father brought the young girl everywhere, onstage as well. He even had a song for daughter, it was a way to show his love for her. Now she teaches accordion to her youngest son, he has less patience to learn but loves playing it. <br> Lucy just recently did a shooting for the broadcast <em>Una Taga<\/em>, of TNI, a series of 13 episodes that will come out in APTN 2025, highlighting two inuuk artists by episodes.  <\/p>\n\n\n\n<p>\u140a\u14ea\u14da\u1450\u1585 | Texte de | Text by: Jessie Fortier Ningiuruvik<\/p>\n\n\n\n<figure class=\"wp-block-embed is-type-video is-provider-youtube wp-block-embed-youtube wp-embed-aspect-16-9 wp-has-aspect-ratio\"><div class=\"wp-block-embed__wrapper\">\n<div class=\"jetpack-video-wrapper\"><span class=\"embed-youtube\" style=\"text-align:center; display: block;\"><iframe loading=\"lazy\" class=\"youtube-player\" width=\"700\" height=\"394\" src=\"https:\/\/www.youtube.com\/embed\/ewgB4HUN9Us?version=3&#038;rel=1&#038;showsearch=0&#038;showinfo=1&#038;iv_load_policy=1&#038;fs=1&#038;hl=en-US&#038;autohide=2&#038;wmode=transparent\" allowfullscreen=\"true\" style=\"border:0;\" sandbox=\"allow-scripts allow-same-origin allow-popups allow-presentation\"><\/iframe><\/span><\/div>\n<\/div><figcaption class=\"wp-element-caption\">\u140a\u1466\u1528\u14d5\u140a\u1555\u14c2\u1550\u14a5\u14c2\u1483 \u140a\u1450\u1550\u1455\u1405\u144e\u1466\u14ef\u14ef\u14aa\u152a\u1466 \/ Cr\u00e9dit video \/ Video Credit: Tuniit 2024<\/figcaption><\/figure>\n","protected":false},"excerpt":{"rendered":"<p>\u14d8\u14ef \u152a\u140a\u14c7\u14ef | Lucy Johannes \u1470\u1466\u152a\u140a\u14a5\u1405\u1585 \u14c2\u1466\u152d\u1405\u144e\u1550\u144e, \u14d8\u14ef \u152a\u140a\u14c7\u14ef \u140a\u1550\u154c\u148d\u14c2 24-\u14c2 \u1403\u14c4\u14d0\u14c2\u1483 \u1456\u14c2\u14ef\u1550\u144e\u14ef\u1528\u1405\u14ef\u14aa\u14d5\u1550\u1450\u1585 \u1405\u14ea\u14d7\u14a5\u14a7\u1466 \u1431\u148b\u140a\u1550\u1555\u14d5\u148d\u144e\u1583\u1550\u14ef\u14aa\u152a\u1585 \u140a\u1593\u152a\u1550\u1584\u1593\u1455 \u140a\u1593\u152a\u1550\u1584\u1593 \u1450\u14f4\u1550\u14c2\u152e\u1550\u144e\u14ef\u1528\u1405\u14ef\u14aa\u1466\u14f1\u144e\u1483 \u1403\u14da\u148c\u1466 \u1456\u1559\u1595\u1593\u14c2\u1466. \u140a\u1456\u1455\u148b\u14da\u1405\u1550\u1455\u14a5\u14c2\u1483 \u142f\u1595\u1591\u14f1\u14c2, \u1456\u14a5 \u152a\u140a\u14c7\u14ef\u14a5\u1483, \u140a\u1456\u1455\u14a5\u1455 \u14c2\u1466\u152d\u1405\u144e\u1593\u14c2\u1483 \u14ef\u1557\u14ea\u14d5\u1439\u14a5 \u14c2\u1466\u152d\u1405\u144e\u14ef\u152a\u1555\u14c2\u1585 16-\u14c2\u1483 \u1405\u146d\u1405\u1583\u1550\u14f1\u14c2. \u201c\u1450\u14f4\u1550\u14c2\u152e\u1550\u144e\u14ef\u1405\u144e\u148b\u14ef\u14aa\u152d\u158f\u1466 \u1406\u14bb\u14aa\u144e\u14bb\u14a5\u1405\u1455\u1546\u1559\u14d5\u154b\u1483\u146d\u1466, \u140a\u14c2\u144e\u148b\u140a\u1550\u14ef\u14aa\u152d\u1483\u1472.\u201d \u14d8\u14ef \u140a\u1550\u1431\u1585 \u152e\u14bb \u1583\u1550\u144e\u14d7\u148d \u14ef\u1557\u14ea\u14d5\u1439\u14a5 \u1455\u146f\u14d0\u14c7\u1405\u152e\u1550\u144e\u14ef\u152a\u1555\u14c2\u1585. \u14c4\u14ea\u14da\u1593\u1466\u14ef\u140a\u158f\u1483\u1472\u14d7\u140a\u1550\u14f1\u14c2 \u146d\u14ef\u140a\u14c2 \u140a\u14d5\u140a\u1595\u1591\u140a\u14da\u1546\u1466\u1450\u1555\u14c2\u1585. \u1403\u14da\u14a5\u14c2\u1483 \u1403\u14da\u14d0\u14c8\u14a5\u14c2 \u1455\u1455\u14a5\u1466\u14ef\u152a\u1555\u14c2\u1585 \u140a\u152a\u1489\u148b\u152d\u1405\u1466\u14f1\u14c2; \u1583\u1405\u1528\u14aa\u152d\u1405\u14ef\u14aa\u1595\u158f\u1450\u1585 \u14c2\u1466\u152d\u1405\u144e\u1548\u14d0\u14c7\u1546\u140a\u1593. \u1403\u14ea\u14d7\u140a\u1548\u14ef\u14a5\u14c2 \u1403\u14c4\u1451\u1466\u14f1\u14c2, \u140a\u1456\u1455\u14a5\u1455 \u1431\u1595\u1591\u140a\u1548\u14ef\u158f\u14d0\u14c2\u1483 \u14c8\u14da\u1466\u14f1\u14c2 \u1431\u148b\u1405\u1550\u14f4\u1583\u1466\u1455\u1450\u1555\u14c2\u1585. 18-\u14c2\u1483 &hellip; <a href=\"https:\/\/tarqitamaat.ca\/?page_id=8962\" class=\"more-link\">Continue reading <span class=\"screen-reader-text\">\u140a\u1557\u14d0\u14c2\u144e\u1483 | F\u00e9vrier | February<\/span> <span class=\"meta-nav\">&rarr;<\/span><\/a><\/p>\n","protected":false},"author":2,"featured_media":114714,"parent":0,"menu_order":0,"comment_status":"closed","ping_status":"closed","template":"","meta":{"jetpack_post_was_ever_published":false},"jetpack_sharing_enabled":true,"jetpack_shortlink":"https:\/\/wp.me\/PaFG9T-2ky","_links":{"self":[{"href":"https:\/\/tarqitamaat.ca\/index.php?rest_route=\/wp\/v2\/pages\/8962"}],"collection":[{"href":"https:\/\/tarqitamaat.ca\/index.php?rest_route=\/wp\/v2\/pages"}],"about":[{"href":"https:\/\/tarqitamaat.ca\/index.php?rest_route=\/wp\/v2\/types\/page"}],"author":[{"embeddable":true,"href":"https:\/\/tarqitamaat.ca\/index.php?rest_route=\/wp\/v2\/users\/2"}],"replies":[{"embeddable":true,"href":"https:\/\/tarqitamaat.ca\/index.php?rest_route=%2Fwp%2Fv2%2Fcomments&post=8962"}],"version-history":[{"count":1,"href":"https:\/\/tarqitamaat.ca\/index.php?rest_route=\/wp\/v2\/pages\/8962\/revisions"}],"predecessor-version":[{"id":114715,"href":"https:\/\/tarqitamaat.ca\/index.php?rest_route=\/wp\/v2\/pages\/8962\/revisions\/114715"}],"wp:featuredmedia":[{"embeddable":true,"href":"https:\/\/tarqitamaat.ca\/index.php?rest_route=\/wp\/v2\/media\/114714"}],"wp:attachment":[{"href":"https:\/\/tarqitamaat.ca\/index.php?rest_route=%2Fwp%2Fv2%2Fmedia&parent=8962"}],"curies":[{"name":"wp","href":"https:\/\/api.w.org\/{rel}","templated":true}]}}