{"id":8823,"date":"2025-03-17T19:20:14","date_gmt":"2025-03-17T19:20:14","guid":{"rendered":"https:\/\/tarqitamaat.ca\/?page_id=8823"},"modified":"2026-04-13T18:05:41","modified_gmt":"2026-04-13T18:05:41","slug":"%e1%93%87%e1%93%95%e1%95%90%e1%99%af%e1%91%90%e1%96%85janvierjanuary","status":"publish","type":"page","link":"https:\/\/tarqitamaat.ca\/?page_id=8823","title":{"rendered":"\u14c7\u14d5\u1550\u166f\u1450\u1585| Janvier |January"},"content":{"rendered":"\n<h2 class=\"wp-block-heading\">\u14aa\u1466\u144e\u1405\u14ef \u1403\u152d\u1403\u1450\u1483|Mattiusi Iyaituk<\/h2>\n\n\n<p class=\"has-very-light-gray-background-color has-background\">\u14aa\u1466\u144e\u1405\u14ef \u1403\u1526\u1466\u1450\u1585 \u1583\u1405\u1528\u14aa\u152d\u1405\u1466\u14ef\u140a\u1450\u1585 \u14f4\u14c7\u1405\u1490\u1550\u144e \u1403\u1557\u1528\u1555\u14bb\u14a5\u1405\u1585. \u1431\u148b\u140a\u1550\u1450\u1555\u14c2\u1585 14-\u14c2\u1483 \u1405\u146d\u1405\u1583\u1550\u14f1\u14c2 \u14a5\u146d\u152a\u14a5\u1483 \u144e\u148d\u14ef\u1466\u14f1\u14c2 \u1472\u1455\u1466\u1455\u1593\u14c2\u1483 \u14f4\u14c7\u1405\u1490\u1550\u14f1\u14c2 \u140a\u1593\u152a\u1593\u1455 \u140a\u14bb\u14aa\u14d7 \u146d\u14c7\u14a7\u14ea\u14d8\u14c3\u1466 \u1403\u14d5\u14d0\u14c2\u140a\u144e\u1455\u1405\u1466\u152d\u1490\u14c2 \u1403\u14bb\u14a5\u14c2\u157f\u1466\u14f1\u14c2 \u14f4\u14c7\u1405\u1490\u14ef\u152d\u1555\u14c2\u1593, \u1431\u14ef\u144e\u1405\u14c2\u1550\u1439\u14c4\u1466 \u1403\u14c4\u14d0\u14c4\u1466 \u14f4\u14c7\u1405\u1490\u1550\u144e\u14c4\u1466 \u1403\u14da\u1405\u14ef\u14d0\u14c2\u1581\u1585. \u1583\u1405\u1528\u14aa\u152d\u1405\u152a\u1585 \u140a\u1593\u1483\u146f\u1591\u140a\u14d5\u1405\u14f2\u148d\u148b\u140a\u1593 \u140a\u14bb\u14aa\u14d7 \u140a\u14ef\u158f\u14d0\u14c2\u1483 \u14f4\u14c7\u1595\u1591\u140a\u14f2\u148d\u14bb\u14a5\u14f1\u14c2 \u1455\u146f\u14a5\u14c7\u1550\u1450\u14d5\u140a\u1546\u1466\u14f1\u148b\u1466, \u14c4\u1403\u144e\u1546\u14f2\u148d\u1466\u14f1\u14c2 \u1403\u14d5\u1483\u1470\u144e\u1550\u144e\u14d7\u148b\u1466 \u14c7\u14bb\u14a5\u14c2\u1550\u14a5\u14c2\u1483 \u157f\u14a5\u1550\u1548\u14f1\u148b\u1466 \u1450\u146d\u1583\u1550\u1451\u152e\u154b\u144e\u1483 \u1450\u146d\u14d5\u14d0\u14c2\u1483. \u14f4\u14c7\u1405\u1490\u1550\u144e\u1405\u14da\u1405\u154b\u14c2, \u1433\u14d6\u14ef\u1405\u14ef\u14aa\u152a\u1585, \u1403\u14c4\u1450\u1583\u1405\u14c2\u1550\u14a7\u1466 \u14c4\u1550\u1583\u14f1\u14c2 1984-\u14a5 \u14f4\u14c7\u1595\u1591\u140a\u144e\u1450\u1403\u14d0\u14c7\u1405\u14ef\u1466\u14f1\u14c2.<br>\n\u1431\u14c7\u14f1\u140a\u14f2\u158f\u1466 \u14c7\u1405\u14a7\u14ea\u14d8\u14c3\u1466 \u140a\u1466\u1528\u1405\u14f2\u148d\u1595\u158f\u1450\u1466 \u140a\u14bb\u14aa\u14d7 \u1403\u14c7\u1583\u14c7\u1550\u1450\u14aa\u1546\u14d0\u14c2\u1483 \u1405\u14c2\u1483\u1472\u1405\u14ef\u1550\u1455\u1583\u1550\u14f1\u144e\u1483. \u14ef\u1557\u14c2\u140a\u148d\u1466 \u14f1\u14c7\u14d5\u1405\u14da\u1593\u14bb\u14aa\u1594\u14bb\u14a5\u1483 \u1438\u1550\u14c0\u14ef\u14aa\u14f2\u148d\u14ef\u14aa\u1490\u14c2, \u14f4\u14c7\u1405\u1490\u1466\u14f4\u14a7\u1466 \u140a\u14bb\u14aa\u14d7 \u1403\u14f1\u14aa\u1595\u1591\u140a\u1548\u14d0\u14c7\u14c2\u1550\u14a5\u14c4\u1466 \u14ef\u1557\u14d5\u1550\u1455\u1405\u1594\u1583\u1466\u1455\u14ef\u14aa\u152a\u1585. \u140a\u1593\u1483\u146f\u1591\u140a\u14d5\u1405\u1559\u14ea\u14d7\u14f2\u148d\u1466\u14f1\u14c2, \u140a\u158f\u1550\u14ef\u14aa\u1490\u14db\u1490\u14c2 \u140a\u14a5\u14f1\u1555\u1466\u14f1\u14c2 \u1405\u1583\u1405\u1466\u152a\u1455\u1405\u14ef\u14aa\u1490\u14d7\u140a\u154b\u14a5 \u1431\u1405\u14ef\u1450\u1583\u1550\u144e\u148d\u1466 \u1405\u1449\u1431\u1546\u152d\u1583\u1548\u144e\u14c2\u1483 \u14f4\u14c7\u1595\u1591\u140a\u1581\u152d\u1405\u1490\u14c2 \u146d\u14ef\u140a\u14c2\u148e\u1585 \u140a\u14ef\u158f\u1466 \u1403\u14d5\u1483\u1470\u1450\u1466 \u140a\u14bb\u14aa\u14d7 \u14c4\u14c7\u14d5\u14a5\u1405\u1466 \u140a\u14ef\u158f\u14d0\u14c2 \u14f4\u14c7\u148d\u14d0\u14c7\u1555\u1583\u1550\u14aa\u1455 \u144c\u14a3\u1466\u1450\u14c2\u1483 \u1405\u155d\u1559\u14d8\u14d0\u14c3\u1466 \u140a\u14d5\u140a\u14c7\u1595\u158f\u1450\u14a7\u1466 \u144e\u146d\u1455\u1405\u14da\u157f\u1405\u144e\u148b\u14c2\u140a\u154b\u14a5\u158f\u1466 \u140a\u14bb\u14aa\u14d7 \u1403\u14da\u158f\u1466 \u144c\u14a3\u14d5\u14da\u157f\u14d7\u144e\u1483. \u146d\u14ef\u140a\u14c2 \u140a\u1593\u146f\u1591\u140a\u14c2\u1483 \u144c\u14aa\u1595\u1593\u1466 \u14f4\u14c7\u1595\u1591\u140a\u1546\u140a\u14a5\u1483 \u140a\u14d5\u140a\u148b\u152d\u14d5\u1483, \u1431\u14bb\u14aa\u1546\u1405\u14ef\u14aa\u14bb\u14aa\u1455 \u144c\u1466\u14f1\u14aa\u14c2. \u1403\u1583\u14d8\u14ea\u14da\u14a5\u14d8\u14c2\u14ea\u14d7 \u140a\u152a\u1489\u14ea\u14d8\u14c2\u1583\u1550\u14f1\u14c2 \u140a\u14c8\u14c7\u14a5\u14c4\u1466 \u1403\u1583\u14d8\u14ea\u14da\u14a5\u14d8\u14c2\u1483 \u1405\u14c2\u1483\u1472\u1405\u152d\u1405\u1559\u14da\u1405\u154b\u14a5. \u14f4\u14c7\u14ef\u14aa\u152d\u158f\u14d0\u14c4\u1466 \u1403\u14da\u1405\u152a\u1585 \u1403\u14d5\u1455\u1550\u14c7\u14c2\u1583\u1466\u14ef\u140a\u1450\u1585 \u1403\u1583\u14d8\u14ea\u14da\u14a5\u14d8\u1585, \u157f\u144e\u1593\u14c3\u1466\u14ef\u14aa\u152a\u1585 \u1405\u1483\u146f\u1403\u1455\u1405\u148b\u140a\u14ea\u14da\u14c2\u1583\u1550\u144e\u14d7\u148b\u1466 \u1403\u14c4\u1403\u1466 \u1455\u146f\u14a5\u14c7\u1550\u1450\u14d5\u140a\u1546\u14ef\u14aa\u152d\u158f\u1466 \u1472\u144e\u1550\u14f1\u140a\u1466 \u1450\u146d\u14ef\u14c7\u1550\u144e\u1455\u1405\u1466\u14f1\u144e\u1483 \u140a\u14ef\u14d0\u14c7\u152d\u1550\u14a7\u1466 \u14aa\u14d0\u1450\u1528\u140a\u14da\u14a5 \u1431\u1405\u152a\u14bb\u14aa\u1546\u14d0\u14c2\u1483 \u1455\u146f\u14a5\u14c7\u1550\u1450\u14d5\u140a\u1546\u14ef\u14aa\u152a\u14c2\u1483 \u157f\u14a5\u1550\u1548\u1555\u14bb\u14a5. \u144c\u14aa\u1595\u1593\u1466 \u140a\u14d5\u140a\u148b\u152d\u1583\u1550\u14ef\u14aa\u152a\u1585 \u14f4\u14c7\u1595\u1591\u140a\u1455\u14a5\u14c2\u1483 \u146e\u14c7\u1405\u1466\u152d\u14ef\u140a\u1548\u144e\u148b\u14c2\u140a\u1550\u14f1\u148b\u1466 \u1403\u14da\u158f\u14ea\u14d7. \u140a\u1455\u1405\u14ef\u1550\u14a5 \u140a\u1550\u154c\u148d\u14a5 3000-\u14c2\u1483 \u14f4\u14c7\u1595\u1591\u140a\u14ef\u14aa\u152a\u1585!<br>\n\u140a\u14a5\u14f1\u1403\u14c2 \u157f\u14a5\u1550\u1548\u144e\u1466\u14ef\u14c2\u1550\u14c3\u14ef\u14aa\u152a\u1585 \u140a\u14bb\u14aa\u14d7 \u1431\u14c7\u14f1\u140a\u1550\u14ef\u14aa\u152d\u158f\u1466 \u140a\u14a5\u14f1\u1403\u14c3\u1466\u14f1\u144e\u1483 \u14c7\u1405\u14d5\u14ab\u1466 \u140a\u14bb\u14aa\u14d7 \u1403\u14d5\u1483\u1470\u144e\u1550\u1450\u1466 \u1472\u144e\u1550\u14f1\u1455\u1405\u14ef\u14aa\u1555\u158f\u14d0\u14c2 \u1406\u1466\u1451\u144e\u148b\u1466\u14f1\u148b\u1466 \u14aa\u14d0\u1450\u1528\u140a\u14da\u14a5 \u157f\u14a5\u1550\u1548\u1555\u1483 \u1431\u1405\u152a\u14bb\u14aa\u1546\u14d0\u14c2\u1483 \u1455\u146f\u14a5\u14c7\u1550\u1450\u14d5\u140a\u1546\u14ef\u14aa\u152a\u14c2\u1483, \u146f\u142f\u14bb\u14a5 \u1455\u146f\u1466\u14f4\u1405\u144e\u1466\u14ef\u1555\u1483, La Guilde \u140a\u14bb\u14aa\u14d7 \u140a\u1559\u1455\u1483\u146f\u1466 \u1472\u144e\u1550\u14f1\u14ef\u14aa\u152d\u158f\u1466. \u1456\u1483\u146f\u1450\u140a\u148d\u1595\u158f\u1450\u1466, \u14ef\u14da\u1550\u152a\u140a\u14d5\u14ab\u14a6\u14bb\u14a5\u14f1\u144e\u1483, \u14f4\u14c7\u1405\u1490\u158f\u1466 \u1405\u146f\u14c4\u1595\u1593\u1455\u1405\u14ef\u14aa\u152a\u1466 \u14c4\u14c7\u1550\u14da\u14c4\u1466 \u14ed\u1431\u140a\u1528\u140a, \u152a\u14c0\u144e\u1505 \u144c\u1505\u1466 \u140a\u14bb\u14aa\u14d7 \u1528\u1405\u1548\u1449. \u201c\u1403\u14d5\u14d0\u14c2\u140a\u144e\u1466\u14ef\u148b\u140a\u1550\u1450\u14f1\u1593 \u1439\u1546\u1505\u14d5\u140a\u1550\u14f1\u1593, \u1455\u146f\u148b\u1405\u14da\u1405\u1550\u14ef\u14aa\u152a\u1466 \u1403\u14c4\u1450\u1403\u14d0\u14c7\u14a5\u1483 \u14f4\u14c7\u1595\u1591\u140a\u144e\u14a5\u1483 \u140a\u14bb\u14aa\u14d7 \u14f4\u14c7\u1595\u1591\u140a\u14ef\u14aa\u152d\u1550\u14c3\u1559\u1593. \u14f4\u14c7\u1595\u1591\u140a\u144e\u14bb\u14aa\u1546\u1405\u14da\u1405\u1550\u14ef\u14aa\u152a\u1466 \u1583\u1405\u1528\u14aa\u152d\u1405\u1466\u14ef\u140a\u14f1\u144e\u1483.\u201d \u14da\u14da\u1405\u1550\u1450\u1585 \u1405\u1431\u14aa\u1466\u14f1\u14c2 \u1581\u1593\u1466\u14f1\u14c2.<br>\n\u14c5\u1555\u14bb\u1438\u1405\u14da\u1405\u152a\u14c2\u14a5\u14c2\u1466, \u14f4\u14c7\u1595\u1591\u140a\u14ef\u14aa\u152d\u158f\u1466 \u1403\u14d5\u14a3\u14d0\u14c7\u14d5\u1550\u1450\u1466 \u157f\u14a5\u1550\u1548\u1555\u14bb\u14a6\u14f1\u144e\u1483 <a href=\"https:\/\/www.mbam.qc.ca\/fr\/uummaqutik\/\" data-type=\"URL\" data-id=\"https:\/\/www.youtube.com\/watch?v=NVIBJrRQXVw&amp;list=OLAK5uy_lVLfrmqKANqeOQYrL-tqUXM6hR_crjdNA\">\u1406\u14bb\u14aa\u1581\u144e\u1483\/Uummaqutik\/Essence de la vie curated by asinnajaq at the Montreal Museum of Fine Arts.<br>\n<\/a><\/p>\n\n\n<p class=\"has-very-light-gray-background-color has-background\">Mattiusi Iyaituk est un sculpteur renomm\u00e9 d\u2019Ivujivik. Il a d\u00e9but\u00e9 \u00e0 l\u2019\u00e2ge de 14 ans en prenant un petit morceau tomb\u00e9 de la sculpture que son fr\u00e8re faisait, et sans que personne ne lui montre comment faire, il est par la suite devenu un des meilleurs sculpteurs inuit. Il est connu pour ses figures de shaman et l\u2019inclusion de mat\u00e9riaux mixtes dans ses \u0153uvres, cr\u00e9ant un langage singulier qu\u2019il d\u00e9finit lui-m\u00eame comme \u00e9tant de l\u2019abstrait. Avant de devenir sculpteur, il \u00e9tait dans les forces polici\u00e8res et il s\u2019est retir\u00e9 de ses fonctions en 1984 pour se d\u00e9dier \u00e0 son art.<br>\nSon corpus d\u2019\u0153uvres est unique et il repr\u00e9sente des histoires magnifiques. Sans toujours avoir un plan de production au d\u00e9part, il laisse la pierre et son imagination aller de l\u2019avant. Il a surtout fait des personnages d\u2019angakuk (shaman), allant \u00e0 l\u2019encontre de ce qu\u2019il s\u2019est souvent fait dire. Pour des raisons de croyances traditionnelles, seulement des personnes provenant de villages sp\u00e9cifiques peuvent les faire, sinon cela pouvait porter de malchance \u00e0 lui et sa famille. Les angatuk restent ses sujets de sculptures pr\u00e9f\u00e9r\u00e9s, parce qu\u2019ils \u00e9taient importants dans le temps. Il a aussi une fascination pour les sir\u00e8nes parce que sa m\u00e8re lui racontait des histoires portant sur elles. Une de ses pi\u00e8ces les plus iconiques est Iqaluullamiluuq, pi\u00e8ce centrale de la nouvelle exposition de la collection des arts inuit commissari\u00e9e par asinnajaq au Mus\u00e9e des Beaux-Arts de Montr\u00e9al. Il a toujours \u00e9t\u00e9 heureux de ses pi\u00e8ces parce car elles lui ont pu lui ramener un bon revenu pour sa famille. Durant une ann\u00e9e, il a fait 3000 sculptures ! <br>\nLe sculpteur a particip\u00e9 \u00e0 plusieurs expositions et son travail est dans nombreuses collections publiques et priv\u00e9es telles que le Mus\u00e9e des Beaux-Arts de Montr\u00e9al, la Galerie Nationale du Qu\u00e9bec, La Guilde et la Collection d\u2019Avataq. Non seulement \u00e7a, il est international, ses \u0153uvres sont all\u00e9es en Sib\u00e9rie, Etats-Unis et en Europe. \u00ab Quand je suis all\u00e9 \u00e0 Paris pour enseigner, c\u2019\u00e9tait la premi\u00e8re fois qu\u2019il voyaient un artiste inuk et de l\u2019art comme le mien. Ils \u00e9taient des grands artistes aussi. \u00bb a-t-il dit avec un sourire aux l\u00e8vres. <br>\nDepuis novembre dernier, ses \u0153uvres sont dans une exposition permanente <a href=\"https:\/\/www.mbam.qc.ca\/fr\/uummaqutik\/\" data-type=\"URL\" data-id=\"https:\/\/www.youtube.com\/watch?v=NVIBJrRQXVw&amp;list=OLAK5uy_lVLfrmqKANqeOQYrL-tqUXM6hR_crjdNA\">\u1406\u14bb\u14aa\u1581\u144e\u1483\/Uummaqutik\/Essence de la vie curated by asinnajaq at the Montreal Museum of Fine Arts.<\/a>\n<\/p>\n\n\n\n<p class=\"has-very-light-gray-background-color has-background\">Mattiusi Iyaituk is a renowned sculptor from Ivujivik. He started at the age of 14 by taking a small piece that fell from a carving his older brother was making and without anyone showing him how to do it, became one of the best Inuit carvers.  He is known for his Shaman figures and mixed materials in his art pieces, creating a singular language that he defines himself as abstract. Before becoming a carver, he was in the police force, and retired in 1984 to dedicate to his art.<br>\nHis body of works is unique and has beautiful backstories to them. Although he didn\u2019t always have a plan of production beforehand, letting the stone and his imagination lead him. He mostly did Angakuk (shaman) characters, defying the fact he was told multiple times not to do for traditionally belief that only specific people and villages could do them or it would bring him and his family bad luck. But Angatuk remain his favorite sculptures, because they were important back then. He also has a fascination for mermaids because his mother used to tell him stories about them. One of the most iconic pieces is Iqaluullamiluuq, central piece of the relaunch of Inuit Art Collection curated by Asinnajaq at the Montreal Museum of Fine Arts. He was always happy about his carvings because he knew it would bring a good income for his family. One year, he made 3000 carvings! <br>\nHe has been in many exhibitions and his work is in many public and private collections like the Montreal Museum of Fine Arts, Quebec National Gallery, La Guilde and Avataq Collection. Not only that, he is also international, his carvings went to Siberia, United States and Europe. \u201cWhen I went to Paris to teach, it was their first time seeing an Inuk artist and art like mine. They were big artists too.\u201d He said with a proud smile. <br>\nSince last November, his art is in the permanent exposition <a href=\"https:\/\/www.mbam.qc.ca\/fr\/uummaqutik\/\" data-type=\"URL\" data-id=\"https:\/\/www.youtube.com\/watch?v=NVIBJrRQXVw&amp;list=OLAK5uy_lVLfrmqKANqeOQYrL-tqUXM6hR_crjdNA\">\u1406\u14bb\u14aa\u1581\u144e\u1483\/Uummaqutik\/Essence de la vie curated by asinnajaq at the Montreal Museum of Fine Arts.<\/a>\n<\/p>\n\n\n<div class=\"rl-gallery-container splide rl-loading\" id=\"rl-gallery-container-1\" data-gallery_id=\"8607\"> <div class=\"rl-gallery rl-basicslider-gallery splide__track \" id=\"rl-gallery-1\" data-gallery_no=\"1\"> <ul class=\"splide__list\"> <li class=\"rl-gallery-item splide__slide\" data-thumb=\"https:\/\/tarqitamaat.ca\/wp-content\/uploads\/2026\/04\/6__1061.jpg\"> <a href=\"https:\/\/tarqitamaat.ca\/wp-content\/uploads\/2026\/04\/6__1061.jpg\" title=\"\" data-rl_title=\"\" class=\"rl-gallery-link\" data-rl_caption=\"\" data-rel=\"lightbox-gallery-1\"><img src=\"https:\/\/tarqitamaat.ca\/wp-content\/uploads\/2026\/04\/6__1061.jpg\" width=\"1365\" height=\"2048\" alt=\"\" \/><\/a> <\/li> <li class=\"rl-gallery-item splide__slide\" data-thumb=\"https:\/\/tarqitamaat.ca\/wp-content\/uploads\/2026\/04\/C3-12553_fin-scaled-1.jpg\"> <a href=\"https:\/\/tarqitamaat.ca\/wp-content\/uploads\/2026\/04\/C3-12553_fin-scaled-1.jpg\" title=\"\" data-rl_title=\"\" class=\"rl-gallery-link\" data-rl_caption=\"\" data-rel=\"lightbox-gallery-1\"><img src=\"https:\/\/tarqitamaat.ca\/wp-content\/uploads\/2026\/04\/C3-12553_fin-scaled-1.jpg\" width=\"1707\" height=\"2560\" alt=\"\" \/><\/a> <\/li> <li class=\"rl-gallery-item splide__slide\" data-thumb=\"https:\/\/tarqitamaat.ca\/wp-content\/uploads\/2026\/04\/MattiusiI-scaled-1.jpg\"> <a href=\"https:\/\/tarqitamaat.ca\/wp-content\/uploads\/2026\/04\/MattiusiI-scaled-1.jpg\" title=\"\" data-rl_title=\"\" class=\"rl-gallery-link\" data-rl_caption=\"\" data-rel=\"lightbox-gallery-1\"><img src=\"https:\/\/tarqitamaat.ca\/wp-content\/uploads\/2026\/04\/MattiusiI-scaled-1.jpg\" width=\"1707\" height=\"2560\" alt=\"\" \/><\/a> <\/li> <li class=\"rl-gallery-item splide__slide\" data-thumb=\"https:\/\/tarqitamaat.ca\/wp-content\/uploads\/2026\/04\/Miyaituk-scaled-1.jpg\"> <a href=\"https:\/\/tarqitamaat.ca\/wp-content\/uploads\/2026\/04\/Miyaituk-scaled-1.jpg\" title=\"\" data-rl_title=\"\" class=\"rl-gallery-link\" data-rl_caption=\"\" data-rel=\"lightbox-gallery-1\"><img src=\"https:\/\/tarqitamaat.ca\/wp-content\/uploads\/2026\/04\/Miyaituk-scaled-1.jpg\" width=\"1707\" height=\"2560\" alt=\"\" \/><\/a> <\/li> <li class=\"rl-gallery-item splide__slide\" data-thumb=\"https:\/\/tarqitamaat.ca\/wp-content\/uploads\/2026\/04\/Miy-scaled-1.jpg\"> <a href=\"https:\/\/tarqitamaat.ca\/wp-content\/uploads\/2026\/04\/Miy-scaled-1.jpg\" title=\"\" data-rl_title=\"\" class=\"rl-gallery-link\" data-rl_caption=\"\" data-rel=\"lightbox-gallery-1\"><img src=\"https:\/\/tarqitamaat.ca\/wp-content\/uploads\/2026\/04\/Miy-scaled-1.jpg\" width=\"1707\" height=\"2560\" alt=\"\" \/><\/a> <\/li> <li class=\"rl-gallery-item splide__slide\" data-thumb=\"https:\/\/tarqitamaat.ca\/wp-content\/uploads\/2026\/04\/Mattiusiyaituk-scaled-1.jpg\"> <a href=\"https:\/\/tarqitamaat.ca\/wp-content\/uploads\/2026\/04\/Mattiusiyaituk-scaled-1.jpg\" title=\"\" data-rl_title=\"\" class=\"rl-gallery-link\" data-rl_caption=\"\" data-rel=\"lightbox-gallery-1\"><img src=\"https:\/\/tarqitamaat.ca\/wp-content\/uploads\/2026\/04\/Mattiusiyaituk-scaled-1.jpg\" width=\"1707\" height=\"2560\" alt=\"\" \/><\/a> <\/li> <li class=\"rl-gallery-item splide__slide\" data-thumb=\"https:\/\/tarqitamaat.ca\/wp-content\/uploads\/2026\/04\/MattiusiIyaituk-scaled-1.jpg\"> <a href=\"https:\/\/tarqitamaat.ca\/wp-content\/uploads\/2026\/04\/MattiusiIyaituk-scaled-1.jpg\" title=\"\" data-rl_title=\"\" class=\"rl-gallery-link\" data-rl_caption=\"\" data-rel=\"lightbox-gallery-1\"><img src=\"https:\/\/tarqitamaat.ca\/wp-content\/uploads\/2026\/04\/MattiusiIyaituk-scaled-1.jpg\" width=\"2560\" height=\"1707\" alt=\"\" \/><\/a> <\/li> <li class=\"rl-gallery-item splide__slide\" data-thumb=\"https:\/\/tarqitamaat.ca\/wp-content\/uploads\/2026\/04\/Iyaituk2-scaled-1.jpg\"> <a href=\"https:\/\/tarqitamaat.ca\/wp-content\/uploads\/2026\/04\/Iyaituk2-scaled-1.jpg\" title=\"\" data-rl_title=\"\" class=\"rl-gallery-link\" data-rl_caption=\"\" data-rel=\"lightbox-gallery-1\"><img src=\"https:\/\/tarqitamaat.ca\/wp-content\/uploads\/2026\/04\/Iyaituk2-scaled-1.jpg\" width=\"2560\" height=\"1707\" alt=\"\" \/><\/a> <\/li> <li class=\"rl-gallery-item splide__slide\" data-thumb=\"https:\/\/tarqitamaat.ca\/wp-content\/uploads\/2026\/04\/Iyaituk-scaled-1.jpg\"> <a href=\"https:\/\/tarqitamaat.ca\/wp-content\/uploads\/2026\/04\/Iyaituk-scaled-1.jpg\" title=\"\" data-rl_title=\"\" class=\"rl-gallery-link\" data-rl_caption=\"\" data-rel=\"lightbox-gallery-1\"><img src=\"https:\/\/tarqitamaat.ca\/wp-content\/uploads\/2026\/04\/Iyaituk-scaled-1.jpg\" width=\"2560\" height=\"1707\" alt=\"\" \/><\/a> <\/li> <li class=\"rl-gallery-item splide__slide\" data-thumb=\"https:\/\/tarqitamaat.ca\/wp-content\/uploads\/2026\/04\/Mattiusi-I-scaled-1.jpg\"> <a href=\"https:\/\/tarqitamaat.ca\/wp-content\/uploads\/2026\/04\/Mattiusi-I-scaled-1.jpg\" title=\"\" data-rl_title=\"\" class=\"rl-gallery-link\" data-rl_caption=\"\" data-rel=\"lightbox-gallery-1\"><img src=\"https:\/\/tarqitamaat.ca\/wp-content\/uploads\/2026\/04\/Mattiusi-I-scaled-1.jpg\" width=\"1707\" height=\"2560\" alt=\"\" \/><\/a> <\/li> <li class=\"rl-gallery-item splide__slide\" data-thumb=\"https:\/\/tarqitamaat.ca\/wp-content\/uploads\/2026\/04\/MattI-scaled-1.jpg\"> <a href=\"https:\/\/tarqitamaat.ca\/wp-content\/uploads\/2026\/04\/MattI-scaled-1.jpg\" title=\"\" data-rl_title=\"\" class=\"rl-gallery-link\" data-rl_caption=\"\" data-rel=\"lightbox-gallery-1\"><img src=\"https:\/\/tarqitamaat.ca\/wp-content\/uploads\/2026\/04\/MattI-scaled-1.jpg\" width=\"1707\" height=\"2560\" alt=\"\" \/><\/a> <\/li> <li class=\"rl-gallery-item splide__slide\" data-thumb=\"https:\/\/tarqitamaat.ca\/wp-content\/uploads\/2026\/04\/MaIya-scaled-1.jpg\"> <a href=\"https:\/\/tarqitamaat.ca\/wp-content\/uploads\/2026\/04\/MaIya-scaled-1.jpg\" title=\"\" data-rl_title=\"\" class=\"rl-gallery-link\" data-rl_caption=\"\" data-rel=\"lightbox-gallery-1\"><img src=\"https:\/\/tarqitamaat.ca\/wp-content\/uploads\/2026\/04\/MaIya-scaled-1.jpg\" width=\"2560\" height=\"1707\" alt=\"\" \/><\/a> <\/li> <\/ul> <\/div> <\/div>\n\n\n<p>\u140a\u1466\u1528\u14d5\u140a\u1555\u14c2\u1550\u14a5\u14c2\u1483 \u140a\u1450\u1550\u1455\u1405\u144e\u1466\u14ef\u14ef\u14aa\u152a\u1466 \/ Cr\u00e9dits photos \/ Photos credits: Marie-Christine <\/p>\n","protected":false},"excerpt":{"rendered":"<p>\u14aa\u1466\u144e\u1405\u14ef \u1403\u152d\u1403\u1450\u1483|Mattiusi Iyaituk \u14aa\u1466\u144e\u1405\u14ef \u1403\u1526\u1466\u1450\u1585 \u1583\u1405\u1528\u14aa\u152d\u1405\u1466\u14ef\u140a\u1450\u1585 \u14f4\u14c7\u1405\u1490\u1550\u144e \u1403\u1557\u1528\u1555\u14bb\u14a5\u1405\u1585. \u1431\u148b\u140a\u1550\u1450\u1555\u14c2\u1585 14-\u14c2\u1483 \u1405\u146d\u1405\u1583\u1550\u14f1\u14c2 \u14a5\u146d\u152a\u14a5\u1483 \u144e\u148d\u14ef\u1466\u14f1\u14c2 \u1472\u1455\u1466\u1455\u1593\u14c2\u1483 \u14f4\u14c7\u1405\u1490\u1550\u14f1\u14c2 \u140a\u1593\u152a\u1593\u1455 \u140a\u14bb\u14aa\u14d7 \u146d\u14c7\u14a7\u14ea\u14d8\u14c3\u1466 \u1403\u14d5\u14d0\u14c2\u140a\u144e\u1455\u1405\u1466\u152d\u1490\u14c2 \u1403\u14bb\u14a5\u14c2\u157f\u1466\u14f1\u14c2 \u14f4\u14c7\u1405\u1490\u14ef\u152d\u1555\u14c2\u1593, \u1431\u14ef\u144e\u1405\u14c2\u1550\u1439\u14c4\u1466 \u1403\u14c4\u14d0\u14c4\u1466 \u14f4\u14c7\u1405\u1490\u1550\u144e\u14c4\u1466 \u1403\u14da\u1405\u14ef\u14d0\u14c2\u1581\u1585. \u1583\u1405\u1528\u14aa\u152d\u1405\u152a\u1585 \u140a\u1593\u1483\u146f\u1591\u140a\u14d5\u1405\u14f2\u148d\u148b\u140a\u1593 \u140a\u14bb\u14aa\u14d7 \u140a\u14ef\u158f\u14d0\u14c2\u1483 \u14f4\u14c7\u1595\u1591\u140a\u14f2\u148d\u14bb\u14a5\u14f1\u14c2 \u1455\u146f\u14a5\u14c7\u1550\u1450\u14d5\u140a\u1546\u1466\u14f1\u148b\u1466, \u14c4\u1403\u144e\u1546\u14f2\u148d\u1466\u14f1\u14c2 \u1403\u14d5\u1483\u1470\u144e\u1550\u144e\u14d7\u148b\u1466 \u14c7\u14bb\u14a5\u14c2\u1550\u14a5\u14c2\u1483 \u157f\u14a5\u1550\u1548\u14f1\u148b\u1466 \u1450\u146d\u1583\u1550\u1451\u152e\u154b\u144e\u1483 \u1450\u146d\u14d5\u14d0\u14c2\u1483. \u14f4\u14c7\u1405\u1490\u1550\u144e\u1405\u14da\u1405\u154b\u14c2, \u1433\u14d6\u14ef\u1405\u14ef\u14aa\u152a\u1585, \u1403\u14c4\u1450\u1583\u1405\u14c2\u1550\u14a7\u1466 \u14c4\u1550\u1583\u14f1\u14c2 1984-\u14a5 \u14f4\u14c7\u1595\u1591\u140a\u144e\u1450\u1403\u14d0\u14c7\u1405\u14ef\u1466\u14f1\u14c2. \u1431\u14c7\u14f1\u140a\u14f2\u158f\u1466 \u14c7\u1405\u14a7\u14ea\u14d8\u14c3\u1466 \u140a\u1466\u1528\u1405\u14f2\u148d\u1595\u158f\u1450\u1466 \u140a\u14bb\u14aa\u14d7 \u1403\u14c7\u1583\u14c7\u1550\u1450\u14aa\u1546\u14d0\u14c2\u1483 \u1405\u14c2\u1483\u1472\u1405\u14ef\u1550\u1455\u1583\u1550\u14f1\u144e\u1483. \u14ef\u1557\u14c2\u140a\u148d\u1466 \u14f1\u14c7\u14d5\u1405\u14da\u1593\u14bb\u14aa\u1594\u14bb\u14a5\u1483 \u1438\u1550\u14c0\u14ef\u14aa\u14f2\u148d\u14ef\u14aa\u1490\u14c2, \u14f4\u14c7\u1405\u1490\u1466\u14f4\u14a7\u1466 \u140a\u14bb\u14aa\u14d7 \u1403\u14f1\u14aa\u1595\u1591\u140a\u1548\u14d0\u14c7\u14c2\u1550\u14a5\u14c4\u1466 &hellip; <a href=\"https:\/\/tarqitamaat.ca\/?page_id=8823\" class=\"more-link\">Continue reading <span class=\"screen-reader-text\">\u14c7\u14d5\u1550\u166f\u1450\u1585| Janvier |January<\/span> <span class=\"meta-nav\">&rarr;<\/span><\/a><\/p>\n","protected":false},"author":2,"featured_media":114698,"parent":0,"menu_order":0,"comment_status":"closed","ping_status":"closed","template":"","meta":[],"_links":{"self":[{"href":"https:\/\/tarqitamaat.ca\/index.php?rest_route=\/wp\/v2\/pages\/8823"}],"collection":[{"href":"https:\/\/tarqitamaat.ca\/index.php?rest_route=\/wp\/v2\/pages"}],"about":[{"href":"https:\/\/tarqitamaat.ca\/index.php?rest_route=\/wp\/v2\/types\/page"}],"author":[{"embeddable":true,"href":"https:\/\/tarqitamaat.ca\/index.php?rest_route=\/wp\/v2\/users\/2"}],"replies":[{"embeddable":true,"href":"https:\/\/tarqitamaat.ca\/index.php?rest_route=%2Fwp%2Fv2%2Fcomments&post=8823"}],"version-history":[{"count":1,"href":"https:\/\/tarqitamaat.ca\/index.php?rest_route=\/wp\/v2\/pages\/8823\/revisions"}],"predecessor-version":[{"id":114699,"href":"https:\/\/tarqitamaat.ca\/index.php?rest_route=\/wp\/v2\/pages\/8823\/revisions\/114699"}],"wp:featuredmedia":[{"embeddable":true,"href":"https:\/\/tarqitamaat.ca\/index.php?rest_route=\/wp\/v2\/media\/114698"}],"wp:attachment":[{"href":"https:\/\/tarqitamaat.ca\/index.php?rest_route=%2Fwp%2Fv2%2Fmedia&parent=8823"}],"curies":[{"name":"wp","href":"https:\/\/api.w.org\/{rel}","templated":true}]}}