{"id":7514,"date":"2024-01-26T14:47:22","date_gmt":"2024-01-26T14:47:22","guid":{"rendered":"https:\/\/tarqitamaat.ca\/?page_id=7514"},"modified":"2024-09-17T13:22:54","modified_gmt":"2024-09-17T13:22:54","slug":"%e1%93%87%e1%93%95%e1%95%90%e1%99%af%e1%91%90%e1%96%85-janvier-january-5","status":"publish","type":"page","link":"https:\/\/tarqitamaat.ca\/?page_id=7514","title":{"rendered":"\u14c7\u14d5\u1550\u166f\u1450\u1585 | Janvier | January"},"content":{"rendered":"\n<h2 class=\"wp-block-heading\">\u14ef\u140a\u152d \u14f5\u14a5\u14f5\u1483 | Sarah Samisack<\/h2>\n\n\n\n<p class=\"has-very-light-gray-background-color has-background\"> \u14ef\u140a\u152d \u14f5\u14a5\u14f5\u1483\n\u1431\u148b\u1405\u1550\u14f4\u144e\u1466\u14ef\u1528 \u1405\u1555\u1483\u146b\u1466 \u1472\u144e\u14aa\u1528\u158f\u14d0\u14c4\u1466 \u1403\u14da\u1405\u152a\u1585 \u1403\u14bb\u14a5\u14c2\u1483 \u1450\u14c2\u14ef\u14aa\u1466\u14f1\u14c2 \u140a\u14bb\u14aa\u14d7 \u14a5\u1550\u14f1\u144e\u1405\u1466\u14f1\u14c2 \u14ef\u140a\u152d \u14f5\u14a5\u14f5\u1483 \u1403\u14c4\u1466\u152a\u140a\u14a5 \u1431\u1548\u1550\u14f4\u1450\u1555\u14c2\u1585. \u1456\u1559\u14c2\u14a5\u1405\u148d\u1403\u14d0\u14c8\u1450\u1585, \u146d\u14ef\u140a\u14c2 \u1455\u155d\u1559\u14c2 \u140a\u1550\u154c\u148d\u14a5, \u1403\u14d5\u14f4\u1550\u1450\u1585 \u14c4\u14c7\u1555\u14bb\u14a5 \u14ef\u1557\u14c2\u1466\u14f4\u1557\u14bb\u14a5 \u14aa\u14d0\u1450\u1528\u140a\u14da\u14a5. \u14ef\u140a\u152d \u14a5\u1550\u14f1\u14f2\u148d\u14ef\u152a\u1555\u14c2\u1585 \u140a\u1550\u14c8\u1549\u158f\u14d0\u14c8\u14f1\u14c2, \u140a\u1550\u14c0\u1466 \u140a\u14bb\u14aa\u14d7 \u140a\u1591\u144e\u1466 \u140a\u144e\u148b\u158f\u14d0\u14c2\u1559\u14ea\u14d7\u1585 \u140a\u14bb\u14aa\u14d7 \u140a\u14aa\u1405\u144e\u14c2\u1559\u14ea\u14d7\u1585.\n\u140a\u14c8\u14c7\u14bb\u14a5\u14c2\u1466 \u1403\u14d5\u14d0\u14c2\u140a\u1438\u1466\u14f1\u14c2 \u14a5\u1550\u14f1\u1546\u1405\u1550\u14ef\u14aa\u152a\u1585. \u140a\u1550\u14c8\u1549\u1466\u14f1\u14c2 \u14a5\u1550\u14f1\u1546\u140a\u14a5\u1483 \u140a\u14d5\u140a\u14f2\u148d\u14ef\u152a\u1555\u14c2\u1585. \u14ef\u1557\u14ea\u14d5\u1439\u14a5 \u14a5\u1550\u14f1\u1591\u140a\u1450\u1403\u14d0\u14c7\u1438\u1466\u14f1\u14c2, \u146d\u14ef\u140a\u14c2 \u14ef\u1557\u14ea\u14d5\u1439\u14a5 \u14c4\u1455\u154b\u1550\u1456\u1472\u14a5 \u14a5\u1550\u14f1\u14c2\u1550\u14a5\u1483 \u140a\u14d5\u140a\u148b\u152d\u1583\u14ef\u1559\u14ea\u14d5\u140a\u14ef\u14aa\u152a\u1585. \u157f\u1450\u1550\u1593\u1583\u14d5\u154b\u14a5\u1455\u1490 \u14ef\u1557\u14ea\u14d5\u1439\u14a5, \u14ef\u140a\u152d \u140a\u14aa\u1405\u144e\u14d5\u1405\u1546\u1405\u1550\u1450\u1555\u14c2\u1585 \u140a\u14bb\u14aa\u14d7 \u1438\u14c2\u14bb\u14a5\u14c2\u1483 \u1405\u14d5\u1472\u1466\u1456\u1431\u14d5\u1405\u1550\u14f1\u14c2, \u14a5\u146d\u14c2\u146f\u148d\u1455\u1405\u1583\u1466\u1455\u14d5\u1550\u1450\u1555\u14c2\u1585 \u14ef\u1557\u14ea\u14d5\u1439\u1449 \u14c4\u1472\u158f\u14d0\u14c4\u1466. \u1455\u1490 \u157f\u1450\u1550\u1593\u14a5\u14c2\u1483 \u140a\u14d0\u14c4\u154c\u14d5\u1405\u1546\u140a\u1583\u1583\u1466\u1455\u14d5\u1550\u14c2\u154b\u14a5 \u1431\u152a\u14d0\u14c7\u14ef\u1559\u14ea\u14d5\u140a\u14ef\u140a\u1550\u1450\u1555\u14c2\u1585  \u14a5\u1550\u14f1\u14ef\u144e\u1595\u1591\u1438\u14ea\u14d5\u140a\u14f1\u14c2.\n\u1405\u146d\u1405\u1583\u14f1\u14c2 19-20 \u14f4\u14c2\u140a\u14c2, \u1583\u1405\u1528\u14aa\u152e\u14a5\u14c4\u1466 \u144e\u14d5\u1405\u1550\u1455\u1405\u1583\u1466\u1455\u14d5\u1550\u1450\u1555\u14c2\u1585 \u14a5\u1550\u14f1\u1548\u1466\u152d\u1405\u148d\u14aa\u152a\u14c4\u1466, \u144c\u14aa \u14c4\u1403\u1466\u14ef\u1450\u1403\u14d0\u14c7\u154b\u1455\u1550\u14f1\u14c2 \u1472\u14a5\u1438\u14c2\u1581\u144e\u14a5\u14c2\u1483 2019-\u14a5: \u14da\u14da\u1405\u152b\u1585, \u201c\u1405\u1559\u14d0\u14c4\u1466, \u140a\u1466\u1528\u148c\u1595\u158f\u1450\u14c2\u1483 \u1403\u1449\u1431\u148d\u14f1\u14da\u1405\u152a\u152a\u1593, \u140a\u146f\u14d0\u14c2\u1593\u14c2 \u140a\u1550\u14f1\u1548\u14d0\u14c2\u1405\u1449 \u140a\u14bb\u14aa\u14d7 \u140a\u14d5\u140a\u14d0\u14c2\u1405\u1449. \u1403\u14da\u1483\u1472 \u1403\u1472\u152a\u1550\u14ef\u14ef\u14aa\u1466\u14ef\u140a\u14da\u1405\u152b\u1466 \u140a\u14c8\u14c7\u14d0\u14c4\u14d7 \u1403\u14da\u1593\u14d0\u14c2 \u1403\u1472\u152a\u1550\u14ef\u152d\u1405\u148b\u140a\u1550\u1450\u14f2\u148d\u1403\u14d0\u14c8\u14f1\u1593.\u201d \u1455\u1490 \u1431\u152d\u1547\u1548\u14d0\u14c7\u14d5\u1550\u1450\u1585 \u140a\u144e\u148b\u14a5\u1483 \u1405\u14ea\u14d7\u1403\u14c7\u1585, \u146d\u14ef\u140a\u14c2 \u1405\u1403\u14aa\u148d\u14d0\u14c0\u14d7\u14c2 \u14a5\u1550\u14f1\u1546\u140a\u14a5\u1483 \u140a\u14d5\u140a\u14d0\u14c2\u14f4\u1585. \u14f1\u158f\u1405\u14d0\u14c2\u1546\u14d5\u1548\u1555\u1405\u1483 \u14c7\u14d7\u14c7\u1595\u158f\u14d5\u1550\u1438\u14d5\u140a\u148d\u14d0\u14c7\u1450\u1585\u201d \u14da\u148b\u140a\u14ea\u14da\u14da\u1405\u1550\u1450\u1585. \u140a\u14d5\u140a\u148b\u152d\u1583\u1550\u14c2\u1439\u1585 \u1403\u14d5\u1466\u144e\u1546\u140a\u14a5\u1483 \u140a\u144e\u148b\u14d5\u1405\u14da\u1593\u1466\u14f1\u14c2 \u140a\u14bb\u14aa\u14d7 \u140a\u146f\u14d5\u14d0\u14c2\u1483, \u1403\u14c4\u1403\u1466 \u140a\u14aa\u1405\u144e\u158f\u14d0\u14c2\u1483 \u140a\u14bb\u14aa\u14d7 \u14aa\u166f\u14ef\u1405\u144e\u14c2\u1483.\n\u14ef\u140a\u152d \u14ef\u1557\u14ea\u14d5\u1439\u14f4\u152d\u14c3\u1466\u1450\u14c2 \u1403\u14d5\u14ed\u1528 \u1403\u14c4\u1466\u152a\u140a\u14a5. \u1403\u14f1\u14ab\u14d7\u148d\u144e\u1583\u14da\u1473\u1466\u1450\u1585 \u1583\u146d\u148b\u140a\u1550\u1555\u1581\u144e\u14a5\u14c2\u1483 \u140a\u158f\u14d5\u1559\u14ea\u14d5\u140a\u1528\u140a\u1583\u14d7\u140a\u14d5\u1546\u140a\u1585, \u1403\u14bb\u14a5\u14c2\u157f\u14d7\u14c2 \u1431\u152d\u1466\u14f4\u1583\u14d7\u140a\u1550\u14c2\u1405\u152d\u1550\u1438\u14d5\u154b\u14a5, \u140a\u14bb\u14aa\u14d7 \u1405\u14ea\u14d7\u1455\u14ab\u1466 \u14a5\u1550\u14f1\u1546\u140a\u14a5\u1483 \u1455\u1583\u14d0\u14c7\u1438\u1466\u14f1\u14c2. \u1455\u1490\u1455\u1490\u1405\u14c2\u1593\u14c2, \u14c7\u14bb\u14a5\u14c2\u1466\u14f4\u14a5\u14c2\u1483 \u140a\u14d0\u14c4\u154c\u14d5\u1405\u1583\u1466\u1455\u1450\u1585, \u146d\u14ef\u140a\u14c2 \u1403\u14d5\u14f4\u1550\u14c2\u14a5\u14c2\u1483 \u14c4\u14c7\u1555\u14bb\u14a5 \u14ef\u1557\u14c2\u1466\u14f4\u1558\u14a5 \u1403\u14d5\u14f4\u1550\u14c2\u14a5\u14c2\u1483 \u1403\u1449\u1431\u148d\u14f1\u14d0\u14c2\u14f4\u1405\u1583\u1466\u1455\u1450\u1585, \u140a\u1450\u1548\u14d0\u14c7\u14ef\u1466\u14ef\u140a\u14c2\u140a\u1550\u1455\u14a5\u14c2\u1483 \u1431\u148b\u1405\u1548\u144e\u1583\u14da\u1593\u148d\u14aa\u14a7\u1466. \u1456\u1483\u146f\u1450\u140a\u148d\u1595\u158f\u1450\u14c2\u14d7 \u1431\u1490\u1466\u14f4\u1583\u14da\u1593\u1466\u14f1\u14c2 \u1403\u14d5\u14f4\u1548\u14aa\u14db\u1550\u14a5\u1490\u14a5 \u140a\u14d0\u14c4\u154c\u14d5\u1405\u1550\u14c2\u14a5\u1483 \u1406\u1466\u1451\u144e\u14d5\u1405\u1550\u14c2\u14c2\u1483 \u140a\u1550\u154c\u148d\u14c2 5-\u14c2.\n\u140a\u14c8\u14c7\u1405\u14c2\u1550\u14a5\u14c4\u1466, \u14ef\u140a\u152d \u157f\u1450\u1550\u1593\u14a5\u14c2\u1483 \u1431\u148d\u14d0\u14c7\u1455\u14a5\u14c2\u1483 \u1403\u14d5\u14d0\u14c2\u140a\u144e\u1466\u14ef\u148d\u14aa\u152a\u1585. \u1431\u1593\u152a\u140a\u14c2\u1483 \u157f\u1450\u1550\u1593\u1456\u1550\u14f1\u14c2, \u140a\u1593\u152a\u1593\u14c4\u1466 \u1455\u146f\u14d0\u14c7\u1455\u1405\u1583\u1466\u1455\u14da\u1405\u152b\u1585 \u1472\u14bb\u14a5\u1405\u144e\u14d7\u148d \u140a\u14ab\u14aa\u1466\u144e\u14ef\u1466\u14f1\u14c2\u14d7, \u1438\u14c2\u14bb\u14a5\u14c4\u1466 \u140a\u1593\u152a\u1466\u14ef\u14a7\u1466 \u14da\u152d\u1405\u152a\u1555\u14c2\u1585: \u201c\u140a\u14c8\u14c8\u1483, \u14a5\u1550\u14f1\u144e\u1405\u148d\u14aa\u1557\u1593 \u140a\u14c8\u14c7\u1405\u14d7\u1593\u14d7 \u140a\u158f\u14d5\u148d\u14aa, \u1403\u155d\u1555\u144e\u1450\u1466\u201d. \u157f\u1450\u1550\u1593\u14a5\u14c4\u1466 \u1431\u152a\u1466\u14f4\u1405\u152e\u14da\u157f\u144e\u1455\u1405\u14f2\u1585, \u140a\u14bb\u14aa\u14d7 \u1403\u14d5\u14d0\u14c2\u140a\u144e\u1583\u1466\u1455\u14db\u1550\u14f1\u148b\u1466 \u1403\u1472\u152a\u1550\u14d7\u148b\u14d7, \u1403\u14d5\u14f4\u1550\u14d7\u148b\u1466 \u1431\u148b\u140a\u1550\u144e\u14ef\u148d\u14d0\u14c7\u14ef\u144e\u148b\u140a\u1550\u14d7\u148b\u1466 \u14c7\u14bb\u14a5\u14c2\u1466\u14f4\u14a5\u14c2\u1483. \n\n<\/p>\n\n\n\n<p class=\"has-very-light-gray-background-color has-background\">\u00c9ducatrice, b\u00e9n\u00e9vole dans le Youth Commity et couturi\u00e8re, Sarah Samisack a grandi \u00e0 Inukjuak. Elle y habite toujours, mais pour l\u2019ann\u00e9e en cours, elle fait ses \u00e9tudes dans le programme Nunavik Sivunitsavut (NS) \u00e0 Montr\u00e9al. Sarah fait de la couture depuis l\u2019adolescence, surtout des parkas pour femme et homme ainsi que des amautiit (manteaux traditionnels pour les m\u00e8res). <br>\nElle a appris \u00e0 coudre de sa m\u00e8re. C\u2019est durant son adolescence qu\u2019elle s\u2019est int\u00e9ress\u00e9e \u00e0 la couture. Rien de tr\u00e8s s\u00e9rieux au d\u00e9part, mais son int\u00e9r\u00eat s\u2019est accrue lorsqu\u2019elle a eu son premier enfant. \u00c9tant nouvellement m\u00e8re, Sarah a fait son premier amautik et un petit manteau pour sa fille, qui servira \u00e0 ses deux autres enfants. C\u2019est donc l\u2019envie de cr\u00e9er pour ses enfants qui est \u00e0 l\u2019origine de ses premiers pas comme couturi\u00e8re qualifi\u00e9. <br>\nAutour de 19-20 ans, les gens autour d\u2019elle lui faisait des commandes, ce qui l\u2019a amen\u00e9 \u00e0 la cr\u00e9ation de son entreprise en 2019. Elle raconte: \u00ab Ce moment \u00e9tait pour moi un m\u00e9lange d\u2019\u00e9motions, entre stress et excitation. Ma famille m\u2019a beaucoup support\u00e9 et je retourne encore voir ma m\u00e8re pour du soutien et son avis. \u00bb Maintenant, elle peut finir tout un parka en un jour, mais elle pr\u00e9f\u00e8re prendre son temps, travailler sans se presser. Elle ajoute : \u00ab plus tu en fais, plus c\u2019est naturel et facile \u00bb. Ce qu\u2019elle pr\u00e9f\u00e8re c\u2019est ajouter les motifs sur les parkas et faire des akuliit, des amautiit traditionnels et des manteaux pour la chasse.<br>\nSarah est aussi \u00e9ducatrice au primaire \u00e0 Inukjuak,. Elle avoue avoir un peu peur que son entreprise devienne trop grosse, parce que toute seule c\u2019est une grande responsabilit\u00e9 et coudre tous les jours est fatiguant. Pour l\u2019instant, elle cr\u00e9e quelques projets personnels mais  elle se consacre surtout \u00e0 son \u00e9ducation avec le programme de NS afin d\u2019acqu\u00e9rir des comp\u00e9tences qui lui seront utiles. Non seulement cela, mais Sarah voudrait aller en \u00e9tude de mode dans les prochains 5 ans. <br>\n\u00c9tant m\u00e8re, Sarah aimerait transmettre ses connaissances \u00e0 ses enfants. Quand son troisi\u00e8me est n\u00e9, sa petite deuxi\u00e8me la regardait faire des kamiit tout en allaitant, sa fille lui a dit : \u00ab Maman, j\u2019aimerais \u00eatre une couturi\u00e8re et une m\u00e8re plus tard \u00bb. Ses enfants l\u2019inspirent, elle va leur montrer comment faire et les aider, leur apprendre le c\u00f4t\u00e9 entrepreneurial. \n<\/p>\n\n\n\n<p class=\"has-very-light-gray-background-color has-background\"> Educator, Youth Commity volunteer and seamstress Sarah Samisack grew up in Inukjuak. She still lives there, but for the current year, she&#8217;s studying in the Nunavik Sivunitsavut (NS) program in Montreal. Sarah has been sewing since she was a teenager, mainly women&#8217;s and men&#8217;s parkas and amautiit (traditional mothers&#8217; coats). <br>\nShe learned to sew from her mother. It was during her teenage years that she became interested in sewing. Nothing serious at first, but her interest grew when she had her first child. As a new mother, Sarah made her first amautik and a little coat for her daughter, which would be used for her other two children. So it was the desire to create for her children that prompted her first steps as a qualified seamstress.<br>\nAround the age of 19-20, the people around her were placing orders for her, which led to the creation of her company in 2019. She says: &#8220;For me, that moment was a mixture of emotions, between stress and excitement. My family was very supportive and I still go back to my mother for support and advice.&#8221; Now, she can finish an entire parka in a day, but she prefers to take her time, working without rushing. The more you do, the more natural and easy it is,&#8221; she adds. Her favorite is adding patterns to parkas and making akuliit, traditional amautiit and hunting coats.<br>\nSarah is also an elementary school teacher in Inukjuak. She admits she&#8217;s a little worried about her business getting too big, because it&#8217;s a big responsibility all on her own, and sewing every day is tiring. For the time being, she&#8217;s creating a few personal projects, but she&#8217;s mainly focusing on her education with the NS program, to learn skills that will be useful to her. Not only that, but Sarah would like to study fashion in the next 5 years. <br>\nAs a mother, Sarah would like to pass on her knowledge to her children. When her third was born, her second was watching her make kamiit while breastfeeding, and her daughter said to her: &#8220;Mum, I&#8217;d like to be a seamstress and a mother when I grow up&#8221;. Her children inspire her, and she will show them how to do things and help them, teaching them the entrepreneurial side of things.\n<\/p>\n\n\n\n<p class=\"has-background\" style=\"background-color:#e5f5f5\">\u1583\u1405\u1528\u148b\u140a\u1466\u14ef\u140a\u1548\u14aa\u148d\u1555\u1466 \u14f4\u14c7\u1595\u1591\u140a\u144e\u1405\u1449 \u14a5\u1466\u14f5\u14c4\u1466 \/ D\u00e9couvrir plus sur l&#8217;artiste \/ Know more about the artist:<br> <a rel=\"noreferrer noopener\" href=\"https:\/\/www.facebook.com\/profile.php?id=805874687\" target=\"_blank\">Facebook Page<\/a><\/p>\n\n\n\n<p>\u140a\u14ea\u14da\u1450\u1585 | Texte de | Text by: Jessie Fortier Ningiuruvik<\/p>\n\n\n\n<div class=\"rl-gallery-container splide rl-loading\" id=\"rl-gallery-container-1\" data-gallery_id=\"7513\"> <div class=\"rl-gallery rl-basicslider-gallery splide__track \" id=\"rl-gallery-1\" data-gallery_no=\"1\"> <ul class=\"splide__list\"> <li class=\"rl-gallery-item splide__slide\" data-thumb=\"https:\/\/tarqitamaat.ca\/wp-content\/uploads\/2024\/01\/Sarah-S3.jpg\"> <a href=\"https:\/\/tarqitamaat.ca\/wp-content\/uploads\/2024\/01\/Sarah-S3.jpg\" title=\"\" data-rl_title=\"\" class=\"rl-gallery-link\" data-rl_caption=\"\" data-rel=\"lightbox-gallery-1\"><img src=\"https:\/\/tarqitamaat.ca\/wp-content\/uploads\/2024\/01\/Sarah-S3.jpg\" width=\"1347\" height=\"1847\" alt=\"\" \/><\/a> <\/li> <li class=\"rl-gallery-item splide__slide\" data-thumb=\"https:\/\/tarqitamaat.ca\/wp-content\/uploads\/2024\/01\/Sarah-S4.jpg\"> <a href=\"https:\/\/tarqitamaat.ca\/wp-content\/uploads\/2024\/01\/Sarah-S4.jpg\" title=\"\" data-rl_title=\"\" class=\"rl-gallery-link\" data-rl_caption=\"\" data-rel=\"lightbox-gallery-1\"><img src=\"https:\/\/tarqitamaat.ca\/wp-content\/uploads\/2024\/01\/Sarah-S4.jpg\" width=\"1440\" height=\"1800\" alt=\"\" \/><\/a> <\/li> <li class=\"rl-gallery-item splide__slide\" data-thumb=\"https:\/\/tarqitamaat.ca\/wp-content\/uploads\/2024\/01\/Sarah-S6-scaled.jpg\"> <a href=\"https:\/\/tarqitamaat.ca\/wp-content\/uploads\/2024\/01\/Sarah-S6-scaled.jpg\" title=\"\" data-rl_title=\"\" class=\"rl-gallery-link\" data-rl_caption=\"\" data-rel=\"lightbox-gallery-1\"><img src=\"https:\/\/tarqitamaat.ca\/wp-content\/uploads\/2024\/01\/Sarah-S6-scaled.jpg\" width=\"2560\" height=\"1695\" alt=\"\" \/><\/a> <\/li> <li class=\"rl-gallery-item splide__slide\" data-thumb=\"https:\/\/tarqitamaat.ca\/wp-content\/uploads\/2024\/01\/400419984_383179617466185_1472307171656242502_n-scaled.jpg\"> <a href=\"https:\/\/tarqitamaat.ca\/wp-content\/uploads\/2024\/01\/400419984_383179617466185_1472307171656242502_n-scaled.jpg\" title=\"\" data-rl_title=\"\" class=\"rl-gallery-link\" data-rl_caption=\"\" data-rel=\"lightbox-gallery-1\"><img src=\"https:\/\/tarqitamaat.ca\/wp-content\/uploads\/2024\/01\/400419984_383179617466185_1472307171656242502_n-scaled.jpg\" width=\"1920\" height=\"2560\" alt=\"\" \/><\/a> <\/li> <li class=\"rl-gallery-item splide__slide\" data-thumb=\"https:\/\/tarqitamaat.ca\/wp-content\/uploads\/2024\/01\/Sarah-S9-scaled.jpg\"> <a href=\"https:\/\/tarqitamaat.ca\/wp-content\/uploads\/2024\/01\/Sarah-S9-scaled.jpg\" title=\"\" data-rl_title=\"\" class=\"rl-gallery-link\" data-rl_caption=\"\" data-rel=\"lightbox-gallery-1\"><img src=\"https:\/\/tarqitamaat.ca\/wp-content\/uploads\/2024\/01\/Sarah-S9-scaled.jpg\" width=\"1920\" height=\"2560\" alt=\"\" \/><\/a> <\/li> <li class=\"rl-gallery-item splide__slide\" data-thumb=\"https:\/\/tarqitamaat.ca\/wp-content\/uploads\/2024\/01\/Sarah-S8.jpg\"> <a href=\"https:\/\/tarqitamaat.ca\/wp-content\/uploads\/2024\/01\/Sarah-S8.jpg\" title=\"\" data-rl_title=\"\" class=\"rl-gallery-link\" data-rl_caption=\"\" data-rel=\"lightbox-gallery-1\"><img src=\"https:\/\/tarqitamaat.ca\/wp-content\/uploads\/2024\/01\/Sarah-S8.jpg\" width=\"1536\" height=\"2048\" alt=\"\" \/><\/a> <\/li> <\/ul> <\/div> <\/div>\n\n\n\n<p><\/p>\n\n\n\n<p class=\"has-pale-pink-background-color has-background\">\u1431\u152d\u1466\u14f4\u14ef\u140a\u1581\u144e\u1593 \/ Projet sp\u00e9cial \/ Special Project-<em>Amauti<\/em>k, 2024<\/p>\n\n\n\n<div class=\"rl-gallery-container splide rl-loading\" id=\"rl-gallery-container-2\" data-gallery_id=\"7782\"> <div class=\"rl-gallery rl-basicslider-gallery splide__track \" id=\"rl-gallery-2\" data-gallery_no=\"2\"> <ul class=\"splide__list\"> <li class=\"rl-gallery-item splide__slide\" data-thumb=\"https:\/\/tarqitamaat.ca\/wp-content\/uploads\/2024\/04\/Sarah-special-project-scaled-1.jpg\"> <a href=\"https:\/\/tarqitamaat.ca\/wp-content\/uploads\/2024\/04\/Sarah-special-project-scaled-1.jpg\" title=\"\" data-rl_title=\"\" class=\"rl-gallery-link\" data-rl_caption=\"\" data-rel=\"lightbox-gallery-2\"><img src=\"https:\/\/tarqitamaat.ca\/wp-content\/uploads\/2024\/04\/Sarah-special-project-scaled-1.jpg\" width=\"1707\" height=\"2560\" alt=\"\" \/><\/a> <\/li> <li class=\"rl-gallery-item splide__slide\" data-thumb=\"https:\/\/tarqitamaat.ca\/wp-content\/uploads\/2024\/04\/Sarah-SP4-scaled-1.jpg\"> <a href=\"https:\/\/tarqitamaat.ca\/wp-content\/uploads\/2024\/04\/Sarah-SP4-scaled-1.jpg\" title=\"\" data-rl_title=\"\" class=\"rl-gallery-link\" data-rl_caption=\"\" data-rel=\"lightbox-gallery-2\"><img src=\"https:\/\/tarqitamaat.ca\/wp-content\/uploads\/2024\/04\/Sarah-SP4-scaled-1.jpg\" width=\"1707\" height=\"2560\" alt=\"\" \/><\/a> <\/li> <li class=\"rl-gallery-item splide__slide\" data-thumb=\"https:\/\/tarqitamaat.ca\/wp-content\/uploads\/2024\/04\/Sarah-SP3-scaled-1.jpg\"> <a href=\"https:\/\/tarqitamaat.ca\/wp-content\/uploads\/2024\/04\/Sarah-SP3-scaled-1.jpg\" title=\"\" data-rl_title=\"\" class=\"rl-gallery-link\" data-rl_caption=\"\" data-rel=\"lightbox-gallery-2\"><img src=\"https:\/\/tarqitamaat.ca\/wp-content\/uploads\/2024\/04\/Sarah-SP3-scaled-1.jpg\" width=\"1707\" height=\"2560\" alt=\"\" \/><\/a> <\/li> <li class=\"rl-gallery-item splide__slide\" data-thumb=\"https:\/\/tarqitamaat.ca\/wp-content\/uploads\/2024\/04\/Sarah-SP2-scaled-1.jpg\"> <a href=\"https:\/\/tarqitamaat.ca\/wp-content\/uploads\/2024\/04\/Sarah-SP2-scaled-1.jpg\" title=\"\" data-rl_title=\"\" class=\"rl-gallery-link\" data-rl_caption=\"\" data-rel=\"lightbox-gallery-2\"><img src=\"https:\/\/tarqitamaat.ca\/wp-content\/uploads\/2024\/04\/Sarah-SP2-scaled-1.jpg\" width=\"1707\" height=\"2560\" alt=\"\" \/><\/a> <\/li> <\/ul> <\/div> <\/div>\n\n\n\n<p>\u140a\u1466\u1528\u14d5\u140a\u1555\u14c2\u1550\u14a5\u14c2\u1483 \u140a\u1450\u1550\u1455\u1405\u144e\u1466\u14ef\u14ef\u14aa\u152a\u1466 \/ Cr\u00e9dit photos \/ Photo Credit: Tukai Augiak<\/p>\n","protected":false},"excerpt":{"rendered":"<p>\u14ef\u140a\u152d \u14f5\u14a5\u14f5\u1483 | Sarah Samisack \u14ef\u140a\u152d \u14f5\u14a5\u14f5\u1483 \u1431\u148b\u1405\u1550\u14f4\u144e\u1466\u14ef\u1528 \u1405\u1555\u1483\u146b\u1466 \u1472\u144e\u14aa\u1528\u158f\u14d0\u14c4\u1466 \u1403\u14da\u1405\u152a\u1585 \u1403\u14bb\u14a5\u14c2\u1483 \u1450\u14c2\u14ef\u14aa\u1466\u14f1\u14c2 \u140a\u14bb\u14aa\u14d7 \u14a5\u1550\u14f1\u144e\u1405\u1466\u14f1\u14c2 \u14ef\u140a\u152d \u14f5\u14a5\u14f5\u1483 \u1403\u14c4\u1466\u152a\u140a\u14a5 \u1431\u1548\u1550\u14f4\u1450\u1555\u14c2\u1585. \u1456\u1559\u14c2\u14a5\u1405\u148d\u1403\u14d0\u14c8\u1450\u1585, \u146d\u14ef\u140a\u14c2 \u1455\u155d\u1559\u14c2 \u140a\u1550\u154c\u148d\u14a5, \u1403\u14d5\u14f4\u1550\u1450\u1585 \u14c4\u14c7\u1555\u14bb\u14a5 \u14ef\u1557\u14c2\u1466\u14f4\u1557\u14bb\u14a5 \u14aa\u14d0\u1450\u1528\u140a\u14da\u14a5. \u14ef\u140a\u152d \u14a5\u1550\u14f1\u14f2\u148d\u14ef\u152a\u1555\u14c2\u1585 \u140a\u1550\u14c8\u1549\u158f\u14d0\u14c8\u14f1\u14c2, \u140a\u1550\u14c0\u1466 \u140a\u14bb\u14aa\u14d7 \u140a\u1591\u144e\u1466 \u140a\u144e\u148b\u158f\u14d0\u14c2\u1559\u14ea\u14d7\u1585 \u140a\u14bb\u14aa\u14d7 \u140a\u14aa\u1405\u144e\u14c2\u1559\u14ea\u14d7\u1585. \u140a\u14c8\u14c7\u14bb\u14a5\u14c2\u1466 \u1403\u14d5\u14d0\u14c2\u140a\u1438\u1466\u14f1\u14c2 \u14a5\u1550\u14f1\u1546\u1405\u1550\u14ef\u14aa\u152a\u1585. \u140a\u1550\u14c8\u1549\u1466\u14f1\u14c2 \u14a5\u1550\u14f1\u1546\u140a\u14a5\u1483 \u140a\u14d5\u140a\u14f2\u148d\u14ef\u152a\u1555\u14c2\u1585. \u14ef\u1557\u14ea\u14d5\u1439\u14a5 \u14a5\u1550\u14f1\u1591\u140a\u1450\u1403\u14d0\u14c7\u1438\u1466\u14f1\u14c2, \u146d\u14ef\u140a\u14c2 \u14ef\u1557\u14ea\u14d5\u1439\u14a5 \u14c4\u1455\u154b\u1550\u1456\u1472\u14a5 \u14a5\u1550\u14f1\u14c2\u1550\u14a5\u1483 \u140a\u14d5\u140a\u148b\u152d\u1583\u14ef\u1559\u14ea\u14d5\u140a\u14ef\u14aa\u152a\u1585. \u157f\u1450\u1550\u1593\u1583\u14d5\u154b\u14a5\u1455\u1490 \u14ef\u1557\u14ea\u14d5\u1439\u14a5, \u14ef\u140a\u152d \u140a\u14aa\u1405\u144e\u14d5\u1405\u1546\u1405\u1550\u1450\u1555\u14c2\u1585 \u140a\u14bb\u14aa\u14d7 \u1438\u14c2\u14bb\u14a5\u14c2\u1483 &hellip; <a href=\"https:\/\/tarqitamaat.ca\/?page_id=7514\" class=\"more-link\">Continue reading <span class=\"screen-reader-text\">\u14c7\u14d5\u1550\u166f\u1450\u1585 | Janvier | January<\/span> <span class=\"meta-nav\">&rarr;<\/span><\/a><\/p>\n","protected":false},"author":1,"featured_media":7542,"parent":0,"menu_order":0,"comment_status":"closed","ping_status":"closed","template":"","meta":{"jetpack_post_was_ever_published":true},"jetpack_sharing_enabled":true,"jetpack_shortlink":"https:\/\/wp.me\/PaFG9T-1Xc","_links":{"self":[{"href":"https:\/\/tarqitamaat.ca\/index.php?rest_route=\/wp\/v2\/pages\/7514"}],"collection":[{"href":"https:\/\/tarqitamaat.ca\/index.php?rest_route=\/wp\/v2\/pages"}],"about":[{"href":"https:\/\/tarqitamaat.ca\/index.php?rest_route=\/wp\/v2\/types\/page"}],"author":[{"embeddable":true,"href":"https:\/\/tarqitamaat.ca\/index.php?rest_route=\/wp\/v2\/users\/1"}],"replies":[{"embeddable":true,"href":"https:\/\/tarqitamaat.ca\/index.php?rest_route=%2Fwp%2Fv2%2Fcomments&post=7514"}],"version-history":[{"count":11,"href":"https:\/\/tarqitamaat.ca\/index.php?rest_route=\/wp\/v2\/pages\/7514\/revisions"}],"predecessor-version":[{"id":7549,"href":"https:\/\/tarqitamaat.ca\/index.php?rest_route=\/wp\/v2\/pages\/7514\/revisions\/7549"}],"wp:featuredmedia":[{"embeddable":true,"href":"https:\/\/tarqitamaat.ca\/index.php?rest_route=\/wp\/v2\/media\/7542"}],"wp:attachment":[{"href":"https:\/\/tarqitamaat.ca\/index.php?rest_route=%2Fwp%2Fv2%2Fmedia&parent=7514"}],"curies":[{"name":"wp","href":"https:\/\/api.w.org\/{rel}","templated":true}]}}