{"id":7425,"date":"2023-12-15T20:02:44","date_gmt":"2023-12-15T20:02:44","guid":{"rendered":"https:\/\/tarqitamaat.ca\/?page_id=7425"},"modified":"2026-04-09T15:26:16","modified_gmt":"2026-04-09T15:26:16","slug":"%e1%90%8b%e1%95%90%e1%94%aa%e1%93%95%e1%90%85%e1%91%a6-decembre-december-4","status":"publish","type":"page","link":"https:\/\/tarqitamaat.ca\/?page_id=7425","title":{"rendered":"\u140b\u1550\u152a\u14d5\u1405\u1466 |D\u00e9cembre | December"},"content":{"rendered":"\n<h2 class=\"wp-block-heading\">\u1403\u14d5\u14f4\u1431 | Elisapie <\/h2>\n\n\n\n<p class=\"has-very-light-gray-background-color has-background\">\u1403\u14d5\u14f4\u1431 \u14d5\u14ef \u166f\u14aa\u14d5\u1483 \u1581\u1438\u14c4\u140a\u1585, \u1405\u155d\u1559\u14d8\u14d0\u14c3\u1466 \u1583\u1405\u1528\u14aa\u152d\u1405\u14c2\u1550\u1438\u1405\u14f1\u14c2 \u1403\u14d5\u14f4\u1431, \u1455\u146f\u1466\u14f4\u1405\u1583\u1466\u1455\u14da\u1593\u152a\u1585  \u1405\u1559\u1466\u144e\u14c2 \u140a\u144e\u14d5\u14bb\u14a5\u1483 \u140a\u1550\u1555\u1455\u1548\u144e\u1583\u1550\u14d7\u14c2, \u146d\u1591\u14c2\u1593\u148d\u1466 \u14c4\u1456\u14c2\u1483 \u1403\u14c4\u1466\u144e\u1450\u1466 \u1403\u1595\u158f\u1548\u14ef\u1550\u14a5\u14c2\u1483 \u1403\u1595\u158f\u144e\u14d7\u148d \u1450\u14f4\u1550\u14f4\u1405\u14d5\u144c\u14d0\u14c7\u14d5\u14da\u1405\u152a\u1466\u14f1\u14c2. \u14f4\u14ea\u14d7\u14c2 \u1431\u1548\u1550\u14f4\u1450\u1555\u14c2\u1585, \u14c4\u14c7\u14d5\u14d0\u14c2 \u1403\u1595\u158f\u1591\u140a\u1583\u1466\u1455\u1581\u152d\u1405\u14ef\u14aa\u152a\u1585 \u14a5\u146d\u152a\u140a\u1431\u1405\u158f\u14d0\u14c8\u14f1\u14c2. \u1403\u1595\u158f\u1591\u140a\u1581\u152d\u1405\u1583\u1466\u1455\u14ef\u14aa\u1490\u14a5, \u1405\u14ea\u14d7\u1455\u14ab\u1466 \u1450\u14f4\u1405\u144e\u14d5\u140a\u1583\u1466\u1455\u1450\u1555\u14c2\u1585 \u14aa\u1550\u1549\u14c2\u1483 \u1403\u1595\u158f\u1591\u140a\u1546\u140a\u1550\u1450\u14f1\u14c2. &#8220;\u1455\u14bb\u14ab\u1431\u1450\u140a\u154b\u14aa, \u1472\u1595\u1591\u14f1\u148d\u140a\u1550\u1451\u1583\u1466\u1455\u14ef\u14aa\u152a\u1593 \u140a\u14bb\u14aa\u14d7 \u1455\u146f\u1466\u14f4\u1405\u148d\u14d0\u14c0\u1472\u14ea\u14da\u1490\u14f1\u140a\u14ef\u1466\u14f1\u1593 \u140a\u1550\u1438\u14ef\u1466\u14f1\u1593,&#8221; \u14da\u1466\u14f1\u14c2 \u1403\u152a\u14da\u1405\u1550\u1450\u1585. \u1403\u1595\u158f\u1583\u1466\u1455\u1450\u1555\u14c2\u1405\u1466\u14f1\u14c2\u14d7 \u1431\u14ef\u14d0\u14c2\u1483 (\u14c0\u14c8\u1550\u144e\u144e\u14d7\u148b\u1466) \u1450\u1466\u14ef\u140a\u1555\u14bb\u14a5 \u1403\u14da\u1583\u1550\u14f1\u14c2 \u1403\u14da\u14a5\u14c2\u1483. \u1456\u1483\u146f\u140a \u140a\u1451\u144e\u1583\u1466\u1455\u1455\u1555\u14c2\u158f\u1466 \u1450\u14f4\u1550\u14f4\u1405\u148d\u144e\u148b\u1466\u14f1\u148b\u1466, \u1472\u1595\u1591\u14f1\u1466\u1455\u1450\u1555\u14c2\u1405\u1466\u14f1\u14c2 \u14f1\u158f\u1405\u144e\u154b\u1455\u1550\u14f1\u14c2. &#8220;\u14f1\u158f\u1405\u14d0\u14c2\u1583\u14ef\u154b\u1455\u14da\u1405\u1550\u14ef\u14aa\u152a\u1593. \u1403\u14da\u1405\u1583\u1466\u1455\u14ef\u14aa\u1466\u14f1\u14c2\u14d7 \u1431\u148b\u1405\u1550\u14f4\u1583\u1455\u1405\u1466\u14f1\u14c2 \u140a\u1483\u1472\u14a5\u14c2\u1483 \u152e\u1528 \u1583\u1550\u1584\u152a\u14a5\u1483 \u14f4\u14ea\u14d7\u1403\u1466 \u1431\u1595\u1591\u140a\u144e\u158f\u14d0\u14c2\u1466 \u1403\u14da\u1405\u152a\u14a5\u1483. \u1456\u1483\u146f\u140a\u14d5\u14ab\u1466 \u1450\u14f5\u152d\u1405\u1595\u1591\u140a\u1546\u140a\u14a5\u1483 \u140a\u14d5\u140a\u148b\u152d\u1405\u1583\u1466\u1455\u14ef\u14aa\u152a\u1466, \u140a\u14d5\u140a\u1595\u1591\u140a\u1450\u1403\u14d0\u14c7\u14f1\u144e\u1483 \u1403\u1595\u158f\u1583\u1466\u1455\u14c2\u154b\u14a5\u1483. \u1403\u14d5\u14f4\u1431 \u1450\u14f4\u1550\u14c2\u152e\u1548\u144e\u14c2\u1483 \u1450\u14f5\u158f\u14d0\u14c7\u1583\u1466\u1455\u14ef\u14aa\u152a\u1585 \u1431\u1548\u1550\u14f4\u14f1\u14c2, \u146d\u14ef\u140a\u14c2 \u1403\u14f1\u14aa\u14da\u1405\u1550\u14ef\u14aa\u14d0\u14c2\u158f\u1466\u1450\u1585 \u1403\u1595\u158f\u144e\u1405\u14db\u1546\u140a\u14a5\u1483, \u146d\u14ef\u140a\u14c2 \u14c4\u14c7\u14d5\u14a5\u1405\u148d\u1583\u144e\u14a5\u14c4\u1466, \u140a\u14c8\u14c7\u1490\u14f4\u14a5\u14c4\u1466, \u1403\u1595\u158f\u144e\u1405\u14db\u1546\u140a\u1593 \u1583\u1405\u1528\u14aa\u152d\u1405\u1450\u1403\u14d0\u14c7\u1450\u1555\u14c2\u1585. \u1438\u14c2\u14bb\u14a5\u14c2\u1483 \u1403\u1595\u158f\u144e\u14d7\u148d \u144c\u14aa\u1595\u1593\u14c2\u1466 \u140a\u14d5\u140a\u1583\u1466\u1455\u14ef\u14aa\u152a\u1585, \u140a\u14d5\u140a\u14c7\u1550\u1450\u14aa\u1546\u14bb\u14a5\u1483 \u1403\u1449\u1431\u148d\u14f1\u14da\u157f\u144e\u1455\u1405\u14f1\u14c2. \u14f4\u14ea\u14d7\u14c2 \u1450\u1595\u1593\u1555\u1583\u14ea\u14da\u1546\u1466\u14ef\u14aa\u152a\u1585 \u140a\u14d5\u140a\u148b\u14bb\u14aa\u1546\u1466\u14f1\u148d \u1431\u148b\u1405\u1550\u1438\u14d5\u140a\u1555\u148b\u148b\u1593\u14a5\u1483.<br> \u146d\u1591\u14ea\u14d5\u1439\u148d\u14ef\u14aa\u152b\u1483 \u14aa\u1550\u1548\u1403\u1483 \u1403\u1595\u158f\u1548\u14ef\u158f\u1466 \u1431\u152a\u1466\u14f4\u1405\u152e\u1548\u144e\u148b\u14ef\u14aa\u152d\u158f\u1466 \u1431\u14ef\u14aa\u14ea\u14da\u1546\u1466\u144e\u14d7\u148b\u1466 \u1405\u1555\u1483\u1472\u1405\u14c2\u1555\u14c2\u1550\u14a5\u14c2\u1466, \u14c7\u14bb\u14a5\u14c2\u1585 \u140a\u1451\u144e\u1583\u1466\u1455\u14ef\u14aa\u152d\u14a5\u14c2\u1466 \u140a\u14bb\u14aa\u14d7 \u1403\u1449\u1431\u148b\u1583\u1466\u1455\u14ef\u14aa\u152d\u14a5\u14c2\u1483 \u1472\u1595\u1591\u14f1\u148d\u144e\u148b\u1466\u14f1\u148b\u1466 \u140a\u1550\u154c\u148d\u14c2 \u140a\u14a5\u14f1\u14c2. The Ballad Of A Runaway Girl, \u1403\u14da\u1593\u144e\u148d\u1466, \u1403\u14d5\u1559\u14ea\u14d5\u140a\u148d\u144e\u148b\u14ef\u14aa\u152d\u1593 \u1403\u14c4\u1466\u144e\u1450\u1466 \u1403\u1595\u158f\u1583\u1466\u1455\u1548\u14d0\u14c7\u14ef\u1466\u14f1\u14c2. \u1456\u14d0\u14c7 \u1431\u14c7\u14f1\u140a\u1550\u14ef\u14aa\u152d\u1593 \u140a\u1431\u1550\u14f2\u144e\u14c2\u1483 \u1403\u14f1\u14aa\u14a5\u1405\u1455\u1546\u1450\u1403\u14d0\u14c7\u1583\u1466\u1455\u14ef\u14aa\u152d\u14a5\u14c2\u1483 \u140a\u14c2\u1466\u14ef\u148d\u14ea\u14c7\u1405\u144e\u1456\u1546\u1466\u14f1\u148d, \u140a\u14bb\u14aa\u14d7 \u14f5\u1595\u1593\u14ef\u148d\u14d0\u14c7\u14ef\u1466\u14f1\u14c2 \u1434\u146f\u14d7\u14bb\u14a5\u14c2\u1483, \u140a\u14c8\u14c7\u14ea\u14da\u1546\u14bb\u14a5\u14c2\u1483, \u1403\u14c5\u14d5\u1550\u144e\u14d7\u148d\u14d7 \u144e\u148d\u140a\u1550\u1456\u1546\u152d\u1405\u14d0\u14c2\u154b\u14a5, \u1403\u14c4\u1403\u1466 \u144e\u148d\u140a\u1550\u1456\u144e\u1466\u14ef\u1450\u1403\u14d0\u14c7\u1438\u14da\u1405\u1550\u14aa\u1455 \u140a\u1451\u144e\u14da\u1405\u1550\u14ef\u14aa\u1595\u158f\u1451\u1559\u14ea\u14d5\u140a\u14d5\u1550\u14f1\u14c2\u14d7 \u144e\u148d\u140a\u1550\u1456\u144e\u1466\u14ef\u14c2\u1585. \u146d\u1591\u14ea\u14d5\u1439\u1466 \u1403\u1595\u158f\u1548\u14ef\u14d5\u140a\u1555\u14c2\u158f\u1466, \u140a\u1550\u154c\u148e\u14d0\u14c2 2-\u14c2 \u1431\u1490\u14f1\u140a\u14bb\u14aa\u1546\u1405\u144e\u148b\u14ef\u14aa\u152d\u158f\u1466 \u14c4\u1403\u148d\u14d0\u14c7\u14ef\u1450\u1403\u14d0\u14c7\u154b\u1455\u1550\u14f1\u148b\u1466. \u14a5\u146d\u152a\u1595\u1591\u140a\u148d\u144e\u148b\u140a\u1550\u1455\u1555\u14c2\u1593 \u1431\u14c7\u14f1\u140a\u1550\u14f1\u148d \u140a\u146f\u14c3\u1548\u144e\u148b\u14ef\u1466\u14f1\u148d \u14c7\u14ea\u14d5\u1473\u1583\u1466\u1455\u14f1\u148b\u14ea\u14d7 \u1403\u1595\u158f\u1548\u14aa\u152d\u158f\u1466 \u1431\u1559\u14ea\u14d5\u140a\u144e\u14ef\u14aa\u152d\u158f\u1466; \u1450\u146d\u14ef\u14aa\u152a\u1585 \u1456\u1483\u146f\u140a \u14c7\u14ea\u14d5\u1473\u1583\u1466\u1455\u1455\u1555\u14c2\u158f\u1466 \u1431\u1405\u152a\u14ea\u14da\u1546\u1405\u148b\u140a\u1583\u1583\u1466\u1455\u14da\u1405\u152a\u14bb\u14aa\u1455, \u1431\u14bb\u14aa\u1546\u1405\u144e\u148b\u140a\u1583\u1550\u14f1\u148b\u14ea\u14d7. <br> \u1583\u14c2\u14aa\u14d0\u14c7\u1583\u1550\u144e\u14d7\u148d \u1403\u14bb\u14a5\u14c2\u1483 \u157f\u14a5\u1550\u1548\u14da\u1546\u148d\u14d0\u14c7\u14ef\u14ef\u14aa\u152a\u1585, \u1583\u1405\u1528\u14f4\u1548\u14d0\u14c7\u14ef\u1466\u14f1\u14c2 \u1583\u14c4\u1403\u1466\u1450\u14c2\u1483 \u1403\u1449\u1431\u148d\u14f1\u14bb\u14aa\u1594\u14bb\u14a5, \u14c7\u146d\u14c2\u1455\u1405\u14bb\u14aa\u1594\u1455 \u140a\u14bb\u14aa\u14d7 \u1583\u14c4\u1585 \u1450\u14f5\u152d\u1405\u144e\u148d\u14d0\u14c7\u14ef\u148d\u14d0\u14c7\u14aa\u1594\u1550\u14a5\u148b\u1466. \u1455\u1550\u154b\u14a6\u1466\u14ef\u14aa\u14d5\u1550\u14f1\u14c2\u14d7, \u140a\u14bb\u14aa\u14d7 \u140a\u14c3\u1550\u14f1\u14c2 \u1455\u1550\u154b\u14a5 \u140a\u158f\u152a\u14bb\u14aa\u1546\u14bb\u14a5\u1483 \u1403\u1472\u152a\u1550\u14ef\u152d\u1405\u148d\u14d0\u14c7\u14ef\u152a\u1555\u14c2\u1405\u1466\u14f1\u14c2. \u1431\u1559\u14ea\u14d5\u140a\u144e\u1466\u14ef\u14f1\u14c2 \u1403\u1595\u158f\u1591\u140a\u1548\u14ef\u14a5\u14c2\u1483, \u1455\u1550\u14c2\u144e\u148d\u1466 \u140a\u1466\u1450\u1455\u1405\u14c2\u1583\u1550\u14ef\u14aa\u152a\u1585, \u140a\u14bb\u14aa\u14d7 \u1431\u152a\u14d0\u14c7\u1546\u140a\u14a5\u1483 \u1403\u1449\u1431\u148d\u14f1\u14da\u157f\u144e\u1455\u1405\u1466\u14f1\u14c2. \u14da\u14da\u1405\u1550\u1449\u1450\u1585: &#8220;\u1403\u14bb\u14a5\u14c2\u1483 \u1472\u152a\u14ef\u148d\u14d0\u14c7\u14ef\u1550\u154b\u1455\u154b\u14f1\u140a\u1550\u14d7\u1455 \u146d\u14ef\u140a\u14c2, \u1403\u14c7\u1581\u14c0\u1466\u1450\u1466 \u140a\u14c2\u148b\u140a\u1583\u1550\u14ef\u14aa\u152a\u1466, \u1432\u152d\u1550\u14d7\u148b\u1466 \u14c4\u146d\u14c2 \u157f\u14da\u1466\u14ef\u14aa\u152a\u1466, \u140a\u14d5\u140a\u14c7\u1595\u158f\u1451\u148d\u144f\u1466!&#8221; \u1431\u14c7\u14f1\u1490\u14ea\u14da\u1546\u1593 \u1431\u148b\u140a\u1550\u1438\u14d5\u140a\u144e\u14d7\u148d, \u1583\u1405\u1528\u14aa\u152d\u1405\u1595\u158f\u1451\u1555\u14d5\u14ab\u14a5\u14c4\u1466 \u1583\u1405\u1528\u14aa\u152d\u1405\u1466\u144c\u14d5\u148d\u14aa\u14ef\u14aa\u152a\u1585, \u1431\u152a\u14d0\u14c7\u1450\u1546\u14d7\u140a\u1550\u14c2\u14a5\u1483 \u1403\u1449\u1431\u148d\u14f1\u148d\u14d0\u14c0\u14d7\u14c2 \u1405\u155d\u1559\u14d8\u14d0\u14c3\u1466 \u14c8\u14bb\u14aa\u148b\u152d\u1405\u1595\u158f\u14c2\u1550\u14a5\u1483 \u1472\u14aa\u148b\u152d\u1583\u14ea\u14d7\u140a\u1548\u14d0\u14c0\u14d7\u14c2. &#8220;\u1405\u14a1\u148d\u140a\u14c2\u1550\u14a5\u1483 \u1403\u1449\u1431\u148d\u14f1\u1466\u1450\u1593, \u146d\u14ef\u140a\u14c2 \u1403\u1449\u1431\u148d\u14f1\u14bb\u14a5\u14f1\u1593 \u1403\u14f1\u14aa\u1455\u1405\u148d\u144e\u1583\u1550\u1450\u1555\u14c2\u1405\u148b\u140a\u1550\u14c2\u1483 \u1405\u1455\u1550\u157f\u1450\u1403\u14d0\u14c7\u14d7\u1593 \u140a\u1450\u1403\u14d0\u14c7\u1405\u158f\u14d0\u14c2\u14c2.&#8221;<br> \u1455\u14aa\u1483\u146f\u140a\u14d5\u14ab\u1466 \u1450\u146d\u14d6\u1466 \u1403\u1595\u158f\u1591\u140a\u1550\u14ef\u152d\u158f\u14d0\u14c3\u14c2\u158f\u1466 \u1456\u1550\u14c2\u14ed\u1466, \u146d\u14ef\u140a\u14c2 \u1456\u14c2\u14ef\u1548\u1455\u1405\u148d\u14d0\u14c7\u14f1\u144e\u1483, \u140a\u14bb\u14aa\u14d7 \u140a\u1466\u1528\u148c\u1595\u158f\u14c2\u1550\u14f4\u14c4\u1466 \u1455\u146f\u14d0\u14c7\u1455\u1405\u148b\u140a\u1550\u1450\u1548\u14d0\u14c7\u1405\u144e\u148b\u1466\u14f1\u148b\u1466. \u1455\u1490 \u14c4\u146d\u1583\u14d5\u154b\u14a5 \u1403\u14ab\u1483 \u1403\u14f1\u14aa\u14d5\u1550\u1450\u1585, \u1583\u14c4\u14d5\u14ab\u1585 \u1431\u14ea\u14da\u1546\u1405\u148d\u14aa\u14c2\u1550\u14a5\u14c2\u1483, \u140a\u14bb\u14aa\u14d7 \u140a\u14d5\u140a\u14f1\u14d0\u14c2\u1583\u1466\u14ef\u140a\u14d7\u14c2 \u1403\u14c5\u14ef\u1550\u14a5\u14c2. \u1455\u14aa\u1483\u146f\u140a\u14d5\u14ab\u1466 \u1431\u148b\u14d5\u154b\u14a5\u148b\u1466, \u1403\u14f1\u14aa\u14a5\u14d0\u14c2\u14f4\u1405\u148b\u140a\u14a5\u1483 \u1403\u1449\u1431\u148d\u14f1\u14d5\u1550\u1450\u1585. <\/p>\n\n\n<p class=\"has-very-light-gray-background-color has-background\">Elisapie Lisi Qaimalik Qupanuaq, ou mieux connue sous le nom d\u2019Elisapie, pr\u00e9sente en ce moment la tourn\u00e9e Uvattini, suivant son nouvel album Inuktitut. Elle a grandi \u00e0 Salluit, encourag\u00e9e \u00e0 chanter par sa communaut\u00e9 \u00e0 un jeune \u00e2ge. Si bien qu\u2019\u00e0 chaque jour, elle allait \u00e0 la station de radio pour y chanter deux chansons. \u00ab Si je me trompais un tout petit peu, je devenais tr\u00e8s g\u00ean\u00e9e et je partais en courant en plein milieu de la chanson. \u00bb dit-elle en rigolant. Elle chantait aussi \u00e0 l\u2019\u00e9glise avec sa famille des pisiit (des courtes chansons). Ces \u00e9v\u00e8nements lui ont permis de se faire entendre et de sortir de sa bulle de jeune fille g\u00ean\u00e9e. \u00ab C\u2019\u00e9tait ma seconde nature \u00bb. Elle participait aussi aux r\u00e9p\u00e9titions avec son oncle George Kakayuk, du Salluit Band. Tous ces moments n\u2019\u00e9taient pas pris au s\u00e9rieux, ce n\u2019\u00e9tait que pour le plaisir. Elisapie \u00e9tait entour\u00e9e de musique en grandissant, mais ne s\u2019imaginait pas qu\u2019elle deviendrait chanteuse, mais le reste du village, dont sa m\u00e8re, l\u2019avait vue venir. Celle-ci a toujours aim\u00e9 entendre sa fille chanter, \u00e7a lui apportait beaucoup de joie. Salluit est devenu son endroit sacr\u00e9. <br>Ses deux derniers albums ont \u00e9t\u00e9 grandement inspir\u00e9s par sa jeunesse, par des \u00e9v\u00e8nements personnels et des sentiments refoul\u00e9s au cours des ann\u00e9es. The Ballad Of A Runaway Girl mettait en quelque sorte en place les \u00e9l\u00e9ments qui l\u2019ont amen\u00e9e \u00e0 Inuktitut. Cette \u0153uvre lui a permis de poser les questions qui lui br\u00fblaient la langue, faire face \u00e0 sa puukuluk, sa m\u00e8re biologique, puisqu\u2019elle a \u00e9t\u00e9 adopt\u00e9e d\u00e8s sa naissance, une coutume de moins en moins pratiqu\u00e9e de nos jours. Son dernier album quant \u00e0 lui a pu voir le jour apr\u00e8s deux ans de travail acharn\u00e9. Ce qui devait \u00eatre un petit projet est devenu un long processus de choix des chansons; elle a compris que ces choix devaient \u00eatre minutieux, qu\u2019elle devait y accorder de l\u2019importance. <br>La pand\u00e9mie l\u2019a forc\u00e9e \u00e0 voir plus profond\u00e9ment en elle-m\u00eame, \u00e0 aller explorer la nature de ses \u00e9motions, d\u2019o\u00f9 elles viennent, comment elle les exprime. Elle a pass\u00e9 du temps dans le nord et les grands espaces l\u2019ont \u00e9norm\u00e9ment aid\u00e9. Durant le d\u00e9veloppement de l\u2019album, elle a v\u00e9cu une exp\u00e9rience spirituelle, et cela l\u2019a remplie de confiance. Elle ajoute : \u00ab Il fallait juste oser, le laid devait sortir, enlever les n\u0153uds dans les muscles, les peines ! \u00bb Au d\u00e9but de sa carri\u00e8re, elle voulait passer le plus inaper\u00e7ue possible, sans trop de confiance, ni s\u2019embarquer dans des controverses. \u00ab Je me sens d\u00e9sol\u00e9e, mais je sens que j\u2019ai \u00e9t\u00e9 intelligente d\u2019attendre de me sentir pr\u00eate \u00bb. <br>Tous ces aspects font en sorte que l\u2019album est plus sombre, mais tout de m\u00eame dansant, et rejoint une vari\u00e9t\u00e9 de spectateurs. Maintenant, elle a une force qu\u2019elle assume, elle veut \u00eatre le plus vrai que possible, et vivre dans la joie. Avec tout \u00e7a elle se sent plus libre.<\/p>\n\n\n<p class=\"has-very-dark-gray-color has-very-light-gray-background-color has-text-color has-background\">Elisapie Lisi Qaimalik Qupanuaq, or better known as Elisapie, is currently presenting the Uvattini tour, following her new album, Inuktitut. She grew up in Salluit, encouraged to sing by her community at an early age. So much so that every day she would go to the radio station to sing two songs. &#8220;If I got even the slightest bit wrong, I&#8217;d get really embarrassed and run off in the middle of the song,&#8221; she laughs. She also sang pisiit (short songs) in church with her family. These events enabled her to make herself heard, and to get out of her shy little bubble. &#8220;It was second nature to me\u201d. She also took part in rehearsals with her uncle George Kakayuk from the Salluit Band. All these moments were not taken for granted, they were all for fun. Elisapie was surrounded by music growing up, but never imagined she would become a singer, but the rest of the village, including her mother, saw her coming. She always loved to hear her daughter sing, it brought her great joy. Salluit became her sacred place.<br> Her last two albums were largely inspired by his youth, personal events and feelings repressed over the years. The Ballad Of A Runaway Girl, in a way, set out the elements that led her to Inuktitut. This work enabled her to ask the questions that had been burning in her mind, and to face up to her puukuluk, her biological mother, since she was adopted at birth, a custom less and less practiced these days. As for her latest album, it took two years of hard work to bring it to fruition. What was supposed to be a small project became a long process of choosing songs; she understood that these choices had to be meticulous, that she had to give them importance.<br> The pandemic forced her to look deeper into herself, to explore the nature of her emotions, where they come from and how she expresses them. She spent some time up north, and the great outdoors helped her enormously. During the development of the album, she had a spiritual experience, and that filled her with confidence. She adds: &#8220;We just had to dare, the ugly had to come out, remove the knots in the muscles, the sorrows!&#8221; At the start of her career, she wanted to go as unnoticed as possible, without overconfidence or getting embroiled in controversy. &#8220;I feel sorry, but I feel I was smart to wait until I felt ready.&#8221; <br> All these aspects mean that the album is darker, but still dancing and reaches a variety of audiences. Now she has a strength that she assumes, she wants to be as real as possible, and live in joy. With all this, she feels freer.<\/p>\n\n\n\n<p class=\"has-background\" style=\"background-color:#e5f5f5\">\u1583\u1405\u1528\u148b\u140a\u1466\u14ef\u140a\u1548\u14aa\u148d\u1555\u1466 \u14f4\u14c7\u1595\u1591\u140a\u144e\u1405\u1449 \u14a5\u1466\u14f5\u14c4\u1466 \/ D\u00e9couvrir plus sur l&#8217;artiste \/ Know more about the artist:<br> <a rel=\"noreferrer noopener\" href=\"https:\/\/www.facebook.com\/elisapieisaac\" target=\"_blank\">Facebook Page<\/a> <br><a rel=\"noreferrer noopener\" href=\"https:\/\/www.instagram.com\/elisapie\/?hl=en\" target=\"_blank\">Instagram<\/a> <br><a rel=\"noreferrer noopener\" herf=\"https:\/\/www.youtube.com\/channel\/UCaZffnbAMmRTxm1KGkibhaA\" target=\"_blank\">Youtube<\/a><\/p>\n\n\n\n<figure class=\"wp-block-embed is-type-video is-provider-youtube wp-block-embed-youtube wp-embed-aspect-16-9 wp-has-aspect-ratio\"><div class=\"wp-block-embed__wrapper\">\n<div class=\"jetpack-video-wrapper\"><span class=\"embed-youtube\" style=\"text-align:center; display: block;\"><iframe loading=\"lazy\" class=\"youtube-player\" width=\"700\" height=\"394\" src=\"https:\/\/www.youtube.com\/embed\/4FODaK7Rz4k?version=3&#038;rel=1&#038;showsearch=0&#038;showinfo=1&#038;iv_load_policy=1&#038;fs=1&#038;hl=en-US&#038;autohide=2&#038;wmode=transparent\" allowfullscreen=\"true\" style=\"border:0;\" sandbox=\"allow-scripts allow-same-origin allow-popups allow-presentation\"><\/iframe><\/span><\/div>\n<\/div><\/figure>\n\n\n\n<div class=\"rl-gallery-container splide rl-loading\" id=\"rl-gallery-container-1\" data-gallery_id=\"266\"> <div class=\"rl-gallery rl-basicslider-gallery splide__track rl-hover-icon-10\" id=\"rl-gallery-1\" data-gallery_no=\"1\"> <ul class=\"splide__list\"> <li class=\"rl-gallery-item splide__slide\" data-thumb=\"https:\/\/tarqitamaat.ca\/wp-content\/uploads\/2019\/01\/fox-wife-spread-2.jpg\"> <a href=\"https:\/\/tarqitamaat.ca\/wp-content\/uploads\/2019\/01\/fox-wife-spread-2.jpg\" title=\"\" data-rl_title=\"\" class=\"rl-gallery-link\" data-rl_caption=\"\" data-rel=\"lightbox-gallery-1\"><img src=\"https:\/\/tarqitamaat.ca\/wp-content\/uploads\/2019\/01\/fox-wife-spread-2.jpg\" width=\"1808\" height=\"748\" alt=\"\" \/><\/a> <\/li> <li class=\"rl-gallery-item splide__slide\" data-thumb=\"https:\/\/tarqitamaat.ca\/wp-content\/uploads\/2019\/02\/Fox-Wife-Spread-1-1.jpg\"> <a href=\"https:\/\/tarqitamaat.ca\/wp-content\/uploads\/2019\/02\/Fox-Wife-Spread-1-1.jpg\" title=\"\" data-rl_title=\"\" class=\"rl-gallery-link\" data-rl_caption=\"\" data-rel=\"lightbox-gallery-1\"><img src=\"https:\/\/tarqitamaat.ca\/wp-content\/uploads\/2019\/02\/Fox-Wife-Spread-1-1.jpg\" width=\"1804\" height=\"745\" alt=\"\" \/><\/a> <\/li> <\/ul> <\/div> <\/div>\n\n\n\n<p>\u140a\u1466\u1528\u14d5\u140a\u1555\u14c2\u1550\u14a5\u14c2\u1483 \u140a\u1450\u1550\u1455\u1405\u144e\u1466\u14ef\u14ef\u14aa\u152a\u1466 \/ Cr\u00e9dit photos \/ Photo Credit: Leeor Wild\n<p>\u140a\u14ea\u14da\u1450\u1585 | Texte de | Text by: Jessie Fortier Ningiuruvik<\/p><\/p>\n","protected":false},"excerpt":{"rendered":"<p>\u1403\u14d5\u14f4\u1431 | Elisapie \u1403\u14d5\u14f4\u1431 \u14d5\u14ef \u166f\u14aa\u14d5\u1483 \u1581\u1438\u14c4\u140a\u1585, \u1405\u155d\u1559\u14d8\u14d0\u14c3\u1466 \u1583\u1405\u1528\u14aa\u152d\u1405\u14c2\u1550\u1438\u1405\u14f1\u14c2 \u1403\u14d5\u14f4\u1431, \u1455\u146f\u1466\u14f4\u1405\u1583\u1466\u1455\u14da\u1593\u152a\u1585 \u1405\u1559\u1466\u144e\u14c2 \u140a\u144e\u14d5\u14bb\u14a5\u1483 \u140a\u1550\u1555\u1455\u1548\u144e\u1583\u1550\u14d7\u14c2, \u146d\u1591\u14c2\u1593\u148d\u1466 \u14c4\u1456\u14c2\u1483 \u1403\u14c4\u1466\u144e\u1450\u1466 \u1403\u1595\u158f\u1548\u14ef\u1550\u14a5\u14c2\u1483 \u1403\u1595\u158f\u144e\u14d7\u148d \u1450\u14f4\u1550\u14f4\u1405\u14d5\u144c\u14d0\u14c7\u14d5\u14da\u1405\u152a\u1466\u14f1\u14c2. \u14f4\u14ea\u14d7\u14c2 \u1431\u1548\u1550\u14f4\u1450\u1555\u14c2\u1585, \u14c4\u14c7\u14d5\u14d0\u14c2 \u1403\u1595\u158f\u1591\u140a\u1583\u1466\u1455\u1581\u152d\u1405\u14ef\u14aa\u152a\u1585 \u14a5\u146d\u152a\u140a\u1431\u1405\u158f\u14d0\u14c8\u14f1\u14c2. \u1403\u1595\u158f\u1591\u140a\u1581\u152d\u1405\u1583\u1466\u1455\u14ef\u14aa\u1490\u14a5, \u1405\u14ea\u14d7\u1455\u14ab\u1466 \u1450\u14f4\u1405\u144e\u14d5\u140a\u1583\u1466\u1455\u1450\u1555\u14c2\u1585 \u14aa\u1550\u1549\u14c2\u1483 \u1403\u1595\u158f\u1591\u140a\u1546\u140a\u1550\u1450\u14f1\u14c2. &#8220;\u1455\u14bb\u14ab\u1431\u1450\u140a\u154b\u14aa, \u1472\u1595\u1591\u14f1\u148d\u140a\u1550\u1451\u1583\u1466\u1455\u14ef\u14aa\u152a\u1593 \u140a\u14bb\u14aa\u14d7 \u1455\u146f\u1466\u14f4\u1405\u148d\u14d0\u14c0\u1472\u14ea\u14da\u1490\u14f1\u140a\u14ef\u1466\u14f1\u1593 \u140a\u1550\u1438\u14ef\u1466\u14f1\u1593,&#8221; \u14da\u1466\u14f1\u14c2 \u1403\u152a\u14da\u1405\u1550\u1450\u1585. \u1403\u1595\u158f\u1583\u1466\u1455\u1450\u1555\u14c2\u1405\u1466\u14f1\u14c2\u14d7 \u1431\u14ef\u14d0\u14c2\u1483 (\u14c0\u14c8\u1550\u144e\u144e\u14d7\u148b\u1466) \u1450\u1466\u14ef\u140a\u1555\u14bb\u14a5 \u1403\u14da\u1583\u1550\u14f1\u14c2 \u1403\u14da\u14a5\u14c2\u1483. \u1456\u1483\u146f\u140a \u140a\u1451\u144e\u1583\u1466\u1455\u1455\u1555\u14c2\u158f\u1466 \u1450\u14f4\u1550\u14f4\u1405\u148d\u144e\u148b\u1466\u14f1\u148b\u1466, \u1472\u1595\u1591\u14f1\u1466\u1455\u1450\u1555\u14c2\u1405\u1466\u14f1\u14c2 \u14f1\u158f\u1405\u144e\u154b\u1455\u1550\u14f1\u14c2. &#8220;\u14f1\u158f\u1405\u14d0\u14c2\u1583\u14ef\u154b\u1455\u14da\u1405\u1550\u14ef\u14aa\u152a\u1593. \u1403\u14da\u1405\u1583\u1466\u1455\u14ef\u14aa\u1466\u14f1\u14c2\u14d7 \u1431\u148b\u1405\u1550\u14f4\u1583\u1455\u1405\u1466\u14f1\u14c2 \u140a\u1483\u1472\u14a5\u14c2\u1483 \u152e\u1528 \u1583\u1550\u1584\u152a\u14a5\u1483 \u14f4\u14ea\u14d7\u1403\u1466 &hellip; <a href=\"https:\/\/tarqitamaat.ca\/?page_id=7425\" class=\"more-link\">Continue reading <span class=\"screen-reader-text\">\u140b\u1550\u152a\u14d5\u1405\u1466 |D\u00e9cembre | December<\/span> <span class=\"meta-nav\">&rarr;<\/span><\/a><\/p>\n","protected":false},"author":1,"featured_media":7432,"parent":0,"menu_order":0,"comment_status":"closed","ping_status":"closed","template":"","meta":{"jetpack_post_was_ever_published":false},"jetpack_sharing_enabled":true,"jetpack_shortlink":"https:\/\/wp.me\/PaFG9T-1VL","_links":{"self":[{"href":"https:\/\/tarqitamaat.ca\/index.php?rest_route=\/wp\/v2\/pages\/7425"}],"collection":[{"href":"https:\/\/tarqitamaat.ca\/index.php?rest_route=\/wp\/v2\/pages"}],"about":[{"href":"https:\/\/tarqitamaat.ca\/index.php?rest_route=\/wp\/v2\/types\/page"}],"author":[{"embeddable":true,"href":"https:\/\/tarqitamaat.ca\/index.php?rest_route=\/wp\/v2\/users\/1"}],"replies":[{"embeddable":true,"href":"https:\/\/tarqitamaat.ca\/index.php?rest_route=%2Fwp%2Fv2%2Fcomments&post=7425"}],"version-history":[{"count":19,"href":"https:\/\/tarqitamaat.ca\/index.php?rest_route=\/wp\/v2\/pages\/7425\/revisions"}],"predecessor-version":[{"id":114602,"href":"https:\/\/tarqitamaat.ca\/index.php?rest_route=\/wp\/v2\/pages\/7425\/revisions\/114602"}],"wp:featuredmedia":[{"embeddable":true,"href":"https:\/\/tarqitamaat.ca\/index.php?rest_route=\/wp\/v2\/media\/7432"}],"wp:attachment":[{"href":"https:\/\/tarqitamaat.ca\/index.php?rest_route=%2Fwp%2Fv2%2Fmedia&parent=7425"}],"curies":[{"name":"wp","href":"https:\/\/api.w.org\/{rel}","templated":true}]}}