{"id":7066,"date":"2023-09-15T17:35:19","date_gmt":"2023-09-15T17:35:19","guid":{"rendered":"https:\/\/tarqitamaat.ca\/?page_id=7066"},"modified":"2024-09-17T13:20:17","modified_gmt":"2024-09-17T13:20:17","slug":"%e1%90%8a%e1%92%a5%e1%95%83%e1%94%ad%e1%90%85%e1%91%a6-septembre-september-4","status":"publish","type":"page","link":"https:\/\/tarqitamaat.ca\/?page_id=7066","title":{"rendered":"\u140a\u14a5\u1543\u152d\u1405\u1466 | Septembre | September"},"content":{"rendered":"\n<h2 class=\"wp-block-heading\"> \u1455\u155d\u14c0 \u1472\u14ea\u1555\u14d0 | Daphne Calvin<\/h2>\n\n\n\n<p class=\"has-very-light-gray-background-color has-background\"> \u1455\u155d\u14c0 \u1472\u14ea\u1555\u14d0 \u1403\u14da\u1593\u144e\u148d\u1466 \u140a\u1466\u1528\u14d5\u1405\u1546\u1528 \u1470\u1466\u152a\u140a\u154c\u1431\u14bb\u14a5. \u14c7\u14bb\u14a5\u14c2\u14d5\u1483 \u146e\u14c7\u1405\u1466\u152d\u1546\u140a\u1550\u1555\u14a5\u14c2\u1483, \u140a\u144e\u14d5\u14bb\u14a5\u1483 Crenuk Studio, Facebook-\u1470\u1550\u1450\u14a5\u1483. \u14ef\u1557\u14ea\u14d5\u1439\u14a5 \u140a\u1466\u1528\u14d5\u1405\u1548\u144e\u1456\u1550\u1450\u1555\u14c2\u1585 Nikon-\u14a5\u1483 \u14a5\u146d\u152a\u140a\u1431\u1405\u158f\u14d0\u14c8\u14f1\u14c2, \u1401\u1466\u1450\u1455\u1405\u1466\u14f1\u14c2 \u140a\u1456\u1455\u14a5\u14c4\u1466 \u140a\u14c8\u14c7\u14a5\u14c4\u14d7, \u1403\u1472\u152a\u1550\u14ef\u14ef\u14aa\u1466\u14ef\u140a\u1450\u1555\u14c3\u1483 \u140a\u1593\u152a\u1550\u1584\u148b\u1483. \u144c\u1466\u14f1\u14aa\u14c2\u14c2\u1466, \u1403\u14bb\u14a5\u14c2\u157f\u1466\u14f1\u14c2 \u1403\u14d5\u1466\u14ef\u1559\u14ea\u14d5\u140a\u14ef\u14aa\u152a\u1585, \u140a\u1450\u1472\u1466\u1455\u14f1\u148d \u140a\u1466\u1528\u14d5\u1405\u1548\u144e\u1483, \u140a\u1466\u1528\u14d5\u1405\u1548\u144e\u1405\u14ea\u14d7 \u1583\u14c4\u1403\u14d5\u1593\u144e\u1466\u14ef\u148d\u144e\u158f\u14d0\u14c2\u1483, \u1403\u146f\u14aa\u14c2\u14ea\u14d7 \u140a\u14bb\u14aa\u14d7 \u140a\u14ef\u158f\u14d0\u14c2\u1483 \u1431\u152a\u14d0\u14c7\u1405\u144e\u1455\u158f\u14d0\u14c2\u1483. \u1455\u155d\u14c0 \u1450\u146d\u1456\u1550\u1450\u1555\u14c2\u1585 \u146e\u14c7\u1405\u152d\u14d5\u1405\u1550\u1555\u14a5\u1483 \u1431\u148b\u140a\u1550\u144e\u14ef\u14da\u1593\u14d5\u1550\u14f1\u14c2 2014-\u14a5. \u1401\u1449\u1438\u14a5\u14c4\u1466 \u1403\u1472\u152a\u1550\u1455\u1405\u154c\u1431\u1466\u14ef\u14aa\u152a\u1585 \u140a\u14bb\u14aa\u14d7 \u146b\u140b\u1529\u14a7\u1466 \u146e\u14c7\u1405\u152d\u1583\u1550\u144e\u1455\u1405\u1466\u14ef\u140a\u14ef\u14aa\u1466\u14f1\u14c2. <br>\n\u14c5\u1466\u1455\u158f\u14d0\u14c7\u14ef\u14aa\u1490\u14d7\u140a\u1550\u14f1\u14c2 \u14aa\u14d0\u1450\u1528\u140a\u14da\u14a7\u1466 \u140a\u14bb\u14aa\u14d7 \u1405\u144e\u1550\u1438\u14f1\u14c2, \u1472\u152a\u14ef\u144e\u1466\u14ef\u148d\u14d0\u14c7\u14ef\u14aa\u152a\u1585 \u1431\u14c7\u14f1\u140a\u1546\u140a\u14a5\u1483 \u140a\u14d5\u140a\u148b\u152d\u14a5\u14c2\u1483. \u140a\u1466\u1528\u14d5\u1405\u1546\u140a\u14a5\u1483 \u140a\u14d5\u140a\u148b\u152d\u14d5\u1483 \u1472\u144e\u144e\u1455\u1405\u152a\u14c2\u1483 \u140a\u14bb\u14aa\u14d7 \u1472\u1483\u1472\u14db\u14c2\u1483 \u1431\u14c7\u14f1\u140a\u1583\u144e\u1583\u1546\u140a\u14a5\u1483, &#8220;\u14c8\u14da\u1466\u14ef\u140a\u14f2\u1466&#8221; \u14da\u14da\u1405\u152b\u1585. \u1456\u1483\u146f\u1450\u140a\u148d\u1490\u144e\u14d7, \u140a\u1466\u1528\u14d5\u1405\u14f2\u148d\u14bb\u14a5\u14f1\u14c2 \u1403\u14c4\u14d0\u14c2\u1483 \u1455\u146f\u1466\u14f4\u14ef\u140a\u148d\u144e\u14d7\u148b\u1466 \u146e\u14c7\u158f\u1466, \u1403\u14da\u14a5\u14c2\u1483 \u140a\u14bb\u14aa\u14d7 \u14c2\u1405\u1550\u1548\u144e\u1583\u14f2\u148d\u1466\u14f1\u14c2 \u140a\u1466\u1528\u14d5\u140a\u1555\u14c2\u1550\u14a5\u14c2\u1483 \u1403\u14da\u1593\u14d0\u14c2. \u140a\u1466\u1528\u14d5\u1405\u14da\u1593\u152d\u14a5\u1455 \u1583\u14c4\u1403\u14d5\u1593\u14c2\u158f\u14d0\u14c2\u1483 \u140b\u1550\u157f\u14f1\u1403\u14f2\u1585 \u140a\u14bb\u14aa\u14d7 \u1450\u146d\u1456\u14f2\u148d\u1466\u14f1\u14c2 \u14c7\u14c3\u14d0\u14c2\u140a\u14aa\u1594\u1455, &#8220;\u140a\u14d5\u140a\u148b\u152d\u1583\u1550\u1450\u1593 \u1403\u14bb\u14a5\u14c2\u157f\u148b\u140a\u14a5\u1483, \u140a\u14bb\u14aa\u14d7 \u14ef\u1557\u14c2\u140a\u148d\u1466 \u1455\u146f\u14d0\u14c7\u14f2\u148d\u1466\u14f1\u1593 \u1583\u14c4\u1403\u14d5\u1593\u148b\u140a\u1583\u1550\u14c2\u158f\u14d0\u14c2\u1483.&#8221; \u14ef\u1557\u14c2\u1550\u14a5, \u1472\u144e\u144e\u1455\u1405\u152a\u14c2\u1483 \u140a\u1466\u1528\u14d5\u1405\u1546\u140a\u14d5\u1550\u157f\u1583\u1466\u1455\u14db\u1548\u14aa\u152a\u1585, \u140a\u14bb\u14aa\u14d7 \u140a\u1450\u1403\u14d0\u14c7\u1583\u1550\u14f1\u14c2 \u1431\u14c7\u14f1\u140a\u1548\u144e\u1455\u1583\u1466\u14ef\u140a\u1450\u14a5\u1483 \u140a\u1450\u154b\u1466\u14f4\u14ef\u140a\u1550\u1455\u14d5\u14bb\u14a5\u1483 \u1403\u14c2\u148b\u148d\u14d0\u14c7\u1455\u14a5\u14c2\u1483. <br>\n\u1403\u14bb\u14a5\u14c4\u1466, \u140a\u1466\u1528\u14d5\u1405\u1546\u14c2\u1550\u14a5\u1483 \u1431\u14bb\u14aa\u1546\u1405\u144e\u1466\u14ef\u152a\u1585 &#8220;\u140a\u1466\u1528\u1591\u140a\u1466 \u1431\u14bb\u14aa\u1546\u140a\u14d7\u1403\u1466. \u1403\u14c5\u14ef\u14d5\u14ab\u1585 \u14c4\u1403\u1455\u148d\u14d0\u14c7\u154b\u14a5\u1483. \u1431\u148b\u152d\u1405\u14d7\u1466\u1456\u1548\u14d0\u14c7\u1450\u1466 \u140a\u14bb\u14aa\u14d7 \u1403\u1550\u166f\u148d\u144e\u1595\u1591\u140a\u148d\u148d\u14d0\u14c7\u14f1\u144e\u1483. \u1405\u1559\u14d0\u14c4\u1466 \u140a\u1466\u1528\u14d5\u1405\u1546\u14c2\u1585 \u140a\u14bb\u14aa\u14d7 \u140b\u1550\u157f\u14f1\u1550\u14f1\u148b\u1466 \u1455\u146f\u14a5\u14c7\u1550\u1450\u14d5\u1405\u1550\u1450\u144e\u1451\u1550\u1450\u1585, \u1403\u14c5\u14ef\u14d5\u14ab\u154b\u14c2 \u1455\u146f\u14a5\u14c7\u1550\u1450\u14d5\u1405\u1546\u140a\u14a5\u1483 \u1403\u14f1\u1550\u1546\u148b\u152d\u1583\u1550\u14ef\u14aa\u152a\u1593. \u140a\u14bb\u14aa\u14d7 \u14c4\u1403\u144e\u1450\u140a\u154b\u1483\u146d\u1466 \u1405\u1559\u14d0\u14c4\u1466 \u1450\u146d\u1583\u1466\u14ef\u140a\u14f2\u1466.&#8221; \u140a\u14ef\u140a\u148d\u14ea\u14d7 \u1455\u146f\u14a5\u14c7\u1548\u144e\u14d5\u1405\u14f2\u148d\u1466\u14f1\u14c2 \u140a\u1450\u1550\u1455\u1405\u14f2\u14c2\u1483 \u140a\u14bb\u14aa\u14d7 \u140a\u14d0\u14c4\u154c\u14d5\u1405\u14f2\u148d\u1466\u14f1\u14c2, \u1403\u14f1\u14d5\u1555\u1466\u14f4\u1583\u1550\u1438\u158f\u1466\u1450\u1466 \u14c4\u1403\u144e\u1546\u1466\u14ef\u140a\u1548\u14d0\u14c7\u14c2\u1550\u14a5\u1483 \u1403\u14d7\u14bb\u14a5\u1472\u14a5. <br>\n\u1456\u1483\u146f\u140a \u1455\u146f\u1490\u1466\u14ed\u1466 \u1431\u148d\u1466\u1528\u14f1\u148b\u1466 \u1403\u14d5\u1483\u1470\u1450\u14a5\u1483 \u1431\u14c7\u14f1\u140a\u1550\u14ef\u14aa\u152a\u1585, \u146e\u14c7\u1405\u152d\u1583\u1550\u144e\u1455\u1405\u1466\u14f1\u14c2 \u140a\u1559\u1455\u1483\u146f\u14c4\u1466, \u1455\u146f\u1466\u14f4\u1405\u144e\u14d7\u148b\u1466 \u140a\u1550\u14c0\u1466 \u1470\u1466\u152a\u140a\u154c\u1431\u14a5\u1405\u1466 \u157f\u14a5\u1550\u1548\u144e\u1466\u14ef\u152a\u1466 \u1455\u1455\u14a5\u14d0\u14c7\u1450\u1403\u14d0\u14c7\u1450\u14c2\u1483 \u1431\u14c7\u14f1\u140a\u1550\u14ef\u14aa\u152d\u14a5\u14c2\u1483 \u140a\u14aa\u1405\u14ef\u1405\u1550\u14f1\u144e\u1483. \u1455\u155d\u1559\u14c2 \u1455\u146f\u148d\u14d0\u14c7\u1455\u14ef Facebook-\u146f \u14c4\u1403\u1455\u144e\u1466\u14ef\u1555\u1593. <\/p>\n\n\n\n<p class=\"has-very-light-gray-background-color has-background\"> Daphne Calvin est une photographe \u00e0 temps partiel de Kuujjuaraapik. Elle a sa propre entreprise, appel\u00e9e Crenuk Studio, sur Facebook. \u00c0 un tr\u00e8s jeune \u00e2ge, Elle a son premier appareil photo Nikon, offert par ses parents qui l&#8217;ont beaucoup soutenue. Depuis, elle a appris toute seule, en manipulant son mat\u00e9riel, les diff\u00e9rentes facettes de l&#8217;appareil photo, l&#8217;\u00e9clairage et les autres \u00e9quipements qui l&#8217;accompagnent. Daphn\u00e9 a d\u00e9cid\u00e9 de d\u00e9marrer son entreprise en 2014 avec l\u2019aide de son conjoint qui l&#8217;a soutenue et encourag\u00e9, ainsi que l\u2019appui financier de KRG. <br> \nMalgr\u00e9 ses allers-retours \u00e0 Montr\u00e9al, elle a pu continuer \u00e0 faire ce qu&#8217;elle aime. Ce qu\u2019elle pr\u00e9f\u00e8re c\u2019est prendre des photos de mariage et travailler avec des enfants, &#8220;ils \u00e9coutent bien&#8221;, qu\u2019elle dit. Elle photographie \u00e9galement des portraits, des familles et travaille en freelance. C&#8217;est elle qui pose les sujets et qui d\u00e9cide de l&#8217;emplacement de la photo : \u00ab J&#8217;aime faire les choses \u00e0 ma fa\u00e7on et j&#8217;ai une vision de ce \u00e0 quoi les choses devraient ressembler. \u00bb \u00c0 l&#8217;avenir, elle aimerait faire plus de photos de mariage et avoir acc\u00e8s \u00e0 un studio bien \u00e9quip\u00e9. <br> \nPour elle, prendre des photos est tr\u00e8s important. &#8220;Les photos sont tr\u00e8s importantes. Elles durent toute une vie. Ce sont des souvenirs. Pour moi, prendre des photos et les retoucher, c&#8217;est comme de l&#8217;art, j&#8217;ai \u00e9t\u00e9 artiste toute ma vie. Et quand je leur donne vie, cela signifie quelque chose pour moi&#8221;. D&#8217;ailleurs, elle cr\u00e9e \u00e9galement des bijoux et des v\u00eatements, son esprit cr\u00e9atif n\u2019ayant pas de limite. <br>\nElle a r\u00e9alis\u00e9 un projet sp\u00e9cial pour cette page, financ\u00e9 par Avataq, avec des femmes de Kuujjuaraapik qui ont pr\u00e9sent\u00e9 leur incroyable travail de cr\u00e9ation d&#8217;amauti. Vous trouverez sa page Facebook ici. <\/p>\n\n\n\n<p class=\"has-very-light-gray-background-color has-background\"> Daphne Calvin is a part time photographer from Kuujjuaraapik. She has her own business, called Crenuk Studio, on Facebook. She had her first Nikon camera at a young age, offered by her parents, they were very supportive of her. Since then, she taught herself, by hand, the different faucets of the camera, the lighting and other equipment that comes with it. Daphne decided to start her business in 2014. Her spouce supported her and kept her going and KRG funded her as well. <br>\nDespite the fact she moved back and forth to Montreal, she was able to continue what she loves. The pictures she likes to take are wedding photograph and to work with children, \u201cThey listen well\u201d she says. Not only that, she also photographs portraits, families and freelances. She\u2019s the one who poses the subjects and decide where it\u2019s done, \u201cI like to do things my way, and I have visions on how things should look like.\u201d In the future, she would like to do more of weddings pictures, and have access to a well-equipped studio space. <br>\nFor her, taking pictures is very important. \u201cPhotos are so important. They last a life time. They\u2019re keepsakes and memories. For me taking the photos and editing them is like art, I\u2019ve been artistic all my life. And when I bring them to life it means something to me.\u201d By the way she also creates jewelry and clothing, no limitation to her creative spirit. <br>\nShe did a special project for this page, funded by Avataq, with Kuujjuaraapik women showcasing their amazing work creating amauti. You can find her Facebook page here. <\/p>\n\n\n\n<p class=\"has-background\" style=\"background-color:#e5f5f5\">\u1583\u1405\u1528\u148b\u140a\u1466\u14ef\u140a\u1548\u14aa\u148d\u1555\u1466 \u14f4\u14c7\u1595\u1591\u140a\u144e\u1405\u1449 \u14a5\u1466\u14f5\u14c4\u1466 \/ D\u00e9couvrir plus sur l&#8217;artiste \/ Know more about the artist:<br> <a rel=\"noreferrer noopener\" href=\"https:\/\/www.facebook.com\/CrenukStudios\" target=\"_blank\">Facebook Page<\/a> <\/p>\n\n\n\n<p>\u140a\u14ea\u14da\u1450\u1585 | Texte de | Text by: Jessie Fortier Ningiuruvik<\/p>\n\n\n\n<div class=\"rl-gallery-container splide rl-loading\" id=\"rl-gallery-container-1\" data-gallery_id=\"6828\"> <div class=\"rl-gallery rl-basicslider-gallery splide__track \" id=\"rl-gallery-1\" data-gallery_no=\"1\"> <ul class=\"splide__list\"> <li class=\"rl-gallery-item splide__slide\" data-thumb=\"https:\/\/tarqitamaat.ca\/wp-content\/uploads\/2023\/08\/1-2-scaled.jpg\"> <a href=\"https:\/\/tarqitamaat.ca\/wp-content\/uploads\/2023\/08\/1-2-scaled.jpg\" title=\"\" data-rl_title=\"\" class=\"rl-gallery-link\" data-rl_caption=\"\" data-rel=\"lightbox-gallery-1\"><img src=\"https:\/\/tarqitamaat.ca\/wp-content\/uploads\/2023\/08\/1-2-scaled.jpg\" width=\"1707\" height=\"2560\" alt=\"\" \/><\/a> <\/li> <li class=\"rl-gallery-item splide__slide\" data-thumb=\"https:\/\/tarqitamaat.ca\/wp-content\/uploads\/2023\/08\/2-2-scaled.jpg\"> <a href=\"https:\/\/tarqitamaat.ca\/wp-content\/uploads\/2023\/08\/2-2-scaled.jpg\" title=\"\" data-rl_title=\"\" class=\"rl-gallery-link\" data-rl_caption=\"\" data-rel=\"lightbox-gallery-1\"><img src=\"https:\/\/tarqitamaat.ca\/wp-content\/uploads\/2023\/08\/2-2-scaled.jpg\" width=\"1707\" height=\"2560\" alt=\"\" \/><\/a> <\/li> <li class=\"rl-gallery-item splide__slide\" data-thumb=\"https:\/\/tarqitamaat.ca\/wp-content\/uploads\/2023\/08\/3-2-scaled.jpg\"> <a href=\"https:\/\/tarqitamaat.ca\/wp-content\/uploads\/2023\/08\/3-2-scaled.jpg\" title=\"\" data-rl_title=\"\" class=\"rl-gallery-link\" data-rl_caption=\"\" data-rel=\"lightbox-gallery-1\"><img src=\"https:\/\/tarqitamaat.ca\/wp-content\/uploads\/2023\/08\/3-2-scaled.jpg\" width=\"1707\" height=\"2560\" alt=\"\" \/><\/a> <\/li> <li class=\"rl-gallery-item splide__slide\" data-thumb=\"https:\/\/tarqitamaat.ca\/wp-content\/uploads\/2023\/08\/6-2-scaled.jpg\"> <a href=\"https:\/\/tarqitamaat.ca\/wp-content\/uploads\/2023\/08\/6-2-scaled.jpg\" title=\"\" data-rl_title=\"\" class=\"rl-gallery-link\" data-rl_caption=\"\" data-rel=\"lightbox-gallery-1\"><img src=\"https:\/\/tarqitamaat.ca\/wp-content\/uploads\/2023\/08\/6-2-scaled.jpg\" width=\"1737\" height=\"2560\" alt=\"\" \/><\/a> <\/li> <li class=\"rl-gallery-item splide__slide\" data-thumb=\"https:\/\/tarqitamaat.ca\/wp-content\/uploads\/2023\/08\/7-2-scaled.jpg\"> <a href=\"https:\/\/tarqitamaat.ca\/wp-content\/uploads\/2023\/08\/7-2-scaled.jpg\" title=\"\" data-rl_title=\"\" class=\"rl-gallery-link\" data-rl_caption=\"\" data-rel=\"lightbox-gallery-1\"><img src=\"https:\/\/tarqitamaat.ca\/wp-content\/uploads\/2023\/08\/7-2-scaled.jpg\" width=\"1707\" height=\"2560\" alt=\"\" \/><\/a> <\/li> <li class=\"rl-gallery-item splide__slide\" data-thumb=\"https:\/\/tarqitamaat.ca\/wp-content\/uploads\/2023\/08\/10-2-scaled.jpg\"> <a href=\"https:\/\/tarqitamaat.ca\/wp-content\/uploads\/2023\/08\/10-2-scaled.jpg\" title=\"\" data-rl_title=\"\" class=\"rl-gallery-link\" data-rl_caption=\"\" data-rel=\"lightbox-gallery-1\"><img src=\"https:\/\/tarqitamaat.ca\/wp-content\/uploads\/2023\/08\/10-2-scaled.jpg\" width=\"1819\" height=\"2560\" alt=\"\" \/><\/a> <\/li> <li class=\"rl-gallery-item splide__slide\" data-thumb=\"https:\/\/tarqitamaat.ca\/wp-content\/uploads\/2023\/08\/11-2-scaled.jpg\"> <a href=\"https:\/\/tarqitamaat.ca\/wp-content\/uploads\/2023\/08\/11-2-scaled.jpg\" title=\"\" data-rl_title=\"\" class=\"rl-gallery-link\" data-rl_caption=\"\" data-rel=\"lightbox-gallery-1\"><img src=\"https:\/\/tarqitamaat.ca\/wp-content\/uploads\/2023\/08\/11-2-scaled.jpg\" width=\"1809\" height=\"2560\" alt=\"\" \/><\/a> <\/li> <li class=\"rl-gallery-item splide__slide\" data-thumb=\"https:\/\/tarqitamaat.ca\/wp-content\/uploads\/2023\/08\/4-2-scaled.jpg\"> <a href=\"https:\/\/tarqitamaat.ca\/wp-content\/uploads\/2023\/08\/4-2-scaled.jpg\" title=\"\" data-rl_title=\"\" class=\"rl-gallery-link\" data-rl_caption=\"\" data-rel=\"lightbox-gallery-1\"><img src=\"https:\/\/tarqitamaat.ca\/wp-content\/uploads\/2023\/08\/4-2-scaled.jpg\" width=\"1707\" height=\"2560\" alt=\"\" \/><\/a> <\/li> <li class=\"rl-gallery-item splide__slide\" data-thumb=\"https:\/\/tarqitamaat.ca\/wp-content\/uploads\/2023\/08\/5-2-scaled.jpg\"> <a href=\"https:\/\/tarqitamaat.ca\/wp-content\/uploads\/2023\/08\/5-2-scaled.jpg\" title=\"\" data-rl_title=\"\" class=\"rl-gallery-link\" data-rl_caption=\"\" data-rel=\"lightbox-gallery-1\"><img src=\"https:\/\/tarqitamaat.ca\/wp-content\/uploads\/2023\/08\/5-2-scaled.jpg\" width=\"1930\" height=\"2560\" alt=\"\" \/><\/a> <\/li> <li class=\"rl-gallery-item splide__slide\" data-thumb=\"https:\/\/tarqitamaat.ca\/wp-content\/uploads\/2023\/08\/8-2-scaled.jpg\"> <a href=\"https:\/\/tarqitamaat.ca\/wp-content\/uploads\/2023\/08\/8-2-scaled.jpg\" title=\"\" data-rl_title=\"\" class=\"rl-gallery-link\" data-rl_caption=\"\" data-rel=\"lightbox-gallery-1\"><img src=\"https:\/\/tarqitamaat.ca\/wp-content\/uploads\/2023\/08\/8-2-scaled.jpg\" width=\"1819\" height=\"2560\" alt=\"\" \/><\/a> <\/li> <li class=\"rl-gallery-item splide__slide\" data-thumb=\"https:\/\/tarqitamaat.ca\/wp-content\/uploads\/2023\/08\/9-2-scaled.jpg\"> <a href=\"https:\/\/tarqitamaat.ca\/wp-content\/uploads\/2023\/08\/9-2-scaled.jpg\" title=\"\" data-rl_title=\"\" class=\"rl-gallery-link\" data-rl_caption=\"\" data-rel=\"lightbox-gallery-1\"><img src=\"https:\/\/tarqitamaat.ca\/wp-content\/uploads\/2023\/08\/9-2-scaled.jpg\" width=\"1785\" height=\"2560\" alt=\"\" \/><\/a> <\/li> <li class=\"rl-gallery-item splide__slide\" data-thumb=\"https:\/\/tarqitamaat.ca\/wp-content\/uploads\/2023\/08\/12-2-scaled.jpg\"> <a href=\"https:\/\/tarqitamaat.ca\/wp-content\/uploads\/2023\/08\/12-2-scaled.jpg\" title=\"\" data-rl_title=\"\" class=\"rl-gallery-link\" data-rl_caption=\"\" data-rel=\"lightbox-gallery-1\"><img src=\"https:\/\/tarqitamaat.ca\/wp-content\/uploads\/2023\/08\/12-2-scaled.jpg\" width=\"1793\" height=\"2560\" alt=\"\" \/><\/a> <\/li> <li class=\"rl-gallery-item splide__slide\" data-thumb=\"https:\/\/tarqitamaat.ca\/wp-content\/uploads\/2023\/08\/13-2-scaled.jpg\"> <a href=\"https:\/\/tarqitamaat.ca\/wp-content\/uploads\/2023\/08\/13-2-scaled.jpg\" title=\"\" data-rl_title=\"\" class=\"rl-gallery-link\" data-rl_caption=\"\" data-rel=\"lightbox-gallery-1\"><img src=\"https:\/\/tarqitamaat.ca\/wp-content\/uploads\/2023\/08\/13-2-scaled.jpg\" width=\"1811\" height=\"2560\" alt=\"\" \/><\/a> <\/li> <\/ul> <\/div> <\/div>\n","protected":false},"excerpt":{"rendered":"<p>\u1455\u155d\u14c0 \u1472\u14ea\u1555\u14d0 | Daphne Calvin \u1455\u155d\u14c0 \u1472\u14ea\u1555\u14d0 \u1403\u14da\u1593\u144e\u148d\u1466 \u140a\u1466\u1528\u14d5\u1405\u1546\u1528 \u1470\u1466\u152a\u140a\u154c\u1431\u14bb\u14a5. \u14c7\u14bb\u14a5\u14c2\u14d5\u1483 \u146e\u14c7\u1405\u1466\u152d\u1546\u140a\u1550\u1555\u14a5\u14c2\u1483, \u140a\u144e\u14d5\u14bb\u14a5\u1483 Crenuk Studio, Facebook-\u1470\u1550\u1450\u14a5\u1483. \u14ef\u1557\u14ea\u14d5\u1439\u14a5 \u140a\u1466\u1528\u14d5\u1405\u1548\u144e\u1456\u1550\u1450\u1555\u14c2\u1585 Nikon-\u14a5\u1483 \u14a5\u146d\u152a\u140a\u1431\u1405\u158f\u14d0\u14c8\u14f1\u14c2, \u1401\u1466\u1450\u1455\u1405\u1466\u14f1\u14c2 \u140a\u1456\u1455\u14a5\u14c4\u1466 \u140a\u14c8\u14c7\u14a5\u14c4\u14d7, \u1403\u1472\u152a\u1550\u14ef\u14ef\u14aa\u1466\u14ef\u140a\u1450\u1555\u14c3\u1483 \u140a\u1593\u152a\u1550\u1584\u148b\u1483. \u144c\u1466\u14f1\u14aa\u14c2\u14c2\u1466, \u1403\u14bb\u14a5\u14c2\u157f\u1466\u14f1\u14c2 \u1403\u14d5\u1466\u14ef\u1559\u14ea\u14d5\u140a\u14ef\u14aa\u152a\u1585, \u140a\u1450\u1472\u1466\u1455\u14f1\u148d \u140a\u1466\u1528\u14d5\u1405\u1548\u144e\u1483, \u140a\u1466\u1528\u14d5\u1405\u1548\u144e\u1405\u14ea\u14d7 \u1583\u14c4\u1403\u14d5\u1593\u144e\u1466\u14ef\u148d\u144e\u158f\u14d0\u14c2\u1483, \u1403\u146f\u14aa\u14c2\u14ea\u14d7 \u140a\u14bb\u14aa\u14d7 \u140a\u14ef\u158f\u14d0\u14c2\u1483 \u1431\u152a\u14d0\u14c7\u1405\u144e\u1455\u158f\u14d0\u14c2\u1483. \u1455\u155d\u14c0 \u1450\u146d\u1456\u1550\u1450\u1555\u14c2\u1585 \u146e\u14c7\u1405\u152d\u14d5\u1405\u1550\u1555\u14a5\u1483 \u1431\u148b\u140a\u1550\u144e\u14ef\u14da\u1593\u14d5\u1550\u14f1\u14c2 2014-\u14a5. \u1401\u1449\u1438\u14a5\u14c4\u1466 \u1403\u1472\u152a\u1550\u1455\u1405\u154c\u1431\u1466\u14ef\u14aa\u152a\u1585 \u140a\u14bb\u14aa\u14d7 \u146b\u140b\u1529\u14a7\u1466 \u146e\u14c7\u1405\u152d\u1583\u1550\u144e\u1455\u1405\u1466\u14ef\u140a\u14ef\u14aa\u1466\u14f1\u14c2. \u14c5\u1466\u1455\u158f\u14d0\u14c7\u14ef\u14aa\u1490\u14d7\u140a\u1550\u14f1\u14c2 \u14aa\u14d0\u1450\u1528\u140a\u14da\u14a7\u1466 \u140a\u14bb\u14aa\u14d7 \u1405\u144e\u1550\u1438\u14f1\u14c2, \u1472\u152a\u14ef\u144e\u1466\u14ef\u148d\u14d0\u14c7\u14ef\u14aa\u152a\u1585 \u1431\u14c7\u14f1\u140a\u1546\u140a\u14a5\u1483 \u140a\u14d5\u140a\u148b\u152d\u14a5\u14c2\u1483. \u140a\u1466\u1528\u14d5\u1405\u1546\u140a\u14a5\u1483 \u140a\u14d5\u140a\u148b\u152d\u14d5\u1483 &hellip; <a href=\"https:\/\/tarqitamaat.ca\/?page_id=7066\" class=\"more-link\">Continue reading <span class=\"screen-reader-text\">\u140a\u14a5\u1543\u152d\u1405\u1466 | Septembre | September<\/span> <span class=\"meta-nav\">&rarr;<\/span><\/a><\/p>\n","protected":false},"author":1,"featured_media":7111,"parent":0,"menu_order":0,"comment_status":"closed","ping_status":"closed","template":"","meta":{"jetpack_post_was_ever_published":false},"jetpack_sharing_enabled":true,"jetpack_shortlink":"https:\/\/wp.me\/PaFG9T-1PY","_links":{"self":[{"href":"https:\/\/tarqitamaat.ca\/index.php?rest_route=\/wp\/v2\/pages\/7066"}],"collection":[{"href":"https:\/\/tarqitamaat.ca\/index.php?rest_route=\/wp\/v2\/pages"}],"about":[{"href":"https:\/\/tarqitamaat.ca\/index.php?rest_route=\/wp\/v2\/types\/page"}],"author":[{"embeddable":true,"href":"https:\/\/tarqitamaat.ca\/index.php?rest_route=\/wp\/v2\/users\/1"}],"replies":[{"embeddable":true,"href":"https:\/\/tarqitamaat.ca\/index.php?rest_route=%2Fwp%2Fv2%2Fcomments&post=7066"}],"version-history":[{"count":6,"href":"https:\/\/tarqitamaat.ca\/index.php?rest_route=\/wp\/v2\/pages\/7066\/revisions"}],"predecessor-version":[{"id":7102,"href":"https:\/\/tarqitamaat.ca\/index.php?rest_route=\/wp\/v2\/pages\/7066\/revisions\/7102"}],"wp:featuredmedia":[{"embeddable":true,"href":"https:\/\/tarqitamaat.ca\/index.php?rest_route=\/wp\/v2\/media\/7111"}],"wp:attachment":[{"href":"https:\/\/tarqitamaat.ca\/index.php?rest_route=%2Fwp%2Fv2%2Fmedia&parent=7066"}],"curies":[{"name":"wp","href":"https:\/\/api.w.org\/{rel}","templated":true}]}}