{"id":6743,"date":"2023-07-10T14:51:38","date_gmt":"2023-07-10T14:51:38","guid":{"rendered":"https:\/\/tarqitamaat.ca\/?page_id=6743"},"modified":"2024-09-17T13:19:25","modified_gmt":"2024-09-17T13:19:25","slug":"%e1%92%aa%e1%93%90%e1%93%82%e1%93%95%e1%90%85%e1%91%a6-juin-june-3","status":"publish","type":"page","link":"https:\/\/tarqitamaat.ca\/?page_id=6743","title":{"rendered":"\u14aa\u14d0\u14c2\u14d5\u1405\u1466 | Juin | June"},"content":{"rendered":"\n<h2 class=\"wp-block-heading\">\u14f5\u14d0\u144e \u1403\u14aa\u14ea\u14da\u1585 | Sandy Emudluk<\/h2>\n\n\n\n<p class=\"has-very-light-gray-background-color has-background\"> \u14f5\u14d0\u144e \u1403\u14aa\u14ea\u14da\u1585\n\u1472\u158f\u1550\u14f1\u140a\u14d7\u1466\u152a\u140a\u14a5\u1405\u1555\u14c2\u1585, \u14f5\u14d0\u144e \u1403\u14aa\u14ea\u14da\u1585 \u140a\u1466\u14f4\u1455\u1405\u144e\u14a7\u1466 \u1456\u14c2\u14ef\u1550\u144e\u1405\u14ef\u14aa\u14d5\u1550\u1450\u1585 6-\u14c2 \u1581\u1449\u1438\u14a5\u14ea\u14d7 \u140a\u1550\u154c\u148d\u14c2, \u1472\u1455\u1466\u152d\u144e\u1405\u14ef\u14aa\u1466\u14f1\u14c2\u14d7 7-\u14c2. \u1470\u1466\u152a\u140a\u14a5\u1405\u148d\u14d5\u1550\u1450\u1585 \u1472\u144e\u14aa\u1466\u14ef\u14ef\u14aa\u14d5\u1550\u14f1\u14c2 \u152e\u14c2\u1505 \u1439\u14f4\u14d0 \u146f\u140a\u1455\u14a5\u1483 12-\u14c2 \u140a\u1550\u154c\u148d\u14c2, \u1455\u14ab\u14c3\u1466\u14ef\u14aa\u14c2\u154b\u1550\u1450\u1585 \u1431\u1595\u1591\u140a\u1546\u140a\u1550\u1450\u1450\u1403\u14d0\u14c7\u14f1\u14c2 \u140a\u1550\u1431\u1483 \u152e\u14bb\u1583\u1550\u144e\u14d7\u148d. \u1431\u14c7\u14f1\u140a\u1550\u1450\u1585 \u1472\u144e\u1555\u1483 \u1403\u14ea\u14d7\u14d5\u1546\u14c2\u1550\u14a7\u1466 \u140a\u14ea\u14da\u1555\u14bb\u14aa\u1546\u14bb\u14a5 \u1403\u14ea\u14d7\u1583\u1550\u144e\u1455\u1405\u148d\u144e\u14c2\u1483 \u140a\u1405\u14da\u1466\u14ef\u1528\u1405\u1466\u14f1\u14c2 \u140a\u14bb\u14aa\u14d7 \u1403\u14d5\u14ed\u14f2\u148d\u1466\u14f1\u14c2 \u1472\u1455\u1466\u152d\u14c2\u1550\u14a5\u1483 \u140a\u14bb\u14aa\u14d7 \u140a\u1466\u14f4\u1455\u1550\u14c2\u14a5\u1483 \u144c\u14a3\u14ef\u14aa\u14d5\u1550\u14f1\u14c2 2-\u14c2 \u140a\u1550\u154c\u148e\u14d0\u14c2 \u1401\u1449\u1438\u1583\u1550\u14f1\u14c2 \u152e\u14c2\u1505\u14a5\u1483 \u1470\u1466\u152a\u140a\u1449 \u1405\u1555\u1483\u1472\u158f\u1466\u1455 \u1403\u14da\u148c\u155d\u1555\u1593\u14c2.<br>\n\u14f5\u14d0\u144e \u14f4\u14c7\u14ef\u14aa\u152a\u1585 \u14ef\u1557\u14ea\u14d5\u1439\u14a5 \u140a\u1466\u14f4\u1455\u1405\u144e\u14a5\u1483 \u1405\u146d\u1405\u1583\u1550\u14f1\u14c2 13-\u14c2\u1483, \u1403\u14d5\u14d0\u14c2\u140a\u144e\u1466\u14ef\u1528\u1583\u1550\u14f1\u14c2 \u1456\u14c2\u140a\u14ea \u140b\u14c7\u14c8\u14a5\u1483. \u140a\u1550\u154c\u148d\u14c2, \u140a\u14ef\u158f\u14d0\u14c2 \u1431\u152d\u1466\u14f4\u1583\u14d5\u1550\u14c2\u14a5\u1466\u14f1\u14c2, \u1401\u1449\u1438\u1593\u14d7 \u140a\u1466\u14f4\u1455\u1550\u14c2\u14a5\u1483 \u1431\u148b\u140a\u14d5\u1550\u157f\u14ef\u14aa\u152b\u1483 \u1403\u1472\u152a\u1550\u144e\u148c\u1466\u14f1\u144e\u14d7 \u14f1\u158f\u1405\u144e\u14f4\u1550\u14f1\u144e\u1483. \u1472\u1455\u1466\u152d\u14f2\u148d\u14c2\u1593\u14c4\u14d7, \u1403\u14bb\u14a5\u14c2\u1483 \u140a\u1455\u1405\u14ef\u1550\u14a5\u1483 \u1472\u1455\u1466\u152d\u1546\u1405\u14da\u1405\u1550\u14ef\u14aa\u144e\u14ea\u14d7\u148d 7 \u140a\u1550\u154c\u148d\u1403\u1466 \u140a\u14c2\u148d\u1550\u14ef\u14aa\u14d5\u1550\u1450\u1466 (\u157f\u14bb\u14a5\u140a\u154c\u1431\u146f\u14d8\u1449 \u1403\u1595\u158f\u1591\u140a\u1548\u14ef\u1593) \u152e\u14c2\u1505 \u1583\u1405\u1528\u14aa\u144e\u14d0\u14c7\u148d \u140a\u14bb\u14aa\u14d7 \u140a\u1450\u1403\u14d0\u14c7\u1405\u14d5\u154b\u14a5 \u152e\u14c2\u1505\u14a5\u1483 \u1450\u14f4\u1546\u1405\u1550\u144e\u14ef\u14ef\u14aa\u152a\u1585 \u1472\u1455\u1466\u152d\u14f1\u14c2. \u14ef\u1557\u14ea\u14d5\u1439\u14a5, \u1403\u14bb\u14a5\u14c2\u157f\u1450\u1403\u14d0\u14c7\u14f1\u14c2 \u1472\u1455\u1466\u152d\u1583\u1466\u1455\u1450\u1555\u14c2\u1585 \u146d\u1591\u14c2\u1593\u148d\u1466 \u1431\u14ef\u144e\u1595\u1591\u1438\u14ea\u14d5\u140a\u14ef\u1466\u14f1\u14c2, \u146d\u14ef\u140a\u14c2 \u14ef\u1557\u14c2\u140a\u148d\u1466, \u1455\u146f\u14d0\u14c7\u1405\u152e\u1550\u1455\u1405\u148d\u14aa\u14ef\u152a\u1555\u14c3\u1483 \u1403\u14c4\u14d0\u14c4\u1466.<br>\n\u140a\u1550\u1555\u1455\u1583\u1466\u1455\u14ef\u14aa\u152b\u1483 \u14c4\u14c7\u1555\u14bb\u14a5, \u152a\u140a\u1466\u1505 \u1546\u1559, \u1470\u1466\u152a\u140a\u1585, \u1472\u158f\u1550\u14f1\u140a\u14d7\u1466\u152a\u140a\u1585 \u140a\u14bb\u14aa\u14d7 \u1470\u1466\u152a\u140a\u154c\u1431\u1483, \u14c4\u14c7\u1558\u14a5\u14ea\u14d7, \u1438\u1550\u14c2\u1451\u1585 \u140a\u14bb\u14aa\u14d7 \u146f\u142f\u1483 \u14ef\u144e. \u1401\u1449\u1438\u1547\u1483 \u146f\u142f\u14bb\u14a5 \u140a\u1550\u1555\u1455\u1583\u1466\u1455\u14ef\u14aa\u152b\u1483 \u1583\u14c2\u14aa\u14d0\u14c7\u1585 \u140a\u14c2\u148d\u1550\u144e\u14d7\u148d \u146d\u14ef\u140a\u14c2 \u14c4\u1550\u1583\u1546\u140a\u1583\u1550\u14ef\u14aa\u152b\u1483 \u140a\u1405\u14da\u14d7\u140a\u1550\u144c\u14d5\u14c2\u1550\u14a7\u1466 \u14aa\u14d5\u1489\u1466 \u1432\u1550\u1455\u1405\u158f\u14d0\u14c2\u158f\u14d0\u14c2. \u1455\u146f\u14d0\u14c7\u1405\u152d\u1550\u144e\u14ef\u148b\u140a\u1550\u1450\u1581\u152d\u1405\u14d5\u154b\u14a5\u1483 \u1431\u152a\u14d0\u14c7\u1555\u1583\u1466\u14ef\u140a\u154b\u14f1\u140a\u1550\u1438\u1451\u1483, \u146d\u14ef\u140a\u14c2 \u1455\u14aa\u1550\u14a5\u1483 \u1431\u14c7\u14f1\u1490\u1583\u154b\u14a5\u1483 \u140a\u1550\u14d5\u140a\u14d7\u140a\u1550\u14f1\u144e\u1483 \u1431\u1555\u1583\u1595\u158f\u1451\u1559\u1466\u1451\u1483. \u1431\u152a\u14d0\u14c7\u1555\u1583\u154b\u14a5\u1483, \u140a\u14c7\u1550\u154b\u14a5\u1455 \u1433\u14db\u1550\u1555\u1593\u14c2 \u14f1\u158f\u1405\u144e\u14f4\u14f2\u1483, &#8220;\u1583\u14c2\u1595\u1592\u14ef\u152d\u1550\u14f1\u144e\u1483&#8221;, \u1431\u152a\u14d0\u14c7\u14ef\u1466\u14ef\u140a\u154b\u14a5 \u140a\u1450\u1403\u14d0\u14c7\u1548\u1550\u1438\u14f1\u144e\u1483.<br>\n\u1583\u14bb\u14a5\u1585, \u1456\u1483\u146f\u140a \u140a\u14a5\u14f1\u1403\u14c5\u1550\u14ef\u14aa\u14d5\u1550\u1451\u1483, \u1406\u1466\u1451\u144e\u148b\u1466\u14f1\u148d KWE! \u1431\u1595\u1591\u140a\u14c2\u1585, \u146f\u142f\u1483 \u14ef\u144e\u14a5. \u148c\u154b\u14a5\u14d7, \u1455\u155d\u1559\u14c2\u1466\u14ed\u14c7\u1585 \u14c4\u14c7\u1550\u14da\u14a5, \u14c4\u14c7\u1583\u1550\u1584\u1450\u1555\u14c3\u1466 \u1405\u14ea\u14d7\u1593\u14c2 \u1581\u1555\u140a\u14f1\u148d\u144e\u1583\u1550\u14c2\u14a8\u1550\u1450\u1555\u14c3\u1466 \u1403\u14d5\u1593\u152a\u14a7\u1466 \u146f\u142f\u14bb\u14a5 \u14c2\u1405\u1550\u1548\u1450\u14d5\u1546\u14c2\u1550\u14a7\u1466 \u144c\u14aa \u1472\u158f\u1550\u14f1\u14d5\u140a\u1550\u14c2\u140a\u14d5\u1550\u14a5\u1490\u14a5\u1483 \u1405\u14d0\u14c4\u14f4\u1483\u146f\u1466 \u1431\u1595\u1591\u140a\u1583\u144e\u1583\u1546\u140a\u1550\u1450\u14f1\u144e\u1483 \u1403\u14d5\u14f4\u1431 \u1401\u14ef\u1483\u14a5\u1483. \u140a\u1450\u1403\u14d0\u14c7\u1548\u1550\u144e\u14d5\u1550\u14a5\u152b\u1483 \u157f\u14da\u14c8\u1550\u14f1\u144e\u14d7 \u140a\u1550\u1431\u1483 \u152e\u14bb\u14a7\u1466 \u1470\u1466\u152a\u140a\u14a5, \u140a\u1405\u148d\u14ef\u144e 2023-\u148d\u14d5\u1550\u1438\u1466.<br>\n\u14f5\u14d0\u144e \u1431\u1555\u1466\u14f4\u1583\u1466\u14ef\u140a\u1438\u1595\u158f\u1472\u14d7\u140a\u1550\u14f1\u14c2 \u1472\u1455\u1466\u152d\u14d7\u14c2 \u140a\u14bb\u14aa\u14d7 \u140a\u1466\u14f4\u1455\u1405\u144e\u14a7\u1466 \u1456\u14c2\u14ef\u1550\u14d7\u14c2, \u146d\u14ef\u140a\u14c2 \u140a\u14d5\u140a\u148b\u152d\u14a5\u14c2\u1483 \u14c4\u1550\u1583\u1405\u1528\u1450\u1403\u14d0\u14c7\u1583\u152d\u1595\u158f\u1450\u1585, \u1401\u1449\u1438\u1583\u1550\u14f1\u14c2 \u1403\u14c4\u14bb\u14a5\u1483 \u14c7\u14ea\u14d5\u148b\u152d\u14a5\u14c2\u1483. &#8220;\u1431\u152a\u14d0\u14c7\u1450\u1546\u148d\u1555\u1466, \u1431\u148b\u1405\u1550\u14f4\u1548\u144e\u148b\u14d7\u148d \u140a\u14bb\u14aa\u14d7 \u14f4\u1431\u1550\u1546\u140a\u144c\u14d5\u14d7\u144e\u1466. \u1472\u1595\u1591\u14f1\u148d\u1555\u1466, \u1472\u1595\u1591\u14f1\u14d0\u14c3\u1466 \u140a\u14ef\u1405\u148d\u14d0\u14c7\u1450\u1585, \u140a\u14c2\u148e\u144e\u144e\u148d\u14d0\u14c7\u144c\u1466. \u14f1\u14c7\u1450\u1403\u14d0\u14c7\u14a5\u1483 \u1431\u148b\u140a\u1548\u14aa\u148d\u1555\u1466, \u1450\u1403\u14d0\u14c7\u14da\u1405\u1546\u1466.&#8221;<\/p>\n\n\n\n<p class=\"has-very-light-gray-background-color has-background\"> Originaire de Kangiqsualujjuaq, Sandy Emudluk vit \u00e0 Kuujjuaq depuis 12 ans. Il ne devait qu\u2019\u00eatre l\u00e0 pour le festival de musique Arpik Jam, mais il n&#8217;est jamais parti. Il a rencontr\u00e9 Janice Parsons quatre ans plus tard. Ils sont devenus un couple et ont commenc\u00e9 \u00e0 \u00eatre sur la sc\u00e8ne un an plus tard. Sandy travaille pour le Kativik Municipal Housing Bureau, connu sous le nom de KMHB, en tant que gestionnaire de logements. Il enseigne le tambour et le chant de gorge au Kuujjuaq Youth Group pendant son temps libre.<br>\nIl n&#8217;a jamais eu l&#8217;intention de devenir artiste, mais il a nou\u00e9 un lien avec le tambour lorsqu&#8217;il a fabriqu\u00e9 son premier tambour \u00e0 13 ans avec son professeur Daniel Annanack, de Kangiqsualujjuaq. En ce qui concerne le chant de gorge, il a appris Qimmiruluapik (la chanson du pauvre petit chiot) dans le dos de Janice et l&#8217;a surprise lorsqu&#8217;il \u00e9tait pr\u00eat. Il n&#8217;avait jamais imagin\u00e9 que cela ferait partie de sa carri\u00e8re.<br>\nDepuis, il a voyag\u00e9 dans de nombreux endroits, tels que Kangiqsualujjuaq, Pangirtung, Kuujjuaraapik, Ottawa, Bruxelles, Kangirsuk et Qu\u00e9bec, et a re\u00e7u de nombreuses demandes de son foyer actuel, Kuujjuaq.<br> \nLe couple est d\u00e9j\u00e0 tr\u00e8s occup\u00e9, et les demandes de spectacles sont fr\u00e9quentes. Lorsqu&#8217;ils acceptent une demande, ils s&#8217;entra\u00eenent dans leur salon, &#8220;avec la climatisation \u00e9videmment&#8221;, et sont pr\u00eats pour le spectacle. R\u00e9cemment, le duo a fait beaucoup de voyages, comme le festival KWE ! \u00e0 Qu\u00e9bec. Juste apr\u00e8s, dans la m\u00eame ville, ils ont particip\u00e9 \u00e0 la Journ\u00e9e autochtone du tourisme qu\u00e9b\u00e9cois, puis se sont rendus \u00e0 Kangirsuk pour une soir\u00e9e afin de collaborer avec Elisapie Isaac.<br>\nSandy n&#8217;a peut-\u00eatre pas beaucoup de temps \u00e0 consacrer au chant et \u00e0 la danse du tambour, mais cela ne l&#8217;emp\u00eache pas de faire ce qu&#8217;il aime, avec la personne qu&#8217;il aime. &#8220;Si vous pensez pouvoir le faire, entra\u00eenez-vous et n&#8217;abandonnez pas. Si vous \u00eates timide, cela dispara\u00eetra, vous pouvez le surmonter. Quoi que vous vouliez faire, faites-le.&#8221; <\/p>\n\n\n\n<p class=\"has-very-light-gray-background-color has-background\"> Originated from Kangiqsualujjuaq, Sandy Emudluk has been living in Kuujjuaq for 12 years. He was only suppose to be there for the Arpik Jam music festival, but never left. He met Janice Parsons 4 years later. They became a couple, and started performing together on stage a year after. Sandy works for the Kativik Municipal Housing Bureau, known as KMHB as the housing manager and teaches drumming and throat singing to the Kuujjuaq Youth Group during his free time.<br>\nHe never planned to become a performer, but he built a connection with the drum when he made his first one at 13 with his teacher Daniel Annanack from Kangiqsualujjuaq. As for throat singing, he taught himself Qimmiruluapik (the poor little puppy song) behind Janice&#8217;s back and surprised her when he was ready. He never imagined this to become part of his carrier.<br>\nSince then, he has travelled to many places, such as Kangiqsualujjuaq, Pangirtung, Kuujjuaraapik, Ottawa, Brussels, Kangirsuk and Quebec City, along with many requests from his current home, Kuujjuaq.<br>\nThe couple is already very busy, and the request frequently comes to do a show. When they take a request, they practice in their living room, &#8220;with AC obviously,&#8221; and are ready for a show. Recently, the duo has had a lot of trips, such as the KWE! Festival, in Quebec City. Right after, in the same city, they went for the Indigenous Day for Quebec tourism, then went to Kangirsuk for a night to collaborate with Elisapie Isaac.<br>\nThey are now in preparation, with their Youth group, for the opening of the Aqpik Jam for the second year in Kuujjuaq, August 2023.Sandy may have limited time for throat singing and drum dancing, but it doesn\u2019t stop him from doing what he loves, with the person he loves. \u201cIf you think you can do it, practice and don\u2019t give up. If you\u2019re shy, it will go away, you can overcome it. Whatever you want to do, do it.\u201d <\/p>\n\n\n\n<p class=\"has-background\" style=\"background-color:#e5f5f5\">\u1583\u1405\u1528\u148b\u140a\u1466\u14ef\u140a\u1548\u14aa\u148d\u1555\u1466 \u14f4\u14c7\u1595\u1591\u140a\u144e\u1405\u1449 \u14a5\u1466\u14f5\u14c4\u1466 \/ D\u00e9couvrir plus sur l&#8217;artiste \/ Know more about the artist:<br> <a rel=\"noreferrer noopener\" href=\"https:\/\/www.facebook.com\/sandy.emudluk.98\" target=\"_blank\">Facebook Page<\/a> <br><a rel=\"noreferrer noopener\" href=\"https:\/\/www.instagram.com\/sandyemudluk\/?hl=en\" target=\"_blank\">Instagram<\/a><\/p>\n\n\n\n<p>\u140a\u14ea\u14da\u1450\u1585 | Texte de | Text by: Jessie Fortier Ningiuruvik<\/p>\n\n\n\n<div class=\"rl-gallery-container splide rl-loading\" id=\"rl-gallery-container-1\" data-gallery_id=\"6741\"> <div class=\"rl-gallery rl-basicslider-gallery splide__track \" id=\"rl-gallery-1\" data-gallery_no=\"1\"> <ul class=\"splide__list\"> <li class=\"rl-gallery-item splide__slide\" data-thumb=\"https:\/\/tarqitamaat.ca\/wp-content\/uploads\/2023\/07\/8612AE3B-B621-4805-BA7E-6DEB165FC2BA-682x1024.jpeg\"> <a href=\"https:\/\/tarqitamaat.ca\/wp-content\/uploads\/2023\/07\/8612AE3B-B621-4805-BA7E-6DEB165FC2BA.jpeg\" title=\"\" data-rl_title=\"\" class=\"rl-gallery-link\" data-rl_caption=\"\" data-rel=\"lightbox-gallery-1\"><img src=\"https:\/\/tarqitamaat.ca\/wp-content\/uploads\/2023\/07\/8612AE3B-B621-4805-BA7E-6DEB165FC2BA-682x1024.jpeg\" width=\"682\" height=\"1024\" alt=\"\" \/><\/a> <\/li> <li class=\"rl-gallery-item splide__slide\" data-thumb=\"https:\/\/tarqitamaat.ca\/wp-content\/uploads\/2023\/07\/B94D687F-553C-451D-827D-A541971D056E.jpeg\"> <a href=\"https:\/\/tarqitamaat.ca\/wp-content\/uploads\/2023\/07\/B94D687F-553C-451D-827D-A541971D056E.jpeg\" title=\"\" data-rl_title=\"\" class=\"rl-gallery-link\" data-rl_caption=\"\" data-rel=\"lightbox-gallery-1\"><img src=\"https:\/\/tarqitamaat.ca\/wp-content\/uploads\/2023\/07\/B94D687F-553C-451D-827D-A541971D056E.jpeg\" width=\"616\" height=\"616\" alt=\"\" \/><\/a> <\/li> <li class=\"rl-gallery-item splide__slide\" data-thumb=\"https:\/\/tarqitamaat.ca\/wp-content\/uploads\/2023\/07\/2660BD84-AE5B-4CB2-89F7-5E792A8217FD-1024x876.jpeg\"> <a href=\"https:\/\/tarqitamaat.ca\/wp-content\/uploads\/2023\/07\/2660BD84-AE5B-4CB2-89F7-5E792A8217FD.jpeg\" title=\"\" data-rl_title=\"\" class=\"rl-gallery-link\" data-rl_caption=\"\" data-rel=\"lightbox-gallery-1\"><img src=\"https:\/\/tarqitamaat.ca\/wp-content\/uploads\/2023\/07\/2660BD84-AE5B-4CB2-89F7-5E792A8217FD-1024x876.jpeg\" width=\"700\" height=\"599\" alt=\"\" \/><\/a> <\/li> <\/ul> <\/div> <\/div>\n","protected":false},"excerpt":{"rendered":"<p>\u14f5\u14d0\u144e \u1403\u14aa\u14ea\u14da\u1585 | Sandy Emudluk \u14f5\u14d0\u144e \u1403\u14aa\u14ea\u14da\u1585 \u1472\u158f\u1550\u14f1\u140a\u14d7\u1466\u152a\u140a\u14a5\u1405\u1555\u14c2\u1585, \u14f5\u14d0\u144e \u1403\u14aa\u14ea\u14da\u1585 \u140a\u1466\u14f4\u1455\u1405\u144e\u14a7\u1466 \u1456\u14c2\u14ef\u1550\u144e\u1405\u14ef\u14aa\u14d5\u1550\u1450\u1585 6-\u14c2 \u1581\u1449\u1438\u14a5\u14ea\u14d7 \u140a\u1550\u154c\u148d\u14c2, \u1472\u1455\u1466\u152d\u144e\u1405\u14ef\u14aa\u1466\u14f1\u14c2\u14d7 7-\u14c2. \u1470\u1466\u152a\u140a\u14a5\u1405\u148d\u14d5\u1550\u1450\u1585 \u1472\u144e\u14aa\u1466\u14ef\u14ef\u14aa\u14d5\u1550\u14f1\u14c2 \u152e\u14c2\u1505 \u1439\u14f4\u14d0 \u146f\u140a\u1455\u14a5\u1483 12-\u14c2 \u140a\u1550\u154c\u148d\u14c2, \u1455\u14ab\u14c3\u1466\u14ef\u14aa\u14c2\u154b\u1550\u1450\u1585 \u1431\u1595\u1591\u140a\u1546\u140a\u1550\u1450\u1450\u1403\u14d0\u14c7\u14f1\u14c2 \u140a\u1550\u1431\u1483 \u152e\u14bb\u1583\u1550\u144e\u14d7\u148d. \u1431\u14c7\u14f1\u140a\u1550\u1450\u1585 \u1472\u144e\u1555\u1483 \u1403\u14ea\u14d7\u14d5\u1546\u14c2\u1550\u14a7\u1466 \u140a\u14ea\u14da\u1555\u14bb\u14aa\u1546\u14bb\u14a5 \u1403\u14ea\u14d7\u1583\u1550\u144e\u1455\u1405\u148d\u144e\u14c2\u1483 \u140a\u1405\u14da\u1466\u14ef\u1528\u1405\u1466\u14f1\u14c2 \u140a\u14bb\u14aa\u14d7 \u1403\u14d5\u14ed\u14f2\u148d\u1466\u14f1\u14c2 \u1472\u1455\u1466\u152d\u14c2\u1550\u14a5\u1483 \u140a\u14bb\u14aa\u14d7 \u140a\u1466\u14f4\u1455\u1550\u14c2\u14a5\u1483 \u144c\u14a3\u14ef\u14aa\u14d5\u1550\u14f1\u14c2 2-\u14c2 \u140a\u1550\u154c\u148e\u14d0\u14c2 \u1401\u1449\u1438\u1583\u1550\u14f1\u14c2 \u152e\u14c2\u1505\u14a5\u1483 \u1470\u1466\u152a\u140a\u1449 \u1405\u1555\u1483\u1472\u158f\u1466\u1455 \u1403\u14da\u148c\u155d\u1555\u1593\u14c2. \u14f5\u14d0\u144e \u14f4\u14c7\u14ef\u14aa\u152a\u1585 \u14ef\u1557\u14ea\u14d5\u1439\u14a5 \u140a\u1466\u14f4\u1455\u1405\u144e\u14a5\u1483 \u1405\u146d\u1405\u1583\u1550\u14f1\u14c2 13-\u14c2\u1483, \u1403\u14d5\u14d0\u14c2\u140a\u144e\u1466\u14ef\u1528\u1583\u1550\u14f1\u14c2 \u1456\u14c2\u140a\u14ea &hellip; <a href=\"https:\/\/tarqitamaat.ca\/?page_id=6743\" class=\"more-link\">Continue reading <span class=\"screen-reader-text\">\u14aa\u14d0\u14c2\u14d5\u1405\u1466 | Juin | June<\/span> <span class=\"meta-nav\">&rarr;<\/span><\/a><\/p>\n","protected":false},"author":1,"featured_media":7005,"parent":0,"menu_order":0,"comment_status":"closed","ping_status":"closed","template":"","meta":{"jetpack_post_was_ever_published":false},"jetpack_sharing_enabled":true,"jetpack_shortlink":"https:\/\/wp.me\/PaFG9T-1KL","_links":{"self":[{"href":"https:\/\/tarqitamaat.ca\/index.php?rest_route=\/wp\/v2\/pages\/6743"}],"collection":[{"href":"https:\/\/tarqitamaat.ca\/index.php?rest_route=\/wp\/v2\/pages"}],"about":[{"href":"https:\/\/tarqitamaat.ca\/index.php?rest_route=\/wp\/v2\/types\/page"}],"author":[{"embeddable":true,"href":"https:\/\/tarqitamaat.ca\/index.php?rest_route=\/wp\/v2\/users\/1"}],"replies":[{"embeddable":true,"href":"https:\/\/tarqitamaat.ca\/index.php?rest_route=%2Fwp%2Fv2%2Fcomments&post=6743"}],"version-history":[{"count":36,"href":"https:\/\/tarqitamaat.ca\/index.php?rest_route=\/wp\/v2\/pages\/6743\/revisions"}],"predecessor-version":[{"id":7012,"href":"https:\/\/tarqitamaat.ca\/index.php?rest_route=\/wp\/v2\/pages\/6743\/revisions\/7012"}],"wp:featuredmedia":[{"embeddable":true,"href":"https:\/\/tarqitamaat.ca\/index.php?rest_route=\/wp\/v2\/media\/7005"}],"wp:attachment":[{"href":"https:\/\/tarqitamaat.ca\/index.php?rest_route=%2Fwp%2Fv2%2Fmedia&parent=6743"}],"curies":[{"name":"wp","href":"https:\/\/api.w.org\/{rel}","templated":true}]}}