{"id":6551,"date":"2023-04-24T15:32:36","date_gmt":"2023-04-24T15:32:36","guid":{"rendered":"https:\/\/tarqitamaat.ca\/?page_id=6551"},"modified":"2023-08-07T17:23:23","modified_gmt":"2023-08-07T17:23:23","slug":"%e1%91%8e%e1%95%86%e1%93%aa%e1%93%97%e1%93%95%e1%90%85%e1%91%a6-avril-april-4","status":"publish","type":"page","link":"https:\/\/tarqitamaat.ca\/?page_id=6551","title":{"rendered":"\u144e\u1546\u14ea\u14d7\u14d5\u1405\u1466 | Avril | April"},"content":{"rendered":"\n<h2 class=\"wp-block-heading\">\u14ab\u14c2\u1472 \u140a\u158f\u152d | Monica Angiyou <\/h2>\n\n\n<p class=\"has-very-light-gray-background-color has-background\">\u14ab\u14c2\u1472 \u140a\u158f\u152b\u1550\u1483 \u14c2\u1466\u14ef\u1490\u14f2\u1585 \u140a\u14bb\u14aa\u14d7 \u14a5\u1550\u14f1\u144e\u1405\u1466\u14f1\u14c2. \u14c2\u1405\u1550\u1548\u14ed\u14f2\u1585 \u1583\u1546\u1455\u1405\u152d\u14a5\u144e\u148d\u1466 (MEA-\u1449 \u1403\u14c2\u1550\u14ef\u14aa\u152d\u158f\u1466, \u14c7\u14f4\u1550\u14c2\u1483 \u140a\u14bb\u14aa\u14d7 \u1433\u140a\u14d7\u14d0\u14c2\u1483, \u140a\u14bb\u14aa\u14d7 \u140a\u144e\u148b\u14d5\u1405\u14f2\u148d\u1466\u14f1\u14c2 \u1472\u14bb\u14a5\u1405\u14f2\u148d\u1466\u14f1\u14c2\u14d7. \u1433\u1555\u1550\u14c2\u1450\u14a5 \u1431\u1548\u1550\u14ef\u14aa\u152a\u1585 \u140a\u14bb\u14aa\u14d7 \u1456\u1559\u14c2\u14a5\u1405\u148d\u1403\u14d0\u14c8\u14f1\u14c2. 8-\u14c2\u1483 \u1405\u146d\u1405\u1583\u1550\u14f1\u14c2 \u14a5\u146d\u152a\u1550\u14da\u14c2\u1483 \u14c7\u14f5\u1431\u14d5\u1405\u1595\u1591\u140a\u1583\u1466\u1455\u14ef\u152a\u1555\u14c2\u1585 \u140a\u14bb\u14aa\u14d7 \u1433\u140a\u14d7\u140a\u1431\u14d0\u14c2\u1483, \u140a\u14c8\u14c7\u14a5\u14c2\u1466 \u1403\u14d5\u1466\u14ef\u1583\u1466\u1455\u14f1\u14c2. \u14ef\u1557\u14ea\u14d5\u1439\u14a5 \u140a\u144e\u148b\u14d5\u1405\u1550\u1450\u1555\u14c2\u1585 \u1405\u146d\u1405\u1583\u1550\u14f1\u14c2 15-16-\u14c2\u1483, \u140a\u14c8\u14c7\u14a5\u14c4\u1466 \u1431\u1466\u14ef\u140a\u14ef\u14aa\u152a\u14bb\u14aa\u1546\u14d0\u14c2\u1483 \u1431\u1583\u1548\u14aa\u14f2\u148d\u14c2\u1593 \u1583\u1405\u1528\u1559\u14ea\u14da\u1455\u1405\u1490\u14a5 \u14da\u152d\u1405\u152a\u1555\u14c2\u1585: &#8220;\u14c7\u1550\u1548\u1451\u148d\u1490\u1555\u1466, \u1403\u14bb\u14a5\u14c2\u1483 \u1431\u14d5\u1405\u14da\u1405\u1546\u1466&#8221;. <br> \u14ab\u14c2\u1472 \u1431\u1548\u1550\u14f4\u1455\u1405\u14ef\u14aa\u152a\u1585 \u140a\u14c8\u14c7\u14a5\u14c4\u1466 \u1403\u14c4\u1451\u1466\u152d\u1405\u14f1\u14c2 \u140a\u14bb\u14aa\u14d7 \u157f\u1450\u1550\u1593\u1450\u140a\u1546\u1466\u14f1\u14c2\u1405\u1483. \u1403\u1472\u152a\u1550\u14ef\u14aa\u148d\u14aa\u1466\u14f1\u14c2 \u140a\u14c8\u14c7\u14a5\u14c2\u1483 \u140a\u14bb\u14aa\u14d7 \u1403\u14bb\u14a5\u14c2\u1483 \u14a5\u1550\u14f1\u154b\u1466\u14f4\u14a5\u14c2\u1483 \u14c2\u1405\u1555\u1583\u1466\u1455\u1548\u14aa\u1466\u14f1\u14c2, \u1431\u14c7\u14f1\u140a\u14ef\u148b\u140a\u1550\u1450\u1555\u14c2\u1585 14-\u14c2\u1483 \u1405\u146d\u1405\u1583\u1550\u14f1\u14c2, &#8220;\u140a\u14a1\u1490\u1472\u14c2\u1483 \u157f\u1472\u1550\u144e\u14ef\u1550\u1583\u152d\u1550\u14ef\u14aa\u1595\u158f\u1450\u1593&#8221;.<br> \u1581\u1555\u140a\u14f1\u155d\u1555\u14a5, \u14f4\u14c7\u14ef\u14aa\u152d\u14a5\u14c2\u1483 \u1581\u1555\u140a\u14f2\u14ef\u1583\u1466\u1455\u14d5\u1550\u1450\u1555\u14c2\u1585 \u1403\u14da\u14d0\u14c8\u14a5\u14c2\u1483 \u140a\u14bb\u14aa\u14d7 \u1403\u14da\u14a5\u14c2\u1483. \u146d\u1591\u14c2\u1593\u148d\u1466, \u1450\u146d\u1456\u1550\u1450\u1555\u14c2\u1585 \u14c2\u1405\u1550\u1548\u14ef\u1583\u1466\u1455\u14c2\u140a\u14d5\u1550\u14f1\u14c2 Facebook-\u146f\u1466. \u14ef\u1557\u14ea\u14d5\u1439\u14a5 \u1431\u1490\u14f1\u140a\u14ef\u1466\u14f1\u14c2, \u14c4\u1403\u1466\u14ef\u152a\u1555\u14c2\u1585 5-\u14c2 \u14c7\u14f4\u1550\u14c2\u1483 \u14c2\u1405\u1555\u140a\u1466\u14f4\u14a5\u14c2\u1483, \u146d\u14ef\u140a\u14c2 22-\u148d\u148b\u140a\u1583\u14d5\u1550\u1450\u1555\u14c3\u1466 \u14c7\u14f4\u14d5\u140a\u1546\u148b\u140a\u14d5\u158f\u1466. \u140a\u158f\u1595\u158f\u1451\u1550\u1583\u152d\u1550\u14ef\u14aa\u1595\u158f\u1450\u1585. \u14c4\u1403\u1466\u14ef\u1555\u1583\u1550\u14f1\u14c2 Facebook-\u14a5\u1483 \u14c2\u1405\u1550\u1548\u144e\u1466\u14f4\u14a5\u14c2\u1483 \u14c4\u1403\u1466\u14ef\u1594\u1583\u1466\u1455\u1546\u140a\u14ef\u152a\u1555\u14c2\u1585 Instagram-\u146f\u1466, \u140a\u1550\u14d5\u140a\u14d7\u140a\u1595\u158f\u14c2\u1550\u14f4\u1405\u1583\u1466\u1455\u14d5\u1550\u1450\u1555\u14c2\u1585 \u140a\u14bb\u14aa\u14d7 \u1455\u146f\u1466\u14f4\u1405\u144e\u1466\u14ef\u148d\u14d0\u14c7\u14ef\u1466\u14f1\u14c2 \u14c2\u1405\u1550\u1548\u144e\u1466\u14f4\u14a5\u14c2\u1483 \u1403\u14d5\u1483\u1470\u144e\u1550\u1450\u14c4\u1466 \u1455\u146f\u1581\u152d\u14a5\u14c4\u1466. \u144e\u146d\u14ed\u1555\u1405\u14f2\u148d\u1595\u158f\u1450\u1585, \u144c\u14a3\u1490\u14a5 \u1403\u14d5\u1483\u1470\u14ef\u140a\u1550\u14c2\u14a5\u14c2\u1483 \u14c4\u1403\u1455\u144e\u1466\u14ef\u152a\u1585. \u14c4\u1403\u1466\u14ef\u14f2\u1585 \u1405\u14c4\u1550\u14c2\u148b\u148b\u140a\u14d5\u158f\u1466 \u1403\u14f1\u14aa\u14a5\u1405\u144e\u148b\u1466\u14f1\u148b\u1466 (5-\u148d\u14c8\u1550\u144e\u1559\u14ea\u14d7\u144e\u14d7\u148b\u1466) \u140a\u14bb\u14aa\u14d7 \u1403\u14c4\u14d0\u14c4\u1466 \u14c2\u1405\u1555\u140a\u148d\u148d\u14d0\u14c7\u1438\u1466\u14f1\u144e\u1483 \u14c4\u1591\u1455\u1405\u1472\u1431\u1466\u14f1\u144e\u1483. \u14f1\u1472\u14d0\u14c2\u1439\u14a5\u1483 \u14c2\u1405\u1550\u1548\u14ef\u148d\u14d0\u14c7\u14ef\u14aa\u152a\u1585 2-3 \u1405\u14ea\u14d8\u14c2 \u14c2\u1405\u1555\u140a\u148d\u148c\u1550\u144e\u14d7\u148b\u14ea\u14d7 \u14c2\u1405\u1550\u1548\u14ef\u1490\u1466\u14f4\u14d5\u1405\u1550\u14c2\u14a5\u1483 \u1431\u148b\u140a\u1550\u144e\u14ef\u1466\u14f1\u14c2\u14d7!<br> \u140a\u1550\u14d5\u140a\u14f2\u148d\u14c2\u1593 \u1583\u14c4\u14ea\u14d7\u140a\u144e\u148b\u1483 \u140a\u1466\u1528\u148c\u1449\u1438\u158f\u1466\u1450\u1585 \u140a\u1455\u1405\u14ef\u1405\u1466\u144e\u1450\u14c2\u1483 \u14c7\u14f4\u14d5\u1405\u1550\u14f1\u14c2. \u14c7\u14ed\u1466 \u1405\u14ea\u14d7\u1403\u14c7\u1585 \u1431\u152d\u1547\u1550\u14f1\u148b\u1466 \u1405\u155d\u1559\u14d8\u14d0\u14c3\u1466 \u14aa\u1550\u1549\u14c2 \u1405\u14ea\u14d8\u14c2, \u140a\u1550\u14d5\u140a\u14aa\u1546\u1490\u14a5\u14d7 \u1405\u14ea\u14d7\u1403\u1466 \u1431\u1593\u14f1\u1466. \u1433\u140a\u14d7\u1403\u1466 \u14aa\u1550\u1548\u1403\u14c8\u14d0\u14c2 \u1403\u1472\u1405\u1550\u14c3\u14c2 \u1431\u152d\u1547\u1548\u14d0\u14c7\u1455\u158f\u1466, \u140a\u14bb\u14aa\u14d7 \u140a\u144e\u148b\u14d5\u1405\u14d5\u154b\u14a5 \u1405\u14ea\u14d7\u1450\u14f2\u1585 2-3 \u1405\u14ea\u14d7\u1403\u1466 \u14f4\u14c2\u140a\u14c2, \u144c\u14a3\u14bb\u14aa\u1466 \u140a\u144e\u148b\u14d5\u1405\u1595\u158f\u14c2\u1550\u14f4\u1405\u14f2\u1585. \u140a\u14d5\u140a\u148b\u152d\u1583\u14ea\u14da\u1546\u1466\u1450\u1585 \u1455\u146f\u148b\u140a\u14a5\u1483 \u1403\u14c4\u14d0\u14c2\u1483 \u140a\u1450\u1550\u1450\u14c2\u1483 \u14f4\u14c7\u152d\u1555\u14c2\u1550\u14a5\u14c2\u1483 \u140a\u14c3\u14d5\u154b\u14a5, \u1405\u155d\u1559\u14d8\u14d0\u14c3\u1466 \u1583\u1546\u1455\u1405\u152d\u1483\u146f\u1466 \u14c2\u1405\u1550\u1548\u14ef\u1550\u1455\u1555\u14c2\u158f\u14d0\u14c2\u1483.<br> \u1403\u14bb\u14a5\u14c2\u157f\u148b\u140a\u14a5\u1483 \u1431\u14c7\u14f1\u140a\u1550\u14f1\u14c2 \u140a\u14d5\u140a\u148b\u152d\u14d5\u1483, \u140a\u14bb\u14aa\u14d7 \u1403\u14d5\u1466\u144e\u1405\u144e\u14c2\u1483 \u14aa\u14d5\u14f2\u148d\u1490\u14c2 \u140b\u1550\u157f\u14f1\u1403\u148d\u144e\u148b\u1466\u14f1\u148b\u1466, \u144c\u14a3\u14bb\u14aa\u1466 \u140a\u1450\u14f2\u148d\u1595\u158f\u14c7\u14a5 \u1403\u14d5\u14d0\u14c2\u140a\u154b\u1466\u14f4\u14c2\u1483 \u14c7\u14bb\u14a5\u14c2\u1550\u14a5\u14c2\u1483 \u140b\u1550\u157f\u14ef\u140a\u1550\u14ef\u14aa\u152a\u14d5\u1405\u1548\u14ef\u14d5\u1483, \u144c\u14a3\u1490\u14a5 \u1403\u14d8\u14d0\u14c7\u144e\u1483 \u14f4\u14c7\u14ef\u14aa\u152d\u158f\u1466 \u14c7\u14bb\u14a5\u14c2\u1546\u1466\u14ef\u140a\u1455\u158f\u1466 \u140a\u1466\u1528\u148b\u152d\u1405\u1595\u158f\u1405\u144e\u148b\u1466\u14f1\u148b\u14ea\u14d7. <\/p>\n<p class=\"has-very-light-gray-background-color has-background\">Monica Angiyou est tricoteuse et couturi\u00e8re. Elle vend des nasait (chapeaux) et des pualuit (mitaines), mais elle fabrique aussi des atigiit (manteaux) et des kamiit (bottes) sur son compte Instagram, MEA&#8217;S creations. Elle a grandi \u00e0 Puvirnituq et y r\u00e9side encore. Elle a commenc\u00e9 \u00e0 fabriquer de petits chapeaux et mitaines \u00e0 l&#8217;\u00e2ge de 8 ans, en apprenant de sa m\u00e8re. Elle a fabriqu\u00e9 son premier parka vers l&#8217;\u00e2ge de 15-16 ans, apr\u00e8s que sa m\u00e8re, remarquant son perfectionnisme, lui a dit : &#8220;Tu es trop sp\u00e9cifique, fabrique ton propre parka&#8221;. <br> Monica a \u00e9t\u00e9 \u00e9lev\u00e9e par une m\u00e8re c\u00e9libataire et en tant qu&#8217;enfant unique. Pour pouvoir aider sa m\u00e8re et acheter son propre mat\u00e9riel, elle a commenc\u00e9 \u00e0 travailler \u00e0 l&#8217;\u00e2ge de 14 ans, &#8220;je ne pouvais jamais garder mes mains immobiles&#8221;.<br> Pour No\u00ebl, elle fabriquait ses propres cadeaux pour ses amis et sa famille. Plus tard, elle a d\u00e9cid\u00e9 de commencer \u00e0 vendre ses bouts de v\u00eatement sur Facebook. La premi\u00e8re fois qu&#8217;elle a essay\u00e9, elle a indiqu\u00e9 qu&#8217;elle vendait 5 nasak, mais elle en a finalement vendu 22.  Elle ne savait pas comment dire non. Elle a d\u00fb passer de Facebook \u00e0 Instagram, c&#8217;\u00e9tait moins envahissant et cela permettait de toucher un public sp\u00e9cifique. Elle ne prend pas de commandes, ce qui lui permet de se d\u00e9marquer un peu plus. Elle lance une certaine quantit\u00e9 de chapeaux (environ 5 \u00e0 la fois) et les gens peuvent les acheter jusqu&#8217;\u00e0 ce qu&#8217;ils soient \u00e9puis\u00e9s. Sa vente la plus rapide a eu lieu deux minutes apr\u00e8s le lancement !<br> La fabrication de chaque pi\u00e8ce varie en fonction de l&#8217;activit\u00e9 de la cr\u00e9atrice. Les chapeaux prennent g\u00e9n\u00e9ralement un jour ou deux, trois si elle est tr\u00e8s occup\u00e9e. Les mitaines ne prennent que quelques heures, et les parkas 2 \u00e0 3 jours, ce qui fait qu&#8217;elle en fabrique moins. Elle aime voir les gens porter ses cr\u00e9ations lorsqu&#8217;elle est \u00e0 l\u2019ext\u00e9rieur ou sur Internet. <br> Elle aime travailler seule et ne prend pas de mod\u00e8les pour r\u00e9aliser ses cr\u00e9ations. Elle a donc enti\u00e8rement cr\u00e9\u00e9 son propre design, ce qui rend sa marque d&#8217;autant plus unique. <\/p>\n\n\n<p class=\"has-very-light-gray-background-color has-background\">Monica Angiyou is a crocheter and a seamstress. She sells nasait (hat) and pualuit (mittens), but she also make atigiit (coats) and kamiit (boots) on her Instagram account, MEA\u2019S creations. She grew up in Puvirnituq and still resides there. She started making small hats and mittens at the age of 8, learning from her mother. She made her first parka around the age of 15-16, after her mom noticing her perfectionism said: \u201cyou\u2019re too specific, make your own\u201d. <br> Monica was raised by a single mother and as a single child. To be able to help her mom and buy her own materials, she started working at 14-years-old, \u201cI could never keep my hands still\u201d.<br> For Christmas, she made her homemade gifts to friends and family. Later on, she decided to start selling them on Facebook. The first time she tried, she posted that she was selling 5 nasak, but ended up making 22.  She didn\u2019t know how to say no. She had to transition Facebook to Instagram, it was less overwhelming and reached out to a specific audience. She doesn\u2019t take orders, which makes her stand out a little more. She launches a certain amount of hats (about 5 at a time) and people can buy them until they sell out. Her fastest sell out was 2 minutes after launching!<br> The making of each piece differs on how busy she is. Hats usually take about a day or two, three if really busy. Mittens take a couple of hours only, and parkas are around 2-3 days, so she makes less of them. She loves seeing people wearing her handmade creations when she\u2019s out, or on the internet.<br> She likes working on her own, and doesn\u2019t take models to make her design, so she completely came up with her own design, which makes her brand all the more unique. <\/p>\n\n\n\n<p class=\"has-background\" style=\"background-color:#e5f5f5\">\u1583\u1405\u1528\u148b\u140a\u1466\u14ef\u140a\u1548\u14aa\u148d\u1555\u1466 \u14f4\u14c7\u1595\u1591\u140a\u144e\u1405\u1449 \u14a5\u1466\u14f5\u14c4\u1466 \/ D\u00e9couvrir plus sur l&#8217;artiste \/ Know more about the artist:<br> <a rel=\"noreferrer noopener\" href=\"https:\/\/www.instagram.com\/meas_creations\/\" target=\"_blank\"> Instagram <\/a><br> <\/p>\n\n\n<p> \u140a\u14ea\u14da\u1450\u1585 | Texte de | Text by: Jessie Fortier Ningiuruvik <\/p>\n<div class=\"rl-gallery-container splide rl-loading\" id=\"rl-gallery-container-1\" data-gallery_id=\"6543\"> <div class=\"rl-gallery rl-basicslider-gallery splide__track \" id=\"rl-gallery-1\" data-gallery_no=\"1\"> <ul class=\"splide__list\"> <li class=\"rl-gallery-item splide__slide\" data-thumb=\"https:\/\/tarqitamaat.ca\/wp-content\/uploads\/2023\/04\/IMG_0293.jpg\"> <a href=\"https:\/\/tarqitamaat.ca\/wp-content\/uploads\/2023\/04\/IMG_0293.jpg\" title=\"\" data-rl_title=\"\" class=\"rl-gallery-link\" data-rl_caption=\"\" data-rel=\"lightbox-gallery-1\"><img src=\"https:\/\/tarqitamaat.ca\/wp-content\/uploads\/2023\/04\/IMG_0293.jpg\" width=\"480\" height=\"640\" alt=\"\" \/><\/a> <\/li> <li class=\"rl-gallery-item splide__slide\" data-thumb=\"https:\/\/tarqitamaat.ca\/wp-content\/uploads\/2023\/04\/IMG_0603.jpg\"> <a href=\"https:\/\/tarqitamaat.ca\/wp-content\/uploads\/2023\/04\/IMG_0603.jpg\" title=\"\" data-rl_title=\"\" class=\"rl-gallery-link\" data-rl_caption=\"\" data-rel=\"lightbox-gallery-1\"><img src=\"https:\/\/tarqitamaat.ca\/wp-content\/uploads\/2023\/04\/IMG_0603.jpg\" width=\"480\" height=\"640\" alt=\"\" \/><\/a> <\/li> <li class=\"rl-gallery-item splide__slide\" data-thumb=\"https:\/\/tarqitamaat.ca\/wp-content\/uploads\/2023\/04\/IMG_0926.jpg\"> <a href=\"https:\/\/tarqitamaat.ca\/wp-content\/uploads\/2023\/04\/IMG_0926.jpg\" title=\"\" data-rl_title=\"\" class=\"rl-gallery-link\" data-rl_caption=\"\" data-rel=\"lightbox-gallery-1\"><img src=\"https:\/\/tarqitamaat.ca\/wp-content\/uploads\/2023\/04\/IMG_0926.jpg\" width=\"480\" height=\"640\" alt=\"\" \/><\/a> <\/li> <li class=\"rl-gallery-item splide__slide\" data-thumb=\"https:\/\/tarqitamaat.ca\/wp-content\/uploads\/2023\/04\/IMG_4708.jpg\"> <a href=\"https:\/\/tarqitamaat.ca\/wp-content\/uploads\/2023\/04\/IMG_4708.jpg\" title=\"\" data-rl_title=\"\" class=\"rl-gallery-link\" data-rl_caption=\"\" data-rel=\"lightbox-gallery-1\"><img src=\"https:\/\/tarqitamaat.ca\/wp-content\/uploads\/2023\/04\/IMG_4708.jpg\" width=\"480\" height=\"640\" alt=\"\" \/><\/a> <\/li> <li class=\"rl-gallery-item splide__slide\" data-thumb=\"https:\/\/tarqitamaat.ca\/wp-content\/uploads\/2023\/04\/IMG_0600-e1682359565511.jpg\"> <a href=\"https:\/\/tarqitamaat.ca\/wp-content\/uploads\/2023\/04\/IMG_0600-e1682359565511.jpg\" title=\"\" data-rl_title=\"\" class=\"rl-gallery-link\" data-rl_caption=\"\" data-rel=\"lightbox-gallery-1\"><img src=\"https:\/\/tarqitamaat.ca\/wp-content\/uploads\/2023\/04\/IMG_0600-e1682359565511.jpg\" width=\"480\" height=\"478\" alt=\"\" \/><\/a> <\/li> <li class=\"rl-gallery-item splide__slide\" data-thumb=\"https:\/\/tarqitamaat.ca\/wp-content\/uploads\/2023\/04\/image3.jpeg\"> <a href=\"https:\/\/tarqitamaat.ca\/wp-content\/uploads\/2023\/04\/image3.jpeg\" title=\"\" data-rl_title=\"\" class=\"rl-gallery-link\" data-rl_caption=\"\" data-rel=\"lightbox-gallery-1\"><img src=\"https:\/\/tarqitamaat.ca\/wp-content\/uploads\/2023\/04\/image3.jpeg\" width=\"640\" height=\"480\" alt=\"\" \/><\/a> <\/li> <li class=\"rl-gallery-item splide__slide\" data-thumb=\"https:\/\/tarqitamaat.ca\/wp-content\/uploads\/2023\/04\/IMG_0895.jpg\"> <a href=\"https:\/\/tarqitamaat.ca\/wp-content\/uploads\/2023\/04\/IMG_0895.jpg\" title=\"\" data-rl_title=\"\" class=\"rl-gallery-link\" data-rl_caption=\"\" data-rel=\"lightbox-gallery-1\"><img src=\"https:\/\/tarqitamaat.ca\/wp-content\/uploads\/2023\/04\/IMG_0895.jpg\" width=\"480\" height=\"640\" alt=\"\" \/><\/a> <\/li> <li class=\"rl-gallery-item splide__slide\" data-thumb=\"https:\/\/tarqitamaat.ca\/wp-content\/uploads\/2023\/04\/IMG_5173-rotated.jpg\"> <a href=\"https:\/\/tarqitamaat.ca\/wp-content\/uploads\/2023\/04\/IMG_5173-rotated.jpg\" title=\"\" data-rl_title=\"\" class=\"rl-gallery-link\" data-rl_caption=\"\" data-rel=\"lightbox-gallery-1\"><img src=\"https:\/\/tarqitamaat.ca\/wp-content\/uploads\/2023\/04\/IMG_5173-rotated.jpg\" width=\"480\" height=\"640\" alt=\"\" \/><\/a> <\/li> <li class=\"rl-gallery-item splide__slide\" data-thumb=\"https:\/\/tarqitamaat.ca\/wp-content\/uploads\/2023\/04\/IMG_0290.jpg\"> <a href=\"https:\/\/tarqitamaat.ca\/wp-content\/uploads\/2023\/04\/IMG_0290.jpg\" title=\"\" data-rl_title=\"\" class=\"rl-gallery-link\" data-rl_caption=\"\" data-rel=\"lightbox-gallery-1\"><img src=\"https:\/\/tarqitamaat.ca\/wp-content\/uploads\/2023\/04\/IMG_0290.jpg\" width=\"480\" height=\"640\" alt=\"\" \/><\/a> <\/li> <li class=\"rl-gallery-item splide__slide\" data-thumb=\"https:\/\/tarqitamaat.ca\/wp-content\/uploads\/2023\/04\/IMG_9369.jpg\"> <a href=\"https:\/\/tarqitamaat.ca\/wp-content\/uploads\/2023\/04\/IMG_9369.jpg\" title=\"\" data-rl_title=\"\" class=\"rl-gallery-link\" data-rl_caption=\"\" data-rel=\"lightbox-gallery-1\"><img src=\"https:\/\/tarqitamaat.ca\/wp-content\/uploads\/2023\/04\/IMG_9369.jpg\" width=\"480\" height=\"640\" alt=\"\" \/><\/a> <\/li> <\/ul> <\/div> <\/div>","protected":false},"excerpt":{"rendered":"<p>\u14ab\u14c2\u1472 \u140a\u158f\u152d | Monica Angiyou \u14ab\u14c2\u1472 \u140a\u158f\u152b\u1550\u1483 \u14c2\u1466\u14ef\u1490\u14f2\u1585 \u140a\u14bb\u14aa\u14d7 \u14a5\u1550\u14f1\u144e\u1405\u1466\u14f1\u14c2. \u14c2\u1405\u1550\u1548\u14ed\u14f2\u1585 \u1583\u1546\u1455\u1405\u152d\u14a5\u144e\u148d\u1466 (MEA-\u1449 \u1403\u14c2\u1550\u14ef\u14aa\u152d\u158f\u1466, \u14c7\u14f4\u1550\u14c2\u1483 \u140a\u14bb\u14aa\u14d7 \u1433\u140a\u14d7\u14d0\u14c2\u1483, \u140a\u14bb\u14aa\u14d7 \u140a\u144e\u148b\u14d5\u1405\u14f2\u148d\u1466\u14f1\u14c2 \u1472\u14bb\u14a5\u1405\u14f2\u148d\u1466\u14f1\u14c2\u14d7. \u1433\u1555\u1550\u14c2\u1450\u14a5 \u1431\u1548\u1550\u14ef\u14aa\u152a\u1585 \u140a\u14bb\u14aa\u14d7 \u1456\u1559\u14c2\u14a5\u1405\u148d\u1403\u14d0\u14c8\u14f1\u14c2. 8-\u14c2\u1483 \u1405\u146d\u1405\u1583\u1550\u14f1\u14c2 \u14a5\u146d\u152a\u1550\u14da\u14c2\u1483 \u14c7\u14f5\u1431\u14d5\u1405\u1595\u1591\u140a\u1583\u1466\u1455\u14ef\u152a\u1555\u14c2\u1585 \u140a\u14bb\u14aa\u14d7 \u1433\u140a\u14d7\u140a\u1431\u14d0\u14c2\u1483, \u140a\u14c8\u14c7\u14a5\u14c2\u1466 \u1403\u14d5\u1466\u14ef\u1583\u1466\u1455\u14f1\u14c2. \u14ef\u1557\u14ea\u14d5\u1439\u14a5 \u140a\u144e\u148b\u14d5\u1405\u1550\u1450\u1555\u14c2\u1585 \u1405\u146d\u1405\u1583\u1550\u14f1\u14c2 15-16-\u14c2\u1483, \u140a\u14c8\u14c7\u14a5\u14c4\u1466 \u1431\u1466\u14ef\u140a\u14ef\u14aa\u152a\u14bb\u14aa\u1546\u14d0\u14c2\u1483 \u1431\u1583\u1548\u14aa\u14f2\u148d\u14c2\u1593 \u1583\u1405\u1528\u1559\u14ea\u14da\u1455\u1405\u1490\u14a5 \u14da\u152d\u1405\u152a\u1555\u14c2\u1585: &#8220;\u14c7\u1550\u1548\u1451\u148d\u1490\u1555\u1466, \u1403\u14bb\u14a5\u14c2\u1483 \u1431\u14d5\u1405\u14da\u1405\u1546\u1466&#8221;. \u14ab\u14c2\u1472 \u1431\u1548\u1550\u14f4\u1455\u1405\u14ef\u14aa\u152a\u1585 \u140a\u14c8\u14c7\u14a5\u14c4\u1466 \u1403\u14c4\u1451\u1466\u152d\u1405\u14f1\u14c2 \u140a\u14bb\u14aa\u14d7 \u157f\u1450\u1550\u1593\u1450\u140a\u1546\u1466\u14f1\u14c2\u1405\u1483. \u1403\u1472\u152a\u1550\u14ef\u14aa\u148d\u14aa\u1466\u14f1\u14c2 \u140a\u14c8\u14c7\u14a5\u14c2\u1483 \u140a\u14bb\u14aa\u14d7 \u1403\u14bb\u14a5\u14c2\u1483 \u14a5\u1550\u14f1\u154b\u1466\u14f4\u14a5\u14c2\u1483 &hellip; <a href=\"https:\/\/tarqitamaat.ca\/?page_id=6551\" class=\"more-link\">Continue reading <span class=\"screen-reader-text\">\u144e\u1546\u14ea\u14d7\u14d5\u1405\u1466 | Avril | April<\/span> <span class=\"meta-nav\">&rarr;<\/span><\/a><\/p>\n","protected":false},"author":1,"featured_media":6530,"parent":0,"menu_order":0,"comment_status":"closed","ping_status":"closed","template":"","meta":[],"_links":{"self":[{"href":"https:\/\/tarqitamaat.ca\/index.php?rest_route=\/wp\/v2\/pages\/6551"}],"collection":[{"href":"https:\/\/tarqitamaat.ca\/index.php?rest_route=\/wp\/v2\/pages"}],"about":[{"href":"https:\/\/tarqitamaat.ca\/index.php?rest_route=\/wp\/v2\/types\/page"}],"author":[{"embeddable":true,"href":"https:\/\/tarqitamaat.ca\/index.php?rest_route=\/wp\/v2\/users\/1"}],"replies":[{"embeddable":true,"href":"https:\/\/tarqitamaat.ca\/index.php?rest_route=%2Fwp%2Fv2%2Fcomments&post=6551"}],"version-history":[{"count":27,"href":"https:\/\/tarqitamaat.ca\/index.php?rest_route=\/wp\/v2\/pages\/6551\/revisions"}],"predecessor-version":[{"id":6934,"href":"https:\/\/tarqitamaat.ca\/index.php?rest_route=\/wp\/v2\/pages\/6551\/revisions\/6934"}],"wp:featuredmedia":[{"embeddable":true,"href":"https:\/\/tarqitamaat.ca\/index.php?rest_route=\/wp\/v2\/media\/6530"}],"wp:attachment":[{"href":"https:\/\/tarqitamaat.ca\/index.php?rest_route=%2Fwp%2Fv2%2Fmedia&parent=6551"}],"curies":[{"name":"wp","href":"https:\/\/api.w.org\/{rel}","templated":true}]}}