{"id":6388,"date":"2023-03-07T18:52:41","date_gmt":"2023-03-07T18:52:41","guid":{"rendered":"https:\/\/tarqitamaat.ca\/?page_id=6388"},"modified":"2026-05-12T15:59:53","modified_gmt":"2026-05-12T15:59:53","slug":"%e1%93%87%e1%91%a6%e1%93%af%e1%90%8a%e1%93%95%e1%90%85%e1%91%a6-mars-march-4","status":"publish","type":"page","link":"https:\/\/tarqitamaat.ca\/?page_id=6388","title":{"rendered":"\u157f\u14a7\u1466\u152a\u1403\u1466 | Qimutjuit"},"content":{"rendered":"\n<h2 class=\"wp-block-heading\">\u14c7\u1466\u14ef\u140a\u14d5\u1405\u1466 | Mars | March<\/h2>\n\n\n\n<p class=\"has-very-light-gray-background-color has-background\">\u157f\u14a7\u1466\u152a\u1403\u1466 \u1403\u14da\u1405\u1555\u1405\u152a\u1466 \u14ef\u1455\u14aa\u14c4\u1466 \u1403\u14c4\u14d0\u14c4\u1466, \u14f5\u14d5 \u1403\u1583\u14d7\u1483, \u1403\u140a\u1546\u1483 \u140a\u1455\u148d\u1466\u1456\u14d7\u1483, \u1438\u1405\u14d7\u14ef \u1583\u14f4\u14ea\u14d7\u140a\u1585 \u140a\u14bb\u14aa\u14d7 \u152b\u1431 \u1405\u1403\u1456\u14d7\u1466\u1450\u1585, \u1403\u14d8\u14d0\u14c7\u144e\u1483 \u1455\u155d\u1559\u14c2\u1466\u14ed\u14c7\u1585 \u14c4\u14c7\u14d6\u1466, \u1403\u14c4\u1466\u152a\u140a\u14a5. \u146e\u14c7\u1405\u152d\u1550\u1456\u1455\u1405\u1466\u14f1\u144e\u1483 \u14ef\u1557\u14c2\u1550\u14a7\u1466 \u1583\u1405\u14aa\u14c2\u1550\u14f4\u14a7\u1466 Brighter Futures, \u1450\u14f4\u1550\u14c2\u152e\u1550\u144e\u14ef\u1528\u1595\u1591\u14ef\u14aa\u152a\u1466, \u1455\u1490 \u144c\u1466\u14f1\u14aa\u14c2 \u1431\u148b\u140a\u1550\u14c2\u154b\u14a5, \u1450\u14f4\u1550\u14c2\u152e\u1550\u144e\u14ef\u1528\u1405\u14ef\u14aa\u14d5\u1550\u1450\u1466 \u140a\u1550\u154c\u148d\u14c2 33-\u14c2, 1990-\u14c2\u14a5\u1466. \u1431\u148b\u140a\u1595\u1593\u14f1\u144e\u1483, \u1583\u1405\u1528\u14aa\u14ef\u14aa\u152a\u1466 \u14c7\u1550\u14c2\u1548\u144e\u158f\u14d0\u14c2\u1483 \u1431\u1595\u1591\u140a\u1548\u144e\u1405\u1449, \u144c\u14aa \u144c\u1466\u14f1\u14aa\u14c2 \u1450\u146d\u1456\u14d5\u1550\u1450\u1555\u14c3\u1466 \u1431\u14bb\u14aa\u1546\u148b\u140a\u14da\u1593\u14ef\u1466\u14f1\u144e\u1483, \u1431\u148b\u1405\u1550\u14f4\u1583\u1466\u1455\u14d5\u1550\u1450\u1555\u14c3\u1466 \u14c4\u1456\u14c2\u1483 \u140a\u14ef\u158f\u14d0\u14c2\u1483 \u1450\u14f4\u1550\u14c2\u152e\u1550\u144e\u14ef\u1405\u144e\u14c2\u1483 \u140a\u1450\u1546\u1405\u1550\u14f4\u14f1\u144e\u1483, \u1406\u1466\u1451\u144e\u148b\u1466\u14f1\u148d \u146f\u146d\u1455\u1438\u1405\u144e\u14c2\u1483. \u14c7\u14ea\u14d5\u1473\u1546\u140a\u1583\u14ef\u1466\u14f1\u144e\u14ea\u14d7 \u1403\u1595\u158f\u144e\u148b\u14c2\u140a\u1550\u1455\u14a5\u14c2\u1483, \u14f5\u14d5 \u1403\u1595\u158f\u144e\u148b\u152d\u1405\u14ef\u152a\u1555\u14c2\u1585. \u144c\u14aa \u1439\u14ea \u1583\u144e\u1450\u14c2\u1550\u14f4\u14a5\u1483 \u1403\u14a5\u140a\u1595\u158f\u14c2\u1550\u14f4\u14a5\u1483 \u146f\u146d\u1455\u1438\u1405\u144e\u14a5\u1483 \u140a\u1450\u1546\u1405\u1550\u144e\u14d7\u148d \u140a\u14bb\u14aa\u14d7 \u1403\u140a\u1546\u1483 \u146f\u146d\u1455\u1438\u148b\u1405\u1550\u144e\u14d7\u148d. \u1450\u14f4\u1550\u14c2\u152e\u1550\u144e\u14ef\u1405\u144e\u14a5\u14c2\u1483 \u140a\u14ef\u1466\u1528\u1450\u1403\u1583\u1466\u1455\u1450\u1555\u14c3\u1466, \u146d\u14ef\u140a\u14c2 \u14ef\u1557\u14ea\u14d5\u1439\u14c2\u1483 \u1431\u1595\u1591\u140a\u1548\u14ef\u14a5\u14c2\u1483 \u14c2\u1431\u14d5\u1405\u14d5\u1550\u14f1\u144e\u1483 \u140a\u1450\u14c2\u1466 \u140a\u1455\u1405\u14ef\u1550\u14a5\u1483 \u140a\u1450\u14da\u1593\u14ef\u1466\u14f1\u144e\u1483 \u140a\u1450\u14c2\u1466 \u140b\u1550\u1580\u14da\u1546\u14d5\u1550\u1450\u1555\u14c3\u1466.<br> \u14ef\u1557\u14ea\u14d5\u1439\u14a5 \u1431\u1595\u1591\u140a\u1546\u140a\u1550\u1450\u1555\u148b\u14ef\u14aa\u152d\u1593 \u1433\u1555\u1550\u14c2\u1450\u1585, 1991-\u14a5. \u1431\u148d\u14d0\u14c7\u14d5\u154b\u14d7\u140a\u1550\u14f1\u144e\u1483 \u1431\u148b\u1405\u1595\u158f\u14d7\u140a\u1550\u14ef\u14aa\u1466\u14f1\u144e\u1483 \u140a\u14bb\u14aa\u14d7 \u1450\u14f4\u1550\u14c2\u152e\u1550\u144e\u14ef\u14c2\u1550\u14a5\u1483 \u14f1\u158f\u1405\u14d0\u14c2\u1583\u14ea\u14da\u1546\u1490\u144e\u1483 \u14f1\u14d5. \u1450\u146d\u14ef\u144e\u1466\u14ef\u14da\u1405\u1550\u1450\u1466 \u140a\u1550\u14f1\u1548\u1550\u1450\u1555\u14c2\u1405\u14c2\u1550\u14a5\u14c2\u1483 \u140a\u14bb\u14aa\u14d7 \u1431\u1595\u1591\u140a\u14da\u1593\u148b\u140a\u14a5\u1483 \u146f\u146e\u1593\u1466\u14f1\u144e\u1483, \u1450\u14f4\u1550\u14c2\u152e\u1550\u144e\u14ef\u1555\u1483 \u1403\u14c4\u14d0\u14c2\u1483 \u1455\u1455\u1466\u144e\u14d7\u148d \u140a\u14bb\u14aa\u14d7 \u1431\u148b\u140a\u1550\u1555\u14f4\u1583\u1550\u14f1\u144e\u1483 \u14c7\u14c2\u14d5\u14ab\u1585 \u1583\u1405\u1528\u14aa\u152d\u1405\u14d5\u1550\u1450\u1466 \u1431\u1595\u1591\u140a\u14c2\u158f\u1466\u1455 \u146d\u1591\u14c2\u1593\u148d\u1466. \u1455\u1455\u14a5\u14d5\u1550\u1450\u1555\u14c3\u1466, \u1403\u14c4\u14d0\u14c4\u1466 \u1450\u14f4\u1550\u14c2\u1546\u152d\u1405\u14bb\u14aa\u1546\u14d0\u14c2\u154b\u14a5\u1483, \u144c\u14aa \u1472\u152a\u14ef\u148d\u14ab\u14da\u157f\u1466\u14ef\u140a\u14c2\u140a\u14d5\u154b\u14a5\u1483. \u1431\u1595\u1591\u140a\u14c2\u1550\u152a\u140a\u14d5\u140a\u1550\u14ef\u14aa\u14d5\u1550\u1450\u1466 \u1403\u14d8\u14d0\u14c0\u14c4\u1466 \u14c4\u14c7\u1555\u14bb\u14a5, \u140a\u14bb\u14aa\u14d7 \u1403\u14da\u158f\u14d0\u14c4\u1466 \u14c4\u14c7\u1555\u14bb\u14a5, \u140a\u14bb\u14aa\u14d7 \u14aa\u14d0\u1450\u1528\u140a\u14da\u14a5 \u140b\u1450\u1557\u140a\u14a7\u14ea\u14d7. \u140a\u1455\u1405\u1466\u14ef\u1555\u1450\u1403\u14d0\u14c7\u14f1\u144e\u1483 \u140a\u1455\u1405\u1466\u14ef\u1470\u1550\u1450\u14c2\u1483 \u1403\u14da\u148c\u1466\u144e\u1450\u14c2\u1483 \u14c2\u1431\u14d5\u1405\u1550\u14ef\u14aa\u152a\u1466, \u14f5\u14d5 \u1431\u14c7\u14f1\u140a\u1546\u140a\u1550\u1450\u14c2\u1550\u14aa\u1466 \u1405\u152d\u154b\u1550\u14c2\u140a\u1555\u14bb\u14a7\u1466 \u154c\u1595\u1472\u14da\u14d0\u14a7\u1466, \u1456\u1559\u14c2 \u1431\u14c7\u14f1\u1466\u144e\u1405\u14f1\u14c2 \u140a\u1550\u154c\u148d\u1466 17 \u14f4\u14c2\u140a\u14c2. \u14c2\u1431\u14d5\u1405\u1548\u14d0\u14c7\u14ef\u1583\u1466\u1455\u1548\u14d0\u14c0\u1450\u1555\u14c3\u1466, \u140a\u14bb\u14aa\u14d7 \u140a\u14ef\u158f\u1466 \u14c7\u14bb\u14a5\u14c2\u1585 \u1403\u14c5\u14ef\u1550\u14a5\u14c2 \u14c4\u14ea\u14da\u1405\u1583\u1550\u1450\u1555\u14c2\u1405\u1466\u14f1\u144e\u1483, \u146d\u14ef\u140a\u14c2 \u1455\u1490\u1455\u1490 \u1405\u144e\u1550\u1438\u14d5\u140a\u14d5\u1550\u14a5\u152a\u1466, \u1431\u1555\u1466\u14f4\u1583\u154b\u14f1\u140a\u1583\u1466\u1455\u14f1\u144e\u1483 \u140a\u14bb\u14aa\u14d7 \u14c7\u14c3\u14da\u1593\u14c2\u1550\u14a5\u14c2\u1483 \u1450\u146d\u1456\u1546\u140a\u1583\u1583\u1466\u1455\u14f1\u144e\u1483.<br> \u144c\u1466\u14f1\u14aa\u14c2, \u1405\u14ea\u14d7\u1455\u14ab\u1466 \u1431\u148b\u140a\u1550\u14f4\u1583\u1466\u1455\u1450\u1555\u14c3\u1466 \u140a\u14bb\u14aa\u14d7 \u1439\u14ea \u140a\u1593\u152a\u1550\u1584\u158f\u1483 \u1431\u148b\u1405\u1550\u14f4\u1555\u1583\u1550\u144e\u14ef\u1559\u1466\u14f1\u144e\u1483 \u1403\u14ea\u14d7\u140a\u1431\u14a5\u14c2\u1483. \u140a\u14d5\u140a\u1595\u1591\u140a\u1438\u14d5\u154b\u14a5\u1483 \u1431\u148b\u1405\u1550\u14f4\u14f1\u144e\u1483 \u157f\u144e\u154b\u1547\u154b\u1455\u1550\u14f1\u148d \u1456\u1559\u14c3\u1583\u1466\u1455\u14d5\u1550\u1450\u1555\u14c3\u1466: \u157f\u144e\u154b\u1547\u1450\u140a\u1550\u14aa\u1466 \u1405\u14d0\u14c4\u140a\u14a5, &#8220;\u1403\u146f\u14aa\u158f\u1466 \u1583\u14a5\u1455\u1405\u1583\u1466\u1455\u14da\u1405\u1550\u14ef\u14aa\u152a\u1466 \u1403\u14ea\u14d7\u140a\u1431\u1405\u1449, \u14c2\u1438\u14d5\u152e\u14d7\u140a\u1550\u1582\u1438\u14d0\u14c2\u154b\u1466\u1455&#8221;, \u14da\u14da\u1405\u1550\u1450\u1585 \u1403\u140a\u1546\u1483. \u1439\u14ea \u1403\u14db\u14d0\u14c2 \u1472\u1595\u1591\u14f2\u14bb\u14a5\u1583\u1466\u1455\u1450\u1555\u14c2\u1405\u14c2\u154b\u14da\u1405\u1550\u1450\u1585, \u14ef\u1557\u14d5\u1550\u14f1\u14c2 \u146f\u146d\u1455\u1438\u1405\u144e\u14a7\u1466 \u140a\u14a1\u1490\u158f\u1466\u1455 \u1403\u14c4\u1490\u158f\u1466 \u14c7\u14a7\u1595\u1593\u14c2\u140a\u1550\u14aa\u1594\u1455 \u1433\u1403\u148d\u1583\u1466\u1455\u14c2\u154b\u14a5. \u14f5\u14d5 \u146f\u146d\u1455\u1438\u1405\u14ef\u152d\u1583\u1466\u1455\u14ef\u152a\u1555\u14c2\u1585 \u1405\u146d\u1405\u1583\u1550\u14f1\u14c2 12-\u14c2\u1483, \u140a\u1450\u1550\u14f1\u14c2 \u140a\u1593\u152a\u14a5\u1455 \u146f\u146d\u1455\u1438\u1405\u144e\u1593\u14c2\u1483 \u1583\u14c2\u1595\u1592\u144e\u1455\u1583\u1595\u158f\u1450\u14a5\u1483, \u1403\u14ea\u14d7\u140a\u1548\u14ef\u1593\u14c4\u1466 \u1403\u144e\u1550\u1438\u14f1\u14c2 \u1583\u1405\u1528\u152d\u1405\u1466\u144c\u14d5\u1466\u14f1\u14c2. \u1583\u1455\u1595\u1591\u144e\u14a5\u1455 \u1403\u14da\u1593\u14d0\u14c4\u1466 \u1403\u1472\u152a\u1550\u1455\u1405\u1583\u1466\u1455\u14c2\u1550\u14a5\u152a\u1585, \u1403\u14d5\u14d0\u14c2\u140a\u144e\u1455\u1405\u1466\u14f1\u14c2 \u1456\u14c2\u14ef\u1548\u144e\u14c2\u1483 \u1581\u1555\u140a\u14f1\u155d\u1555\u14ef\u1405\u144e\u14c2\u1483 \u1403\u1595\u158f\u140a\u1548\u14ef\u14c2\u1483. \u1403\u14d8\u14d0\u14c7\u144e\u1483 \u1583\u1405\u1528\u14aa\u1595\u158f\u1450\u1466 \u140a\u1450\u140a\u1550\u14ef\u148b\u140a\u14a5\u1483 \u1450\u14f4\u1550\u14c2\u152e\u1550\u144e\u14ef\u1405\u144f\u1466 \u140a\u14ea\u14da\u14ef\u14aa\u152a\u1550\u1455\u158f\u14d0\u14c2\u1483, \u1403\u14d5\u1466\u14ef\u14f2\u148d\u1466\u14f1\u144e\u1483 \u14c8\u14da\u1466\u14f1\u144e\u1483 \u1450\u14f4\u1550\u14c2\u152e\u1548\u144e\u14c2\u1483. \u14f1\u14d5 \u1403\u14d5\u1466\u14ef\u1559\u14ea\u14d5\u140a\u152a\u1466, \u14f1\u158f\u1405\u14d0\u14c2\u1583\u1550\u1450\u1450\u1583\u1405\u1490\u14d7\u140a\u1550\u14f1\u144e\u1483. \u14f5\u14d5 \u1405\u152d\u154b\u1550\u14c2\u140a\u1555\u14bb\u14a5 \u1431\u14c7\u14f1\u140a\u1550\u144e\u14d7\u148d, \u1403\u140a\u1546\u1483 \u146f\u146d\u1455\u1438\u148b\u1405\u1550\u14f4\u14d5\u1405\u14a5\u14ef\u14aa\u14d5\u1550\u1450\u1555\u14c2\u1585 \u140a\u14bb\u14aa\u14d7 \u1439\u14ea \u1431\u148b\u1405\u1550\u14f4\u1548\u144e\u1583\u14ef\u1466\u14f1\u14c2 \u14c2\u1466\u152d\u1405\u144e\u14a5\u14c2\u1483, \u140a\u14bb\u14aa\u14d7 \u140a\u14a5\u14f1\u1555\u1466\u14f1\u144e\u1483 \u1455\u146f\u14d0\u14c7\u1405\u152e\u1550\u1455\u1405\u148b\u140a\u1550\u1450\u14ef\u14aa\u14d5\u1550\u14f1\u144e\u1483 \u14c4\u14c7\u1555\u14bb\u14a5. \u140a\u146f\u14c2 \u1472\u144e\u14ef\u14aa\u148d\u14d0\u14c0\u154b\u14d7\u140a\u1550\u14f1\u144e\u1483, \u1405\u144e\u1405\u1550\u1583\u14ef\u14aa\u14d5\u1546\u140a\u14a5\u1483 \u1472\u144e\u14aa\u1466\u14f1\u144e\u1483 \u1431\u1595\u1591\u140a\u1548\u14d0\u14c7\u14d5\u1550\u14a5\u14f1\u144e\u1483 \u1403\u1449\u1431\u148d\u14f1\u1449\u1438\u14d5\u1550\u1450\u1466 \u14c8\u14bb\u14aa\u1546\u140a\u14a5\u1483.<br> \u157f\u14a7\u1466\u152a\u1403\u1466 \u1403\u14f1\u14aa\u1583\u1466\u1455\u14d5\u1550\u14a5\u152a\u1466 \u1450\u1593\u14d5\u140a\u14c2\u1483 \u1472\u144e\u14aa\u152a\u14c2\u1483 \u14c2\u1431\u14d5\u1405\u154b\u152d\u1546\u140a\u14a5\u1483, \u1403\u14da\u1583\u1550\u144e\u14d7\u148b\u1466 \u1403\u1595\u158f\u1591\u140a\u1548\u14ef\u14c2\u1483 \u140a\u14ea\u14da\u14ef\u14aa\u148c\u1550\u1455\u14a5\u14c2\u1483, \u146d\u14ef\u140a\u14c2 \u14c2\u1431\u14d5\u1405\u154b\u1455\u1595\u158f\u1450\u1466. \u1403\u14a3\u14d5\u148d\u144e\u148b\u148d\u14d0\u14c7\u14ef\u140a\u14d5\u1550\u1455\u1557\u1466 \u14f2\u152a\u1595\u1591\u1438\u14ea\u14d5\u140a\u1450\u1403\u14d0\u14c7\u1450\u1466 \u140a\u1550\u154c\u148d\u1403\u1466 33 \u140a\u14c2\u148d\u1550\u14ef\u14aa\u14d5\u154b\u14d7\u140a\u1550\u144e\u14d7\u148b\u1466. \u140a\u14d0\u14c0\u14da\u1593\u1595\u158f\u14da\u14ef\u1405\u1483 \u1433\u1555\u1550\u14c2\u1450\u14a5 \u1431\u1595\u1591\u140a\u14c2\u1550\u152a\u140a\u14a6\u14da\u1593\u14bb\u14aa\u1455 \u14ab\u1466\u14ef 20-\u14a5\u1466 24-\u14a7\u1466 \u1455\u146f\u14d0\u14c7\u1405\u152e\u1550\u1455\u1405\u14da\u1593\u14bb\u14aa\u1455 (<a href=\"https:\/\/www.facebook.com\/PuvirnituqSnowFestival2022\" target=\"_blank\" rel=\"noreferrer noopener\">\u14c8\u14bb\u14aa\u14ef\u1466\u1455\u1548\u144e\u158f\u1466 \u1455\u14ab\u14c2<\/a>)! <br> <\/p>\n\n\n\n<p class=\"has-very-light-gray-background-color has-background\">Qimutjuit est un groupe de quatre personnes, Charlie Iqaluk, Eric Atagotaaluk, Pauloosie Kasudluak et Jobie Oweetaluktuk. Ils viennent tous du m\u00eame village, Inukjuak. Gr\u00e2ce au fonds de l&#8217;initiative &#8220;Bright Futures&#8221;, ils ont pu former Qimutjuit, et c&#8217;est ainsi qu&#8217;ils jouent depuis 1990, soit depuis 33 ans. <br> Au d\u00e9but, ils ne jouaient que du clavier, mais depuis qu&#8217;ils ont d\u00e9cid\u00e9 de jouer plus s\u00e9rieusement, ils ont commenc\u00e9 \u00e0 apprendre de nouveaux instruments, comme la basse et la guitare. Ils ont d\u00fb choisir un chanteur principal, qui s&#8217;est av\u00e9r\u00e9 \u00eatre Charlie. Ensuite, Paul a appris \u00e0 jouer de la basse et \u00c9ric a appris la guitare. Ils ont continu\u00e9 \u00e0 changer d&#8217;instrument, mais c&#8217;est lorsqu&#8217;ils ont enregistr\u00e9 le premier album qu&#8217;ils se sont concentr\u00e9s sur un seul instrument. <br> Leur premier voyage a eu lieu \u00e0 Puvirnituq, en 1991. \u00c0 l&#8217;\u00e9poque, ils \u00e9taient encore inexp\u00e9riment\u00e9s et en phase d&#8217;apprentissage de la musique. Ils ont expliqu\u00e9 qu&#8217;ils \u00e9taient tr\u00e8s stress\u00e9s et nerveux \u00e0 l&#8217;id\u00e9e de jouer, parce que la foule \u00e9tait pleine et qu&#8217;ils jouaient juste apr\u00e8s un groupe assez populaire. \u00c0 leur grande surprise, les gens ont beaucoup aim\u00e9 leur musique, ce qui les a motiv\u00e9s \u00e0 continuer. <br> Ils ont particip\u00e9 \u00e0 tous les festivals de musique au Nunavik, et \u00e0 certains festivals au Nunavut, ainsi qu&#8217;\u00e0 Montr\u00e9al et \u00e0 Ottawa. Ils n&#8217;ont enregistr\u00e9 qu&#8217;un seul album, car Charlie a travaill\u00e9 dans les mines de Raglan pendant 17 ans. Ils n&#8217;ont donc pas eu le temps d&#8217;enregistrer des chansons, et les autres membres s\u2019occupaient de leur vie personnelle. Maintenant ils se r\u00e9unissent plus souvent, en essayant de trouver des moments libres et un endroit pour jouer.<br> A l&#8217;\u00e9poque, ils s&#8217;entra\u00eenaient tous les jours et les parents de Paul les laissaient s&#8217;entra\u00eener dans leur cabanon. Ils aimaient tellement cela qu&#8217;ils s&#8217;entra\u00eenaient apr\u00e8s minuit : &#8220;Apr\u00e8s minuit, l&#8217;\u00e9lectricit\u00e9 \u00e9tait coup\u00e9e, je suppose que nous \u00e9tions trop bruyants&#8221;, dit \u00c9ric. Paul a \u00e9galement admis qu&#8217;il \u00e9tait parfois g\u00ean\u00e9, lorsqu&#8217;il devait faire des solos avec sa guitare et qu&#8217;il oubliait o\u00f9 placer ses doigts. Charlie a commenc\u00e9 \u00e0 jouer de la guitare \u00e0 l&#8217;\u00e2ge de 12 ans, avec la guitare acoustique de son fr\u00e8re, en se faufilant dans sa chambre. Un de ses cousins l&#8217;a \u00e9galement aid\u00e9, en lui montrant comment jouer des chansons de No\u00ebl dansantes. Tous ne savent pas lire la musique, ils apprennent en \u00e9coutant d&#8217;autres musiques. Ils apprennent encore, mais avec beaucoup plus d&#8217;exp\u00e9rience. Pendant que Charlie \u00e9tait \u00e0 Raglan, \u00c9ric a pratiqu\u00e9 un peu plus la guitare et Paul a commenc\u00e9 \u00e0 apprendre \u00e0 jouer de l&#8217;accord\u00e9on, et a d\u00e9j\u00e0 donn\u00e9 quelques concerts dans tout le Nunavik. M\u00eame apr\u00e8s une longue p\u00e9riode d&#8217;absence, le fait qu&#8217;ils soient de nouveau ensemble leur semble tout \u00e0 fait naturel. <br> Qimutjuit envisage maintenant de faire un deuxi\u00e8me album, incluant des chansons qu&#8217;ils ont d\u00e9j\u00e0 \u00e9crites, mais qu&#8217;ils n&#8217;ont pas encore enregistr\u00e9es. Nous pouvons dire sans crainte qu&#8217;ils sont toujours aussi forts apr\u00e8s 33 ans. Ne manquez pas leur pr\u00e9sence au Festival des neiges de Puvirnituq du 20 au 24 mars (<a href=\"https:\/\/www.facebook.com\/PuvirnituqSnowFestival2022\" target=\"_blank\" rel=\"noreferrer noopener\">horaire ici<\/a>) ! <\/p>\n\n\n\n<p class=\"has-very-light-gray-background-color has-background\">Qimutjuit is a group of four people, Charlie Iqaluk, Eric Atagotaaluk, Pauloosie Kasudluak and Jobie Oweetaluktuk, all from the same community, Inukjuak. With the funds of Brighter Futures, they were able to create a small band, and from there, they\u2019ve been playing for 33 years, since 1990. <br> At the begging, they only knew how to play the keyboard, but since they decided to get serious, they started to learn new instruments, like the base and the guitar. They had to choose a main singer, which ended up being Charlie. Then Paul learnt the base and Eric learnt the guitar. They kept switching instruments, but it is when they recorded the first album that they focused on one instrument each. <br> Their first travel was in Puvirnituq, in 1991. They were still immature and learning in terms of music at the time. They explained that they were very much stressed and nervous to play, because the crowd was full and they were playing right after a very famous band. To their surprise, the people loved them a lot, which helped them get motivation to continue. <br>  They\u2019ve been to every music festivals in Nunavik, and some in Nunavut, as well as Montreal and Ottawa. They only recorded one album, due to the fact that Charlie went working in the Raglan Mines, for about 17 years. They had no time to record, and the other members started to settle their own life, but now they are starting to get back together, trying to find free times and a place for it to happen.<br> Back in the days, they would practice every day and Paul\u2019s parents let them practice in their shack. They liked it so much that they practiced after midnight: \u201cPast midnight, the power would be cut off, I guess we were being too loud\u201d, said Eric. Paul also admitted that he got embarrassed at times, when he had to lead with his guitar and forgot where to place his fingers. Charlie started to play the guitar at the age 12, with his brother\u2019s acoustic guitar, by sneaking in his room. One of his cousins also helped him, by showing him how to play dancing Christmas songs. All of them don\u2019t know how to read the music, they learn from listening to other music. They\u2019re still learning, but with a lot more experience. While Charlie was in Raglan, Eric practiced the guitar a little more and Paul started to learn how to play accordion, and has done few concerts already around Nunavik. Even after a long while of not meeting, them being back together just feels right. <br> Qimutjuit are now thinking to make a second album, including songs that they already wrote, but didn\u2019t record yet. We can safely say that they are still going strong after 33 years. Don\u2019t miss their presence at the Puvirnituq Snowfest March 20 to 24 (<a href=\"https:\/\/www.facebook.com\/PuvirnituqSnowFestival2022\" target=\"_blank\" rel=\"noreferrer noopener\">Schedule here<\/a>)! <br> <\/p>\n\n\n\n<p>\u140a\u14ea\u14da\u1450\u1585 | Texte de | Text by: Jessie Fortier-Ningiuruvik<\/p>\n\n\n\n<figure class=\"wp-block-image size-large\"><a href=\"https:\/\/tarqitamaat.ca\/wp-content\/uploads\/2023\/03\/319741179_1058369788894735_8047124967535983700_n.jpeg\" data-rel=\"lightbox-image-0\" data-rl_title=\"\" data-rl_caption=\"\" title=\"\"><img decoding=\"async\" loading=\"lazy\" width=\"1024\" height=\"615\" src=\"https:\/\/tarqitamaat.ca\/wp-content\/uploads\/2023\/03\/319741179_1058369788894735_8047124967535983700_n-1024x615.jpeg\" alt=\"\" class=\"wp-image-6391\" srcset=\"https:\/\/tarqitamaat.ca\/wp-content\/uploads\/2023\/03\/319741179_1058369788894735_8047124967535983700_n-1024x615.jpeg 1024w, https:\/\/tarqitamaat.ca\/wp-content\/uploads\/2023\/03\/319741179_1058369788894735_8047124967535983700_n-300x180.jpeg 300w, https:\/\/tarqitamaat.ca\/wp-content\/uploads\/2023\/03\/319741179_1058369788894735_8047124967535983700_n-768x461.jpeg 768w, https:\/\/tarqitamaat.ca\/wp-content\/uploads\/2023\/03\/319741179_1058369788894735_8047124967535983700_n-1536x923.jpeg 1536w, https:\/\/tarqitamaat.ca\/wp-content\/uploads\/2023\/03\/319741179_1058369788894735_8047124967535983700_n-1200x721.jpeg 1200w, https:\/\/tarqitamaat.ca\/wp-content\/uploads\/2023\/03\/319741179_1058369788894735_8047124967535983700_n-2000x1201.jpeg 2000w, https:\/\/tarqitamaat.ca\/wp-content\/uploads\/2023\/03\/319741179_1058369788894735_8047124967535983700_n-700x420.jpeg 700w, https:\/\/tarqitamaat.ca\/wp-content\/uploads\/2023\/03\/319741179_1058369788894735_8047124967535983700_n-666x400.jpeg 666w, https:\/\/tarqitamaat.ca\/wp-content\/uploads\/2023\/03\/319741179_1058369788894735_8047124967535983700_n.jpeg 2048w\" sizes=\"(max-width: 1024px) 100vw, 1024px\" \/><\/a><figcaption class=\"wp-element-caption\">From Left to Right&nbsp;<br>Pauloosie Kasudluak (Keyboard player)<br>Jobie Oweetaluktuk (Bass player)<br>Eric Atagotaaluk (Drummer)&nbsp;<br>Charlie Iqaluk (Guitar player and lead singer)<\/figcaption><\/figure>\n\n\n\n<\/p>\n<figure class=\"wp-block-embed is-type-video is-provider-youtube wp-block-embed-youtube wp-embed-aspect-16-9 wp-has-aspect-ratio\">\n<div class=\"wp-block-embed__wrapper\">\n<iframe loading=\"lazy\" title=\"Qimutjuit - Aqpik Jam 2025\" width=\"700\" height=\"394\" src=\"https:\/\/www.youtube.com\/embed\/q_2Ot_DIRWE?start=25&#038;feature=oembed\" frameborder=\"0\" allow=\"accelerometer; autoplay; clipboard-write; encrypted-media; gyroscope; picture-in-picture; web-share\" referrerpolicy=\"strict-origin-when-cross-origin\" allowfullscreen><\/iframe>\n<\/div>\n<\/figure>\n<p>\n\n\n\n<p>\u140a\u1466\u1528\u14d5\u140a\u1555\u14c2\u1550\u14a5\u14c2\u1483 \u140a\u1450\u1550\u1455\u1405\u144e\u1466\u14ef\u14ef\u14aa\u152a\u1466 \/ Cr\u00e9dit video \/ Video Credit: Tumiit Media 2025<\/p>\n","protected":false},"excerpt":{"rendered":"<p>\u14c7\u1466\u14ef\u140a\u14d5\u1405\u1466 | Mars | March \u157f\u14a7\u1466\u152a\u1403\u1466 \u1403\u14da\u1405\u1555\u1405\u152a\u1466 \u14ef\u1455\u14aa\u14c4\u1466 \u1403\u14c4\u14d0\u14c4\u1466, \u14f5\u14d5 \u1403\u1583\u14d7\u1483, \u1403\u140a\u1546\u1483 \u140a\u1455\u148d\u1466\u1456\u14d7\u1483, \u1438\u1405\u14d7\u14ef \u1583\u14f4\u14ea\u14d7\u140a\u1585 \u140a\u14bb\u14aa\u14d7 \u152b\u1431 \u1405\u1403\u1456\u14d7\u1466\u1450\u1585, \u1403\u14d8\u14d0\u14c7\u144e\u1483 \u1455\u155d\u1559\u14c2\u1466\u14ed\u14c7\u1585 \u14c4\u14c7\u14d6\u1466, \u1403\u14c4\u1466\u152a\u140a\u14a5. \u146e\u14c7\u1405\u152d\u1550\u1456\u1455\u1405\u1466\u14f1\u144e\u1483 \u14ef\u1557\u14c2\u1550\u14a7\u1466 \u1583\u1405\u14aa\u14c2\u1550\u14f4\u14a7\u1466 Brighter Futures, \u1450\u14f4\u1550\u14c2\u152e\u1550\u144e\u14ef\u1528\u1595\u1591\u14ef\u14aa\u152a\u1466, \u1455\u1490 \u144c\u1466\u14f1\u14aa\u14c2 \u1431\u148b\u140a\u1550\u14c2\u154b\u14a5, \u1450\u14f4\u1550\u14c2\u152e\u1550\u144e\u14ef\u1528\u1405\u14ef\u14aa\u14d5\u1550\u1450\u1466 \u140a\u1550\u154c\u148d\u14c2 33-\u14c2, 1990-\u14c2\u14a5\u1466. \u1431\u148b\u140a\u1595\u1593\u14f1\u144e\u1483, \u1583\u1405\u1528\u14aa\u14ef\u14aa\u152a\u1466 \u14c7\u1550\u14c2\u1548\u144e\u158f\u14d0\u14c2\u1483 \u1431\u1595\u1591\u140a\u1548\u144e\u1405\u1449, \u144c\u14aa \u144c\u1466\u14f1\u14aa\u14c2 \u1450\u146d\u1456\u14d5\u1550\u1450\u1555\u14c3\u1466 \u1431\u14bb\u14aa\u1546\u148b\u140a\u14da\u1593\u14ef\u1466\u14f1\u144e\u1483, \u1431\u148b\u1405\u1550\u14f4\u1583\u1466\u1455\u14d5\u1550\u1450\u1555\u14c3\u1466 \u14c4\u1456\u14c2\u1483 \u140a\u14ef\u158f\u14d0\u14c2\u1483 \u1450\u14f4\u1550\u14c2\u152e\u1550\u144e\u14ef\u1405\u144e\u14c2\u1483 \u140a\u1450\u1546\u1405\u1550\u14f4\u14f1\u144e\u1483, \u1406\u1466\u1451\u144e\u148b\u1466\u14f1\u148d \u146f\u146d\u1455\u1438\u1405\u144e\u14c2\u1483. \u14c7\u14ea\u14d5\u1473\u1546\u140a\u1583\u14ef\u1466\u14f1\u144e\u14ea\u14d7 \u1403\u1595\u158f\u144e\u148b\u14c2\u140a\u1550\u1455\u14a5\u14c2\u1483, \u14f5\u14d5 \u1403\u1595\u158f\u144e\u148b\u152d\u1405\u14ef\u152a\u1555\u14c2\u1585. \u144c\u14aa &hellip; <a href=\"https:\/\/tarqitamaat.ca\/?page_id=6388\" class=\"more-link\">Continue reading <span class=\"screen-reader-text\">\u157f\u14a7\u1466\u152a\u1403\u1466 | Qimutjuit<\/span> <span class=\"meta-nav\">&rarr;<\/span><\/a><\/p>\n","protected":false},"author":1,"featured_media":6392,"parent":0,"menu_order":0,"comment_status":"closed","ping_status":"closed","template":"","meta":[],"_links":{"self":[{"href":"https:\/\/tarqitamaat.ca\/index.php?rest_route=\/wp\/v2\/pages\/6388"}],"collection":[{"href":"https:\/\/tarqitamaat.ca\/index.php?rest_route=\/wp\/v2\/pages"}],"about":[{"href":"https:\/\/tarqitamaat.ca\/index.php?rest_route=\/wp\/v2\/types\/page"}],"author":[{"embeddable":true,"href":"https:\/\/tarqitamaat.ca\/index.php?rest_route=\/wp\/v2\/users\/1"}],"replies":[{"embeddable":true,"href":"https:\/\/tarqitamaat.ca\/index.php?rest_route=%2Fwp%2Fv2%2Fcomments&post=6388"}],"version-history":[{"count":7,"href":"https:\/\/tarqitamaat.ca\/index.php?rest_route=\/wp\/v2\/pages\/6388\/revisions"}],"predecessor-version":[{"id":114836,"href":"https:\/\/tarqitamaat.ca\/index.php?rest_route=\/wp\/v2\/pages\/6388\/revisions\/114836"}],"wp:featuredmedia":[{"embeddable":true,"href":"https:\/\/tarqitamaat.ca\/index.php?rest_route=\/wp\/v2\/media\/6392"}],"wp:attachment":[{"href":"https:\/\/tarqitamaat.ca\/index.php?rest_route=%2Fwp%2Fv2%2Fmedia&parent=6388"}],"curies":[{"name":"wp","href":"https:\/\/api.w.org\/{rel}","templated":true}]}}