{"id":6289,"date":"2023-02-08T04:44:03","date_gmt":"2023-02-08T04:44:03","guid":{"rendered":"https:\/\/tarqitamaat.ca\/?page_id=6289"},"modified":"2024-09-17T13:16:57","modified_gmt":"2024-09-17T13:16:57","slug":"%e1%90%8a%e1%95%97%e1%93%90%e1%93%82%e1%91%8e%e1%92%83-fevrier-february-4","status":"publish","type":"page","link":"https:\/\/tarqitamaat.ca\/?page_id=6289","title":{"rendered":"\u140a\u1557\u14d0\u14c2\u144e\u1483 | F\u00e9vrier | February"},"content":{"rendered":"\n<h2 class=\"wp-block-heading\">\u152e\u14c7\u1505 \u1439\u14f4\u14d0\u1505 | Janice Parsons <\/h2>\n\n\n\n<p class=\"has-very-light-gray-background-color has-background\">\u1431\u148b\u140a\u1550\u144e\u14ef\u14ef\u14aa\u152a\u1585 Yaya inspirations \u140a\u14bb\u14aa\u14d7 \u1472\u1455\u1466\u152d\u144e\u1405\u1466\u14f1\u14c2, \u152e\u14c7\u1505 \u1438\u14f4\u14d0\u1505 \u1583\u1405\u1528\u14aa\u152d\u1405\u1466\u14ef\u140a\u1450\u1585 \u14ef\u1557\u14ea\u14d5\u1439\u148d\u14ef\u14aa\u152a\u14c2\u1483 \u14c7\u1466\u14ef\u1490\u1555\u14c2\u1550\u14c2\u1483 \u14ef\u1405\u14bb\u14a5\u1405\u1455\u14d5\u1405\u1583\u1466\u1455\u14ef\u14aa\u14c2\u1550\u14a5\u14c4\u1466. 13-\u14c2\u1483 \u1405\u146d\u1405\u1583\u1550\u14f1\u14c2 \u14ef\u1405\u14bb\u14a5\u1405\u1455\u14d5\u1405\u1583\u1466\u1455\u1546\u140a\u14ef\u152a\u1555\u14c2\u1585. \u140a\u1593\u152a\u1550\u1584\u14a5\u14c4\u1466 \u1403\u1472\u152a\u1550\u14ef\u14aa\u152d\u1405\u1466\u14ef\u140a\u158f\u14d0\u14c7\u1450\u1585, \u140a\u14bb\u14aa\u14d7 \u14c2\u1405\u1555\u1583\u1466\u1455\u14ef\u14aa\u1466\u14f1\u144e\u1483 \u14c2\u1405\u1555\u140a\u1466\u14f4\u14d5\u140a\u158f\u14d0\u14c2\u1483 \u140a\u14bb\u14aa\u14d7 \u14c7\u1466\u14ef\u152d\u14c2\u1483 \u140a\u14c8\u14c7\u14a5\u1455 \u140a\u14a5\u140a\u1483\u146f\u158f\u14d0\u14c2\u1483 \u144e\u148e\u14ea\u14da\u1438\u1466\u14f1\u14c2 \u14f4\u14c7\u1595\u1591\u140a\u154b\u1466\u14f4\u14a5\u14c2\u1483 \u140a\u14bb\u14aa\u14d7 \u1455\u146f\u14a5\u14c7\u1550\u1450\u14d5\u140a\u1546\u1490\u1466\u14f4\u14a5\u14c2\u1483. \u1455\u146f\u14a5\u14c7\u1548\u144e\u1466\u14ef\u1405\u144e\u1405\u148b\u140a\u1593 \u1455\u146f\u14d0\u14c7\u1455\u1405\u14f2\u1585 \u1403\u14da\u14a5\u14c4\u1466, \u1405\u1555\u1483\u1472\u1405\u14f1\u14c2 \u152e\u14c2\u1505 \u1405\u14ea\u14d7\u1455\u14ab\u1466 \u14f4\u14c7\u1583\u1466\u1455\u14ef\u14aa\u152a\u1585, \u140a\u14d0\u14c4\u154c\u14a5\u1455 \u140a\u1466\u1528\u158f\u14d0\u14c2\u1483 \u1405\u1431\u14aa\u1550\u1548\u140a\u1438\u1466\u14f1\u14c2\u14d7 \u140a\u14bb\u14aa\u14d7 \u140a\u14d5\u140a\u148b\u152d\u1583\u14ea\u14da\u1546\u1466\u14f1\u14c2 \u14f4\u14c7\u148b\u140a\u14a5\u1483 \u1401\u1466\u1451\u144e\u1466\u14f4\u14a5\u14c2\u1483 \u1403\u14da\u14a5\u14c4\u1466. \u1431\u152a\u1466\u14f4\u1405\u152e\u1550\u144e\u14ef\u14c2\u1550\u1438\u1405\u14ef\u14aa\u152a\u1585 \u140a\u1456\u1455\u1466\u14ef\u140a\u1593, \u1403\u14c5\u148d\u14d0\u14c0\u1450\u1585 \u14f5\u14d5 \u146f\u140a\u1455, \u1431\u148b\u140a\u1550\u144e\u14ef\u14ef\u14aa\u152a\u1585 \u140a\u14bb\u14aa\u14d7 \u1405\u1483\u146f\u1403\u14ef\u1466\u14f1\u14c2 \u14c2\u1405\u1555\u1550\u1555\u14a5\u1483, \u1470\u1466\u152a\u140a\u1449 \u14c4\u14c7\u14d5\u1593\u14c2 \u1455\u144e\u148b\u152d\u1405\u14c2\u1550\u1438\u1405\u14d5\u1550\u1450\u14a5\u1483 \u14c2\u1405\u1555\u1550\u1555\u1405\u14f1\u14c2. \u140a\u144e\u1583\u1550\u144e\u14ef\u1583\u1466\u1455\u1450\u1555\u14c2\u1585 \u152d\u152d\u14a5\u1483, \u1456\u1466\u14f1\u14a5\u1593 \u140a\u144e\u1583\u1550\u144e\u14ef\u14ef\u152a\u1555\u14c2\u1585 \u152d\u152d inspirations. \u140a\u1450\u14bb\u14aa\u1546\u14f2\u1585 \u1403\u14c4\u1403\u1466 \u1403\u14d7\u14a1\u148d\u14ef\u1593\u14c2\u1483 \u1403\u14d5\u14d0\u14c2\u140a\u1555\u148b\u1466\u14f1\u148b\u1466 \u14f4\u14c7\u1595\u1591\u140a\u14d5\u154b\u14a5, \u1406\u1466\u1451\u144e\u148b\u1466\u14f1\u148d \u1405\u14d7 (\u140a\u1550\u14c0\u1466 \u14f4\u1555\u1593). \u1583\u1405\u1528\u14f4\u14bb\u14aa\u1546\u1466\u14ef\u14aa\u152a\u1585 \u140a\u1550\u154c\u148d\u14c2 \u140a\u14a5\u14f1\u14c2 \u1403\u14c2\u1550\u14ef\u148d\u14d0\u14c7\u14da\u157f\u1466\u14f1\u14c2 \u1455\u146f\u148b\u1405\u1550\u14c7\u1450\u14c2\u1483 \u1455\u146f\u14a5\u14c7\u1550\u1450\u14d5\u140a\u1546\u14f2\u14a5\u14c2\u1483.<br> \u1403\u1595\u158f\u1546\u1405\u1550\u14f4\u1583\u1466\u1455\u14ef\u14aa\u1466\u14f1\u14c2\u14d7\/\u1472\u1455\u1466\u152d\u1546\u1405\u1550\u14f4\u14f1\u14c2 \u1403\u14d5\u14d0\u14c2\u140a\u144e\u1455\u1405\u14c2\u1583\u14d5\u1550\u14aa\u1466 7-\u14c2\u1483 \u1405\u146d\u1405\u1583\u1550\u14f1\u14c2, \u1455\u1490 \u140a\u14a5\u14f1\u1403\u14c2\u1483 \u1431\u14ef\u144e\u1405\u148d\u144e\u1583\u1550\u14c2\u1593 \u1455\u146f\u14a5\u14c7\u1550\u1450\u14d5\u1405\u1550\u144e\u1405\u14f1\u14c2 \u1405\u1583\u1548\u14d0\u14c7\u1455\u1557\u1466 \u1472\u1483\u1472\u14db\u148d\u14c2\u1550\u14a5\u14c2\u14a5\u1466. \u1431\u1583\u144e\u1593, \u14f5\u14d0\u144e \u1403\u14aa\u14ea\u14da\u1483, \u1583\u1405\u1528\u152d\u1405\u1466\u144c\u14d5\u1466\u14f1\u14c2 \u1403\u14d5\u14f4\u1583\u1466\u1455\u14c2\u1550\u14a5\u152a\u1585 \u1472\u1455\u1466\u152d\u1546\u1405\u1550\u14f4\u144e\u14ea\u14d7\u148d \u14c8\u14da\u1466\u14f1\u148d \u140a\u14bb\u14aa\u14d7, \u1583\u1405\u1528\u14aa\u1466\u152d\u144e\u14d0\u14c7\u148d \u1472\u1455\u1466\u152d\u1548\u14d0\u14c7\u1546\u140a\u1593 \u1472\u1455\u1466\u152d\u1583\u144e\u148b\u14ef\u1466\u14f1\u148d. \u1455\u155d\u1559\u14c2 \u1403\u1449\u1431\u14c2\u140a\u1550\u14c7\u1450\u14a5 \u1431\u148b\u140a\u1550\u1555\u14d5\u1466\u1450\u1555\u14c3\u1483 \u14aa\u1550\u1549\u148d\u14d0\u14c7\u1438\u14d5\u1550\u14f1\u144e\u1483, \u14f5\u14a5\u14d7 \u140a\u1466\u14f4\u1455\u1583\u144e\u148c\u14f2\u148d\u14bb\u14a5\u152b\u1483. \u1403\u1472\u152a\u1550\u14ef\u14aa\u14c2\u1593 \u1403\u14c2\u1550\u14ef\u14ef\u144e\u1405\u14c2\u1405\u1449 \u140a\u1550\u1581\u144e\u1593\u144e\u148d\u1466 \u140a\u14bb\u14aa\u14d7 \u140a\u1550\u14f1\u1548\u14d0\u14c7\u1450\u1483\u146f\u1466 \u1403\u14c5\u14ef\u1550\u14a5 \u14da\u148d\u144e\u148b\u14ef\u14aa\u152d\u1593: &#8220;\u1405\u1483\u146f\u1403\u14ef\u14ef\u14aa\u152a\u1585 \u1403\u14f1\u14aa\u148b\u14f2\u1550\u14c5\u1559\u1593 \u1403\u14d5\u1555\u148b\u14c2\u140a\u1550\u1455\u154b\u14c2\u1483&#8221;.<br> \u152e\u14c2\u1505 \u1431\u14c7\u14f1\u140a\u14da\u1593\u152d\u14a5\u14c2\u1483 \u1431\u148b\u140a\u14ef\u1490\u14a5, \u1403\u1472\u1405\u1550\u14c2\u14c2 \u140a\u14a5\u14f1\u14c2 \u1431\u14c7\u14f1\u140a\u1548\u14d0\u14c7\u1450\u1585, \u14aa\u14a5\u14f4\u1548\u144e\u148b\u148b\u140a\u14a5\u1483 \u1403\u14f1\u1550\u1546\u148b\u1466\u14f1\u148d. \u144c\u14ab\u1483 \u140a\u14a1\u1490\u158f\u1466 \u157f\u14d7\u1528\u14d5\u154b\u1455\u1550\u144e\u14d7\u148b\u1466 \u140a\u14bb\u14aa\u14d7 \u14f4\u14d0\u14c2\u14f1\u144e\u1483 \u1405\u14ea\u14d8\u14c2 \u14aa\u1550\u1549\u14c2\u140a\u14ea\u14db\u1466. &#8220;\u14f1\u14c7\u14d5\u14ab\u1466 \u1455\u146f\u14a5\u14c7\u1550\u1450\u14d5\u140a\u14a6\u1466\u1450\u1466, \u1405\u1583\u1405\u14f0\u1466 \u140a\u1450\u1595\u158f\u1472\u14d7\u140a\u1548\u144e\u1483 \u1583\u14c4\u1403\u1595\u158f\u1450\u1466. \u14da\u14da\u1405\u152b\u1585 \u1403\u14c2\u1550\u14ef\u1528\u1405\u14c2\u1550\u14a5\u14c4\u1466 \u1403\u14c5\u14ef\u1550\u14a5\u14c2\u1483 \u1472\u152a\u14ef\u144e\u1466\u14ef\u148d\u144e\u1583\u154b\u14a5. \u1455\u146f\u14a5\u14c7\u1550\u1450\u14d5\u1405\u1550\u144e\u1405\u14c2\u1550\u14a5\u14c4\u1466 \u1431\u14ef\u144e\u1595\u1591\u14ef\u14aa\u152a\u1585, \u140a\u14bb\u14aa\u14d7 \u1431\u14ef\u144e\u14bb\u14aa\u1546\u1405\u148d\u144e\u1583\u1550\u14f1\u14c2 \u140a\u14a5\u14f1\u1403\u14c2\u1483. \u1431\u14c7\u14f1\u140a\u1550\u14ef\u14aa\u14d5\u1550\u1450\u1585 \u1470\u1466\u152a\u140a\u14a5 \u14c2\u1405\u1555\u1550\u1555\u14a5 11-\u14c2 \u140a\u1550\u154c\u148d\u14c2 \u140a\u14bb\u14aa\u14d7 \u1472\u144e\u1555\u1405\u1449 \u1403\u14ea\u14d7\u14d5\u1546\u14c2\u1550\u14c4\u1466 \u140a\u14ea\u14da\u1555\u14bb\u14aa\u1546\u1593\u14c2, \u146e\u14c7\u1405\u152d\u14d5\u1546\u14c2\u1550\u14a5 \u140a\u1550\u154c\u148d\u14c2 6-\u14c2. \u1431\u14c7\u14f1\u140a\u1548\u144e\u1583\u1546\u140a\u14a5\u1483 \u1583\u1405\u1528\u14aa\u14c2\u1550\u14a5\u14c2\u1483 \u140a\u14bb\u14aa\u14d7 \u1405\u1555\u1483\u1472\u14c2\u1483 \u1403\u14da\u1583\u1466\u14ef\u140a\u1548\u14d0\u14c7\u1546\u140a\u1593, \u146d\u14a1\u1490\u1450\u1550\u144e\u1405\u148d\u14d0\u14c7\u14ef\u14da\u157f\u14ef\u14aa\u152a\u1585 Ungave \u1472\u144e\u14aa\u1528\u158f\u14d0\u14c4\u1466 \u1583\u1550\u152a\u1403\u1466 \u1405\u1555\u1483\u146b\u1466 \u1472\u144e\u14aa\u1528\u158f\u14d0\u14c2, \u140a\u14a5\u14f1\u1403\u14c2\u1483 \u1431\u148d\u14d0\u14c7\u14ef\u14da\u157f\u1405\u144e\u148b\u1466\u14f1\u148b\u1466. Yaya Inspiration, \u14f1\u14c7\u14d5\u14ab\u14c2\u1483 \u1472\u14aa\u14f2\u1585 \u1403\u14c4\u1451\u1466\u1528\u14f1\u14c2, \u14f2\u1591\u14c2\u1550\u14c2\u1483 \u140a\u1451\u144e\u1559\u1466\u14f1\u14c2 \u1431\u152d\u1550\u14c3\u14d8\u1550\u14c7\u1450\u144e\u148d\u1466. \u1403\u14c5\u14ef\u1550\u14a5\u14c2 \u144c\u14a3\u1466\u1450\u14c2\u1483 \u1431\u148d\u14d0\u14c7\u14ef\u14c2\u140a\u1550\u14ef\u14aa\u152a\u1546\u1595\u158f\u1450\u1585. \u1403\u14c4\u1466\u14ef\u140a\u148d\u14c2\u1550\u14a5\u14c4\u1466 \u140a\u14bb\u14aa\u14d7 \u14c7\u14ea\u14d5\u14c2\u1550\u14a5\u14c4\u1466 \u1403\u14c5\u1583\u144e\u14a5\u14c2\u1483 \u1403\u1472\u152a\u1550\u14ef\u152d\u1405\u14ef\u14aa\u14c2\u1593 \u1583\u1405\u1528\u14aa\u14c7\u1550\u14f1\u14c2. \u140a\u14d5\u140a\u148b\u152d\u14d5\u1483 \u14c7\u14ea\u14d5\u14c2\u1550\u14a5\u1483 \u1401\u1466\u1450\u1450\u1403\u148b\u140a\u14a5\u1483, \u140a\u14bb\u14aa\u14d7 \u140a\u14ef\u14a5\u14c2\u1483 \u140a\u14d5\u140a\u1466\u1450\u14c2\u1483 \u1455\u146f\u14d0\u14c7\u1546\u140a\u14a5\u1483.<br> \u14f4\u14c7\u1490\u158f\u1466 Yaya Inspirations \u1455\u146f\u1466\u14f4\u1405\u144e\u1466\u14ef\u148d\u1455\u1405\u14db\u1550\u1450\u1466 \u1583\u14bb\u14a5\u14c2\u1455\u1405\u14c2\u1550\u1439\u14c2\u1483 \u14f4\u14c7\u14ef\u14aa\u152d\u158f\u14d0\u14c2\u1483 <a href=\"https:\/\/www.northernlights.events\" target=\"_blank\" rel=\"noreferrer noopener\">Northern Lights Trade Show-\u14a5<\/a> \u140b\u1450\u1557\u140a\u14a5. \u152e\u14c2\u1505 \u1455\u146f\u14d0\u14c7\u1405\u152e\u1550\u144e\u14ef\u14db\u1550\u14a5\u152a\u1585 \u1401\u1449\u1438\u1583\u1550\u14d7\u14c2 \u14f5\u14a5\u14a5\u1483. \u1450\u146d\u14ef\u148b\u140a\u14ea\u14da\u1548\u14aa\u148d\u1555\u1466 \u1431\u1555\u1466\u14f4\u1546\u14db\u1550\u1455\u158f\u14d0\u14c2\u1483, \u1583\u1546\u1455\u1405\u152d\u1483\u146f\u1466 NLTS-\u14a5\u1483 \u1455\u146f\u1490\u14f1\u140a\u1548\u14d0\u14c7\u1450\u144e\u1466. <\/p>\n\n\n<p class=\"has-very-light-gray-background-color has-background\">Fondatrice de Yaya inspirations et chanteuse de gorge, Janice Parsons est bien connue pour l\u2019originalit\u00e9 de ses boucles d\u2019oreilles en peau de phoque. Elle en fait depuis l\u2019\u00e2ge de 13 ans. Ses parents l\u2019ont toujours encourag\u00e9e, et lui achetaient les mat\u00e9riaux n\u00e9cessaires et la laissaient prendre des retailles de peau de phoque de sa m\u00e8re pour faire de l\u2019art et de l\u2019artisanat. Vue comme la \u00ab fashionista \u00bb de la famille, Janice en faisait tous les jours pendant sa jeunesse, pour assortir \u00e0 sa tenue et c\u2019\u00e9tait sa grande joie et fiert\u00e9 d\u2019en faire pour sa famille et amis. Sa plus grande inspiration \u00e9tait son grand-p\u00e8re, feu Charlie Gordon, qui a ouvert le magasin le plus fiable du village de Kuujjuaq, le Newviq\u2019vi. Elle le surnommait Yaya, d\u2019o\u00f9 vient le nom Yaya Inspirations. Janice utilise beaucoup de r\u00e9f\u00e9rences sur la culture inuit pour son art, comme le fameux ulu (couteau pour femme). Avec le temps, elle a beaucoup explor\u00e9 afin de cr\u00e9er un design original.<br>\nElle a aussi fait des cours de chant et de chants de gorge d\u00e8s l\u2019\u00e2ge de 7 ans, ce qui fait d\u2019elle une artiste multidisciplinaire depuis son jeune \u00e2ge. Son conjoint, Sandy Emudluk, a secr\u00e8tement appris le chant de gorge en \u00e9coutant Janice, et un jour l\u2019a surprise en la joignant. Ce moment d\u2019\u00e9motion fut le d\u00e9but de leur duo, et Sandy joue aussi du tambour traditionnel. Son support dans son parcours cr\u00e9atif au fil du temps et aux moments difficiles lui a fait dire : \u00ab Il m\u2019a ouvert la voie vers mes r\u00eaves \u00bb. <br>Quand Janice commence un projet, elle va y travailler pendant des heures cons\u00e9cutives, puisqu\u2019elle trouve \u00e7a th\u00e9rapeutique. Tellement que ses mains peuvent avoir des crampes pour quelques jours. \u00ab Tout est dans l\u2019art, aucun mot n\u2019est n\u00e9cessaire. \u00bb explique-t-elle sur comment l\u2019art dirige sa vie. <br>Non seulement elle a du talent en art, mais aussi dans les chiffres. Elle a travaill\u00e9 au Newviq\u2019vi pendant onze ans et pour l\u2019OMHK, en comptabilit\u00e9 pendant six ans. Son savoir pour les affaires et son implication chez les jeunes du Nunavik en tant que pr\u00e9sidente du Qarjuit Youth Council l\u2019a amen\u00e9 \u00e0 en accomplir beaucoup. Elle a cr\u00e9\u00e9 Yaya Inspirations toute seule, trouvant la force pour affronter les difficult\u00e9s qui se sont pr\u00e9sent\u00e9es sur son chemin. Elle n\u2019a jamais imagin\u00e9 qu\u2019elle allait accomplir autant de choses dans la vie. Elle dit que sa gentillesse et son amour pour les personnes a s\u00fbrement jou\u00e9 un r\u00f4le dans le processus. C\u2019est une personne qui aime donner et voir les autres heureux. <br>Sa marque Yaya Inspirations pr\u00e9sentera ses derni\u00e8res cr\u00e9ations aux <a href=\"https:\/\/www.northernlights.events\">Northern Lights Trade Show<\/a> \u00e0 Ottawa. Janice va aussi faire une performance durant l\u2019\u00e9v\u00e8nement avec Sandy. Pour plus d\u2019informations sur l\u2019horaire, visitez leur site web.<\/p>\n\n\n<p class=\"has-very-dark-gray-color has-very-light-gray-background-color has-text-color has-background\">Founder of Yaya inspirations and throats singer, Janice Parsons is well known for her original seal skin earrings. She is making earrings since the age of thirteen. Her parents were always supportive, and they would buy her supplies and let her take scrapes of seal skin from her mother to make arts and crafts. Seen as the fashionista of the family, the young Janice would make some daily, to match her outfit and it would be her great pride and joy to make some as gifts for family. Her biggest inspiration is her grandfather, the late Charlie Gordon, who started and opened the Newviq\u2019vi store, which is the most trusted store in the village of Kuujjuaq. She would call him Yaya, which is where she got the name Yaya Inspirations. She uses a lot of Inuit culture references in her art, like the famous ulu (women\u2019s knife). She explored a lot throughout the years to come up with her original designs.<br> She also used to take singing\/throat singing classes at the age of seven, so we can safely say she is a multidisciplinary artist since her childhood. Her boyfriend, Sandy Emudluk, secretly learned throat singing while listening to her practicing and one day, surprised her by joining her. This very emotional moment was the start of their duo, Sandy also plays drums along with her. His support in her creative path as well and in difficult times in life make her say: \u201cHe opened me up to my dreams\u201d. <br> When Janice starts a project, she will be working on it for hours, as she finds it therapeutic. So much that her hands can cramp up and hurt for couple of days. \u201cIt\u2019s all in the art, words are not needed\u201d she says about how creation drives her life. <br> Not only did she gain talent as an artist, but she also has a great talent in numbers. She\u2019s worked in the Kuujjuaq Newviq\u2019vi shop for eleven years and for KMHB, in the accounting area for six years. Her business knowledge as well as her implication as the President of Qarjuit Youth Council led her to accomplish a lot. For Yaya Inspiration, she does everything alone, finding strength through the difficulties that can occur. She never imagined that she would achieve this much in her life. She says her kindness and her love for other people probably had to do a lot in the process. She\u2019s a person who loves giving and seeing others happy.  Her brand Yaya Inspirations will showcase her latest creations at the <a href=\"https:\/\/www.northernlights.events\" target=\"_blank\" rel=\"noreferrer noopener\">Northern Lights Trade Show<\/a> in Ottawa. Janice will also perform during the event in duo with Sandy. For more information about the schedule, visit NLTS website. <\/p>\n\n\n\n<p class=\"has-background\" style=\"background-color:#e5f5f5\">\u1583\u1405\u1528\u148b\u140a\u1466\u14ef\u140a\u1548\u14aa\u148d\u1555\u1466 \u14f4\u14c7\u1595\u1591\u140a\u144e\u1405\u1449 \u14a5\u1466\u14f5\u14c4\u1466 \/ D\u00e9couvrir plus sur l&#8217;artiste \/ Know more about the artist:<br> <a rel=\"noreferrer noopener\" href=\"https:\/\/www.facebook.com\/yayainspirations\" target=\"_blank\">Facebook Page<\/a><br><a rel=\"noreferrer noopener\" href=\"https:\/\/www.instagram.com\/yaya_inspirations\/?hl=en\" target=\"_blank\">Instagram<\/a><\/p>\n\n\n\n<p>\u140a\u14ea\u14da\u1450\u1585 | Texte de | Text by: Jessie Fortier Ningiuruvik<\/p>\n\n\n<div class=\"rl-gallery-container splide rl-loading\" id=\"rl-gallery-container-1\" data-gallery_id=\"6228\"> <div class=\"rl-gallery rl-basicslider-gallery splide__track \" id=\"rl-gallery-1\" data-gallery_no=\"1\"> <ul class=\"splide__list\"> <li class=\"rl-gallery-item splide__slide\" data-thumb=\"https:\/\/tarqitamaat.ca\/wp-content\/uploads\/2023\/02\/My-Nothern-Lights-Collection-3.0-2022.jpeg\"> <a href=\"https:\/\/tarqitamaat.ca\/wp-content\/uploads\/2023\/02\/My-Nothern-Lights-Collection-3.0-2022.jpeg\" title=\"\" data-rl_title=\"\" class=\"rl-gallery-link\" data-rl_caption=\"\" data-rel=\"lightbox-gallery-1\"><img src=\"https:\/\/tarqitamaat.ca\/wp-content\/uploads\/2023\/02\/My-Nothern-Lights-Collection-3.0-2022.jpeg\" width=\"1280\" height=\"1280\" alt=\"\" \/><\/a> <\/li> <li class=\"rl-gallery-item splide__slide\" data-thumb=\"https:\/\/tarqitamaat.ca\/wp-content\/uploads\/2023\/02\/DSCF0219.jpg\"> <a href=\"https:\/\/tarqitamaat.ca\/wp-content\/uploads\/2023\/02\/DSCF0219.jpg\" title=\"\" data-rl_title=\"\" class=\"rl-gallery-link\" data-rl_caption=\"\" data-rel=\"lightbox-gallery-1\"><img src=\"https:\/\/tarqitamaat.ca\/wp-content\/uploads\/2023\/02\/DSCF0219.jpg\" width=\"2000\" height=\"1356\" alt=\"\" \/><\/a> <\/li> <li class=\"rl-gallery-item splide__slide\" data-thumb=\"https:\/\/tarqitamaat.ca\/wp-content\/uploads\/2023\/02\/My-Black-And-White-Collection-2022.jpeg\"> <a href=\"https:\/\/tarqitamaat.ca\/wp-content\/uploads\/2023\/02\/My-Black-And-White-Collection-2022.jpeg\" title=\"\" data-rl_title=\"\" class=\"rl-gallery-link\" data-rl_caption=\"\" data-rel=\"lightbox-gallery-1\"><img src=\"https:\/\/tarqitamaat.ca\/wp-content\/uploads\/2023\/02\/My-Black-And-White-Collection-2022.jpeg\" width=\"1280\" height=\"1280\" alt=\"\" \/><\/a> <\/li> <li class=\"rl-gallery-item splide__slide\" data-thumb=\"https:\/\/tarqitamaat.ca\/wp-content\/uploads\/2023\/02\/Valentines-Collections-2022.jpeg\"> <a href=\"https:\/\/tarqitamaat.ca\/wp-content\/uploads\/2023\/02\/Valentines-Collections-2022.jpeg\" title=\"\" data-rl_title=\"\" class=\"rl-gallery-link\" data-rl_caption=\"\" data-rel=\"lightbox-gallery-1\"><img src=\"https:\/\/tarqitamaat.ca\/wp-content\/uploads\/2023\/02\/Valentines-Collections-2022.jpeg\" width=\"1280\" height=\"1280\" alt=\"\" \/><\/a> <\/li> <\/ul> <\/div> <\/div>","protected":false},"excerpt":{"rendered":"<p>\u152e\u14c7\u1505 \u1439\u14f4\u14d0\u1505 | Janice Parsons \u1431\u148b\u140a\u1550\u144e\u14ef\u14ef\u14aa\u152a\u1585 Yaya inspirations \u140a\u14bb\u14aa\u14d7 \u1472\u1455\u1466\u152d\u144e\u1405\u1466\u14f1\u14c2, \u152e\u14c7\u1505 \u1438\u14f4\u14d0\u1505 \u1583\u1405\u1528\u14aa\u152d\u1405\u1466\u14ef\u140a\u1450\u1585 \u14ef\u1557\u14ea\u14d5\u1439\u148d\u14ef\u14aa\u152a\u14c2\u1483 \u14c7\u1466\u14ef\u1490\u1555\u14c2\u1550\u14c2\u1483 \u14ef\u1405\u14bb\u14a5\u1405\u1455\u14d5\u1405\u1583\u1466\u1455\u14ef\u14aa\u14c2\u1550\u14a5\u14c4\u1466. 13-\u14c2\u1483 \u1405\u146d\u1405\u1583\u1550\u14f1\u14c2 \u14ef\u1405\u14bb\u14a5\u1405\u1455\u14d5\u1405\u1583\u1466\u1455\u1546\u140a\u14ef\u152a\u1555\u14c2\u1585. \u140a\u1593\u152a\u1550\u1584\u14a5\u14c4\u1466 \u1403\u1472\u152a\u1550\u14ef\u14aa\u152d\u1405\u1466\u14ef\u140a\u158f\u14d0\u14c7\u1450\u1585, \u140a\u14bb\u14aa\u14d7 \u14c2\u1405\u1555\u1583\u1466\u1455\u14ef\u14aa\u1466\u14f1\u144e\u1483 \u14c2\u1405\u1555\u140a\u1466\u14f4\u14d5\u140a\u158f\u14d0\u14c2\u1483 \u140a\u14bb\u14aa\u14d7 \u14c7\u1466\u14ef\u152d\u14c2\u1483 \u140a\u14c8\u14c7\u14a5\u1455 \u140a\u14a5\u140a\u1483\u146f\u158f\u14d0\u14c2\u1483 \u144e\u148e\u14ea\u14da\u1438\u1466\u14f1\u14c2 \u14f4\u14c7\u1595\u1591\u140a\u154b\u1466\u14f4\u14a5\u14c2\u1483 \u140a\u14bb\u14aa\u14d7 \u1455\u146f\u14a5\u14c7\u1550\u1450\u14d5\u140a\u1546\u1490\u1466\u14f4\u14a5\u14c2\u1483. \u1455\u146f\u14a5\u14c7\u1548\u144e\u1466\u14ef\u1405\u144e\u1405\u148b\u140a\u1593 \u1455\u146f\u14d0\u14c7\u1455\u1405\u14f2\u1585 \u1403\u14da\u14a5\u14c4\u1466, \u1405\u1555\u1483\u1472\u1405\u14f1\u14c2 \u152e\u14c2\u1505 \u1405\u14ea\u14d7\u1455\u14ab\u1466 \u14f4\u14c7\u1583\u1466\u1455\u14ef\u14aa\u152a\u1585, \u140a\u14d0\u14c4\u154c\u14a5\u1455 \u140a\u1466\u1528\u158f\u14d0\u14c2\u1483 \u1405\u1431\u14aa\u1550\u1548\u140a\u1438\u1466\u14f1\u14c2\u14d7 \u140a\u14bb\u14aa\u14d7 \u140a\u14d5\u140a\u148b\u152d\u1583\u14ea\u14da\u1546\u1466\u14f1\u14c2 \u14f4\u14c7\u148b\u140a\u14a5\u1483 \u1401\u1466\u1451\u144e\u1466\u14f4\u14a5\u14c2\u1483 \u1403\u14da\u14a5\u14c4\u1466. \u1431\u152a\u1466\u14f4\u1405\u152e\u1550\u144e\u14ef\u14c2\u1550\u1438\u1405\u14ef\u14aa\u152a\u1585 \u140a\u1456\u1455\u1466\u14ef\u140a\u1593, \u1403\u14c5\u148d\u14d0\u14c0\u1450\u1585 \u14f5\u14d5 \u146f\u140a\u1455, \u1431\u148b\u140a\u1550\u144e\u14ef\u14ef\u14aa\u152a\u1585 \u140a\u14bb\u14aa\u14d7 \u1405\u1483\u146f\u1403\u14ef\u1466\u14f1\u14c2 &hellip; <a href=\"https:\/\/tarqitamaat.ca\/?page_id=6289\" class=\"more-link\">Continue reading <span class=\"screen-reader-text\">\u140a\u1557\u14d0\u14c2\u144e\u1483 | F\u00e9vrier | February<\/span> <span class=\"meta-nav\">&rarr;<\/span><\/a><\/p>\n","protected":false},"author":1,"featured_media":6258,"parent":0,"menu_order":0,"comment_status":"closed","ping_status":"closed","template":"","meta":[],"_links":{"self":[{"href":"https:\/\/tarqitamaat.ca\/index.php?rest_route=\/wp\/v2\/pages\/6289"}],"collection":[{"href":"https:\/\/tarqitamaat.ca\/index.php?rest_route=\/wp\/v2\/pages"}],"about":[{"href":"https:\/\/tarqitamaat.ca\/index.php?rest_route=\/wp\/v2\/types\/page"}],"author":[{"embeddable":true,"href":"https:\/\/tarqitamaat.ca\/index.php?rest_route=\/wp\/v2\/users\/1"}],"replies":[{"embeddable":true,"href":"https:\/\/tarqitamaat.ca\/index.php?rest_route=%2Fwp%2Fv2%2Fcomments&post=6289"}],"version-history":[{"count":16,"href":"https:\/\/tarqitamaat.ca\/index.php?rest_route=\/wp\/v2\/pages\/6289\/revisions"}],"predecessor-version":[{"id":7429,"href":"https:\/\/tarqitamaat.ca\/index.php?rest_route=\/wp\/v2\/pages\/6289\/revisions\/7429"}],"wp:featuredmedia":[{"embeddable":true,"href":"https:\/\/tarqitamaat.ca\/index.php?rest_route=\/wp\/v2\/media\/6258"}],"wp:attachment":[{"href":"https:\/\/tarqitamaat.ca\/index.php?rest_route=%2Fwp%2Fv2%2Fmedia&parent=6289"}],"curies":[{"name":"wp","href":"https:\/\/api.w.org\/{rel}","templated":true}]}}