{"id":5354,"date":"2022-10-07T20:32:33","date_gmt":"2022-10-07T20:32:33","guid":{"rendered":"https:\/\/tarqitamaat.ca\/?page_id=5354"},"modified":"2023-08-07T17:14:34","modified_gmt":"2023-08-07T17:14:34","slug":"%e1%90%8a%e1%95%90%e1%93%87%e1%93%95%e1%93%90%e1%96%92%e1%91%8e%e1%95%95%e1%92%83-octobre-october-3","status":"publish","type":"page","link":"https:\/\/tarqitamaat.ca\/?page_id=5354","title":{"rendered":"\u140a\u1550\u14c7\u14d5\u14d0\u1592\u144e\u1555\u1483 | Octobre | October"},"content":{"rendered":"\n<h2 class=\"wp-block-heading\">\u14d3\u14c7 \u14c4\u14d7\u146d | Laina Nulukie<\/h2>\n\n\n\n<p class=\"has-very-light-gray-background-color has-background\">\u1433\u1550\u1450\u14c2\u1550\u14f4\u14c3\u1466\u14f1\u14c2, \u14d3\u14c7 \u14c4\u14d7\u146d \u1583\u1405\u1528\u14aa\u14d5\u1547\u1550\u1450\u1555\u14c2\u1585 \u1455\u146f\u14a5\u14c7\u1550\u1450\u14d5\u1405\u1550\u144e\u1405\u148b\u140a\u1585. \u14a5\u1591\u140a\u1595\u1591\u140a\u14d5\u1405\u144e\u152a\u14c2 \u14f5\u14da\u14d0\u14c3\u1438\u14d0\u14c2\u154b\u14a5, \u140a\u1450\u1559\u14ea\u14d7\u14f1\u148b\u1466 \u140a\u14ea\u14da\u1405\u144f\u1466 \u140a\u14bb\u14aa\u14d7 \u14ef\u146f\u1466\u14f4\u1526\u1466 \u146d\u14ef\u140a\u14c2 \u140a\u14d5\u140a\u148b\u14c2\u1550\u1439\u1583\u1550\u14ef\u14aa\u1595\u158f\u14c7\u14a5 \u1431\u14c7\u14f1\u140a\u1490\u14ea\u14da\u1546\u1466\u1456\u14da\u157f\u1405\u144e\u148b\u14d7\u148b\u1466 \u14c8\u14bb\u14aa\u148b\u14c2\u1550\u1439\u1546\u14ef\u14aa\u1595\u158f\u1455\u158f\u1466. \u1403\u14ab\u1594\u1585, \u1455\u146f\u14a5\u14c7\u1550\u1450\u14d5\u1405\u1548\u144e\u148b\u1466\u14f1\u148b\u1466 \u140a\u14d5\u140a\u148b\u14c2\u1550\u14f4\u1583\u1550\u14ef\u14aa\u152a\u1585 \u140a\u14a1\u1490\u14a5\u14c2\u1483 \u140a\u1450\u1550\u14c2\u14f4\u1405\u14d7\u14c2, \u14da\u14da\u1405\u152b\u1585 &#8220;\u1583\u1405\u1528\u14aa\u14ef\u14aa\u152a\u1593 \u1455\u146f\u14a5\u14c7\u1550\u1450\u14d5\u1405\u1550\u144e\u1405\u14c2\u1550\u14a5\u1483 \u1406\u14bb\u14aa\u144e\u14a5\u1405\u1455\u1583\u1546\u140a\u14a5\u1483&#8221;.<br>\n\n\u14aa\u146d\u155d\u1555\u146f\u1466 \u1403\u14d5\u14d0\u14c2\u140a\u144e\u1466\u14ef\u14c2\u1583\u1550\u14ef\u14aa\u152a\u1466 \u1403\u14c4\u1466\u152a\u140a\u14a5 1994-\u148d\u144e\u14ea\u14d7\u148d \u140a\u14bb\u14aa\u14d7 \u1455\u155d\u1559\u14c2 \u1403\u14d5\u14d0\u14c2\u140a\u14c2\u1550\u14a5, \u1403\u14d5\u1466\u14ef\u14ef\u14aa\u152a\u1585 \u1403\u14c7\u1581\u14c7\u1548\u144e\u14d5\u1405\u1550\u14c2\u14a5\u1483 \u140a\u1450\u1550\u14f1\u148b\u1466 \u140a\u1466\u1528\u148c\u1595\u158f\u1450\u1466 \u14f4\u1555\u154b\u1526\u1466. \u14ef\u1557\u14ea\u14d5\u1439\u14a5 \u1403\u14d5\u14d0\u14c2\u140a\u144e\u1455\u1405\u1550\u1584\u14ef\u14aa\u152a\u1585 \u14f4\u14c7\u152d\u1405\u148d\u14ef\u1593\u14c2\u1483 \u1472\u14d0\u14c4\u152d\u1405\u1449 \u144c\u14aa \u1583\u146f\u1550\u14d5\u1405\u1449 \u140a\u14bb\u14aa\u14d7 \u1451\u1491\u1449. \u140a\u1450\u14f2\u1585 \u14f4\u14c7\u1550\u1548\u144e\u14c2\u1483 \u140a\u1450\u1550\u1455\u1405\u1559\u14ea\u14d7\u14f2\u14c2\u1483 \u1403\u14c7\u1581\u14c7\u1548\u144e\u14d5\u1405\u1550\u1450\u14c4\u1466 \u140a\u14bb\u14aa\u14d7 \u140a\u146f\u14c2 \u140a\u1450\u1550\u1455\u1405\u14ef\u140a\u1548\u14ef\u158f\u14d0\u14c2\u1483 \u140a\u1466\u1455\u14c7\u1548\u14d0\u14c0\u144e\u14d7\u148b\u1466 \u14f1\u158f\u1405\u144e\u14f4\u1546\u140a\u1583\u1550\u14ef\u14aa\u1466\u14f1\u14c2. \u1472\u152a\u14ef\u152a\u1585 \u1403\u14c7\u1581\u14c7\u1548\u144e\u14d5\u1405\u1550\u1438\u14f1\u14c2 \u1581\u158f\u14ef\u1550\u14a5\u1405\u1455\u14c2\u1483 \u157f\u144e\u1550\u14ef\u14a5\u1405\u1455\u14c2\u1483 \u14ef\u1405\u14bb\u14a5\u1405\u1455\u14c2\u1483 \u1403\u14c7\u1581\u14c7\u1550\u14ef\u14da\u1546\u1449\u1438\u14f1\u148b\u1466 \u140a\u1466\u1528\u1583\u1595\u158f\u1450\u14d5\u140a\u1546\u1466\u14f1\u148b\u1466. \u1431\u152a\u1466\u14f4\u1405\u152e\u1548\u144e\u1583\u14f2\u1585 \u1455\u146f\u14d0\u14c7\u14f1\u14c2 \u140a\u14ef\u14a5\u14c2\u1483 \u1403\u14c7\u1581\u14c7\u1548\u144e\u14d5\u1405\u1550\u1450\u14c2\u1483, \u1455\u146f\u14d0\u14c7\u154b\u14f1\u140a\u1466\u14ef\u140a\u14f1\u148b\u1466 \u140a\u14bb\u14aa\u14d7 \u1431\u152a\u1466\u14f4\u1405\u152e\u1548\u144e\u148b\u14da\u157f\u1466\u14f1\u148b\u1466.<br>\n\n\u14d3\u14c7\u1405\u1449 \u1431\u14c7\u14f1\u140a\u1550\u14ef\u14aa\u152d\u158f\u1466 \u14f4\u14c7\u1555\u14bb\u14a6\u14d7\u1466\u1456\u14f2\u148d\u1466\u152d\u158f\u1466\u1450\u1466, \u1431\u152d\u1547\u1550\u14ef\u14aa\u14d5\u1550\u14aa\u1455, \u14c2\u1405\u1550\u1548\u144e\u1583\u1466\u14f4\u1405\u144e\u148b\u14f2\u1585 \u1583\u1546\u1455\u1405\u152d\u1483\u146f\u1466 &#8220;Buy\/Sell\/Swap&#8221; &#8220;\u14c2\u1405\u1555\u1550\u1450\u1466\/\u14c2\u1405\u1550\u1548\u14ef\u1550\u1450\u1466\/\u1455\u1405\u1550\u14f0\u1450\u1466&#8221; Facebook-\u146f\u1466 \u140a\u14bb\u14aa\u14d7 \u1455\u1489\u14d0\u14c7\u1585 \u14c2\u1405\u1555\u140a\u1546\u152d\u1405\u1466\u14f1\u144e\u1483! \u1431\u14c7\u14f1\u140a\u1550\u14ef\u14aa\u152d\u158f\u1466 \u1455\u146f\u1466\u14f4\u1405\u14f2\u1466 \u14c4\u14c7\u1555\u14d5\u14ab\u14a5 \u1472\u144e\u14aa\u1528\u1483\u146f\u14c2 \u140a\u14bb\u14aa\u14d7 \u1403\u14da\u1405\u1528\u140a\u1583\u1550\u14f1\u14c2 \u14c4\u14c7\u1555\u14bb\u14a5 \u14f4\u14c7\u1595\u1591\u140a\u14ef\u14aa\u152a\u14c2\u1483 \u1472\u144e\u1550\u14f1\u140a\u158f\u14d0\u14c4\u1466 \u140a\u1559\u1455\u1483\u146f\u1466 \u1431\u1455\u1583\u1550\u14aa\u1455 \u1403\u14c7\u1581\u14c7\u1548\u144e\u14d5\u140a\u1546\u14ef\u14aa\u152a\u14c2\u1483 \u14c7\u14ea\u14d5\u1473\u1550\u1455\u1405\u14ef\u14aa\u152a\u14c2\u1483 \u140a\u14bb\u14aa\u14d7\u140a\u14ea\u14db\u1466 \u140a\u14ea\u14da\u1591\u140a\u1550\u14ef\u14aa\u152a\u14c2\u1483. \u1403\u14db\u14d0\u14c2 \u1403\u14d5\u14aa\u1583\u1455\u1405\u14da\u1593\u152a\u14c2\u1483 \u14f4\u14c7\u14f2\u148d\u14bb\u14a5\u14f1\u14c2 \u1455\u146f\u1466\u14f4\u1405\u144e\u1455\u1405\u14da\u1593\u1466\u14f1\u144e\u1483, \u1431\u14c7\u14f1\u140a\u1550\u14ef\u14aa\u152d\u158f\u1466 \u1455\u146f\u1466\u14f4\u1405\u144e\u1455\u1405\u1550\u1583\u14a6\u1466 Maison des J\u00e9suites de Sillery-\u14a5 \u146f\u142f\u1483 \u14ef\u144e\u14a5.<br>\n\n\u1405\u14ea\u14d7\u14a5 \u1431\u14c7\u14f1\u140a\u1550\u1438\u1450\u1585 \u1403\u14c7\u1581\u14c7\u1548\u144e\u14d5\u1405\u1550\u1555\u14a5 \u1403\u14c4\u1466\u152a\u140a\u14a5 \u14f1\u14c7\u1455\u1583\u1550\u14aa\u1594\u1466 \u1583\u1405\u1528\u14f4\u1550\u1438\u14f1\u14c2, \u14f4\u14c7\u1550\u1548\u144e\u14c2\u14d7 \u1403\u1449\u1431\u148d\u14f1\u1466\u144e\u1405\u14f1\u14c2 \u1403\u14c2\u14ea\u14da\u1593\u1466\u14ef\u140a\u144e\u1490\u14f1\u140a\u1550\u14f1\u148b\u1466 \u140a\u14bb\u14aa\u14d7 \u1403\u14c2\u14a5\u14c3\u1466\u14ef\u140a\u14d7\u144e\u1483. \u1403\u14d5\u14ed\u14f2\u148d\u1466\u14f1\u14c2\u14d7 \u1583\u14c4\u1585 \u1431\u14c7\u14f1\u140a\u1548\u1455\u1405\u14f2\u148d\u14bb\u14aa\u1594\u1455 \u140a\u1450\u154b\u1466\u14ed\u1466 \u140a\u14bb\u14aa\u14d7 \u1403\u14c7\u1581\u14c7\u1548\u144e\u14d5\u1405\u1550\u14c2\u14a5\u1483 \u14c4\u1456\u14c2\u1483 \u1403\u14d5\u14f5\u14c2\u1483. \n<\/p>\n\n\n\n<p class=\"has-very-light-gray-background-color has-background\">\u00c0 l\u2019\u00e9cole secondaire, Laina Nuluki savait d\u00e9j\u00e0 qu\u2019elle \u00e9tait une artiste. Elle remportait souvent des concours de dessin, qu\u2019elle r\u00e9alisait au crayon sur papier, mais elle ne souhaitait pas en faire une carri\u00e8re. Elle s\u2019int\u00e9ressait plut\u00f4t \u00e0 des disciplines avec lesquelles elle pourrait travailler avec ses mains, sachant au fond d\u2019elle-m\u00eame qu\u2019elle serait une artiste.<br> En 1994, Makivik offre un atelier de joaillerie \u00e0 Inukjuak et c\u2019est \u00e0 ce moment qu\u2019elle apprend \u00e0 travailler le bronze, l\u2019argent et l\u2019ivoire. Elle prend du temps pour ma\u00eetrise les outils de joaillerie de fa\u00e7on appropri\u00e9e et s\u00e9curitaire mais elle persiste et cr\u00e9e de magnifiques pi\u00e8ces uniques. Elle trouve ses id\u00e9es en regardant le travail d\u2019autres joailliers dont elle trouve les pi\u00e8ces int\u00e9ressantes et inspirantes. <br> Le travail de Laina ne reste pas longtemps dans son studio une fois termin\u00e9, elle le vend sur Facebook sur des pages de \u201cBuy\/Sell\/Swap\u201d o\u00f9 il part comme des petits pains chauds. Il est aussi possible de retrouver ses pi\u00e8ces dans les municipalit\u00e9s autour du Nunavik, et dans la collection d\u2019Art du Nunavik de l\u2019Institut culturel Avataq qui poss\u00e8de aussi de ses dessins. \u00c0 l\u2019occasion, elle cr\u00e9e des bijoux d\u2019art pour des expositions, elle a d\u2019ailleurs r\u00e9cemment particip\u00e9 \u00e0 une exposition pr\u00e9sent\u00e9e \u00e0 la Maison des J\u00e9suites de Sillery \u00e0 Qu\u00e9bec.<br><br>Elle travaille pr\u00e9sentement \u00e0 l\u2019atelier de joaillerie d\u2019Inukjuak o\u00f9 elle est responsable des inventaires, des outils et de s\u2019assurer de l\u2019organisation de l\u2019espace. Elle y enseigne aussi, formant des \u00e9tudiants \u00e0 travailler le m\u00e9tal et cr\u00e9er des bijoux. <\/p>\n\n\n\n<p class=\"has-background has-very-light-gray-background-color\">In High School, Laina Nuluki knew she was an Artist. She used to win colouring contests, mainly using pencils and paper but this ended up never picking her interest as a potential career path. Instead, she preferred creating artworks focusing more on the aspect of making something with her hands, she said \u201cI knew that being an Artist was in my heart.\u201d<br>\n\nMakivik gave a workshop in Inukjuak back in 1994 and in this course, she learned how to create jewelry made from several types of metal. She was first taught on how to use bronze, then silver and ivory. She used tools specifically made for jewelry making and it took her a while to learn how to use them properly and safely. She keeps creating jewelry that turn into beautiful unique pieces. She gets her motivation from seeing other jewelry makers work, finding what they do interesting and inspiring.<br>\n\nLaina\u2019s work does not stay in the studio for long, once it is finished, she sells her pieces on \u201cBuy\/Sell\/Swap\u201d Facebook pages and soon they are gone! Her work can be seen in municipalities around Nunavik as well as part of Nunavik Art Collection at Avataq that owns statement jewellery pieces and even drawings. She sometimes does statement pieces for exhibition, recently her work was presented at the Maison des J\u00e9suites de Sillery in Quebec City.<br>\n\nShe currently works in the Inukjuak jewelry studio where she does inventories, watches the tools to make sure they are all organized and well placed. She also teaches on how to work with the materials and create jewelry with new students.\n<\/p>\n\n\n\n<p>\u140a\u14ea\u14da\u1450\u1585 | Texte de | Text by: Pasa Mangiok<\/p>\n\n\n\n<div class=\"rl-gallery-container splide rl-loading\" id=\"rl-gallery-container-1\" data-gallery_id=\"5359\"> <div class=\"rl-gallery rl-basicslider-gallery splide__track \" id=\"rl-gallery-1\" data-gallery_no=\"1\"> <ul class=\"splide__list\"> <li class=\"rl-gallery-item splide__slide\" data-thumb=\"https:\/\/tarqitamaat.ca\/wp-content\/uploads\/2022\/10\/AV.2014.102_lr-1.jpg\"> <a href=\"https:\/\/tarqitamaat.ca\/wp-content\/uploads\/2022\/10\/AV.2014.102_lr-1.jpg\" title=\"\" data-rl_title=\"\" class=\"rl-gallery-link\" data-rl_caption=\"\" data-rel=\"lightbox-gallery-1\"><img src=\"https:\/\/tarqitamaat.ca\/wp-content\/uploads\/2022\/10\/AV.2014.102_lr-1.jpg\" width=\"2000\" height=\"1333\" alt=\"\" \/><\/a> <\/li> <li class=\"rl-gallery-item splide__slide\" data-thumb=\"https:\/\/tarqitamaat.ca\/wp-content\/uploads\/2022\/10\/AV.2010.18.jpg\"> <a href=\"https:\/\/tarqitamaat.ca\/wp-content\/uploads\/2022\/10\/AV.2010.18.jpg\" title=\"\" data-rl_title=\"\" class=\"rl-gallery-link\" data-rl_caption=\"\" data-rel=\"lightbox-gallery-1\"><img src=\"https:\/\/tarqitamaat.ca\/wp-content\/uploads\/2022\/10\/AV.2010.18.jpg\" width=\"1280\" height=\"854\" alt=\"\" \/><\/a> <\/li> <li class=\"rl-gallery-item splide__slide\" data-thumb=\"https:\/\/tarqitamaat.ca\/wp-content\/uploads\/2022\/10\/AV.2011.45_lr2.jpg\"> <a href=\"https:\/\/tarqitamaat.ca\/wp-content\/uploads\/2022\/10\/AV.2011.45_lr2.jpg\" title=\"\" data-rl_title=\"\" class=\"rl-gallery-link\" data-rl_caption=\"\" data-rel=\"lightbox-gallery-1\"><img src=\"https:\/\/tarqitamaat.ca\/wp-content\/uploads\/2022\/10\/AV.2011.45_lr2.jpg\" width=\"1333\" height=\"2000\" alt=\"\" \/><\/a> <\/li> <li class=\"rl-gallery-item splide__slide\" data-thumb=\"https:\/\/tarqitamaat.ca\/wp-content\/uploads\/2022\/10\/AV.2102.351_lr.jpg\"> <a href=\"https:\/\/tarqitamaat.ca\/wp-content\/uploads\/2022\/10\/AV.2102.351_lr.jpg\" title=\"\" data-rl_title=\"\" class=\"rl-gallery-link\" data-rl_caption=\"\" data-rel=\"lightbox-gallery-1\"><img src=\"https:\/\/tarqitamaat.ca\/wp-content\/uploads\/2022\/10\/AV.2102.351_lr.jpg\" width=\"2000\" height=\"1333\" alt=\"\" \/><\/a> <\/li> <li class=\"rl-gallery-item splide__slide\" data-thumb=\"https:\/\/tarqitamaat.ca\/wp-content\/uploads\/2022\/10\/IMG_5021_lr.jpg\"> <a href=\"https:\/\/tarqitamaat.ca\/wp-content\/uploads\/2022\/10\/IMG_5021_lr.jpg\" title=\"\" data-rl_title=\"\" class=\"rl-gallery-link\" data-rl_caption=\"\" data-rel=\"lightbox-gallery-1\"><img src=\"https:\/\/tarqitamaat.ca\/wp-content\/uploads\/2022\/10\/IMG_5021_lr.jpg\" width=\"2000\" height=\"1273\" alt=\"\" \/><\/a> <\/li> <li class=\"rl-gallery-item splide__slide\" data-thumb=\"https:\/\/tarqitamaat.ca\/wp-content\/uploads\/2022\/10\/IMG_6369_lr.jpg\"> <a href=\"https:\/\/tarqitamaat.ca\/wp-content\/uploads\/2022\/10\/IMG_6369_lr.jpg\" title=\"\" data-rl_title=\"\" class=\"rl-gallery-link\" data-rl_caption=\"\" data-rel=\"lightbox-gallery-1\"><img src=\"https:\/\/tarqitamaat.ca\/wp-content\/uploads\/2022\/10\/IMG_6369_lr.jpg\" width=\"2000\" height=\"1500\" alt=\"\" \/><\/a> <\/li> <li class=\"rl-gallery-item splide__slide\" data-thumb=\"https:\/\/tarqitamaat.ca\/wp-content\/uploads\/2022\/10\/IMG_3300.jpg\"> <a href=\"https:\/\/tarqitamaat.ca\/wp-content\/uploads\/2022\/10\/IMG_3300.jpg\" title=\"\" data-rl_title=\"\" class=\"rl-gallery-link\" data-rl_caption=\"\" data-rel=\"lightbox-gallery-1\"><img src=\"https:\/\/tarqitamaat.ca\/wp-content\/uploads\/2022\/10\/IMG_3300.jpg\" width=\"2062\" height=\"2062\" alt=\"\" \/><\/a> <\/li> <\/ul> <\/div> <\/div>\n","protected":false},"excerpt":{"rendered":"<p>\u14d3\u14c7 \u14c4\u14d7\u146d | Laina Nulukie \u1433\u1550\u1450\u14c2\u1550\u14f4\u14c3\u1466\u14f1\u14c2, \u14d3\u14c7 \u14c4\u14d7\u146d \u1583\u1405\u1528\u14aa\u14d5\u1547\u1550\u1450\u1555\u14c2\u1585 \u1455\u146f\u14a5\u14c7\u1550\u1450\u14d5\u1405\u1550\u144e\u1405\u148b\u140a\u1585. \u14a5\u1591\u140a\u1595\u1591\u140a\u14d5\u1405\u144e\u152a\u14c2 \u14f5\u14da\u14d0\u14c3\u1438\u14d0\u14c2\u154b\u14a5, \u140a\u1450\u1559\u14ea\u14d7\u14f1\u148b\u1466 \u140a\u14ea\u14da\u1405\u144f\u1466 \u140a\u14bb\u14aa\u14d7 \u14ef\u146f\u1466\u14f4\u1526\u1466 \u146d\u14ef\u140a\u14c2 \u140a\u14d5\u140a\u148b\u14c2\u1550\u1439\u1583\u1550\u14ef\u14aa\u1595\u158f\u14c7\u14a5 \u1431\u14c7\u14f1\u140a\u1490\u14ea\u14da\u1546\u1466\u1456\u14da\u157f\u1405\u144e\u148b\u14d7\u148b\u1466 \u14c8\u14bb\u14aa\u148b\u14c2\u1550\u1439\u1546\u14ef\u14aa\u1595\u158f\u1455\u158f\u1466. \u1403\u14ab\u1594\u1585, \u1455\u146f\u14a5\u14c7\u1550\u1450\u14d5\u1405\u1548\u144e\u148b\u1466\u14f1\u148b\u1466 \u140a\u14d5\u140a\u148b\u14c2\u1550\u14f4\u1583\u1550\u14ef\u14aa\u152a\u1585 \u140a\u14a1\u1490\u14a5\u14c2\u1483 \u140a\u1450\u1550\u14c2\u14f4\u1405\u14d7\u14c2, \u14da\u14da\u1405\u152b\u1585 &#8220;\u1583\u1405\u1528\u14aa\u14ef\u14aa\u152a\u1593 \u1455\u146f\u14a5\u14c7\u1550\u1450\u14d5\u1405\u1550\u144e\u1405\u14c2\u1550\u14a5\u1483 \u1406\u14bb\u14aa\u144e\u14a5\u1405\u1455\u1583\u1546\u140a\u14a5\u1483&#8221;. \u14aa\u146d\u155d\u1555\u146f\u1466 \u1403\u14d5\u14d0\u14c2\u140a\u144e\u1466\u14ef\u14c2\u1583\u1550\u14ef\u14aa\u152a\u1466 \u1403\u14c4\u1466\u152a\u140a\u14a5 1994-\u148d\u144e\u14ea\u14d7\u148d \u140a\u14bb\u14aa\u14d7 \u1455\u155d\u1559\u14c2 \u1403\u14d5\u14d0\u14c2\u140a\u14c2\u1550\u14a5, \u1403\u14d5\u1466\u14ef\u14ef\u14aa\u152a\u1585 \u1403\u14c7\u1581\u14c7\u1548\u144e\u14d5\u1405\u1550\u14c2\u14a5\u1483 \u140a\u1450\u1550\u14f1\u148b\u1466 \u140a\u1466\u1528\u148c\u1595\u158f\u1450\u1466 \u14f4\u1555\u154b\u1526\u1466. \u14ef\u1557\u14ea\u14d5\u1439\u14a5 \u1403\u14d5\u14d0\u14c2\u140a\u144e\u1455\u1405\u1550\u1584\u14ef\u14aa\u152a\u1585 \u14f4\u14c7\u152d\u1405\u148d\u14ef\u1593\u14c2\u1483 \u1472\u14d0\u14c4\u152d\u1405\u1449 \u144c\u14aa \u1583\u146f\u1550\u14d5\u1405\u1449 \u140a\u14bb\u14aa\u14d7 \u1451\u1491\u1449. \u140a\u1450\u14f2\u1585 \u14f4\u14c7\u1550\u1548\u144e\u14c2\u1483 \u140a\u1450\u1550\u1455\u1405\u1559\u14ea\u14d7\u14f2\u14c2\u1483 \u1403\u14c7\u1581\u14c7\u1548\u144e\u14d5\u1405\u1550\u1450\u14c4\u1466 \u140a\u14bb\u14aa\u14d7 \u140a\u146f\u14c2 &hellip; <a href=\"https:\/\/tarqitamaat.ca\/?page_id=5354\" class=\"more-link\">Continue reading <span class=\"screen-reader-text\">\u140a\u1550\u14c7\u14d5\u14d0\u1592\u144e\u1555\u1483 | Octobre | October<\/span> <span class=\"meta-nav\">&rarr;<\/span><\/a><\/p>\n","protected":false},"author":1,"featured_media":5355,"parent":0,"menu_order":0,"comment_status":"closed","ping_status":"closed","template":"","meta":{"jetpack_post_was_ever_published":false},"jetpack_sharing_enabled":true,"jetpack_shortlink":"https:\/\/wp.me\/PaFG9T-1om","_links":{"self":[{"href":"https:\/\/tarqitamaat.ca\/index.php?rest_route=\/wp\/v2\/pages\/5354"}],"collection":[{"href":"https:\/\/tarqitamaat.ca\/index.php?rest_route=\/wp\/v2\/pages"}],"about":[{"href":"https:\/\/tarqitamaat.ca\/index.php?rest_route=\/wp\/v2\/types\/page"}],"author":[{"embeddable":true,"href":"https:\/\/tarqitamaat.ca\/index.php?rest_route=\/wp\/v2\/users\/1"}],"replies":[{"embeddable":true,"href":"https:\/\/tarqitamaat.ca\/index.php?rest_route=%2Fwp%2Fv2%2Fcomments&post=5354"}],"version-history":[{"count":9,"href":"https:\/\/tarqitamaat.ca\/index.php?rest_route=\/wp\/v2\/pages\/5354\/revisions"}],"predecessor-version":[{"id":6924,"href":"https:\/\/tarqitamaat.ca\/index.php?rest_route=\/wp\/v2\/pages\/5354\/revisions\/6924"}],"wp:featuredmedia":[{"embeddable":true,"href":"https:\/\/tarqitamaat.ca\/index.php?rest_route=\/wp\/v2\/media\/5355"}],"wp:attachment":[{"href":"https:\/\/tarqitamaat.ca\/index.php?rest_route=%2Fwp%2Fv2%2Fmedia&parent=5354"}],"curies":[{"name":"wp","href":"https:\/\/api.w.org\/{rel}","templated":true}]}}