{"id":5091,"date":"2022-09-08T17:58:17","date_gmt":"2022-09-08T17:58:17","guid":{"rendered":"https:\/\/tarqitamaat.ca\/?page_id=5091"},"modified":"2025-12-11T15:00:27","modified_gmt":"2025-12-11T15:00:27","slug":"%e1%90%8a%e1%92%a5%e1%95%83%e1%94%ad%e1%90%85%e1%91%a6-septembre-september-3","status":"publish","type":"page","link":"https:\/\/tarqitamaat.ca\/?page_id=5091","title":{"rendered":"\u140a\u14a5\u1543\u152d\u1405\u1466 | Septembre | September"},"content":{"rendered":"\n<p><\/p>\n\n\n\n<p><\/p>\n\n\n\n<p><\/p>\n\n\n\n<h2 class=\"wp-block-heading\">\u1405\u1403\u14d5\u140a\u14bb \u1455\u148d\u14d0\u14c8\u1585 | William Tagoona<\/h2>\n\n\n\n<p class=\"has-very-light-gray-background-color has-background\">\u1405\u1403\u14d5\u140a\u14bb \u1455\u148d\u14d0\u14c8\u1585 \u1403\u1595\u158f\u1583\u1466\u1455\u14ef\u14ef\u14aa\u152a\u1585 \u1405\u146d\u1405\u146d\u1466\u1450\u14aa\u1546\u1405\u1466\u14f1\u14c2. \u140a\u1456\u1455\u1593 \u140a\u158f\u14d5\u1472\u1483\u146f\u14c2 \u140a\u152a\u157f\u1550\u1450\u1403\u1528\u1405\u14ef\u14aa\u152a\u1585 \u1450\u1466\u14ef\u140a\u1555\u14bb\u14a5\u14c2\u14d7 \u1403\u1595\u158f\u1581\u1466\u14f1\u148d \u146b\u14ea\u14d7\u1450\u1550\u1438\u1455\u1555\u14c2\u1546\u1466\u14f1\u14c2\u1405\u1483. \u144c\u14aa 60-\u14c2, \u1403\u14d5\u14da\u1405\u1550\u1450\u1555\u14c2\u1585 \u14ef\u1557\u14ea\u14d5\u1439\u1466\u14ef\u140a\u14c4\u1466 \u1403\u14c4\u14d0\u14c4\u1466 \u1403\u1595\u158f\u1591\u140a\u1550\u144e\u14c4\u1466 &#8220;The harpoons&#8221; \u1403\u14d5\u14f4\u1546\u140a\u1550\u14ef\u14aa\u1466\u14f1\u14c2 \u1470\u1466\u152a\u140a\u154c\u14d7\u1483, \u14ab\u14c2\u1451\u1438\u14a5. \u1403\u1595\u158f\u144e\u1405\u148d\u14d0\u14c0\u14ef\u14aa\u1466\u152d\u158f\u1466\u1450\u1585 \u140a\u14bb\u14aa\u14d7 \u144c\u1466\u14f1\u14aa\u14c2\u14c2\u1466 \u1450\u14f4\u1550\u14c2\u152e\u1550\u144e\u14ef\u1528\u1405\u14ef\u14aa\u14d5\u1550\u14f1\u14c2. \u140a\u1466\u14f4\u1455\u1550\u144e\u1405\u14ef\u14aa\u1466\u14f1\u14c2\u14d7 \u1431\u1595\u1591\u140a\u144e\u14c2 &#8220;Spectrum&#8221; \u1528\u140a\u14d8\u14c0\u1555\u14a5\u1405\u148d\u1466\u14f1\u14c2 \u140a\u14bb\u14aa\u14d7 \u144c\u14aa, \u14c4\u14c7\u1555\u14bb\u14a7\u1466 \u1405\u144e\u154b\u14a5 1974-\u14a5, \u1403\u1595\u158f\u1591\u140a\u1583\u144e\u1583\u1583\u1466\u1455\u14ef\u152a\u1555\u14c2\u1585 \u1455\u152d\u154b \u1438\u1431\u1472\u1466\u1450\u14a5\u1483 \u1431\u1595\u1591\u140a\u144e\u1405\u1583\u1455\u1405\u152a\u14a5\u1483 SuglukBand \u140a\u14bb\u14aa\u14d7 \u14ab\u1483 \u1472\u1466\u152a\u14d5\u14bb\u14a5\u1483 \u1583\u144e\u1450\u152a\u14a5\u1483 \u146f\u146d\u1455\u1438\u1466\u144e\u1405\u14ef\u14aa\u152a\u14a5\u1483. \u140a\u1466\u14f4\u1455\u1550\u144e\u1405\u1583\u1466\u1455\u14ef\u14aa\u1490\u14a5 \u140a\u14bb\u14aa\u14d7 \u146f\u146d\u1455\u1438\u1466\u144e\u1405\u14f1\u14c2, \u1403\u14a3\u14d5\u14ef\u14aa\u152a\u1585: &#8220;\u144c\u1483\u146f\u14c7\u14c2 \u140a\u1550\u154c\u148d\u14c2, \u1405\u14ea\u14d7\u14a5 \u140a\u1466\u1528\u1405\u1559\u14da\u1405\u1595\u158f\u1450\u1585. \u14c4\u14c7\u14d5\u14d0\u14c2\u1483 \u140a\u14ef\u158f\u14d0\u14c2\u1483 \u1405\u1593\u14ef\u1466\u1455\u1583\u14bb\u14aa\u1546\u1449\u1438\u14da\u1405\u1550\u1450\u148d\u1466 \u1405\u146d\u1405\u1550\u1455\u1450\u14a6\u1483\u1472\u1455. \u14c8\u14da\u1405\u144e\u1583\u1550\u1438\u14da\u1405\u1550\u1450\u148d\u1466 \u1456\u1483\u146f\u14c2\u1593\u1450\u140a\u1585 \u1403\u14d5\u1466\u14ef\u1555\u148b\u1466\u14f1\u148b\u1466 \u1450\u14f4\u1550\u14c2\u152e\u1550\u144e\u14ef\u1405\u144e\u14c2\u1483 \u14c2\u1466\u152e\u144e\u1455\u1405\u1559\u1466\u1450\u14c2\u1483 \u14c8\u14da\u1405\u144e\u1483\u146f\u1466 \u144c\u1466\u14f1\u14aa\u14c2, \u1403\u14da\u1405\u144e\u14d7\u148b\u1466 Beatles, Rolling Stones \u140a\u14bb\u14aa\u14d7 \u144c\u1483\u146f\u140a\u144e\u1450\u1466 \u1450\u14f4\u1550\u14c2\u152e\u144e\u14ef\u1528\u1405\u148d\u14aa\u1466\u14f1\u1455 \u1450\u14f1\u1583\u1466\u1455\u14d5\u14da\u1405\u1550\u14ef\u14aa\u152a\u148d\u1466 \u144c\u14aa \u1403\u14bb\u14a5\u14c2\u1483 \u1403\u14d5\u1466\u14ef\u14f1\u1455 \u146f\u146d\u1455\u1438\u1405\u144e\u14c2\u1483 \u140a\u1450\u1546\u1405\u1550\u14c2\u140a\u14d5\u154b\u1466\u1455 \u140a\u14bb\u14aa\u14d7 &#8220;\u1583\u14ea\u14d7\u14c8\u1466&#8221; \u1450\u14f4\u1550\u14c2\u152e\u1550\u144e\u14ef\u1405\u144e\u1466\u14f4\u152d\u158f\u14d0\u14c2\u1483.&#8221;<br><br>\n\u14c4\u14c7\u1555\u14bb\u14a7\u1466 \u146d\u14ef\u140a\u14c2 \u1405\u144e\u1550\u14ef\u14aa\u14d5\u154b\u14a5 \u1405\u1583\u1405\u14ef\u1550\u14a5\u144e\u148d\u1466 \u1403\u14c4\u1466\u144e\u1451\u1550\u14f1\u14c2 \u1403\u1595\u158f\u1591\u140a\u1583\u1466\u1455\u14ef\u152a\u1555\u14c2\u1585. &#8220;\u144c\u1466\u14f1\u14aa\u14c2\u1405\u1595\u158f\u14c2\u1593\u14c2, \u1403\u14d5\u14f4\u1546\u140a\u1550\u14ef\u14aa\u1555\u158f\u14d0\u14c2 \u140a\u1405\u14ea\u14da\u14ef\u14aa\u152a\u1466, \u1403\u14c4\u1466\u144e\u1450\u1466 \u1405\u1583\u1405\u14ef\u1466\u144e\u14c2\u1483 \u1405\u1584\u1550\u1583\u1526\u1550\u144e\u14ef\u1490\u14f1\u140a\u1550\u1438\u14da\u1405\u1550\u1450\u1466 \u144c\u14aa \u1583\u14ea\u14d7\u14c8\u1550\u144e\u1450\u1466 \u146d\u14ef\u140a\u14c2 \u1403\u1595\u158f\u1438\u14d5\u14da\u1405\u1550\u1450\u148d\u1466. \u144c\u1466\u14f1\u14aa\u14c2\u14c2\u1466 \u1403\u14d5\u1466\u14ef\u1559\u14ea\u14d5\u140a\u14ef\u14aa\u152a\u148d\u1466 \u1431\u152a\u14d0\u14c7\u1405\u144e\u1466\u144e\u14c2\u1483 1970-\u14c2, \u140a\u14bb\u14aa\u14d7 \u14c7\u14bb\u14a5\u14c2\u1585 \u1403\u14f1\u14aa\u1466\u144e\u14c2\u1483 \u1405\u1584\u148d\u14d0\u14c7\u14ef\u1559\u14ea\u14d5\u140a\u14ef\u1466\u14f1\u1455, \u1403\u14c4\u1466\u144e\u1450\u14ea\u14d7 \u140a\u14ea\u14da\u148d\u14d0\u14c7\u14ef\u1466\u14f1\u1455.&#8221; \u140a\u14d5\u140a\u14d0\u14c2\u146f\u14a5\u14c4\u1466 \u1403\u14c5\u1583\u144e\u14a5\u14c2\u1483 \u14f1\u14d5 \u1431\u152a\u1466\u14f4\u1405\u152e\u14da\u157f\u144e\u1455\u1405\u1559\u1483\u1472\u14a5 \u140a\u14bb\u14aa\u14d7 \u140a\u1550\u154c\u148d\u1403\u1466 50 \u140a\u14c2\u148d\u1550\u14ef\u14aa\u14d5\u1550\u144e\u14d7\u148b\u1466 \u14f4\u1431\u1550\u1546\u140a\u158f\u1466\u1451\u148d\u144e\u1583\u1550\u14ef\u14aa\u1490\u14a5: &#8220;\u146e\u14c7\u1405\u1526\u1466 \u1431\u148d\u14aa\u1466\u14f1\u148b\u1466 \u1431\u1466\u152a\u144e\u1583\u14da\u1550\u14ef\u14aa\u1595\u158f\u1450\u1593, \u144c\u14aa\u1595\u1593\u14c2\u1466 \u1403\u14da\u1405\u148d\u14aa\u14c2\u1550\u14c4\u1466 \u1403\u14c4\u1403\u1466 \u1431\u1548\u1550\u1438\u14d5\u140a\u14c2\u158f\u14d0\u14c4\u1466 \u14c4\u1550\u166f\u14c7\u1550\u144c\u14d5\u1583\u1466\u1455\u14ef\u14aa\u152a\u1593. \u1403\u1595\u158f\u1591\u140a\u1550\u1455\u1555\u14c2\u1483\u1472 \u1450\u14f5\u14d5\u154b\u1555\u1483\u146d\u1466 \u140a\u14bb\u14aa\u14d7 \u14c8\u14da\u1466\u14f1\u148b\u1466 \u1403\u14c4\u1403\u1466 \u140a\u14a5\u14f1\u1466 \u1583\u1405\u14ef\u158f\u1466 \u1406\u1466\u1451\u144e\u148b\u1466\u14f1\u148d \u14f5\u14d5 \u140b\u1455\u14bb\u1505, \u140a\u14ea\u14da\u1583\u1466\u1455\u14ef\u14aa\u152a\u1466 \u1403\u14c4\u1581\u144e\u1466\u1455 \u1431\u1559\u14ea\u14d5\u140a\u14ef\u14aa\u14c2\u158f\u14d0\u14c2\u1483.&#8221; \u1405\u1583\u14ea\u14da\u1546\u1466\u14ef\u14aa\u152a\u1585 \u1431\u14bb\u14aa\u1546\u1405\u14c2\u1593\u14c2\u1483 \u1450\u14f4\u1550\u14c2\u152e\u1550\u144e\u14ef\u14c2\u1405\u1449 \u14c7\u14d7\u14c0\u1550\u14ef\u1405\u144e\u1405\u1490\u14a5 \u1431\u1559\u14ea\u14d5\u140a\u1555\u1405\u14ef\u14aa\u152a\u14c2\u1483 \u140a\u14bb\u14aa\u14d7 \u1403\u14d5\u1466\u14ef\u14da\u157f\u1405\u144e\u1405\u1466\u14f1\u144e\u1483 \u1405\u1555\u1483\u1472\u14c2\u1483 \u1583\u14c4\u1403\u1466\u1450\u1470\u1550\u14ef\u14aa\u14bb\u14aa\u1594\u1455 \u1403\u14c5\u1583\u144e\u1557\u1466. \u1472\u1559\u14aa\u1483\u146f\u14c4\u1466 \u1405\u1583\u1405\u14ef\u1557\u1466 \u140a\u14ef\u1466\u1528\u152d\u1405\u1490\u14f1\u140a\u1550\u144e\u14d7\u148d \u140a\u14bb\u14aa\u14d7 \u1405\u1583\u1405\u14ef\u1466\u144e\u14c2\u1483 \u140a\u14ef\u1405\u158f\u14d0\u14c7\u144e\u1466\u14ef\u148b\u140a\u1550\u14f1\u144e\u1483, \u1403\u1595\u158f\u1591\u140a\u1583\u1466\u1455\u14ef\u14aa\u152a\u1466 \u1403\u14c4\u1466\u144e\u1451\u1550\u14f1\u144e\u1483 \u1405\u144e\u1550\u144e\u14ef\u14c2\u14d5\u1466\u1456\u1450\u14c2\u1483 \u1431\u152a\u14d0\u14c7\u1405\u144e\u1466\u144e\u14c2\u1483 \u1403\u14c4\u1450\u1403\u14d0\u14c7\u1405\u14c2\u1466\u144e\u14c4\u1466 \u140a\u14bb\u14aa\u14d7 \u144c\u14a3\u14d8\u1550\u14f1\u144e\u1483 \u140a\u146d\u14aa\u152a\u148d\u14d0\u14c7\u1405\u144e\u1583\u1550\u14ef\u14aa\u148b\u140a\u14a5\u1483 \u1403\u1449\u1431\u148d\u14f1\u1466\u14f1\u14c2 \u140a\u14bb\u14aa\u14d7 \u1405\u1583\u1405\u14ef\u1550\u14a5\u1483 \u140a\u14ef\u1405\u158f\u14d0\u14c7\u14d5\u154b\u152d\u1550\u1450\u14a5\u1483 \u1431\u1405\u14d5\u1466\u14ef\u148d\u144e\u1583\u1550\u14f1\u144e\u1483 \u1403\u1595\u158f\u1591\u140a\u1550\u14c2\u144e\u148d\u1466.<br><br>\n\u140a\u1431\u1550\u14f1\u1455\u1405\u1490\u14a5 \u14f1\u14a7\u1466 \u1472\u152a\u14ef\u1450\u1403\u14d0\u14c7\u14aa\u1594\u1466, \u1405\u1403\u14d5\u140a\u14bb \u1455\u148d\u14d0\u14c8\u1585 \u14da\u14da\u1405\u1550\u1450\u1585: &#8220;\u1450\u14f4\u1550\u14c2\u152e\u1550\u144e\u14ef\u1405\u144f\u1466 \u1431\u148b\u1466\u14f1\u148b\u1466 \u1403\u14d5\u14d0\u14c3\u1450\u1466, \u140a\u14bb\u14aa\u14d7 \u140a\u14c2\u144e\u148b\u140a\u14ef\u1490\u1555\u1483\u146d\u1466, \u1405\u144e\u1550\u144e\u14da\u1405\u1550\u14ef\u14aa\u14c2\u140a\u1548\u14d0\u14c0\u1455\u144e\u1466. \u1403\u14ea\u14d7\u144e\u14c2 \u146f\u146d\u1455\u1438\u1405\u144e\u1490 \u144c\u14aa\u1595\u1593\u1466 \u14f4\u14c2\u14d0\u14c3\u1450\u1585. \u144c\u14aa\u1595\u1593\u1466 \u146f\u146d\u1455\u1438\u1405\u144e\u1455\u1583\u1550\u144e\u1455\u154b \u1433\u14db\u1550\u1555\u1557\u1466 \u140a\u14bb\u14aa\u14d7 \u1403\u1550\u14c2\u1472 \u1405\u1559\u14d0\u14c2\u1483 \u1455\u146f\u14d0\u14c7\u14d5\u14c2\u1405\u1466\u14f1\u144e\u1483 \u1431\u1548\u1550\u14f4\u14f1\u144e\u1483 \u1450\u14f4\u1550\u14c2\u152e\u1548\u144e\u14d5\u152d\u14f2\u148d\u14d5\u1550\u14a5\u152a\u1466. \u140a\u14c7\u1550\u154b\u144e\u14c2 \u1450\u14f4\u1550\u14c2\u152e\u1550\u144e\u14ef\u1405\u144f\u1466 \u144c\u14aa\u1595\u1593\u1466 \u140a\u1450\u1403\u14d0\u14c0\u1466.&#8221; \u14da\u148b\u140a\u14ea\u14da\u14f1\u14c2\u14d7 \u14c2\u1431\u14d5\u1405\u1550\u14c2\u1548\u1555\u1466 \u1403\u14c4\u1403\u1466 \u14c2\u1431\u14d5\u140a\u1555\u14c2\u1550\u14c3\u1555\u1466 \u1450\u14f5\u1583\u1466\u1455\u14d5\u154b\u14a5\u1483, \u1450\u14f4\u1550\u14c2\u148d\u14f1\u1466\u14f1\u144e\u14d7 \u140a\u14bb\u14aa\u14d7 \u1403\u14d5\u14d0\u14c2\u1483 \u1405\u1583\u1405\u144f\u1466\u14f1\u144e\u1483 \u1403\u1472\u152a\u1550\u14ef\u14aa\u148b\u140a\u158f\u14d0\u14c2\u1483 \u1403\u1595\u158f\u1591\u140a\u1550\u1455\u1555\u14c2\u1550\u1431\u1466 \u1403\u14c5\u14ef\u158f\u14d0\u14c2\u1483, \u14c4\u1550\u1583\u1548\u14a5\u14c7\u1466\u152d\u158f\u1466\u1450\u1585 \u144c\u14ab\u1483 \u1405\u1583\u1405\u1466\u152d\u1405\u1559\u1466\u14f1\u14c2. 1978-\u14a5\u14c2\u1466 \u140a\u14a5\u14f1\u1403\u14c2\u1483 \u1472\u144e\u14aa\u152a\u14c2\u1483 \u1403\u14c2\u1550\u14ef\u14ef\u14aa\u14d5\u1550\u1450\u1585 \u140a\u14bb\u14aa\u14d7 \u1431\u1595\u1591\u140a\u1546\u140a\u1550\u1450\u14d5\u14c2\u1405\u14d5\u1550\u14f1\u14c2 \u140a\u14db\u1505\u1472\u14a7\u1466, \u140a\u146f\u146d\u1466\u1450\u14a7\u1466, \u1473\u14c7\u1455\u1405\u1449 \u1455\u1550\u154b\u1593\u14c4\u1466 \u140a\u14bb\u14aa\u14d7 \u14ef\u157f\u14c2\u1593\u14c4\u1466 \u140a\u14bb\u14aa\u14d7 \u1403\u14c4\u1403\u1466 \u1405\u146d\u1405\u1550\u1455\u1450\u14a5 ICC \u1472\u144e\u14aa\u14c2\u14bb\u14aa\u1546\u158f\u14d0\u14c4\u1466 \u140a\u14a5\u14f1\u1555\u1466\u14f1\u14c2 \u146d\u14a1\u1490\u1450\u1546\u140a\u1550\u1450\u14ef\u14aa\u1466\u14f1\u14c2 \u1473\u14c7\u1455\u14a5\u1483. \u14c4\u1456\u1585 \u1403\u14c2\u1550\u14ef\u14aa\u152d\u1593 \u1403\u1595\u158f\u1591\u140a\u1548\u14ef\u158f\u14d0\u14c2\u1483 \u1431\u1455\u14d5\u1483 \u1472\u144e\u14aa\u152a\u14c2\u1483 When I see you \/ \u1455\u146f\u1490\u1449\u146d\u1466 \u1403\u14d5\u14aa\u14d5\u1550\u1450\u1585 \u1583\u1546\u1455\u1405\u152d\u1483\u1470\u144e\u1466\u14ef\u1555\u14d0\u14c2 <a rel=\"noreferrer noopener\" href=\"https:\/\/open.spotify.com\/artist\/5cuN7vHsUDKlUHttWClblr\" target=\"_blank\">Spotify<\/a>, iTunes \u140a\u14bb\u14aa\u14d7 <a rel=\"noreferrer noopener\" href=\"https:\/\/music.apple.com\/us\/album\/takugapkit\/1638649710\" target=\"_blank\">Apple Music<\/a>.\n <\/p>\n\n\n\n<p class=\"has-very-light-gray-background-color has-background\">William Tagoona chante depuis un tr\u00e8s jeune \u00e2ge. Son p\u00e8re, alors pasteur Anglican, l\u2019encourageait \u00e0 chanter dans son \u00c9glise. Dans les ann\u00e9es 60, il rejoint le premier groupe de musique inuk nomm\u00e9 \u00ab The harpoons \u00bb alors qu\u2019il est \u00e0 l\u2019\u00e9cole r\u00e9sidentielle de Churchill au Manitoba. Il n\u2019a jamais cess\u00e9 la musique depuis; il a \u00e9t\u00e9 le batteur du groupe \u00ab Spectrum \u00bb alors qu\u2019il vivait \u00e0 Yellowknife et en 1974, alors qu\u2019il retourne au Nunavik, il a d\u00e9marr\u00e9 un groupe avec Tajara Papikattuk du \u00ab Sugluk Band \u00bb et le basiste Mark Kadjulik. Il joue de la batterie et de la guitare et raconte : \u00ab  \u00e0 l\u2019\u00e9poque, c\u2019\u00e9tait bien diff\u00e9rent d\u2019aujourd\u2019hui. Nous \u00e9tions pas mal isol\u00e9s dans l\u2019Arctique et nous avions seulement des radios \u00e0 ondes courtes pour nous aider \u00e0 apprendre la musique de l\u2019\u00e9poque comme les Beatles et les Rolling Stones. Nous voulions faire comme eux donc nous nous sommes mis \u00e0 apprendre de fa\u00e7on autodidacte les instruments des \u00ab Qalunaat \u00bb.<br><br> C\u2019est seulement \u00e0 son retour au Nunavik qu\u2019il a commenc\u00e9 \u00e0 chanter en inuktitut, sa langue maternelle : \u00ab Alors que nous \u00e9tions \u00e0 l\u2019\u00e9cole r\u00e9sidentielle, ils essayaient de nous enlever notre langue donc nous devions chanter en anglais. Lorsque, dans les ann\u00e9es 70, nous avons pris conscience de nos droits et avons commenc\u00e9 \u00e0 nous d\u00e9fendre, on a commenc\u00e9 \u00e0 \u00e9crire en inuktitut. \u00bb C\u2019est l\u2019appr\u00e9ciation de son peuple qui, 50 ans plus tard, lui donne toujours le go\u00fbt de continuer : \u00ab \u00e7a n\u2019a jamais \u00e9t\u00e9 une question d\u2019argent, \u00e7a a toujours \u00e9t\u00e9 l\u2019id\u00e9e de prendre notre place et nous \u00e9panouir, nous les Inuit. Si vous \u00e9coutez bien mes chansons et celles de plusieurs musiciens comme Charlie Adams, elles parlent de notre histoire. \u00bb Il ajoute que la musique t\u00e9moigne de son \u00e9poque et peu enseigner \u00e0 la jeune g\u00e9n\u00e9ration ce que notre peuple a travers\u00e9. Alors que les gouvernements tentaient d\u2019\u00e9radiquer notre langue, les musiciens chantaient en inuktitut au sujet des droits des Inuit, et il a le sentiment que ce combat a port\u00e9 fruit afin de maintenir l\u2019inuktitut en vie.<br><br> \u00c0 la question \u00ab pourquoi continuez-vous ? \u00bb, William Tagoona r\u00e9pond : \u00ab La musique est quelque chose que tu as en toi, une fois qu\u2019on commence il est impossible de retourner en arri\u00e8re. Ma guitare est toujours pr\u00e8s de moi dans la maison. Il y a toujours une guitare dans le salon et je pense que mes fils m\u2019ont vu en grandissant et ont aussi d\u00e9velopp\u00e9 cette passion. Il y a toujours des instruments de musique dans notre maison. \u00bb Il ajoute que lorsqu\u2019un nouvel album sort et que les gens le d\u00e9couvrent et l\u2019appr\u00e9cie en plus de partager en quoi \u00e7a les aide dans leur vie, \u00e7a devient une inspiration pour continuer. Il a lanc\u00e9 plusieurs albums depuis 1978 et a perform\u00e9 en Alaska, au Groenland, dans le nord et le sud du Canada ainsi qu\u2019en tant que repr\u00e9sentant du Canada au Conf\u00e9rences ICC. Son nouvel album <em>When I see you \/ Takugapkit<\/em> est maintenant disponible sur <a rel=\"noreferrer noopener\" href=\"https:\/\/open.spotify.com\/artist\/5cuN7vHsUDKlUHttWClblr\" target=\"_blank\">Spotify<\/a>, iTunes et <a rel=\"noreferrer noopener\" href=\"https:\/\/music.apple.com\/us\/album\/takugapkit\/1638649710\" target=\"_blank\">Apple Music<\/a>. <\/p>\n\n\n\n<p class=\"has-background has-very-light-gray-background-color\">William Tagoona started singing at a very early age. His father was an Anglican minister and encouraged him to sing in his Church. Then in the 60\u2019s, he joined the first ever Inuk band called \u201cThe harpoons\u201d when he went to a residential school in Churchill, Manitoba. He has not stop singing and he has been playing music ever since. He was also a drummer in the band \u201cSpectrum\u201d while living in Yellowknife and then, once he went back to Nunavik in 1974, he started to play with Tajara Papikattuk from Sugluk Band, and Mark Kadjulik who was a bass player. He used to play drum and guitar, sharing: \u201cin those years, it was different from today. We were very quite isolated because we were in the Arctic. We only had short wave radios that made us learn the music of the day back then, with the Beatles, the Rolling Stones and we wanted to be like them, so we taught ourselves how to play guitar and \u201cQallunaat\u201d instruments.\u201d<br><br>   It is only back in Nunavik that he started to sing in his own language, Inuktitut. \u201cBefore that, in the residential schools, they were trying to take away our Inuktitut language from us so we only sang in English. Since we started to learn our rights in the 1970\u2019s, and started to speak up for ourselves, we started writing in Inuktitut.\u201d It is the appreciation of his own people that still inspires him and keeps him going after 50 years: \u201cIt was never about money, it was always about to be part of growing in our society, as Inuit. When you listen to my songs and you listen to the words of many people like Charlie Adams, they write about the history of our people.\u201d He emphasis on how important music is a testimony of its time and can teach to the Youth what our people went through. While the government were trying to eradicate and alter our language, the musicians were singing in Inuktitut talking about regaining our rights as Inuit, and he feels this combat made a change and succeed as keeping the language alive.<br><br> When ask why he continues, William Tagoona said: \u201cMusic it\u2019s something you have in you, and once you start getting into it, you never turn away from it. My guitar is always beside me in our house. I always have a guitar in the living room and I think my boys watched me while they were growing up and they picked up on it too. There are always musical instruments in our home.\u201d He added that when you record and people get a hold of it, enjoy it and tell you how much it has helped them in their lives, it becomes an inspiration to continue. He has released many albums since 1978 and performed in Alaska, Greenland, northern and southern Canada as well as at the ICC conferences multiple times to represent Canada. His new album <em>When I see you \/ Takugapkit<\/em> is now on <a rel=\"noreferrer noopener\" href=\"https:\/\/open.spotify.com\/artist\/5cuN7vHsUDKlUHttWClblr\" target=\"_blank\">Spotify<\/a>, iTunes and <a rel=\"noreferrer noopener\" href=\"https:\/\/music.apple.com\/us\/album\/takugapkit\/1638649710\" target=\"_blank\">Apple Music<\/a>. <\/p>\n\n\n\n<figure class=\"wp-block-embed is-type-video is-provider-youtube wp-block-embed-youtube wp-embed-aspect-16-9 wp-has-aspect-ratio\"><div class=\"wp-block-embed__wrapper\">\n<div class=\"jetpack-video-wrapper\"><span class=\"embed-youtube\" style=\"text-align:center; display: block;\"><iframe loading=\"lazy\" class=\"youtube-player\" width=\"700\" height=\"394\" src=\"https:\/\/www.youtube.com\/embed\/pnC8GqgAO-o?version=3&#038;rel=1&#038;showsearch=0&#038;showinfo=1&#038;iv_load_policy=1&#038;fs=1&#038;hl=en-US&#038;autohide=2&#038;wmode=transparent\" allowfullscreen=\"true\" style=\"border:0;\" sandbox=\"allow-scripts allow-same-origin allow-popups allow-presentation\"><\/iframe><\/span><\/div>\n<\/div><figcaption class=\"wp-element-caption\">\u00a9 Qimuk Music Inc. Camera &#8211; Samuel Legace<\/figcaption><\/figure>\n\n\n\n<figure class=\"wp-block-image size-large\"><img decoding=\"async\" loading=\"lazy\" width=\"1024\" height=\"1024\" src=\"https:\/\/tarqitamaat.ca\/wp-content\/uploads\/2022\/09\/292380505_459883842236647_2586900304739346347_n-1024x1024.jpg\" alt=\"\" class=\"wp-image-5092\" srcset=\"https:\/\/tarqitamaat.ca\/wp-content\/uploads\/2022\/09\/292380505_459883842236647_2586900304739346347_n-1024x1024.jpg 1024w, https:\/\/tarqitamaat.ca\/wp-content\/uploads\/2022\/09\/292380505_459883842236647_2586900304739346347_n-300x300.jpg 300w, https:\/\/tarqitamaat.ca\/wp-content\/uploads\/2022\/09\/292380505_459883842236647_2586900304739346347_n-150x150.jpg 150w, https:\/\/tarqitamaat.ca\/wp-content\/uploads\/2022\/09\/292380505_459883842236647_2586900304739346347_n-768x768.jpg 768w, https:\/\/tarqitamaat.ca\/wp-content\/uploads\/2022\/09\/292380505_459883842236647_2586900304739346347_n-1536x1536.jpg 1536w, https:\/\/tarqitamaat.ca\/wp-content\/uploads\/2022\/09\/292380505_459883842236647_2586900304739346347_n-1200x1200.jpg 1200w, https:\/\/tarqitamaat.ca\/wp-content\/uploads\/2022\/09\/292380505_459883842236647_2586900304739346347_n-700x700.jpg 700w, https:\/\/tarqitamaat.ca\/wp-content\/uploads\/2022\/09\/292380505_459883842236647_2586900304739346347_n-100x100.jpg 100w, https:\/\/tarqitamaat.ca\/wp-content\/uploads\/2022\/09\/292380505_459883842236647_2586900304739346347_n-400x400.jpg 400w, https:\/\/tarqitamaat.ca\/wp-content\/uploads\/2022\/09\/292380505_459883842236647_2586900304739346347_n-50x50.jpg 50w, https:\/\/tarqitamaat.ca\/wp-content\/uploads\/2022\/09\/292380505_459883842236647_2586900304739346347_n.jpg 1575w\" sizes=\"(max-width: 1024px) 100vw, 1024px\" \/><\/figure>\n\n\n\n<p>\u140a\u14ea\u14da\u1450\u1585 | Texte de | Text by: Pasa Mangiok<\/p>\n","protected":false},"excerpt":{"rendered":"<p>\u1405\u1403\u14d5\u140a\u14bb \u1455\u148d\u14d0\u14c8\u1585 | William Tagoona \u1405\u1403\u14d5\u140a\u14bb \u1455\u148d\u14d0\u14c8\u1585 \u1403\u1595\u158f\u1583\u1466\u1455\u14ef\u14ef\u14aa\u152a\u1585 \u1405\u146d\u1405\u146d\u1466\u1450\u14aa\u1546\u1405\u1466\u14f1\u14c2. \u140a\u1456\u1455\u1593 \u140a\u158f\u14d5\u1472\u1483\u146f\u14c2 \u140a\u152a\u157f\u1550\u1450\u1403\u1528\u1405\u14ef\u14aa\u152a\u1585 \u1450\u1466\u14ef\u140a\u1555\u14bb\u14a5\u14c2\u14d7 \u1403\u1595\u158f\u1581\u1466\u14f1\u148d \u146b\u14ea\u14d7\u1450\u1550\u1438\u1455\u1555\u14c2\u1546\u1466\u14f1\u14c2\u1405\u1483. \u144c\u14aa 60-\u14c2, \u1403\u14d5\u14da\u1405\u1550\u1450\u1555\u14c2\u1585 \u14ef\u1557\u14ea\u14d5\u1439\u1466\u14ef\u140a\u14c4\u1466 \u1403\u14c4\u14d0\u14c4\u1466 \u1403\u1595\u158f\u1591\u140a\u1550\u144e\u14c4\u1466 &#8220;The harpoons&#8221; \u1403\u14d5\u14f4\u1546\u140a\u1550\u14ef\u14aa\u1466\u14f1\u14c2 \u1470\u1466\u152a\u140a\u154c\u14d7\u1483, \u14ab\u14c2\u1451\u1438\u14a5. \u1403\u1595\u158f\u144e\u1405\u148d\u14d0\u14c0\u14ef\u14aa\u1466\u152d\u158f\u1466\u1450\u1585 \u140a\u14bb\u14aa\u14d7 \u144c\u1466\u14f1\u14aa\u14c2\u14c2\u1466 \u1450\u14f4\u1550\u14c2\u152e\u1550\u144e\u14ef\u1528\u1405\u14ef\u14aa\u14d5\u1550\u14f1\u14c2. \u140a\u1466\u14f4\u1455\u1550\u144e\u1405\u14ef\u14aa\u1466\u14f1\u14c2\u14d7 \u1431\u1595\u1591\u140a\u144e\u14c2 &#8220;Spectrum&#8221; \u1528\u140a\u14d8\u14c0\u1555\u14a5\u1405\u148d\u1466\u14f1\u14c2 \u140a\u14bb\u14aa\u14d7 \u144c\u14aa, \u14c4\u14c7\u1555\u14bb\u14a7\u1466 \u1405\u144e\u154b\u14a5 1974-\u14a5, \u1403\u1595\u158f\u1591\u140a\u1583\u144e\u1583\u1583\u1466\u1455\u14ef\u152a\u1555\u14c2\u1585 \u1455\u152d\u154b \u1438\u1431\u1472\u1466\u1450\u14a5\u1483 \u1431\u1595\u1591\u140a\u144e\u1405\u1583\u1455\u1405\u152a\u14a5\u1483 SuglukBand \u140a\u14bb\u14aa\u14d7 \u14ab\u1483 \u1472\u1466\u152a\u14d5\u14bb\u14a5\u1483 \u1583\u144e\u1450\u152a\u14a5\u1483 \u146f\u146d\u1455\u1438\u1466\u144e\u1405\u14ef\u14aa\u152a\u14a5\u1483. \u140a\u1466\u14f4\u1455\u1550\u144e\u1405\u1583\u1466\u1455\u14ef\u14aa\u1490\u14a5 \u140a\u14bb\u14aa\u14d7 \u146f\u146d\u1455\u1438\u1466\u144e\u1405\u14f1\u14c2, \u1403\u14a3\u14d5\u14ef\u14aa\u152a\u1585: &#8220;\u144c\u1483\u146f\u14c7\u14c2 \u140a\u1550\u154c\u148d\u14c2, &hellip; <a href=\"https:\/\/tarqitamaat.ca\/?page_id=5091\" class=\"more-link\">Continue reading <span class=\"screen-reader-text\">\u140a\u14a5\u1543\u152d\u1405\u1466 | Septembre | September<\/span> <span class=\"meta-nav\">&rarr;<\/span><\/a><\/p>\n","protected":false},"author":1,"featured_media":5092,"parent":0,"menu_order":0,"comment_status":"closed","ping_status":"closed","template":"","meta":{"jetpack_post_was_ever_published":false},"jetpack_sharing_enabled":true,"jetpack_shortlink":"https:\/\/wp.me\/PaFG9T-1k7","_links":{"self":[{"href":"https:\/\/tarqitamaat.ca\/index.php?rest_route=\/wp\/v2\/pages\/5091"}],"collection":[{"href":"https:\/\/tarqitamaat.ca\/index.php?rest_route=\/wp\/v2\/pages"}],"about":[{"href":"https:\/\/tarqitamaat.ca\/index.php?rest_route=\/wp\/v2\/types\/page"}],"author":[{"embeddable":true,"href":"https:\/\/tarqitamaat.ca\/index.php?rest_route=\/wp\/v2\/users\/1"}],"replies":[{"embeddable":true,"href":"https:\/\/tarqitamaat.ca\/index.php?rest_route=%2Fwp%2Fv2%2Fcomments&post=5091"}],"version-history":[{"count":14,"href":"https:\/\/tarqitamaat.ca\/index.php?rest_route=\/wp\/v2\/pages\/5091\/revisions"}],"predecessor-version":[{"id":6927,"href":"https:\/\/tarqitamaat.ca\/index.php?rest_route=\/wp\/v2\/pages\/5091\/revisions\/6927"}],"wp:featuredmedia":[{"embeddable":true,"href":"https:\/\/tarqitamaat.ca\/index.php?rest_route=\/wp\/v2\/media\/5092"}],"wp:attachment":[{"href":"https:\/\/tarqitamaat.ca\/index.php?rest_route=%2Fwp%2Fv2%2Fmedia&parent=5091"}],"curies":[{"name":"wp","href":"https:\/\/api.w.org\/{rel}","templated":true}]}}