{"id":4488,"date":"2022-07-15T14:57:02","date_gmt":"2022-07-15T14:57:02","guid":{"rendered":"https:\/\/tarqitamaat.ca\/?page_id=4488"},"modified":"2026-04-09T18:32:55","modified_gmt":"2026-04-09T18:32:55","slug":"%e1%91%90%e1%95%93%e1%94%ae%e1%95%88%e1%91%a6-juillet-july-4","status":"publish","type":"page","link":"https:\/\/tarqitamaat.ca\/?page_id=4488","title":{"rendered":"\u1450\u1553\u152e\u1548\u1466 | Juillet | July"},"content":{"rendered":"\n<h2 class=\"wp-block-heading\">\u1455\u1550\u154b\u14d5\u1483 \u1439\u1450\u1528 | Taqralik Partridge<\/h2>\n\n\n\n<p class=\"has-very-light-gray-background-color has-background\">\u1470\u1466\u152a\u140a\u14a5\u1405\u152d\u1405\u1466\u14f1\u14c2, \u1455\u1550\u154b\u14d5\u1483 \u1439\u1466\u1450\u1528 \u1431\u1548\u1550\u14f4\u14ef\u14aa\u152a\u1585 \u14c4\u14c7\u1555\u14bb\u14a5 \u140a\u14bb\u14aa\u14d7 \u14c4\u14c7\u1557\u1466\u14a5 \u1403\u14d5\u14d0\u14c2\u140a\u144f\u1466 \u1403\u14c4\u1403\u1466 \u1403\u14d7\u1550\u1581\u14ef\u1593\u14c2\u1483 \u1403\u14d5\u14d0\u14c2\u140a\u14f2\u1591\u144e\u14ea\u14d7\u148b\u1466. \u1456\u1466\u14f1\u14aa\u1405\u1449, \u1455\u14aa\u14d0\u14c7 \u1431\u148b\u140a\u1595\u1593\u1548\u144e\u1555\u14c2\u1593 \u14f4\u14c7\u1595\u1591\u140a\u14c2\u1550\u14a5\u1483, \u144c\u1466\u14f1\u14aa\u14c2\u1405\u144e\u14ea\u14d7\u148d, \u1431\u140a\u154b\u1405\u1466\u14f1\u14c2 \u1472\u1595\u1591\u1455\u152b\u1490\u14d7\u140a\u1550\u14f1\u14c2, \u1583\u1405\u1528\u14aa\u14ef\u14aa\u1595\u158f\u1450\u1585 \u14ef\u14da\u1550\u152a\u140a\u14a5 \u14f4\u14c7\u1595\u1591\u140a\u144e\u1405\u14da\u1593\u14c2\u1550\u14a5\u14c2\u1483. \u201c\u140a\u1405\u14da\u1528\u152a\u1593 \u140a\u14d5\u140a\u148b\u152d\u1583\u1546\u140a\u14a5\u1483 \u1403\u14d7\u1550\u1581\u14ef\u1550\u14a5\u1483.\u201d \u1455\u1550\u154b\u14d5\u14bb\u14a7\u1466, \u14f1\u14c7\u1490\u14da\u14d5\u1405\u1546\u140a\u14a5\u1483 \u1431\u14bb\u14aa\u1546\u140a\u14d7\u1483. \u140a\u1466\u1528\u148c\u1595\u158f\u1450\u14c2\u1483 \u1583\u1405\u1528\u14f4\u1550\u14ef\u14aa\u14d5\u1550\u1450\u1585 \u1406\u1466\u1450\u144e\u148b\u14d7\u148d \u1472\u1455\u1466\u152d\u14c2\u1550\u14a5\u1483, \u1405\u14c2\u1483\u1472\u1405\u14ef\u1550\u14c2\u1483 \u1405\u1584\u14c2\u1585, \u140b\u1550\u157f\u14f1\u1403\u14c2\u1585, \u14f4\u1438\u1593\u14d5\u1546\u14c2\u1585 \u140a\u14bb\u14aa\u14d7 \u140a\u1466\u1528\u14d5\u1405\u1546\u1528\u1405\u14c2\u1585; \u1583\u1405\u1528\u14f4\u1550\u14f1\u14c2 \u1431\u1450\u1466\u14ef\u14aa\u1405\u144e\u14c2\u1583\u1550\u14aa\u1594\u1455 \u1456\u1483\u146f\u140a. \u201c\u1455\u146f\u14d0\u14c7\u1455\u154b\u144e\u148d\u1466 \u14f4\u14c7\u1595\u1591\u140a\u14c2\u1585 \u140a\u14bb\u14aa\u14d7 \u14f1\u14c7\u1490\u14da\u14d5\u1405\u1550\u14c2\u1585 \u140a\u1466\u1528\u148c\u14c2\u1583\u1550\u14aa\u1455. \u14f1\u14c7\u1405\u1490\u14d7\u140a\u1550\u1438\u1466 \u14f4\u14c7\u1526\u1466; \u1433\u140a\u14d7\u14d5\u1405\u1550\u14c2\u1585 \u1405\u155d\u1559\u14d8\u14d0\u14c3\u1466 \u14f4\u14c7\u1595\u1591\u140a\u14c2\u1585 \u14c4\u1403\u1455\u144e\u1455\u1405\u14da\u1593\u152b\u144e\u14ea\u14d7\u148d \u1431\u14bb\u14aa\u1546\u1405\u14c2\u14d6\u14d0\u14c0\u1466. \u140a\u1466\u1528\u148b\u14bb\u14a5\u152d\u1593 \u201c\u1405\u1583\u1405\u14f0\u1466\u201d \u1405\u155d\u1559\u14d8\u14d0\u14c3\u1466 \u1403\u1595\u158f\u1548\u14f0\u1466, \u14f1\u14c7\u1450\u1403\u14d0\u14c7\u14d5\u1405\u1550\u14c2\u1585 \u1403\u14d8\u14d0\u14c7\u144e\u1483 \u1431\u14bb\u14aa\u1547\u14d0\u14c0\u1466.\u201d\u144c\u14a3\u14bb\u14aa\u1466 \u1403\u14d7\u1550\u1581\u14ef\u1550\u14a5\u1483 \u1403\u14d5\u14d0\u14c2\u140a\u14c2\u1585 \u1431\u140a\u154b\u1405\u158f\u14d0\u14c7\u14d7\u14c2 \u140a\u14bb\u14aa\u14d7 \u1455\u146f\u14a5\u14c7\u1550\u1450\u14c2\u1483 \u14f1\u14c7\u1450\u1403\u14d0\u14c7\u14d5\u1405\u1548\u14d0\u14c7\u14c2\u1585 \u1403\u14d5\u14d0\u14c2\u1483 \u1431\u14bb\u14aa\u1546\u14bb\u14a5\u1483 \u14f1\u1550\u1543\u14c2\u1583\u1548\u14d0\u14c7\u1450\u1585 \u14f1\u14c7\u1466\u144e\u1548\u14da\u1593\u14c2\u1550\u14c2\u1483. <s><br><br><\/s> \u1455\u1550\u154b\u14d5\u1483 \u1431\u152a\u1546\u14c2\u1583\u1550\u14a5\u152a\u1585 \u1403\u14da\u1405\u14c2\u1550\u14a5\u14c2\u1483 \u1455\u146f\u1466\u14f4\u1405\u144e\u1466\u14ef\u152a\u14c4\u1466 \u14f4\u14c7\u1595\u1591\u144e\u14c4\u1466 \u140a\u14bb\u14aa\u14d7 \u1472\u14aa\u1528\u1405\u14c2\u1550\u14a5\u14c4\u1466; \u140a\u14bb\u14aa\u14d7 \u1431\u14c7\u14f1\u1583\u144e\u1583\u1546\u140a\u14a5\u1483 \u1403\u14c4\u14d0\u14c2\u1483 \u140a\u14ef\u158f\u14d0\u14c2\u14d7 \u1405\u146d\u1405\u1550\u1455\u1450\u14a5\u1405\u14c2\u1483 \u14f4\u14c7\u1595\u1591\u140a\u144e\u14c2\u1483. \u1403\u14da\u158f\u1466 \u1431\u1405\u148b\u14c2\u1550\u1439\u158f\u1466 \u1431\u14c7\u14f1\u140a\u1550\u1455\u1405\u152a\u1555\u14c3\u1466 \u14c4\u14c7\u1555\u14bb\u14a5\u1405\u14c4\u1466 \u14f4\u14c7\u1595\u1591\u140a\u144e\u14c4\u1466 \u1405\u146f\u14c4\u1593 \u1555\u1466\u1450\u1528\u140a \u146f\u1529, \u14f5\u14a5 \u1472\u14ea\u14da\u1483, \u14ab\u1466\u144e\u1405\u14ef \u1403\u1526\u1466\u1450\u1585 \u140a\u14ef\u158f\u14ea\u14d7 \u1431\u14c7\u14f1\u140a\u1550\u1455\u1405\u14ef\u14aa\u152a\u1466 \u14c4\u14c7\u1555\u14d5\u14ab\u14a5. \u140a\u1466\u1528\u1405\u158f\u1466\u1450\u14a5\u1483 \u1431\u148d\u14aa\u14c2\u1583\u1550\u14a5\u152a\u1585 \u14f4\u14ea\u14d7\u14c2 \u14f4\u14c7\u1595\u1591\u140a\u1455\u1405\u14ef\u14aa\u152a\u14c2\u1483 \u140a\u14a5\u14f1\u14c2\u1483 \u1403\u14da\u1583\u1550\u14f1\u14c2 \u1456\u1559\u14c2 \u140a\u14bb\u14aa\u14d7 \u1431\u1548\u1550\u14f4\u14ef\u14aa\u1466\u14f1\u14c2\u14d7 \u1456\u1559\u14c2. \u1405\u1449\u1431\u1546\u152d\u14d5\u1483 \u1405\u1555\u1490\u1550\u1450\u1403\u1466 \u1403\u14c4\u1403\u1466 \u14f4\u14c7\u1595\u1591\u140a\u144f\u1466 \u140a\u14ef\u158f\u14d0\u14c2\u1483 \u1403\u14c4\u14d0\u14c2\u1483 \u1472\u144e\u14ef\u14c2\u158f\u1466 \u140a\u14db\u1505\u1472\u14a5\u1405\u14c2\u1483 \u140a\u146f\u146d\u1466\u1450\u14a5\u1405\u14c2\u14ea\u14d7, \u1431\u1405\u152b\u148b\u140a\u158f\u14d0\u14c2\u1483 \u1431\u148d\u14aa\u14d5\u1550\u144e\u14ef\u14c2\u1405\u1466\u14f1\u14c2\u14d7 \u14f4\u14c7\u148d\u14aa\u14c2\u1550\u14a5\u1483 \u1405\u1555\u1490\u1550\u1450\u14c4\u1466. <s><br><br><\/s> \u1455\u1550\u154b\u14d5\u1405\u1449 \u1431\u14c7\u14f1\u140a\u1550\u14ef\u14aa\u152d\u158f\u1466 \u14c4\u1403\u1455\u144e\u1455\u1405\u1583\u1466\u1455\u14ef\u14aa\u152a\u1466 \u1405\u146f\u14c7\u14c2 Biennale \u14f0\u1466\u14c2\u14a5 (Australia0 2020-\u144e\u14ea\u14d7\u148d, \u14da\u14d0\u1455\u14d0\u14a5 (UK), \u14f4\u14c7\u1595\u1591\u140a\u14ef\u14aa\u152a\u14c2\u1483 \u1455\u146f\u1466\u14f4\u1405\u1555\u1593\u14c2 Ontario-\u14a5, \u140a\u14bb\u14aa\u14d7 \u14f4\u14c7\u14ef\u14aa\u152d\u1593 \u1431\u1583\u14d7\u152d\u1585 \u1455\u146f\u1466\u14f4\u1405\u1583\u1455\u1405\u152a\u1585 Tether-\u14a5, \u152a\u1473\u14d0 \u14f4\u14c7\u1595\u1591\u140a\u14ef\u14aa\u152a\u1583\u1405\u144e\u1593\u14c2-\u14c4\u14c7\u1583\u1550\u1584\u14ef\u14aa\u152a\u14c4\u1466 \u146d\u14ef\u140a\u14c2 \u140b\u1550\u157f\u14f1\u1550\u1455\u1405\u14ef\u14aa\u152a\u1585 \u1455\u146f\u1466\u14f4\u1405\u144e\u1466\u14ef\u14c2\u1593. \u140b\u1550\u157f\u14f1\u1403\u1583\u1455\u1405\u14ef\u14aa\u14bb\u14a5\u152a\u1585 \u14c4\u1403\u1455\u144e\u1455\u1405\u152a\u14a7\u1466 \u140a\u158f\u1550\u154b\u14a7\u1466 \/ Ruovttu Guvlui \/ Vers chez soi \u1472\u14c7\u1455\u14a5 \u1403\u14ea\u14d7\u1403\u1466 \u14f4\u14c7\u14bb\u14aa\u1405\u14ef\u158f\u14d0\u14c4\u1466 \u14c4\u1403\u1455\u144e\u1466\u14ef\u1555\u1593\u14c2 \u14c4\u1403\u1455\u144e\u1455\u1405\u152a\u1466 \u14ab\u14d0\u14c7 \u1555\u1548\u140a\u1546 2023 \u144e\u146d\u14ea\u14d7\u148d. \u1455\u1550\u154b\u14d5\u1483 \u140b\u1450\u155a\u14a5\u1405\u1585 \u1450\u146d\u14a7\u140a\u1466\u144e\u14ef\u1528\u1405\u1466\u14f1\u14c2 Nordic Lab-\u14a5 SAW \u14c4\u1403\u1455\u144e\u1466\u14ef\u1555\u1593\u14c2, \u1431\u14c7\u14f1\u140a\u1550\u14a5\u14f1\u14c2\u14d7 \u1405\u14ea\u14d7\u14d5\u14ab\u1595\u158f\u1450\u14a5\u1483 \u140b\u1550\u157f\u14f1\u1403\u1528\u1405\u1583\u1455\u1405\u1466\u14f1\u14c2 \u14f4\u14c7\u1595\u1591\u140a\u14ef\u14aa\u152a\u14c2\u1483 \u14c4\u1403\u1455\u144e\u1466\u14ef\u1555\u1593\u14c2 Guelph-\u14a5. <\/p>\n\n\n\n<p class=\"has-very-light-gray-background-color has-background\">Originaire de Kuujjuaq, Taqralik Partridge a grandi au Nunavik et au Nunavut o\u00f9 elle a particip\u00e9 \u00e0 des cours de culture \u00e0 l\u2019\u00e9cole. Pour elle, ces cours marquent le point de d\u00e9part de son travail d\u2019artiste, m\u00eame si \u00e0 l\u2019\u00e9poque elle n\u2019avait jamais imagin\u00e9 qu\u2019en \u00e9tant si timide elle percerait un jour comme une artiste. \u00ab Je me rappelle avoir ador\u00e9 ces classes, comme la journ\u00e9e o\u00f9 Victoria Tukkiuapik nous a enseign\u00e9 le perlage, \u00e7a m\u2019a particuli\u00e8rement marqu\u00e9e et je m\u2019en souviens encore aujourd\u2019hui \u00bb. Pour Taqralik, fabriquer est important. Elle a explor\u00e9 plusieurs disciplines telles que le chant de gorge, le \u00ab spoken word \u00bb, le perlage, l\u2019installation ou la photographie, jouant souvent sur la fine ligne entre les disciplines. \u00ab La fa\u00e7on dont je per\u00e7ois l\u2019art ou la fabrication est la m\u00eame. Peu importe que ce soit fabriquer des mitaines ou une \u0153uvre destin\u00e9e \u00e0 une exposition, \u00e7a rev\u00eat la m\u00eame importance. J\u2019applique autant cette r\u00e9flexion aux \u00ab mots \u00bb ou aux chants, tout ce qu\u2019on fabrique a une valeur. \u00bb C\u2019est pourquoi elle croit fermement en la pertinence d\u2019\u00eatre expos\u00e9 \u00e0 la cr\u00e9ation d\u00e8s un jeune \u00e2ge car ceci pourrait avoir un impact important sur ce qu\u2019on devient.<br><br> Taqralik a la chance d\u2019avoir particip\u00e9 \u00e0 plusieurs expositions et d\u2019avoir effectu\u00e9 le travail de commissaire, ainsi que d\u2019avoir travaill\u00e9 avec d\u2019autres Inuit et artistes circumpolaires. Parmi ses artistes favoris on compte Victoria Grey, Sammy Kudluk, Mattiusi Iyaituk ainsi que plusieurs autres Nunavimmiut. Elle a aussi un int\u00e9r\u00eat tout sp\u00e9cial pour la sculpture de Salluit, y ayant pass\u00e9 une partie de son enfance et o\u00f9 plusieurs membres de sa famille y vivent. Elle croit que les jeunes artistes doivent \u00e9changer avec d\u2019autres artistes Inuit, que ce soit d\u2019Alaska ou du Groenland, il s\u2019agit d\u2019une fa\u00e7on merveilleuse de s\u2019inspirer.<br><br> Le travail de Taqralik a \u00e9t\u00e9 pr\u00e9sent\u00e9 \u00e0 la Biennale de Sydney (Australie) en 2020, \u00e0 Londres (UK) ainsi qu\u2019\u00e0 la Galerie d\u2019art d\u2019Ontario. Sa pi\u00e8ce r\u00e9cente <em>Pigalujaq<\/em> faisait partie de l\u2019exposition <em>Tether <\/em>au Yukon Art Center, une exposition enti\u00e8rement commissarri\u00e9e par des autochtones. Elle est aussi l\u2019une des commissaires derri\u00e8re l\u2019exposition<em> \u140a\u158f\u1550\u154b\u14a7\u1466 \/ Ruovttu Guvlui \/ Vers chez soi <\/em>pr\u00e9sent\u00e9e jusqu\u2019en f\u00e9vrier prochain au Centre canadien d\u2019Architecture. Elle vit \u00e0 Ottawa o\u00f9 elle est directrice du Labo Nordique, un projet de la Galerie SAW, ainsi que commissaire adjointe \u00e0 la Galerie d\u2019art de Guelph. <\/p>\n\n\n\n<p class=\"has-very-light-gray-background-color has-background\">Originally from Kuujjuaq, Taqralik Partridge grew up in Nunavik and Nunavut where attended Inuit culture classes as a student. For her, this was the starting point of making art, even if at the time, as a shy kid, she had no idea she would be out in the world as an artist. \u201cI remember loving culture class, like beadwork for example we learned from the late Victoria Tukkiapik. That particular day of culture class just sticks with me forever.\u201d For Taqralik, making things is important. She has explored various disciplines such as throat singing, spoken word, installation, beadwork, and photography; examining connections between disciplines. \u201cThe way I look at art and making things, it\u2019s all the same. It doesn\u2019t matter which kind of making you are doing; making a pair of mittens or making art that will be in an exhibition has the same importance. And the same is true with \u201cwords\u201d or songs, any kind of making things has value.\u201d This is why she finds culture classes and an early exposure to creative work can have a great impact on who you become.<br><br> Taqralik feels lucky to be part of exhibitions as an artist and as a curator; and also to work with Inuit and other circumpolar artists. Some of her favorite work is by Nunavimmiut artists such as Victoria Grey, Sammy Kudluk, Mattiusi Iyaituk as well as works from across Nunavik. She also has a special interest in Salluit sculpture, where she has many relatives and spent some of her childhood. She believes that young Inuit artists connecting with other Inuit, from Alaska to Greenland, is a good way for youth to find inspiration to create.<br> <br>Taqralik\u2019s work has been shown at the Biennale of Sydney (Australia) in 2020, in London (UK), at the Art Gallery of Ontario, and her recent piece <em>Piqalujaq<\/em> is part of the exhibition <em>Tether<\/em>, at the Yukon Art Centre, an all-indigenous curated exhibition. She is also one of the curators behind the exhibition <em>\u140a\u158f\u1550\u154b\u14a7\u1466 \/ Ruovttu Guvlui \/ Vers chez soi <\/em>at the Canadian Centre for Architecture presented until February 2023. Taqralik lives in Ottawa where she is director of the Nordic Lab at SAW Gallery, and she also works part-time as adjunct curator for the Art Gallery of Guelph.  <\/p>\n\n\n\n<p class=\"has-background\" style=\"background-color:#e5f5f5\">\u1583\u1405\u1528\u148b\u140a\u1466\u14ef\u140a\u1548\u14aa\u148d\u1555\u1466 \u14f4\u14c7\u1595\u1591\u140a\u144e\u1405\u1449 \u14a5\u1466\u14f5\u14c4\u1466. \/ D\u00e9couvrir plus sur l&#8217;artiste \/ Know more about the artist:<br><a rel=\"noreferrer noopener\" href=\"https:\/\/www.cca.qc.ca\/fr\/evenements\/82781\/ruovttu-guvlui-vers-chez-soi\" target=\"_blank\">\u140a\u158f\u1550\u154b\u14a7\u1466 \/ Ruovttu Guvlui \/ Vers chez soi<\/a>, Centre canadien d&#8217;architecture, Montr\u00e9al<br><a rel=\"noreferrer noopener\" href=\"https:\/\/artgalleryofguelph.ca\/exhibitions-detail\/qautamaat\/\" target=\"_blank\">Qautamaat<\/a>, Art Gallery of Guelph, Guelph<br><a href=\"https:\/\/ago.ca\/exhibitions\/tunirrusiangit-kenojuak-ashevak-and-tim-pitsiulak\">Tunirrusiangigt: Kenojuak Ashevak and Tim Pitsiulak<\/a>, Art Gallery of Ontario, Toronto<br><a rel=\"noreferrer noopener\" href=\"https:\/\/saw-centre.com\/nordic-lab\" target=\"_blank\">Laboratoire Nordique \/ Nordic Lab<\/a>, Galerie SAW Gallery, Ottawa<br><a rel=\"noreferrer noopener\" href=\"https:\/\/nunatsiaq.com\/stories\/article\/inuit-art-quarterly-hires-its-first-inuk-editor\/\" target=\"_blank\">Inuit Art Quarterly hires its first Inuk editor<\/a>, Nunatsiaq News<br><a rel=\"noreferrer noopener\" href=\"https:\/\/www.cbc.ca\/news\/canada\/ottawa\/art-indigenous-circumpolar-nordic-saw-gallery-1.6254500\" target=\"_blank\">Nordic Lab celebrates Indigenous artists of the North<\/a>, CBC News<br> <\/p>\n\n\n<div class=\"rl-gallery-container splide rl-loading\" id=\"rl-gallery-container-1\" data-gallery_id=\"4493\"> <div class=\"rl-gallery rl-basicslider-gallery splide__track \" id=\"rl-gallery-1\" data-gallery_no=\"1\"> <ul class=\"splide__list\"> <li class=\"rl-gallery-item splide__slide\" data-thumb=\"https:\/\/tarqitamaat.ca\/wp-content\/uploads\/2022\/07\/TBEP-High-gallery-2-3.jpg\"> <a href=\"https:\/\/tarqitamaat.ca\/wp-content\/uploads\/2022\/07\/TBEP-High-gallery-2-3.jpg\" title=\"\" data-rl_title=\"\" class=\"rl-gallery-link\" data-rl_caption=\"Build my Own Home\" data-rel=\"lightbox-gallery-1\"><img src=\"https:\/\/tarqitamaat.ca\/wp-content\/uploads\/2022\/07\/TBEP-High-gallery-2-3.jpg\" width=\"1500\" height=\"882\" alt=\"\" \/><span class=\"rl-gallery-caption\"><span class=\"rl-gallery-item-caption\">Build my Own Home<\/span><\/span><\/a> <\/li> <li class=\"rl-gallery-item splide__slide\" data-thumb=\"https:\/\/tarqitamaat.ca\/wp-content\/uploads\/2022\/07\/Taqralik-Partridge-2.jpg\"> <a href=\"https:\/\/tarqitamaat.ca\/wp-content\/uploads\/2022\/07\/Taqralik-Partridge-2.jpg\" title=\"\" data-rl_title=\"\" class=\"rl-gallery-link\" data-rl_caption=\"\" data-rel=\"lightbox-gallery-1\"><img src=\"https:\/\/tarqitamaat.ca\/wp-content\/uploads\/2022\/07\/Taqralik-Partridge-2.jpg\" width=\"771\" height=\"1200\" alt=\"\" \/><\/a> <\/li> <li class=\"rl-gallery-item splide__slide\" data-thumb=\"https:\/\/tarqitamaat.ca\/wp-content\/uploads\/2022\/07\/Taqralik-Partridge-3.jpg\"> <a href=\"https:\/\/tarqitamaat.ca\/wp-content\/uploads\/2022\/07\/Taqralik-Partridge-3.jpg\" title=\"\" data-rl_title=\"\" class=\"rl-gallery-link\" data-rl_caption=\"\" data-rel=\"lightbox-gallery-1\"><img src=\"https:\/\/tarqitamaat.ca\/wp-content\/uploads\/2022\/07\/Taqralik-Partridge-3.jpg\" width=\"801\" height=\"1200\" alt=\"\" \/><\/a> <\/li> <li class=\"rl-gallery-item splide__slide\" data-thumb=\"https:\/\/tarqitamaat.ca\/wp-content\/uploads\/2022\/07\/Taqralik-Partridge-4.jpg\"> <a href=\"https:\/\/tarqitamaat.ca\/wp-content\/uploads\/2022\/07\/Taqralik-Partridge-4.jpg\" title=\"\" data-rl_title=\"\" class=\"rl-gallery-link\" data-rl_caption=\"\" data-rel=\"lightbox-gallery-1\"><img src=\"https:\/\/tarqitamaat.ca\/wp-content\/uploads\/2022\/07\/Taqralik-Partridge-4.jpg\" width=\"860\" height=\"1200\" alt=\"\" \/><\/a> <\/li> <li class=\"rl-gallery-item splide__slide\" data-thumb=\"https:\/\/tarqitamaat.ca\/wp-content\/uploads\/2022\/07\/Taqralik-Partridge.jpg\"> <a href=\"https:\/\/tarqitamaat.ca\/wp-content\/uploads\/2022\/07\/Taqralik-Partridge.jpg\" title=\"\" data-rl_title=\"\" class=\"rl-gallery-link\" data-rl_caption=\"\" data-rel=\"lightbox-gallery-1\"><img src=\"https:\/\/tarqitamaat.ca\/wp-content\/uploads\/2022\/07\/Taqralik-Partridge.jpg\" width=\"800\" height=\"1200\" alt=\"\" \/><\/a> <\/li> <li class=\"rl-gallery-item splide__slide\" data-thumb=\"https:\/\/tarqitamaat.ca\/wp-content\/uploads\/2022\/07\/BiennaleSydney2020_Artspace.jpg\"> <a href=\"https:\/\/tarqitamaat.ca\/wp-content\/uploads\/2022\/07\/BiennaleSydney2020_Artspace.jpg\" title=\"\" data-rl_title=\"\" class=\"rl-gallery-link\" data-rl_caption=\"\" data-rel=\"lightbox-gallery-1\"><img src=\"https:\/\/tarqitamaat.ca\/wp-content\/uploads\/2022\/07\/BiennaleSydney2020_Artspace.jpg\" width=\"617\" height=\"822\" alt=\"\" \/><\/a> <\/li> <li class=\"rl-gallery-item splide__slide\" data-thumb=\"https:\/\/tarqitamaat.ca\/wp-content\/uploads\/2022\/07\/67108141_2371864593032294_2898217495817093120_n.jpg\"> <a href=\"https:\/\/tarqitamaat.ca\/wp-content\/uploads\/2022\/07\/67108141_2371864593032294_2898217495817093120_n.jpg\" title=\"\" data-rl_title=\"\" class=\"rl-gallery-link\" data-rl_caption=\"\" data-rel=\"lightbox-gallery-1\"><img src=\"https:\/\/tarqitamaat.ca\/wp-content\/uploads\/2022\/07\/67108141_2371864593032294_2898217495817093120_n.jpg\" width=\"540\" height=\"960\" alt=\"\" \/><\/a> <\/li> <li class=\"rl-gallery-item splide__slide\" data-thumb=\"https:\/\/tarqitamaat.ca\/wp-content\/uploads\/2022\/07\/67310459_2206864906028691_7930665315451535360_n.jpg\"> <a href=\"https:\/\/tarqitamaat.ca\/wp-content\/uploads\/2022\/07\/67310459_2206864906028691_7930665315451535360_n.jpg\" title=\"\" data-rl_title=\"\" class=\"rl-gallery-link\" data-rl_caption=\"\" data-rel=\"lightbox-gallery-1\"><img src=\"https:\/\/tarqitamaat.ca\/wp-content\/uploads\/2022\/07\/67310459_2206864906028691_7930665315451535360_n.jpg\" width=\"2048\" height=\"1149\" alt=\"\" \/><\/a> <\/li> <li class=\"rl-gallery-item splide__slide\" data-thumb=\"https:\/\/tarqitamaat.ca\/wp-content\/uploads\/2022\/07\/73513660_10157320642055041_4776336170994892800_o.jpg\"> <a href=\"https:\/\/tarqitamaat.ca\/wp-content\/uploads\/2022\/07\/73513660_10157320642055041_4776336170994892800_o.jpg\" title=\"\" data-rl_title=\"\" class=\"rl-gallery-link\" data-rl_caption=\"\" data-rel=\"lightbox-gallery-1\"><img src=\"https:\/\/tarqitamaat.ca\/wp-content\/uploads\/2022\/07\/73513660_10157320642055041_4776336170994892800_o.jpg\" width=\"720\" height=\"960\" alt=\"\" \/><\/a> <\/li> <li class=\"rl-gallery-item splide__slide\" data-thumb=\"https:\/\/tarqitamaat.ca\/wp-content\/uploads\/2022\/07\/DSC_0284-1-scaled.jpg\"> <a href=\"https:\/\/tarqitamaat.ca\/wp-content\/uploads\/2022\/07\/DSC_0284-1-scaled.jpg\" title=\"\" data-rl_title=\"\" class=\"rl-gallery-link\" data-rl_caption=\"\" data-rel=\"lightbox-gallery-1\"><img src=\"https:\/\/tarqitamaat.ca\/wp-content\/uploads\/2022\/07\/DSC_0284-1-scaled.jpg\" width=\"2560\" height=\"1707\" alt=\"\" \/><\/a> <\/li> <li class=\"rl-gallery-item splide__slide\" data-thumb=\"https:\/\/tarqitamaat.ca\/wp-content\/uploads\/2022\/07\/chairs2020TPartridgeNAUtsi-1.jpeg\"> <a href=\"https:\/\/tarqitamaat.ca\/wp-content\/uploads\/2022\/07\/chairs2020TPartridgeNAUtsi-1.jpeg\" title=\"\" data-rl_title=\"\" class=\"rl-gallery-link\" data-rl_caption=\"\" data-rel=\"lightbox-gallery-1\"><img src=\"https:\/\/tarqitamaat.ca\/wp-content\/uploads\/2022\/07\/chairs2020TPartridgeNAUtsi-1.jpeg\" width=\"1024\" height=\"961\" alt=\"\" \/><\/a> <\/li> <li class=\"rl-gallery-item splide__slide\" data-thumb=\"https:\/\/tarqitamaat.ca\/wp-content\/uploads\/2022\/07\/2020LossTPartridge_lr.jpg\"> <a href=\"https:\/\/tarqitamaat.ca\/wp-content\/uploads\/2022\/07\/2020LossTPartridge_lr.jpg\" title=\"\" data-rl_title=\"\" class=\"rl-gallery-link\" data-rl_caption=\"\" data-rel=\"lightbox-gallery-1\"><img src=\"https:\/\/tarqitamaat.ca\/wp-content\/uploads\/2022\/07\/2020LossTPartridge_lr.jpg\" width=\"2000\" height=\"1333\" alt=\"\" \/><\/a> <\/li> <li class=\"rl-gallery-item splide__slide\" data-thumb=\"https:\/\/tarqitamaat.ca\/wp-content\/uploads\/2022\/07\/DSCF1700_lr.jpg\"> <a href=\"https:\/\/tarqitamaat.ca\/wp-content\/uploads\/2022\/07\/DSCF1700_lr.jpg\" title=\"\" data-rl_title=\"\" class=\"rl-gallery-link\" data-rl_caption=\"\" data-rel=\"lightbox-gallery-1\"><img src=\"https:\/\/tarqitamaat.ca\/wp-content\/uploads\/2022\/07\/DSCF1700_lr.jpg\" width=\"2000\" height=\"1333\" alt=\"\" \/><\/a> <\/li> <\/ul> <\/div> <\/div>\n\n\n<p>\u140a\u14ea\u14da\u1450\u1585 | Texte de | Text by: Isabelle Avingaq Choquette<\/p>\n","protected":false},"excerpt":{"rendered":"<p>\u1455\u1550\u154b\u14d5\u1483 \u1439\u1450\u1528 | Taqralik Partridge \u1470\u1466\u152a\u140a\u14a5\u1405\u152d\u1405\u1466\u14f1\u14c2, \u1455\u1550\u154b\u14d5\u1483 \u1439\u1466\u1450\u1528 \u1431\u1548\u1550\u14f4\u14ef\u14aa\u152a\u1585 \u14c4\u14c7\u1555\u14bb\u14a5 \u140a\u14bb\u14aa\u14d7 \u14c4\u14c7\u1557\u1466\u14a5 \u1403\u14d5\u14d0\u14c2\u140a\u144f\u1466 \u1403\u14c4\u1403\u1466 \u1403\u14d7\u1550\u1581\u14ef\u1593\u14c2\u1483 \u1403\u14d5\u14d0\u14c2\u140a\u14f2\u1591\u144e\u14ea\u14d7\u148b\u1466. \u1456\u1466\u14f1\u14aa\u1405\u1449, \u1455\u14aa\u14d0\u14c7 \u1431\u148b\u140a\u1595\u1593\u1548\u144e\u1555\u14c2\u1593 \u14f4\u14c7\u1595\u1591\u140a\u14c2\u1550\u14a5\u1483, \u144c\u1466\u14f1\u14aa\u14c2\u1405\u144e\u14ea\u14d7\u148d, \u1431\u140a\u154b\u1405\u1466\u14f1\u14c2 \u1472\u1595\u1591\u1455\u152b\u1490\u14d7\u140a\u1550\u14f1\u14c2, \u1583\u1405\u1528\u14aa\u14ef\u14aa\u1595\u158f\u1450\u1585 \u14ef\u14da\u1550\u152a\u140a\u14a5 \u14f4\u14c7\u1595\u1591\u140a\u144e\u1405\u14da\u1593\u14c2\u1550\u14a5\u14c2\u1483. \u201c\u140a\u1405\u14da\u1528\u152a\u1593 \u140a\u14d5\u140a\u148b\u152d\u1583\u1546\u140a\u14a5\u1483 \u1403\u14d7\u1550\u1581\u14ef\u1550\u14a5\u1483.\u201d \u1455\u1550\u154b\u14d5\u14bb\u14a7\u1466, \u14f1\u14c7\u1490\u14da\u14d5\u1405\u1546\u140a\u14a5\u1483 \u1431\u14bb\u14aa\u1546\u140a\u14d7\u1483. \u140a\u1466\u1528\u148c\u1595\u158f\u1450\u14c2\u1483 \u1583\u1405\u1528\u14f4\u1550\u14ef\u14aa\u14d5\u1550\u1450\u1585 \u1406\u1466\u1450\u144e\u148b\u14d7\u148d \u1472\u1455\u1466\u152d\u14c2\u1550\u14a5\u1483, \u1405\u14c2\u1483\u1472\u1405\u14ef\u1550\u14c2\u1483 \u1405\u1584\u14c2\u1585, \u140b\u1550\u157f\u14f1\u1403\u14c2\u1585, \u14f4\u1438\u1593\u14d5\u1546\u14c2\u1585 \u140a\u14bb\u14aa\u14d7 \u140a\u1466\u1528\u14d5\u1405\u1546\u1528\u1405\u14c2\u1585; \u1583\u1405\u1528\u14f4\u1550\u14f1\u14c2 \u1431\u1450\u1466\u14ef\u14aa\u1405\u144e\u14c2\u1583\u1550\u14aa\u1594\u1455 \u1456\u1483\u146f\u140a. \u201c\u1455\u146f\u14d0\u14c7\u1455\u154b\u144e\u148d\u1466 \u14f4\u14c7\u1595\u1591\u140a\u14c2\u1585 \u140a\u14bb\u14aa\u14d7 \u14f1\u14c7\u1490\u14da\u14d5\u1405\u1550\u14c2\u1585 \u140a\u1466\u1528\u148c\u14c2\u1583\u1550\u14aa\u1455. \u14f1\u14c7\u1405\u1490\u14d7\u140a\u1550\u1438\u1466 \u14f4\u14c7\u1526\u1466; \u1433\u140a\u14d7\u14d5\u1405\u1550\u14c2\u1585 \u1405\u155d\u1559\u14d8\u14d0\u14c3\u1466 \u14f4\u14c7\u1595\u1591\u140a\u14c2\u1585 &hellip; <a href=\"https:\/\/tarqitamaat.ca\/?page_id=4488\" class=\"more-link\">Continue reading <span class=\"screen-reader-text\">\u1450\u1553\u152e\u1548\u1466 | Juillet | July<\/span> <span class=\"meta-nav\">&rarr;<\/span><\/a><\/p>\n","protected":false},"author":1,"featured_media":4589,"parent":0,"menu_order":0,"comment_status":"closed","ping_status":"closed","template":"","meta":[],"_links":{"self":[{"href":"https:\/\/tarqitamaat.ca\/index.php?rest_route=\/wp\/v2\/pages\/4488"}],"collection":[{"href":"https:\/\/tarqitamaat.ca\/index.php?rest_route=\/wp\/v2\/pages"}],"about":[{"href":"https:\/\/tarqitamaat.ca\/index.php?rest_route=\/wp\/v2\/types\/page"}],"author":[{"embeddable":true,"href":"https:\/\/tarqitamaat.ca\/index.php?rest_route=\/wp\/v2\/users\/1"}],"replies":[{"embeddable":true,"href":"https:\/\/tarqitamaat.ca\/index.php?rest_route=%2Fwp%2Fv2%2Fcomments&post=4488"}],"version-history":[{"count":12,"href":"https:\/\/tarqitamaat.ca\/index.php?rest_route=\/wp\/v2\/pages\/4488\/revisions"}],"predecessor-version":[{"id":114619,"href":"https:\/\/tarqitamaat.ca\/index.php?rest_route=\/wp\/v2\/pages\/4488\/revisions\/114619"}],"wp:featuredmedia":[{"embeddable":true,"href":"https:\/\/tarqitamaat.ca\/index.php?rest_route=\/wp\/v2\/media\/4589"}],"wp:attachment":[{"href":"https:\/\/tarqitamaat.ca\/index.php?rest_route=%2Fwp%2Fv2%2Fmedia&parent=4488"}],"curies":[{"name":"wp","href":"https:\/\/api.w.org\/{rel}","templated":true}]}}