{"id":3490,"date":"2022-03-03T14:10:44","date_gmt":"2022-03-03T14:10:44","guid":{"rendered":"https:\/\/tarqitamaat.ca\/?page_id=3490"},"modified":"2026-05-12T16:00:44","modified_gmt":"2026-05-12T16:00:44","slug":"%e1%93%87%e1%91%a6%e1%93%af%e1%90%8a%e1%93%95%e1%90%85%e1%91%a6-mars-march-3","status":"publish","type":"page","link":"https:\/\/tarqitamaat.ca\/?page_id=3490","title":{"rendered":"\u14f5\u14d6\u14d0 \u1557\u140a\u1466| Charleen Watt"},"content":{"rendered":"\n<h2 class=\"wp-block-heading\">\u14c7\u1466\u14ef\u140a\u14d5\u1405\u1466 | Mars | March<\/h2>\n\n\n\n<p class=\"has-background has-very-light-gray-background-color\">\u14f5\u14d6\u14d0 \u1557\u140a\u1466 \u1470\u1466\u152a\u140a\u14a5\u1405\u1585 \u14f4\u14c7\u1405\u1490\u1550\u144e. \u14f4\u14c7\u1405\u1490\u1546\u140a\u14a5\u1483 \u140a\u14d5\u140a\u1466\u1450\u1585 \u140a\u1466\u1528\u148c\u1595\u158f\u1450\u14c2\u1483 \u14f4\u14c7\u152d\u1405\u148d\u14d0\u14c7\u1450\u14c2\u1483 \u1406\u1466\u1451\u144e\u148b\u1466\u14f1\u148b\u1466 \u1581\u14ea\u14d5\u14f4\u152d\u14c2\u1483, \u1450\u1491\u1555\u14c2\u1550\u14c2\u1483, \u14ef\u146f\u14a5\u1483 \u1405\u155d\u1559\u14d8\u14d0\u14c3\u1466 \u140a\u1433\u144e\u14a5\u1483. \u1403\u14da\u1405\u14ef\u14aa\u152a\u1585 \u14aa\u1550\u1548\u1555\u1466\u14f1\u14c2 Biennale Saint-Jean-Port-Joli-\u14a5, \u14ef\u1557\u14ea\u14d5\u14a5 \u1405\u146d\u1405\u148d\u144e\u14d7\u148d \u140a\u14bb\u14aa\u14d7 \u140a\u1405\u152d\u1405\u144e\u14d7\u148d, \u1403\u14c4\u1403\u1466 \u1472\u144e\u14aa\u152a\u1466 \u14f4\u14c7\u1595\u1591\u140a\u144f\u1466 \u1403\u14da\u1405\u148b\u140a\u1550\u1450\u14ef\u14aa\u144e\u14d7\u148b\u1466 \u1403\u14c4\u1450\u1403\u14d0\u14c7\u1405\u158f\u1466\u1450\u14c4\u1466 \u1455\u146f\u14a5\u14c7\u1550\u1450\u14d5\u1405\u1550\u144e\u14c4\u1466 \u140a\u14bb\u14aa\u14d7 \u144c\u1466\u14f1\u14aa\u14c2 \u157f\u152a\u14d0\u14c2\u1483 \u14f4\u14c7\u1595\u1591\u140a\u14c2\u1550\u14a5\u1483 \u1403\u14d5\u1466\u14ef\u14ef\u14aa\u1466\u14f1\u14c2. \u14f5\u14d6\u1466 \u1406\u14aa\u152a\u1595\u1591\u140a\u14d5\u1405\u1546\u140a\u14a5\u1483 \u140a\u14d5\u140a\u1466\u1450\u1585 \u1406\u1466\u1451\u144e\u148b\u1466\u14f1\u148b\u1466 \u14c7\u1466\u14ef\u1591\u140a\u14c2\u1483 \u140a\u14bb\u14aa\u14d7 \u14c7\u14c4\u1595\u1591\u140a\u14c2\u1483 \u140a\u14d5\u140a\u148b\u152d\u1583\u1550\u14f1\u14c2\u14d7 \u140a\u14ef\u14a5\u14c2\u1483 \u1455\u146f\u152d\u1405\u144e\u1466\u14ef\u148b\u140a\u14a5\u1483. \u144c\u14a3\u1466\u14f1\u14c2 \u14f4\u14c7\u1595\u1591\u140a\u1583\u144e\u1583\u1550\u1450\u1555\u14c2\u1585 \u1405\u1449\u1431\u140a\u14d7\u1483 \u140a\u14bb\u14aa\u14d7 \u1450\u14d7\u1491\u14d7\u1483 \u144e\u140a\u14c2\u1505 \u1405\u146d\u1405\u14a5 Biennale-\u14a6\u1466\u14f1\u144e\u1483 \u140a\u14bb\u14aa\u14d7 \u144c\u14aa \u1405\u14a5\u14bb\u14aa\u1591\u140a\u1550\u14a5\u1483 \u140a\u1405\u152d\u14a5 Biennale-\u14a6\u1466\u14f1\u144e\u1483.<br>\n\u14f5\u14d6\u1466 \u1403\u1550\u1583\u1405\u14aa\u152a\u1585 \u14ef\u1557\u14ea\u14d5\u1439\u14a5 \u14f4\u14c7\u1595\u1591\u140a\u1455\u1555\u14c2\u1550\u14a5\u14c2\u1483: &#8221; \u14f4\u14c7\u1595\u1591\u140a\u14da\u1405\u1550\u14ef\u14aa\u152a\u1593 9-\u14c2\u1483 \u1405\u146d\u1405\u1583\u1550\u14f1\u1593 \u14ef\u1557\u14ea\u14d5\u1439\u14a5 \u14f4\u14c7\u1550\u1548\u144e\u14c2\u14d7 \u1431\u14c7\u14f1\u140a\u1583\u144e\u1583\u1546\u140a\u14a5\u1483 \u140a\u14d5\u140a\u14c7\u1550\u14aa\u1466 \u14c4\u1550\u1583\u1548\u14d0\u14c7\u158f\u1466\u14f4\u1405\u144e\u148b\u1466\u14f1\u1593. \u14c4\u14c7\u14d6\u1466 \u1403\u14da\u1593\u14c3\u14da\u1405\u1550\u14ef\u14aa\u152a\u1593 \u1455\u146f\u14d0\u14c7\u1405\u152e\u1550\u14f1\u1593 \u1403\u14c4\u1450\u1583\u1550\u14a5\u1483 \u140a\u14bb\u14aa\u14d7 \u1405\u1559\u14d0\u14c2\u1483 \u140a\u1431\u1550\u14f1\u14aa\u1466 \u1406\u1466\u1450\u1548\u14aa\u14bb\u14aa\u1594\u1550\u14aa \u14ef\u1557\u14ea\u14d5\u1439\u14a5\u1483 \u14c7\u1466\u14ef\u1591\u140a\u14d5\u1405\u14da\u1405\u1550\u14ef\u14aa\u152a\u1593&#8221;. \u144c\u1466\u14f1\u14aa\u14c2\u1405\u14da\u1405\u1550\u14ef\u14aa\u14bb\u14aa\u1466 \u140a\u1466\u1528\u148c\u1595\u158f\u1450\u14c2\u1483 \u1403\u14d5\u14d0\u14c2\u140a\u14ef\u14aa\u152a\u1585 \u14c4\u1456\u14c2\u1483 \u1403\u14d5\u14ef\u1559\u1466\u14f1\u14c2 \u1406\u1466\u1451\u144e\u148b\u1466\u14f1\u148b\u1466 \u1455\u146f\u14a5\u14c7\u1548\u144e\u14d5\u1405\u1550\u14c2\u14c2\u1483 \u140a\u14bb\u14aa\u14d7 \u14c7\u144e\u1466\u14f4\u152d\u14c2\u1483 \u1438\u1466\u144e\u144e\u1490\u14d5\u1405\u1550\u14c2\u14a5\u1483 \u140a\u14a5\u14f2\u1595\u158f\u1450\u14c2\u14d7 \u1438\u1466\u144e\u144e\u1490\u14d5\u1405\u1550\u14ef\u14aa\u14d5\u1550\u14f1\u14c2 \u1455\u146f\u1466\u14f4\u1405\u144e\u1455\u1405\u14ef\u14aa\u152a\u14c2\u1483 Mus\u00e9e d\u2019art de Joliette-\u14a5 \u1405\u144e\u1550\u144e\u14ef\u14c2\u1585: \u1438\u1466\u144e\u144e\u1490\u14d5\u1405\u1550\u14c2\u14a5\u1483 \u14c4\u14c7\u1555\u14bb\u14a5 2014-2019-\u14a5 \u1455\u146f\u1466\u14f4\u1405\u144e\u1466\u14ef\u14c2\u1583\u1550\u144e\u14d7\u148d 2021-\u14a5 (\u1455\u146f\u152d\u1405\u148d\u14d0\u14c7\u14a5\u152a\u1466 \u1455\u146f\u1466\u14f4\u1405\u144e\u1455\u1405\u14ef\u14aa\u152a\u1466 \u14c7\u14d7\u14c0\u1550\u1455\u1405\u14ef\u14aa\u1405\u144e\u158f\u14d0\u14c2). <br>\n\u14f5\u14d6\u1466 \u1431\u148b\u140a\u1550\u144e\u148d\u14aa\u152d\u158f\u1466\u1455 \u1403\u14da\u1593 \u14c4\u1403\u1466\u14ef\u14c2\u1585 \u1403\u14c2\u1583\u1550\u1555\u14f4\u14a5\u1483 \u1470\u1466\u152a\u140a\u14a5 \u1455\u146f\u14a5\u14c7\u1550\u1450\u14d5\u1405\u1550\u144f\u1466 \u14c4\u14c7\u14d5\u14d0\u14c2 \u1431\u14c7\u14f1\u140a\u1550\u1555\u148b\u148d\u14d0\u14c7\u1455\u1593\u14c2\u1483 \u14f4\u14c7\u1595\u1591\u140a\u14d7\u144e\u1483 \u140a\u14bb\u14aa\u14d7 \u1472\u144e\u14aa\u152a\u1466 \u1455\u146f\u14a5\u14c7\u1550\u1450\u14d5\u1405\u1550\u1555\u148b\u148d\u14d0\u14c7\u14d7\u148d \u1403\u14c4\u1451\u14c8\u1550\u144e\u14f1\u144e\u1483 \u1403\u14d5\u1483\u1470\u144e\u1550\u14d7\u144e\u1483 \u140a\u14c7\u1550\u154b\u14a5\u14c2 \u140a\u1546\u1405\u1595\u1591\u1670\u155d\u1555\u148b\u1583\u1466\u1455\u154b\u152d\u1550\u1455\u1593\u14c2\u1483. \u1405\u14ea\u14d7\u14a5 \u146e\u14c7\u1405\u1466\u152d\u154b\u14f1\u140a\u1548\u144e\u14c2\u1483 \u1403\u14d5\u14d0\u14c2\u140a\u14d5\u1550\u1450\u1585 \u1403\u14f1\u14aa\u148b\u1559\u1466\u1455\u14a5\u14c2\u1483 \u14c4\u1403\u1466\u14ef\u148b\u140a\u1548\u14ab\u1550\u14c2\u140a\u14f1\u14c2 \u1403\u14da\u1405\u1583\u1466\u1455\u14db\u1550\u14f1\u14c2\u14d7 \u14ef\u1557\u14c2\u1550\u14a5 \u14c4\u1403\u144e\u1546\u1583\u144e\u148c\u14c4\u1466 \u140a\u14bb\u14aa\u14d7 \u1431\u1555\u1466\u14f4\u1583\u1546\u140a\u1548\u144e\u14c4\u1466.<br>\n\n\n\n<p class=\"has-background has-very-light-gray-background-color\">\nCharleen Watt est une sculptrice de Kuujjuaq. Elle aime sculpter sur diff\u00e9rents types de sculptures comme la st\u00e9atite, l&#8217;ivoire, la glace ou la neige. Elle a particip\u00e9 \u00e0 la Biennale Saint-Jean-Port-Joli en 2016 o\u00f9 des \u00e9quipes d&#8217;artistes inuits ont collabor\u00e9 avec des artistes non inuit et c&#8217;est \u00e0 ce moment-l\u00e0 qu&#8217;elle a appris \u00e0 sculpter sur bois. Charleen aime repr\u00e9senter les animaux dans son travail, des phoques aux ours polaires et elle aime les partager avec les autres. C&#8217;est ainsi qu&#8217;elle r\u00e9alise une sculpture de l\u2019hibou et du corbeau aux c\u00f4t\u00e9s de Denys Hapell lors de la Biennale.<br>\nCharleen se souvient de sa premi\u00e8re sculpture : \u00ab Ma premi\u00e8re sculpture a eu lieu quand j&#8217;avais environ 9 ans et cela m&#8217;a vraiment rendue accro au travail avec des outils. Il y avait dans l&#8217;une des communaut\u00e9s o\u00f9 je regardais un a\u00een\u00e9 et il m&#8217;a demand\u00e9 si je voulais essayer alors j&#8217;ai fini par faire mon premier phoque \u00bb. Depuis, elle a suivi diff\u00e9rents types de cours pour apprendre de nouvelles choses comme la fabrication de bijoux et la gravure sur linogravure o\u00f9 elle a r\u00e9alis\u00e9 quelques estampes qui ont \u00e9t\u00e9 pr\u00e9sent\u00e9es au Mus\u00e9e d&#8217;art de Joliette dans l&#8217;exposition Revival : Gravure au Nunavik 2014-2019 (\u00e9galement disponible dans l&#8217;exposition catalogue).<br>\nL&#8217;un des objectifs de Charleen est de cr\u00e9er un espace \u00e0 Kuujjuaq o\u00f9 les artistes de la communaut\u00e9 pourraient travailler sur leurs cr\u00e9ations et recevoir des ateliers pour briser l&#8217;isolement de travailler s\u00e9par\u00e9ment dans leurs propres maisons. Elle suit actuellement des cours en commerce pour pouvoir concr\u00e9tiser ses r\u00eaves tout en participant \u00e0 ses cr\u00e9ations et opportunit\u00e9s \u00e0 venir.<br>\n\n\n\n<p class=\"has-background has-very-light-gray-background-color\">\nCharleen Watt is a carver from Kuujjuaq. She likes to carve on different types of like soapstone, ivory, ice or snow sculptures. She has participated to the Biennale Saint-Jean-Port-Joli in 2016 where they had teams of Inuit artists collaborating with non-Inuit artists and that is when she first learned how to carve on wood. Charleen likes to represent animals in her work from seals to polar bears and she enjoys sharing them with others. This is how she made a sculpture of the owl and the raven alongside Denys Happell during the Biennale. <br>\nCharleen remembers her first time carving: \u2018\u2019 My first carving was when I was about 9 years old and that really got me hooked to working with tools. There was in one of the communities where I was watching an elder and he asked me if I wanted to try so I ended up making my first seal\u2019\u2019. She has since taken different type of courses to learn new things like jewelry making and linocut printmaking where she made few prints that were showcased at the Mus\u00e9e d\u2019art de Joliette in Revival: Printmaking in Nunavik 2014-2019 exhibition (also available in the exhibition catalogue).<br> \nOne of Charleen goals is to create a space in Kuujjuaq where artists from the community could be able to work on their creations and receive workshops to break the isolation from working separately in their own houses.  She is currently taking business courses to be able to make her dreams come true while also participating in her upcoming creations and opportunities.<br>\n\n\n<div class=\"rl-gallery-container splide rl-loading\" id=\"rl-gallery-container-1\" data-gallery_id=\"3494\"> <div class=\"rl-gallery rl-basicslider-gallery splide__track \" id=\"rl-gallery-1\" data-gallery_no=\"1\"> <ul class=\"splide__list\"> <li class=\"rl-gallery-item splide__slide\" data-thumb=\"https:\/\/tarqitamaat.ca\/wp-content\/uploads\/2022\/03\/A99-60135_1f6c1c7f-647d-4fdc-b829-6321335f40c8_544x934-1.jpeg\"> <a href=\"https:\/\/tarqitamaat.ca\/wp-content\/uploads\/2022\/03\/A99-60135_1f6c1c7f-647d-4fdc-b829-6321335f40c8_544x934-1.jpeg\" title=\"\" data-rl_title=\"\" class=\"rl-gallery-link\" data-rl_caption=\"\" data-rel=\"lightbox-gallery-1\"><img src=\"https:\/\/tarqitamaat.ca\/wp-content\/uploads\/2022\/03\/A99-60135_1f6c1c7f-647d-4fdc-b829-6321335f40c8_544x934-1.jpeg\" width=\"543\" height=\"934\" alt=\"\" \/><\/a> <\/li> <li class=\"rl-gallery-item splide__slide\" data-thumb=\"https:\/\/tarqitamaat.ca\/wp-content\/uploads\/2022\/03\/A99-60080_543x892-1.jpeg\"> <a href=\"https:\/\/tarqitamaat.ca\/wp-content\/uploads\/2022\/03\/A99-60080_543x892-1.jpeg\" title=\"\" data-rl_title=\"\" class=\"rl-gallery-link\" data-rl_caption=\"\" data-rel=\"lightbox-gallery-1\"><img src=\"https:\/\/tarqitamaat.ca\/wp-content\/uploads\/2022\/03\/A99-60080_543x892-1.jpeg\" width=\"543\" height=\"892\" alt=\"\" \/><\/a> <\/li> <li class=\"rl-gallery-item splide__slide\" data-thumb=\"https:\/\/tarqitamaat.ca\/wp-content\/uploads\/2022\/03\/A99-60078_543x901-1.jpeg\"> <a href=\"https:\/\/tarqitamaat.ca\/wp-content\/uploads\/2022\/03\/A99-60078_543x901-1.jpeg\" title=\"\" data-rl_title=\"\" class=\"rl-gallery-link\" data-rl_caption=\"\" data-rel=\"lightbox-gallery-1\"><img src=\"https:\/\/tarqitamaat.ca\/wp-content\/uploads\/2022\/03\/A99-60078_543x901-1.jpeg\" width=\"543\" height=\"901\" alt=\"\" \/><\/a> <\/li> <li class=\"rl-gallery-item splide__slide\" data-thumb=\"https:\/\/tarqitamaat.ca\/wp-content\/uploads\/2022\/03\/A99-60077_543x899-1.jpeg\"> <a href=\"https:\/\/tarqitamaat.ca\/wp-content\/uploads\/2022\/03\/A99-60077_543x899-1.jpeg\" title=\"\" data-rl_title=\"\" class=\"rl-gallery-link\" data-rl_caption=\"\" data-rel=\"lightbox-gallery-1\"><img src=\"https:\/\/tarqitamaat.ca\/wp-content\/uploads\/2022\/03\/A99-60077_543x899-1.jpeg\" width=\"543\" height=\"898\" alt=\"\" \/><\/a> <\/li> <li class=\"rl-gallery-item splide__slide\" data-thumb=\"https:\/\/tarqitamaat.ca\/wp-content\/uploads\/2022\/03\/A99-60075_543x911-1.jpeg\"> <a href=\"https:\/\/tarqitamaat.ca\/wp-content\/uploads\/2022\/03\/A99-60075_543x911-1.jpeg\" title=\"\" data-rl_title=\"\" class=\"rl-gallery-link\" data-rl_caption=\"\" data-rel=\"lightbox-gallery-1\"><img src=\"https:\/\/tarqitamaat.ca\/wp-content\/uploads\/2022\/03\/A99-60075_543x911-1.jpeg\" width=\"543\" height=\"911\" alt=\"\" \/><\/a> <\/li> <li class=\"rl-gallery-item splide__slide\" data-thumb=\"https:\/\/tarqitamaat.ca\/wp-content\/uploads\/2022\/03\/A99-60074_543x881-1.jpeg\"> <a href=\"https:\/\/tarqitamaat.ca\/wp-content\/uploads\/2022\/03\/A99-60074_543x881-1.jpeg\" title=\"\" data-rl_title=\"\" class=\"rl-gallery-link\" data-rl_caption=\"\" data-rel=\"lightbox-gallery-1\"><img src=\"https:\/\/tarqitamaat.ca\/wp-content\/uploads\/2022\/03\/A99-60074_543x881-1.jpeg\" width=\"543\" height=\"881\" alt=\"\" \/><\/a> <\/li> <li class=\"rl-gallery-item splide__slide\" data-thumb=\"https:\/\/tarqitamaat.ca\/wp-content\/uploads\/2022\/03\/IMG_0452-scaled.jpg\"> <a href=\"https:\/\/tarqitamaat.ca\/wp-content\/uploads\/2022\/03\/IMG_0452-scaled.jpg\" title=\"\" data-rl_title=\"\" class=\"rl-gallery-link\" data-rl_caption=\"\" data-rel=\"lightbox-gallery-1\"><img src=\"https:\/\/tarqitamaat.ca\/wp-content\/uploads\/2022\/03\/IMG_0452-scaled.jpg\" width=\"1920\" height=\"2560\" alt=\"\" \/><\/a> <\/li> <li class=\"rl-gallery-item splide__slide\" data-thumb=\"https:\/\/tarqitamaat.ca\/wp-content\/uploads\/2022\/03\/Skull_toiletpaper_lr.jpg\"> <a href=\"https:\/\/tarqitamaat.ca\/wp-content\/uploads\/2022\/03\/Skull_toiletpaper_lr.jpg\" title=\"\" data-rl_title=\"\" class=\"rl-gallery-link\" data-rl_caption=\"\" data-rel=\"lightbox-gallery-1\"><img src=\"https:\/\/tarqitamaat.ca\/wp-content\/uploads\/2022\/03\/Skull_toiletpaper_lr.jpg\" width=\"1800\" height=\"1175\" alt=\"\" \/><\/a> <\/li> <\/ul> <\/div> <\/div>\n\n\n<p>\u140a\u14ea\u14da\u1450\u1585 | Texte de | Text by: Olivia Lya Thomassie<\/p>\n","protected":false},"excerpt":{"rendered":"<p>\u14c7\u1466\u14ef\u140a\u14d5\u1405\u1466 | Mars | March \u14f5\u14d6\u14d0 \u1557\u140a\u1466 \u1470\u1466\u152a\u140a\u14a5\u1405\u1585 \u14f4\u14c7\u1405\u1490\u1550\u144e. \u14f4\u14c7\u1405\u1490\u1546\u140a\u14a5\u1483 \u140a\u14d5\u140a\u1466\u1450\u1585 \u140a\u1466\u1528\u148c\u1595\u158f\u1450\u14c2\u1483 \u14f4\u14c7\u152d\u1405\u148d\u14d0\u14c7\u1450\u14c2\u1483 \u1406\u1466\u1451\u144e\u148b\u1466\u14f1\u148b\u1466 \u1581\u14ea\u14d5\u14f4\u152d\u14c2\u1483, \u1450\u1491\u1555\u14c2\u1550\u14c2\u1483, \u14ef\u146f\u14a5\u1483 \u1405\u155d\u1559\u14d8\u14d0\u14c3\u1466 \u140a\u1433\u144e\u14a5\u1483. \u1403\u14da\u1405\u14ef\u14aa\u152a\u1585 \u14aa\u1550\u1548\u1555\u1466\u14f1\u14c2 Biennale Saint-Jean-Port-Joli-\u14a5, \u14ef\u1557\u14ea\u14d5\u14a5 \u1405\u146d\u1405\u148d\u144e\u14d7\u148d \u140a\u14bb\u14aa\u14d7 \u140a\u1405\u152d\u1405\u144e\u14d7\u148d, \u1403\u14c4\u1403\u1466 \u1472\u144e\u14aa\u152a\u1466 \u14f4\u14c7\u1595\u1591\u140a\u144f\u1466 \u1403\u14da\u1405\u148b\u140a\u1550\u1450\u14ef\u14aa\u144e\u14d7\u148b\u1466 \u1403\u14c4\u1450\u1403\u14d0\u14c7\u1405\u158f\u1466\u1450\u14c4\u1466 \u1455\u146f\u14a5\u14c7\u1550\u1450\u14d5\u1405\u1550\u144e\u14c4\u1466 \u140a\u14bb\u14aa\u14d7 \u144c\u1466\u14f1\u14aa\u14c2 \u157f\u152a\u14d0\u14c2\u1483 \u14f4\u14c7\u1595\u1591\u140a\u14c2\u1550\u14a5\u1483 \u1403\u14d5\u1466\u14ef\u14ef\u14aa\u1466\u14f1\u14c2. \u14f5\u14d6\u1466 \u1406\u14aa\u152a\u1595\u1591\u140a\u14d5\u1405\u1546\u140a\u14a5\u1483 \u140a\u14d5\u140a\u1466\u1450\u1585 \u1406\u1466\u1451\u144e\u148b\u1466\u14f1\u148b\u1466 \u14c7\u1466\u14ef\u1591\u140a\u14c2\u1483 \u140a\u14bb\u14aa\u14d7 \u14c7\u14c4\u1595\u1591\u140a\u14c2\u1483 \u140a\u14d5\u140a\u148b\u152d\u1583\u1550\u14f1\u14c2\u14d7 \u140a\u14ef\u14a5\u14c2\u1483 \u1455\u146f\u152d\u1405\u144e\u1466\u14ef\u148b\u140a\u14a5\u1483. \u144c\u14a3\u1466\u14f1\u14c2 \u14f4\u14c7\u1595\u1591\u140a\u1583\u144e\u1583\u1550\u1450\u1555\u14c2\u1585 \u1405\u1449\u1431\u140a\u14d7\u1483 \u140a\u14bb\u14aa\u14d7 \u1450\u14d7\u1491\u14d7\u1483 \u144e\u140a\u14c2\u1505 \u1405\u146d\u1405\u14a5 &hellip; <a href=\"https:\/\/tarqitamaat.ca\/?page_id=3490\" class=\"more-link\">Continue reading <span class=\"screen-reader-text\">\u14f5\u14d6\u14d0 \u1557\u140a\u1466| Charleen Watt<\/span> <span class=\"meta-nav\">&rarr;<\/span><\/a><\/p>\n","protected":false},"author":1,"featured_media":3493,"parent":0,"menu_order":0,"comment_status":"closed","ping_status":"closed","template":"","meta":[],"_links":{"self":[{"href":"https:\/\/tarqitamaat.ca\/index.php?rest_route=\/wp\/v2\/pages\/3490"}],"collection":[{"href":"https:\/\/tarqitamaat.ca\/index.php?rest_route=\/wp\/v2\/pages"}],"about":[{"href":"https:\/\/tarqitamaat.ca\/index.php?rest_route=\/wp\/v2\/types\/page"}],"author":[{"embeddable":true,"href":"https:\/\/tarqitamaat.ca\/index.php?rest_route=\/wp\/v2\/users\/1"}],"replies":[{"embeddable":true,"href":"https:\/\/tarqitamaat.ca\/index.php?rest_route=%2Fwp%2Fv2%2Fcomments&post=3490"}],"version-history":[{"count":8,"href":"https:\/\/tarqitamaat.ca\/index.php?rest_route=\/wp\/v2\/pages\/3490\/revisions"}],"predecessor-version":[{"id":114837,"href":"https:\/\/tarqitamaat.ca\/index.php?rest_route=\/wp\/v2\/pages\/3490\/revisions\/114837"}],"wp:featuredmedia":[{"embeddable":true,"href":"https:\/\/tarqitamaat.ca\/index.php?rest_route=\/wp\/v2\/media\/3493"}],"wp:attachment":[{"href":"https:\/\/tarqitamaat.ca\/index.php?rest_route=%2Fwp%2Fv2%2Fmedia&parent=3490"}],"curies":[{"name":"wp","href":"https:\/\/api.w.org\/{rel}","templated":true}]}}