{"id":3414,"date":"2022-02-01T01:31:33","date_gmt":"2022-02-01T01:31:33","guid":{"rendered":"https:\/\/tarqitamaat.ca\/?page_id=3414"},"modified":"2023-08-07T17:27:32","modified_gmt":"2023-08-07T17:27:32","slug":"%e1%90%8a%e1%95%97%e1%93%90%e1%93%82%e1%91%8e%e1%92%83-fevrier-february-3","status":"publish","type":"page","link":"https:\/\/tarqitamaat.ca\/?page_id=3414","title":{"rendered":"\u140a\u1557\u14d0\u14c2\u144e\u1483 | F\u00e9vrier | February"},"content":{"rendered":"\n<h2 class=\"wp-block-heading\">\u1404\u1559 \u14f5\u14d0\u1455\u1505&nbsp; | Eva Saunders<\/h2>\n\n\n\n<p class=\"has-background has-very-light-gray-background-color\">\n\u140a\u1431\u1550\u14f1\u1450\u1466\u14f4\u1405\u152a\u144e\u1466 \u146d\u14c7\u1405\u14bb\u14aa\u1594\u1466 \u1404\u1559 \u14f5\u14d0\u1455\u1505? \u1431\u152a\u14d0\u14c7\u14ef\u140a\u1550\u1450\u14aa\u1546\u1483 \u1455\u146f\u14a5\u14c7\u1550\u1450\u14d5\u1405\u1550\u144e \u1470\u1466\u152a\u140a\u14a5\u1405\u1585 \u140a\u1550\u154c\u148d\u14c2 \u140a\u14a5\u14f2\u1595\u158f\u1450\u14c2 \u14aa\u14d0\u1450\u1528\u140a\u14da\u14a6\u1466\u14ef\u14aa\u14d5\u1550\u1450\u1585. \u1431\u148b\u140a\u1550\u14ef\u14aa\u152a\u1585 \u14a5\u1550\u14f1\u1546\u1405\u1550\u14f1\u14c2\u14d7 \u140a\u14bb\u14aa\u14d7 \u140a\u14ef\u158f\u14d0\u14c2\u1483 \u1431\u1405\u14ef\u1450\u1583\u1550\u144e\u148d\u1466 \u1431\u14c7\u14f1\u140a\u1548\u144e\u14c2\u1483 \u1403\u14d7\u14a1\u148d\u14ef\u14a7\u140a\u1593\u152a\u14c2\u1483 \u1403\u14d5\u14d0\u14c2\u140a\u144e\u1455\u1405\u14c2\u1583\u1550\u14f1\u14c2 \u140a\u14c7\u1550\u154b\u14a5\u14c2 \u1470\u1466\u152a\u140a\u14a5. \u1456\u1483\u146f\u14c4\u1593 \u1431\u14c7\u14f1\u140a\u14f2\u158f\u14d0\u14c4\u1466 \u1403\u14da\u148b\u152d\u1405\u144e\u14d7\u148b\u1466 \u1431\u148b\u1405\u1550\u14ef\u14aa\u152a\u1585 \u1403\u14c4\u1403\u1466 \u1439\u14d7\u1466\u14f4\u152d\u158f\u14d0\u14c2\u1483 \u1439\u14d7\u14d5\u1405\u1546\u1405\u1550\u14f1\u14c2, \u14ef\u1405\u14bb\u14a5\u1405\u1455\u14c2\u14d7 \u140a\u14bb\u14aa\u14d7 \u140a\u14ef\u158f\u14d0\u14c2\u1483 \u140a\u14d0\u14c4\u154c\u1546\u152d\u1405\u14f2\u14c2\u1483 \u14c4\u14c7\u1555\u14bb\u14a5.\n\u1404\u1559 \u1455\u1550\u14ef\u1450\u1403\u14c2\u1550\u14a5\u1483 \u140a\u14d5\u140a\u14c7\u1548\u14c7\u1405\u152a\u1546\u1466\u14ef\u14ef\u14aa\u152a\u1585, \u146d\u14ef\u140a\u14c2 \u1472\u14aa\u148d\u14a3\u1550\u14ef\u14aa\u152a\u1585 \u140a\u14ef\u14a5\u14c2\u1483 \u1455\u146f\u1583\u1466\u1455\u14d5\u154b\u14a5 \u1583\u14ea\u14d5\u14c2\u14d5\u1405\u1550\u1450\u14c2\u1483 (\u1431\u1581\u144e\u14c2\u1483 \u1455\u1550\u14ef\u1450\u1550\u14ef\u14aa\u152a\u14c2\u1483) \u140a\u14bb\u14aa\u14d7 \u1583\u1405\u1528\u1466\u14f1\u14c2 \u146d\u1595\u1592\u14aa\u14c7\u1550\u1450\u1450\u140a\u148d\u148b\u140a\u158f\u1483 \u144c\u14a3\u1466\u1450\u14d5\u1405\u1550\u14d7\u14c2 \u14aa\u1550\u1549\u1483 \u14a5\u1550\u1581\u144f\u1483 \u140a\u14bb\u14aa\u14d7 \u14aa\u1550\u1549\u1483 \u1403\u1559\u14d7\u1466\u14f4\u152e\u1483; \u1401\u1449\u1438\u1593 \u1431\u1581\u144e\u14a5\u1483 \u144e\u148d\u14ef\u148d\u144e\u148b\u14d7\u148d \u140a\u14bb\u14aa\u14d7 \u1401\u1449\u1438\u1593 \u1403\u14d5\u1528\u1405\u144e\u148b\u14d7\u148d. \u1431\u1581\u14ef\u1405\u1550\u14c2\u14a5\u1483 \u144c\u14a3\u14d8\u1583\u1466\u1455\u14f1\u14c2 \u140a\u14d5\u140a\u148b\u152d\u1583\u14ef\u152a\u1555\u14c2\u1585. \u1456\u1483\u146f\u14c2\u1593\u1466\u14ed\u14c7\u1550\u14d7 \u1455\u1405\u1466\u1450\u14c2\u1483 \u140a\u1450\u14d7\u146d\u1449\u1438\u14f1\u14c2 \u1403\u1472\u152a\u1550\u1455\u1405\u148d\u14aa\u14ef\u152a\u1555\u14c2\u1585 \u1403\u14da\u14d0\u14c8\u1546\u14c2\u1550\u1439\u14a5\u14c4\u1466, \u140b\u14d5\u14f4\u14d0 \u14a5\u140a\u14f4\u14a7\u1466. \u1403\u14da\u14d0\u14c8\u1546\u14c2\u1550\u1439\u1593 \u1403\u14c7\u1581\u14c7\u1550\u1450\u14aa\u1546\u14d0\u14c2\u1483 \u1472\u144e\u14aa\u1466\u14f1\u144e\u1483 \u1455\u1405\u1466\u1450\u14d5\u14d0\u14c2\u1483 \u140a\u1466\u1528\u148c\u1595\u158f\u1450\u14c2\u1483 \u140b\u1550\u157f\u14f1\u1403\u14ef\u144e\u1405\u14bb\u14aa\u1466 \u1472\u144e\u14aa\u14d7\u144e\u1483 \u1455\u1405\u1466\u1450\u1403\u1466 \u1403\u14da\u148c\u1466\u144e\u1438\u1466\u1455\u158f\u1466 \u1403\u14f1\u14aa\u148b\u14da\u1405\u1550\u14ef\u14aa\u14c7\u148b\u1466 \u1403\u14c7\u1581\u14c7\u154b\u152d\u1546\u140a\u158f\u1466. \u14c4\u1403\u1466\u14ef\u14f1\u14c2 \u1431\u1581\u144e\u14d5\u14ab\u1550\u14c3\u1559\u1593 \u1433\u146f\u1581\u1466\u14f1\u148d \u14ef\u1455\u14a3\u14c2\u1483 \u1405\u155d\u1559\u14d8\u14d0\u14c3\u1466 \u1455\u14ea\u14d5\u14a3\u14c2\u1483 \u1455\u1405\u1466\u1450\u14c2\u1483 \u1472\u144e\u14aa\u144e\u14d7\u148b\u1466 \u140a\u1450\u154b\u152d\u1550\u1455\u14c3\u1559\u1593 \u1403\u14c2\u1550\u14ef\u148b\u140a\u14ef\u1490\u14a5. \u1583\u14ea\u14d5\u14c2\u14d5\u140a\u158f\u1466 \u1431\u152d\u1547\u1550\u14aa\u1455, \u1403\u14da\u14d0\u14c8\u1593 \u14da\u1546\u14f4 \u140b\u14c7\u1583\u1455\u1483 \u1401\u1466\u14ef\u14f4\u14d0 \u14c2\u1405\u1555\u14f2\u1585 \u140a\u14bb\u14aa\u14d7 \u1583\u14ea\u14d5\u14c2\u14d5\u140a\u1555\u14c2\u158f\u1466 \u1403\u14d5\u1405\u1550\u1583\u14f1\u148b\u1466 \u1403\u1455\u1490\u148d\u144e\u14c4\u1466. <br>\n\u1431\u148b\u1405\u1550\u1438\u14d5\u140a\u148d\u14aa\u14c2\u1550\u14a5\u14c4\u1466 \u140a\u14bb\u14aa\u14d7 \u1455\u146f\u14a5\u14c7\u1550\u1450\u14d5\u1405\u1550\u144e\u1591\u1550\u1438\u14d5\u140a\u14c2\u1550\u14a5\u14c4\u1466, \u14c7\u1466\u14ef\u152d\u14c2\u1483 \u157f\u14ef\u14d0\u14c2\u1483 \u1455\u1550\u14ef\u1450\u1550\u14ef\u14aa\u152a\u14d5\u1405\u1583\u1466\u1455\u14d5\u1550\u14c2\u14a5\u152a\u1585. \u144c\u14a3\u14d8\u1550\u14f1\u14c2 \u1403\u14bb\u14a5\u14c2\u157f\u1405\u144e\u1583\u1583\u1466\u1455\u14f1\u14c2, \u140a\u1466\u1528\u148c\u1595\u158f\u1450\u14d5\u140a\u1546\u1583\u1466\u1455\u14f1\u148b\u1466 \u140a\u14bb\u14aa\u14d7 \u1431\u1405\u148b\u14c2\u1550\u1439\u14a5\u14c2\u1483 \u14c7\u14ea\u14d5\u1473\u1583\u1466\u1455\u14f1\u14c2. \u1404\u1559 \u1431\u152a\u1466\u14f4\u1405\u152e\u1581\u144e\u1583\u1548\u140a\u1550\u1450\u1585 \u1403\u14d7\u14a1\u148d\u14ef\u14a5\u14c2\u1466 \u1431\u14ef\u14aa\u152a\u14c2\u1483 \u140a\u14bb\u14aa\u14d7 \u1403\u14c5\u1583\u144e\u14a5\u14c2\u1466 \u1455\u146f\u14a5\u14c7\u1550\u1450\u14d5\u1405\u1550\u144e\u1405\u1583\u144e\u14a5\u14c2\u1466. \u1401\u1466\u1451\u14ef\u140a\u1550\u1456\u14c2\u1550\u14a5\u152a\u1585 \u1405\u14d7\u14bb\u14a5\u1483 \u140a\u14bb\u14aa\u14d7 \u1450\u146d\u1456\u1550\u14f1\u14c2 \u14c7\u1466\u14ef\u152d\u14a5\u1483 \u1405\u14d7\u1595\u1591\u140a\u14d5\u1405\u154b\u152d\u1546\u140a\u14a5\u1483 \u146d\u1466\u152d\u14f1\u148d \u14a5\u1550\u14f1\u14f1\u148d\u14d7 \u1450\u1431\u1466\u14f4\u152d\u14a7\u1466 \u140a\u14bb\u14aa\u14d7 \u1431\u1581\u144e\u14c4\u1466 \u1455\u1550\u14ef\u1450\u1550\u14f1\u148d. \n\u1431\u1559\u14ea\u14d5\u140a\u144e\u1466\u14ef\u148d\u14aa\u14a7\u1466 \u1455\u146f\u14a5\u14c7\u1550\u1450\u14d5\u1405\u1550\u14c2\u1546\u14f2\u14a5\u14c2\u1483 \u140a\u14bb\u14aa\u14d7 \u14ef\u14da\u1550\u152a\u140a\u14a5\u1405\u14c4\u1466 \u1455\u146f\u152d\u1405\u144e\u14d7\u148b\u1466, \u1404\u1559\u1405\u1449 \u1431\u14da\u157f\u1405\u144e\u1466\u14ef\u140a\u1546\u14c2\u1550\u1439\u1546\u14ef\u14aa\u152d\u158f\u1466\u1455 \u1403\u14da\u1593 \u14c4\u1403\u1466\u14ef\u14c2\u1585 \u1583\u1546\u1455\u1405\u152d\u1483\u146f\u1466 \u1455\u146f\u1466\u14f4\u1405\u144e\u1466\u14ef\u148d\u144e\u14a5\u1483 \u140a\u144e\u1583\u1550\u144e\u14d7\u148d XBEVADX \u140a\u14a5\u14f1\u1595\u1591\u14f4\u1405\u144e\u148b\u144e\u14d7\u148b\u1466 \u1455\u146f\u1490\u14f1\u140a\u1550\u144e\u1581\u144e\u158f\u1466, \u1455\u155d\u1559\u14c2 \u1455\u146f\u1466\u14f4\u1405\u144e\u1466\u14ef\u1559\u1466\u1450\u1585 \u1403\u14c2\u1550\u14ef\u14aa\u152d\u14a5\u14c2\u1483 \u1403\u14d8\u14d0\u14c0\u14c4\u1466 \u1431\u1405\u148b\u152d\u1466\u14f4\u1405\u144e\u14d7\u148b\u1466 \u140a\u14aa\u14d7 \u1455\u146f\u14d0\u14c7\u1546\u140a\u14a5\u1483 \u140a\u14d5\u140a\u148b\u152d\u1405\u1466\u14f1\u144e\u1483 \u140a\u14bb\u14aa\u14d7 \u1431\u14ef\u144e\u1405\u14c2\u1593\u14c2\u1483 \u1455\u146f\u14da\u157f\u1405\u144e\u148b\u1466\u14f1\u148b\u1466. \u1455\u146f\u1490\u14f1\u140a\u1583\u1466\u1455\u14c2\u140a\u1550\u1583\u144e\u1466 \u1431\u14ef\u144e\u1595\u1591\u1438\u14ea\u14d5\u140a\u148d\u144e\u158f\u1466 \u140a\u14bb\u14aa\u14d7 \u1455\u146f\u14a5\u14c7\u1550\u1450\u14d5\u140a\u1546\u14ef\u14aa\u152d\u158f\u1466.<br>\n\n\n\n<p class=\"has-background has-very-light-gray-background-color\">\nQui est Eva Saunders, me demanderiez-vous ? C&#8217;est une artiste talentueuse de Kuujjuaq qui est install\u00e9e \u00e0 Montr\u00e9al depuis quelques ann\u00e9es. Son parcours a commenc\u00e9 \u00e0 l\u2019\u00e9cole, dans son cours de culture, lorsqu&#8217;elle a appris la couture ainsi que d&#8217;autres activit\u00e9s traditionnelles. Parmi ces activit\u00e9s, elle a approfondi ses connaissances sur la fabrication de mitaines, de boucles d&#8217;oreilles et d&#8217;autres v\u00eatements traditionnels port\u00e9s au Nunavik.\nEva s&#8217;est d&#8217;abord int\u00e9ress\u00e9e \u00e0 la broderie, mais son int\u00e9r\u00eat a diminu\u00e9 plus tard lorsqu&#8217;elle a commenc\u00e9 \u00e0 observer d&#8217;autres artisans fabriquer des qalliniq (langue perl\u00e9e de pantoufle) et s&#8217;est dit que tout ce dont elle avait besoin \u00e9tait de deux aiguilles et de deux fils : l&#8217;un pour ramasser la perle et l&#8217;autre pour l&#8217;accrocher. C&#8217;est alors que sa passion et son amour pour le perlage a commenc\u00e9. Elle a partag\u00e9 qu\u2019au d\u00e9but elle sentait que ses couleurs \u00e9taient r\u00e9p\u00e9titives. Elle a alors  demand\u00e9 l&#8217;aide de sa meilleure amie, Alison Mesher, qui \u00e9tait capable d\u2019assembler de belles combinaisons de couleurs qu&#8217;elle-m\u00eame n&#8217;aurait jamais imagin\u00e9es se c\u00f4toyer. Elle sortait toutes ses perles et lui demandait de rassembler au moins quatre ou cinq couleurs qu\u2019elle utilisait ensuite pour commencer ses cr\u00e9ations. Une fois que les qalliniq sont termin\u00e9s, son amie Larissa Annahatak Aitchison les ach\u00e8te pour terminer la confection de ses pantoufles.\nPour continuer \u00e0 se d\u00e9passer et \u00e0 grandir en tant qu&#8217;artiste, elle a \u00e9galement commenc\u00e9 \u00e0 cr\u00e9er des napperons en peau de phoque. Cela lui permet d&#8217;essayer elle-m\u00eame de nouvelles combinaisons de couleurs et de d\u00e9terminer si elle aime ses s\u00e9lections. Eva trouve facilement son inspiration dans sa culture et ses coll\u00e8gues artistes inuit. Une fois, elle a re\u00e7u un uluk et a d\u00e9cid\u00e9 d&#8217;en dessiner une image sur une peau de phoque qu&#8217;elle a ensuite coup\u00e9e et cousue sur une toile et l&#8217;a perl\u00e9e.<br>\nAfin de d\u00e9velopper son art et de le partager avec le monde, l&#8217;une des plus grandes r\u00e9ussites d&#8217;Eva a \u00e9t\u00e9 la cr\u00e9ation d&#8217;une page Instagram appel\u00e9e XBEVADX qui a rapidement gagn\u00e9 en abonn\u00e9s, o\u00f9 elle partage ses cr\u00e9ations pour que tous puissent en profiter et \u00eatre envout\u00e9s par leur beaut\u00e9 et son talent. Assurez-vous de la suivre pour voir ses habilit\u00e9s et ses cr\u00e9ations artistiques se d\u00e9velopper.<br>\n\n\n\n<p class=\"has-background has-very-light-gray-background-color\">\nWho is Eva Saunders you may ask? She is a talented artist from Kuujjuaq who has been based in Montreal for the last few years. Her journey began when she learned sewing and other traditional activities in her culture class at school. Amongst these activities she grew her knowledge on how to make traditional mittens, earrings and other clothing items traditionally worn in Nunavik.<br>\nEva first interest was in embroidery, but later lost it when she began to observe others making qalliniq (slipper beaded tongue) and figured out that all she needed were two needles and two threads; one to pick up the bead and the other to tack it down. This is when her passion and love for beading began. She shared that she felt her colour schemes were repetitive. then she asked for help from her best friend, Alison Mesher, who is at ease with putting beautiful colour combinations together that she would have never imagined would work well together. She would pull out all her beads and ask her to gather at least four or five colours that she would use to start her creations. Once the qalliniq are completed, her friend Larissa Annahatak Aitchison purchases them to complete the slippers she is making.<br>\nTo keep on challenging herself and growing as an artist, she also began to create sealskin doilies. This allows her to try using new colour combinations on her own and figure out if she likes her selections. Eva easily finds her inspiration from her culture and fellow Inuit artists. She was gifted an uluk once and decided to draw an image of it on a sealskin that she then cut and sewed onto a canvas and beaded it. <br>\nIn order to grow her art and share it with the world, one of Eva\u2019s greatest and successful accomplishments was the creation of an Instagram page called XBEVADX that has quickly grown in followers, where she shares her creations for all to enjoy and be hypnotized by their beauty and her talent. Make sure to follow her so you can see her skills and artistic creations growing.<br>\n\n\n<p>\u1431\u152d\u1466\u14f4\u14ef\u140a\u1581\u144e\u1593 \/ Projet sp\u00e9cial \/ Special Project<\/p>\n<div class=\"rl-gallery-container splide rl-loading\" id=\"rl-gallery-container-1\" data-gallery_id=\"6125\"> <div class=\"rl-gallery rl-basicslider-gallery splide__track \" id=\"rl-gallery-1\" data-gallery_no=\"1\"> <ul class=\"splide__list\"> <li class=\"rl-gallery-item splide__slide\" data-thumb=\"https:\/\/tarqitamaat.ca\/wp-content\/uploads\/2023\/01\/pantoufle-eva-saunders.jpg\"> <a href=\"https:\/\/tarqitamaat.ca\/wp-content\/uploads\/2023\/01\/pantoufle-eva-saunders.jpg\" title=\"\" data-rl_title=\"\" class=\"rl-gallery-link\" data-rl_caption=\"\" data-rel=\"lightbox-gallery-1\"><img src=\"https:\/\/tarqitamaat.ca\/wp-content\/uploads\/2023\/01\/pantoufle-eva-saunders.jpg\" width=\"1800\" height=\"1800\" alt=\"\" \/><\/a> <\/li> <\/ul> <\/div> <\/div>\n<blockquote class=\"instagram-media\" style=\"background: #FFF; border: 0; border-radius: 3px; box-shadow: 0 0 1px 0 rgba(0,0,0,0.5),0 1px 10px 0 rgba(0,0,0,0.15); margin: 1px; max-width: 540px; min-width: 326px; padding: 0; width: calc(100% - 2px);\" data-instgrm-permalink=\"https:\/\/www.instagram.com\/p\/CYrc46oOBTJ\/?utm_source=ig_embed&amp;utm_campaign=loading\" data-instgrm-version=\"14\">\n<div style=\"padding: 16px;\">\n<div style=\"display: flex; flex-direction: row; align-items: center;\">\n<div style=\"background-color: #f4f4f4; border-radius: 50%; flex-grow: 0; height: 40px; margin-right: 14px; width: 40px;\">&nbsp;<\/div>\n<div style=\"display: flex; flex-direction: column; flex-grow: 1; justify-content: center;\">\n<div style=\"background-color: #f4f4f4; border-radius: 4px; flex-grow: 0; height: 14px; margin-bottom: 6px; width: 100px;\">&nbsp;<\/div>\n<div style=\"background-color: #f4f4f4; border-radius: 4px; flex-grow: 0; height: 14px; width: 60px;\">&nbsp;<\/div>\n<\/div>\n<\/div>\n<div style=\"padding: 19% 0;\">&nbsp;<\/div>\n<div style=\"display: block; height: 50px; margin: 0 auto 12px; width: 50px;\">&nbsp;<\/div>\n<div style=\"padding-top: 8px;\">\n<div style=\"color: #3897f0; font-family: Arial,sans-serif; font-size: 14px; font-style: normal; font-weight: 550; line-height: 18px;\">View this post on Instagram<\/div>\n<\/div>\n<div style=\"padding: 12.5% 0;\">&nbsp;<\/div>\n<div style=\"display: flex; flex-direction: row; margin-bottom: 14px; align-items: center;\">\n<div>\n<div style=\"background-color: #f4f4f4; border-radius: 50%; height: 12.5px; width: 12.5px; transform: translateX(0px) translateY(7px);\">&nbsp;<\/div>\n<div style=\"background-color: #f4f4f4; height: 12.5px; transform: rotate(-45deg) translateX(3px) translateY(1px); width: 12.5px; flex-grow: 0; margin-right: 14px; margin-left: 2px;\">&nbsp;<\/div>\n<div style=\"background-color: #f4f4f4; border-radius: 50%; height: 12.5px; width: 12.5px; transform: translateX(9px) translateY(-18px);\">&nbsp;<\/div>\n<\/div>\n<div style=\"margin-left: 8px;\">\n<div style=\"background-color: #f4f4f4; border-radius: 50%; flex-grow: 0; height: 20px; width: 20px;\">&nbsp;<\/div>\n<div style=\"width: 0; height: 0; border-top: 2px solid transparent; border-left: 6px solid #f4f4f4; border-bottom: 2px solid transparent; transform: translateX(16px) translateY(-4px) rotate(30deg);\">&nbsp;<\/div>\n<\/div>\n<div style=\"margin-left: auto;\">\n<div style=\"width: 0px; border-top: 8px solid #F4F4F4; border-right: 8px solid transparent; transform: translateY(16px);\">&nbsp;<\/div>\n<div style=\"background-color: #f4f4f4; flex-grow: 0; height: 12px; width: 16px; transform: translateY(-4px);\">&nbsp;<\/div>\n<div style=\"width: 0; height: 0; border-top: 8px solid #F4F4F4; border-left: 8px solid transparent; transform: translateY(-4px) translateX(8px);\">&nbsp;<\/div>\n<\/div>\n<\/div>\n<div style=\"display: flex; flex-direction: column; flex-grow: 1; justify-content: center; margin-bottom: 24px;\">\n<div style=\"background-color: #f4f4f4; border-radius: 4px; flex-grow: 0; height: 14px; margin-bottom: 6px; width: 224px;\">&nbsp;<\/div>\n<div style=\"background-color: #f4f4f4; border-radius: 4px; flex-grow: 0; height: 14px; width: 144px;\">&nbsp;<\/div>\n<\/div>\n<p><\/p>\n<p style=\"color: #c9c8cd; font-family: Arial,sans-serif; font-size: 14px; line-height: 17px; margin-bottom: 0; margin-top: 8px; overflow: hidden; padding: 8px 0 7px; text-align: center; text-overflow: ellipsis; white-space: nowrap;\"><a style=\"color: #c9c8cd; font-family: Arial,sans-serif; font-size: 14px; font-style: normal; font-weight: normal; line-height: 17px; text-decoration: none;\" href=\"https:\/\/www.instagram.com\/p\/CYrc46oOBTJ\/?utm_source=ig_embed&amp;utm_campaign=loading\" target=\"_blank\" rel=\"noopener noreferrer\">A post shared by BEvAD (@xbevadx)<\/a><\/p>\n<\/div>\n<\/blockquote>\n<p><script async=\"\" src=\"\/\/www.instagram.com\/embed.js\"><\/script><\/p>\n<blockquote class=\"instagram-media\" style=\"background: #FFF; border: 0; border-radius: 3px; box-shadow: 0 0 1px 0 rgba(0,0,0,0.5),0 1px 10px 0 rgba(0,0,0,0.15); margin: 1px; max-width: 540px; min-width: 326px; padding: 0; width: calc(100% - 2px);\" data-instgrm-permalink=\"https:\/\/www.instagram.com\/p\/CHJioeCH-F_\/?utm_source=ig_embed&amp;utm_campaign=loading\" data-instgrm-version=\"14\">\n<div style=\"padding: 16px;\">\n<div style=\"display: flex; flex-direction: row; align-items: center;\">\n<div style=\"background-color: #f4f4f4; border-radius: 50%; flex-grow: 0; height: 40px; margin-right: 14px; width: 40px;\">&nbsp;<\/div>\n<div style=\"display: flex; flex-direction: column; flex-grow: 1; justify-content: center;\">\n<div style=\"background-color: #f4f4f4; border-radius: 4px; flex-grow: 0; height: 14px; margin-bottom: 6px; width: 100px;\">&nbsp;<\/div>\n<div style=\"background-color: #f4f4f4; border-radius: 4px; flex-grow: 0; height: 14px; width: 60px;\">&nbsp;<\/div>\n<\/div>\n<\/div>\n<div style=\"padding: 19% 0;\">&nbsp;<\/div>\n<div style=\"display: block; height: 50px; margin: 0 auto 12px; width: 50px;\">&nbsp;<\/div>\n<div style=\"padding-top: 8px;\">\n<div style=\"color: #3897f0; font-family: Arial,sans-serif; font-size: 14px; font-style: normal; font-weight: 550; line-height: 18px;\">View this post on Instagram<\/div>\n<\/div>\n<div style=\"padding: 12.5% 0;\">&nbsp;<\/div>\n<div style=\"display: flex; flex-direction: row; margin-bottom: 14px; align-items: center;\">\n<div>\n<div style=\"background-color: #f4f4f4; border-radius: 50%; height: 12.5px; width: 12.5px; transform: translateX(0px) translateY(7px);\">&nbsp;<\/div>\n<div style=\"background-color: #f4f4f4; height: 12.5px; transform: rotate(-45deg) translateX(3px) translateY(1px); width: 12.5px; flex-grow: 0; margin-right: 14px; margin-left: 2px;\">&nbsp;<\/div>\n<div style=\"background-color: #f4f4f4; border-radius: 50%; height: 12.5px; width: 12.5px; transform: translateX(9px) translateY(-18px);\">&nbsp;<\/div>\n<\/div>\n<div style=\"margin-left: 8px;\">\n<div style=\"background-color: #f4f4f4; border-radius: 50%; flex-grow: 0; height: 20px; width: 20px;\">&nbsp;<\/div>\n<div style=\"width: 0; height: 0; border-top: 2px solid transparent; border-left: 6px solid #f4f4f4; border-bottom: 2px solid transparent; transform: translateX(16px) translateY(-4px) rotate(30deg);\">&nbsp;<\/div>\n<\/div>\n<div style=\"margin-left: auto;\">\n<div style=\"width: 0px; border-top: 8px solid #F4F4F4; border-right: 8px solid transparent; transform: translateY(16px);\">&nbsp;<\/div>\n<div style=\"background-color: #f4f4f4; flex-grow: 0; height: 12px; width: 16px; transform: translateY(-4px);\">&nbsp;<\/div>\n<div style=\"width: 0; height: 0; border-top: 8px solid #F4F4F4; border-left: 8px solid transparent; transform: translateY(-4px) translateX(8px);\">&nbsp;<\/div>\n<\/div>\n<\/div>\n<div style=\"display: flex; flex-direction: column; flex-grow: 1; justify-content: center; margin-bottom: 24px;\">\n<div style=\"background-color: #f4f4f4; border-radius: 4px; flex-grow: 0; height: 14px; margin-bottom: 6px; width: 224px;\">&nbsp;<\/div>\n<div style=\"background-color: #f4f4f4; border-radius: 4px; flex-grow: 0; height: 14px; width: 144px;\">&nbsp;<\/div>\n<\/div>\n<p><\/p>\n<p style=\"color: #c9c8cd; font-family: Arial,sans-serif; font-size: 14px; line-height: 17px; margin-bottom: 0; margin-top: 8px; overflow: hidden; padding: 8px 0 7px; text-align: center; text-overflow: ellipsis; white-space: nowrap;\"><a style=\"color: #c9c8cd; font-family: Arial,sans-serif; font-size: 14px; font-style: normal; font-weight: normal; line-height: 17px; text-decoration: none;\" href=\"https:\/\/www.instagram.com\/p\/CHJioeCH-F_\/?utm_source=ig_embed&amp;utm_campaign=loading\" target=\"_blank\" rel=\"noopener noreferrer\">A post shared by BEvAD (@xbevadx)<\/a><\/p>\n<\/div>\n<\/blockquote>\n<p><script async=\"\" src=\"\/\/www.instagram.com\/embed.js\"><\/script><\/p>\n\n\n<p>\u140a\u14ea\u14da\u1450\u1585 | Texte de | Text by: Olivia Lya Thomassie<\/p>\n","protected":false},"excerpt":{"rendered":"<p>\u1404\u1559 \u14f5\u14d0\u1455\u1505&nbsp; | Eva Saunders \u140a\u1431\u1550\u14f1\u1450\u1466\u14f4\u1405\u152a\u144e\u1466 \u146d\u14c7\u1405\u14bb\u14aa\u1594\u1466 \u1404\u1559 \u14f5\u14d0\u1455\u1505? \u1431\u152a\u14d0\u14c7\u14ef\u140a\u1550\u1450\u14aa\u1546\u1483 \u1455\u146f\u14a5\u14c7\u1550\u1450\u14d5\u1405\u1550\u144e \u1470\u1466\u152a\u140a\u14a5\u1405\u1585 \u140a\u1550\u154c\u148d\u14c2 \u140a\u14a5\u14f2\u1595\u158f\u1450\u14c2 \u14aa\u14d0\u1450\u1528\u140a\u14da\u14a6\u1466\u14ef\u14aa\u14d5\u1550\u1450\u1585. \u1431\u148b\u140a\u1550\u14ef\u14aa\u152a\u1585 \u14a5\u1550\u14f1\u1546\u1405\u1550\u14f1\u14c2\u14d7 \u140a\u14bb\u14aa\u14d7 \u140a\u14ef\u158f\u14d0\u14c2\u1483 \u1431\u1405\u14ef\u1450\u1583\u1550\u144e\u148d\u1466 \u1431\u14c7\u14f1\u140a\u1548\u144e\u14c2\u1483 \u1403\u14d7\u14a1\u148d\u14ef\u14a7\u140a\u1593\u152a\u14c2\u1483 \u1403\u14d5\u14d0\u14c2\u140a\u144e\u1455\u1405\u14c2\u1583\u1550\u14f1\u14c2 \u140a\u14c7\u1550\u154b\u14a5\u14c2 \u1470\u1466\u152a\u140a\u14a5. \u1456\u1483\u146f\u14c4\u1593 \u1431\u14c7\u14f1\u140a\u14f2\u158f\u14d0\u14c4\u1466 \u1403\u14da\u148b\u152d\u1405\u144e\u14d7\u148b\u1466 \u1431\u148b\u1405\u1550\u14ef\u14aa\u152a\u1585 \u1403\u14c4\u1403\u1466 \u1439\u14d7\u1466\u14f4\u152d\u158f\u14d0\u14c2\u1483 \u1439\u14d7\u14d5\u1405\u1546\u1405\u1550\u14f1\u14c2, \u14ef\u1405\u14bb\u14a5\u1405\u1455\u14c2\u14d7 \u140a\u14bb\u14aa\u14d7 \u140a\u14ef\u158f\u14d0\u14c2\u1483 \u140a\u14d0\u14c4\u154c\u1546\u152d\u1405\u14f2\u14c2\u1483 \u14c4\u14c7\u1555\u14bb\u14a5. \u1404\u1559 \u1455\u1550\u14ef\u1450\u1403\u14c2\u1550\u14a5\u1483 \u140a\u14d5\u140a\u14c7\u1548\u14c7\u1405\u152a\u1546\u1466\u14ef\u14ef\u14aa\u152a\u1585, \u146d\u14ef\u140a\u14c2 \u1472\u14aa\u148d\u14a3\u1550\u14ef\u14aa\u152a\u1585 \u140a\u14ef\u14a5\u14c2\u1483 \u1455\u146f\u1583\u1466\u1455\u14d5\u154b\u14a5 \u1583\u14ea\u14d5\u14c2\u14d5\u1405\u1550\u1450\u14c2\u1483 (\u1431\u1581\u144e\u14c2\u1483 \u1455\u1550\u14ef\u1450\u1550\u14ef\u14aa\u152a\u14c2\u1483) \u140a\u14bb\u14aa\u14d7 \u1583\u1405\u1528\u1466\u14f1\u14c2 \u146d\u1595\u1592\u14aa\u14c7\u1550\u1450\u1450\u140a\u148d\u148b\u140a\u158f\u1483 \u144c\u14a3\u1466\u1450\u14d5\u1405\u1550\u14d7\u14c2 \u14aa\u1550\u1549\u1483 \u14a5\u1550\u1581\u144f\u1483 \u140a\u14bb\u14aa\u14d7 \u14aa\u1550\u1549\u1483 &hellip; <a href=\"https:\/\/tarqitamaat.ca\/?page_id=3414\" class=\"more-link\">Continue reading <span class=\"screen-reader-text\">\u140a\u1557\u14d0\u14c2\u144e\u1483 | F\u00e9vrier | February<\/span> <span class=\"meta-nav\">&rarr;<\/span><\/a><\/p>\n","protected":false},"author":1,"featured_media":3419,"parent":0,"menu_order":0,"comment_status":"closed","ping_status":"closed","template":"","meta":[],"_links":{"self":[{"href":"https:\/\/tarqitamaat.ca\/index.php?rest_route=\/wp\/v2\/pages\/3414"}],"collection":[{"href":"https:\/\/tarqitamaat.ca\/index.php?rest_route=\/wp\/v2\/pages"}],"about":[{"href":"https:\/\/tarqitamaat.ca\/index.php?rest_route=\/wp\/v2\/types\/page"}],"author":[{"embeddable":true,"href":"https:\/\/tarqitamaat.ca\/index.php?rest_route=\/wp\/v2\/users\/1"}],"replies":[{"embeddable":true,"href":"https:\/\/tarqitamaat.ca\/index.php?rest_route=%2Fwp%2Fv2%2Fcomments&post=3414"}],"version-history":[{"count":15,"href":"https:\/\/tarqitamaat.ca\/index.php?rest_route=\/wp\/v2\/pages\/3414\/revisions"}],"predecessor-version":[{"id":6941,"href":"https:\/\/tarqitamaat.ca\/index.php?rest_route=\/wp\/v2\/pages\/3414\/revisions\/6941"}],"wp:featuredmedia":[{"embeddable":true,"href":"https:\/\/tarqitamaat.ca\/index.php?rest_route=\/wp\/v2\/media\/3419"}],"wp:attachment":[{"href":"https:\/\/tarqitamaat.ca\/index.php?rest_route=%2Fwp%2Fv2%2Fmedia&parent=3414"}],"curies":[{"name":"wp","href":"https:\/\/api.w.org\/{rel}","templated":true}]}}