{"id":3342,"date":"2022-01-11T21:18:47","date_gmt":"2022-01-11T21:18:47","guid":{"rendered":"https:\/\/tarqitamaat.ca\/?page_id=3342"},"modified":"2022-09-09T14:34:09","modified_gmt":"2022-09-09T14:34:09","slug":"%e1%93%87%e1%93%95%e1%95%90%e1%99%af%e1%91%90%e1%96%85-janvier-january-3","status":"publish","type":"page","link":"https:\/\/tarqitamaat.ca\/?page_id=3342","title":{"rendered":"\u14c7\u14d5\u1550\u166f\u1450\u1585 | Janvier | January"},"content":{"rendered":"\n<h2 class=\"wp-block-heading\">\u1555\u146d \u1405\u1483\u1431\u1483| Vickie Okpik <\/h2>\n\n\n<p class=\"has-background has-very-light-gray-background-color\">\u1555\u146d \u1405\u1483\u1431\u1483 \u14a5\u1550\u14f1\u144e \u1581\u140a\u1585\u1455\u14a5\u1405\u1585 \u14aa\u14d0\u1450\u1528\u140a\u14da\u14a6\u1466\u14f1\u14c2. \u157f\u1450\u1550\u158f\u1405\u14ef\u1466\u14f1\u14c2\u14d7 \u14a5\u1550\u14f1\u14c2\u1550\u14a5\u1483 \u1431\u148b\u140a\u1550\u14ef\u14aa\u152a\u1585 \u1438\u14c2\u14bb\u14a5\u14c2\u1483 \u140a\u14d0\u14c4\u154c\u14d5\u1405\u1583\u1466\u1455\u1548\u14aa\u14c2\u1550\u14a5\u14c4\u1466 \u14a5\u1550\u14f1\u14f2\u148d\u1559\u14ea\u14d5\u140a\u14ef\u152a\u1555\u14c2\u1405\u1466\u14f1\u14c2. \u144c\u1466\u14f1\u14aa\u14c2 \u14ef\u1557\u14ea\u14d5\u1438\u1405\u1466\u14f1\u14c2 \u1403\u14c4\u1450\u1403\u14d0\u14c7\u1405\u14f1\u14c2 \u1403\u14d5\u14f4\u1550\u14c2\u14a5\u14c2\u1483 \u1431\u152d\u1547\u1550\u14ef\u14aa\u152a\u1585 \u140a\u14d0\u14c4\u154c\u14d5\u1405\u1466\u14ef\u140a\u1548\u14ef\u1550\u14c2\u1483 \u14da\u14f5\u14ea \u1431\u14c7\u14f1\u1490\u1550\u14c4\u140a\u1593\u152a\u14c2\u1483 \u1403\u14d5\u14f4\u1550\u1555\u1593\u14c2. \u1472\u152a\u14ef\u1466\u14ef\u140a\u14c2\u1583\u14d5\u1550\u1450\u1585 \u1583\u146d\u148b\u140a\u1550\u1555\u1581\u144e\u1583\u14d5\u1550\u14f1\u14c2, \u1555\u146d\u1405\u1449 \u14a5\u1550\u14f1\u14ef\u14aa\u152d\u158f\u1466, \u140a\u144e\u148b\u14d5\u1405\u1550\u144e\u1405\u14f1\u14c2, \u1439\u14d7\u14d0\u14c2\u14d7, \u144e\u148d\u14a5\u140a\u1490\u1550\u14c2\u14d7 \u140a\u14bb\u14aa\u14d7 \u140a\u14ef\u158f\u14d0\u14c2\u1483 \u14f1\u14c7\u14d7\u1473\u14c2\u1483.<br>\u140b\u1550\u157f\u14ef\u14aa\u152a\u14d5\u1405\u1550\u144e\u1405\u14ef\u14aa\u152a\u1585 \u14c4\u14c7\u1555\u14bb\u14a5 \u14f4\u14c7\u14aa\u152a\u14c2\u1483 \u14c2\u1405\u1555\u1550\u1555\u14a5 Nunavik Creation \u1405\u1483\u146f\u140a\u14ef\u14aa\u14d5\u1550\u1450\u14a5, \u144c\u1466\u14f1\u14aa\u14c2, \u140b\u1550\u157f\u14f1\u1403\u14ef\u14aa\u152a\u1585 \u1405\u146d\u1405\u1550\u1455\u1450\u14a5 \u1405\u146d\u1405\u14a5 \u1431\u1595\u1591\u140a\u14c2\u1550\u152a\u140a\u14d5\u140a\u1550\u1450\u1466 \u140a\u14d0\u14c4\u154c\u158f\u14d0\u14c2\u1483 \u14c4\u14c7\u1555\u14bb\u14a5\u1405\u1466 \u1431\u1595\u1591\u140a\u144e\u158f\u1466\u1455 \u140a\u14bb\u14aa\u14d7 100 \u14f4\u14c2\u140a\u14c3\u1466\u1450\u14c2\u1483 \u140a\u144e\u148b\u14d5\u1405\u1550\u1455\u1405\u14ef\u14aa\u14d5\u1550\u14f1\u144e\u1483 \u1405\u1555\u1483\u146b\u1466 \u144e\u14a5\u14a5\u148d\u1466 \u1431\u1595\u1591\u140a\u144f\u1466. \u1456\u14d0\u14c7 \u140a\u1455\u1405\u14ef\u1585 \u1406\u1466\u1450\u154b\u1405\u144e\u1450\u1403\u14d0\u14c7\u1585 \u1431\u14da\u157f\u144e\u1466\u14ef\u14ef\u140a\u1550\u14ef\u14aa\u14c2\u158f\u14d0\u14c2\u1483; \u1455\u146f\u14ef\u14aa\u14bb\u14a5\u14f1\u14c2 \u14c7\u1466\u14ef\u152d\u14a5\u1483 \u140a\u14a1\u1490\u1405\u14a5\u1405\u1455\u14d5\u140a\u1555\u14c2\u1550\u14a5\u14c2\u1483 \u140a\u1450\u1550\u1455\u1405\u144e\u14d7\u148d \u140a\u14c2\u1550\u14c2\u1583\u1550\u14c7\u158f\u1466\u1450\u14a6\u1466\u1450\u14a7\u1466 \u144c\u1555\u1466 \u14ed\u14d0\u1466-\u152e\u1483\u14a7\u1466 \u140a\u14bb\u14aa\u14d7 \u14a5\u1550\u14f1\u14ef\u14aa\u1466\u14f1\u14c2 \u140a\u1405\u1438\u1550\u1450\u14a5\u1483 \u140a\u14aa\u1405\u144e\u14a5\u1483 \u140a\u1450\u154b\u1466\u14f4\u1593\u14c2\u1483 \u144f\u1556\u1483\u1470\u14d7\u14c2 \u1403\u14d5\u14f4\u1431 \u1401\u14ef\u1405\u1449 \u1403\u1595\u158f\u14f1\u14c2 \u14f5\u14da\u1583\u1405\u144e\u1456\u1546\u140a\u1550\u1555\u14a5 Polaris Prizes-\u14a5. \u1583\u14bb\u14a5\u1585, \u1555\u146d \u140b\u1550\u157f\u14ef\u14aa\u152a\u14d5\u1405\u1550\u14ef\u14aa\u152a\u1585 \u140a\u14bb\u14aa\u14d7 \u14a5\u1550\u14f1\u14f1\u148d \u14a5\u140a\u1528 \u14ed\u14aa\u1405\u1449 \u140a\u14d0\u14c4\u154c\u1593\u14c2\u1483, \u1401\u1449\u1438\u1583\u1550\u14f1\u14c2 \u152b\u14d5 \u146f\u1528\u14c0\u14a5\u1483 \u1581\u158f\u14ef\u1593\u14c3\u1466\u1450\u14c2\u1483 \u1431\u1581\u14ef\u1405\u1550\u144e\u14d7\u148d, \u1403\u14d5\u152d\u1405\u1466\u14f1\u14c2 \u140a\u1455\u14c2\u140a\u14d7\u14bb\u14a7\u1466 \u146d\u14a1\u1490\u1450\u1550\u144e\u1405\u14c2\u1550\u14a7\u1466 \u1473\u14c7\u1455\u14a5. <br>\u1555\u146d \u1405\u14c2\u1483\u1473\u14da\u1405\u152b\u1585 \u14a5\u1550\u14f1\u14c2\u1550\u14a7\u1466 \u1403\u1472\u152a\u1550\u14ef\u14aa\u152d\u1405\u14f2\u148d\u14c2\u1550\u14a5\u14c2\u1483: &#8220;\u1583\u14c2\u14aa\u14d0\u14c7\u1405\u1449 \u1403\u1550\u1438\u14ef\u14aa\u14c2\u1593\u14c2\u1483 \u1405\u14c2\u1483\u1472\u1405\u1528\u148d\u14d0\u14c7\u1455\u148b\u1466, \u14f1\u14c7\u14d5\u14ab\u1466 \u1405\u1483\u146f\u140a\u1450\u1550\u14ef\u14aa\u14d5\u1550\u14c2\u158f\u14d0\u14c4\u1466 \u1403\u1472\u152a\u1550\u14ef\u152d\u1405\u14ef\u14aa\u152a\u1593 \u1403\u14c4\u1451\u158f\u14d0\u14c7\u1583\u1466\u1455\u14da\u1405\u152a\u1490\u14aa, \u144c\u14aa\u1595\u1593\u1466 \u14f1\u14c7\u14f1\u140a\u154b\u1466\u14f4\u1583\u1550\u14c7\u1593, \u14a5\u1550\u14f1\u14f1\u1593 \u1403\u1472\u152a\u1550\u14ef\u14aa\u152d\u1405\u1583\u1466\u1455\u14da\u1405\u152a\u152a\u1593.&#8221; \u1583\u14c2\u14aa\u14d0\u14c7\u1585 \u14ef\u140a\u14bb\u14aa\u1438\u14ea\u14d5\u140a\u14ef\u144e\u14d7\u148d, \u1583\u1546\u1455\u1405\u152d\u1483\u146f\u1466 \u140a\u144e\u148b\u14d5\u140a\u1555\u14c2\u158f\u1466 \u144e\u146d\u14f5\u1546\u152d\u1405\u1583\u1466\u1455\u14da\u1405\u152b\u1466 200-\u1595\u1591\u154b\u1455\u1550\u14f1\u144e\u1483 \u144c\u14aa\u1595\u1593\u14d7 \u140a\u1550\u14d5\u140a\u158f\u14d0\u14c7\u1548\u144e\u148b\u14d5\u1550\u14f1\u148b\u1466! \u140a\u1466\u1528\u148b\u152d\u1405\u1595\u158f\u1450\u14c2\u1483 \u14f4\u14c7\u14aa\u14c2\u158f\u1466 \u140a\u144e\u148b\u14d5\u1405\u14f2\u1585, \u1431\u14c7\u14f1\u140a\u1548\u144e\u1583\u14d5\u1550\u14a5\u152a\u1585 \u1455\u1490\u1455\u1490 \u14c4\u1456\u14c2\u1483 \u14f4\u14c7\u14bb\u14aa\u14d5\u14d0\u14c2\u1483 \u1455\u146f\u1466\u14f4\u1405\u144e\u1455\u1405\u14c2\u1405\u152d\u14d5\u1550\u1450\u14c2\u1483 \u1583\u1546\u1455\u1405\u152d\u1483\u146f\u1466 \u1455\u146f\u1466\u14f4\u1405\u144e\u1466\u14ef\u148d\u144e\u144e\u148d, \u1455\u146f\u1490\u14f1\u140a\u1583\u1466\u1455\u14da\u1593\u1557\u14ef \u14ef\u1557\u14c2\u1550\u14a5 \u1583\u14c4\u1403\u14d5\u1593\u14d5\u1550\u14aa\u1594\u1455.<\/p>\n<p><!-- \/wp:paragraph --><\/p>\n<p><!-- wp:paragraph {\"backgroundColor\":\"very-light-gray\"} --><\/p>\n<p class=\"has-background has-very-light-gray-background-color\">Vickie Okpik est une couturi\u00e8re originaire de Quaqtaq qui vit maintenant \u00e0 Montr\u00e9al. Elle a commenc\u00e9 \u00e0 coudre en m\u00eame temps qu&#8217;elle devenait m\u00e8re et voulait pouvoir confectionner des v\u00eatements. Elle a ensuite \u00e9t\u00e9 la premi\u00e8re Inuk \u00e0 obtenir un dipl\u00f4me en design de mode du Coll\u00e8ge LaSalle. Elle poss\u00e8de maintenant une entreprise prosp\u00e8re, <a href=\"https:\/\/www.okpikdesigns.com\">Okpik Design<\/a>, qui fabrique des atigiit (parkas), des pualuk, des sacs \u00e0 main et des accessoires.Elle \u00e9tait la cr\u00e9atrice derri\u00e8re Nunavik Creations qui a maintenant cess\u00e9 ses activit\u00e9s et, \u00e0 l&#8217;\u00e9poque, elle a con\u00e7u les v\u00eatements des Jeux d&#8217;hiver de l&#8217;Arctique pour l&#8217;\u00e9quipe du Nunavik et une centaine de parkas ont ainsi \u00e9t\u00e9 confectionn\u00e9s pour les jeunes athl\u00e8tes. Ceci n&#8217;est qu&#8217;un exemple de son succ\u00e8s; un de ses bracelets en peau de phoque s\u2019est rendu dans l&#8217;espace au poignet de David St-Jacques, et elle aussi a cr\u00e9\u00e9 l\u2019arnautik rouge qu&#8217;Elisapie Isaac a port\u00e9 \u00e0 la t\u00e9l\u00e9vision lors des derniers Prix Polaris. Derni\u00e8rement, Vickie a con\u00e7u et cousu la robe de Mary Simons, aux c\u00f4t\u00e9s de Julie Grenier qui a perl\u00e9 le col, pour son investiture en tant que nouvelle gouverneure g\u00e9n\u00e9rale du Canada.<br>Vickie explique comment la couture l&#8217;a aid\u00e9e: &#8220;Je peux vous dire que pendant la pand\u00e9mie, lorsque tout \u00e9tait ferm\u00e9, \u00e7a m&#8217;a vraiment aid\u00e9 parce que j&#8217;\u00e9tais surtout seule, tout le temps, sans rien faire, donc coudre vraiment \u00e7a m&#8217;a aid\u00e9.&#8221; Elle a cousu plus de 200 parkas depuis le d\u00e9but de la pand\u00e9mie ! Son style est unique, elle travaille actuellement sur une nouvelle collection qui sortira bient\u00f4t, suivez-nous pour plus de d\u00e9tails \u00e0 venir.<\/p>\n<p><!-- \/wp:paragraph --><\/p>\n<p><!-- wp:paragraph {\"backgroundColor\":\"very-light-gray\"} --><\/p>\n<p class=\"has-background has-very-light-gray-background-color\">Vickie Okpik is a seamstress from Quaqtaq and now based in Montreal. She has started sewing when she was becoming a mother and wanted to be able to make clothing. She then was the first Inuk to graduate in Fashion Design from LaSalle College. She now has a successful business, <a href=\"https:\/\/www.okpikdesigns.com\">Okpik Design<\/a>, in making atigiit (parkas), pualuk, handbags and accessories. <br>She was the designer behind Nunavik Creations that is now closed, and at that time, she designed the Arctic Winter Games clothing for the Nunavik Team and around a hundred of parkas have been made for the young athletes. This is only one example of successful event; she also saw a seal skin bracelet that made its way to the space with David St-Jacques, and the red arnautik wore on TV by Elisapie Isaac performing at the last Polaris Prizes. Lately, Vickie designed and sewed Mary Simons\u2019 dress, alongside Julie Grenier who beaded the collar, for her inauguration as the new Governor General of Canada.<br>Vickie shared how sewing has helped her: \u201cI can tell you during the pandemic, everything closed down, it really did help me because I was mostly alone, all the time, with nothing to do, so sewing really helped me.\u201d She sewed more then 200 parkas since the beginning of the pandemic! Her style is unique, she is now working on a new collection to be released soon, follow us for more upcoming details.<\/p>\n<p><!-- \/wp:paragraph --><\/p>\n<div class=\"rl-gallery-container splide rl-loading\" id=\"rl-gallery-container-1\" data-gallery_id=\"3370\"> <div class=\"rl-gallery rl-basicslider-gallery splide__track \" id=\"rl-gallery-1\" data-gallery_no=\"1\"> <ul class=\"splide__list\"> <li class=\"rl-gallery-item splide__slide\" data-thumb=\"https:\/\/tarqitamaat.ca\/wp-content\/uploads\/2022\/01\/9c88e2_4302db7d163d42b596cc0b85282497f6mv2_d_2000_3000_s_2.jpg\"> <a href=\"https:\/\/tarqitamaat.ca\/wp-content\/uploads\/2022\/01\/9c88e2_4302db7d163d42b596cc0b85282497f6mv2_d_2000_3000_s_2.jpg\" title=\"\" data-rl_title=\"\" class=\"rl-gallery-link\" data-rl_caption=\"\" data-rel=\"lightbox-gallery-1\"><img src=\"https:\/\/tarqitamaat.ca\/wp-content\/uploads\/2022\/01\/9c88e2_4302db7d163d42b596cc0b85282497f6mv2_d_2000_3000_s_2.jpg\" width=\"734\" height=\"1102\" alt=\"\" \/><\/a> <\/li> <li class=\"rl-gallery-item splide__slide\" data-thumb=\"https:\/\/tarqitamaat.ca\/wp-content\/uploads\/2022\/01\/9c88e2_cd4b9adaaa87443b927868d8afae1632mv2_d_1762_2744_s_2.jpg\"> <a href=\"https:\/\/tarqitamaat.ca\/wp-content\/uploads\/2022\/01\/9c88e2_cd4b9adaaa87443b927868d8afae1632mv2_d_1762_2744_s_2.jpg\" title=\"\" data-rl_title=\"\" class=\"rl-gallery-link\" data-rl_caption=\"\" data-rel=\"lightbox-gallery-1\"><img src=\"https:\/\/tarqitamaat.ca\/wp-content\/uploads\/2022\/01\/9c88e2_cd4b9adaaa87443b927868d8afae1632mv2_d_1762_2744_s_2.jpg\" width=\"708\" height=\"1102\" alt=\"\" \/><\/a> <\/li> <li class=\"rl-gallery-item splide__slide\" data-thumb=\"https:\/\/tarqitamaat.ca\/wp-content\/uploads\/2022\/01\/9c88e2_c3e6c27b28cf4b2da5354a788bd8cc86mv2_d_3000_2000_s_2.jpg\"> <a href=\"https:\/\/tarqitamaat.ca\/wp-content\/uploads\/2022\/01\/9c88e2_c3e6c27b28cf4b2da5354a788bd8cc86mv2_d_3000_2000_s_2.jpg\" title=\"\" data-rl_title=\"\" class=\"rl-gallery-link\" data-rl_caption=\"\" data-rel=\"lightbox-gallery-1\"><img src=\"https:\/\/tarqitamaat.ca\/wp-content\/uploads\/2022\/01\/9c88e2_c3e6c27b28cf4b2da5354a788bd8cc86mv2_d_3000_2000_s_2.jpg\" width=\"1654\" height=\"1102\" alt=\"\" \/><\/a> <\/li> <li class=\"rl-gallery-item splide__slide\" data-thumb=\"https:\/\/tarqitamaat.ca\/wp-content\/uploads\/2022\/01\/elisapie.jpg\"> <a href=\"https:\/\/tarqitamaat.ca\/wp-content\/uploads\/2022\/01\/elisapie.jpg\" title=\"\" data-rl_title=\"\" class=\"rl-gallery-link\" data-rl_caption=\"\" data-rel=\"lightbox-gallery-1\"><img src=\"https:\/\/tarqitamaat.ca\/wp-content\/uploads\/2022\/01\/elisapie.jpg\" width=\"419\" height=\"608\" alt=\"\" \/><\/a> <\/li> <li class=\"rl-gallery-item splide__slide\" data-thumb=\"https:\/\/tarqitamaat.ca\/wp-content\/uploads\/2022\/01\/Viki-at-work.jpg\"> <a href=\"https:\/\/tarqitamaat.ca\/wp-content\/uploads\/2022\/01\/Viki-at-work.jpg\" title=\"\" data-rl_title=\"\" class=\"rl-gallery-link\" data-rl_caption=\"\" data-rel=\"lightbox-gallery-1\"><img src=\"https:\/\/tarqitamaat.ca\/wp-content\/uploads\/2022\/01\/Viki-at-work.jpg\" width=\"720\" height=\"392\" alt=\"\" \/><\/a> <\/li> <li class=\"rl-gallery-item splide__slide\" data-thumb=\"https:\/\/tarqitamaat.ca\/wp-content\/uploads\/2022\/01\/Space-Photo_edited.jpg\"> <a href=\"https:\/\/tarqitamaat.ca\/wp-content\/uploads\/2022\/01\/Space-Photo_edited.jpg\" title=\"\" data-rl_title=\"\" class=\"rl-gallery-link\" data-rl_caption=\"\" data-rel=\"lightbox-gallery-1\"><img src=\"https:\/\/tarqitamaat.ca\/wp-content\/uploads\/2022\/01\/Space-Photo_edited.jpg\" width=\"722\" height=\"450\" alt=\"\" \/><\/a> <\/li> <li class=\"rl-gallery-item splide__slide\" data-thumb=\"https:\/\/tarqitamaat.ca\/wp-content\/uploads\/2022\/01\/julie-grenier-mary-simon-victoria-okpik.png\"> <a href=\"https:\/\/tarqitamaat.ca\/wp-content\/uploads\/2022\/01\/julie-grenier-mary-simon-victoria-okpik.png\" title=\"\" data-rl_title=\"\" class=\"rl-gallery-link\" data-rl_caption=\"\" data-rel=\"lightbox-gallery-1\"><img src=\"https:\/\/tarqitamaat.ca\/wp-content\/uploads\/2022\/01\/julie-grenier-mary-simon-victoria-okpik.png\" width=\"872\" height=\"527\" alt=\"\" \/><\/a> <\/li> <li class=\"rl-gallery-item splide__slide\" data-thumb=\"https:\/\/tarqitamaat.ca\/wp-content\/uploads\/2022\/01\/9c88e2_6bb62fb402f146f1ae51204568cfb3d3mv2_d_4752_3168_s_4_2.jpg\"> <a href=\"https:\/\/tarqitamaat.ca\/wp-content\/uploads\/2022\/01\/9c88e2_6bb62fb402f146f1ae51204568cfb3d3mv2_d_4752_3168_s_4_2.jpg\" title=\"\" data-rl_title=\"\" class=\"rl-gallery-link\" data-rl_caption=\"\" data-rel=\"lightbox-gallery-1\"><img src=\"https:\/\/tarqitamaat.ca\/wp-content\/uploads\/2022\/01\/9c88e2_6bb62fb402f146f1ae51204568cfb3d3mv2_d_4752_3168_s_4_2.jpg\" width=\"1654\" height=\"1102\" alt=\"\" \/><\/a> <\/li> <\/ul> <\/div> <\/div>\n\n<!-- wp:paragraph -->\n<p>\u140a\u14ea\u14da\u1450\u1585 | Texte de | Text by: Olivia Lya Thomassie<\/p>\n<!-- \/wp:paragraph -->","protected":false},"excerpt":{"rendered":"<p>\u1555\u146d \u1405\u1483\u1431\u1483| Vickie Okpik \u1555\u146d \u1405\u1483\u1431\u1483 \u14a5\u1550\u14f1\u144e \u1581\u140a\u1585\u1455\u14a5\u1405\u1585 \u14aa\u14d0\u1450\u1528\u140a\u14da\u14a6\u1466\u14f1\u14c2. \u157f\u1450\u1550\u158f\u1405\u14ef\u1466\u14f1\u14c2\u14d7 \u14a5\u1550\u14f1\u14c2\u1550\u14a5\u1483 \u1431\u148b\u140a\u1550\u14ef\u14aa\u152a\u1585 \u1438\u14c2\u14bb\u14a5\u14c2\u1483 \u140a\u14d0\u14c4\u154c\u14d5\u1405\u1583\u1466\u1455\u1548\u14aa\u14c2\u1550\u14a5\u14c4\u1466 \u14a5\u1550\u14f1\u14f2\u148d\u1559\u14ea\u14d5\u140a\u14ef\u152a\u1555\u14c2\u1405\u1466\u14f1\u14c2. \u144c\u1466\u14f1\u14aa\u14c2 \u14ef\u1557\u14ea\u14d5\u1438\u1405\u1466\u14f1\u14c2 \u1403\u14c4\u1450\u1403\u14d0\u14c7\u1405\u14f1\u14c2 \u1403\u14d5\u14f4\u1550\u14c2\u14a5\u14c2\u1483 \u1431\u152d\u1547\u1550\u14ef\u14aa\u152a\u1585 \u140a\u14d0\u14c4\u154c\u14d5\u1405\u1466\u14ef\u140a\u1548\u14ef\u1550\u14c2\u1483 \u14da\u14f5\u14ea \u1431\u14c7\u14f1\u1490\u1550\u14c4\u140a\u1593\u152a\u14c2\u1483 \u1403\u14d5\u14f4\u1550\u1555\u1593\u14c2. \u1472\u152a\u14ef\u1466\u14ef\u140a\u14c2\u1583\u14d5\u1550\u1450\u1585 \u1583\u146d\u148b\u140a\u1550\u1555\u1581\u144e\u1583\u14d5\u1550\u14f1\u14c2, \u1555\u146d\u1405\u1449 \u14a5\u1550\u14f1\u14ef\u14aa\u152d\u158f\u1466, \u140a\u144e\u148b\u14d5\u1405\u1550\u144e\u1405\u14f1\u14c2, \u1439\u14d7\u14d0\u14c2\u14d7, \u144e\u148d\u14a5\u140a\u1490\u1550\u14c2\u14d7 \u140a\u14bb\u14aa\u14d7 \u140a\u14ef\u158f\u14d0\u14c2\u1483 \u14f1\u14c7\u14d7\u1473\u14c2\u1483.\u140b\u1550\u157f\u14ef\u14aa\u152a\u14d5\u1405\u1550\u144e\u1405\u14ef\u14aa\u152a\u1585 \u14c4\u14c7\u1555\u14bb\u14a5 \u14f4\u14c7\u14aa\u152a\u14c2\u1483 \u14c2\u1405\u1555\u1550\u1555\u14a5 Nunavik Creation \u1405\u1483\u146f\u140a\u14ef\u14aa\u14d5\u1550\u1450\u14a5, \u144c\u1466\u14f1\u14aa\u14c2, \u140b\u1550\u157f\u14f1\u1403\u14ef\u14aa\u152a\u1585 \u1405\u146d\u1405\u1550\u1455\u1450\u14a5 \u1405\u146d\u1405\u14a5 \u1431\u1595\u1591\u140a\u14c2\u1550\u152a\u140a\u14d5\u140a\u1550\u1450\u1466 \u140a\u14d0\u14c4\u154c\u158f\u14d0\u14c2\u1483 \u14c4\u14c7\u1555\u14bb\u14a5\u1405\u1466 \u1431\u1595\u1591\u140a\u144e\u158f\u1466\u1455 \u140a\u14bb\u14aa\u14d7 100 \u14f4\u14c2\u140a\u14c3\u1466\u1450\u14c2\u1483 \u140a\u144e\u148b\u14d5\u1405\u1550\u1455\u1405\u14ef\u14aa\u14d5\u1550\u14f1\u144e\u1483 \u1405\u1555\u1483\u146b\u1466 \u144e\u14a5\u14a5\u148d\u1466 \u1431\u1595\u1591\u140a\u144f\u1466. &hellip; <a href=\"https:\/\/tarqitamaat.ca\/?page_id=3342\" class=\"more-link\">Continue reading <span class=\"screen-reader-text\">\u14c7\u14d5\u1550\u166f\u1450\u1585 | Janvier | January<\/span> <span class=\"meta-nav\">&rarr;<\/span><\/a><\/p>\n","protected":false},"author":1,"featured_media":3349,"parent":0,"menu_order":0,"comment_status":"closed","ping_status":"closed","template":"","meta":[],"_links":{"self":[{"href":"https:\/\/tarqitamaat.ca\/index.php?rest_route=\/wp\/v2\/pages\/3342"}],"collection":[{"href":"https:\/\/tarqitamaat.ca\/index.php?rest_route=\/wp\/v2\/pages"}],"about":[{"href":"https:\/\/tarqitamaat.ca\/index.php?rest_route=\/wp\/v2\/types\/page"}],"author":[{"embeddable":true,"href":"https:\/\/tarqitamaat.ca\/index.php?rest_route=\/wp\/v2\/users\/1"}],"replies":[{"embeddable":true,"href":"https:\/\/tarqitamaat.ca\/index.php?rest_route=%2Fwp%2Fv2%2Fcomments&post=3342"}],"version-history":[{"count":7,"href":"https:\/\/tarqitamaat.ca\/index.php?rest_route=\/wp\/v2\/pages\/3342\/revisions"}],"predecessor-version":[{"id":5116,"href":"https:\/\/tarqitamaat.ca\/index.php?rest_route=\/wp\/v2\/pages\/3342\/revisions\/5116"}],"wp:featuredmedia":[{"embeddable":true,"href":"https:\/\/tarqitamaat.ca\/index.php?rest_route=\/wp\/v2\/media\/3349"}],"wp:attachment":[{"href":"https:\/\/tarqitamaat.ca\/index.php?rest_route=%2Fwp%2Fv2%2Fmedia&parent=3342"}],"curies":[{"name":"wp","href":"https:\/\/api.w.org\/{rel}","templated":true}]}}