{"id":2930,"date":"2021-07-27T18:51:20","date_gmt":"2021-07-27T18:51:20","guid":{"rendered":"https:\/\/tarqitamaat.ca\/?page_id=2930"},"modified":"2026-04-14T14:11:39","modified_gmt":"2026-04-14T14:11:39","slug":"%e1%90%8a%e1%90%85%e1%94%ad%e1%93%95%e1%95%88%e1%91%a6-aout-august-3","status":"publish","type":"page","link":"https:\/\/tarqitamaat.ca\/?page_id=2930","title":{"rendered":"\u140a\u1405\u152d\u14d5\u1548\u1466 | Ao\u00fbt | August"},"content":{"rendered":"\n<h2 class=\"wp-block-heading\">\u14a5\u140a\u1546 \u140a\u1403\u14ef\u14f4\u14d0 | Mary Aitchison<\/h2>\n\n\n\n<p class=\"has-very-light-gray-background-color has-background\">\n\n\u14a5\u140a\u1528 \u1455\u146f\u14d0\u14c7\u14ef\u14aa\u152a\u1585 \u1403\u14c5\u14ef\u1405\u1449 \u140a\u14ef\u1466\u1528\u14c2\u1593\u14c2\u1483 \u1403\u14c4\u1403\u1466 \u14aa\u14d5\u1466\u14f1\u154b\u1550\u144e\u1405\u14ef\u14aa\u14bb\u14aa\u1455 \u1405\u146d\u1405\u1550\u14ef\u1405\u1438\u1466\u14f1\u144e\u1483 \u14c4\u14c7\u14a5 \u1455\u1546\u1405\u14d5\u140a\u14ef\u1559\u1466\u14f1\u144e\u14ea\u14d7 \u1405\u1431\u1550\u1593\u14f4\u1405\u14d5\u1550\u14aa\u1466, \u14c4\u14c7\u14d5\u14bb\u14a5\u1405\u148d\u14ef\u1450\u1403\u14d0\u14c7\u154b\u1455\u1550\u14f1\u144e\u1483 \u1405\u1555\u1483\u1472\u1405\u14d5\u1550\u144e\u14d7\u148d.  \u140a\u1405\u14da\u1528\u152a\u1585 \u140a\u14c8\u14c7\u14a5\u14c2\u1483 \u1403\u1472\u152a\u1550\u14f1\u14c2 \u14f4\u1438\u1593\u14d5\u1550\u1450\u1403\u144e\u14ea\u14d7\u148d \u140a\u14d0\u14c4\u154c\u14c2\u1483 \u1403\u14da\u14d5\u14ab\u14a5\u14c4\u1466 \u140a\u14d0\u14c4\u154c\u14d5\u140a\u14a5\u14c2\u1483: \u201c\u14ef\u14c2\u14ef\u1583\u1466\u1455\u14ef\u14aa\u152a\u1593 \u1450\u14f5\u1466\u14f1\u1593 \u14a5\u1550\u14f1\u1559\u14d7\u1593\u14c2\u1483\u201d \u1405\u1583\u1550\u1450\u1585 \u14a5\u140a\u1528.  \u1431\u1405\u1466\u14f4\u14d5\u1550\u14ef\u14aa\u1466\u14f1\u14c2 \u140a\u14d0\u14c4\u154c\u14c2\u1483 \u14f1\u14c7\u14d7\u1473\u14c2\u14ea\u14d7 \u1405\u1555\u1490\u1550\u1451\u14f1\u14c2 \u1455\u146f\u14d0\u14c7\u1583\u1466\u1455\u14ef\u14aa\u152d\u14a5\u14c2\u1483, \u1583\u14ea\u14d5\u14c2\u14d5\u1405\u1583\u1466\u1455\u14ef\u14da\u1405\u1550\u14ef\u14aa\u152a\u1585 \u140a\u14ef\u158f\u14d0\u14c2\u1483 \u1431\u152d\u1546\u140a\u1450\u14c2\u1550\u14f4\u14c2\u1483 \u1406\u1466\u1450\u1583\u1466\u1455\u14ef\u14bb\u14a5\u14f1\u14c2. \u140a\u1405\u14da\u1528\u152a\u1585 \u157f\u1595\u14a6\u1466 \u140a\u14c4\u158f\u14d0\u14c2\u1483 \u144c\u1466\u14f1\u14aa\u14c2 \u1403\u14c4\u1403\u1466 \u157f\u14a7\u1466\u14ef\u14f2\u148d\u144e\u14ea\u14d7\u148b\u1466 \u1455\u1405\u1466\u1450\u1546\u1466\u1451\u1583\u1466\u1455\u14ef\u14aa\u14bb\u14aa\u1455 \u14c7\u14d7\u14c0\u1550\u14ef\u148d\u144e\u14c2\u1483 \u14c7\u14ea\u14d5\u140a\u148d\u14bb\u14aa\u1594\u1455 \u157f\u1595\u14a6\u1466.  \u1431\u152a\u1466\u14f4\u1405\u152e\u1548\u144e\u148b\u14ef\u14aa\u152d\u158f\u1466\u1455 \u1403\u14da\u1593 \u14c7\u14bb\u14aa\u1491\u1585, \u157f\u14a7\u1483\u14ef\u144e\u1405\u1449 \u14c2\u1548\u14a5\u140a\u1490\u1593 \u140a\u1405\u14da\u14d5\u1450\u140a\u154b\u14a5.  \u1431\u14ef\u144e\u1405\u14c2\u1593 \u1455\u146f\u1466\u14f4\u1405\u14f2\u1585 \u140a\u1466\u1528\u1405\u158f\u1466\u1450\u14c2\u14ea\u14d7 \u140a\u14d0\u14c4\u154c\u14d5\u1405\u1583\u1466\u1455\u14c2\u1593 \u14f1\u14c7\u1490\u14da\u14d0\u14c2\u14d7 \u1406\u1466\u1450\u154b\u1405\u144e\u148b\u14d7\u148b\u1466 \u14c2\u140a\u1581\u1403\u14d5\u144c\u1466, \u14c2\u1548\u14a5\u140a\u1489\u1466, \u140a\u146d\u144f\u1466, \u140a\u14a1\u1490\u1405\u14a5\u1405\u144c\u1466 \u140a\u14ef\u158f\u14ea\u14d7.<br>\n\n\u14a5\u140a\u1528 \u1450\u14c2\u14aa\u14c2\u1483\u146f\u1466 \u1403\u14f1\u140a\u1550\u14ef\u1555\u1483 \u1403\u1472\u152a\u1550\u1455\u1405\u1555\u14bb\u14a5 \u1431\u14c7\u14f1\u148b\u140a\u14a5\u1483 \u140a\u14d5\u140a\u148b\u152d\u1583\u1550\u14a5\u152a\u1585 \u1583\u1405\u1528\u14aa\u152d\u14a5\u14c2\u1483 \u1450\u14f4\u1550\u1455\u1405\u144e\u1466\u14ef\u1583\u1466\u1455\u14f1\u14c2 \u1405\u1555\u1490\u1550\u1450\u14c4\u1466.  \u1583\u1405\u1528\u14aa\u152e\u14a5\u14c2\u1483 \u1403\u1472\u152a\u1550\u14ef\u1490\u152d\u1550\u1450\u14c2\u1483 \u1403\u14d5\u14ed\u1528\u14c2\u1483 \u166f\u1581\u1528\u1583\u1466\u1455\u14f2\u148d\u14bb\u14a5\u152a\u1585 \u140a\u146d\u14c2\u14ef \u14ef\u1557\u140a\u154c\u1546\u1431\u1483\u146f\u14d5\u1483. \u1404\u1555 \u14ab\u153e\u1483, \u14ef\u140a\u152d \u1434\u14d0\u14a5\u14ea\u14d7 \u1403\u14d5\u14ed\u14c2\u140a\u1550\u144e\u14d7\u148b\u1466 \u1472\u1455\u1466\u152d\u14c2\u1550\u14a5\u1483 \u14c4\u14c7\u14d5\u1593\u14c2, \u144c\u1555\u1466 \u14ef\u1581\u140a\u1550\u14a5\u14d7 \u157f\u14da\u1405\u1466\u152d\u1546\u1405\u1550\u14f4\u146b\u1528\u14a5\u1483.  \u14a5\u140a\u1528 \u1431\u14bb\u14aa\u1546\u1405\u14da\u1466\u14ef\u152a\u1585 \u1403\u14c4\u1403\u1466 \u1431\u1405\u14ef\u1450\u1583\u158f\u1466\u1455 \u140a\u1450\u1403\u14d0\u14c7\u1405\u148b\u140a\u1583\u1550\u14c2\u158f\u14d0\u14c2\u1483 \u1405\u1555\u1490\u1550\u1450\u14c4\u1466 \u140a\u14ef\u1405\u1528\u152d\u1405\u1472\u14f4\u1466\u14ef\u14aa\u14bb\u14aa\u1455.  \u140a\u14d5\u140a\u1466\u1450\u14aa\u1546\u140a\u14d8\u14f2\u1585 \u1403\u14d5\u14d0\u14c2\u140a\u144e\u1555\u14c2\u158f\u1466 \u1455\u146f\u152d\u1405\u144e\u1466\u14ef\u14d5\u1550\u14aa\u1455 \u1431\u14c7\u14f1\u1466\u1455\u1555\u14c2\u1550\u14a5\u14c2\u1483 \u14f4\u14c7\u152d\u1555\u14c2\u1550\u14a5\u14c2\u14ea\u14d7. \u201c\u1403\u1472\u152a\u14f2\u148d\u152a\u1593 \u1450\u14f4\u1550\u14c2\u152e\u1550\u14c2\u14a7\u1466 \u1403\u14d5\u14d0\u14c2\u140a\u144e\u1466\u14ef\u14c2\u1483\u146f\u1466 \u14f4\u14c7\u14c2\u1483\u146f\u14d7 \u1405\u1555\u1490\u1550\u1450\u1403\u1466 \u1431\u14ea\u14d7\u148b\u1466.  \u140a\u14d5\u140a\u14c7\u1550\u1450\u14aa\u1546\u1405\u14f2\u1585 \u1431\u148b\u1405\u1550\u1438\u14d5\u140a\u14d5\u1450\u140a\u1550\u14aa\u1455 \u1405\u1431\u14aa\u14d5\u1450\u140a\u1550\u14aa\u1455\u14d7, \u1431\u1595\u1591\u140a\u14d5\u1450\u140a\u1550\u14aa\u1455 \u1455\u146f\u14d0\u14c7\u1405\u152e\u1550\u1455\u1405\u14f1\u144e\u1483 \u140a\u1550\u1431\u1483 \u1450\u14f4\u1550\u14c2\u152e\u1550\u14c2\u14a5 \u1455\u14ab\u14c2 \u1470\u1466\u152a\u140a\u14a5!\u201d.<br>\n\n\u1403\u14bb\u14a5\u14c5\u1490\u14d7\u140a\u1550\u1438\u1466 \u1431\u14c7\u14f1\u1490\u1593\u14c5\u1490\u14d7\u140a\u1550\u1438\u14d7, \u1431\u148d\u14d0\u14c7\u14c2\u1593 \u1403\u14d5\u1466\u14ef\u148d\u144e\u148b\u14ef\u14aa\u152d\u1593 \u1403\u14ea\u14d5\u14c7\u1550\u1450\u14c2\u1483 \u1405\u1431\u148b\u152d\u158f\u14d0\u14c2\u1483 \u1583\u1405\u1455\u14ab\u1466.  \u140a\u14c8\u14c7\u14a5\u14c4\u1466 \u1405\u1583\u1405\u144e\u152d\u1405\u14ef\u14aa\u152a\u1585 \u1405\u1555\u1490\u1550\u14c2\u14f4\u1405\u144e\u14ea\u14d7\u148d \u14c2\u1405\u1550\u1548\u144e\u1583\u1583\u1466\u1455\u1581\u152d\u1405\u1466\u14f1\u14c2 \u14f4\u14c7\u152d\u1555\u14c2\u1550\u14a5\u14c2\u1483 \u146d\u14ef\u140a\u14c2\u14d7 \u1403\u14da\u1593\u14c2 \u1450\u14c2\u1550\u1548\u144e\u148b\u1583\u1466\u1455\u14d7\u148b\u1466.  \u140a\u14d5\u140a\u14d0\u14c2\u14f4\u1405\u14f2\u1585 \u1450\u14c2\u1550\u1548\u144e\u1583\u1450\u140a\u154b\u14a5 \u14c2\u1405\u1550\u1548\u144e\u148b\u1595\u158f\u1594\u1550\u14f1\u148b\u1466 \u14f4\u14c7\u152d\u1555\u14c2\u1550\u14a5\u14c2\u1483 \u140a\u14c8\u14c7\u1405\u152a\u14a7\u1466 \u157f\u1450\u1550\u1593\u14a5\u14c2\u1483 \u1403\u14c4\u1451\u1466\u1528\u152a\u14a7\u1466 \u146e\u14c7\u1405\u152d\u14c2\u1483 \u14c4\u1403\u1466\u14ef\u1490\u14f1\u140a\u1546\u140a\u1583\u14f2\u148d\u14bb\u14aa\u1455 \u157f\u1450\u1550\u1593\u1593\u1455 \u1403\u14d5\u14d0\u14c2\u140a\u14c2\u1593\u14c4\u1466.  \u14f4\u14c7\u1490\u1466\u14f4\u158f\u1466 \u14aa\u166f\u1466\u144e\u14c4\u1466 \u14c4\u1403\u1455\u1405\u1559\u14ea\u14d7\u14f2\u148d\u14bb\u14aa\u1455, \u1403\u1449\u1431\u14c2\u140a\u14f2\u1585 \u14f4\u14c7\u1490\u1466\u14f4\u1593\u1455 \u1405\u14c2\u1483\u1472\u1405\u14ef\u1550\u1455\u1593\u14c2\u1483 \u14f4\u14c7\u152d\u1593\u14c3\u158f\u14d0\u14c7\u14c2\u140a\u1550\u1450\u14a5\u1483 \u14f4\u14c7\u14d5\u1450\u140a\u154b\u14a5\u158f\u14ea\u14d7 \u1403\u1449\u1431\u14c2\u140a\u14f2\u148d\u1466\u14f1\u14c2 \u14ed\u14d5\u14c2\u1550\u14a5\u1483 \u14c4\u14ea\u14da\u1593\u14c2\u1550\u14a5\u14d7\u14d0\u14c3\u1466.\n\n<\/p>\n\n\n\n<p class=\"has-very-light-gray-background-color has-background\">Mary Gordon Aitchison est une artiste qui r\u00e9side \u00e0 Kuujjuaq. Elle a fait une carri\u00e8re dans le domaine de l&#8217;\u00e9ducation pendant plus de 30 ans et a pris sa retraite en 2010. Depuis, elle aime passer du temps avec ses enfants et petits-enfants.<br>\n\nMary a \u00e9t\u00e9 t\u00e9moin dans sa jeunesse de la transition du mode de vie nomade, o\u00f9 ils passaient l&#8217;hiver sur le territoire et rejoignaient les c\u00f4tes au printemps, \u00e0 la vie s\u00e9dentaire d\u2019aujourd\u2019hui. Elle se souvient d\u2019avoir aid\u00e9 sa m\u00e8re \u00e0 enfiler des perles pour les v\u00eatements qu&#8217;elle confectionnait pour toute la famille; \u00ab Je m&#8217;endormais en l\u2019\u00e9coutant coudre les v\u00eatements \u00bb dit-elle. Tr\u00e8s influenc\u00e9e par les v\u00eatements et les accessoires de sa jeunesse, elle a commenc\u00e9 par fabriquer des qalliniq (l\u2019empeigne de la pantoufle) et s&#8217;est mise au d\u00e9fi d&#8217;essayer quelque chose de plus gros et un peu plus difficile \u00e0 chaque fois. Elle se souvient des harnais tr\u00e8s color\u00e9s que les Inuit utilisaient pour identifier les chiens lorsqu\u2019ils voyageaient en tra\u00eeneau \u00e0 chiens. Une autre de ses inspirations est le nammagaq, un sac qu&#8217;avaient les mushers lorsqu&#8217;ils voyageaient. Elle est connue pour ses v\u00eatements et ses accessoires uniques et de bonne qualit\u00e9, tels que les bandeaux, les sacs \u00e0 main, les oreillers, les bracelets et plus encore.<br>\n\nMary aime aussi faire du b\u00e9n\u00e9volat au centre de r\u00e9tablissement Isuarsivik et transmettre ses connaissances avec les jeunes. D\u00e9sireuse de partager ses ressources, elle invite \u00e0 l\u2019occasion des personnes comme Akinisie Sivuarapik, Evie Mark et Sarah Baulne \u00e0 venir enseigner le chant de gorge dans sa communaut\u00e9, ainsi que David __ pour offrir des sessions de tambour. Elle trouve tr\u00e8s important de donner acc\u00e8s aux jeunes aux pratiques traditionnelles qui sont presque perdues et trouve cela tr\u00e8s gratifiant lorsque d&#8217;anciens \u00e9l\u00e8ves partagent avec elle ce qu&#8217;ils ont cr\u00e9\u00e9 ou ce sur quoi ils ont travaill\u00e9. \u00ab J\u2019aide \u00e0 organiser des cours de musique et des ateliers de cr\u00e9ation pour les jeunes. Je trouve que c&#8217;est gratifiant de les voir d\u00e9velopper de nouvelles capacit\u00e9s et de voir la fiert\u00e9 qui en d\u00e9coule, et ensuite ils se produisent au festival de musique Aqpik Jam ici \u00e0 Kuujjuaq ! \u00bb<br>\n\nQue ce soit pour elle ou pour sa carri\u00e8re, sa cr\u00e9ativit\u00e9 lui a apport\u00e9 des valeurs qu&#8217;elle ch\u00e9rit au quotidien. Sa m\u00e8re lui a dit quand elle \u00e9tait plus jeune non seulement de vendre les cr\u00e9ations qu&#8217;elle faisait mais aussi d&#8217;en faire don de temps en temps. Par exemple, elle se sent plus heureuse lorsqu&#8217;elle fait don d&#8217;une pi\u00e8ce de ses cr\u00e9ations \u00e0 une m\u00e8re c\u00e9libataire qui a besoin de r\u00e9colter des fonds pour l&#8217;\u00e9ducation de ses enfants que lorsqu&#8217;elle les vend. Comme ses mat\u00e9riaux proviennent principalement des chasseurs, elle a le sentiment que l&#8217;histoire de ces mat\u00e9riaux reste dans ses cr\u00e9ations et pendant qu&#8217;elle les fait, elle ressent le calme ou une paix int\u00e9rieure.\n <\/p>\n\n\n\n<p class=\"has-very-light-gray-background-color has-background\">Mary Gordon Aitchison is an artist living in Kuujjuaq. She has made her career in education for over thirty years and retired in 2010. Since then, she is enjoying spending her time with her children and grandchildren. <br>\n\nMary has witnessed the transition of the way of life from nomad where they would spend the winter on the land and leave to the sea by spring, to today\u2019s settled life. She recalls helping her mother at threading beads for the whole family\u2019s clothes; \u201cI would fell asleep listening to her sewing clothes\u201d Mary said. Very influenced by the clothing and accessories from her youth, she started by making qalliniq (slipper tongue) and challenged herself to try something bigger and little harder every time. She remembers the colorful harnesses the Inuit used to identify dogs when they were travelling by dog sled. One of her inspirations is the nammagaq, a purse that mushers had when they were travelling. She is known for her good quality and unique clothing and accessories such as headbands, purses, pillows, bracelets and more. <br>\n\nMary also loves to volunteer at the Isuarsivik recovery center and transfers her knowledge with the youth. Eager to share her resources, she occasionally invites people like Akinisie Sivuarapik, Evie Mark and Sarah Baulne to come and teach throat singing in her community, as well as David __ for giving drumming sessions. She finds it very important to give access to the traditional practices that were almost lost to the youth and very rewarding when former students share with her what they have been working on and what they have created. \u2018\u2019I help by organizing music lessons and creation workshops for the youth. I feel it&#8217;s rewarding when I see them develop new abilities and see the pride that comes with that, and then they perform at the Aqpik Jam Music Festival here in Kuujjuaq!\u201d<br>\n\nWhether it is for her or for her career, her creativity has taught her values she cherishes daily. Her mother told her when she was younger to not only sell ger creations but to also donate them occasionally. For instance, she feels happier when she donates a piece of her creations to a single mother who needs to fundraise for her children education than when she sells them. As her materials are provided mostly by hunters, she gets the feeling that the story of the material she works with remains in her creations and while she is doing them, she feels an interior peace or calm.\n<\/p>\n\n\n\n<p>\u140a\u14ea\u14da\u1450\u1585 | Texte de | Text by: Olivia Lya Thomassie<\/p>\n\n\n<div class=\"rl-gallery-container splide rl-loading\" id=\"rl-gallery-container-1\" data-gallery_id=\"2933\"> <div class=\"rl-gallery rl-basicslider-gallery splide__track \" id=\"rl-gallery-1\" data-gallery_no=\"1\"> <ul class=\"splide__list\"> <li class=\"rl-gallery-item splide__slide\" data-thumb=\"https:\/\/tarqitamaat.ca\/wp-content\/uploads\/2021\/07\/0E9A27B7-17AD-476B-BD5E-F3185195AA9E.jpeg\"> <a href=\"https:\/\/tarqitamaat.ca\/wp-content\/uploads\/2021\/07\/0E9A27B7-17AD-476B-BD5E-F3185195AA9E.jpeg\" title=\"\" data-rl_title=\"\" class=\"rl-gallery-link\" data-rl_caption=\"\" data-rel=\"lightbox-gallery-1\"><img src=\"https:\/\/tarqitamaat.ca\/wp-content\/uploads\/2021\/07\/0E9A27B7-17AD-476B-BD5E-F3185195AA9E.jpeg\" width=\"1170\" height=\"1168\" alt=\"\" \/><\/a> <\/li> <li class=\"rl-gallery-item splide__slide\" data-thumb=\"https:\/\/tarqitamaat.ca\/wp-content\/uploads\/2021\/07\/5A3D1843-31B6-4B5E-92D9-61BD833280A4.jpeg\"> <a href=\"https:\/\/tarqitamaat.ca\/wp-content\/uploads\/2021\/07\/5A3D1843-31B6-4B5E-92D9-61BD833280A4.jpeg\" title=\"\" data-rl_title=\"\" class=\"rl-gallery-link\" data-rl_caption=\"\" data-rel=\"lightbox-gallery-1\"><img src=\"https:\/\/tarqitamaat.ca\/wp-content\/uploads\/2021\/07\/5A3D1843-31B6-4B5E-92D9-61BD833280A4.jpeg\" width=\"1170\" height=\"613\" alt=\"\" \/><\/a> <\/li> <li class=\"rl-gallery-item splide__slide\" data-thumb=\"https:\/\/tarqitamaat.ca\/wp-content\/uploads\/2021\/07\/6F1B0E3D-F89A-4904-B534-A594A9723888.jpeg\"> <a href=\"https:\/\/tarqitamaat.ca\/wp-content\/uploads\/2021\/07\/6F1B0E3D-F89A-4904-B534-A594A9723888.jpeg\" title=\"\" data-rl_title=\"\" class=\"rl-gallery-link\" data-rl_caption=\"\" data-rel=\"lightbox-gallery-1\"><img src=\"https:\/\/tarqitamaat.ca\/wp-content\/uploads\/2021\/07\/6F1B0E3D-F89A-4904-B534-A594A9723888.jpeg\" width=\"1170\" height=\"1538\" alt=\"\" \/><\/a> <\/li> <li class=\"rl-gallery-item splide__slide\" data-thumb=\"https:\/\/tarqitamaat.ca\/wp-content\/uploads\/2021\/07\/15CF2DFE-3840-47A7-948C-F5B0B2F179E4-1.jpeg\"> <a href=\"https:\/\/tarqitamaat.ca\/wp-content\/uploads\/2021\/07\/15CF2DFE-3840-47A7-948C-F5B0B2F179E4-1.jpeg\" title=\"\" data-rl_title=\"\" class=\"rl-gallery-link\" data-rl_caption=\"\" data-rel=\"lightbox-gallery-1\"><img src=\"https:\/\/tarqitamaat.ca\/wp-content\/uploads\/2021\/07\/15CF2DFE-3840-47A7-948C-F5B0B2F179E4-1.jpeg\" width=\"1170\" height=\"845\" alt=\"\" \/><\/a> <\/li> <li class=\"rl-gallery-item splide__slide\" data-thumb=\"https:\/\/tarqitamaat.ca\/wp-content\/uploads\/2021\/07\/17DC7DD5-C2DB-4F69-B272-381E0E9E8444.jpeg\"> <a href=\"https:\/\/tarqitamaat.ca\/wp-content\/uploads\/2021\/07\/17DC7DD5-C2DB-4F69-B272-381E0E9E8444.jpeg\" title=\"\" data-rl_title=\"\" class=\"rl-gallery-link\" data-rl_caption=\"\" data-rel=\"lightbox-gallery-1\"><img src=\"https:\/\/tarqitamaat.ca\/wp-content\/uploads\/2021\/07\/17DC7DD5-C2DB-4F69-B272-381E0E9E8444.jpeg\" width=\"1170\" height=\"874\" alt=\"\" \/><\/a> <\/li> <li class=\"rl-gallery-item splide__slide\" data-thumb=\"https:\/\/tarqitamaat.ca\/wp-content\/uploads\/2021\/07\/BC4ADACF-8080-4CAE-9278-FAE6127D61DE.jpeg\"> <a href=\"https:\/\/tarqitamaat.ca\/wp-content\/uploads\/2021\/07\/BC4ADACF-8080-4CAE-9278-FAE6127D61DE.jpeg\" title=\"\" data-rl_title=\"\" class=\"rl-gallery-link\" data-rl_caption=\"\" data-rel=\"lightbox-gallery-1\"><img src=\"https:\/\/tarqitamaat.ca\/wp-content\/uploads\/2021\/07\/BC4ADACF-8080-4CAE-9278-FAE6127D61DE.jpeg\" width=\"1170\" height=\"1350\" alt=\"\" \/><\/a> <\/li> <li class=\"rl-gallery-item splide__slide\" data-thumb=\"https:\/\/tarqitamaat.ca\/wp-content\/uploads\/2021\/07\/BFE58767-5714-46C1-A6DA-21C4159EC10D.jpeg\"> <a href=\"https:\/\/tarqitamaat.ca\/wp-content\/uploads\/2021\/07\/BFE58767-5714-46C1-A6DA-21C4159EC10D.jpeg\" title=\"\" data-rl_title=\"\" class=\"rl-gallery-link\" data-rl_caption=\"\" data-rel=\"lightbox-gallery-1\"><img src=\"https:\/\/tarqitamaat.ca\/wp-content\/uploads\/2021\/07\/BFE58767-5714-46C1-A6DA-21C4159EC10D.jpeg\" width=\"1170\" height=\"1157\" alt=\"\" \/><\/a> <\/li> <li class=\"rl-gallery-item splide__slide\" data-thumb=\"https:\/\/tarqitamaat.ca\/wp-content\/uploads\/2021\/07\/C4ACE889-3899-4354-B03B-108F22C0193B.jpeg\"> <a href=\"https:\/\/tarqitamaat.ca\/wp-content\/uploads\/2021\/07\/C4ACE889-3899-4354-B03B-108F22C0193B.jpeg\" title=\"\" data-rl_title=\"\" class=\"rl-gallery-link\" data-rl_caption=\"\" data-rel=\"lightbox-gallery-1\"><img src=\"https:\/\/tarqitamaat.ca\/wp-content\/uploads\/2021\/07\/C4ACE889-3899-4354-B03B-108F22C0193B.jpeg\" width=\"1170\" height=\"1168\" alt=\"\" \/><\/a> <\/li> <li class=\"rl-gallery-item splide__slide\" data-thumb=\"https:\/\/tarqitamaat.ca\/wp-content\/uploads\/2021\/07\/D59304AF-18A7-421C-B271-8F8022150DAC.jpeg\"> <a href=\"https:\/\/tarqitamaat.ca\/wp-content\/uploads\/2021\/07\/D59304AF-18A7-421C-B271-8F8022150DAC.jpeg\" title=\"\" data-rl_title=\"\" class=\"rl-gallery-link\" data-rl_caption=\"\" data-rel=\"lightbox-gallery-1\"><img src=\"https:\/\/tarqitamaat.ca\/wp-content\/uploads\/2021\/07\/D59304AF-18A7-421C-B271-8F8022150DAC.jpeg\" width=\"1170\" height=\"1095\" alt=\"\" \/><\/a> <\/li> <li class=\"rl-gallery-item splide__slide\" data-thumb=\"https:\/\/tarqitamaat.ca\/wp-content\/uploads\/2021\/07\/E4B61755-0D4D-4EBD-B201-14526C55818B.jpeg\"> <a href=\"https:\/\/tarqitamaat.ca\/wp-content\/uploads\/2021\/07\/E4B61755-0D4D-4EBD-B201-14526C55818B.jpeg\" title=\"\" data-rl_title=\"\" class=\"rl-gallery-link\" data-rl_caption=\"\" data-rel=\"lightbox-gallery-1\"><img src=\"https:\/\/tarqitamaat.ca\/wp-content\/uploads\/2021\/07\/E4B61755-0D4D-4EBD-B201-14526C55818B.jpeg\" width=\"1170\" height=\"863\" alt=\"\" \/><\/a> <\/li> <li class=\"rl-gallery-item splide__slide\" data-thumb=\"https:\/\/tarqitamaat.ca\/wp-content\/uploads\/2021\/07\/F1D92ABC-F0CA-4B5E-B260-81CAB6C930FD.jpeg\"> <a href=\"https:\/\/tarqitamaat.ca\/wp-content\/uploads\/2021\/07\/F1D92ABC-F0CA-4B5E-B260-81CAB6C930FD.jpeg\" title=\"\" data-rl_title=\"\" class=\"rl-gallery-link\" data-rl_caption=\"\" data-rel=\"lightbox-gallery-1\"><img src=\"https:\/\/tarqitamaat.ca\/wp-content\/uploads\/2021\/07\/F1D92ABC-F0CA-4B5E-B260-81CAB6C930FD.jpeg\" width=\"1170\" height=\"1548\" alt=\"\" \/><\/a> <\/li> <li class=\"rl-gallery-item splide__slide\" data-thumb=\"https:\/\/tarqitamaat.ca\/wp-content\/uploads\/2021\/07\/F11D2DF4-58C7-42FC-9D6E-B36AB567F487.jpeg\"> <a href=\"https:\/\/tarqitamaat.ca\/wp-content\/uploads\/2021\/07\/F11D2DF4-58C7-42FC-9D6E-B36AB567F487.jpeg\" title=\"\" data-rl_title=\"\" class=\"rl-gallery-link\" data-rl_caption=\"\" data-rel=\"lightbox-gallery-1\"><img src=\"https:\/\/tarqitamaat.ca\/wp-content\/uploads\/2021\/07\/F11D2DF4-58C7-42FC-9D6E-B36AB567F487.jpeg\" width=\"1170\" height=\"1546\" alt=\"\" \/><\/a> <\/li> <li class=\"rl-gallery-item splide__slide\" data-thumb=\"https:\/\/tarqitamaat.ca\/wp-content\/uploads\/2021\/07\/F2227A75-AEC7-42A7-84F5-51BA4228E314.jpeg\"> <a href=\"https:\/\/tarqitamaat.ca\/wp-content\/uploads\/2021\/07\/F2227A75-AEC7-42A7-84F5-51BA4228E314.jpeg\" title=\"\" data-rl_title=\"\" class=\"rl-gallery-link\" data-rl_caption=\"\" data-rel=\"lightbox-gallery-1\"><img src=\"https:\/\/tarqitamaat.ca\/wp-content\/uploads\/2021\/07\/F2227A75-AEC7-42A7-84F5-51BA4228E314.jpeg\" width=\"1159\" height=\"1151\" alt=\"\" \/><\/a> <\/li> <li class=\"rl-gallery-item splide__slide\" data-thumb=\"https:\/\/tarqitamaat.ca\/wp-content\/uploads\/2021\/07\/FF59EF92-AE94-43FE-947E-B2C202EBC30F.jpeg\"> <a href=\"https:\/\/tarqitamaat.ca\/wp-content\/uploads\/2021\/07\/FF59EF92-AE94-43FE-947E-B2C202EBC30F.jpeg\" title=\"\" data-rl_title=\"\" class=\"rl-gallery-link\" data-rl_caption=\"\" data-rel=\"lightbox-gallery-1\"><img src=\"https:\/\/tarqitamaat.ca\/wp-content\/uploads\/2021\/07\/FF59EF92-AE94-43FE-947E-B2C202EBC30F.jpeg\" width=\"1170\" height=\"873\" alt=\"\" \/><\/a> <\/li> <\/ul> <\/div> <\/div>","protected":false},"excerpt":{"rendered":"<p>\u14a5\u140a\u1546 \u140a\u1403\u14ef\u14f4\u14d0 | Mary Aitchison \u14a5\u140a\u1528 \u1455\u146f\u14d0\u14c7\u14ef\u14aa\u152a\u1585 \u1403\u14c5\u14ef\u1405\u1449 \u140a\u14ef\u1466\u1528\u14c2\u1593\u14c2\u1483 \u1403\u14c4\u1403\u1466 \u14aa\u14d5\u1466\u14f1\u154b\u1550\u144e\u1405\u14ef\u14aa\u14bb\u14aa\u1455 \u1405\u146d\u1405\u1550\u14ef\u1405\u1438\u1466\u14f1\u144e\u1483 \u14c4\u14c7\u14a5 \u1455\u1546\u1405\u14d5\u140a\u14ef\u1559\u1466\u14f1\u144e\u14ea\u14d7 \u1405\u1431\u1550\u1593\u14f4\u1405\u14d5\u1550\u14aa\u1466, \u14c4\u14c7\u14d5\u14bb\u14a5\u1405\u148d\u14ef\u1450\u1403\u14d0\u14c7\u154b\u1455\u1550\u14f1\u144e\u1483 \u1405\u1555\u1483\u1472\u1405\u14d5\u1550\u144e\u14d7\u148d. \u140a\u1405\u14da\u1528\u152a\u1585 \u140a\u14c8\u14c7\u14a5\u14c2\u1483 \u1403\u1472\u152a\u1550\u14f1\u14c2 \u14f4\u1438\u1593\u14d5\u1550\u1450\u1403\u144e\u14ea\u14d7\u148d \u140a\u14d0\u14c4\u154c\u14c2\u1483 \u1403\u14da\u14d5\u14ab\u14a5\u14c4\u1466 \u140a\u14d0\u14c4\u154c\u14d5\u140a\u14a5\u14c2\u1483: \u201c\u14ef\u14c2\u14ef\u1583\u1466\u1455\u14ef\u14aa\u152a\u1593 \u1450\u14f5\u1466\u14f1\u1593 \u14a5\u1550\u14f1\u1559\u14d7\u1593\u14c2\u1483\u201d \u1405\u1583\u1550\u1450\u1585 \u14a5\u140a\u1528. \u1431\u1405\u1466\u14f4\u14d5\u1550\u14ef\u14aa\u1466\u14f1\u14c2 \u140a\u14d0\u14c4\u154c\u14c2\u1483 \u14f1\u14c7\u14d7\u1473\u14c2\u14ea\u14d7 \u1405\u1555\u1490\u1550\u1451\u14f1\u14c2 \u1455\u146f\u14d0\u14c7\u1583\u1466\u1455\u14ef\u14aa\u152d\u14a5\u14c2\u1483, \u1583\u14ea\u14d5\u14c2\u14d5\u1405\u1583\u1466\u1455\u14ef\u14da\u1405\u1550\u14ef\u14aa\u152a\u1585 \u140a\u14ef\u158f\u14d0\u14c2\u1483 \u1431\u152d\u1546\u140a\u1450\u14c2\u1550\u14f4\u14c2\u1483 \u1406\u1466\u1450\u1583\u1466\u1455\u14ef\u14bb\u14a5\u14f1\u14c2. \u140a\u1405\u14da\u1528\u152a\u1585 \u157f\u1595\u14a6\u1466 \u140a\u14c4\u158f\u14d0\u14c2\u1483 \u144c\u1466\u14f1\u14aa\u14c2 \u1403\u14c4\u1403\u1466 \u157f\u14a7\u1466\u14ef\u14f2\u148d\u144e\u14ea\u14d7\u148b\u1466 \u1455\u1405\u1466\u1450\u1546\u1466\u1451\u1583\u1466\u1455\u14ef\u14aa\u14bb\u14aa\u1455 \u14c7\u14d7\u14c0\u1550\u14ef\u148d\u144e\u14c2\u1483 \u14c7\u14ea\u14d5\u140a\u148d\u14bb\u14aa\u1594\u1455 \u157f\u1595\u14a6\u1466. \u1431\u152a\u1466\u14f4\u1405\u152e\u1548\u144e\u148b\u14ef\u14aa\u152d\u158f\u1466\u1455 \u1403\u14da\u1593 \u14c7\u14bb\u14aa\u1491\u1585, \u157f\u14a7\u1483\u14ef\u144e\u1405\u1449 \u14c2\u1548\u14a5\u140a\u1490\u1593 \u140a\u1405\u14da\u14d5\u1450\u140a\u154b\u14a5. \u1431\u14ef\u144e\u1405\u14c2\u1593 &hellip; <a href=\"https:\/\/tarqitamaat.ca\/?page_id=2930\" class=\"more-link\">Continue reading <span class=\"screen-reader-text\">\u140a\u1405\u152d\u14d5\u1548\u1466 | Ao\u00fbt | August<\/span> <span class=\"meta-nav\">&rarr;<\/span><\/a><\/p>\n","protected":false},"author":1,"featured_media":2931,"parent":0,"menu_order":0,"comment_status":"closed","ping_status":"closed","template":"","meta":[],"_links":{"self":[{"href":"https:\/\/tarqitamaat.ca\/index.php?rest_route=\/wp\/v2\/pages\/2930"}],"collection":[{"href":"https:\/\/tarqitamaat.ca\/index.php?rest_route=\/wp\/v2\/pages"}],"about":[{"href":"https:\/\/tarqitamaat.ca\/index.php?rest_route=\/wp\/v2\/types\/page"}],"author":[{"embeddable":true,"href":"https:\/\/tarqitamaat.ca\/index.php?rest_route=\/wp\/v2\/users\/1"}],"replies":[{"embeddable":true,"href":"https:\/\/tarqitamaat.ca\/index.php?rest_route=%2Fwp%2Fv2%2Fcomments&post=2930"}],"version-history":[{"count":6,"href":"https:\/\/tarqitamaat.ca\/index.php?rest_route=\/wp\/v2\/pages\/2930\/revisions"}],"predecessor-version":[{"id":114769,"href":"https:\/\/tarqitamaat.ca\/index.php?rest_route=\/wp\/v2\/pages\/2930\/revisions\/114769"}],"wp:featuredmedia":[{"embeddable":true,"href":"https:\/\/tarqitamaat.ca\/index.php?rest_route=\/wp\/v2\/media\/2931"}],"wp:attachment":[{"href":"https:\/\/tarqitamaat.ca\/index.php?rest_route=%2Fwp%2Fv2%2Fmedia&parent=2930"}],"curies":[{"name":"wp","href":"https:\/\/api.w.org\/{rel}","templated":true}]}}