{"id":2875,"date":"2021-06-29T18:18:37","date_gmt":"2021-06-29T18:18:37","guid":{"rendered":"https:\/\/tarqitamaat.ca\/?page_id=2875"},"modified":"2026-04-14T14:10:37","modified_gmt":"2026-04-14T14:10:37","slug":"%e1%91%90%e1%95%93%e1%94%ae%e1%95%88%e1%91%a6-juillet-july-3","status":"publish","type":"page","link":"https:\/\/tarqitamaat.ca\/?page_id=2875","title":{"rendered":"\u1450\u1553\u152e\u1548\u1466 | Juillet | July"},"content":{"rendered":"\n<h2 class=\"wp-block-heading\">\u14d6\u1559\u14d0 \u1403\u1466\u1450\u1483 | Leevan Etok<\/h2>\n\n\n\n<p class=\"has-very-light-gray-background-color has-background\">\n\u14d6\u1559\u14d0 \u1403\u1466\u1450\u1483 \u1472\u158f\u1550\u14f1\u140a\u14d7\u1466\u152a\u140a\u14a5\u1405\u1483 \u14f4\u14c7\u1405\u1490\u14d5\u1405\u1550\u144e. \u14f4\u14c7\u1595\u1591\u140a\u1546\u1595\u1593\u14ef\u14aa\u152a\u1585 \u1405\u1555\u1490\u1550\u1451\u14f1\u14c2, \u14f4\u14c7\u1405\u1490\u14d5\u140a\u1546\u148b\u140a\u1595\u1593\u14ef\u14aa\u152d\u158f\u1483 \u1401\u1555\u1595\u1591\u140a\u1585 \u157f\u14da\u14d7\u1490\u1595\u1591\u140a\u14d7.<br>\n\u1450\u1466\u1451\u1449 \u14c7\u1466\u152a\u158f\u14d0\u14c2\u1483 \u14f4\u14c7\u1559\u14ea\u14d7\u14f2\u148d\u14d5\u1550\u1450\u1585 \u1403\u14c4\u1403\u1466 \u1405\u14c2\u1483\u1473\u1450\u1583\u158f\u14d0\u14c2\u1483 \u14c4\u1403\u1466\u14ef\u152a\u14c2\u1483 \u14c4\u14d5\u140a\u152a\u1595\u1591\u140a\u14a5\u1483, \u1403\u14d5\u1455\u1546\u152d\u1405\u14aa\u14bb\u14a5\u152a\u1585 \u140a\u144e\u1593\u148d\u1466 \u14ed\u1466\u14c7 (Sedna) \u140a\u14bb\u14aa\u14d7 \u1403\u14c4\u1403\u1466 \u1431\u1405\u14ef\u1450\u1583\u1546\u14ef\u14aa\u152d\u158f\u14d0\u14c2\u1483 \u14c4\u1403\u1466\u14ef\u152a\u14c2\u1483. \u14f5\u14da\u1583\u1550\u14ef\u14aa\u14bb\u14a5\u152a\u1466 \u14f4\u14c7\u1595\u1591\u140a\u14c2\u1483\u146f\u1466 \u14c4\u14c7\u14d5\u14bb\u14a5\u14c2 \u1406\u1466\u1451\u144e\u1595\u1591\u140a\u144e\u1455\u1405\u144e\u14d7\u148b\u1466. <br>\n\u140a\u1550\u154c\u14d5\u1550\u1450\u14c2\u1466 \u1431\u1593\u14f1\u14c2\u1483, \u1403\u14d5\u14d0\u14c2\u140a\u144e\u1466\u14ef\u1528\u1405\u14d5\u1550\u14a5\u152a\u1585 \u1403\u14d7\u1550\u1548\u14ef\u14d5\u1546\u14c2\u1550\u14a5\u1483 \u1403\u14d5\u14d0\u14c2\u140a\u144e\u1466\u14ef\u1559\u1466\u14f1\u14c2 \u1405\u1555\u1490\u1550\u1450\u14c2\u1483 \u1583\u14c4\u1585 \u14f4\u14c7\u148b\u140a\u14a5\u1483 \u14aa\u146f\u14c2\u1593 \u1583\u14a7\u144e\u14c2\u1483 \u1431\u1405\u14d5\u14c2\u140a\u1490\u158f\u14d0\u14c2\u14d7 \u1583\u14a7\u14ef\u148b\u1546\u140a\u14a5\u1483 \u14ef\u146d\u1451\u14c4\u1466. \u14f4\u14c7\u1595\u1591\u140a\u1555\u14a5\u1483 \u1431\u1490\u14f1\u140a\u1550\u14a5\u152a\u1585 \u14c4\u14c7\u14d5\u14bb\u14a5\u1405\u1583\u144e\u14a5\u14c2\u1483 \u1403\u14d5\u14d0\u14c2\u140a\u144e\u1466\u14ef\u1548\u14aa\u1490\u14a5 \u14f4\u14c7\u1405\u1490\u14d5\u1546\u14c2\u1550\u14a5\u1483: \u201c\u140a\u1550\u14c0\u1466 \u14a5\u1550\u14f1\u1555\u1583\u1550\u14aa\u1455 \u1403\u14d5\u1466\u144e\u1555\u1546\u148d\u14d0\u14c7\u1455\u14a5\u14c2\u1483, \u14f4\u14c7\u1595\u1591\u140a\u1550\u1555\u1583\u1581\u14d0\u14c7\u1450\u1438\u1405\u152e\u14d7\u1483 \u140a\u1591\u144f\u1466 \u14f4\u14c7\u1405\u1490\u14d5\u1405\u1550\u1555\u1546\u148d\u14d0\u14c7\u14c2\u140a\u1550\u1455\u14a5\u14c2\u1483\u201d.<br>\n\u1583\u14bb\u14a5\u1405\u152a\u14a5 \u1455\u146f\u14a5\u14c7\u1548\u144e\u14c2\u1483 \u14f4\u14c7\u1595\u1591\u140a\u1583\u1466\u1455\u1546\u140a\u1595\u1593\u14ef\u14da\u1405\u1550\u1450\u1585 \u1403\u14d5\u14d0\u14c2\u140a\u144e\u1455\u1405\u14da\u1405\u152a\u14bb\u14aa\u1455 \u1451\u152d \u1559\u1505\u146b\u1505-\u14a7\u1466 \u14c4\u14c7\u1555\u14d5\u14ab\u14a5 \u140a\u1550\u1555\u1455\u1405\u14da\u1405\u152a\u14a7\u1466 \u1403\u14d5\u14d0\u14c2\u140a\u144e\u1466\u14ef\u1546\u140a\u1550\u1450\u14f1\u14c2 \u1472\u144e\u1555\u1483 \u1403\u14d5\u14f4\u1550\u14c2\u14d5\u1546\u14c2\u1405\u1449 \u140a\u1405\u14da\u1456\u14c4\u1466. <br>\n\u1403\u14d5\u14d0\u14c2\u140a\u1555\u14bb\u14a5 \u1431\u152d\u1547\u1550\u14ef\u14aa\u1595\u158f\u1472\u14d7\u140a\u154b\u14a5 \u1405\u1555\u1490\u1550\u1451\u14c2\u14a5\u14c2 \u146d\u14ef\u140a\u14c2\u14ea\u14d5 \u140a\u1450\u14c2\u1466 \u1403\u14d5\u14d0\u14c2\u140a\u14ef\u14aa\u1466\u14f1\u14c2  \u142f\u152d\u14d0 \u14a5\u1483\u1456\u14c4\u14ea-\u14a5\u1483 \u140a\u14bb\u14aa\u14d7 \u1456\u14c2\u140a\u14d5 \u140b\u14c7\u14c8\u1483-\u14a5 \u1403\u14d5\u14d0\u14c2\u140a\u144e\u1466\u14ef\u1528\u1583\u1550\u14f1\u14c2. \u1403\u14d5\u14d0\u14c2\u140a\u14ef\u14aa\u152a\u1585 \u1583\u14c4\u1585 \u1403\u14c4\u1403\u1466 \u1431\u1405\u14d5\u14c2\u140a\u1490\u1450\u1583\u158f\u14d0\u14c2\u1483 \u14f4\u14c7\u148b\u140a\u14a5\u1483 \u140a\u14bb\u14aa\u14d7 \u1583\u14c4\u1585 \u1431\u1405\u14ef\u1583\u1559\u14da\u1405\u152a\u14bb\u14aa\u1594\u1466\u1455 \u1403\u14c4\u1403\u1466 \u144c\u1466\u14f1\u14aa\u14c2 \u14aa\u166f\u14c2\u144e\u148d\u1466 \u140a\u14bb\u14aa\u14d7 \u157f\u14a7\u1466\u14ef\u14d5\u1546\u14c2\u1550\u14a5 \u1403\u1559\u1483\u1472\u14ef\u14aa\u1466\u14f1\u14c2. \u1403\u14d5\u1583\u1550\u14ef\u14aa\u152a\u1585 \u1456\u14c2\u140a\u14d5 \u140b\u14c7\u14c8\u1483-\u14a5 \u1403\u1472\u152a\u1550\u144e\u1405\u14f1\u14c2, \u1403\u14da\u1405\u14c2\u148b\u14ef\u14aa\u152d\u1593 \u1403\u1559\u1483\u1472\u1450\u14c2 \u140a\u14d5\u140a\u14c7\u1550\u14c2\u1438\u1405\u14ef\u14aa\u152a\u1585.<br>\n\u1405\u1431\u148d\u14f1\u1466\u1450\u1585 \u1403\u14d5\u14d0\u14c2\u140a\u14ef\u14aa\u154b\u14a5 \u157f\u14bb\u14a5\u14d5\u1546\u14c2\u1550\u14a5\u1483, \u201c\u157f\u14bb\u14a5\u1472 \u14c4\u146d\u1595\u1591\u14ef\u14aa\u152a\u1466, \u1450\u146d\u14ef\u1466\u14ef\u140a\u14f1\u144e\u1483 \u14f1\u1472\u1466\u1451\u14f1\u144e\u14d7, \u140a\u1456\u1455\u1490 \u14aa\u166f\u1546\u140a\u148d\u144e\u1546\u14ef\u14aa\u152d\u158f\u1466, \u1405\u1431\u148d\u14f1\u1559\u1550\u152a\u140a\u14ef\u14aa\u152a\u1585\u201d \u1405\u1583\u1550\u1433\u1585. \n\u1583\u152d\u1546\u140a\u1550\u14a5\u1483 \u14c2\u1405\u1555\u154b\u14f1\u148d\u14ab\u1550\u14c2\u140a\u14d5\u1550\u1450\u1585 \u1405\u158f\u14ef\u1466\u1450\u14a7\u1466 \u140a\u1405\u14ea\u14da\u1583\u1466\u1455\u1548\u14aa\u1490\u14a5 \u1472\u158f\u1550\u14f1\u140a\u14d7\u1466\u152a\u140a\u1449 \u14a5\u1466\u14ef\u144e\u1593\u14c2 \u1581\u14ea\u14d5\u14f4\u152d\u1550\u14c2\u1483 \u157f\u14c2\u1546\u140a\u1550\u14d7\u14c2, \u14f4\u14c7\u1490\u1466\u14f4\u148b\u14c2\u140a\u1550\u1455\u14a5\u14c2.<\/p>\n\n\n\n<p class=\"has-background has-very-light-gray-background-color\">\nLeevan Etok est un sculpteur de Kangiqsualujjuaq. Il a commenc\u00e9 \u00e0 sculpter \u00e0 son adolescence et les premi\u00e8res \u0153uvres qu\u2019il a cr\u00e9\u00e9es \u00e9taient un morse et beluga.<br>\nIl utilise principalement de l\u2019andouiller et sculpte des images repr\u00e9sentant des l\u00e9gendes comme Nuliajuk, plus connue sous le nom de Sedna, ainsi que des sc\u00e8nes de la vie traditionnelle. Il a d\u00e9j\u00e0 gagn\u00e9 un concours de sculptures organis\u00e9 par la Coop de sa municipalit\u00e9.<br>\nDepuis maintenant trois ans, il est professeur de la classe de culture \u00e0 l\u2019\u00e9cole de Kangisualujjuaq o\u00f9 il enseigne aux jeunes \u00e0 faire des outils et de l\u2019appareillage comme le qamutik pour la motoneige. Son but est d\u2019avoir un lieu dans sa communaut\u00e9 pour enseigner aux jeunes hommes \u00e0 sculpter : \u00ab Il y un atelier de couture pour les femmes pour qu\u2019elles fabriquent des v\u00eatements, j\u2019aimerais qu\u2019il y ait un tel endroit pour nous les hommes o\u00f9 nous pourrions cr\u00e9er \u00e9galement \u00bb. \nIl a r\u00e9cemment pris go\u00fbt \u00e0 la joaillerie apr\u00e8s avoir particip\u00e9 aux ateliers de Dora Vasquez donn\u00e9s gr\u00e2ce au soutien de la commission scolaire Kativik Ilisarniliriniq. <br>\nIl a abandonn\u00e9 l\u2019\u00e9cole \u00e0 son adolescence mais il a plus tard joint un programme de parcours individuel d\u2019apprentissage avec les professeurs Brian McDonald et Daniel Annanack. Il a appris \u00e0 fabriquer des outils traditionnels pour la premi\u00e8re fois et s\u2019est passionn\u00e9 pour l\u2019apprentissage de la fabrication d\u2019outils et d\u2019activit\u00e9s traditionnelles comme la chasse et l\u2019entrainement de chiens de traineaux. Ainsi, il a particip\u00e9 \u00e0 la course Ivakkak dans l\u2019\u00e9quipe de Daniel Annanack en tant que passager et selon lui, cette course a \u00e9t\u00e9 la plus belle exp\u00e9rience de sa vie. \nIl est fier d\u2019avoir appris \u00e0 entrainer des chiens : \u00ab Mes chiens sont devenus forts, intelligents et rapides, m\u00eame mon p\u00e8re est all\u00e9 en camping avec eux, je l\u2019ai rendu heureux ce jour-l\u00e0 \u00bb dit-il.<br>\nSes futurs plans sont d\u2019obtenir un canot pour voyager \u00e0 quelques kilom\u00e8tres hors du village afin trouver de la st\u00e9atite pour la fabrication de ses prochaines sculptures. <br>\n\n\n\n<p class=\"has-background has-very-light-gray-background-color\">\nLeevan Etok is a carver from Kangiqsualujjuaq. He started carving as a teenager, the first carvings he made were a walrus and a beluga. <br>\nHe mostly uses antler and carves imagery of legends like Nuliajuk, mostly known as Sedna, as well as scenes of traditional lifestyle.  He also won a carving contest held by the Coop of his municipality. <br>\nFor three years now, he is the cultural class teacher in Kangiqsualujjuaq school, where he teaches young boys how to make tools and supplies like a qamutik for the skidoo. His goal is to have a place in his community where he could teach young men how to carve: \u201cWomen have a sewing studio to make clothing, so I wish there was a place for us men to gather and create as well\u201d.\nHe recently got into jewelry making after participating to the workshops given by Dora Vasquez with the support of Kativik Ilisarniliriniq. <br>\nHe dropped out of school in his teens but later went to IPL (Individual Path of learning) with teachers Brian McDonald and Daniel Annanack. He learned how to make traditional tools for the first time and took passion in learning Inuit tool making and traditional activities like hunting and training sled dogs. Thus, he participated in an Ivakkak dog sled race in Daniel Annanack\u2019s team as a passenger, he says that participating in the race was the best time of his life.\nHe is proud to have learned to train dogs, \u201cmy dogs got strong, smart and fast, my dad even went camping with them, I made him happy that day\u201d he says. <br>\nHis future plan is to afford a boat so he could go few miles outside of Kangiqsualujjuaq where there is more soapstone to create his next carvings.<br>\n\n\n\n<p>\u140a\u14ea\u14da\u1450\u1585 | Texte de | Text by: Olivia Lya Thomassie<\/p>\n\n\n<div class=\"rl-gallery-container splide rl-loading\" id=\"rl-gallery-container-1\" data-gallery_id=\"2881\"> <div class=\"rl-gallery rl-basicslider-gallery splide__track \" id=\"rl-gallery-1\" data-gallery_no=\"1\"> <ul class=\"splide__list\"> <li class=\"rl-gallery-item splide__slide\" data-thumb=\"https:\/\/tarqitamaat.ca\/wp-content\/uploads\/2021\/06\/C7-11516-scaled.jpg\"> <a href=\"https:\/\/tarqitamaat.ca\/wp-content\/uploads\/2021\/06\/C7-11516-scaled.jpg\" title=\"\" data-rl_title=\"\" class=\"rl-gallery-link\" data-rl_caption=\"\" data-rel=\"lightbox-gallery-1\"><img src=\"https:\/\/tarqitamaat.ca\/wp-content\/uploads\/2021\/06\/C7-11516-scaled.jpg\" width=\"2560\" height=\"1920\" alt=\"\" \/><\/a> <\/li> <li class=\"rl-gallery-item splide__slide\" data-thumb=\"https:\/\/tarqitamaat.ca\/wp-content\/uploads\/2021\/06\/C7-11825_SIDE5-scaled.jpg\"> <a href=\"https:\/\/tarqitamaat.ca\/wp-content\/uploads\/2021\/06\/C7-11825_SIDE5-scaled.jpg\" title=\"\" data-rl_title=\"\" class=\"rl-gallery-link\" data-rl_caption=\"\" data-rel=\"lightbox-gallery-1\"><img src=\"https:\/\/tarqitamaat.ca\/wp-content\/uploads\/2021\/06\/C7-11825_SIDE5-scaled.jpg\" width=\"2560\" height=\"1920\" alt=\"\" \/><\/a> <\/li> <li class=\"rl-gallery-item splide__slide\" data-thumb=\"https:\/\/tarqitamaat.ca\/wp-content\/uploads\/2021\/06\/C7-11825_SIDE6-scaled.jpg\"> <a href=\"https:\/\/tarqitamaat.ca\/wp-content\/uploads\/2021\/06\/C7-11825_SIDE6-scaled.jpg\" title=\"\" data-rl_title=\"\" class=\"rl-gallery-link\" data-rl_caption=\"\" data-rel=\"lightbox-gallery-1\"><img src=\"https:\/\/tarqitamaat.ca\/wp-content\/uploads\/2021\/06\/C7-11825_SIDE6-scaled.jpg\" width=\"2560\" height=\"1919\" alt=\"\" \/><\/a> <\/li> <li class=\"rl-gallery-item splide__slide\" data-thumb=\"https:\/\/tarqitamaat.ca\/wp-content\/uploads\/2021\/06\/C7-11825-scaled.jpg\"> <a href=\"https:\/\/tarqitamaat.ca\/wp-content\/uploads\/2021\/06\/C7-11825-scaled.jpg\" title=\"\" data-rl_title=\"\" class=\"rl-gallery-link\" data-rl_caption=\"\" data-rel=\"lightbox-gallery-1\"><img src=\"https:\/\/tarqitamaat.ca\/wp-content\/uploads\/2021\/06\/C7-11825-scaled.jpg\" width=\"2560\" height=\"1919\" alt=\"\" \/><\/a> <\/li> <li class=\"rl-gallery-item splide__slide\" data-thumb=\"https:\/\/tarqitamaat.ca\/wp-content\/uploads\/2021\/06\/C7-11912_SIDE2-scaled.jpg\"> <a href=\"https:\/\/tarqitamaat.ca\/wp-content\/uploads\/2021\/06\/C7-11912_SIDE2-scaled.jpg\" title=\"\" data-rl_title=\"\" class=\"rl-gallery-link\" data-rl_caption=\"\" data-rel=\"lightbox-gallery-1\"><img src=\"https:\/\/tarqitamaat.ca\/wp-content\/uploads\/2021\/06\/C7-11912_SIDE2-scaled.jpg\" width=\"2560\" height=\"1920\" alt=\"\" \/><\/a> <\/li> <li class=\"rl-gallery-item splide__slide\" data-thumb=\"https:\/\/tarqitamaat.ca\/wp-content\/uploads\/2021\/06\/C7-11912-scaled.jpg\"> <a href=\"https:\/\/tarqitamaat.ca\/wp-content\/uploads\/2021\/06\/C7-11912-scaled.jpg\" title=\"\" data-rl_title=\"\" class=\"rl-gallery-link\" data-rl_caption=\"\" data-rel=\"lightbox-gallery-1\"><img src=\"https:\/\/tarqitamaat.ca\/wp-content\/uploads\/2021\/06\/C7-11912-scaled.jpg\" width=\"2560\" height=\"1920\" alt=\"\" \/><\/a> <\/li> <\/ul> <\/div> <div class=\"rl-gallery-description\">Photos credits: F\u00e9d\u00e9ration des Coop\u00e9ratives du Nouveau-Qu\u00e9bec (FCNQ)<\/div> <\/div>","protected":false},"excerpt":{"rendered":"<p>\u14d6\u1559\u14d0 \u1403\u1466\u1450\u1483 | Leevan Etok \u14d6\u1559\u14d0 \u1403\u1466\u1450\u1483 \u1472\u158f\u1550\u14f1\u140a\u14d7\u1466\u152a\u140a\u14a5\u1405\u1483 \u14f4\u14c7\u1405\u1490\u14d5\u1405\u1550\u144e. \u14f4\u14c7\u1595\u1591\u140a\u1546\u1595\u1593\u14ef\u14aa\u152a\u1585 \u1405\u1555\u1490\u1550\u1451\u14f1\u14c2, \u14f4\u14c7\u1405\u1490\u14d5\u140a\u1546\u148b\u140a\u1595\u1593\u14ef\u14aa\u152d\u158f\u1483 \u1401\u1555\u1595\u1591\u140a\u1585 \u157f\u14da\u14d7\u1490\u1595\u1591\u140a\u14d7. \u1450\u1466\u1451\u1449 \u14c7\u1466\u152a\u158f\u14d0\u14c2\u1483 \u14f4\u14c7\u1559\u14ea\u14d7\u14f2\u148d\u14d5\u1550\u1450\u1585 \u1403\u14c4\u1403\u1466 \u1405\u14c2\u1483\u1473\u1450\u1583\u158f\u14d0\u14c2\u1483 \u14c4\u1403\u1466\u14ef\u152a\u14c2\u1483 \u14c4\u14d5\u140a\u152a\u1595\u1591\u140a\u14a5\u1483, \u1403\u14d5\u1455\u1546\u152d\u1405\u14aa\u14bb\u14a5\u152a\u1585 \u140a\u144e\u1593\u148d\u1466 \u14ed\u1466\u14c7 (Sedna) \u140a\u14bb\u14aa\u14d7 \u1403\u14c4\u1403\u1466 \u1431\u1405\u14ef\u1450\u1583\u1546\u14ef\u14aa\u152d\u158f\u14d0\u14c2\u1483 \u14c4\u1403\u1466\u14ef\u152a\u14c2\u1483. \u14f5\u14da\u1583\u1550\u14ef\u14aa\u14bb\u14a5\u152a\u1466 \u14f4\u14c7\u1595\u1591\u140a\u14c2\u1483\u146f\u1466 \u14c4\u14c7\u14d5\u14bb\u14a5\u14c2 \u1406\u1466\u1451\u144e\u1595\u1591\u140a\u144e\u1455\u1405\u144e\u14d7\u148b\u1466. \u140a\u1550\u154c\u14d5\u1550\u1450\u14c2\u1466 \u1431\u1593\u14f1\u14c2\u1483, \u1403\u14d5\u14d0\u14c2\u140a\u144e\u1466\u14ef\u1528\u1405\u14d5\u1550\u14a5\u152a\u1585 \u1403\u14d7\u1550\u1548\u14ef\u14d5\u1546\u14c2\u1550\u14a5\u1483 \u1403\u14d5\u14d0\u14c2\u140a\u144e\u1466\u14ef\u1559\u1466\u14f1\u14c2 \u1405\u1555\u1490\u1550\u1450\u14c2\u1483 \u1583\u14c4\u1585 \u14f4\u14c7\u148b\u140a\u14a5\u1483 \u14aa\u146f\u14c2\u1593 \u1583\u14a7\u144e\u14c2\u1483 \u1431\u1405\u14d5\u14c2\u140a\u1490\u158f\u14d0\u14c2\u14d7 \u1583\u14a7\u14ef\u148b\u1546\u140a\u14a5\u1483 \u14ef\u146d\u1451\u14c4\u1466. \u14f4\u14c7\u1595\u1591\u140a\u1555\u14a5\u1483 \u1431\u1490\u14f1\u140a\u1550\u14a5\u152a\u1585 \u14c4\u14c7\u14d5\u14bb\u14a5\u1405\u1583\u144e\u14a5\u14c2\u1483 \u1403\u14d5\u14d0\u14c2\u140a\u144e\u1466\u14ef\u1548\u14aa\u1490\u14a5 \u14f4\u14c7\u1405\u1490\u14d5\u1546\u14c2\u1550\u14a5\u1483: \u201c\u140a\u1550\u14c0\u1466 \u14a5\u1550\u14f1\u1555\u1583\u1550\u14aa\u1455 \u1403\u14d5\u1466\u144e\u1555\u1546\u148d\u14d0\u14c7\u1455\u14a5\u14c2\u1483, \u14f4\u14c7\u1595\u1591\u140a\u1550\u1555\u1583\u1581\u14d0\u14c7\u1450\u1438\u1405\u152e\u14d7\u1483 &hellip; <a href=\"https:\/\/tarqitamaat.ca\/?page_id=2875\" class=\"more-link\">Continue reading <span class=\"screen-reader-text\">\u1450\u1553\u152e\u1548\u1466 | Juillet | July<\/span> <span class=\"meta-nav\">&rarr;<\/span><\/a><\/p>\n","protected":false},"author":1,"featured_media":2886,"parent":0,"menu_order":0,"comment_status":"closed","ping_status":"closed","template":"","meta":{"jetpack_post_was_ever_published":false},"jetpack_sharing_enabled":true,"jetpack_shortlink":"https:\/\/wp.me\/PaFG9T-Kn","_links":{"self":[{"href":"https:\/\/tarqitamaat.ca\/index.php?rest_route=\/wp\/v2\/pages\/2875"}],"collection":[{"href":"https:\/\/tarqitamaat.ca\/index.php?rest_route=\/wp\/v2\/pages"}],"about":[{"href":"https:\/\/tarqitamaat.ca\/index.php?rest_route=\/wp\/v2\/types\/page"}],"author":[{"embeddable":true,"href":"https:\/\/tarqitamaat.ca\/index.php?rest_route=\/wp\/v2\/users\/1"}],"replies":[{"embeddable":true,"href":"https:\/\/tarqitamaat.ca\/index.php?rest_route=%2Fwp%2Fv2%2Fcomments&post=2875"}],"version-history":[{"count":10,"href":"https:\/\/tarqitamaat.ca\/index.php?rest_route=\/wp\/v2\/pages\/2875\/revisions"}],"predecessor-version":[{"id":114768,"href":"https:\/\/tarqitamaat.ca\/index.php?rest_route=\/wp\/v2\/pages\/2875\/revisions\/114768"}],"wp:featuredmedia":[{"embeddable":true,"href":"https:\/\/tarqitamaat.ca\/index.php?rest_route=\/wp\/v2\/media\/2886"}],"wp:attachment":[{"href":"https:\/\/tarqitamaat.ca\/index.php?rest_route=%2Fwp%2Fv2%2Fmedia&parent=2875"}],"curies":[{"name":"wp","href":"https:\/\/api.w.org\/{rel}","templated":true}]}}