{"id":2823,"date":"2021-06-08T14:20:14","date_gmt":"2021-06-08T14:20:14","guid":{"rendered":"https:\/\/tarqitamaat.ca\/?page_id=2823"},"modified":"2026-04-14T14:09:27","modified_gmt":"2026-04-14T14:09:27","slug":"%e1%92%aa%e1%93%90%e1%93%82%e1%93%95%e1%90%85%e1%91%a6-juin-june","status":"publish","type":"page","link":"https:\/\/tarqitamaat.ca\/?page_id=2823","title":{"rendered":"\u14aa\u14d0\u14c2\u14d5\u1405\u1466 | Juin | June"},"content":{"rendered":"\n<h2 class=\"wp-block-heading\">\u14d7\u1403\u14f4 \u1472\u14c7\u1550\u152a\u140a\u1585 | Louisa Kanarjuaq<\/h2>\n\n\n\n<p class=\"has-background has-very-light-gray-background-color\">\n\u14d7\u1403\u14f4 \u1472\u14c8\u1550\u152a\u140a\u1585 \u140a\u14a5\u14f1\u1403\u14c2\u1483 \u1431\u152a\u14d0\u14c7\u14c2\u14d5\u1483 \u1403\u1557\u1528\u1555\u14bb\u14a5\u1405\u148d\u1466\u14f1\u14c2. \u14f4\u14c7\u1405\u1490\u14f2\u1585, \u140a\u14ea\u14da\u1591\u140a\u14f2, \u14a5\u1591\u140a\u1595\u1591\u140a\u14f2\u1585 \u140a\u14bb\u14aa\u14d7 \u1403\u1595\u158f\u1548\u14ef\u14d5\u1405\u1550\u14ef\u14aa\u1466\u14f1\u14c2 \u140a\u144e\u14d5\u14bb\u14a5\u1483 \u1583\u1405\u14aa\u14ed\u1529\u1466 2004-\u14a5. \u1472\u1455\u1466\u152d\u14f2\u148d\u1466\u14f1\u14c2\u14d7 \u1403\u14f1\u14aa\u1583\u1450\u1403\u14d0\u14c7\u14f1\u14c2 \u14f1\u1583\u1466\u14ef\u1405\u144e\u1405\u148b\u140a\u1593 \u1472\u1455\u1466\u152d\u14c2\u1550\u14a5\u1483 \u1581\u1555\u140a\u14f1\u155d\u1555\u1405\u14da\u1405\u152b\u14a5, \u1403\u14c4\u1451\u1466\u14f1\u14c2 \u1472\u1455\u1466\u152d\u14f1\u14c2 \u14f5\u14da\u1583\u14da\u1405\u152a\u1490\u14d7\u140a\u154b\u14a5 \u14c4\u14c7\u14d5\u14d0\u14c2 \u1431\u1595\u1591\u140a\u14c2\u1583\u1550\u144e\u14d7\u148d \u1472\u1455\u1466\u152d\u14f2\u148d\u1490\u14d7\u140a\u1550\u144e\u14d7\u148b\u1483 \u14aa\u1550\u1549\u14f1\u144e\u1483 \u140a\u1550\u14c8\u1483. \u1455\u146f\u14a5\u14c7\u1550\u1450\u14d5\u1405\u1550\u14c2\u14a5\u14c2 \u1455\u146f\u1466\u14f4\u1591\u1550\u144e\u14ef\u148b\u140a\u14a5\u1483 \u140a\u14d5\u140a\u14f2\u1585 \u1403\u14d7\u14a1\u148d\u14ef\u1550\u14a5\u14c2\u1483 \u140a\u14bb\u14aa\u14d7 \u1403\u14c4\u1403\u1466 \u1431\u1559\u14ea\u14d5\u140a\u14ef\u14aa\u14c2\u158f\u14d0\u14c2\u1483 \u1455\u146f\u14ef\u14aa\u152d\u14a5\u14c2\u1483. \u1472\u1483\u1472\u14db\u148d\u1466\u14f1\u14c2, \u1403\u14c4\u1403\u1466 \u1403\u14c5\u14a1\u148d\u14ef\u1593\u144e\u148d\u1466 \u1403\u14c5\u14ef\u14aa\u152a\u1585 \u140a\u14bb\u14aa\u14d7 \u140a\u1405\u14da\u1559\u1466\u1450\u1555\u14c2\u1405\u1466\u14f1\u14c2 \u157f\u14a7\u1466\u14ef\u146f\u1466 \u140a\u14bb\u14aa\u14d7 8-\u14c2\u1483 \u1405\u146d\u1405\u1583\u1550\u14f1\u14c2, \u1403\u14ea\u14d7\u1548\u140a\u1550\u14a5\u1405\u148d\u14ef\u152a\u1555\u14c2\u1405\u1466\u14f1\u14c2. \u1403\u14d5\u14ed\u1528\u1405\u14ef\u14aa\u152a\u1585 \u14c4\u14c7\u14d5\u14d0\u14c2 \u1403\u14d5\u14f4\u1550\u1555\u14a5 \u146d\u14ef\u140a\u14c2 \u1403\u14c4\u1450\u1583\u1405\u14c2\u1550\u14a7\u1466 \u14c4\u1550\u1583\u1593\u14d5\u1550\u1450\u1585 \u140a\u14bb\u14aa\u14d7 \u140a\u14d5\u140a\u148b\u152d\u1583\u1550\u14f1\u14c2 \u1455\u146f\u14a5\u14c7\u1550\u1450\u14d5\u1405\u14f2\u148d\u14d5\u1550\u14f1\u14c2 \u1403\u14da\u1583\u1550\u14f1\u14c2 \u140a\u14ef\u14a5\u14c2\u1483 \u1455\u146f\u14a5\u14c7\u1550\u1450\u14d5\u1405\u1550\u144e\u14c2\u1483 \u1403\u1557\u1528\u1555\u14bb\u14a5\u1405\u14c2\u1483 \u14a5\u140a\u1528 \u1438\u14c2\u1593\u152d\u1585, \u1581\u14aa\u1585 \u14aa\u158f\u1405\u1585 \u1403\u1526\u1466\u1450\u1585, \u1439\u14f4 \u14aa\u158f\u1405\u1585 \u140a\u14bb\u14aa\u14d7 \u14d5\u14d0 \u1438\u1505\u144e\u140a\u14d0. \u1431\u14c7\u14f1\u140a\u1550\u1455\u1555\u14c2\u158f\u1466 \u1403\u14c7\u1581\u14c7\u1550\u1450\u14aa\u1546\u1405\u14f2\u1466 \u1431\u1466\u14ef\u140a\u14ef\u14aa\u14ea\u14da\u1546\u1466\u14f1\u144e\u1483 \u140a\u14bb\u14aa\u14d7 \u1455\u146f\u1466\u14f4\u1405\u144e\u1466\u14ef\u14ef\u140a\u1550\u14f1\u144e\u1483 \u1403\u14c4\u1403\u1466 \u1431\u14c7\u14f1\u140a\u1548\u14ef\u1450\u1583\u158f\u14d0\u14c2\u1483 \u1406\u1466\u1451\u144e\u148b\u1466\u14f1\u148b\u1466 \u14aa\u166f\u1466\u1450\u1591\u140a\u1466 \u140a\u14bb\u14aa\u14d7 \u1403\u1583\u14d7\u1466\u14ef\u1405\u1450\u1595\u1591\u140a\u1466.<\/br>\n\u14d7\u1403\u14f4 \u1455\u146f\u14a5\u14c7\u1550\u1450\u14d5\u1405\u1546\u1405\u1550\u14f4\u14ef\u152a\u1555\u14c2\u1585 \u1431\u140a\u154c\u1431\u1405\u1466\u14f1\u14c2 \u14f1\u14d5 \u14f4\u14c7\u1405\u1490\u1550\u14f1\u14c2 \u1403\u14d5\u1466\u14ef\u14ef\u14aa\u1466\u14f1\u14c2 \u140a\u1593\u152a\u1550\u1584\u14a5\u14c2\u1483. \u1403\u1550\u1583\u1405\u14aa\u14c2\u154b\u14da\u1405\u152b\u1585 \u14c2\u1405\u1550\u1548\u144e\u1583\u1550\u14c2\u1555\u14c2\u1550\u14a5\u14c2\u1483 \u140a\u14ea\u14da\u1591\u140a\u1550\u1455\u1555\u14c2\u1550\u14a5\u14c2\u1483 \u1403\u14da\u148c\u14f4\u1483\u146f\u14c4\u1466 \u140a\u14bb\u14aa\u14d7 \u140a\u14ea\u14da\u1591\u140a\u1583\u1466\u1455\u1581\u152d\u1405\u14d5\u1550\u14f1\u14c2. \u1405\u1555\u1483\u1472\u1405\u14c2\u154b\u14a5 \u144c\u14ab\u1483 \u1405\u1583\u1405\u1466\u152d\u1405\u14f1\u14c2 \u1472\u152a\u14ef\u1472\u1431\u148b\u140a\u1550\u14ef\u14aa\u1595\u158f\u1450\u1585 \u14f1\u14d5\u152a\u1550\u14f4\u14ef\u140a\u1550\u14c2\u158f\u14d0\u14c7\u14a5 \u1405\u1583\u1405\u1466\u152d\u1405\u148d\u144e\u14a5\u14c2\u1483 \u146d\u14ef\u140a\u14c2 \u1455\u146f\u14a5\u14c7\u1550\u1450\u14d5\u1405\u1546\u140a\u14a5\u1483 \u140a\u14d5\u140a\u148b\u152d\u1583\u14d5\u1550\u1450\u1585. 2004-\u14a5 \u146d\u14ef\u140a\u14c2 \u1455\u146f\u14a5\u14c7\u1550\u1450\u14d5\u1405\u1550\u144e\u14aa\u1546\u1595\u1591\u14ef\u14aa\u152a\u1585. <\/br>\n\u201c\u144c\u14aa\u1595\u1593\u1466 \u1403\u14d5\u1466\u14ef\u1490\u1466\u14ed\u14d0 \u14c4\u1403\u1550\u1583\u1450\u1466, \u14a5\u1550\u14f1\u14c2\u1405\u1490\u14d7\u140a\u154b\u14a5\u1483, \u1405\u155d\u1559\u14d8\u14d0\u14c3\u1466 \u1455\u146f\u14a5\u14c7\u1550\u1450\u14d5\u1405\u1550\u14c2\u1405\u1490\u14d7\u140a\u154b\u14a5\u1483 \u1405\u155d\u1559\u14d8\u14d0\u14c3\u1466 \u1405\u14c2\u1483\u1473\u1450\u140a\u148d\u1490\u14d7\u140a\u154b\u14a5\u1483 \u140a\u1591\u144e\u14bb\u14aa \u1405\u14c2\u1483\u1473\u14f2\u1593\u144e\u1450\u1466 \u1405\u14c2\u1483\u1473\u154b\u1466\u14f4\u1583\u1550\u14aa\u1466. \u144c\u14aa\u1595\u1593\u1466 \u1403\u14d5\u1466\u14ef\u1559\u14ea\u14d5\u140a\u152a\u1593, \u140a\u14bb\u14aa\u14d7 \u1455\u146f\u14a5\u14c7\u1550\u1450\u14d5\u1405\u1583\u144e\u1583\u1546\u140a\u14a5\u1483 \u157f\u14da\u14c8\u14f2\u148d\u1466\u14f1\u1593 \u1581\u14aa\u1550\u14a5\u1483, \u1439\u14f4\u14a5\u1483 \u140a\u14bb\u14aa\u14d7 \u14a5\u140a\u1528\u14a5 \u1403\u1557\u1528\u1555\u14bb\u14a5 \u1455\u146f\u14a5\u14c7\u1550\u1450\u14d5\u1405\u1550\u1555\u1455\u1583\u14d5\u1550\u1438\u1466\u201d \u14da\u14da\u1405\u152b\u1585 \u140a\u1431\u1550\u14f1\u1455\u1405\u1490\u14a5 \u14ef\u1557\u14c2\u1550\u14a7\u1466 \u14f1\u14c7\u14c2\u1483 \u1438\u1550\u14c0\u14ef\u14aa\u14bb\u14aa\u1594\u1466 \u140a\u14bb\u14aa\u14d7 \u14f1\u14c7\u14d0\u14c2\u140a\u1583\u1466\u1455\u14db\u14d5\u1550\u14a5\u14aa\u1594\u1466. \u14d7\u1403\u14f4 \u1455\u146f\u14a5\u14c7\u1550\u1450\u14d5\u1405\u1550\u144e\u1405\u14f1\u14c2 \u14aa\u14d5\u1490\u1466\u14f4\u14ef\u140a\u1585, \u1431\u14c7\u14f1\u140a\u1550\u14ef\u14aa\u152d\u158f\u1466 \u1403\u14da\u148b\u152d\u1405\u14d5\u1547\u1550\u1450\u1466 \u14c4\u14c7\u1555\u14bb\u14a5 \u1455\u146f\u14a5\u14c7\u1550\u1450\u14c2\u1483 \u1472\u144e\u1550\u14f1\u1403\u1555\u14bb\u14a7\u1466 \u140a\u14bb\u14aa\u14d7 \u1583\u1405\u1528\u14aa\u14c7\u1466\u14ef\u140a\u14f1\u144e\u1483 \u14f4\u14c7\u152d\u1555\u14c2\u158f\u1466 \u140a\u14ef\u158f\u14d0\u14c4\u1466 \u1431\u14bb\u14aa\u1546\u14d0\u14c4\u1466 \u1472\u144e\u1550\u14f1\u1403\u14ef\u14aa\u1555\u14d0\u14c4\u1466 \u1403\u14d5\u152d\u1405\u1583\u1466\u1455\u14db\u1546\u140a\u158f\u1466.<\/br>\n\n\n\n<p class=\"has-background has-very-light-gray-background-color\">\nLouisa Kanarjuaq est une artiste multidisciplinaire d\u2019Ivujivik. Elle fait de la sculpture, du dessin, de la peinture et elle a \u00e9galement fait un album de musique gospel nomm\u00e9 Qaumasajiit en 2004. Elle fait aussi du chant de gorge mais elle consid\u00e8re cela plut\u00f4t comme un passe-temps, m\u00eame si \u00e0 No\u00ebl dernier elle a gagn\u00e9 un concours de chant de gorge men\u00e9 par sa communaut\u00e9 et qu\u2019elle a chant\u00e9 en solo, alors que cela s\u2019effectue habituellement \u00e0 deux chanteuses. Elle aime repr\u00e9senter sa culture et l\u2019histoire qu\u2019elle a v\u00e9cu dans son art. Lorsqu\u2019elle \u00e9tait enfant, elle vivait le mode de vie traditionnel inuit en voyageant en traineau \u00e0 chiens. Elle a commenc\u00e9 \u00e0 vivre dans une maison \u00e0 l\u2019\u00e2ge de huit ans seulement. Elle a \u00e9t\u00e9 professeure \u00e0 l\u2019\u00e9cole de son village et elle est maintenant retrait\u00e9 et profite de son temps \u00e0 faire de l\u2019art aux c\u00f4t\u00e9s de ses pairs \u00e0 Ivujivik dont Mary Paningajak, Qumaq Mangiuk Iyaituk, Pasa Mangiuk et Lyne Bastien. Son travail est remarquable, tr\u00e8s bien ex\u00e9cut\u00e9 et montrant de vibrantes repr\u00e9sentations des activit\u00e9s traditionnelles comme la chasse et la p\u00eache.<\/br>\nLe cheminement artistique de Louisa a commenc\u00e9 \u00e0 un jeune \u00e2ge lorsqu\u2019elle a appris \u00e0 travailler la sculpture aux c\u00f4t\u00e9s de ses parents. Elle se souvient d\u2019avoir vendu un de ses dessins \u00e0 la FCNQ dont elle a re\u00e7u des compliments et des encouragements \u00e0 continuer \u00e0 en faire. Elle \u00e9tait jeune \u00e0 cette \u00e9poque et elle n\u2019a pas pris le conseil au s\u00e9rieux mais attir\u00e9 par la cr\u00e9ation, elle a d\u00e9but\u00e9 une carri\u00e8re d\u2019artiste professionnelle en 2004. <\/br>\n\u00ab Il y a toujours quelque chose \u00e0 apprendre, que ce soit en faisant couture, l\u2019art ou bien des histoires comme celles que mon mari me raconte. Je suis toujours en train d\u2019apprendre et je suis impatiente de continuer \u00e0 cr\u00e9er aux c\u00f4t\u00e9s de Mary, Qumaq et Pasa lorsqu\u2019il y aura un studio d\u2019artistes \u00e0 Ivujivik \u00bb dit-elle lorsqu\u2019on lui demande quels sont ses futurs plans et projets. \nLouisa est une artiste \u00e0 surveiller, ses \u0153uvres font d\u00e9j\u00e0 partie de la Collection d\u2019art du Nunavik et vont certainement voyager \u00e0 travers de grands collections.<\/br>\n\n\n\n<p class=\"has-background has-very-light-gray-background-color\">\nLouisa Kanarjuaq is a multidisciplinary artist based in Ivujivik. She does carving, drawing, painting and she made a gospel music album named \u201cQaumasaijiit\u201d in 2004. She also does throat singing but considers it more as a hobby, even if last Christmas she won a throat singing contest in solo held by the community, which is usually sung by two women. She likes to represent the culture and history that she witnessed in her artwork. When she was a kid, she used to live the Inuit Way of life and travelling by dog sled. She started living in a house only at eight years old. She used to be a teacher in her community school but now she is retired and enjoys making art alongside other artists from Ivujivik such as Mary Paningajak, Qumaq Mangiuk Iyaituk, Pasa Mangiok and Lyne Bastien. Her work is remarkable with very well executed and vibrant representations of traditional activities such as hunting and fishing.<\/br>\nLouisa\u2019s artistic path started at a young age when making carving by learning with her parents. She remembers selling a drawing to the FCNQ, she was told that she was very talented and to keep making art. She was young at that time and she didn\u2019t take the advice very seriously but drawn into making art, she really started a professional artist career in 2004. <\/br>\n\u201cThere is always something to learn, whether is it from sewing, by making art or stories like the one that my husband tells. I\u2019m always learning, and I am looking forward to make art with Qumaq, Pasa and Mary when Ivujivik will have an art studio\u201d she says when asked what her future plans and projects are. Louisa is an artist to follow, her work is already part of the Nunavik Art Collection and will for sure make its path to other important collections.<\/br>\n\n\n\n<p>\u140a\u14ea\u14da\u1450\u1585 | Texte de | Text by: Olivia Lya Thomassie<\/p>\n\n\n<div class=\"rl-gallery-container splide rl-loading\" id=\"rl-gallery-container-1\" data-gallery_id=\"2813\"> <div class=\"rl-gallery rl-basicslider-gallery splide__track \" id=\"rl-gallery-1\" data-gallery_no=\"1\"> <ul class=\"splide__list\"> <li class=\"rl-gallery-item splide__slide\" data-thumb=\"https:\/\/tarqitamaat.ca\/wp-content\/uploads\/2021\/06\/IMG_0030-2.jpeg\"> <a href=\"https:\/\/tarqitamaat.ca\/wp-content\/uploads\/2021\/06\/IMG_0030-2.jpeg\" title=\"\" data-rl_title=\"\" class=\"rl-gallery-link\" data-rl_caption=\"\" data-rel=\"lightbox-gallery-1\"><img src=\"https:\/\/tarqitamaat.ca\/wp-content\/uploads\/2021\/06\/IMG_0030-2.jpeg\" width=\"640\" height=\"444\" alt=\"\" \/><\/a> <\/li> <li class=\"rl-gallery-item splide__slide\" data-thumb=\"https:\/\/tarqitamaat.ca\/wp-content\/uploads\/2021\/06\/191551011_10157985961217617_4207402347299692898_n.jpg\"> <a href=\"https:\/\/tarqitamaat.ca\/wp-content\/uploads\/2021\/06\/191551011_10157985961217617_4207402347299692898_n.jpg\" title=\"\" data-rl_title=\"\" class=\"rl-gallery-link\" data-rl_caption=\"\" data-rel=\"lightbox-gallery-1\"><img src=\"https:\/\/tarqitamaat.ca\/wp-content\/uploads\/2021\/06\/191551011_10157985961217617_4207402347299692898_n.jpg\" width=\"1512\" height=\"2016\" alt=\"\" \/><\/a> <\/li> <li class=\"rl-gallery-item splide__slide\" data-thumb=\"https:\/\/tarqitamaat.ca\/wp-content\/uploads\/2021\/06\/191918806_10157985958247617_3797602408737670940_n.jpg\"> <a href=\"https:\/\/tarqitamaat.ca\/wp-content\/uploads\/2021\/06\/191918806_10157985958247617_3797602408737670940_n.jpg\" title=\"\" data-rl_title=\"\" class=\"rl-gallery-link\" data-rl_caption=\"\" data-rel=\"lightbox-gallery-1\"><img src=\"https:\/\/tarqitamaat.ca\/wp-content\/uploads\/2021\/06\/191918806_10157985958247617_3797602408737670940_n.jpg\" width=\"2016\" height=\"1512\" alt=\"\" \/><\/a> <\/li> <li class=\"rl-gallery-item splide__slide\" data-thumb=\"https:\/\/tarqitamaat.ca\/wp-content\/uploads\/2021\/06\/192102923_10157985960217617_5042983562991498520_n.jpg\"> <a href=\"https:\/\/tarqitamaat.ca\/wp-content\/uploads\/2021\/06\/192102923_10157985960217617_5042983562991498520_n.jpg\" title=\"\" data-rl_title=\"\" class=\"rl-gallery-link\" data-rl_caption=\"\" data-rel=\"lightbox-gallery-1\"><img src=\"https:\/\/tarqitamaat.ca\/wp-content\/uploads\/2021\/06\/192102923_10157985960217617_5042983562991498520_n.jpg\" width=\"2040\" height=\"1530\" alt=\"\" \/><\/a> <\/li> <li class=\"rl-gallery-item splide__slide\" data-thumb=\"https:\/\/tarqitamaat.ca\/wp-content\/uploads\/2021\/06\/192160585_10157985961797617_18869132063381378_n.jpg\"> <a href=\"https:\/\/tarqitamaat.ca\/wp-content\/uploads\/2021\/06\/192160585_10157985961797617_18869132063381378_n.jpg\" title=\"\" data-rl_title=\"\" class=\"rl-gallery-link\" data-rl_caption=\"\" data-rel=\"lightbox-gallery-1\"><img src=\"https:\/\/tarqitamaat.ca\/wp-content\/uploads\/2021\/06\/192160585_10157985961797617_18869132063381378_n.jpg\" width=\"2016\" height=\"1512\" alt=\"\" \/><\/a> <\/li> <li class=\"rl-gallery-item splide__slide\" data-thumb=\"https:\/\/tarqitamaat.ca\/wp-content\/uploads\/2021\/06\/192316582_10157985960092617_8561096374243815509_n.jpg\"> <a href=\"https:\/\/tarqitamaat.ca\/wp-content\/uploads\/2021\/06\/192316582_10157985960092617_8561096374243815509_n.jpg\" title=\"\" data-rl_title=\"\" class=\"rl-gallery-link\" data-rl_caption=\"\" data-rel=\"lightbox-gallery-1\"><img src=\"https:\/\/tarqitamaat.ca\/wp-content\/uploads\/2021\/06\/192316582_10157985960092617_8561096374243815509_n.jpg\" width=\"1512\" height=\"2016\" alt=\"\" \/><\/a> <\/li> <li class=\"rl-gallery-item splide__slide\" data-thumb=\"https:\/\/tarqitamaat.ca\/wp-content\/uploads\/2021\/06\/IMG_0022-3.jpeg\"> <a href=\"https:\/\/tarqitamaat.ca\/wp-content\/uploads\/2021\/06\/IMG_0022-3.jpeg\" title=\"\" data-rl_title=\"\" class=\"rl-gallery-link\" data-rl_caption=\"\" data-rel=\"lightbox-gallery-1\"><img src=\"https:\/\/tarqitamaat.ca\/wp-content\/uploads\/2021\/06\/IMG_0022-3.jpeg\" width=\"473\" height=\"640\" alt=\"\" \/><\/a> <\/li> <li class=\"rl-gallery-item splide__slide\" data-thumb=\"https:\/\/tarqitamaat.ca\/wp-content\/uploads\/2021\/06\/IMG_0014-2.jpeg\"> <a href=\"https:\/\/tarqitamaat.ca\/wp-content\/uploads\/2021\/06\/IMG_0014-2.jpeg\" title=\"\" data-rl_title=\"\" class=\"rl-gallery-link\" data-rl_caption=\"\" data-rel=\"lightbox-gallery-1\"><img src=\"https:\/\/tarqitamaat.ca\/wp-content\/uploads\/2021\/06\/IMG_0014-2.jpeg\" width=\"511\" height=\"480\" alt=\"\" \/><\/a> <\/li> <li class=\"rl-gallery-item splide__slide\" data-thumb=\"https:\/\/tarqitamaat.ca\/wp-content\/uploads\/2021\/06\/IMG_0010-2.jpeg\"> <a href=\"https:\/\/tarqitamaat.ca\/wp-content\/uploads\/2021\/06\/IMG_0010-2.jpeg\" title=\"\" data-rl_title=\"\" class=\"rl-gallery-link\" data-rl_caption=\"\" data-rel=\"lightbox-gallery-1\"><img src=\"https:\/\/tarqitamaat.ca\/wp-content\/uploads\/2021\/06\/IMG_0010-2.jpeg\" width=\"480\" height=\"485\" alt=\"\" \/><\/a> <\/li> <\/ul> <\/div> <\/div>\n<p><!-- \/wp:paragraph --><\/p>","protected":false},"excerpt":{"rendered":"<p>\u14d7\u1403\u14f4 \u1472\u14c7\u1550\u152a\u140a\u1585 | Louisa Kanarjuaq \u14d7\u1403\u14f4 \u1472\u14c8\u1550\u152a\u140a\u1585 \u140a\u14a5\u14f1\u1403\u14c2\u1483 \u1431\u152a\u14d0\u14c7\u14c2\u14d5\u1483 \u1403\u1557\u1528\u1555\u14bb\u14a5\u1405\u148d\u1466\u14f1\u14c2. \u14f4\u14c7\u1405\u1490\u14f2\u1585, \u140a\u14ea\u14da\u1591\u140a\u14f2, \u14a5\u1591\u140a\u1595\u1591\u140a\u14f2\u1585 \u140a\u14bb\u14aa\u14d7 \u1403\u1595\u158f\u1548\u14ef\u14d5\u1405\u1550\u14ef\u14aa\u1466\u14f1\u14c2 \u140a\u144e\u14d5\u14bb\u14a5\u1483 \u1583\u1405\u14aa\u14ed\u1529\u1466 2004-\u14a5. \u1472\u1455\u1466\u152d\u14f2\u148d\u1466\u14f1\u14c2\u14d7 \u1403\u14f1\u14aa\u1583\u1450\u1403\u14d0\u14c7\u14f1\u14c2 \u14f1\u1583\u1466\u14ef\u1405\u144e\u1405\u148b\u140a\u1593 \u1472\u1455\u1466\u152d\u14c2\u1550\u14a5\u1483 \u1581\u1555\u140a\u14f1\u155d\u1555\u1405\u14da\u1405\u152b\u14a5, \u1403\u14c4\u1451\u1466\u14f1\u14c2 \u1472\u1455\u1466\u152d\u14f1\u14c2 \u14f5\u14da\u1583\u14da\u1405\u152a\u1490\u14d7\u140a\u154b\u14a5 \u14c4\u14c7\u14d5\u14d0\u14c2 \u1431\u1595\u1591\u140a\u14c2\u1583\u1550\u144e\u14d7\u148d \u1472\u1455\u1466\u152d\u14f2\u148d\u1490\u14d7\u140a\u1550\u144e\u14d7\u148b\u1483 \u14aa\u1550\u1549\u14f1\u144e\u1483 \u140a\u1550\u14c8\u1483. \u1455\u146f\u14a5\u14c7\u1550\u1450\u14d5\u1405\u1550\u14c2\u14a5\u14c2 \u1455\u146f\u1466\u14f4\u1591\u1550\u144e\u14ef\u148b\u140a\u14a5\u1483 \u140a\u14d5\u140a\u14f2\u1585 \u1403\u14d7\u14a1\u148d\u14ef\u1550\u14a5\u14c2\u1483 \u140a\u14bb\u14aa\u14d7 \u1403\u14c4\u1403\u1466 \u1431\u1559\u14ea\u14d5\u140a\u14ef\u14aa\u14c2\u158f\u14d0\u14c2\u1483 \u1455\u146f\u14ef\u14aa\u152d\u14a5\u14c2\u1483. \u1472\u1483\u1472\u14db\u148d\u1466\u14f1\u14c2, \u1403\u14c4\u1403\u1466 \u1403\u14c5\u14a1\u148d\u14ef\u1593\u144e\u148d\u1466 \u1403\u14c5\u14ef\u14aa\u152a\u1585 \u140a\u14bb\u14aa\u14d7 \u140a\u1405\u14da\u1559\u1466\u1450\u1555\u14c2\u1405\u1466\u14f1\u14c2 \u157f\u14a7\u1466\u14ef\u146f\u1466 \u140a\u14bb\u14aa\u14d7 8-\u14c2\u1483 \u1405\u146d\u1405\u1583\u1550\u14f1\u14c2, \u1403\u14ea\u14d7\u1548\u140a\u1550\u14a5\u1405\u148d\u14ef\u152a\u1555\u14c2\u1405\u1466\u14f1\u14c2. \u1403\u14d5\u14ed\u1528\u1405\u14ef\u14aa\u152a\u1585 \u14c4\u14c7\u14d5\u14d0\u14c2 \u1403\u14d5\u14f4\u1550\u1555\u14a5 \u146d\u14ef\u140a\u14c2 \u1403\u14c4\u1450\u1583\u1405\u14c2\u1550\u14a7\u1466 &hellip; <a href=\"https:\/\/tarqitamaat.ca\/?page_id=2823\" class=\"more-link\">Continue reading <span class=\"screen-reader-text\">\u14aa\u14d0\u14c2\u14d5\u1405\u1466 | Juin | June<\/span> <span class=\"meta-nav\">&rarr;<\/span><\/a><\/p>\n","protected":false},"author":1,"featured_media":2827,"parent":0,"menu_order":0,"comment_status":"closed","ping_status":"closed","template":"","meta":[],"_links":{"self":[{"href":"https:\/\/tarqitamaat.ca\/index.php?rest_route=\/wp\/v2\/pages\/2823"}],"collection":[{"href":"https:\/\/tarqitamaat.ca\/index.php?rest_route=\/wp\/v2\/pages"}],"about":[{"href":"https:\/\/tarqitamaat.ca\/index.php?rest_route=\/wp\/v2\/types\/page"}],"author":[{"embeddable":true,"href":"https:\/\/tarqitamaat.ca\/index.php?rest_route=\/wp\/v2\/users\/1"}],"replies":[{"embeddable":true,"href":"https:\/\/tarqitamaat.ca\/index.php?rest_route=%2Fwp%2Fv2%2Fcomments&post=2823"}],"version-history":[{"count":6,"href":"https:\/\/tarqitamaat.ca\/index.php?rest_route=\/wp\/v2\/pages\/2823\/revisions"}],"predecessor-version":[{"id":114767,"href":"https:\/\/tarqitamaat.ca\/index.php?rest_route=\/wp\/v2\/pages\/2823\/revisions\/114767"}],"wp:featuredmedia":[{"embeddable":true,"href":"https:\/\/tarqitamaat.ca\/index.php?rest_route=\/wp\/v2\/media\/2827"}],"wp:attachment":[{"href":"https:\/\/tarqitamaat.ca\/index.php?rest_route=%2Fwp%2Fv2%2Fmedia&parent=2823"}],"curies":[{"name":"wp","href":"https:\/\/api.w.org\/{rel}","templated":true}]}}