{"id":28,"date":"2019-01-11T16:18:42","date_gmt":"2019-01-11T16:18:42","guid":{"rendered":"https:\/\/aumaaggiivik.wordpress.com\/?page_id=28"},"modified":"2023-01-12T16:50:24","modified_gmt":"2023-01-12T16:50:24","slug":"%e1%90%85%e1%91%af%e1%96%91%e1%90%83-january-janvier","status":"publish","type":"page","link":"https:\/\/tarqitamaat.ca\/?page_id=28","title":{"rendered":"\u14c7\u14d5\u1550\u166f\u1450\u1585 | Janvier | January"},"content":{"rendered":"\n<h2 class=\"wp-block-heading\">\u1432\u1450\u1546\u1505 \u144e\u140a Beatrice Deer<\/h2>\n\n\n\n<p class=\"has-very-light-gray-background-color has-background\">\n\n\n\n\n\n\n\n\n\n\n\n\n\n\n\n\n\u14f5\u14da\u1583\u1405\u144e\u1456\u1550\u14ef\u14aa\u152a\u1585 \u1431\u1450\u1546\u1505 \u144e\u140a \u1455\u146f\u152d\u1466\u14f4\u1591\u1550\u144e\u14ef\u1550\u1583\u14a5\u1585&nbsp;<em>\u144e\u1546\u1490\u14d0\u14c2\u140a\u1449 \u140a\u1550\u14c7\u1593<\/em>, \u1472\u1483\u1472\u14db\u1466\n\u140a\u1450\u140a\u1490\u158f\u1466 \u140a\u1450\u1403\u14d0\u14c0\u1466 \u1403\u14c4\u1466\u144e\u1450\u1466 \u140a\u14bb\u14aa\u14d7 \u1583\u14ea\u14d7\u14c8\u1550\u144e\u1450\u1466. \u140a\u1405\u152d\u14a5 \u1405\u14d0\u14c4\u1450\u1483\u146f\u1466 \u14c4\u1557\u152d\u1583\u1548\u14d0\u14c0\u144e\u14ea\u14d7\u148d, \u144e\u1546\u1490\u14d0\u14c2\u140a\u1585 \u14ef\u14da\u1550\u152a\u140a\u14a7\u1466\n\u1472\u1455\u1466\u1450\u1585 \u140a\u14bb\u14aa\u14d7 \u1472\u144e\u14ef\u1466\u14f1\u14c2 \u1403\u14da\u148c\u14c2\u1483 \u1403\u14c4\u14d0\u14c2\u1483. \u14ef\u14da\u1405\u1449 \u140a\u14ef\u1466\u1528\u1455\u1550\u14c2\u1593 \u14aa\u14d5\u1466\u14f1\u148d \u14c4\u14c7\u14a5\u14c2\u1483 \u140a\u14ef\u1466\u1529\u1455\u1550\u1438\u14aa\u1455, \u14aa\u14d5\u14ef\u152a\u1555\u14c2\u1585\n\u14c5\u14ef\u144e\u14ea\u14d7\u148d, \u140a\u152a\u1489\u14ea\u14d8\u1438\u14ea\u14d5\u140a\u1450\u1403\u14d0\u14c7\u14f1\u14c2 \u1403\u14c4\u1403\u1466 \u1431\u1405\u14ef\u158f\u14d0\u14c2\u1483, \u1431\u14d7\u140a\u1550\u1450\u14a5\u1483 \u1403\u1550\u14c2\u158f\u1466\u1455 \u140a\u1593\u152a\u1466\u14ef\u1439\u1593\u14c2\u1483, \u1403\u1550\u14c2\u14a5\u1483. \u1456\u1483\u146f\u140a\n\u1450\u146d\u14ef\u14c7\u1466\u14ef\u140a\u1450\u1466 \u140a\u1450\u140a\u1489\u1466 \u1450\u146d\u14ef\u1466\u14f4\u1405\u144e\u1466\u14ef\u152a\u1466 \u1403\u14c4\u1403\u1466 \u1405\u14c2\u1483\u1473\u1450\u1583\u158f\u14d0\u14c2\u1483. \u00ab\u1405\u1583\u1405\u14ef\u1585 \u1403\u14da\u1405\u14bb\u14aa\u1466 \u146d\u14c7\u1405\u14c2\u158f\u1466\u1455 \u14c7\u14d7\u14c0\u1483\u146f\u1455\u158f\u14d0\u14c4\u1466\n\u140a\u14bb\u14aa\u14d7 \u1431\u14bb\u14aa\u1546\u1405\u1466\u14f1\u14c2 \u14c4\u1403\u14d5\u1405\u14a5\u144e\u1455\u1405\u148b\u140a\u1583\u1546\u140a\u1593, \u140a\u1450\u1550\u1455\u1405\u1559\u148b\u140a\u1593, \u1455\u146f\u1466\u14f4\u1591\u1550\u144e\u14ef\u1559\u148b\u140a\u1583\u1550\u1433\u148d\u1466 \u140a\u1450\u140a\u1490\u1550\u14c2\u1483 \u1403\u1595\u158f\u1591\u140a\u1548\u14ef\u14c2\u1483\n\u1403\u14c4\u14d0\u14c4\u1466 \u1450\u14f5\u152d\u1405\u1581\u14d7\u148b\u1466\u00bb \u1431\u1450\u1546\u1505 \u14da\u14da\u1405\u152b\u1585. \u1583\u1405\u1528\u14aa\u152d\u1405\u1466\u14ef\u140a\u14f1\u14c2\u14d7 \u1403\u1595\u158f\u144e\u1405\u148b\u140a\u1593, \u1403\u1595\u158f\u14f2\u1585 \u1405\u140a\u1548\u144e\u148c\u14c2\u1483 \u1403\u14c4\u1466\u144e\u1450\u1466\/\u1583\u14ea\u14d7\u14c8\u1550\u144e\u1450\u1466, \u1431\u1450\u1546\u1505 \u14da\u14da\u1405\u152b\u1585 \u00ab\u1403\u14c4\u1466\u144e\u1450\u1466 \u1405\u1583\u1405\u14ef\u14ea\u14da\u1546\u1583\u1550\u14c2\u14c4\u1466, \u1403\u14c4\u1466\u144e\u1450\u1466 \u1403\u14bb\u14a5\u14c2\u1483 \u1450\u14f4\u1550\u14f4\u1405\u144e\u148b\u140a\u14a5\u1483\n\u1405\u1559\u14d0\u14c4\u1466 \u1403\u14f1\u140a\u1550\u14c2\u14f4\u1405\u1557\u1585. \u1403\u14c4\u1403\u1466 \u1405\u1583\u1405\u14ef\u158f\u1466\u1455 \u1403\u14da\u158f\u1466 \u1583\u14ea\u14d7\u14c8\u1550\u144e\u1451\u14d5\u1550\u144e\u14f4\u1405\u1595\u158f\u1450\u1466 \u1405\u155d\u1559\u14d8\u14d0\u14c3\u1466 \u1405\u1403\u148d\u1403\u144e\u1450\u1466 \u1403\u14c4\u1466\u144e\u1450\u1466 \u146d\u14ef\u140a\u14c2\n\u1405\u1583\u1550\u1455\u1405\u148d\u14d0\u14c7\u14f1\u144e\u1483 \u1583\u14c4\u1403\u14d5\u148d\u14aa\u14c2\u1550\u14c3\u1555\u1466 \u1450\u146d\u14ef\u14c7\u1550\u144e\u14ef\u1466\u14ef\u140a\u1548\u14d0\u14c7\u14f1\u144e\u1483. ! \u00bb \u1405\u1583\u1405\u14ef\u1466\u1455 \u14ef\u1557\u14c2\u1550\u14a5 \u1583\u14c4\u1403\u14d5\u1593\u14db\u1550\u1450\u14f4\u1405\u14c2\u1593\u14c4\u1466, \u00bb\n\u1405\u14ea\u14d7\u14a5, \u14c4\u14c7\u1555\u14bb\u14a5 \u1403\u14c4\u1466\u144e\u1451\u1548\u14d0\u14c7\u1450\u1466 98-\u14c2\u1466 99%-\u1405\u1557\u1466 \u1455\u14aa\u14d0\u14c7\u14d7 \u140a\u14d5\u140a\u14c7\u1550\u14f1\u14c2 \u146d\u14ef\u140a\u14c2 \u1583\u1405\u1528\u14aa\u1559\u14d5\u1550\u1450\u1593 \u1405\u1583\u1405\u14ef\u158f\u1466\u1455 \u1403\u14da\u158f\u1466\n\u140a\u1450\u1550\u1455\u1405\u148d\u14d0\u14c0\u1559\u14ea\u14d5\u140a\u14ef\u14aa\u14d5\u1550\u14c2\u158f\u14d0\u14c2\u1483. \u1456\u1483\u146f\u140a \u1405\u1583\u1405\u14f0\u1466 \u1450\u146d\u14ef\u14aa\u1595\u158f\u1455\u1483\u1472 \u146d\u14ef\u140a\u14c2 \u1403\u14c4\u1450\u1583\u1405\u14c2\u1550\u14f4\u14c4\u1466 \u1450\u146d\u14ef\u14aa\u152d\u1405\u1466\u14ef\u140a\u1450\u1466 \u144c\u14a3\u14d5\u1550\u14c2\u1593\u14d7\n\u1403\u14c2\u1550\u1451\u14aa\u14c7\u14d5\u1550\u14f1\u14c2. \u1455\u146f\u1559\u1483\u1472\u14d7\u140a\u1550\u1450\u1593 \u1431\u1490\u14f1\u140a\u14bb\u14aa\u1546\u1405\u1455\u1405\u14c2\u1593\u14c2\u1483 \u140a\u14ef\u1405\u144e\u1466\u144c\u14d5\u1466\u14f1\u148d \u140a\u14bb\u14aa\u14d7 \u1431\u1559\u14ea\u14d5\u140a\u144e\u148b\u140a\u1466\u14ef\u140a\u14f1\u148d \u1403\u14c4\u1466\u144e\u1450\u1466 \u140a\u14bb\u14aa\u14d7\n\u140a\u1450\u1550\u1455\u1405\u158f\u14d0\u14c7\u1548\u14d0\u14c7\u1450\u1546\u1466\u14f1\u148d \u1405\u155d\u1559\u14d8\u14d0\u14c3\u1466 \u14c4\u1403\u144e\u1455\u1405\u14ea\u14da\u1546\u148b\u140a\u1466\u14ef\u140a\u14d7\u14c2, \u144c\u14a3\u1581\u14c7\u1550\u1451\u1490\u14d7\u140a\u1585!\u00bb\n\n\n\n<\/p>\n\n\n\n<p class=\"has-very-light-gray-background-color has-background\">Beatrice Deer, gagnante de plusieurs prix pour sa musique, a r\u00e9cemment publi\u00e9 <em>\u144e\u1546\u1490\u14d0\u14c2\u140a\u1449 \u140a\u1550\u14c7\u1593  The&nbsp;Fox&nbsp;Wife<\/em>, un livre pour enfant disponible en Inuktitut et anglais. Durant une nuit d\u2019\u00e9t\u00e9, un renard arrive sur terre et tombe sur une famille d\u2019humain. Les saisons changent et ils bougent vers d\u2019autres campements, le renard les suit, avec une curiosit\u00e9 des mani\u00e8res humaines grandissante, plus particuli\u00e8rement pour le fils ain\u00e9 Irniq. Ce roman graphique est une interpr\u00e9tation d\u2019une histoire traditionnelle inuite. \u2018\u2019Parce que la langue fait partie de notre identit\u00e9, c\u2019est important de l\u2019utiliser, de la promouvoir; nous avons besoins de publier des chansons et des livres en Inuktitut pour que les gens puissent l&#8217;entendre\u2019\u2019 dit B\u00e9atrice. Aussi connue pour sa musique d\u2019o\u00f9 elle m\u00e9lange les paroles en anglais et en Inuktitut, Beatrice dit que \u2018\u2019Ayant l&#8217;Inuktitut comme langue maternelle, \u00e9videmment, il est plus facile de m\u2019exprimer en Inuktitut. Il y a certains mots que nous ne pouvons simplement pas traduire en anglais ou en fran\u00e7ais et que tu ne peux que le dire en Inuktitut pour dire ce que tu veux vraiment exprimer.\u2019\u2019 Beatrice t\u00e9moigne \u00e9galement sur le futur de sa langue: \u2018\u2019 il y a environ 98 \u00e0 99% de personnes qui parlent en Inuktitut au Nunavik ce qui est vraiment bien mais je vois un d\u00e9clin dans le vocabulaire. Il y a certains mots que je ne comprends pas mais que les personnes des g\u00e9n\u00e9rations pr\u00e9c\u00e9dentes  comprennent et c\u2019est effrayant. Je vois beaucoup d\u2019effort pour pr\u00e9server et promouvoir l\u2019inuktitut et je crois que c\u2019est possible de continuer et m\u00eame de s\u2019am\u00e9liorer, alors, oui, j\u2019ai espoir!\u2019&#8217;<\/p>\n\n\n\n<p class=\"has-very-light-gray-background-color has-background\">Award-winning musician Beatrice Deer recently published <em>\u144e\u1546\u1490\u14d0\u14c2\u140a\u1449 \u140a\u1550\u14c7\u1593 The Fox Wife<\/em>, a children book available in Inuktitut and English. On a cloudless summer night, a fox falls to earth and comes across a family of humans. As the seasons change and they move their camp, she follows them, growing ever more intrigued by human ways\u201a and especially by the oldest son, Irniq. This graphic novel reinterprets a traditional Inuit story. \u00ab Because language is part of our identity and it\u2019s important to promote it, use it, we need to publish books song so people can hear it \u00bb Beatrice says. Also well know for her music, where she uses a mixt of Inuktitut\/English lyrics, Beatrice says \u00abhaving Inuktitut as a first language of course, it\u2019s easier to express myself in Inuktitut. There are some words that you just can\u2019t translate into English or French that you can only say in Inuktitut and say what you really want to say. \u00bb About the future of her language, \u00ab So far, there is about 98 to 99% Inuktitut speaker in Nunavik which is really good but I do see a decline in vocabulary. They are some words I do not understand but the older generations understand and that is frightening. I do see a lot of effort in preserving and promoting Inuktitut and I think it\u2019s possible to remain or even improve so yeah, I\u2019m hopeful! \u00bb<\/p>\n\n\n\n<p class=\"has-background\" style=\"background-color:#e5f5f5\"><em>\u144e\u1546\u1490\u14d0\u14c2\u140a\u1449 \u140a\u1550\u14c7\u1593  The Fox Wife <\/em> \u1405\u1559\u14c2 \u1583\u1546\u1455\u1405\u152d\u1483\u146f\u1466 \u140a\u1450\u1403\u14d0\u14c0\u1466 \/ est disponible \u00e0 \/ is available at: <a rel=\"noreferrer noopener\" aria-label=\"Inhabit Media (opens in a new tab)\" href=\"https:\/\/inhabitbooks.com\/collections\/new-books\/products\/in9781772272123\" target=\"_blank\">Inhabit Media<\/a><a href=\"https:\/\/inhabitbooks.com\/collections\/new-books\/products\/in9781772272123\"> <\/a><a rel=\"noreferrer noopener\" aria-label=\"Publisher (opens in a new tab)\" href=\"https:\/\/inhabitbooks.com\/collections\/new-books\/products\/in9781772272123\" target=\"_blank\">Publisher<\/a><br><a rel=\"noreferrer noopener\" aria-label=\"Beatrice Deer Official Website (opens in a new tab)\" href=\"https:\/\/www.beatricedeerband.com\/\" target=\"_blank\">Beatrice Deer Official Website<\/a><br><a rel=\"noreferrer noopener\" aria-label=\"You Tube Channel (opens in a new tab)\" href=\"https:\/\/www.youtube.com\/channel\/UCW4Y8KEmz5WgOP6O3iwAwKw\" target=\"_blank\">You Tube Channel<\/a><br><a rel=\"noreferrer noopener\" aria-label=\"Facebook Page (opens in a new tab)\" href=\"https:\/\/www.facebook.com\/BeatriceDeer\/\" target=\"_blank\">Facebook Page<\/a><\/p>\n\n\n\n<p>\u140a\u14ea\u14da\u1450\u1585 | Texte de | Text by: Olivia Lya Thomassie<\/p>\n\n\n<div class=\"rl-gallery-container splide rl-loading\" id=\"rl-gallery-container-1\" data-gallery_id=\"266\"> <div class=\"rl-gallery rl-basicslider-gallery splide__track rl-hover-icon-10\" id=\"rl-gallery-1\" data-gallery_no=\"1\"> <ul class=\"splide__list\"> <li class=\"rl-gallery-item splide__slide\" data-thumb=\"https:\/\/tarqitamaat.ca\/wp-content\/uploads\/2019\/01\/fox-wife-spread-2.jpg\"> <a href=\"https:\/\/tarqitamaat.ca\/wp-content\/uploads\/2019\/01\/fox-wife-spread-2.jpg\" title=\"\" data-rl_title=\"\" class=\"rl-gallery-link\" data-rl_caption=\"\" data-rel=\"lightbox-gallery-1\"><img src=\"https:\/\/tarqitamaat.ca\/wp-content\/uploads\/2019\/01\/fox-wife-spread-2.jpg\" width=\"1808\" height=\"748\" alt=\"\" \/><\/a> <\/li> <li class=\"rl-gallery-item splide__slide\" data-thumb=\"https:\/\/tarqitamaat.ca\/wp-content\/uploads\/2019\/02\/Fox-Wife-Spread-1-1.jpg\"> <a href=\"https:\/\/tarqitamaat.ca\/wp-content\/uploads\/2019\/02\/Fox-Wife-Spread-1-1.jpg\" title=\"\" data-rl_title=\"\" class=\"rl-gallery-link\" data-rl_caption=\"\" data-rel=\"lightbox-gallery-1\"><img src=\"https:\/\/tarqitamaat.ca\/wp-content\/uploads\/2019\/02\/Fox-Wife-Spread-1-1.jpg\" width=\"1804\" height=\"745\" alt=\"\" \/><\/a> <\/li> <\/ul> <\/div> <\/div>\n\n\n<figure class=\"wp-block-image\"><img decoding=\"async\" loading=\"lazy\" width=\"1600\" height=\"1294\" src=\"https:\/\/tarqitamaat.ca\/wp-content\/uploads\/2019\/01\/fox-wife-inuktitut-1.png\" alt=\"\" class=\"wp-image-149\" srcset=\"https:\/\/tarqitamaat.ca\/wp-content\/uploads\/2019\/01\/fox-wife-inuktitut-1.png 1600w, https:\/\/tarqitamaat.ca\/wp-content\/uploads\/2019\/01\/fox-wife-inuktitut-1-300x243.png 300w, https:\/\/tarqitamaat.ca\/wp-content\/uploads\/2019\/01\/fox-wife-inuktitut-1-768x621.png 768w, https:\/\/tarqitamaat.ca\/wp-content\/uploads\/2019\/01\/fox-wife-inuktitut-1-1024x828.png 1024w, https:\/\/tarqitamaat.ca\/wp-content\/uploads\/2019\/01\/fox-wife-inuktitut-1-700x566.png 700w, https:\/\/tarqitamaat.ca\/wp-content\/uploads\/2019\/01\/fox-wife-inuktitut-1-495x400.png 495w\" sizes=\"(max-width: 1600px) 100vw, 1600px\" \/><\/figure>\n\n\n\n<figure class=\"wp-block-embed is-type-video is-provider-youtube wp-block-embed-youtube wp-embed-aspect-4-3 wp-has-aspect-ratio\"><div class=\"wp-block-embed__wrapper\">\n<iframe loading=\"lazy\" width=\"700\" height=\"394\" src=\"https:\/\/www.youtube.com\/embed\/demwbrLXnNc?feature=oembed\" frameborder=\"0\" allow=\"accelerometer; autoplay; encrypted-media; gyroscope; picture-in-picture\" allowfullscreen><\/iframe>\n<\/div><\/figure>\n\n\n\n<p class=\"has-small-font-size\"> \u140a\u1466\u1528\u14d5\u140a\u1555\u14c2\u1550\u14a5\u14c2\u1483 \u140a\u1450\u1550\u1455\u1405\u144e\u1466\u14ef\u14ef\u14aa\u152a\u1466  \/ Cr\u00e9dits photos \/ Photos credits: Joseph Yarmush (portrait Beatrice Deer), Inhabit Media (<em>\u144e\u1546\u1490\u14d0\u14c2\u140a\u1449 \u140a\u1550\u14c7\u1593 The&nbsp;Fox&nbsp;Wife)<\/em><\/p>\n\n\n<blockquote class=\"instagram-media\" data-instgrm-permalink=\"https:\/\/www.instagram.com\/p\/B-hqLICHH8T\/?utm_source=ig_embed&amp;utm_campaign=loading\" data-instgrm-version=\"12\" style=\" background:#FFF; border:0; border-radius:3px; box-shadow:0 0 1px 0 rgba(0,0,0,0.5),0 1px 10px 0 rgba(0,0,0,0.15); margin: 1px; max-width:540px; min-width:326px; padding:0; width:99.375%; width:-webkit-calc(100% - 2px); width:calc(100% - 2px);\">\n<div style=\"padding:16px;\"> <a href=\"https:\/\/www.instagram.com\/p\/B-hqLICHH8T\/?utm_source=ig_embed&amp;utm_campaign=loading\" style=\" background:#FFFFFF; line-height:0; padding:0 0; text-align:center; text-decoration:none; width:100%;\" target=\"_blank\" rel=\"noopener noreferrer\"> <p><\/p>\n<div style=\" display: flex; flex-direction: row; align-items: center;\">\n<div style=\"background-color: #F4F4F4; border-radius: 50%; flex-grow: 0; height: 40px; margin-right: 14px; width: 40px;\"><\/div>\n<div style=\"display: flex; flex-direction: column; flex-grow: 1; justify-content: center;\">\n<div style=\" background-color: #F4F4F4; border-radius: 4px; flex-grow: 0; height: 14px; margin-bottom: 6px; width: 100px;\"><\/div>\n<div style=\" background-color: #F4F4F4; border-radius: 4px; flex-grow: 0; height: 14px; width: 60px;\"><\/div>\n<\/div>\n<\/div>\n<div style=\"padding: 19% 0;\"><\/div>\n<div style=\"display:block; height:50px; margin:0 auto 12px; width:50px;\"><svg width=\"50px\" height=\"50px\" viewBox=\"0 0 60 60\" version=\"1.1\" xmlns=\"https:\/\/www.w3.org\/2000\/svg\" xmlns:xlink=\"https:\/\/www.w3.org\/1999\/xlink\"><g stroke=\"none\" stroke-width=\"1\" fill=\"none\" fill-rule=\"evenodd\"><g transform=\"translate(-511.000000, -20.000000)\" fill=\"#000000\"><g><path d=\"M556.869,30.41 C554.814,30.41 553.148,32.076 553.148,34.131 C553.148,36.186 554.814,37.852 556.869,37.852 C558.924,37.852 560.59,36.186 560.59,34.131 C560.59,32.076 558.924,30.41 556.869,30.41 M541,60.657 C535.114,60.657 530.342,55.887 530.342,50 C530.342,44.114 535.114,39.342 541,39.342 C546.887,39.342 551.658,44.114 551.658,50 C551.658,55.887 546.887,60.657 541,60.657 M541,33.886 C532.1,33.886 524.886,41.1 524.886,50 C524.886,58.899 532.1,66.113 541,66.113 C549.9,66.113 557.115,58.899 557.115,50 C557.115,41.1 549.9,33.886 541,33.886 M565.378,62.101 C565.244,65.022 564.756,66.606 564.346,67.663 C563.803,69.06 563.154,70.057 562.106,71.106 C561.058,72.155 560.06,72.803 558.662,73.347 C557.607,73.757 556.021,74.244 553.102,74.378 C549.944,74.521 548.997,74.552 541,74.552 C533.003,74.552 532.056,74.521 528.898,74.378 C525.979,74.244 524.393,73.757 523.338,73.347 C521.94,72.803 520.942,72.155 519.894,71.106 C518.846,70.057 518.197,69.06 517.654,67.663 C517.244,66.606 516.755,65.022 516.623,62.101 C516.479,58.943 516.448,57.996 516.448,50 C516.448,42.003 516.479,41.056 516.623,37.899 C516.755,34.978 517.244,33.391 517.654,32.338 C518.197,30.938 518.846,29.942 519.894,28.894 C520.942,27.846 521.94,27.196 523.338,26.654 C524.393,26.244 525.979,25.756 528.898,25.623 C532.057,25.479 533.004,25.448 541,25.448 C548.997,25.448 549.943,25.479 553.102,25.623 C556.021,25.756 557.607,26.244 558.662,26.654 C560.06,27.196 561.058,27.846 562.106,28.894 C563.154,29.942 563.803,30.938 564.346,32.338 C564.756,33.391 565.244,34.978 565.378,37.899 C565.522,41.056 565.552,42.003 565.552,50 C565.552,57.996 565.522,58.943 565.378,62.101 M570.82,37.631 C570.674,34.438 570.167,32.258 569.425,30.349 C568.659,28.377 567.633,26.702 565.965,25.035 C564.297,23.368 562.623,22.342 560.652,21.575 C558.743,20.834 556.562,20.326 553.369,20.18 C550.169,20.033 549.148,20 541,20 C532.853,20 531.831,20.033 528.631,20.18 C525.438,20.326 523.257,20.834 521.349,21.575 C519.376,22.342 517.703,23.368 516.035,25.035 C514.368,26.702 513.342,28.377 512.574,30.349 C511.834,32.258 511.326,34.438 511.181,37.631 C511.035,40.831 511,41.851 511,50 C511,58.147 511.035,59.17 511.181,62.369 C511.326,65.562 511.834,67.743 512.574,69.651 C513.342,71.625 514.368,73.296 516.035,74.965 C517.703,76.634 519.376,77.658 521.349,78.425 C523.257,79.167 525.438,79.673 528.631,79.82 C531.831,79.965 532.853,80.001 541,80.001 C549.148,80.001 550.169,79.965 553.369,79.82 C556.562,79.673 558.743,79.167 560.652,78.425 C562.623,77.658 564.297,76.634 565.965,74.965 C567.633,73.296 568.659,71.625 569.425,69.651 C570.167,67.743 570.674,65.562 570.82,62.369 C570.966,59.17 571,58.147 571,50 C571,41.851 570.966,40.831 570.82,37.631\"><\/path><\/g><\/g><\/g><\/svg><\/div>\n<div style=\"padding-top: 8px;\">\n<div style=\" color:#3897f0; font-family:Arial,sans-serif; font-size:14px; font-style:normal; font-weight:550; line-height:18px;\"> View this post on Instagram<\/div>\n<\/div>\n<div style=\"padding: 12.5% 0;\"><\/div>\n<div style=\"display: flex; flex-direction: row; margin-bottom: 14px; align-items: center;\">\n<div>\n<div style=\"background-color: #F4F4F4; border-radius: 50%; height: 12.5px; width: 12.5px; transform: translateX(0px) translateY(7px);\"><\/div>\n<div style=\"background-color: #F4F4F4; height: 12.5px; transform: rotate(-45deg) translateX(3px) translateY(1px); width: 12.5px; flex-grow: 0; margin-right: 14px; margin-left: 2px;\"><\/div>\n<div style=\"background-color: #F4F4F4; border-radius: 50%; height: 12.5px; width: 12.5px; transform: translateX(9px) translateY(-18px);\"><\/div>\n<\/div>\n<div style=\"margin-left: 8px;\">\n<div style=\" background-color: #F4F4F4; border-radius: 50%; flex-grow: 0; height: 20px; width: 20px;\"><\/div>\n<div style=\" width: 0; height: 0; border-top: 2px solid transparent; border-left: 6px solid #f4f4f4; border-bottom: 2px solid transparent; transform: translateX(16px) translateY(-4px) rotate(30deg)\"><\/div>\n<\/div>\n<div style=\"margin-left: auto;\">\n<div style=\" width: 0px; border-top: 8px solid #F4F4F4; border-right: 8px solid transparent; transform: translateY(16px);\"><\/div>\n<div style=\" background-color: #F4F4F4; flex-grow: 0; height: 12px; width: 16px; transform: translateY(-4px);\"><\/div>\n<div style=\" width: 0; height: 0; border-top: 8px solid #F4F4F4; border-left: 8px solid transparent; transform: translateY(-4px) translateX(8px);\"><\/div>\n<\/div>\n<\/div>\n<div style=\"display: flex; flex-direction: column; flex-grow: 1; justify-content: center; margin-bottom: 24px;\">\n<div style=\" background-color: #F4F4F4; border-radius: 4px; flex-grow: 0; height: 14px; margin-bottom: 6px; width: 224px;\"><\/div>\n<div style=\" background-color: #F4F4F4; border-radius: 4px; flex-grow: 0; height: 14px; width: 144px;\"><\/div>\n<\/div>\n<\/a><p><a href=\"https:\/\/www.instagram.com\/p\/B-hqLICHH8T\/?utm_source=ig_embed&amp;utm_campaign=loading\" style=\" background:#FFFFFF; line-height:0; padding:0 0; text-align:center; text-decoration:none; width:100%;\" target=\"_blank\" rel=\"noopener noreferrer\"><\/a><\/p>\n<p><a href=\"https:\/\/www.instagram.com\/p\/B-hqLICHH8T\/?utm_source=ig_embed&amp;utm_campaign=loading\" style=\" background:#FFFFFF; line-height:0; padding:0 0; text-align:center; text-decoration:none; width:100%;\" target=\"_blank\" rel=\"noopener noreferrer\"><\/a><\/p>\n<p style=\" color:#c9c8cd; font-family:Arial,sans-serif; font-size:14px; line-height:17px; margin-bottom:0; margin-top:8px; overflow:hidden; padding:8px 0 7px; text-align:center; text-overflow:ellipsis; white-space:nowrap;\"><a href=\"https:\/\/www.instagram.com\/p\/B-hqLICHH8T\/?utm_source=ig_embed&amp;utm_campaign=loading\" style=\" color:#c9c8cd; font-family:Arial,sans-serif; font-size:14px; font-style:normal; font-weight:normal; line-height:17px; text-decoration:none;\" target=\"_blank\" rel=\"noopener noreferrer\">A post shared by Beatrice Deer Band (@beatricedeerband)<\/a> on <time style=\" font-family:Arial,sans-serif; font-size:14px; line-height:17px;\" datetime=\"2020-04-03T16:46:08+00:00\">Apr 3, 2020 at 9:46am PDT<\/time><\/p>\n<\/div>\n<\/blockquote>\n<p> <script async=\"\" src=\"\/\/www.instagram.com\/embed.js\"><\/script><\/p>","protected":false},"excerpt":{"rendered":"<p>\u1432\u1450\u1546\u1505 \u144e\u140a Beatrice Deer \u14f5\u14da\u1583\u1405\u144e\u1456\u1550\u14ef\u14aa\u152a\u1585 \u1431\u1450\u1546\u1505 \u144e\u140a \u1455\u146f\u152d\u1466\u14f4\u1591\u1550\u144e\u14ef\u1550\u1583\u14a5\u1585&nbsp;\u144e\u1546\u1490\u14d0\u14c2\u140a\u1449 \u140a\u1550\u14c7\u1593, \u1472\u1483\u1472\u14db\u1466 \u140a\u1450\u140a\u1490\u158f\u1466 \u140a\u1450\u1403\u14d0\u14c0\u1466 \u1403\u14c4\u1466\u144e\u1450\u1466 \u140a\u14bb\u14aa\u14d7 \u1583\u14ea\u14d7\u14c8\u1550\u144e\u1450\u1466. \u140a\u1405\u152d\u14a5 \u1405\u14d0\u14c4\u1450\u1483\u146f\u1466 \u14c4\u1557\u152d\u1583\u1548\u14d0\u14c0\u144e\u14ea\u14d7\u148d, \u144e\u1546\u1490\u14d0\u14c2\u140a\u1585 \u14ef\u14da\u1550\u152a\u140a\u14a7\u1466 \u1472\u1455\u1466\u1450\u1585 \u140a\u14bb\u14aa\u14d7 \u1472\u144e\u14ef\u1466\u14f1\u14c2 \u1403\u14da\u148c\u14c2\u1483 \u1403\u14c4\u14d0\u14c2\u1483. \u14ef\u14da\u1405\u1449 \u140a\u14ef\u1466\u1528\u1455\u1550\u14c2\u1593 \u14aa\u14d5\u1466\u14f1\u148d \u14c4\u14c7\u14a5\u14c2\u1483 \u140a\u14ef\u1466\u1529\u1455\u1550\u1438\u14aa\u1455, \u14aa\u14d5\u14ef\u152a\u1555\u14c2\u1585 \u14c5\u14ef\u144e\u14ea\u14d7\u148d, \u140a\u152a\u1489\u14ea\u14d8\u1438\u14ea\u14d5\u140a\u1450\u1403\u14d0\u14c7\u14f1\u14c2 \u1403\u14c4\u1403\u1466 \u1431\u1405\u14ef\u158f\u14d0\u14c2\u1483, \u1431\u14d7\u140a\u1550\u1450\u14a5\u1483 \u1403\u1550\u14c2\u158f\u1466\u1455 \u140a\u1593\u152a\u1466\u14ef\u1439\u1593\u14c2\u1483, \u1403\u1550\u14c2\u14a5\u1483. \u1456\u1483\u146f\u140a \u1450\u146d\u14ef\u14c7\u1466\u14ef\u140a\u1450\u1466 \u140a\u1450\u140a\u1489\u1466 \u1450\u146d\u14ef\u1466\u14f4\u1405\u144e\u1466\u14ef\u152a\u1466 \u1403\u14c4\u1403\u1466 \u1405\u14c2\u1483\u1473\u1450\u1583\u158f\u14d0\u14c2\u1483. \u00ab\u1405\u1583\u1405\u14ef\u1585 \u1403\u14da\u1405\u14bb\u14aa\u1466 \u146d\u14c7\u1405\u14c2\u158f\u1466\u1455 \u14c7\u14d7\u14c0\u1483\u146f\u1455\u158f\u14d0\u14c4\u1466 \u140a\u14bb\u14aa\u14d7 \u1431\u14bb\u14aa\u1546\u1405\u1466\u14f1\u14c2 \u14c4\u1403\u14d5\u1405\u14a5\u144e\u1455\u1405\u148b\u140a\u1583\u1546\u140a\u1593, \u140a\u1450\u1550\u1455\u1405\u1559\u148b\u140a\u1593, \u1455\u146f\u1466\u14f4\u1591\u1550\u144e\u14ef\u1559\u148b\u140a\u1583\u1550\u1433\u148d\u1466 \u140a\u1450\u140a\u1490\u1550\u14c2\u1483 &hellip; <a href=\"https:\/\/tarqitamaat.ca\/?page_id=28\" class=\"more-link\">Continue reading <span class=\"screen-reader-text\">\u14c7\u14d5\u1550\u166f\u1450\u1585 | Janvier | January<\/span> <span class=\"meta-nav\">&rarr;<\/span><\/a><\/p>\n","protected":false},"author":2,"featured_media":132,"parent":0,"menu_order":1,"comment_status":"closed","ping_status":"closed","template":"","meta":[],"_links":{"self":[{"href":"https:\/\/tarqitamaat.ca\/index.php?rest_route=\/wp\/v2\/pages\/28"}],"collection":[{"href":"https:\/\/tarqitamaat.ca\/index.php?rest_route=\/wp\/v2\/pages"}],"about":[{"href":"https:\/\/tarqitamaat.ca\/index.php?rest_route=\/wp\/v2\/types\/page"}],"author":[{"embeddable":true,"href":"https:\/\/tarqitamaat.ca\/index.php?rest_route=\/wp\/v2\/users\/2"}],"replies":[{"embeddable":true,"href":"https:\/\/tarqitamaat.ca\/index.php?rest_route=%2Fwp%2Fv2%2Fcomments&post=28"}],"version-history":[{"count":17,"href":"https:\/\/tarqitamaat.ca\/index.php?rest_route=\/wp\/v2\/pages\/28\/revisions"}],"predecessor-version":[{"id":5994,"href":"https:\/\/tarqitamaat.ca\/index.php?rest_route=\/wp\/v2\/pages\/28\/revisions\/5994"}],"wp:featuredmedia":[{"embeddable":true,"href":"https:\/\/tarqitamaat.ca\/index.php?rest_route=\/wp\/v2\/media\/132"}],"wp:attachment":[{"href":"https:\/\/tarqitamaat.ca\/index.php?rest_route=%2Fwp%2Fv2%2Fmedia&parent=28"}],"curies":[{"name":"wp","href":"https:\/\/api.w.org\/{rel}","templated":true}]}}