{"id":2434,"date":"2021-03-02T15:16:06","date_gmt":"2021-03-02T15:16:06","guid":{"rendered":"https:\/\/tarqitamaat.ca\/?page_id=2434"},"modified":"2026-04-14T13:53:48","modified_gmt":"2026-04-14T13:53:48","slug":"%e1%93%87%e1%91%a6%e1%93%af%e1%90%8a%e1%93%95%e1%90%85%e1%91%a6-mars-march-2","status":"publish","type":"page","link":"https:\/\/tarqitamaat.ca\/?page_id=2434","title":{"rendered":"\u14c7\u1466\u14ef\u140a\u14d5\u1405\u1466 | Mars | March"},"content":{"rendered":"\n<h2 class=\"wp-block-heading\">\u14ed\u14c7 \u140a\u14bb\u14aa\u14d7 \u1472\u152b\u14da  \u14c4\u1559\u14d5\u1595\u1593 | Shina and Caroline Novalinga<\/h2>\n\n\n\n<p class=\"has-background has-very-light-gray-background-color\">\n\u1472\u152b\u14da \u140a\u14bb\u14aa\u14d7 \u14ed\u14c7 \u14c4\u1559\u14d5\u1595\u1593 \u1438\u14c2\u148c\u1483 \u1472\u1455\u1466\u152d\u144f\u1483 \u1433\u1555\u1550\u14c2\u1450\u14a5\u14c2\u1455\u1405\u1466\u14f1\u144e\u1483 \u14aa\u14d0\u1450\u1528\u140a\u14da\u14a5\u1405\u1483. \u140a\u1550\u154c\u148d\u14a5 \u140a\u14c2\u148d\u1550\u1450\u14a5, \u1583\u1405\u1528\u14aa\u152d\u1405\u1559\u14ea\u14d5\u140a\u14ef\u14aa\u152a\u14bb\u14aa\u1547\u1483 \u1450\u14f4\u1548\u144e\u1466\u14f4\u152d\u1483\u1470\u1438\u1466\u14f1\u144e\u1483 \u1403\u14d5\u14d0\u14c2\u140a\u144e\u1466\u14ef\u14f1\u144e\u1483 \u1403\u14c4\u1403\u1466 \u1403\u14d7\u14a1\u148d\u14ef\u1593\u14c2\u1483 \u140a\u14bb\u14aa\u14d7 \u1431\u1559\u14ea\u14d5\u140a\u14ef\u14aa\u14c2\u158f\u14d0\u14c2\u1483 \u1403\u14d8\u14d0\u14c8\u148d\u1466 \u140a\u1466\u1528\u148c\u1595\u158f\u1450\u1483\u146f\u1466 \u1406\u1466\u1451\u144e\u148b\u1466\u14f1\u148d \u1403\u1595\u158f\u1591\u140a\u1550\u14c2\u1585, \u1403\u14c4\u1403\u1466 \u14c2\u157f\u1466\u14f4\u152d\u158f\u14d0\u14c2\u1483 \u14c2\u1546\u14c2\u1585 \u1405\u155d\u1559\u14d8\u14d0\u14c3\u1466 \u140a\u14d0\u14c4\u154c\u1550\u14ef\u14aa\u14c2\u1585 \u1403\u14c4\u1403\u1466 \u140a\u14d0\u14c4\u154c\u1466\u14f4\u152d\u158f\u14d0\u14c2\u1483. \u1472\u152b\u14da \u1472\u1455\u1466\u152d\u1548\u14ef\u14a5\u1483 \u1403\u14d5\u14d0\u14c2\u140a\u144e\u1455\u1405\u14ef\u14aa\u152a\u1585 \u14c4\u14c7\u14d5\u148b\u14ef\u14aa\u152d\u14a5\u14c3\u1466\u14f1\u14c2 \u1403\u14c4\u1450\u166f\u1466 \u1403\u14d5\u14d0\u14c2\u140a\u144e\u1466\u14ef\u1559\u1466\u144e\u14d7\u148b\u1466 \u1472\u1455\u1466\u152d\u14c2\u1550\u14a5\u1483 \u140a\u1550\u14c7\u14c2\u1483 \u1405\u1555\u1490\u1550\u14c2\u14f4\u14c2\u1483. \u14ed\u14c7 \u1431\u1548\u1550\u1438\u14d5\u140a\u14ef\u14aa\u152a\u1585 \u140a\u14c8\u14c7\u14a5\u14c2\u1483 \u1455\u146f\u14d0\u14c7\u1438\u1466\u14f1\u14c2: &#8220;\u1472\u1455\u1466\u152d\u14d5\u1450\u140a\u154b\u14aa, \u1438\u14c2\u1490 \u14aa\u14d5\u1583\u1466\u1455\u14ef\u14aa\u152a\u1585 \u1405\u1559\u14d0\u14c2\u1483, \u14a5\u146d\u152a\u140a\u1431\u1405\u158f\u14d0\u14c8\u14f1\u14c2 \u1403\u14d5\u1466\u14ef\u1559\u14ea\u14d5\u140a\u14ef\u14da\u1405\u1550\u14ef\u14aa\u152a\u1585&#8221; \u14da\u14da\u1405\u1550\u1450\u1585 \u1472\u152b\u14da. \u14ed\u14c7 \u1403\u14d5\u14f4\u1546\u140a\u14ef\u1466\u14f1\u14c2 John Abbott-\u14a7\u1466, \u1403\u14d5\u1466\u14ef\u1559\u14ea\u14d5\u140a\u14aa\u1546\u14ef\u14da\u1405\u1550\u14ef\u14aa\u152a\u1585 \u1473\u14c7\u1455\u14a5 \u14c4\u14c7\u1583\u1550\u1584\u1450\u1555\u14c3\u1466 \u1431\u1559\u14ea\u14d5\u140a\u14ef\u14aa\u14c2\u158f\u14d0\u14c2\u1483 \u144c\u1466\u14f1\u14aa\u14c2\u1455\u1490 \u1403\u14d5\u14f4\u1583\u144e\u14a5\u14c2\u1483 \u1472\u1455\u1466\u152d\u1583\u144e\u1583\u1583\u1466\u1455\u14ef\u14d0\u14c2\u1581\u1585 \u140a\u14bb\u14aa\u14d7 \u1472\u1455\u1466\u152d\u14c2\u1550\u14a5\u1483 \u1583\u1405\u1528\u148b\u1405\u1550\u144e\u14ef\u1466\u14f1\u14c2.<br>\n\u1583\u14c2\u14aa\u14d0\u14c7\u1585 \u1403\u1550\u1438\u1438\u14ea\u14d5\u140a\u14ef\u14bb\u14aa\u1466, \u1472\u152b\u14da \u14ed\u14c7\u14d7 \u1455\u146f\u1466\u14f4\u1405\u144e\u1583\u1466\u1455\u14ef\u152a\u1555\u14c3\u1483 Tik tok-\u146f\u1466 \u140a\u14bb\u14aa\u14d7 \u14a5\u14d5\u140a\u14c2\u1483 \u1455\u146f\u1490\u14f1\u140a\u1550\u144e\u1583\u14d5\u1550\u14f1\u144e\u1483. \u1403\u14d5\u14d0\u14c2\u140a\u144e\u1466\u14ef\u14f1\u144e\u14d7 \u1403\u14c4\u1403\u1466 \u1431\u1405\u14ef\u14ea\u14da\u1546\u158f\u14d0\u14c2\u1483, \u14c4\u14c7\u1583\u1550\u1584\u1450\u1555\u14c2\u1550\u14c2\u1483 \u1405\u1555\u1483\u1472\u14c2\u1483 \u1403\u14bb\u14a5\u14c2\u1483 \u1431\u148d\u14d0\u14c7\u14ef\u140a\u1550\u1450\u1546\u14c2\u1550\u14a5\u1483 \u1403\u1449\u1431\u148d\u14f1\u14d5\u1550\u144e\u14ef\u148d\u14aa\u152b\u1483 \u146d\u14c7\u1405\u14c2\u1550\u14a5\u14c2\u1483; &#8220;\u1583\u1405\u1528\u14aa\u1581\u14ea\u14da\u1546\u1466\u1455\u1593 \u1431\u14bb\u14aa\u1546\u1405\u148b\u140a\u14a5\u14c2\u1483. \u14c4\u14c7\u1583\u1550\u1584\u1450\u1555\u14c3\u1466 \u1583\u1405\u1528\u14aa\u1559\u14d0\u14c2\u14aa\u1455 \u1403\u14c7\u1581\u14c7\u1546\u140a\u14a5\u14c2\u1483 \u140a\u14bb\u14aa\u14d7 \u14f1\u14c7\u14d5\u14ab\u14c2\u1483 \u1431\u14c7\u14f1\u140a\u1548\u14d0\u14c7\u14f1\u144e\u1483 \u140a\u14bb\u14aa\u14d7 \u1403\u14d7\u14a1\u148d\u14ef\u1593, \u157f\u14bb\u14aa\u146f\u1466\u1455\u1405\u14ef\u14aa\u1405\u144e\u158f\u1466, \u146d\u14c7\u1405\u14c2\u1550\u14a5\u14c2\u1483 \u14c7\u14d7\u14c0\u1550\u14ef\u14ef\u14aa\u1405\u144e\u158f\u1466 \u1403\u14c7\u1581\u14c7\u1550\u14aa\u1455 \u140a\u14bb\u14aa\u14d7 \u1403\u14c2\u1550\u1451\u14aa\u1559\u1581\u14c7\u148b\u1466 \u1403\u14d5\u1466\u14ef\u1559\u14ea\u14d5\u140a\u148d\u14aa\u148d\u144e\u1483.&#8221; \u14f0\u14c7 \u14da\u14da\u1405\u1550\u1450\u1585, &#8220;\u14f4\u1433\u1466\u152d\u1405\u14ef\u140a\u1550\u1438\u1450\u148d\u1483, \u1403\u14c4\u14d0\u14c4\u1466 \u1583\u1405\u1528\u14aa\u148d\u14aa\u152a\u14c4\u1466 \u140a\u14bb\u14aa\u14d7 \u1403\u14d5\u1466\u14ef\u148d\u14aa\u152a\u14c4\u1466 \u1405\u1559\u1466\u144f\u14c2\u1483 \u1405\u14ea\u14d7\u14a5\u1490\u14f4\u1483, \u140a\u14a5\u14f2\u1595\u158f\u14aa\u1455 \u1403\u14c4\u1403\u1466, \u140a\u14ea\u14db\u1466 \u1455\u14ab\u14c2 \u146f\u142f\u14bb\u14a5 \u14c4\u1403\u1455\u158f\u14d0\u14c8\u14c2\u1550\u144e\u14c2\u1483. \u140a\u14d5\u140a\u14c7\u14f2\u148d\u1466\u14f1\u14c2\u14d7 \u1403\u14c5\u1583\u144e\u1466\u144e\u14c2\u1483 \u140a\u14bb\u14aa\u14d7 \u14c4\u14c7\u1583\u1550\u1584\u1450\u1555\u14c2\u1550\u14c2\u1483 \u1403\u14c4\u14d0\u14c2\u1483 Tik Tok-\u144e\u148d\u1466 \u1455\u146f\u14d0\u14c8\u1546\u140a\u14a5\u1483. \u1455\u146f\u1559\u1466\u1450\u148d\u1483 \u1403\u14c4\u1403\u1466 \u14c4\u14c7\u1583\u144e\u148c\u1595\u158f\u1450\u1466 \u140a\u1466\u1528\u148c\u1595\u158f\u14c2\u158f\u14d0\u14c2\u1483 \u1405\u1584\u148d\u14ef\u14a5\u148d\u1466, \u140a\u14ea\u14db\u1466 \u1472\u1455\u1466\u152d\u1548\u14ef\u158f\u1466 \u140a\u1466\u1528\u148c\u1595\u158f\u1450\u1466&#8221; \u14da\u148b\u140a\u14ea\u14da\u14da\u1405\u1550\u1450\u1585.<br>\n\u1455\u1550\u157f\u1405\u14db\u1550\u1450\u14a5 \u14ab\u1466\u14ef\u14a5, \u1472\u152b\u14da \u140a\u14bb\u14aa\u14d7 \u14ed\u14c7 \u14c4\u1403\u1466\u14ef\u14db\u14d5\u1550\u1451\u1483 \u14ef\u1557\u14ea\u14d5\u1439\u14c2\u1483 \u14c2\u1431\u14d5\u140a\u1546\u152d\u1405\u14ef\u14aa\u152a\u14c2\u1483 \u1431\u1405\u14ef\u1450\u1583\u1550\u144e\u148d\u1466 \u1472\u1455\u1466\u152d\u144e\u14ea\u14d7\u148b\u1483, \u1405\u1583\u1405\u14ef\u1550\u14c2\u14d7 \u1450\u14f4\u1550\u14c2\u1450\u14d5\u140a\u1546\u14ef\u14aa\u152d\u158f\u14d0\u14c2\u1483 \u1404\u14a6\u14d5 \u14c4\u1559\u14d5\u1595\u1593\u1405\u1449 \u140a\u14bb\u14aa\u14d7 \u1403\u14c4\u1466\u144e\u1450\u1466 \u1450\u1466\u14ef\u140a\u1548\u14ef\u14c2\u1483. \u1455\u146f\u14d0\u14c7\u1405\u152e\u1550\u144e\u14ef\u1583\u1466\u1455\u14db\u1548\u14aa\u152b\u1483 \u1583\u14c2\u14aa\u14d0\u14c7\u1405\u1449 \u14ef\u140a\u14bb\u14aa\u14ef\u14aa\u14c2\u1593 \u1403\u14f1\u14d5\u1449\u1438\u1466 \u1450\u14f4\u1550\u14c2\u152e\u1550\u144e\u14ef\u14c2\u1550\u14c2 \u140a\u14bb\u14aa\u14d7 \u1473\u14c7\u1455\u1405\u1449 \u140a\u14ef\u158f\u14d0\u14c5\u1583\u1466\u1455\u14db\u1548\u14aa\u1466\u14f1\u144e\u1483 \u1403\u14c4\u14d5\u14d0\u14c4\u1466 \u14c7\u14bb\u14a5\u14c2\u1585 \u1431\u1405\u14ef\u1450\u1583\u1550\u14a5\u144e\u148d\u1466 \u1472\u1455\u1466\u152d\u1548\u14ef\u14d5\u14d0\u14c4\u1466.<br>\n\n\n\n<p class=\"has-background has-very-light-gray-background-color\">\nCaroline et Shina Novalinga forment un duo m\u00e8re et fille de chanteuses de gorge originaires de Puvirnituq et maintenant \u00e9tablies \u00e0 Montr\u00e9al. Au cours de la derni\u00e8re ann\u00e9e, elles ont gagn\u00e9 en popularit\u00e9 sur les r\u00e9seaux sociaux en \u00e9duquant les gens sur la culture et l\u2019histoire inuite par diff\u00e9rents moyens tels que la chanson, la nourriture traditionnelle ou en portant et fabriquant des v\u00eatements traditionnels. Caroline a appris le chant de gorge dans sa communaut\u00e9 lorsque les a\u00een\u00e9s ont demand\u00e9 que la pratique soit enseign\u00e9e aux jeunes filles. Shina, quant \u00e0 elle, a grandi en observant sa m\u00e8re : \u00ab Lorsque j\u2019allais performer, ma fille venait avec moi. Elle a ainsi commenc\u00e9 \u00e0 apprendre tr\u00e8s jeune. \u00bb raconte Caroline. Lorsque Shina \u00e9tait \u00e9tudiante au Coll\u00e8ge John Abbott, elle en a appris davantage sur l\u2019histoire des peuples Autochtones au Canada et c\u2019est \u00e0 ce moment qu\u2019elle a commenc\u00e9 \u00e0 partager le chant de gorge avec ses camarades de classe afin de les sensibiliser. <br>\nAu d\u00e9but de la pand\u00e9mie, Caroline et Shina ont commenc\u00e9 \u00e0 partager des clips vid\u00e9o sur Tik Tok et depuis, elles ont gagn\u00e9 des millions d\u2019abonn\u00e9s. Tout en \u00e9duquant les gens sur la r\u00e9alit\u00e9 des Inuits, elles souhaitent aussi que les jeunes autochtones aient davantage confiance en leur identit\u00e9 : \u00ab Je veux vraiment qu\u2019ils sachent qu\u2019ils sont importants. Les Autochtones savent dans leur for int\u00e9rieur qu\u2019ils sont beaux, qu\u2019ils peuvent faire ce qu\u2019ils veulent et que leur culture, leur h\u00e9ritage, leur identit\u00e9 sont \u00e9galement belles. Ils ne devraient pas avoir peur d\u2019apprendre. \u00bb explique Shina. \u00ab Nous avons re\u00e7u beaucoup de soutien, des personnes qui sont int\u00e9ress\u00e9es car m\u00eame encore aujourd\u2019hui, peu de personnes, m\u00eame ici au Qu\u00e9bec, savent que nous existons toujours. C\u2019est aussi fascinant de d\u00e9couvrir d\u2019autres Inuits ou Autochtones sur Tik Tok et de constater nos diff\u00e9rences dans les fa\u00e7ons de parler. M\u00eame leurs chants de gorges sont diff\u00e9rents. \u00bb rajoute-elle.<br>\nEn mars, elles lanceront leur premier album qui inclura des chants de gorge traditionnels, des po\u00e8mes d\u2019Emily Novalinga, ainsi que des pri\u00e8res en Inuktitut. Lorsque la pand\u00e9mie sera termin\u00e9e, elles souhaitent pouvoir performer dans des festivals et voyager dans d\u2019autres pays o\u00f9 les peuples ont leurs fa\u00e7ons de pratiquer les chants de gorges traditionnels.<br>\n\n\n\n<p class=\"has-background has-very-light-gray-background-color\">\nCaroline and Shina Novalinga are a mother-daughter throat singer duo from Puvirnituq and now based in Montreal. During the last year, they have gained popularity through social media for educating about Inuit culture and history in all different ways such as singing, eating traditional food, or wearing and making traditional clothing. Caroline was taught how to throat sing back in her community when elders requested to teach the practice to younger women. Shina grew up watching her mother: \u201cWhen I was performing, my daughter was coming with me, she started to learn at a very young age.\u201d says Caroline.  When Shina started to go to college at John Abbott, she learned more deeply about the history of indigenous peoples in Canada, and that is when she started to share throat singing with her classmates and bring awareness to them.<br>\nWhen the pandemic started, Caroline and Shina started sharing video clips through Tik Tok and have gained millions of followers. While educating about Inuit realities, they also want the Indigenous youth to have confidence in their identity: \u201cI really want them to know that they\u2019re important. Indigenous peoples used to know that they are beautiful and that they can do anything and that their culture, their heritage, their identity is beautiful as well, and to not be scared if they want to learn.\u201d Shina said.  \u201cWe get so much support, people who are interested and learn about us because still today, not many people, even here in Quebec know that we still exist. It is also nice to see other Inuit and Indigenous people on Tik Tok. We see the difference of Inuit from other regions in how they speak, even their throat singing songs are different too.\u201d she added. <br>\nIn March, Caroline and Shina will release their first album including traditional throat singing songs, poems by Emily Novalinga and Inuktitut prayers. They wish to perform when the pandemic ends in festivals and to also travel to other countries where people have their own traditional throat singing practices.<br>\n\n\n\n<p>\u140a\u14ea\u14da\u1450\u1585 | Texte de | Text by: Olivia Lya Thomassie<\/p>\n\n\n<blockquote class=\"tiktok-embed\" style=\"max-width: 605px; min-width: 325px;\" cite=\"https:\/\/www.tiktok.com\/@shinanova\/video\/6925538734091898117\" data-video-id=\"6925538734091898117\">\n<section><a title=\"@shinanova\" href=\"https:\/\/www.tiktok.com\/@shinanova\" target=\"_blank\" rel=\"noopener noreferrer\">@shinanova<\/a><p><\/p>\n<p>We are getting ready to perform @kayuulanova <a title=\"throatsinging\" href=\"https:\/\/www.tiktok.com\/tag\/throatsinging\" target=\"_blank\" rel=\"noopener noreferrer\">##throatsinging<\/a> <a title=\"throatsong\" href=\"https:\/\/www.tiktok.com\/tag\/throatsong\" target=\"_blank\" rel=\"noopener noreferrer\">##throatsong<\/a> <a title=\"aboriginal\" href=\"https:\/\/www.tiktok.com\/tag\/aboriginal\" target=\"_blank\" rel=\"noopener noreferrer\">##aboriginal<\/a> <a title=\"indigenous\" href=\"https:\/\/www.tiktok.com\/tag\/indigenous\" target=\"_blank\" rel=\"noopener noreferrer\">##indigenous<\/a><\/p>\n<p><a title=\"\u266c original sound - Shina Nova\" href=\"https:\/\/www.tiktok.com\/music\/original-sound-6925538740983040774\" target=\"_blank\" rel=\"noopener noreferrer\">\u266c original sound &#8211; Shina Nova<\/a><\/p>\n<\/section>\n<\/blockquote>\n<p><script async=\"\" src=\"https:\/\/www.tiktok.com\/embed.js\"><\/script><\/p>\n<blockquote class=\"tiktok-embed\" style=\"max-width: 605px; min-width: 325px;\" cite=\"https:\/\/www.tiktok.com\/@kayuulanova\/video\/6887679018531917057\" data-video-id=\"6887679018531917057\">\n<section><a title=\"@kayuulanova\" href=\"https:\/\/www.tiktok.com\/@kayuulanova\" target=\"_blank\" rel=\"noopener noreferrer\">@kayuulanova<\/a><p><\/p>\n<p>My daughter is ready to perform. I\u2019m proud of her. This song is callled \u2728the game\u2728 <a title=\"throatsinging\" href=\"https:\/\/www.tiktok.com\/tag\/throatsinging\" target=\"_blank\" rel=\"noopener noreferrer\">##throatsinging<\/a> with @shinanova <a title=\"inuit\" href=\"https:\/\/www.tiktok.com\/tag\/inuit\" target=\"_blank\" rel=\"noopener noreferrer\">##inuit<\/a> <a title=\"culture\" href=\"https:\/\/www.tiktok.com\/tag\/culture\" target=\"_blank\" rel=\"noopener noreferrer\">##culture<\/a><\/p>\n<p><a title=\"\u266c original sound - Kayuula Nova\" href=\"https:\/\/www.tiktok.com\/music\/original-sound-6887679013918214914\" target=\"_blank\" rel=\"noopener noreferrer\">\u266c original sound &#8211; Kayuula Nova<\/a><\/p>\n<\/section>\n<\/blockquote>\n<p><script async=\"\" src=\"https:\/\/www.tiktok.com\/embed.js\"><\/script><\/p>\n<p><!-- \/wp:paragraph --><\/p>\n<p>Cr\u00e9dit photo: Laurent Guerin<\/p>","protected":false},"excerpt":{"rendered":"<p>\u14ed\u14c7 \u140a\u14bb\u14aa\u14d7 \u1472\u152b\u14da \u14c4\u1559\u14d5\u1595\u1593 | Shina and Caroline Novalinga \u1472\u152b\u14da \u140a\u14bb\u14aa\u14d7 \u14ed\u14c7 \u14c4\u1559\u14d5\u1595\u1593 \u1438\u14c2\u148c\u1483 \u1472\u1455\u1466\u152d\u144f\u1483 \u1433\u1555\u1550\u14c2\u1450\u14a5\u14c2\u1455\u1405\u1466\u14f1\u144e\u1483 \u14aa\u14d0\u1450\u1528\u140a\u14da\u14a5\u1405\u1483. \u140a\u1550\u154c\u148d\u14a5 \u140a\u14c2\u148d\u1550\u1450\u14a5, \u1583\u1405\u1528\u14aa\u152d\u1405\u1559\u14ea\u14d5\u140a\u14ef\u14aa\u152a\u14bb\u14aa\u1547\u1483 \u1450\u14f4\u1548\u144e\u1466\u14f4\u152d\u1483\u1470\u1438\u1466\u14f1\u144e\u1483 \u1403\u14d5\u14d0\u14c2\u140a\u144e\u1466\u14ef\u14f1\u144e\u1483 \u1403\u14c4\u1403\u1466 \u1403\u14d7\u14a1\u148d\u14ef\u1593\u14c2\u1483 \u140a\u14bb\u14aa\u14d7 \u1431\u1559\u14ea\u14d5\u140a\u14ef\u14aa\u14c2\u158f\u14d0\u14c2\u1483 \u1403\u14d8\u14d0\u14c8\u148d\u1466 \u140a\u1466\u1528\u148c\u1595\u158f\u1450\u1483\u146f\u1466 \u1406\u1466\u1451\u144e\u148b\u1466\u14f1\u148d \u1403\u1595\u158f\u1591\u140a\u1550\u14c2\u1585, \u1403\u14c4\u1403\u1466 \u14c2\u157f\u1466\u14f4\u152d\u158f\u14d0\u14c2\u1483 \u14c2\u1546\u14c2\u1585 \u1405\u155d\u1559\u14d8\u14d0\u14c3\u1466 \u140a\u14d0\u14c4\u154c\u1550\u14ef\u14aa\u14c2\u1585 \u1403\u14c4\u1403\u1466 \u140a\u14d0\u14c4\u154c\u1466\u14f4\u152d\u158f\u14d0\u14c2\u1483. \u1472\u152b\u14da \u1472\u1455\u1466\u152d\u1548\u14ef\u14a5\u1483 \u1403\u14d5\u14d0\u14c2\u140a\u144e\u1455\u1405\u14ef\u14aa\u152a\u1585 \u14c4\u14c7\u14d5\u148b\u14ef\u14aa\u152d\u14a5\u14c3\u1466\u14f1\u14c2 \u1403\u14c4\u1450\u166f\u1466 \u1403\u14d5\u14d0\u14c2\u140a\u144e\u1466\u14ef\u1559\u1466\u144e\u14d7\u148b\u1466 \u1472\u1455\u1466\u152d\u14c2\u1550\u14a5\u1483 \u140a\u1550\u14c7\u14c2\u1483 \u1405\u1555\u1490\u1550\u14c2\u14f4\u14c2\u1483. \u14ed\u14c7 \u1431\u1548\u1550\u1438\u14d5\u140a\u14ef\u14aa\u152a\u1585 \u140a\u14c8\u14c7\u14a5\u14c2\u1483 \u1455\u146f\u14d0\u14c7\u1438\u1466\u14f1\u14c2: &#8220;\u1472\u1455\u1466\u152d\u14d5\u1450\u140a\u154b\u14aa, \u1438\u14c2\u1490 \u14aa\u14d5\u1583\u1466\u1455\u14ef\u14aa\u152a\u1585 \u1405\u1559\u14d0\u14c2\u1483, \u14a5\u146d\u152a\u140a\u1431\u1405\u158f\u14d0\u14c8\u14f1\u14c2 &hellip; <a href=\"https:\/\/tarqitamaat.ca\/?page_id=2434\" class=\"more-link\">Continue reading <span class=\"screen-reader-text\">\u14c7\u1466\u14ef\u140a\u14d5\u1405\u1466 | Mars | March<\/span> <span class=\"meta-nav\">&rarr;<\/span><\/a><\/p>\n","protected":false},"author":1,"featured_media":2513,"parent":0,"menu_order":0,"comment_status":"closed","ping_status":"closed","template":"","meta":[],"_links":{"self":[{"href":"https:\/\/tarqitamaat.ca\/index.php?rest_route=\/wp\/v2\/pages\/2434"}],"collection":[{"href":"https:\/\/tarqitamaat.ca\/index.php?rest_route=\/wp\/v2\/pages"}],"about":[{"href":"https:\/\/tarqitamaat.ca\/index.php?rest_route=\/wp\/v2\/types\/page"}],"author":[{"embeddable":true,"href":"https:\/\/tarqitamaat.ca\/index.php?rest_route=\/wp\/v2\/users\/1"}],"replies":[{"embeddable":true,"href":"https:\/\/tarqitamaat.ca\/index.php?rest_route=%2Fwp%2Fv2%2Fcomments&post=2434"}],"version-history":[{"count":13,"href":"https:\/\/tarqitamaat.ca\/index.php?rest_route=\/wp\/v2\/pages\/2434\/revisions"}],"predecessor-version":[{"id":114765,"href":"https:\/\/tarqitamaat.ca\/index.php?rest_route=\/wp\/v2\/pages\/2434\/revisions\/114765"}],"wp:featuredmedia":[{"embeddable":true,"href":"https:\/\/tarqitamaat.ca\/index.php?rest_route=\/wp\/v2\/media\/2513"}],"wp:attachment":[{"href":"https:\/\/tarqitamaat.ca\/index.php?rest_route=%2Fwp%2Fv2%2Fmedia&parent=2434"}],"curies":[{"name":"wp","href":"https:\/\/api.w.org\/{rel}","templated":true}]}}