{"id":2278,"date":"2021-01-05T19:50:26","date_gmt":"2021-01-05T19:50:26","guid":{"rendered":"https:\/\/tarqitamaat.ca\/?page_id=2278"},"modified":"2026-05-12T15:35:16","modified_gmt":"2026-05-12T15:35:16","slug":"%e1%93%87%e1%93%95%e1%95%90%e1%99%af%e1%91%90%e1%96%85-janvier-january-2","status":"publish","type":"page","link":"https:\/\/tarqitamaat.ca\/?page_id=2278","title":{"rendered":"\u148d\u1403\u14c2 \u14c4\u1595\u1593\u1585| Winifred Nungak"},"content":{"rendered":"\n<h2 class=\"wp-block-heading\">\u14c7\u14d5\u1550\u166f\u1450\u1585 | Janvier | January <\/h2>\n\n\n<p class=\"has-background has-very-light-gray-background-color\">\u1557\u1403\u14c2\u1557\u1528\u140a\u1466 \u14c4\u1595\u1593\u1585 \u1403\u14c7\u1581\u14c7\u1550\u1450\u14c2\u1483 \u140a\u14d0\u14c4\u154c\u14d5\u1405\u1550\u144e \u1472\u158f\u1550\u14f1\u14a5. \u140a\u1550\u14c8\u1549\u158f\u14d0\u14c7\u14f2\u14c2 \u14a5\u1550\u14f1\u1546\u1405\u1550\u14ef\u14aa\u152a\u1585 \u144c\u14aa \u1403\u14d5\u14f4\u1546\u140a\u14d5\u1550\u1450\u1555\u14c2\u1585 \u1403\u14c7\u1581\u14c7\u1550\u1450\u14c2\u1483 \u14c4\u1456\u152d\u14c2\u1483 \u14a5\u1550\u14f1\u14ef\u14aa\u152a\u14d5\u1405\u1550\u14c2\u14c2\u1483 \u1403\u14d5\u14f4\u1550\u14f1\u14c2 \u1431\u14ef\u144e\u1595\u1591\u14da\u1546\u1466\u1450\u1555\u14c2\u1585. \u140a\u14a5\u14f1\u14c2\u1483 \u140a\u144e\u148b\u14d5\u1405\u1550\u14ef\u14aa\u14d5\u1550\u1450\u1585 \u146d\u14c7\u14d5\u14ab\u1483\u146f\u14c2\u1483, \u140a\u1550\u14c7\u14c2\u1483, \u140a\u1591\u144e\u14c2\u1483 \u140a\u14bb\u14aa\u14d7 \u1472\u1483\u1472\u14db\u14c2\u1483 \u140a\u14bb\u14aa\u14d7 \u140a\u14ef\u158f\u14d0\u14c2\u1483 \u140a\u14d0\u14c4\u154c\u14d5\u1405\u14f2\u148d\u14bb\u14a5\u14f1\u14c2 \u1406\u1466\u1451\u144e\u148b\u1466\u14f1\u148b\u1466 \u1433\u140a\u14d7\u1403\u1466, \u14c7\u14ed\u1466 \u140a\u14bb\u14aa\u14d7 \u1472\u14a5\u1450\u1403\u14d0\u14c0\u1466. \u1431\u1405\u14ef\u1450\u1583\u1550\u144e\u148d\u1466 \u14a5\u1550\u14f1\u1548\u14d0\u14c7\u14c2\u1585 \u1431\u14bb\u14aa\u1546\u1405\u1557\u1585 \u14ef\u14da\u1405\u1550 \u1404\u1483\u146e\u14c7\u1550\u14c2\u1593 \u1431\u1466\u152a\u144e\u148b\u1466\u14f1\u148d. \u140a\u1550\u14c0\u1466 \u1406\u1466\u1451\u144e\u14d5\u1405\u1550\u1438\u1450\u1555\u14c3\u1466 \u140a\u14a1\u1490\u14a5\u14c2\u1483 \u1406\u1466\u1450\u154b\u1405\u144e\u1583\u1550\u14f1\u144e\u1483, \u140a\u14bb\u14aa\u14d7 \u1406\u14aa\u152a\u1555\u14c3\u1466 \u14a5\u1550\u1581\u14d5\u1526\u1466 \u14a5\u1550\u14f1\u1455\u1405\u1559\u1466\u14f1\u144e\u1483. \u144c\u1466\u14f1\u14aa\u14c2\u1405\u14d0\u14c2\u14aa\u1466, \u1455\u1550\u154b\u1585 \u14c4\u1456\u152d\u14c2\u1483 \u14a5\u1550\u14f1\u1548\u144e\u1455\u1466\u14ef\u1438\u14ea\u14d5\u140a\u14ef\u14aa\u152a\u1585 \u140a\u14bb\u14aa\u14d7 \u140a\u1466\u1528\u148c\u1595\u158f\u1450\u1466 \u14a5\u1550\u14f1\u154b\u1466\u14ed\u1466 \u1583\u14ea\u14d7\u14c8\u1550\u144c\u1466 \u144e\u146d\u1449\u1438\u14d5\u1550\u14f1\u144e\u1483 \u140a\u14bb\u14aa\u14d7 \u140a\u14d0\u14c4\u154c\u1466 \u140a\u14ef\u1466\u1528\u1455\u1550\u14ef\u14aa\u14d5\u1550\u14f1\u144e\u1483 \u140a\u14ef\u1466\u1528\u1559\u14ea\u14d5\u140a\u14ef\u14aa\u14d5\u1550\u14f1\u144e\u14d7 \u1405\u146d\u1405\u1550\u1455\u1450\u14a5. &#8220;\u1403\u14c5\u14d5\u1550\u144e\u14d7\u1593, \u1431\u1455\u1583\u1547\u1550\u14ef\u14aa\u152a\u1585 \u1403\u14d8\u14d0\u14c0\u14c2\u1483 \u14a5\u1550\u14f1\u1548\u144e\u14c2\u1483 \u1455\u1490 \u1455\u146f\u14d0\u14c7\u14ef\u14aa\u1595\u158f\u1450\u1593 \u140a\u1550\u14c7\u14c2\u1483 \u14a5\u1550\u14f1\u1548\u144e\u1450\u1583\u1550\u14a5\u14c2\u1483 \u140a\u1450\u1550\u1450\u14c2\u1483 \u1431\u1548\u1550\u14f4\u14f1\u1593, \u146d\u14ef\u140a\u14c2 \u1431\u1405\u148b\u14ea\u14da\u1546\u1466\u14ef\u14aa\u152d\u1483\u1472.&#8221; \u14da\u14da\u1405\u1550\u1450\u1585. 1950-\u14c2 \u1455\u1550\u14f4\u14f4\u1526\u1466 \u140a\u1450\u1550\u1455\u1405\u1559\u14ea\u14d5\u140a\u14ef\u14aa\u152a\u1466 \u1403\u14c7\u1581\u14c7\u1548\u144e\u14d5\u140a\u1546\u152d\u1405\u1466\u14f1\u144e\u1483 \u140a\u14bb\u14aa\u14d7 \u1557\u1403\u14c2\u1557\u1528\u140a\u1466 \u144c\u14a3\u1466\u1450\u14c2\u1483 \u140a\u1450\u14f2\u1585. \u1403\u14c2\u1548\u14aa\u152d\u14a5\u14c2\u1483 \u1583\u1405\u1528\u14aa\u1466\u14ef\u140a\u14f2\u1585 \u140a\u144e\u148b\u14d5\u1405\u1550\u14f1\u14c2 \u1455\u1405\u1466\u1450\u158f\u1466 \u140a\u1466\u1528\u148c\u1595\u158f\u1450\u14c2\u1483 \u144c\u14a3\u14d8\u1546\u140a\u14a5\u1483 \u140a\u14d5\u140a\u148b\u152d\u1583\u14bb\u14aa\u1546\u1466\u14f1\u14c2.<br class=\"\"><br>2014-\u14a5, \u140a\u1550\u14c7\u14a7\u1466 \u1472\u158f\u1550\u14f1\u152a\u140a\u1550\u14a5\u1405\u14a7\u1466 \u144e\u146d\u1581\u152d\u1405\u14ef\u14aa\u152a\u1585 \u1403\u14d5\u14d0\u14c2\u140a\u144e\u1466\u14ef\u148b\u140a\u1550\u1450\u1581\u152d\u1405\u1466\u14f1\u14c2 \u140a\u1550\u14c8\u1548\u1550\u14c2\u1483 \u140a\u144e\u148b\u14d5\u1405\u1548\u14ef\u14a5\u1483. &#8220;\u144c\u1466\u14f1\u14aa\u14c2\u14c2\u1466, \u140a\u14a5\u14f1\u1403\u14c4\u1466 \u14c4\u14c7\u14d5\u14d5\u140a\u1550\u14ef\u14aa\u14d5\u1550\u1450\u1593 \u14c4\u14c7\u1555\u14bb\u14a5 \u1403\u14d5\u14d0\u14c2\u140a\u144e\u1466\u14ef\u148b\u140a\u1550\u1450\u14f1\u1593 \u1405\u1555\u1483\u1472\u14c2\u1483 \u140a\u1550\u14c7\u14c2\u1483 \u140a\u14d0\u14c4\u154c\u14d5\u1405\u1548\u14ef\u14c2\u1483 \u1405\u1550\u1582\u152a\u14c2\u1483. \u14c4\u146d\u1456\u1550\u1455\u1405\u14ef\u14aa\u14c2\u1550\u14a5\u1483 \u1403\u1449\u1431\u148d\u14f1\u1449\u1438\u1450\u1593 \u140a\u14a5\u14f1\u1466 \u1403\u14d5\u14f4\u1550\u14ef\u14aa\u152d\u1483\u1472 \u140a\u14d0\u14c4\u154c\u14d5\u1405\u1550\u1438\u14d5\u1550\u14aa\u1455 \u1403\u14da\u14a5\u14c2\u1483.&#8221;<br class=\"\"><br class=\"\"><br>\u1557\u1403\u14c2\u1557\u1528\u140a\u1466 \u1403\u1472\u152a\u1550\u14ef\u14aa\u152a\u1585 Canada Goose-\u146f\u14d0\u14c2\u1483 \u1403\u14c4\u1403\u1466 \u14c4\u14c7\u1593\u14c2 \u14a5\u1550\u14f1\u144e\u14c2\u1483 \u140a\u144e\u148b\u14d5\u1405\u1550\u144e\u14ef\u144e\u14ea\u14d7\u148b\u1466 \u140a\u14a5\u14f1\u14c2 \u14c7\u14c2\u1450\u1403\u14d0\u14c7\u1585 \u14c4\u1403\u1455\u144e\u1455\u1405\u1583\u1466\u1455\u14ef\u14aa\u144e\u14ea\u14d7\u148b\u1466 \u140a\u144e\u148b\u14d5\u140a\u1555\u14c2\u158f\u1466. \u1431\u14c7\u14f1\u1490\u1593 \u1455\u146f\u1466\u14f4\u1405\u144e\u1466\u14ef\u152a\u1585 \u1406\u1466\u1451\u144e\u1466\u14ef\u140a\u148d\u1466\u14f1\u14c2 \u1403\u14c4\u1403\u1466 \u1583\u1405\u1528\u14aa\u14c2\u1550\u14a5\u14c2\u1483 \u140a\u14ef\u1466\u1528\u1455\u1550\u144e\u14ef\u148d\u14d0\u14c7\u14c2\u158f\u14d0\u14c2\u1483 \u1433\u1403\u148d\u1550\u14c2\u1405\u152d\u1595\u158f\u14c2\u158f\u14d0\u14c2\u14d7.<\/p>\n<p><!-- \/wp:paragraph --><br><!-- wp:paragraph {\"backgroundColor\":\"very-light-gray\"} --><\/p>\n<p class=\"has-background has-very-light-gray-background-color\">Winifred Nungak est designer de mode et vie \u00e0 Kangirsuk. Elle a commenc\u00e9 \u00e0 coudre \u00e0 l\u2019adolescence pour ensuite parfaire ses connaissances au coll\u00e8ge en design de mode. Elle a fait de nombreux atigi (parka) pour tous, femmes, hommes, enfants ainsi que des nasak (chapeau), pualuuk (mitaines) et kamituinnaq (bottes). La pratique de la couture est importante traditionnellement comme l\u2019environnement l\u2019oblige. Les femmes cr\u00e9aient des patrons en mesurant avec leurs mains et les fourrures \u00e9taient utilis\u00e9es. Depuis ce temps, des outils pour la couture ainsi qu\u2019une diversit\u00e9 de tissus sont arriv\u00e9es dans le nord et la mode changent avec le temps. \u00ab Quand je suis n\u00e9e, nous avions d\u00e9j\u00e0 tous les outils pour coudre alors je n\u2019ai pas pu \u00eatre t\u00e9moin des m\u00e9thodes employ\u00e9es par les femmes \u00e0 l\u2019\u00e9poque mais je trouve \u00e7a tr\u00e8s fascinant. \u00bb dit-elle. Dans les ann\u00e9es 1950, les bandes de biais devenaient \u00e0 la mode et \u00e9taient de plus en plus utilis\u00e9es, Winifred s\u2019en sert pour ses cr\u00e9ations. Elle suit son instinct lorsqu\u2019elle cr\u00e9e des manteaux avec les couleurs qu\u2019elle aime.<br class=\"\"><br class=\"\"><br>En 2014, une dame de Kangiqsujuaq a contact\u00e9 Winifred pour lui demander de venir dans sa communaut\u00e9 pour enseigner aux adolescentes comment faire leurs propres manteaux. \u00ab Depuis, j\u2019ai voyag\u00e9 dans plusieurs communaut\u00e9s \u00e0 travers le Nunavik pour donner des ateliers et beaucoup de jeunes femmes ont appris \u00e0 faire des v\u00eatements chauds. Je me sens fi\u00e8re de cette contribution car mes \u00e9l\u00e8ves font maintenant des v\u00eatements pour leurs familles.<br class=\"\"><br class=\"\"><br>Winifred a aussi \u00e9t\u00e9 choisie pour collaborer avec Canada Goose lorsqu\u2019ils ont invit\u00e9 des couturi\u00e8res de tout Inuit nunagat (le territoire inuit) pour faires des atigi ensuite expos\u00e9s \u00e0 de multiples lieux. Son travail est un bel exemple de la versatilit\u00e9 des connaissances Inuits.<\/p>\n<p><!-- \/wp:paragraph --><\/p>\n<p class=\"has-background has-very-light-gray-background-color\">Winifred Nungak is a fashion designer based in Kangirsuk. She has started to sew as a teenager then she went to college to study fashion design where she developed her skills. She has made many atigi (parka) for all, women, men and children as well as other clothing like pualuuk (mitts), nasak (hat) and kamituinnaq (boots). The knowledge of sewing is very important in the tradition since the northern climate force it. Women used to create patterns by measuring with their hands, and animal fur was used. Since that period, sewing tools and different fabric have arrived in the north and clothing trend in the arctic evolves in time. \u201cWhen I was born, we already had all the tools to sew so I didn\u2019t witness women doing that growing up, but I find it very fascinating.\u201d she says. In the 1950\u2019s bias tape started to be used into the designs and Winifred uses them in her creations.She follows her instincts as she creates new parkas with colour combination that she loves.<br class=\"\"><br class=\"\"><br>In 2014, a woman from Kangiqsujuaq asked her to go to her community to teach teenagers how to make their own atigi. \u201cSince then, I have travelled in many communities across Nunavik to give workshops and many young women have learned to sew warm clothing. I feel empowered as my former students now make clothing for their family members.\u201d<br class=\"\"><br class=\"\"><br>Winifred was part of the collaboration with Canada Goose where they had many seamstresses across Inuit Nunangat (Inuit region) to make atigi that have been exhibited in many places. Her work is a great example of the versatility of Inuit knowledge.<\/p>\n<p><!-- \/wp:paragraph --><\/p>\n<p class=\"has-background\" style=\"background-color: #e5f5f5;\">Suivez son travail sur Facebook. <a href=\"https:\/\/www.facebook.com\/WinifredDesigns\" target=\"_blank\" rel=\"noreferrer noopener\">Winifred Designs<\/a><br class=\"\"><br>Follow her work on facebook. <a href=\"https:\/\/www.facebook.com\/WinifredDesigns\" target=\"_blank\" rel=\"noreferrer noopener\">Winifred Designs<\/a><\/p>\n<p><!-- \/wp:verse --><br><!-- \/wp:paragraph --><br><div class=\"rl-gallery-container splide rl-loading\" id=\"rl-gallery-container-1\" data-gallery_id=\"2311\"> <div class=\"rl-gallery rl-basicslider-gallery splide__track \" id=\"rl-gallery-1\" data-gallery_no=\"1\"> <ul class=\"splide__list\"> <li class=\"rl-gallery-item splide__slide\" data-thumb=\"https:\/\/tarqitamaat.ca\/wp-content\/uploads\/2021\/01\/Winifred3.jpg\"> <a href=\"https:\/\/tarqitamaat.ca\/wp-content\/uploads\/2021\/01\/Winifred3.jpg\" title=\"\" data-rl_title=\"\" class=\"rl-gallery-link\" data-rl_caption=\"\" data-rel=\"lightbox-gallery-1\"><img src=\"https:\/\/tarqitamaat.ca\/wp-content\/uploads\/2021\/01\/Winifred3.jpg\" width=\"1440\" height=\"1261\" alt=\"\" \/><\/a> <\/li> <li class=\"rl-gallery-item splide__slide\" data-thumb=\"https:\/\/tarqitamaat.ca\/wp-content\/uploads\/2021\/01\/Winifred7.jpg\"> <a href=\"https:\/\/tarqitamaat.ca\/wp-content\/uploads\/2021\/01\/Winifred7.jpg\" title=\"\" data-rl_title=\"\" class=\"rl-gallery-link\" data-rl_caption=\"\" data-rel=\"lightbox-gallery-1\"><img src=\"https:\/\/tarqitamaat.ca\/wp-content\/uploads\/2021\/01\/Winifred7.jpg\" width=\"720\" height=\"960\" alt=\"\" \/><\/a> <\/li> <li class=\"rl-gallery-item splide__slide\" data-thumb=\"https:\/\/tarqitamaat.ca\/wp-content\/uploads\/2021\/01\/Winifred1.jpg\"> <a href=\"https:\/\/tarqitamaat.ca\/wp-content\/uploads\/2021\/01\/Winifred1.jpg\" title=\"\" data-rl_title=\"\" class=\"rl-gallery-link\" data-rl_caption=\"\" data-rel=\"lightbox-gallery-1\"><img src=\"https:\/\/tarqitamaat.ca\/wp-content\/uploads\/2021\/01\/Winifred1.jpg\" width=\"2048\" height=\"1365\" alt=\"\" \/><\/a> <\/li> <li class=\"rl-gallery-item splide__slide\" data-thumb=\"https:\/\/tarqitamaat.ca\/wp-content\/uploads\/2021\/01\/121019735_2698536307061346_7317507353840360390_n-1.jpg\"> <a href=\"https:\/\/tarqitamaat.ca\/wp-content\/uploads\/2021\/01\/121019735_2698536307061346_7317507353840360390_n-1.jpg\" title=\"\" data-rl_title=\"\" class=\"rl-gallery-link\" data-rl_caption=\"\" data-rel=\"lightbox-gallery-1\"><img src=\"https:\/\/tarqitamaat.ca\/wp-content\/uploads\/2021\/01\/121019735_2698536307061346_7317507353840360390_n-1.jpg\" width=\"717\" height=\"580\" alt=\"\" \/><\/a> <\/li> <li class=\"rl-gallery-item splide__slide\" data-thumb=\"https:\/\/tarqitamaat.ca\/wp-content\/uploads\/2021\/01\/Winifred6.jpg\"> <a href=\"https:\/\/tarqitamaat.ca\/wp-content\/uploads\/2021\/01\/Winifred6.jpg\" title=\"\" data-rl_title=\"\" class=\"rl-gallery-link\" data-rl_caption=\"\" data-rel=\"lightbox-gallery-1\"><img src=\"https:\/\/tarqitamaat.ca\/wp-content\/uploads\/2021\/01\/Winifred6.jpg\" width=\"750\" height=\"758\" alt=\"\" \/><\/a> <\/li> <li class=\"rl-gallery-item splide__slide\" data-thumb=\"https:\/\/tarqitamaat.ca\/wp-content\/uploads\/2021\/01\/Winifred5-scaled.jpg\"> <a href=\"https:\/\/tarqitamaat.ca\/wp-content\/uploads\/2021\/01\/Winifred5-scaled.jpg\" title=\"\" data-rl_title=\"\" class=\"rl-gallery-link\" data-rl_caption=\"\" data-rel=\"lightbox-gallery-1\"><img src=\"https:\/\/tarqitamaat.ca\/wp-content\/uploads\/2021\/01\/Winifred5-scaled.jpg\" width=\"1920\" height=\"2560\" alt=\"\" \/><\/a> <\/li> <li class=\"rl-gallery-item splide__slide\" data-thumb=\"https:\/\/tarqitamaat.ca\/wp-content\/uploads\/2021\/01\/Winifred2-1.jpg\"> <a href=\"https:\/\/tarqitamaat.ca\/wp-content\/uploads\/2021\/01\/Winifred2-1.jpg\" title=\"\" data-rl_title=\"\" class=\"rl-gallery-link\" data-rl_caption=\"\" data-rel=\"lightbox-gallery-1\"><img src=\"https:\/\/tarqitamaat.ca\/wp-content\/uploads\/2021\/01\/Winifred2-1.jpg\" width=\"720\" height=\"960\" alt=\"\" \/><\/a> <\/li> <li class=\"rl-gallery-item splide__slide\" data-thumb=\"https:\/\/tarqitamaat.ca\/wp-content\/uploads\/2021\/01\/Winifred4.jpg\"> <a href=\"https:\/\/tarqitamaat.ca\/wp-content\/uploads\/2021\/01\/Winifred4.jpg\" title=\"\" data-rl_title=\"\" class=\"rl-gallery-link\" data-rl_caption=\"\" data-rel=\"lightbox-gallery-1\"><img src=\"https:\/\/tarqitamaat.ca\/wp-content\/uploads\/2021\/01\/Winifred4.jpg\" width=\"720\" height=\"960\" alt=\"\" \/><\/a> <\/li> <\/ul> <\/div> <\/div><\/p>\n<p><!-- wp:paragraph --><\/p>\n<p><\/p>\n<p><!-- \/wp:paragraph --><\/p>\n<p><!-- wp:paragraph --><\/p>\n<p>\u140a\u14ea\u14da\u1450\u1585 | Texte de | Text by: Olivia Lya Thomassie<\/p>\n<p><!-- \/wp:paragraph --><\/p>","protected":false},"excerpt":{"rendered":"<p>\u14c7\u14d5\u1550\u166f\u1450\u1585 | Janvier | January \u1557\u1403\u14c2\u1557\u1528\u140a\u1466 \u14c4\u1595\u1593\u1585 \u1403\u14c7\u1581\u14c7\u1550\u1450\u14c2\u1483 \u140a\u14d0\u14c4\u154c\u14d5\u1405\u1550\u144e \u1472\u158f\u1550\u14f1\u14a5. \u140a\u1550\u14c8\u1549\u158f\u14d0\u14c7\u14f2\u14c2 \u14a5\u1550\u14f1\u1546\u1405\u1550\u14ef\u14aa\u152a\u1585 \u144c\u14aa \u1403\u14d5\u14f4\u1546\u140a\u14d5\u1550\u1450\u1555\u14c2\u1585 \u1403\u14c7\u1581\u14c7\u1550\u1450\u14c2\u1483 \u14c4\u1456\u152d\u14c2\u1483 \u14a5\u1550\u14f1\u14ef\u14aa\u152a\u14d5\u1405\u1550\u14c2\u14c2\u1483 \u1403\u14d5\u14f4\u1550\u14f1\u14c2 \u1431\u14ef\u144e\u1595\u1591\u14da\u1546\u1466\u1450\u1555\u14c2\u1585. \u140a\u14a5\u14f1\u14c2\u1483 \u140a\u144e\u148b\u14d5\u1405\u1550\u14ef\u14aa\u14d5\u1550\u1450\u1585 \u146d\u14c7\u14d5\u14ab\u1483\u146f\u14c2\u1483, \u140a\u1550\u14c7\u14c2\u1483, \u140a\u1591\u144e\u14c2\u1483 \u140a\u14bb\u14aa\u14d7 \u1472\u1483\u1472\u14db\u14c2\u1483 \u140a\u14bb\u14aa\u14d7 \u140a\u14ef\u158f\u14d0\u14c2\u1483 \u140a\u14d0\u14c4\u154c\u14d5\u1405\u14f2\u148d\u14bb\u14a5\u14f1\u14c2 \u1406\u1466\u1451\u144e\u148b\u1466\u14f1\u148b\u1466 \u1433\u140a\u14d7\u1403\u1466, \u14c7\u14ed\u1466 \u140a\u14bb\u14aa\u14d7 \u1472\u14a5\u1450\u1403\u14d0\u14c0\u1466. \u1431\u1405\u14ef\u1450\u1583\u1550\u144e\u148d\u1466 \u14a5\u1550\u14f1\u1548\u14d0\u14c7\u14c2\u1585 \u1431\u14bb\u14aa\u1546\u1405\u1557\u1585 \u14ef\u14da\u1405\u1550 \u1404\u1483\u146e\u14c7\u1550\u14c2\u1593 \u1431\u1466\u152a\u144e\u148b\u1466\u14f1\u148d. \u140a\u1550\u14c0\u1466 \u1406\u1466\u1451\u144e\u14d5\u1405\u1550\u1438\u1450\u1555\u14c3\u1466 \u140a\u14a1\u1490\u14a5\u14c2\u1483 \u1406\u1466\u1450\u154b\u1405\u144e\u1583\u1550\u14f1\u144e\u1483, \u140a\u14bb\u14aa\u14d7 \u1406\u14aa\u152a\u1555\u14c3\u1466 \u14a5\u1550\u1581\u14d5\u1526\u1466 \u14a5\u1550\u14f1\u1455\u1405\u1559\u1466\u14f1\u144e\u1483. \u144c\u1466\u14f1\u14aa\u14c2\u1405\u14d0\u14c2\u14aa\u1466, \u1455\u1550\u154b\u1585 \u14c4\u1456\u152d\u14c2\u1483 \u14a5\u1550\u14f1\u1548\u144e\u1455\u1466\u14ef\u1438\u14ea\u14d5\u140a\u14ef\u14aa\u152a\u1585 \u140a\u14bb\u14aa\u14d7 \u140a\u1466\u1528\u148c\u1595\u158f\u1450\u1466 \u14a5\u1550\u14f1\u154b\u1466\u14ed\u1466 &hellip; <a href=\"https:\/\/tarqitamaat.ca\/?page_id=2278\" class=\"more-link\">Continue reading <span class=\"screen-reader-text\">\u148d\u1403\u14c2 \u14c4\u1595\u1593\u1585| Winifred Nungak<\/span> <span class=\"meta-nav\">&rarr;<\/span><\/a><\/p>\n","protected":false},"author":1,"featured_media":2324,"parent":0,"menu_order":0,"comment_status":"closed","ping_status":"closed","template":"","meta":[],"_links":{"self":[{"href":"https:\/\/tarqitamaat.ca\/index.php?rest_route=\/wp\/v2\/pages\/2278"}],"collection":[{"href":"https:\/\/tarqitamaat.ca\/index.php?rest_route=\/wp\/v2\/pages"}],"about":[{"href":"https:\/\/tarqitamaat.ca\/index.php?rest_route=\/wp\/v2\/types\/page"}],"author":[{"embeddable":true,"href":"https:\/\/tarqitamaat.ca\/index.php?rest_route=\/wp\/v2\/users\/1"}],"replies":[{"embeddable":true,"href":"https:\/\/tarqitamaat.ca\/index.php?rest_route=%2Fwp%2Fv2%2Fcomments&post=2278"}],"version-history":[{"count":30,"href":"https:\/\/tarqitamaat.ca\/index.php?rest_route=\/wp\/v2\/pages\/2278\/revisions"}],"predecessor-version":[{"id":114824,"href":"https:\/\/tarqitamaat.ca\/index.php?rest_route=\/wp\/v2\/pages\/2278\/revisions\/114824"}],"wp:featuredmedia":[{"embeddable":true,"href":"https:\/\/tarqitamaat.ca\/index.php?rest_route=\/wp\/v2\/media\/2324"}],"wp:attachment":[{"href":"https:\/\/tarqitamaat.ca\/index.php?rest_route=%2Fwp%2Fv2%2Fmedia&parent=2278"}],"curies":[{"name":"wp","href":"https:\/\/api.w.org\/{rel}","templated":true}]}}