{"id":2076,"date":"2020-11-06T20:00:02","date_gmt":"2020-11-06T20:00:02","guid":{"rendered":"https:\/\/tarqitamaat.ca\/?page_id=2076"},"modified":"2023-08-07T17:32:26","modified_gmt":"2023-08-07T17:32:26","slug":"%e1%90%8b%e1%95%90%e1%94%aa%e1%93%95%e1%90%85%e1%91%a6-decembre-december","status":"publish","type":"page","link":"https:\/\/tarqitamaat.ca\/?page_id=2076","title":{"rendered":"\u140b\u1550\u152a\u14d5\u1405\u1466 | D\u00e9cembre | December"},"content":{"rendered":"\n<h2 class=\"wp-block-heading\">\u1451\u14aa\u14ef \u14aa\u158f\u1405\u1585 | Thomassie Mangiok <\/h2>\n\n\n\n<p class=\"has-background has-very-light-gray-background-color\">\n\u1451\u14aa\u14ef \u14aa\u158f\u1405\u1585, \u1403\u1557\u1528\u1555\u14bb\u14a5\u1405\u1585, \u14c4\u14c7\u14d5\u14a5\u14c2 \u1403\u14d5\u14f4\u1550\u1555\u1405\u1449 \u140a\u1593\u152a\u1550\u1584\u1593\u1455 \u1450\u1593\u14d5\u140a \u140a\u14bb\u14aa\u14d7 \u140b\u1550\u157f\u14f1\u1550\u14ef\u14aa\u152a\u14d5\u1405\u1550\u144e\u1405\u14f1\u14c2 \u1455\u1405\u1466\u1450\u144e\u148d\u1466 \u140a\u14a5\u14f1\u1403\u14c2\u1483 \u1455\u1550\u14f4\u14d5\u1405\u1548\u1466\u1528\u14ef\u14aa\u14d5\u1550\u14f1\u14c2 \u14c4\u14c7\u1555\u14bb\u14a5 \u144e\u14a5\u14c2\u1483. \u1431\u14c7\u14f1\u140a\u1550\u14ef\u14aa\u14d5\u1550\u1450\u1585 \u140a\u146f\u14c2 \u14c4\u1403\u1455\u1405\u1550\u1583\u14a5\u14a5 \u1431\u14c7\u14f1\u1490\u1550\u14a5\u1483, \u14c4\u14c7\u14a5, \u14ef\u1557\u14ea\u14d5\u1438\u1405\u1466\u14f1\u14c2 \u14c4\u1456\u152d\u1585 \u1403\u14c4\u1403\u1466 \u1431\u1595\u1591\u140a\u1548\u144e\u1593.<br>\n\u14c4\u14c7\u14a5 \u14aa\u158f\u1466\u1455\u14a5 \u1431\u1595\u1591\u140a\u1548\u144e\u1483 \u1450\u1595\u1593\u1555\u14d5\u1483 \u1403\u14c4\u1403\u1466 \u140a\u14d0\u14c2\u14c7\u1550\u1450\u1581\u144e\u158f\u14d0\u14c2\u1483 \u140a\u14bb\u14aa\u14d7 \u140a\u1559\u144e\u158f\u14d0\u14c2\u1483. &#8220;\u1431\u1595\u1591\u140a\u1546\u140a\u1455\u14ab\u1466, \u1431\u1595\u1591\u140a\u1548\u144e\u1483 \u140a\u1466\u1528\u14ed\u14d0\u14c7\u1405\u1583\u152d\u1595\u158f\u1450\u1585 \u140b\u1550\u157f\u14f1\u1550\u14ef\u14aa\u14c2\u158f\u1466 \u140a\u1466\u1528\u1405\u158f\u14bb\u14aa\u1455, \u14ed\u1466\u144c\u1466 \u140a\u1466\u1528\u148c\u1595\u158f\u14aa\u1455. \u1431\u1595\u1591\u140a\u1548\u144e\u1405\u1449 \u1431\u1559\u14ea\u14d5\u140a\u148d\u144e\u1593 \u1403\u14d5\u1593\u152a\u1585 \u146d\u14c7\u1405\u14c2\u1550\u14c5\u1555\u1466. \u1583\u1405\u1528\u14f4\u1548\u14d0\u14c7\u1555\u1583\u1550\u14f1\u144e\u1466 \u140a\u1559\u144e\u14a5\u1483, \u1403\u14bb\u14a5\u14c2\u14d7 \u14c7\u14bb\u14a5\u14c2\u1550\u14c3\u1555\u1466 \u1583\u1405\u1528\u14f4\u1550\u14c2\u1583\u1550\u14d7\u144e\u1466; \u14f2\u1591\u14c2\u1550\u14c3\u1555\u1466 \u140a\u14bb\u14aa\u14d7 \u14f4\u1595\u1590\u14c2\u1550\u14c3\u1555\u1466.&#8221; \u14c4\u14c7\u14a5 \u1431\u1595\u1591\u140a\u1548\u1455\u1405\u14f2\u1585 \u146d\u144e\u1466\u152a\u144e\u144e\u148d\u1466, \u144c\u14a3\u14bb\u14aa\u1466 \u146d\u144e\u1466\u14ef\u148d\u14d0\u14c7\u1546\u140a\u1583\u1550\u1450\u144e\u1466 \u1431\u1595\u1591\u140a\u14da\u1593\u148d\u1555\u1466, \u1583\u14c4\u1403\u1466\u1450\u1450\u1403\u14d0\u14c7\u1585 \u1405\u1583\u1405\u14ef\u1585 \u140a\u1450\u1550\u14d7\u148d. \u14aa\u14d5\u1490\u1550\u1455\u158f\u1466 \u1403\u14d5\u14d0\u14c2\u140a\u1548\u144e\u158f\u1466 \u1403\u14c4\u1466\u144e\u1451\u1550\u1450\u1466, \u1583\u14ea\u14d7\u14c8\u1550\u144e\u1450\u1466 \u140a\u14bb\u14aa\u14d7 \u1405\u1403\u148d\u1403\u144e\u1450\u1466. \u1431\u1595\u1591\u140a\u1548\u144e\u1483 \u14c4\u1403\u1455\u1405\u14ef\u14aa\u14bb\u14a5\u152a\u1585 \u1403\u14da\u1405\u144e\u14ea\u14d7\u148b\u1466 \u1405\u146d\u1405\u1583\u1583\u144e\u148c\u1595\u158f\u1450\u1466 \u1451\u14aa\u14ef \u1403\u1472\u152a\u1550\u144e\u1583\u1550\u14ef\u14aa\u14bb\u14aa\u1466 \u140a\u14c8\u14c7\u14a5\u14c2\u1483 \u1439\u14f4\u14a5\u1483 \u140a\u14bb\u14aa\u14d7 \u1438\u14c2\u14bb\u14a5\u14c2\u1483 \u140a\u144e\u1583\u1550\u14a5\u152a\u14a5\u1483 \u1439\u14f4\u14a5, \u1431\u1595\u1591\u140a\u1548\u144e\u1405\u1449 \u1455\u1550\u14f4\u158f\u14d0\u14c2\u1483 \u140a\u14bb\u14aa\u14d7 \u140a\u14ea\u14da\u1591\u140a\u1550\u14ef\u14aa\u152a\u1550\u1455\u158f\u14d0\u14c2\u1483 \u140b\u1550\u157f\u14f1\u1403\u1466\u14f1\u144e\u1483.<br>\n\u201c\u14c7\u14c2\u1450\u1403\u14d0\u14c7\u1585 \u14ef\u14da\u1550\u152a\u140a\u14a5, \u1431\u1595\u1591\u140a\u14c2\u1585 \u1403\u14da\u148b\u152d\u1405\u14ea\u14da\u1546\u1466\u14ef\u14aa\u152a\u1585 \u1403\u14d5\u1466\u14ef\u1559\u14ea\u14d5\u140a\u14c2\u1550\u14c4\u1466 \u140a\u14bb\u14aa\u14d7 \u1403\u14c4\u1403\u1466 \u144c\u14ab\u1466\u14ed\u14c7\u1550\u14ef\u14aa\u1466\u14f1\u144e\u1483. \u1405\u14ea\u14d7\u14a5 \u1403\u14d5\u14f4\u1550\u14c2\u1405\u1449 \u140b\u1550\u157f\u14f1\u1550\u14ef\u14aa\u1405\u144e\u158f\u1466 \u140a\u1450\u1550\u1438\u1455\u1557\u1466 \u1403\u14da\u1405\u144e\u1466\u14ef\u158f\u1466\u1450\u1466 \u146d\u14c7\u1405\u14c2\u1466\u144e\u14c2\u1483 \u1403\u14c4\u1450\u1403\u14d0\u14c7\u1405\u14f1\u1455. \u146d\u1591\u14c2\u1550\u14a5 \u1403\u1595\u158f\u1591\u140a\u1548\u144e\u1583\u1550\u1438\u14da\u1405\u1550\u1450\u1585 \u140a\u14bb\u14aa\u14d7 \u1431\u1595\u1591\u140a\u1548\u144e\u14c2\u1483 \u14c8\u14bb\u14aa\u148b\u1405\u144e\u1595\u158f\u1450\u14c2\u1483 \u140b\u1550\u157f\u14f1\u1403\u148d\u1455\u1405\u148d\u14d0\u14c7\u1450\u14c2\u1483, \u140a\u14bb\u14aa\u14d7 \u1472\u1483\u1472\u14db\u1466 \u1403\u14d5\u1466\u14ef\u1555\u1583\u1550\u1438\u14da\u1405\u1550\u14f1\u144e\u1483 \u140a\u1593\u152a\u1550\u1584\u14a5\u14c2\u1483 \u1403\u1466\u152d\u14ef\u1490\u14f1\u140a\u1550\u14c2\u14a5\u144e\u148d\u1466.\u201d \u144c\u14ab\u1483 \u1450\u146d\u14ef\u144e\u1466\u14ef\u14ef\u14aa\u152a\u1585 \u1451\u14aa\u14ef.<br>\n\n\n\n<p class=\"has-very-light-gray-background-color has-background\">Thomassie Mangiok, d\u2019Ivujivik, est le directeur de l\u2019\u00e9cole de son village. Il est aussi un designer graphique qui a fait plusieurs logos d\u2019organisations du Nunavik. Il travaille depuis longtemps sur un projet qui sera prochainement lanc\u00e9, Nunami, le premier jeu de soci\u00e9t\u00e9 moderne inuit. <br>\nNunami est un jeu bas\u00e9 sur les valeurs inuites et l\u2019environnement. \u00ab Chaque fois que vous jouez, le jeu est diff\u00e9rent parce que la disposition change et les cartes sont diff\u00e9rents. Le d\u00e9veloppement d\u00e9pend de qui vous \u00eates et permet d\u2019explorer l\u2019environnement en se d\u00e9couvrant soi-m\u00eame, ses forces et ses faiblesses. \u00bb Le manuel d\u2019instructions sera disponible en inuktitut, anglais et fran\u00e7ais. Le jeu est \u00e9galement une cr\u00e9ation interg\u00e9n\u00e9rationnelle car Thomassie a impliqu\u00e9 sa m\u00e8re Passa ainsi que sa fille Pasa, qui ont r\u00e9alis\u00e9 des estampes et des dessins pour le jeu.  <br>\n\u00ab Partout \u00e0 travers le monde, jouer est un aspect important de l\u2019apprentissage, il en est de m\u00eame chez les Inuits. Le syst\u00e8me d\u2019\u00e9ducation actuel que nous avons ne fait pas partie de qui nous sommes en tant qu\u2019Inuits. Autrefois, il y avait des jeux et des chansons pour r\u00e9soudre des conflits et les enfants apprenaient en imitant leurs parents \u00bb a expliqu\u00e9 Thomassie. <br>\n<\/p>\n\n\n\n<p class=\"has-very-light-gray-background-color has-background\">Thomassie Mangiok, from Ivujivik, is the school principal of his hometown. He is also a graphic designer who has made multiple logos for Nunavik organizations. He has been working for a long time on a project which will be released soon, Nunami, the first Inuit modern board game.<br> Nunami is a game based on Inuit values and the environment. \u201cEach time you play, the game is different because the layout is different, the cards are different. The game development depends on who you are and you get to explore the environment and meanwhile you get to explore yourself; your strengths and your weaknesses.\u201d Nunami is played with numbers so you just have to know how to count to be able to play, no matter what language is spoken. The instructions manual will be in Inuktitut, English and French. The game is also an intergenerational creation since Thomassie involved his mother Passa and daughter also named Pasa, to do the game\u2019s prints and drawing. <br>  \u201cEverywhere in the world, playing has been a big part of learning and it\u2019s the same for Inuit. The current education system we have is not part of who we are as Inuit. In the past, there were songs and games to resolve conflict, and children would learn by imitating their parents.\u201d explained Thomassie.<\/p>\n\n\n\n<p>\u140a\u14ea\u14da\u1450\u1585 | Texte de | Text by: Olivia Lya Thomassie<\/p>\n\n\n\n<figure class=\"wp-block-image size-large\"><img decoding=\"async\" loading=\"lazy\" width=\"1024\" height=\"683\" src=\"https:\/\/tarqitamaat.ca\/wp-content\/uploads\/2020\/03\/DSC09942.p_lr-1-1024x683.jpg\" alt=\"\" class=\"wp-image-1315\" srcset=\"https:\/\/tarqitamaat.ca\/wp-content\/uploads\/2020\/03\/DSC09942.p_lr-1-1024x683.jpg 1024w, https:\/\/tarqitamaat.ca\/wp-content\/uploads\/2020\/03\/DSC09942.p_lr-1-300x200.jpg 300w, https:\/\/tarqitamaat.ca\/wp-content\/uploads\/2020\/03\/DSC09942.p_lr-1-768x512.jpg 768w, https:\/\/tarqitamaat.ca\/wp-content\/uploads\/2020\/03\/DSC09942.p_lr-1-1536x1025.jpg 1536w, https:\/\/tarqitamaat.ca\/wp-content\/uploads\/2020\/03\/DSC09942.p_lr-1-1200x800.jpg 1200w, https:\/\/tarqitamaat.ca\/wp-content\/uploads\/2020\/03\/DSC09942.p_lr-1-700x467.jpg 700w, https:\/\/tarqitamaat.ca\/wp-content\/uploads\/2020\/03\/DSC09942.p_lr-1-900x600.jpg 900w, https:\/\/tarqitamaat.ca\/wp-content\/uploads\/2020\/03\/DSC09942.p_lr-1-600x400.jpg 600w, https:\/\/tarqitamaat.ca\/wp-content\/uploads\/2020\/03\/DSC09942.p_lr-1.jpg 1700w\" sizes=\"(max-width: 1024px) 100vw, 1024px\" \/><\/figure>\n\n\n\n<figure class=\"wp-block-image size-large\"><img decoding=\"async\" loading=\"lazy\" width=\"1024\" height=\"683\" src=\"https:\/\/tarqitamaat.ca\/wp-content\/uploads\/2020\/03\/DSC09949.p_lr-1-1024x683.jpg\" alt=\"\" class=\"wp-image-1316\" srcset=\"https:\/\/tarqitamaat.ca\/wp-content\/uploads\/2020\/03\/DSC09949.p_lr-1-1024x683.jpg 1024w, https:\/\/tarqitamaat.ca\/wp-content\/uploads\/2020\/03\/DSC09949.p_lr-1-300x200.jpg 300w, https:\/\/tarqitamaat.ca\/wp-content\/uploads\/2020\/03\/DSC09949.p_lr-1-768x512.jpg 768w, https:\/\/tarqitamaat.ca\/wp-content\/uploads\/2020\/03\/DSC09949.p_lr-1-1536x1025.jpg 1536w, https:\/\/tarqitamaat.ca\/wp-content\/uploads\/2020\/03\/DSC09949.p_lr-1-1200x800.jpg 1200w, https:\/\/tarqitamaat.ca\/wp-content\/uploads\/2020\/03\/DSC09949.p_lr-1-700x467.jpg 700w, https:\/\/tarqitamaat.ca\/wp-content\/uploads\/2020\/03\/DSC09949.p_lr-1-900x600.jpg 900w, https:\/\/tarqitamaat.ca\/wp-content\/uploads\/2020\/03\/DSC09949.p_lr-1-600x400.jpg 600w, https:\/\/tarqitamaat.ca\/wp-content\/uploads\/2020\/03\/DSC09949.p_lr-1.jpg 1700w\" sizes=\"(max-width: 1024px) 100vw, 1024px\" \/><\/figure>\n\n\n<style>.embed-container { position: relative; padding-bottom: 56.25%; height: 0; overflow: hidden; max-width: 100%; } .embed-container iframe, .embed-container object, .embed-container embed { position: absolute; top: 0; left: 0; width: 100%; height: 100%; }<\/style>\n<div class=\"embed-container\"><iframe src=\"https:\/\/www.youtube.com\/embed\/T0Y94tg1Bgg\" frameborder=\"0\" allowfullscreen=\"\"><\/iframe><\/div>\n\n\n<p class=\"has-background\" style=\"background-color:#e5f5f5\">\n<a rel=\"noreferrer noopener\" href=\"https:\/\/www.amazon.ca\/dp\/B08NC9JZSQ?fbclid=IwAR1XJmBDXcxkVuVp2TVE4RBodYdNYh_y0hS63tA2Ki9UT1G1kfOjxYWKuE4\" target=\"_blank\">Buy Nunami by clicking on this link<\/a> <br>\n<a href=\"https:\/\/www.amazon.ca\/dp\/B08NC9JZSQ?fbclid=IwAR2LTMPXxd7WR0zKQB8No7tG0g9AmIMz_f1KXfTYlhk3JtMQ0s7ZfvA-ZRw\" target=\"_blank\" rel=\"noreferrer noopener\">Pour acheter le jeu, cliquez sur ce lien<\/a><br>\n<a href=\"https:\/\/www.amazon.ca\/dp\/B08NC9JZSQ?fbclid=IwAR2LTMPXxd7WR0zKQB8No7tG0g9AmIMz_f1KXfTYlhk3JtMQ0s7ZfvA-ZRw\" target=\"_blank\" rel=\"noreferrer noopener\">\u1431\u1456\u1548\u14aa\u148d\u1555\u1466 \u1431\u1595\u1591\u140a\u1490\u1466\u14f4\u14a5\u1483, \u14c7\u1550\u14c2\u14d7\u148d \u1455\u146f\u1546\u140a\u148d\u144e\u1483<\/a><\/p>\n","protected":false},"excerpt":{"rendered":"<p>\u1451\u14aa\u14ef \u14aa\u158f\u1405\u1585 | Thomassie Mangiok \u1451\u14aa\u14ef \u14aa\u158f\u1405\u1585, \u1403\u1557\u1528\u1555\u14bb\u14a5\u1405\u1585, \u14c4\u14c7\u14d5\u14a5\u14c2 \u1403\u14d5\u14f4\u1550\u1555\u1405\u1449 \u140a\u1593\u152a\u1550\u1584\u1593\u1455 \u1450\u1593\u14d5\u140a \u140a\u14bb\u14aa\u14d7 \u140b\u1550\u157f\u14f1\u1550\u14ef\u14aa\u152a\u14d5\u1405\u1550\u144e\u1405\u14f1\u14c2 \u1455\u1405\u1466\u1450\u144e\u148d\u1466 \u140a\u14a5\u14f1\u1403\u14c2\u1483 \u1455\u1550\u14f4\u14d5\u1405\u1548\u1466\u1528\u14ef\u14aa\u14d5\u1550\u14f1\u14c2 \u14c4\u14c7\u1555\u14bb\u14a5 \u144e\u14a5\u14c2\u1483. \u1431\u14c7\u14f1\u140a\u1550\u14ef\u14aa\u14d5\u1550\u1450\u1585 \u140a\u146f\u14c2 \u14c4\u1403\u1455\u1405\u1550\u1583\u14a5\u14a5 \u1431\u14c7\u14f1\u1490\u1550\u14a5\u1483, \u14c4\u14c7\u14a5, \u14ef\u1557\u14ea\u14d5\u1438\u1405\u1466\u14f1\u14c2 \u14c4\u1456\u152d\u1585 \u1403\u14c4\u1403\u1466 \u1431\u1595\u1591\u140a\u1548\u144e\u1593. \u14c4\u14c7\u14a5 \u14aa\u158f\u1466\u1455\u14a5 \u1431\u1595\u1591\u140a\u1548\u144e\u1483 \u1450\u1595\u1593\u1555\u14d5\u1483 \u1403\u14c4\u1403\u1466 \u140a\u14d0\u14c2\u14c7\u1550\u1450\u1581\u144e\u158f\u14d0\u14c2\u1483 \u140a\u14bb\u14aa\u14d7 \u140a\u1559\u144e\u158f\u14d0\u14c2\u1483. &#8220;\u1431\u1595\u1591\u140a\u1546\u140a\u1455\u14ab\u1466, \u1431\u1595\u1591\u140a\u1548\u144e\u1483 \u140a\u1466\u1528\u14ed\u14d0\u14c7\u1405\u1583\u152d\u1595\u158f\u1450\u1585 \u140b\u1550\u157f\u14f1\u1550\u14ef\u14aa\u14c2\u158f\u1466 \u140a\u1466\u1528\u1405\u158f\u14bb\u14aa\u1455, \u14ed\u1466\u144c\u1466 \u140a\u1466\u1528\u148c\u1595\u158f\u14aa\u1455. \u1431\u1595\u1591\u140a\u1548\u144e\u1405\u1449 \u1431\u1559\u14ea\u14d5\u140a\u148d\u144e\u1593 \u1403\u14d5\u1593\u152a\u1585 \u146d\u14c7\u1405\u14c2\u1550\u14c5\u1555\u1466. \u1583\u1405\u1528\u14f4\u1548\u14d0\u14c7\u1555\u1583\u1550\u14f1\u144e\u1466 \u140a\u1559\u144e\u14a5\u1483, \u1403\u14bb\u14a5\u14c2\u14d7 \u14c7\u14bb\u14a5\u14c2\u1550\u14c3\u1555\u1466 \u1583\u1405\u1528\u14f4\u1550\u14c2\u1583\u1550\u14d7\u144e\u1466; \u14f2\u1591\u14c2\u1550\u14c3\u1555\u1466 \u140a\u14bb\u14aa\u14d7 \u14f4\u1595\u1590\u14c2\u1550\u14c3\u1555\u1466.&#8221; &hellip; <a href=\"https:\/\/tarqitamaat.ca\/?page_id=2076\" class=\"more-link\">Continue reading <span class=\"screen-reader-text\">\u140b\u1550\u152a\u14d5\u1405\u1466 | D\u00e9cembre | December<\/span> <span class=\"meta-nav\">&rarr;<\/span><\/a><\/p>\n","protected":false},"author":1,"featured_media":1307,"parent":0,"menu_order":0,"comment_status":"closed","ping_status":"closed","template":"","meta":{"jetpack_post_was_ever_published":false},"jetpack_sharing_enabled":true,"jetpack_shortlink":"https:\/\/wp.me\/PaFG9T-xu","_links":{"self":[{"href":"https:\/\/tarqitamaat.ca\/index.php?rest_route=\/wp\/v2\/pages\/2076"}],"collection":[{"href":"https:\/\/tarqitamaat.ca\/index.php?rest_route=\/wp\/v2\/pages"}],"about":[{"href":"https:\/\/tarqitamaat.ca\/index.php?rest_route=\/wp\/v2\/types\/page"}],"author":[{"embeddable":true,"href":"https:\/\/tarqitamaat.ca\/index.php?rest_route=\/wp\/v2\/users\/1"}],"replies":[{"embeddable":true,"href":"https:\/\/tarqitamaat.ca\/index.php?rest_route=%2Fwp%2Fv2%2Fcomments&post=2076"}],"version-history":[{"count":17,"href":"https:\/\/tarqitamaat.ca\/index.php?rest_route=\/wp\/v2\/pages\/2076\/revisions"}],"predecessor-version":[{"id":6949,"href":"https:\/\/tarqitamaat.ca\/index.php?rest_route=\/wp\/v2\/pages\/2076\/revisions\/6949"}],"wp:featuredmedia":[{"embeddable":true,"href":"https:\/\/tarqitamaat.ca\/index.php?rest_route=\/wp\/v2\/media\/1307"}],"wp:attachment":[{"href":"https:\/\/tarqitamaat.ca\/index.php?rest_route=%2Fwp%2Fv2%2Fmedia&parent=2076"}],"curies":[{"name":"wp","href":"https:\/\/api.w.org\/{rel}","templated":true}]}}