{"id":1567,"date":"2020-08-27T12:51:11","date_gmt":"2020-08-27T12:51:11","guid":{"rendered":"https:\/\/tarqitamaat.ca\/?page_id=1567"},"modified":"2026-04-14T13:28:19","modified_gmt":"2026-04-14T13:28:19","slug":"%e1%90%8a%e1%92%a5%e1%95%83%e1%94%ad%e1%90%85%e1%91%a6-septembre-september","status":"publish","type":"page","link":"https:\/\/tarqitamaat.ca\/?page_id=1567","title":{"rendered":"\u140a\u14a5\u1543\u152d\u1405\u1466 | Septembre | September"},"content":{"rendered":"\n<h2 class=\"wp-block-heading\">\u140a\u14ef\u14d0\u14c7\u152d\u1585 | asinnajaq<\/h2>\n\n\n\n<p class=\"has-background has-very-light-gray-background-color\">\n\u140a\u14f0\u14d0\u14c7\u152e\u1585 \u140a\u14a5\u14f1\u1403\u14c2\u1483 \u1455\u146f\u14a5\u14c7\u1550\u1450\u14d5\u1405\u1550\u144e \u1431\u1595\u1591\u140a\u144e \u140a\u14bb\u14aa\u14d7 \u1450\u146d\u14ef\u14c7\u1550\u144e\u14ef\u1528\u1405\u1466\u14f1\u14c2 \u1403\u14c4\u1466\u152a\u140a\u14a5\u1405\u148d\u14ef\u14aa\u1466\u14f1\u14c2 \u146d\u14ef\u140a\u14c2 \u14aa\u14d0\u1450\u1528\u140a\u14da\u14a5 \u14c4\u14c7\u1583\u1559\u14ea\u14d7\u14ef\u14aa\u152a\u1585. \u1403\u14d5\u14f4\u1550\u14ef\u14aa\u152a\u1585 \u14f1\u14d5\u152a\u1595\u1591\u140a\u148d\u14c2\u1550\u14c2\u1483 NSCAD \u1403\u14d5\u14f4\u1550\u1555\u152a\u140a\u14a5 (\u14c5\u1555\u1505 \u1470\u14f4\u14a5 \u1431\u14c7\u14f1\u1490\u1550\u14c2\u1483 \u14ef\u14da\u1466\u1450\u14f4\u1550\u1555\u14a5 \u1455\u146f\u14a5\u14c7\u1550\u1450\u14d5\u1546\u14c2\u1550\u14c4\u1466 \u140a\u14bb\u14aa\u14d7 \u140b\u1550\u157f\u14f1\u1466\u14ef\u140a\u14ef\u14aa\u152a\u14d5\u1546\u14c2\u1550\u14c4\u1466). \u1403\u1550\u1583\u1405\u14aa\u148b\u152d\u1583\u14d7\u140a\u1550\u1450\u1585 \u1405\u1403\u148d\u1403\u144e\u1450\u1466 \u1403\u14d5\u14f4\u1550\u14c2\u1546\u14ef\u14aa\u152d\u14a5\u14c2\u1483 \u14c2\u1550\u14ef\u1405\u1450\u1466 \u1403\u14d5\u14d0\u14c2\u140a\u1548\u144e\u158f\u14d0\u14c2\u1483 \u14c4\u1403\u1466\u14ef\u148b\u140a\u1583\u1550\u14ef\u14aa\u1490\u14a5 \u1405\u1403\u148d\u1403\u144e\u1450\u1466 \u140a\u14bb\u14aa\u14d7 \u1456\u1466\u14f1\u14a5\u1593 \u140a\u14d5\u140a\u148b\u152d\u1583\u14bb\u14aa\u1546\u1466\u14ef\u14aa\u1466\u14f1\u14c2, \u1431\u14c7\u14f1\u140a\u1550\u1455\u14a5\u14c2\u140a\u14ea\u14db\u1466 \u1455\u146f\u152d\u1466\u14f4\u1591\u1550\u144e\u14ef\u14ef\u14aa\u1466\u14f1\u14c2. \u14ef\u1557\u14ea\u14d5\u1439\u14a5 \u140a\u1451\u144e\u148b\u140a\u1595\u1593\u1583\u1466\u1455\u14ef\u14aa\u152a\u1585 \u1431\u14c7\u14f1\u1466\u144e\u14aa\u1547\u1466 \u1431\u14c7\u14f1\u140a\u1550\u1555\u1593\u14c3\u1466\u14f1\u14c2 \u1401\u1449\u1438\u1583\u1550\u14f1\u14c2 \u152b\u1431 \u1405\u1403\u1456\u14d7\u1466\u1450\u14a5\u1483 \u140a\u1405\u14da\u152b\u14d5\u1405\u1550\u14f1\u144e\u1483 \u144e\u14a7\u144e \u1431\u148d\u1466\u1528\u14f1\u148b\u1466 NFB (\u1473\u14c7\u1455\u14a5 \u140a\u1405\u14da\u152b\u14d5\u1405\u1550\u14c2\u14c4\u1466 \u1472\u144e\u14aa\u1529\u1466) \u14ef\u1557\u14ea\u14d5\u14a5 \u1455\u146f\u1466\u14f4\u1405\u152a\u1466\u14f4\u14d5\u1405\u1550\u144e\u1405\u14f1\u14c2 \u140a\u14bb\u14aa\u14d7 \u146d\u1591\u14c2\u1593\u148d\u1466 \u1472\u14aa\u1528\u14bb\u14aa\u1546\u14bb\u14a5\u1483 \u1403\u1472\u152a\u1550\u144e\u1405\u14f1\u14c2. <br>\n\u1431\u152a\u1466\u14f4\u1405\u152e\u14da\u157f\u1405\u144e\u1583\u14f2\u1585 \u140a\u1466\u1528\u148c\u1595\u158f\u1450\u14c4\u1466 \u140a\u1405\u14da\u152b\u14c4\u1466 \u140a\u1450\u140a\u1490\u1550\u14c4\u14d7 \u1455\u146f\u148d\u14d0\u14c7\u14ef\u1405\u144e\u148b\u1466\u14f1\u148b\u1466 \u140a\u1466\u1528\u148c\u1595\u158f\u1450\u14c2\u1483 \u1403\u14f1\u14aa\u148b\u152d\u1583\u1548\u14d0\u14c7\u1405\u144e\u14c2\u1483. \u140a\u14f0\u14d0\u14c7\u152e\u1585 \u14c4\u1403\u1466\u14ef\u1559\u14ea\u14d7\u14f2\u1585 \u1403\u14bb\u14a5\u14c2\u1595\u1591\u140a\u1585 \u140a\u1466\u1528\u1591\u140a\u14d5\u140a\u1555\u14c2\u1550\u14a5\u14c2\u1483 \u146d\u14ef\u140a\u14c2 \u140a\u14a5\u14f1\u14c2\u1483 \u1403\u14c4\u14d0\u14c2\u1483 \u1403\u14da\u1405\u144e\u1466\u14ef\u14ef\u158f\u14d0\u14c7\u14f2\u148d\u1466\u14f1\u14c2 \u140a\u14bb\u14aa\u14d7 \u14c7\u146f\u1546\u152d\u1583\u1550\u14c2\u14a5\u14c2\u1483 \u1450\u14f4\u1550\u1455\u1405\u144e\u1466\u14ef\u14f2\u148d\u1466\u14f1\u14c2 \u1431\u1555\u1466\u14f4\u1583\u1550\u144e\u14ef\u1466\u14ef\u140a\u1438\u1466\u1450\u14c2\u1483 \u1403\u1472\u152a\u1550\u14ef\u14aa\u1466\u14f1\u144e\u1483 \u140a\u1405\u14da\u152b\u14d5\u1405\u1550\u14c2\u14c4\u1466 \u1431\u14c7\u14f1\u1490\u158f\u14d0\u14c2\u1483. \u140a\u14a5\u14f1\u1403\u14c4\u1466 \u14c4\u14c7\u1550\u14da\u14d5\u140a\u1550\u14ef\u14aa\u152a\u1585 \u1431\u14c7\u14f1\u140a\u1546\u140a\u1550\u1450\u14f1\u14c2 \u140a\u14bb\u14aa\u14d7 \u1583\u1405\u1528\u14ef\u14aa\u14d5\u1550\u14f1\u14c2: \u140a\u14a5\u14f1\u1466 \u1403\u14c4\u1403\u1466 \u1405\u1559\u1466\u144e\u14c2\u1483 \u1583\u1405\u1528\u14aa\u14d5\u1550\u1450\u1466 \u1450\u14f5\u14da\u1405\u1550\u14ef\u14aa\u1595\u158f\u1450\u1466 \u146d\u14c7\u14a5\u14ea\u14d8\u14c3\u1466 \u1403\u14c4\u14bb\u14a5\u1466&#8221;. \u1450\u146d\u14ef\u14c7\u1550\u144e\u14ef\u14d5\u154b\u14a5 \u1455\u146f\u152d\u1466\u14f4\u14d5\u140a\u148d\u14ef\u14aa\u152a\u14c2\u1483, \u1403\u1449\u1431\u148b\u1466\u14f1\u148b\u1466 \u14f1\u14c7\u14d5\u1466\u1456\u14c2\u158f\u1466, \u1403\u1449\u1431\u148d\u14f1\u1466\u14ef\u140a\u14f2\u1585 \u14c7\u14ea\u14d5\u1473\u1583\u144e\u1583\u1546\u140a\u1583\u1550\u14c2\u14a5\u14c2\u1483 \u14f1\u14c0\u1466 \u1455\u146f\u1466\u14f4\u1405\u144e\u1455\u1405\u14da\u1593\u14d5\u1550\u14a5\u14aa\u1594\u1455 \u140a\u14bb\u14aa\u14d7 \u1455\u146f\u152d\u1550\u1450\u1450\u14c2\u1483 \u1450\u1595\u1593\u14f1\u1483\u146b\u148d\u144e\u1405\u14da\u1593\u152a\u14c2\u1483: &#8220;\u1455\u146f\u1466\u14f4\u1405\u144e\u1455\u1405\u1555\u14d0\u14c2 \u1450\u146d\u14ef\u14c7\u1550\u144e\u148b\u140a\u1550\u1450\u14ef\u14aa\u152d\u1550\u14c2 \u144f\u1450\u154b\u1466\u14f4\u1583\u1550\u144e\u14ef\u148b\u140a\u14a5\u1483 \u140a\u14d5\u140a\u14f2\u148d\u152a\u1593 \u144c\u14ab\u1466\u14ed\u14c7\u1585 \u140a\u14c7\u1550\u154b\u14ef\u14aa\u144e\u14ea\u14d7\u1593 \u1433\u14db\u1546\u140a\u1550\u1455\u1405\u148d\u14aa \u1450\u1595\u1593\u14f1\u1466\u144e\u14ef\u148d\u144e\u148b\u14f2\u1546\u1490\u1483\u146f \u144f\u1450\u1550\u144e\u14ef\u14c2\u1585, \u1403\u14d8\u14d0\u14c7\u144e\u1483 \u146d\u14c7\u14d5\u14ab\u1483\u146f\u1466 \u1403\u14f1\u1550\u1546\u14f2\u148d\u1595\u158f\u14aa\u1455 \u1455\u146f\u14a5\u14c7\u1550\u1450\u14c2\u1483 \u1455\u146f\u1466\u14f4\u1405\u144e\u1466\u14ef\u1555\u14bb\u14a6\u148b\u140a\u1585&#8221; \u14da\u14da\u1405\u152b\u1585. \u1403\u14da\u1405\u148c\u1550\u14ef\u14aa\u14d5\u1550\u14f1\u14c2 \u1450\u146d\u14ef\u14c7\u1550\u144e\u14ef\u1528\u1405\u1583\u144e\u148c\u14c4\u1466 \u1405\u1593\u1456\u14c2 \u14c4\u1403\u1455\u1405\u1583\u14a5\u1405\u14c2\u1550\u1439\u1466 Venice Biennale \u1403\u14da\u1405\u144e\u14ea\u14d7\u148d \u1403\u14f1\u14aa, \u14f5\u14da\u1583\u1405\u144e\u1456\u1550\u1583\u14a5\u14da\u1405\u152b\u1585 Sobey Art Award-\u14a5\u1483 \u1455\u146f\u14a5\u14c7\u1550\u1450\u14d5\u1405\u1550\u144f\u1466 \u1401\u1466\u1450\u1455\u1405\u148d\u144e\u148b\u14f2\u1593\u14c2\u1483 \u140a\u14bb\u14aa\u14d7 \u1403\u14da\u1405\u14ef\u14aa\u14bb\u14a5\u14f1\u14c2 \u1450\u146d\u14ef\u14c7\u1550\u144e\u14ef\u1528\u1405\u1583\u144e\u148c\u14c4\u1466 \u1557\u1403\u14c2\u142f\u14bb\u14a5 \u1403\u14c4\u1403\u1466 \u1455\u146f\u14a5\u14c7\u1550\u1450\u14d5\u1546\u1555\u1593\u14c2 \u1455\u155d\u1559\u14c2 \u1405\u146d\u140a\u14a5 \u14c7\u14d7\u14c0\u1550\u1455\u1405\u14c2\u1583\u14db\u1550\u1450\u14a5.<br>\n\n\n\n<p class=\"has-background has-very-light-gray-background-color\">\nAsinnajaq est une artiste multidisciplinaire et commissaire originaire d\u2019Inukjuak mais ayant v\u00e9cu principalement \u00e0 Montr\u00e9al. Elle a \u00e9tudi\u00e9 le cin\u00e9ma \u00e0 l\u2019Universit\u00e9 NSCAD (Nova Scotia College of Art and Design). Elle a \u00e9t\u00e9 marqu\u00e9e par un cours de fran\u00e7ais o\u00f9 elle devait faire un film pr\u00e9sentant une recette, elle \u00e9tait tellement passionn\u00e9e qu\u2019elle a m\u00eame ajout\u00e9 des pauses commerciales dans son film. Sa premi\u00e8re exp\u00e9rience sur un plateau professionnel fut avec son p\u00e8re Jobie Weetaluktuk sur le film Timuti produit par l\u2019ONF (Office National du Film du Canada), d\u2019abord en tant qu&#8217;illustratrice et ensuite comme assistante-r\u00e9alisatrice. Elle tire son inspiration de films et de livres qui lui permettent de voir le monde avec une nouvelle perspective. Asinnajaq cr\u00e9e principalement des autoportraits mais finit souvent par inclure d\u2019autres personnes, et honore le pr\u00e9cieux temps de ceux qui ont contribu\u00e9 \u00e0 ses cr\u00e9ations cin\u00e9matographiques.  <br>\nElle a voyag\u00e9 dans plusieurs pays pour son travail, et elle remarque que \u00ab beaucoup de gens connaissent les Inuit mais ont rarement l\u2019opportunit\u00e9 d\u2019en apprendre sur nous par quelqu\u2019un qui est Inuk \u00bb. Lorsqu\u2019elle est commissaire d\u2019une exposition, selon le th\u00e8me, sa sensibilit\u00e9 lui permet de choisir ce qu\u2019elle fait avec ses pairs et elle a \u00e9galement \u00e0 c\u0153ur d\u2019accueillir les visiteurs : \u00ab J\u2019aime servir du th\u00e9 dans l\u2019exposition comme si j\u2019accueillais quelqu\u2019un qui vient chez moi, car ce n\u2019est pas tout le monde qui se sent \u00e0 l\u2019aise dans une galerie d\u2019art \u00bb ajoute-elle. Apr\u00e8s avoir \u00e9t\u00e9 membre de l\u2019\u00e9quipe de commissaires pour la Biennale de Venise avec Isuma, elle a r\u00e9cemment \u00e9t\u00e9 r\u00e9compens\u00e9e du Sobey Art Award et fait partie de l\u2019\u00e9quipe de commissaires derri\u00e8re le nouveau Centre d\u2019art inuit de Winnipeg qui inaugurera cet automne.  <br>\n\n\n\n<p class=\"has-very-light-gray-background-color has-background\">\nAsinnajaq is a multidisciplinary artist and curator originally from Inukjuak but has lived mostly in Montreal. She studied cinema at NSCAD University (Nova Scotia College of Art and Design). One marking experience was a French course where she had to make a recipe film, and she was so passionate about it, she even put some ads in her film. Her first  professional experience on a set was with her father Jobie Weetaluktuk on the film Timuti for the NFB (National Film Board of Canada), first as an Illustrator and after as the Assistant Director. She gets inspired by different movies and books that makes her see the world in a different perspective. Asinnajaq mostly creates self-portraits but they often end up including a lot of people and honoring the ones who give their precious time for her cinematographic projects.  <br>\nShe has traveled in many countries for her work and she noticed that \u201cmany people know about us but they don\u2019t get to hear about us from someone who is Inuk\u2019\u2019. When she curates on an exhibition, depending on the theme, she has the sensitivity to choose with her pairs what could be the best to showcase but also to greet the visitors: \u201cI like to put tea in the exhibitions I curate like I would welcome someone to my home, because not everyone is comfortable in an art gallery\u201d she says. After being part of the curatorial team behind the latest Venice Biennale with Isuma, she was recently awarded by the Sobey Art Award and was also part of the curatorial team for the Winnipeg Inuit Art Center to be inaugurated this Fall.<\/p>\n\n\n\n<p>\u140a\u14ea\u14da\u1450\u1585 | Texte de | Text by: Olivia Lya Thomassie<\/p>\n\n\n\n\n<div class=\"rl-gallery-container splide rl-loading\" id=\"rl-gallery-container-1\" data-gallery_id=\"1883\"> <div class=\"rl-gallery rl-basicslider-gallery splide__track \" id=\"rl-gallery-1\" data-gallery_no=\"1\"> <ul class=\"splide__list\"> <li class=\"rl-gallery-item splide__slide\" data-thumb=\"https:\/\/tarqitamaat.ca\/wp-content\/uploads\/2020\/09\/riverpiece_score.jpg\"> <a href=\"https:\/\/tarqitamaat.ca\/wp-content\/uploads\/2020\/09\/riverpiece_score.jpg\" title=\"\" data-rl_title=\"\" class=\"rl-gallery-link\" data-rl_caption=\"\" data-rel=\"lightbox-gallery-1\"><img src=\"https:\/\/tarqitamaat.ca\/wp-content\/uploads\/2020\/09\/riverpiece_score.jpg\" width=\"1920\" height=\"1080\" alt=\"\" \/><\/a> <\/li> <li class=\"rl-gallery-item splide__slide\" data-thumb=\"https:\/\/tarqitamaat.ca\/wp-content\/uploads\/2020\/09\/RiverPiece_001.jpg\"> <a href=\"https:\/\/tarqitamaat.ca\/wp-content\/uploads\/2020\/09\/RiverPiece_001.jpg\" title=\"\" data-rl_title=\"\" class=\"rl-gallery-link\" data-rl_caption=\"\" data-rel=\"lightbox-gallery-1\"><img src=\"https:\/\/tarqitamaat.ca\/wp-content\/uploads\/2020\/09\/RiverPiece_001.jpg\" width=\"1920\" height=\"1080\" alt=\"\" \/><\/a> <\/li> <li class=\"rl-gallery-item splide__slide\" data-thumb=\"https:\/\/tarqitamaat.ca\/wp-content\/uploads\/2020\/09\/RiverPiece_002.jpg\"> <a href=\"https:\/\/tarqitamaat.ca\/wp-content\/uploads\/2020\/09\/RiverPiece_002.jpg\" title=\"\" data-rl_title=\"\" class=\"rl-gallery-link\" data-rl_caption=\"\" data-rel=\"lightbox-gallery-1\"><img src=\"https:\/\/tarqitamaat.ca\/wp-content\/uploads\/2020\/09\/RiverPiece_002.jpg\" width=\"1920\" height=\"1080\" alt=\"\" \/><\/a> <\/li> <li class=\"rl-gallery-item splide__slide\" data-thumb=\"https:\/\/tarqitamaat.ca\/wp-content\/uploads\/2020\/09\/RiverPiece_003-1.jpg\"> <a href=\"https:\/\/tarqitamaat.ca\/wp-content\/uploads\/2020\/09\/RiverPiece_003-1.jpg\" title=\"\" data-rl_title=\"\" class=\"rl-gallery-link\" data-rl_caption=\"\" data-rel=\"lightbox-gallery-1\"><img src=\"https:\/\/tarqitamaat.ca\/wp-content\/uploads\/2020\/09\/RiverPiece_003-1.jpg\" width=\"1920\" height=\"1080\" alt=\"\" \/><\/a> <\/li> <\/ul> <\/div> <\/div>\n<style>.embed-container { position: relative; padding-bottom: 56.25%; height: 0; overflow: hidden; max-width: 100%; } .embed-container iframe, .embed-container object, .embed-container embed { position: absolute; top: 0; left: 0; width: 100%; height: 100%; }<\/style>\n<div class=\"embed-container\"><iframe src=\"https:\/\/www.youtube.com\/embed\/_orqfgqkn64\" frameborder=\"0\" allowfullscreen=\"\"><\/iframe><\/div>\n<p class=\"has-background\" style=\"background-color: #e5f5f5;\">Visit her Website, Visitez son site internet <a href=\"http:\/\/asinnajaq.com\" target=\"_blank\" rel=\"noopener noreferrer\">asinnajaq.com<\/a><\/p>","protected":false},"excerpt":{"rendered":"<p>\u140a\u14ef\u14d0\u14c7\u152d\u1585 | asinnajaq \u140a\u14f0\u14d0\u14c7\u152e\u1585 \u140a\u14a5\u14f1\u1403\u14c2\u1483 \u1455\u146f\u14a5\u14c7\u1550\u1450\u14d5\u1405\u1550\u144e \u1431\u1595\u1591\u140a\u144e \u140a\u14bb\u14aa\u14d7 \u1450\u146d\u14ef\u14c7\u1550\u144e\u14ef\u1528\u1405\u1466\u14f1\u14c2 \u1403\u14c4\u1466\u152a\u140a\u14a5\u1405\u148d\u14ef\u14aa\u1466\u14f1\u14c2 \u146d\u14ef\u140a\u14c2 \u14aa\u14d0\u1450\u1528\u140a\u14da\u14a5 \u14c4\u14c7\u1583\u1559\u14ea\u14d7\u14ef\u14aa\u152a\u1585. \u1403\u14d5\u14f4\u1550\u14ef\u14aa\u152a\u1585 \u14f1\u14d5\u152a\u1595\u1591\u140a\u148d\u14c2\u1550\u14c2\u1483 NSCAD \u1403\u14d5\u14f4\u1550\u1555\u152a\u140a\u14a5 (\u14c5\u1555\u1505 \u1470\u14f4\u14a5 \u1431\u14c7\u14f1\u1490\u1550\u14c2\u1483 \u14ef\u14da\u1466\u1450\u14f4\u1550\u1555\u14a5 \u1455\u146f\u14a5\u14c7\u1550\u1450\u14d5\u1546\u14c2\u1550\u14c4\u1466 \u140a\u14bb\u14aa\u14d7 \u140b\u1550\u157f\u14f1\u1466\u14ef\u140a\u14ef\u14aa\u152a\u14d5\u1546\u14c2\u1550\u14c4\u1466). \u1403\u1550\u1583\u1405\u14aa\u148b\u152d\u1583\u14d7\u140a\u1550\u1450\u1585 \u1405\u1403\u148d\u1403\u144e\u1450\u1466 \u1403\u14d5\u14f4\u1550\u14c2\u1546\u14ef\u14aa\u152d\u14a5\u14c2\u1483 \u14c2\u1550\u14ef\u1405\u1450\u1466 \u1403\u14d5\u14d0\u14c2\u140a\u1548\u144e\u158f\u14d0\u14c2\u1483 \u14c4\u1403\u1466\u14ef\u148b\u140a\u1583\u1550\u14ef\u14aa\u1490\u14a5 \u1405\u1403\u148d\u1403\u144e\u1450\u1466 \u140a\u14bb\u14aa\u14d7 \u1456\u1466\u14f1\u14a5\u1593 \u140a\u14d5\u140a\u148b\u152d\u1583\u14bb\u14aa\u1546\u1466\u14ef\u14aa\u1466\u14f1\u14c2, \u1431\u14c7\u14f1\u140a\u1550\u1455\u14a5\u14c2\u140a\u14ea\u14db\u1466 \u1455\u146f\u152d\u1466\u14f4\u1591\u1550\u144e\u14ef\u14ef\u14aa\u1466\u14f1\u14c2. \u14ef\u1557\u14ea\u14d5\u1439\u14a5 \u140a\u1451\u144e\u148b\u140a\u1595\u1593\u1583\u1466\u1455\u14ef\u14aa\u152a\u1585 \u1431\u14c7\u14f1\u1466\u144e\u14aa\u1547\u1466 \u1431\u14c7\u14f1\u140a\u1550\u1555\u1593\u14c3\u1466\u14f1\u14c2 \u1401\u1449\u1438\u1583\u1550\u14f1\u14c2 \u152b\u1431 \u1405\u1403\u1456\u14d7\u1466\u1450\u14a5\u1483 \u140a\u1405\u14da\u152b\u14d5\u1405\u1550\u14f1\u144e\u1483 \u144e\u14a7\u144e \u1431\u148d\u1466\u1528\u14f1\u148b\u1466 NFB (\u1473\u14c7\u1455\u14a5 \u140a\u1405\u14da\u152b\u14d5\u1405\u1550\u14c2\u14c4\u1466 \u1472\u144e\u14aa\u1529\u1466) \u14ef\u1557\u14ea\u14d5\u14a5 \u1455\u146f\u1466\u14f4\u1405\u152a\u1466\u14f4\u14d5\u1405\u1550\u144e\u1405\u14f1\u14c2 \u140a\u14bb\u14aa\u14d7 \u146d\u1591\u14c2\u1593\u148d\u1466 \u1472\u14aa\u1528\u14bb\u14aa\u1546\u14bb\u14a5\u1483 &hellip; <a href=\"https:\/\/tarqitamaat.ca\/?page_id=1567\" class=\"more-link\">Continue reading <span class=\"screen-reader-text\">\u140a\u14a5\u1543\u152d\u1405\u1466 | Septembre | September<\/span> <span class=\"meta-nav\">&rarr;<\/span><\/a><\/p>\n","protected":false},"author":1,"featured_media":1854,"parent":0,"menu_order":0,"comment_status":"closed","ping_status":"closed","template":"","meta":[],"_links":{"self":[{"href":"https:\/\/tarqitamaat.ca\/index.php?rest_route=\/wp\/v2\/pages\/1567"}],"collection":[{"href":"https:\/\/tarqitamaat.ca\/index.php?rest_route=\/wp\/v2\/pages"}],"about":[{"href":"https:\/\/tarqitamaat.ca\/index.php?rest_route=\/wp\/v2\/types\/page"}],"author":[{"embeddable":true,"href":"https:\/\/tarqitamaat.ca\/index.php?rest_route=\/wp\/v2\/users\/1"}],"replies":[{"embeddable":true,"href":"https:\/\/tarqitamaat.ca\/index.php?rest_route=%2Fwp%2Fv2%2Fcomments&post=1567"}],"version-history":[{"count":20,"href":"https:\/\/tarqitamaat.ca\/index.php?rest_route=\/wp\/v2\/pages\/1567\/revisions"}],"predecessor-version":[{"id":114754,"href":"https:\/\/tarqitamaat.ca\/index.php?rest_route=\/wp\/v2\/pages\/1567\/revisions\/114754"}],"wp:featuredmedia":[{"embeddable":true,"href":"https:\/\/tarqitamaat.ca\/index.php?rest_route=\/wp\/v2\/media\/1854"}],"wp:attachment":[{"href":"https:\/\/tarqitamaat.ca\/index.php?rest_route=%2Fwp%2Fv2%2Fmedia&parent=1567"}],"curies":[{"name":"wp","href":"https:\/\/api.w.org\/{rel}","templated":true}]}}