{"id":1532,"date":"2020-08-01T13:47:03","date_gmt":"2020-08-01T13:47:03","guid":{"rendered":"https:\/\/tarqitamaat.ca\/?page_id=1532"},"modified":"2026-05-12T19:12:41","modified_gmt":"2026-05-12T19:12:41","slug":"%e1%90%8a%e1%90%85%e1%94%ad%e1%93%95%e1%95%88%e1%91%a6-aout-august-2","status":"publish","type":"page","link":"https:\/\/tarqitamaat.ca\/?page_id=1532","title":{"rendered":"\u152a\u1403 \u1439\u1550\u1450\u1546\u1466\u1505 | Joey Partridge"},"content":{"rendered":"\n<h2 class=\"wp-block-heading\">\u140a\u1405\u152d\u14d5\u1548\u1466 | Ao\u00fbt | August<\/h2>\n\n\n\n<p class=\"has-very-light-gray-background-color has-background\">\n\u152a\u1403 \u1439\u1450\u1546\u1505 \u1455\u146f\u14a5\u14c7\u1550\u1450\u14d5\u1405\u1550\u144e \u1450\u14f4\u1550\u14c2\u152e\u1550\u144e\u14ef\u1528 \u1470\u1466\u152a\u140a\u1585, \u146f\u142f\u1483, \u14c4\u14c7\u1555\u14bb\u14a5\u1405\u1585,   \u1405\u14ea\u14d7\u14a5 \u1583\u1405\u1528\u14aa\u152d\u1405\u14d5\u1550\u1450\u1585 \u1403\u14c7\u1581\u14c7\u1550\u1450\u14c2\u1483 \u1450\u1491\u1555\u14c2\u1550\u14c2\u1483 \u1581\u158f\u14ef\u1550\u14a5\u1405\u1455\u14d5\u1405\u14f2\u148d\u14c2\u1593 \u14ef\u1405\u14bb\u14a5\u1405\u1455\u14c2\u14ea\u14d7. \u152a\u1403 \u1583\u1405\u1528\u14aa\u152d\u1405\u1559\u14ea\u14d5\u140a\u14aa\u1546\u14d5\u1550\u1450\u1585 \u1450\u14f4\u1550\u14c2\u152e\u1550\u144e\u14ef\u148d\u144e\u158f\u14d0\u14c4\u1466, \u1403\u1595\u158f\u1548\u14ef\u14d5\u140a\u1555\u14c2\u158f\u14d0\u14c4\u1466 \u1403\u14c2\u1550\u14ef\u1528\u1593\u14d7 \u14ed\u14aa\u14d0 \u1558\u14ea\u1505 \u14c2\u1431\u14d5\u140a\u1555\u14c2\u158f\u1483 \u14c4\u14c7\u1555\u14bb\u14a5 \u14c4\u14c7\u14d5\u14d0\u14c2 \u1450\u14f4\u1405\u144e\u1483\u146f\u1466 \u14c2\u1466\u152e\u144e\u1455\u1405\u1583\u1466\u1455\u14d5\u1550\u14f1\u144e\u1483. \u152a\u1403 \u1431\u1548\u1550\u14f4\u14ef\u14aa\u152a\u1585 \u1455\u146f\u14d0\u14c8\u158f\u14d0\u14c7\u14f1\u14c2 \u140a\u1456\u1455\u14a5\u14c2\u1483 \u14f4\u14c7\u1405\u1490\u1550\u1450\u14a5\u1483. 9-\u14c2\u1483 \u1405\u146d\u1405\u1583\u14d5\u1550\u14f1\u14c2, \u140a\u1456\u1455\u14a5\u14c2\u1483 \u14f4\u14c7\u1405\u1490\u1583\u144e\u1583\u1583\u1466\u1455\u14ef\u152a\u1555\u14c2\u1585. \u152a\u1403 \u1472\u1595\u1591\u14f1\u1466\u1455\u1450\u14bb\u14aa\u1546\u1483, \u146d\u14ef\u140a\u14c2 \u1403\u1595\u158f\u1548\u14aa\u14f2\u1585 \u140a\u14bb\u14aa\u14d7 \u1450\u14f4\u1550\u14c2\u152e\u1550\u144e\u14ef\u148d\u14aa\u14f2\u148d\u1466\u14f1\u14c2 \u1403\u14bb\u14a5\u14c2\u157f\u1466\u14f1\u14c2 \u1403\u14d5\u1466\u14ef\u14ef\u14aa\u152a\u1585 \u146f\u146d\u1455\u1438\u148b\u1405\u1550\u14f1\u14c2. \u140a\u1550\u154c\u14c2, \u1403\u14f1\u14aa\u14d5\u1550\u1450\u1555\u14c2\u1585 &#8220;\u144c\u14a3\u148d\u14d0\u14c7\u14ef\u148d\u14d0\u14c7\u1582\u1550\u1593&#8221; \u140a\u14bb\u14aa\u14d7 \u1431\u1559\u14ea\u14d5\u140a\u14ef\u14c2\u1593 \u1431\u148b\u140a\u14d5\u1550\u1450\u1555\u14c2\u1405\u1466\u14f1\u14c2 \u1431\u1555\u1466\u14f4\u14d5\u1405\u1550\u14f1\u14c2 \u1431\u152a\u14d0\u14c7\u1450\u14bb\u14aa\u1547\u1466 \u1450\u14f4\u1550\u14c2\u152e\u1548\u144e\u14d5\u1405\u1550\u1555\u1593\u14c5\u1548\u14d0\u14c7\u14ef\u1466\u14f1\u14c2. \u14c4\u14ea\u14da\u1593\u1595\u158f\u1450\u14bb\u14aa\u1546\u1405\u1466\u14f1\u14c2 \u140a\u14bb\u14aa\u14d7 \u140a\u1550\u14f1\u1548\u14d0\u14c2\u14a5\u1483 \u1403\u1449\u1431\u148d\u14f1\u1466\u14f1\u14c2 \u144c\u1466\u14f1\u14aa\u14c2 \u1405\u14d0\u14c4\u140a\u1593\u14c2 \u14ef\u1557\u14ea\u14d5\u1439\u14a5 \u14c2\u1431\u14d5\u1405\u1550\u1455\u1405\u1555\u14d5\u140a\u14da\u1405\u154b\u14c2 \u1403\u1595\u158f\u1591\u140a\u1548\u14ef\u14d5\u1405\u14d5\u1550\u1450\u1555\u14c2\u1585. \u144c\u1466\u14f1\u14aa\u14c2\u1405\u14d0\u14c2\u14aa\u1466, \u140a\u14ea\u14da\u14f2\u148d\u14d5\u1550\u1450\u1585 \u14c4\u1456\u14c2 \u1403\u1595\u158f\u1548\u14ef\u1466\u14f4\u14a5\u14c2\u1483 \u140a\u14bb\u14aa\u14d7 \u1431\u14ef\u144e\u1595\u1591\u1438\u14ea\u14d5\u140a\u14f1\u14c2. \u1455\u14aa\u1483\u146f\u14c2\u1593 \u1431\u14c7\u14f1\u140a\u1548\u144e\u1583\u14bb\u14aa\u1546\u1466\u14f1\u14c2 \u1583\u1405\u1528\u152d\u1405\u1559\u14ea\u14d5\u140a\u14d5\u1550\u14f1\u14c2\u14d7 \u140a\u14bb\u14aa\u14d7 \u144e\u146d\u1405\u144e\u1559\u14ea\u14d5\u140a\u14d5\u1550\u14f1\u14c2 (\u1405\u14ea\u14d7\u14a5\u1405\u14d5\u1550\u144e\u14d7\u148d) #2-\u14a7\u1466 \u14c4\u14c7\u1583\u1550\u1584\u1450\u1555\u14c3\u1466 \u1450\u14f4\u1550\u14c2\u152e\u1550\u144e\u14ef\u14d5\u1405\u14c2\u1593\u1455 \u1431\u148b\u140a\u1550\u14c2\u14f4\u1593 \u144e\u146d\u1449\u1438\u14d5\u140a\u14d5\u1550\u14f1\u148d. &#8220;\u1403\u14c4\u14d0\u14c4\u1466 \u1450\u14f4\u1550\u144e\u1455\u1405\u148b\u140a\u1550\u1450\u1438\u1466\u1450\u1593 \u1450\u14f4\u1550\u14c2\u148d\u14f1\u14d0\u14c2\u154b\u1550\u1450\u14c4\u1466 \u1450\u14f4\u1550\u14c2\u152e\u1550\u144e\u14ef\u1405\u144e\u14d0\u14c3\u1559\u1593 \u140a\u14bb\u14aa\u14d7 \u1456\u1483\u146f\u14c4\u1593 \u1431\u1450\u1466\u14ef\u14aa\u14c2\u1583\u1550\u14c2\u14a5\u14c2\u1483 \u1403\u1449\u1431\u148d\u14f1\u1466\u14f1\u144e\u1483. \u14c2\u14ea\u14d5\u1548\u14d0\u14c7\u158f\u1550\u1438\u1450\u1593 \u1403\u14da\u1593\u14d0\u14c2 \u144c\u14ab\u1483 \u1405\u1583\u1405\u144e\u152d\u1405\u1490\u14aa&#8221;.<br>\n\n\u140a\u1550\u1581\u144e\u1583\u1550\u14f1\u14c2 \u1403\u14c2\u1550\u14ef\u148d\u14d0\u14c7\u14ef\u140a\u1550\u14c2\u14a5\u14c2\u1483, \u140a\u14a5\u14f1\u1403\u14c2\u1483 \u1431\u152a\u14aa\u14c2\u14d5\u1483 &#8211; \u1406\u1466\u1451\u144e\u148b\u1466\u14f1\u148b\u1466 \u14aa\u14a5\u14f4\u1550\u14c2\u1585, \u1450\u146d\u14ef\u148d\u14d0\u14c7\u14ef\u14c2\u1585 \u1403\u14c4\u1403\u1466 \u1583\u1593\u14c2\u140a\u14d7\u1483 \u144e\u146d\u1405\u144e\u1559\u14ea\u14d5\u140a\u14ef\u14aa\u14c2\u158f\u14d0\u14c2\u1483 \u1405\u14ea\u14d7\u14a5\u14a7\u1466 \u14c4\u1456\u152d\u14c4\u1466 \u144e\u146d\u1405\u144e\u14ef\u14aa\u14d5\u1550\u14f1\u144e\u1483 \u140a\u14ef\u1466\u1528\u1559\u14ea\u14d5\u140a\u152a\u14a6\u14d0\u14c2\u1583\u1550\u14ef\u14aa\u14d5\u1550\u14f1\u144e\u1483 \u14f1\u1472\u1466\u1450\u14a5\u1483 \u140a\u1451\u144e\u1472\u14ea\u14da\u1438\u1466\u14f1\u148b\u1466 \u14c4\u1403\u1455\u14d0\u14c2\u158f\u1466\u1450\u1403\u1466 \u14c4\u1403\u1550\u1583\u1438\u14ea\u14d5\u140a\u144e\u14ea\u14d7\u148b\u1466, \u140a\u14c2\u148d\u1403\u144e\u144e\u1490\u14f1\u140a\u1550\u14ef\u14aa\u152d\u158f\u14d0\u14c2\u14d7 \u140a\u14bb\u14aa\u14d7 \u1405\u14ea\u14d7\u14a5 \u144c\u14a3\u1466\u14ef\u14aa\u14c2\u1550\u14a5\u14c4\u1466 \u140a\u1550\u14f1\u1548\u14d0\u14c2\u14a5\u1483 \u14c7\u14bb\u14aa\u14da\u157f\u14ef\u14aa\u14d5\u1550\u14f1\u144e\u1483. \u1431\u148d\u14d0\u14c7\u14ef\u148d\u14aa\u14c2\u1593 \u1431\u14ef\u14aa\u152a\u1585 \u1455\u146f\u1559\u14d0\u14c2\u14a5\u14c4\u1466 \u1403\u14c4\u1403\u1466 \u1403\u1528\u158f\u14d0\u14c2 \u1403\u146f\u14aa\u14c2\u1483, \u1450\u146d\u158f\u14d0\u14c2\u14d7 \u1403\u14d5\u1455\u1550\u14ef\u1559\u14d0\u14c2\u158f\u14d0\u14c2\u1483 \u140a\u14bb\u14aa\u14d7 \u1450\u146d\u14ef\u14aa\u1559\u14d0\u14c2\u158f\u14d0\u14c2\u1483 \u1405\u1583\u1405\u14ef\u158f\u14d0\u14c2\u1483 \u1403\u1595\u158f\u1591\u140a\u1548\u14ef\u14a5\u1455. \u1401\u1466\u1450\u1455\u1405\u14ef\u14aa\u14c2\u1585 \u1403\u14c2\u1550\u14ef\u148d\u14d0\u14c7\u14c2\u1550\u14a5\u1483 \u140a\u14d5\u140a\u14c7\u1550\u1450\u14c2\u1483 \u1403\u14c5\u1583\u144e\u14a5\u14c2\u1483 \u140a\u1555\u1583\u144e\u1583\u1550\u14ef\u14aa\u148d\u14d0\u14c7\u1405\u144e\u148b\u1466\u14f1\u148d. \u1455\u146f\u14a5\u14c7\u1550\u1450\u14d5\u1405\u1550\u14c2\u1585 \u140a\u14bb\u14aa\u14d7 \u1450\u14f4\u1550\u14c2\u152e\u1550\u144e\u14ef\u14c2\u1585 \u1403\u1472\u152a\u1550\u14ef\u14ef\u14aa\u152a\u1585 \u1403\u14bb\u14a5\u14c2\u1483 \u1450\u146d\u14ef\u14aa\u14c2\u1550\u14f4\u1405\u148d\u144e\u148b\u14d5\u1550\u14f1\u148b\u1466, \u140a\u14ef\u140a\u1528\u14ef\u14aa\u14d5\u14da\u1405\u1550\u1450\u1555\u14c2\u1405\u1466\u14f1\u14c2 \u1403\u14bb\u14a5\u14c2\u1483-\u14c8\u14bb\u14aa\u148b\u14c2\u1550\u14a5\u14c2\u1483. \u1431\u152a\u1466\u14f4\u1405\u152e\u1548\u144e\u1583\u14f2\u1585 \u140a\u1405\u14da\u1528\u1466\u14f1\u14c2 \u140a\u1456\u1455\u14a5\u14c2\u1483 \u1403\u14d5\u14f4\u1550\u1455\u1405\u14ef\u14aa\u1490\u14a5 \u140a\u14a5\u14f1\u1403\u14c2\u1483 \u1431\u1405\u14ef\u1450\u1583\u1550\u144e\u148d\u1466 \u1431\u14c7\u14f1\u140a\u1550\u14c2\u14c2\u1483. \u14da\u1559\u1466\u14f1\u14c2: &#8220;\u140a\u158f\u152a\u14a5\u1483 \u140b\u14d0\u14c2\u140a\u14c2\u1550\u1455\u1583\u1550\u1433\u1585 \u14f1\u14d5 \u1403\u1449\u1431\u14c7\u1550\u1450\u14a5\u1483, \u140a\u14c2\u148e\u144e\u1490\u14f1\u140a\u1546\u140a\u14a5\u1483 \u1431\u152d\u1550\u14c3\u1450\u14a5\u1483, \u1403\u14c4\u1403\u1466 \u1403\u14c4\u1466\u144e\u1451\u1550\u1450\u14c2\u1483 \u1450\u14f4\u1550\u14c2\u152e\u1548\u144e\u14c2\u1483 \u146d\u1595\u1592\u14aa\u1466\u14ef\u152a\u1585 \u1450\u146d\u14ef\u148b\u140a\u1548\u144e\u1466\u14f4\u14a5\u14c2\u1483 \u140a\u14bb\u14aa\u14d7 \u140a\u14d5\u140a\u14c7\u1550\u14c2\u14f4\u14a5\u1483 \u1403\u1449\u1431\u148d\u14f1\u148d\u14d0\u14c7\u1405\u144e\u1466\u14f4\u14a5\u14c2\u1483. \u1456\u1483\u146f\u14c2\u1593 \u140a\u1451\u144e\u14f2\u148d\u1595\u158f\u1450\u1593 \u1403\u14bb\u14a5\u14c2\u1450\u1403\u14d0\u14c7\u1585 \u1403\u14f1\u14aa\u1466\u14f1\u1593 \u140a\u14ef\u1490\u14f4\u1483\u1472 \u1403\u14f1\u14aa\u148b\u1466\u14f1\u148b\u1466 \u140a\u1451\u144e\u144e\u1559\u1483\u1472\u146d\u1466.&#8221;<br>\n<\/p>\n\n\n\n<p class=\"has-very-light-gray-background-color has-background\">\nJoey Partridge est un artiste de Kuujjuaq, au Nunavik. Reconnu pour son travail de joaillerie fine en ivoire, il est actuellement une \u00e9toile montante de la musique.  Lui et son producteur Simon Walls ont cr\u00e9\u00e9 des chansons qui sont jou\u00e9es dans les stations de radios locales du Nunavik. Il a grandi en observant son p\u00e8re sculpter et, \u00e0 neuf ans, a commenc\u00e9 \u00e0 sculpter \u00e0 ses c\u00f4t\u00e9s. Malgr\u00e9 qu\u2019il soit timide, Joey est tr\u00e8s curieux d\u2019apprendre de nouvelles disciplines et a toujours voulu chanter et jouer de la musique. Musicien autodidacte, l\u2019an pass\u00e9 il s\u2019est dit \u00ab peut-\u00eatre que je peux le faire \u00bb et son aventure dans un studio professionnel a commenc\u00e9. Tr\u00e8s nerveux et sous pression, il a compos\u00e9 une chanson la veille d\u2019aller au studio pour la premi\u00e8re fois. Depuis, il \u00e9crit des nouvelles chansons et d\u00e9veloppe ses habilet\u00e9s. Tout \u00e7a au m\u00eame moment o\u00f9 sa chanson a atteint le #2 aux rangs du Indigenous Music Countdown. \u00ab Les gens viennent me voir pour me dire qu\u2019ils aiment ma musique et qu\u2019ils s\u2019y sentent connect\u00e9s. Je reste souvent sans voix. \u00bb<br>\n\n\u00c0 travers son cheminement cr\u00e9atif, il souhaite plusieurs choses dont la gu\u00e9rison, une compr\u00e9hension de comment les Inuit se sont adapt\u00e9s rapidement aux changements de la modernit\u00e9 et tout ce qu\u2019ils font pour traverser les traumatismes v\u00e9cus. Il r\u00e9alise ses ambitions lorsqu\u2019il voit la lumi\u00e8re dans le regard des personnes, la capacit\u00e9 de se reconna\u00eetre dans les paroles de ses chansons et ceci renforce son empressement \u00e0 donner et cr\u00e9er quelque chose de positif dont son peuple a besoin. L\u2019art et la musique l\u2019ont aid\u00e9 \u00e0 se comprendre, lui ont redonn\u00e9 l\u2019estime de soi qu\u2019il avait perdu. Il trouve de l\u2019inspiration \u00e0 travers son p\u00e8re qui lui a enseign\u00e9 ses connaissances traditionnelles. Il dit : \u00ab Tant de douleur est encore pr\u00e9sente, il est difficile de s\u2019en d\u00e9tacher et les gens ont besoin de musique en inuktitut pour comprendre et se sentir mieux. Je ne cr\u00e9e pas seulement pour moi mais pour les autres \u00e9galement. \u00bb <br>\n<\/p>\n\n\n\n<p class=\"has-very-light-gray-background-color has-background\">\nJoey Partridge is an artist from Kuujjuaq, Nunavik.  Renowned for the beautiful ivory jewelry he creates, Joey is now fast becoming known for his music. The songs he and his producer Simon Walls created are being played by local radio stations in Nunavik. Joey grew up watching his father carving.  By the age of nine, he started carving alongside his father.  Despite being shy, Joey is very keen to learn new disciplines and has always wanted to sing and play music. Self-taught musician, sometime last year he told himself \u201cmaybe I can do this\u201d and so his journey to booking a professional studio began.  Very nervous and under pressure he ended up composing a song the night before he went in the studio for the first time. Since then, he has been writing new songs and developing his skills.  All this happened while his music was becoming known and reaching #2 on the Indigenous Music Countdown. \u201cPeople come to me to tell me they love my music and feel connected to it. Often, that makes me speechless\u201d.<br>\n\nThrough this creative path, he wishes many things such as healing, an understanding of how Inuit have adapted quickly to changes of modernity and all they had to do to overcome the trauma they experienced. His ambition thrives from seeing light in people\u2019s eyes, the ability to recognize and relate to the words of his songs, and this reinforces his eagerness to give and create something positive that his people need. Art and music have helped him understand himself, given him back self-esteem he had lost.  He finds inspiration in his father who taught him his traditional knowledge.  He says: \u201cThere is so much pain that is still there, hard to get off, people need music in Inuktitut to understand and to feel better. I don\u2019t do this just for myself but for the others too.\u201d<br>\n<\/p>\n\n\n\n<p>\u140a\u14ea\u14da\u1450\u1585 | Texte de | Text by: Olivia Lya Thomassie<\/p>\n\n\n<p><iframe loading=\"lazy\" width=\"560\" height=\"315\" src=\"https:\/\/www.youtube.com\/embed\/_lgGclYqnkM\" frameborder=\"0\" allow=\"accelerometer; autoplay; encrypted-media; gyroscope; picture-in-picture\" allowfullscreen=\"\"><\/iframe><\/p>\n<p><\/p>","protected":false},"excerpt":{"rendered":"<p>\u140a\u1405\u152d\u14d5\u1548\u1466 | Ao\u00fbt | August \u152a\u1403 \u1439\u1450\u1546\u1505 \u1455\u146f\u14a5\u14c7\u1550\u1450\u14d5\u1405\u1550\u144e \u1450\u14f4\u1550\u14c2\u152e\u1550\u144e\u14ef\u1528 \u1470\u1466\u152a\u140a\u1585, \u146f\u142f\u1483, \u14c4\u14c7\u1555\u14bb\u14a5\u1405\u1585, \u1405\u14ea\u14d7\u14a5 \u1583\u1405\u1528\u14aa\u152d\u1405\u14d5\u1550\u1450\u1585 \u1403\u14c7\u1581\u14c7\u1550\u1450\u14c2\u1483 \u1450\u1491\u1555\u14c2\u1550\u14c2\u1483 \u1581\u158f\u14ef\u1550\u14a5\u1405\u1455\u14d5\u1405\u14f2\u148d\u14c2\u1593 \u14ef\u1405\u14bb\u14a5\u1405\u1455\u14c2\u14ea\u14d7. \u152a\u1403 \u1583\u1405\u1528\u14aa\u152d\u1405\u1559\u14ea\u14d5\u140a\u14aa\u1546\u14d5\u1550\u1450\u1585 \u1450\u14f4\u1550\u14c2\u152e\u1550\u144e\u14ef\u148d\u144e\u158f\u14d0\u14c4\u1466, \u1403\u1595\u158f\u1548\u14ef\u14d5\u140a\u1555\u14c2\u158f\u14d0\u14c4\u1466 \u1403\u14c2\u1550\u14ef\u1528\u1593\u14d7 \u14ed\u14aa\u14d0 \u1558\u14ea\u1505 \u14c2\u1431\u14d5\u140a\u1555\u14c2\u158f\u1483 \u14c4\u14c7\u1555\u14bb\u14a5 \u14c4\u14c7\u14d5\u14d0\u14c2 \u1450\u14f4\u1405\u144e\u1483\u146f\u1466 \u14c2\u1466\u152e\u144e\u1455\u1405\u1583\u1466\u1455\u14d5\u1550\u14f1\u144e\u1483. \u152a\u1403 \u1431\u1548\u1550\u14f4\u14ef\u14aa\u152a\u1585 \u1455\u146f\u14d0\u14c8\u158f\u14d0\u14c7\u14f1\u14c2 \u140a\u1456\u1455\u14a5\u14c2\u1483 \u14f4\u14c7\u1405\u1490\u1550\u1450\u14a5\u1483. 9-\u14c2\u1483 \u1405\u146d\u1405\u1583\u14d5\u1550\u14f1\u14c2, \u140a\u1456\u1455\u14a5\u14c2\u1483 \u14f4\u14c7\u1405\u1490\u1583\u144e\u1583\u1583\u1466\u1455\u14ef\u152a\u1555\u14c2\u1585. \u152a\u1403 \u1472\u1595\u1591\u14f1\u1466\u1455\u1450\u14bb\u14aa\u1546\u1483, \u146d\u14ef\u140a\u14c2 \u1403\u1595\u158f\u1548\u14aa\u14f2\u1585 \u140a\u14bb\u14aa\u14d7 \u1450\u14f4\u1550\u14c2\u152e\u1550\u144e\u14ef\u148d\u14aa\u14f2\u148d\u1466\u14f1\u14c2 \u1403\u14bb\u14a5\u14c2\u157f\u1466\u14f1\u14c2 \u1403\u14d5\u1466\u14ef\u14ef\u14aa\u152a\u1585 \u146f\u146d\u1455\u1438\u148b\u1405\u1550\u14f1\u14c2. \u140a\u1550\u154c\u14c2, \u1403\u14f1\u14aa\u14d5\u1550\u1450\u1555\u14c2\u1585 &#8220;\u144c\u14a3\u148d\u14d0\u14c7\u14ef\u148d\u14d0\u14c7\u1582\u1550\u1593&#8221; \u140a\u14bb\u14aa\u14d7 \u1431\u1559\u14ea\u14d5\u140a\u14ef\u14c2\u1593 \u1431\u148b\u140a\u14d5\u1550\u1450\u1555\u14c2\u1405\u1466\u14f1\u14c2 \u1431\u1555\u1466\u14f4\u14d5\u1405\u1550\u14f1\u14c2 &hellip; <a href=\"https:\/\/tarqitamaat.ca\/?page_id=1532\" class=\"more-link\">Continue reading <span class=\"screen-reader-text\">\u152a\u1403 \u1439\u1550\u1450\u1546\u1466\u1505 | Joey Partridge<\/span> <span class=\"meta-nav\">&rarr;<\/span><\/a><\/p>\n","protected":false},"author":1,"featured_media":1570,"parent":0,"menu_order":0,"comment_status":"closed","ping_status":"closed","template":"","meta":[],"_links":{"self":[{"href":"https:\/\/tarqitamaat.ca\/index.php?rest_route=\/wp\/v2\/pages\/1532"}],"collection":[{"href":"https:\/\/tarqitamaat.ca\/index.php?rest_route=\/wp\/v2\/pages"}],"about":[{"href":"https:\/\/tarqitamaat.ca\/index.php?rest_route=\/wp\/v2\/types\/page"}],"author":[{"embeddable":true,"href":"https:\/\/tarqitamaat.ca\/index.php?rest_route=\/wp\/v2\/users\/1"}],"replies":[{"embeddable":true,"href":"https:\/\/tarqitamaat.ca\/index.php?rest_route=%2Fwp%2Fv2%2Fcomments&post=1532"}],"version-history":[{"count":16,"href":"https:\/\/tarqitamaat.ca\/index.php?rest_route=\/wp\/v2\/pages\/1532\/revisions"}],"predecessor-version":[{"id":114869,"href":"https:\/\/tarqitamaat.ca\/index.php?rest_route=\/wp\/v2\/pages\/1532\/revisions\/114869"}],"wp:featuredmedia":[{"embeddable":true,"href":"https:\/\/tarqitamaat.ca\/index.php?rest_route=\/wp\/v2\/media\/1570"}],"wp:attachment":[{"href":"https:\/\/tarqitamaat.ca\/index.php?rest_route=%2Fwp%2Fv2%2Fmedia&parent=1532"}],"curies":[{"name":"wp","href":"https:\/\/api.w.org\/{rel}","templated":true}]}}