{"id":1461,"date":"2020-07-01T12:46:31","date_gmt":"2020-07-01T12:46:31","guid":{"rendered":"https:\/\/tarqitamaat.ca\/?page_id=1461"},"modified":"2026-05-12T19:01:23","modified_gmt":"2026-05-12T19:01:23","slug":"%e1%91%90%e1%95%93%e1%94%ae%e1%95%88%e1%91%a6-juillet-july-2","status":"publish","type":"page","link":"https:\/\/tarqitamaat.ca\/?page_id=1461","title":{"rendered":"\u140a\u1550\u14f4\u14c2\u1585 \u144e\u140a | Arsaniq Deer"},"content":{"rendered":"\n<h2 class=\"wp-block-heading\"> \u1450\u1553\u152e\u1548\u1466 | Juillet | July<\/h2>\n\n\n\n<p class=\"has-background has-very-light-gray-background-color\">\n\u140a\u1550\u14f4\u14c2\u1585 \u146d\u140a \u1403\u14c5\u14f1\u1466\u1451\u14f1\u14c2 \u1455\u146f\u14a5\u14c7\u1550\u1450\u14d5\u1405\u1550\u144e\u1405\u1557\u1585 \u1581\u140a\u1550\u1455\u14a5\u1405\u1466\u14f4\u152d\u1405\u1466\u14f1\u14c2. \u1403\u14d5\u14d0\u14c2\u140a\u14c2\u1550\u14a5\u14c2\u1483 \u1431\u152d\u1547\u14da\u1405\u152a\u1585 2019-\u1591\u144e\u14ea\u14d7\u148d \u14c4\u14c7\u1555\u1483 \u14ef\u1557\u14c2\u1466\u14f4\u1557\u1466 \u1403\u14d5\u14d0\u14c2\u140a\u1555\u1593\u14c2 \u1403\u14d5\u14f4\u1547\u1550\u14f1\u14c2 \u140a\u14bb\u14aa\u14d7 \u1403\u14d5\u14d0\u14c2\u140a\u1546\u140a\u14ea\u14da\u14ef\u14aa\u152a\u14bb\u14a5\u14f1\u14c2 \u1455\u146f\u14a5\u14c7\u1550\u1450\u14d5\u1405\u1550\u14c2\u14c2\u1483 LaSalle College-\u14a5. \u1581\u1559\u1483 \u152e\u14d0\u14f4\u14d0, \u1455\u146f\u14a5\u14c7\u1550\u1450\u14d5\u1405\u1550\u14ef\u144e\u1405\u148b\u140a\u1593 \u1583\u1405\u1528\u14aa\u152d\u1405\u14c2\u1583\u14bb\u14aa\u1546\u1466\u14f1\u14c2 \u140a\u14a5\u14f1\u14bb\u14aa\u1546\u140a\u14d7\u14d0\u14c2\u1483 \u1403\u14c4\u14d0\u14c2\u1483 \u140a\u1550\u14c7\u14c2\u1483 \u1450\u14d0\u14c2\u14d5\u1405\u1546\u14ef\u14aa\u14d5\u1550\u14c2\u14a5\u14c4\u1466 \u1472\u14c7\u1455\u14d5\u14ab\u14a5, \u140a\u1550\u14f4\u14c2\u1585 \u144c\u1466\u14f1\u14a7\u1593 \u1450\u14d0\u14c2\u14d5\u1405\u1550\u1455\u1405\u14da\u1405\u152a\u1585 \u140a\u14bb\u14aa\u14d7 \u1431\u148b\u1405\u1550\u14f4\u144e\u14ef\u1466\u14f1\u148d \u1583\u14c4\u1585 \u1450\u14d0\u14c2\u14d7\u140a\u1591\u14f2\u148d\u14bb\u14aa\u1594\u1455, \u1403\u14c4\u1403\u1466 \u1450\u14d0\u14c2\u14d5\u1405\u1548\u14ef\u158f\u14d0\u14c2\u1483 \u1403\u14d5\u14f4\u1550\u1455\u1405\u14ef\u14da\u1405\u152a\u1585. \u140a\u1550\u14f4\u14c2\u1585 \u14ef\u1557\u14ea\u14d5\u1439\u1466\u14ef\u140a\u1591\u1557\u1585 \u14c4\u14c7\u1555\u14bb\u14a5\u1405\u1591\u1466\u14f1\u14c2 \u1455\u14aa\u1483\u146f\u14c2\u1593 \u1403\u14c4\u1403\u1466 \u1450\u14d0\u14c2\u14d5\u1405\u1548\u14ef\u1550\u14c2\u1483 \u1405\u144e\u1550\u144e\u14ef\u1559\u14ea\u14d5\u140a\u1490\u14f1\u140a\u1550\u14f1\u14c2 \u144c\u14aa\u1595\u1593\u14c2 \u140a\u1450\u144e\u152d\u1405\u148d\u14d0\u14c0\u1581\u152d\u1405\u14ef\u14da\u1405\u1550\u14ef\u14aa\u144e\u14ea\u14d7\u148b\u1466.<br>\n\u140a\u14ea\u14da\u1591\u140a\u14f2\u1591\u14bb\u14a5\u152a\u1585 \u140a\u14bb\u14aa\u14d7 \u1403\u14aa\u1550\u14a7\u1466 \u1455\u1405\u1466\u1450\u14d5\u1405\u1548\u14ef\u1550\u14c2\u1483 \u140a\u1450\u1550\u14f1\u14c2 \u140a\u14ea\u14da\u1591\u140a\u14f2\u1591\u14bb\u14a5\u14f1\u14c2: \u201c\u1431\u1490\u14f1\u140a\u1548\u14aa\u14d5\u1405\u14a5\u144e\u1455\u1405\u14f2\u1591\u1557\u1593 \u1403\u14da\u1483\u1472\u14c4\u1466. \u140a\u1466\u1528\u1591\u140a\u14c2\u1483 \u1455\u146f\u14d0\u14c8\u14f1\u1593 \u140a\u14ea\u14da\u1591\u140a\u1550\u14f1\u148b\u1466 \u140a\u1466\u1528\u14d5\u1405\u154b\u14f1\u140a\u14f2\u1591\u1557\u1593, \u14d7\u1450\u1550\u1450\u140a\u14d8\u152e\u1483\u146b\u1490\u14f1\u140a\u1595\u158f\u1472\u14d7\u140a\u1550\u14f1\u1593 \u146d\u14ef\u140a\u14c2 \u1591\u140a\u1550\u1450\u152e\u1550\u144e\u14ef\u1490\u14f1\u140a\u1550\u14c2\u14f4\u1405\u14f2\u1591\u1557\u1593 \u140a\u14bb\u14aa\u14d7 \u1431\u1490\u14f1\u140a\u1550\u14c2\u14f4\u1405\u14d5\u1550\u144e\u1455\u1405\u14f2\u1591\u1466\u14f1\u1593 \u1431\u1405\u14ef\u1450\u1583\u1557\u1466 \u1403\u14f1\u14aa\u148b\u1466\u14f1\u148d.\u201d \u140a\u1550\u14f4\u14c2\u1585 \u1403\u14c4\u1450\u1403\u14d0\u14c7\u1405\u14c2\u1550\u14a5\u148d\u1466 \u1403\u14c4\u1403\u1466 \u1431\u1405\u14ef\u1450\u1583\u158f\u1466\u144e\u148d\u1466 \u14f1\u14d5\u1466\u14ef\u140a\u158f\u14d0\u14c7\u14c2\u1583\u14f2\u1591\u1557\u1585, \u1431\u14bb\u14aa\u1546\u1405\u14bb\u14aa\u1466 \u14c7\u14bb\u14a5\u14c2\u1585 \u1403\u14f1\u14aa\u148b\u152d\u14a5\u14c2\u1483 \u14c2\u1466\u152e\u1548\u144e\u1583\u1548\u14d0\u14c7\u148b\u140a\u1583\u1550\u14c2\u14a5\u14c2\u1483 \u140a\u14bb\u14aa\u14d7 \u140a\u14ef\u1466\u144e\u14c4\u1466 \u1405\u1583\u1548\u14d0\u14c7\u1555\u1583\u1550\u144e\u1455\u1405\u148b\u140a\u1583\u1550\u14c2\u144e\u14d0\u14c4\u1466 \u144c\u14ab\u1466\u14ed\u14c7\u1585 \u140a\u14ef\u14a5\u144e\u1450\u1466.<br>\n\u1405\u1431\u148d\u14f1\u14bb\u14aa\u1546\u1466\u1450\u1585 \u1403\u14c4\u1450\u1403\u14d0\u14c7\u1405\u148b\u140a\u14a5\u1483 \u140a\u14bb\u14aa\u14d7 \u14f4\u14c7\u1595\u1591\u140a\u144f\u1466, \u1403\u1595\u158f\u1591\u140a\u1550\u144f\u14d7 \u1455\u146f\u14a5\u14c7\u1550\u1450\u14d5\u1405\u1550\u144f\u14d7 \u14f4\u1433\u14bb\u14a5\u1583\u144e\u148c\u148b\u140a\u1583\u1550\u14c2\u158f\u14d0\u14c2\u1483 \u1431\u14bb\u14aa\u1546\u1405\u152a\u1581\u144e\u1583\u1550\u14f1\u14c2. \u14c2\u1405\u1555\u140a\u1466\u14f4\u14c2\u1483 \u14c2\u1405\u1555\u1583\u1466\u1455\u14d7\u140a\u1550\u14c2\u14a7\u1466 \u1405\u1403\u1546\u14ef\u14aa\u1405\u144e\u1583\u1550\u14c2\u154b\u1550\u1450\u1585 \u140a\u1450\u14c2 \u1403\u14c4\u14d0\u14c2\u1483 \u1405\u155d\u1559\u14d8\u14d0\u14c3\u1466 \u14c4\u14c7\u1583\u1550\u1584\u14ef\u14aa\u152a\u1466\u14f1\u144e\u1483 \u14f4\u14c7\u152d\u1555\u14c2\u1550\u14a5\u14c2\u1483 \u14c7\u14bb\u14a5\u14c2\u1585 \u146e\u14c7\u1405\u152d\u14d5\u1405\u154b\u14f1\u140a\u1548\u144e\u1583\u1550\u14f1\u144e\u1483 \u14c2\u1405\u1555\u140a\u1466\u14f4\u14d5\u14d0\u14c2\u1466 \u14c2\u1405\u1555\u1550\u1555\u1583\u14d7\u140a\u14f2\u1591\u14c2\u154b\u1550\u14f1\u14c2. \u201c\u14f4\u14c7\u1595\u1591\u140a\u14f2\u1557\u1466 \u1403\u14d5\u1455\u1546\u152d\u1405\u148b\u140a\u1583\u1550\u14c2\u158f\u1466 \u1431\u14bb\u14aa\u1546\u1405\u14bb\u14aa\u1455 \u1583\u1405\u1528\u152d\u1405\u1559\u14ea\u14d5\u140a\u1581\u14ea\u14d7\u1455, \u14f2\u14f1\u148b\u152d\u1405\u14d7\u1455 \u140a\u14bb\u14aa\u14d7 \u1405\u1431\u148d\u14f2\u144e\u1405\u14d7\u1455. \u1583\u1405\u1528\u14aa\u152a\u1593 \u1403\u14c4\u1403\u1466 \u1431\u1405\u14ef\u1450\u1583\u1550\u14a5\u144e\u148d\u1466 \u14c7\u14db\u148d\u1550\u14d7\u144e\u1483 \u14c8\u14bb\u14aa\u14c8\u1550\u14ef\u14aa\u1490\u14f1\u140a\u148b\u140a\u1583\u1550\u14c2\u158f\u14d0\u14c2\u1483 \u144c\u14a3\u14bb\u14aa\u1466 \u1450\u14d0\u14c2\u14d5\u1405\u1548\u1466\u1528\u148d\u14d0\u14c7\u1581\u1593 \u146d\u14c7\u1450\u1403\u14d0\u14c7\u14a5\u1483 \u146d\u14ef\u140a\u14c2 \u1403\u14c4\u1450\u1403\u14d0\u14c7\u14c2\u1483 \u1450\u14d0\u14c2\u14d5\u1405\u1546\u148d\u14d0\u14c7\u14da\u1593\u152a\u1585\u201d \u144c\u14a3\u14d5\u1466\u14f1\u14c2 \u140a\u1550\u14f4\u14c2\u1585 \u1405\u1583\u14da\u1405\u152a\u1585.\n\u1403\u14c4\u1403\u1466 \u1431\u1405\u14ef\u1450\u1583\u158f\u14d0\u14c2\u1483 \u1405\u144e\u1550\u144e\u14ef\u14da\u157f\u148d\u14aa\u148b\u140a\u14a5\u1483 \u14c2\u1546\u1405\u148b\u152d\u1583\u1548\u14aa\u152a\u1585, \u1403\u14c4\u1403\u1466 \u1431\u1405\u14ef\u1450\u1583\u158f\u1466\u144e\u148d\u1466 \u1450\u14d0\u14c3\u1466 \u1405\u144e\u1550\u144e\u148d\u14d0\u14c7\u14ef\u148d\u14aa\u1466\u14f1\u148b\u1466 \u146d\u1591\u155a\u1591\u14c2\u140a\u14d5\u1550\u14a5\u152a\u14c4\u1466 \u1431\u1405\u1595\u158f\u1451\u14f1\u148b\u152d\u1405\u14d7\u144e\u1483 \u140a\u1451\u144e\u152d\u1405\u1466\u144c\u14d5\u144e\u1455\u1405\u148d\u14d0\u14c0\u144e\u14ea\u14d7\u148b\u1466 \u1405\u1449\u1431\u14c2\u14d5\u1546\u1528\u14c4\u1466.<br>\n<p>\n\n\n\n<\/p>\n<p class=\"has-background has-very-light-gray-background-color\">\nArsaniq Deer est une jeune artiste originaire de Quaqtaq. En 2019, elle gradue du programme Nunavik Sivunitsavut pour ensuite poursuivre ses \u00e9tudes au Coll\u00e8ge LaSalle en maquillage artistique. C\u2019est Hovak Johnston, une artiste reconnue qui a tatou\u00e9 plusieurs femmes inuites \u00e0 travers le Canada, qui a r\u00e9alis\u00e9 ses tatouages personnels et qui l\u2019a ensuite initi\u00e9e \u00e0 la pratique du tatouage traditionnel Inuit, les tunniit. Arsaniq est la premi\u00e8re personne au Nunavik \u00e0 faire revivre cette tradition depuis qu\u2019elle fut bannie. <br>\nElle fait \u00e9galement du dessin et de l\u2019aquarelle : \u00ab Je puise toujours mon inspiration de ma famille. J\u2019observe une photo et j\u2019essaie de la dessiner, sans n\u00e9cessairement le faire de fa\u00e7on r\u00e9aliste mais plut\u00f4t fictionnelle, et inspir\u00e9e de ma culture \u00bb. Arsaniq reste fid\u00e8le \u00e0 elle-m\u00eame, il est important pour elle d\u2019avoir sa propre voix et de se distinguer des autres.<br>\nTr\u00e8s fi\u00e8re d\u2019\u00eatre Inuk, elle trouve important de s\u2019entraider entre artistes. Elle se d\u00e9crit comme une fanatique de magasinage lorsqu\u2019il s\u2019agit d\u2019artistes inuits ou autochtones qui ont leurs petites entreprises.  \u00ab Il est important que notre art soit reconnu pour sensibiliser, avec respect et admiration. Je suis au courant de l\u2019appropriation culturelle, ainsi je vais tatouer tout le monde mais les tatouages traditionnels sont r\u00e9serv\u00e9s aux Inuits \u00bb.<br>\nSon souhait est de revitaliser la culture et transmettre cette belle tradition du tunniit aux prochaines g\u00e9n\u00e9rations sans que cela soit tabou.<p>\n\n\n\n<\/p>\n<p class=\"has-background has-very-light-gray-background-color\">\nArsaniq Deer is a young artist originally from Quaqtaq. She graduated in 2019 from Nunavik Sivunitsavut and pursued her studies in makeup art at LaSalle College. Hovak Johnston, a renowned artist who has tattooed many Inuit women across Canada, made her personal tattoos and then introduced her to the practice of tunniit, traditional Inuit tattooing. Arsaniq is the first person in Nunavik to revive this tradition since it was banned. <br>\nShe also does drawing and watercolor: \u201cI always get my inspirations from my family. I look at a photograph and I try to draw it, not necessary realistically but more fictional and inspired by my culture\u201d. Arsaniq remains true to herself in her creations, it is important for her to have her own voice and distinguish from others. <br>\nShe is very proud to be Inuk and thinks it is important that artists support each other\u2019s. She claims that she is a shopaholic for every Inuit or Indigenous designers who has their own business. \u201cIt is important that our art is recognized to bring awareness, with respect and admiration. I\u2019m aware of cultural appropriation so I will tattoo anyone but the tunniit will only be for Inuit\u201d.\nHer hope is to revitalize the culture, pass on the beautiful tunniit tradition to the next generations without being taboo anymore.<br>\n<p>\n\n\n\n<p class=\"has-medium-font-size\">\u1431\u152d\u1466\u14f4\u14ef\u140a\u1581\u144e\u1593 \/ Projet sp\u00e9cial \/ Special Project<\/p>\n\n\n\n<\/p>\n<figure class=\"wp-block-embed is-type-video is-provider-youtube wp-block-embed-youtube wp-embed-aspect-16-9 wp-has-aspect-ratio\">\n<div class=\"wp-block-embed__wrapper\">\n<iframe loading=\"lazy\" title=\"Arsaniq tattooing session pt 1\" width=\"700\" height=\"394\" src=\"https:\/\/www.youtube.com\/embed\/1RbCjoqZ4Mw?feature=oembed\" frameborder=\"0\" allow=\"accelerometer; autoplay; clipboard-write; encrypted-media; gyroscope; picture-in-picture; web-share\" referrerpolicy=\"strict-origin-when-cross-origin\" allowfullscreen><\/iframe>\n<\/div>\n<\/figure>\n<p>\n\n\n\n<\/p>\n<figure class=\"wp-block-embed is-type-video is-provider-youtube wp-block-embed-youtube wp-embed-aspect-16-9 wp-has-aspect-ratio\">\n<div class=\"wp-block-embed__wrapper\">\n<iframe loading=\"lazy\" title=\"Arsaniq tattooing session pt 2\" width=\"700\" height=\"394\" src=\"https:\/\/www.youtube.com\/embed\/xvZlBbV36bg?feature=oembed\" frameborder=\"0\" allow=\"accelerometer; autoplay; clipboard-write; encrypted-media; gyroscope; picture-in-picture; web-share\" referrerpolicy=\"strict-origin-when-cross-origin\" allowfullscreen><\/iframe>\n<\/div>\n<\/figure>\n<p>\n\n\n\n<p class=\"has-background\" style=\"background-color:#e5f5f5\">\n\u140a\u1550\u14f4\u14c2\u14a5\u1483 \u1450\u14c2\u14d5\u1405\u1546\u144e\u14ea\u14d7\u148d \u1455\u146f\u1466\u14f4\u1405\u14da\u1546\u14ea\u14d7\u14c2 \u14c2\u1431\u14d5\u1405\u1550\u14ef\u14aa\u1595\u158f\u14d7\u14c2 \u1455\u146f\u1466\u14f4\u1405\u144e\u1466\u14ef\u144e\u14ea\u14d7\u1455 \u1403\u14da\u148b\u152d\u1405\u148d\u14aa\u1557\u148d\u1466 \u152a\u14d3 15-\u148d\u14d5\u1450\u140a\u1550\u1438\u1466 1:30-\u1591\u144e\u14ea\u14d7\u148d \u1405\u14ea\u14d7\u146f\u1466\nRejoignez nous le 25 juillet \u00e0 13h30 pour regarder Arsaniq tattouer en direct.<br>\nJoin us July 15 at 1:30 to watch Arsaniq tattoing on live<\/p>\n\n\n\n<div class=\"rl-gallery-container splide rl-loading\" id=\"rl-gallery-container-1\" data-gallery_id=\"1494\"> <div class=\"rl-gallery rl-basicslider-gallery splide__track \" id=\"rl-gallery-1\" data-gallery_no=\"1\"> <ul class=\"splide__list\"> <li class=\"rl-gallery-item splide__slide\" data-thumb=\"https:\/\/tarqitamaat.ca\/wp-content\/uploads\/2020\/07\/DSC_0083-1-scaled.jpeg\"> <a href=\"https:\/\/tarqitamaat.ca\/wp-content\/uploads\/2020\/07\/DSC_0083-1-scaled.jpeg\" title=\"\" data-rl_title=\"\" class=\"rl-gallery-link\" data-rl_caption=\"\" data-rel=\"lightbox-gallery-1\"><img src=\"https:\/\/tarqitamaat.ca\/wp-content\/uploads\/2020\/07\/DSC_0083-1-scaled.jpeg\" width=\"2560\" height=\"1696\" alt=\"\" \/><\/a> <\/li> <li class=\"rl-gallery-item splide__slide\" data-thumb=\"https:\/\/tarqitamaat.ca\/wp-content\/uploads\/2020\/07\/90325646_125896609003922_5778483978252058624_n.jpg\"> <a href=\"https:\/\/tarqitamaat.ca\/wp-content\/uploads\/2020\/07\/90325646_125896609003922_5778483978252058624_n.jpg\" title=\"\" data-rl_title=\"\" class=\"rl-gallery-link\" data-rl_caption=\"\" data-rel=\"lightbox-gallery-1\"><img src=\"https:\/\/tarqitamaat.ca\/wp-content\/uploads\/2020\/07\/90325646_125896609003922_5778483978252058624_n.jpg\" width=\"960\" height=\"636\" alt=\"\" \/><\/a> <\/li> <li class=\"rl-gallery-item splide__slide\" data-thumb=\"https:\/\/tarqitamaat.ca\/wp-content\/uploads\/2020\/07\/90220589_125896679003915_8341850958791180288_n.jpg\"> <a href=\"https:\/\/tarqitamaat.ca\/wp-content\/uploads\/2020\/07\/90220589_125896679003915_8341850958791180288_n.jpg\" title=\"\" data-rl_title=\"\" class=\"rl-gallery-link\" data-rl_caption=\"\" data-rel=\"lightbox-gallery-1\"><img src=\"https:\/\/tarqitamaat.ca\/wp-content\/uploads\/2020\/07\/90220589_125896679003915_8341850958791180288_n.jpg\" width=\"960\" height=\"636\" alt=\"\" \/><\/a> <\/li> <li class=\"rl-gallery-item splide__slide\" data-thumb=\"https:\/\/tarqitamaat.ca\/wp-content\/uploads\/2020\/07\/Arsaniq2_lr.jpg\"> <a href=\"https:\/\/tarqitamaat.ca\/wp-content\/uploads\/2020\/07\/Arsaniq2_lr.jpg\" title=\"\" data-rl_title=\"\" class=\"rl-gallery-link\" data-rl_caption=\"\" data-rel=\"lightbox-gallery-1\"><img src=\"https:\/\/tarqitamaat.ca\/wp-content\/uploads\/2020\/07\/Arsaniq2_lr.jpg\" width=\"1000\" height=\"1241\" alt=\"\" \/><\/a> <\/li> <li class=\"rl-gallery-item splide__slide\" data-thumb=\"https:\/\/tarqitamaat.ca\/wp-content\/uploads\/2020\/07\/Arsaniq3_lr.jpg\"> <a href=\"https:\/\/tarqitamaat.ca\/wp-content\/uploads\/2020\/07\/Arsaniq3_lr.jpg\" title=\"\" data-rl_title=\"\" class=\"rl-gallery-link\" data-rl_caption=\"\" data-rel=\"lightbox-gallery-1\"><img src=\"https:\/\/tarqitamaat.ca\/wp-content\/uploads\/2020\/07\/Arsaniq3_lr.jpg\" width=\"1000\" height=\"1261\" alt=\"\" \/><\/a> <\/li> <li class=\"rl-gallery-item splide__slide\" data-thumb=\"https:\/\/tarqitamaat.ca\/wp-content\/uploads\/2020\/07\/Arsaniq4_lr.jpg\"> <a href=\"https:\/\/tarqitamaat.ca\/wp-content\/uploads\/2020\/07\/Arsaniq4_lr.jpg\" title=\"\" data-rl_title=\"\" class=\"rl-gallery-link\" data-rl_caption=\"\" data-rel=\"lightbox-gallery-1\"><img src=\"https:\/\/tarqitamaat.ca\/wp-content\/uploads\/2020\/07\/Arsaniq4_lr.jpg\" width=\"1000\" height=\"780\" alt=\"\" \/><\/a> <\/li> <li class=\"rl-gallery-item splide__slide\" data-thumb=\"https:\/\/tarqitamaat.ca\/wp-content\/uploads\/2020\/07\/Arsaniq5_lr.jpg\"> <a href=\"https:\/\/tarqitamaat.ca\/wp-content\/uploads\/2020\/07\/Arsaniq5_lr.jpg\" title=\"\" data-rl_title=\"\" class=\"rl-gallery-link\" data-rl_caption=\"\" data-rel=\"lightbox-gallery-1\"><img src=\"https:\/\/tarqitamaat.ca\/wp-content\/uploads\/2020\/07\/Arsaniq5_lr.jpg\" width=\"1000\" height=\"1259\" alt=\"\" \/><\/a> <\/li> <li class=\"rl-gallery-item splide__slide\" data-thumb=\"https:\/\/tarqitamaat.ca\/wp-content\/uploads\/2020\/07\/Arsaniq1_lr.jpg\"> <a href=\"https:\/\/tarqitamaat.ca\/wp-content\/uploads\/2020\/07\/Arsaniq1_lr.jpg\" title=\"\" data-rl_title=\"\" class=\"rl-gallery-link\" data-rl_caption=\"\" data-rel=\"lightbox-gallery-1\"><img src=\"https:\/\/tarqitamaat.ca\/wp-content\/uploads\/2020\/07\/Arsaniq1_lr.jpg\" width=\"1000\" height=\"1234\" alt=\"\" \/><\/a> <\/li> <\/ul> <\/div> <\/div>\n\n\n\n<p class=\"has-background\" style=\"background-color:#e5f5f5\"> Suivez Arsaniq sur les r\u00e9seaux sociaux. Follow Arsaniq on social media.<br>\n<a href=\"https:\/\/www.instagram.com\/arsaniq.tunniit\/\">Arsaniq Instagram<\/a> <br>\n\n<a href=\"https:\/\/www.facebook.com\/Arsaniq-Tunniit-Artwork-103264354600481\">Arsaniq Facebook<\/a><\/p>\n\n\n\n<p>\u140a\u14ea\u14da\u1450\u1585 | Texte de | Text by: Olivia Lya Thomassie<\/p>\n","protected":false},"excerpt":{"rendered":"<p>\u1450\u1553\u152e\u1548\u1466 | Juillet | July \u140a\u1550\u14f4\u14c2\u1585 \u146d\u140a \u1403\u14c5\u14f1\u1466\u1451\u14f1\u14c2 \u1455\u146f\u14a5\u14c7\u1550\u1450\u14d5\u1405\u1550\u144e\u1405\u1557\u1585 \u1581\u140a\u1550\u1455\u14a5\u1405\u1466\u14f4\u152d\u1405\u1466\u14f1\u14c2. \u1403\u14d5\u14d0\u14c2\u140a\u14c2\u1550\u14a5\u14c2\u1483 \u1431\u152d\u1547\u14da\u1405\u152a\u1585 2019-\u1591\u144e\u14ea\u14d7\u148d \u14c4\u14c7\u1555\u1483 \u14ef\u1557\u14c2\u1466\u14f4\u1557\u1466 \u1403\u14d5\u14d0\u14c2\u140a\u1555\u1593\u14c2 \u1403\u14d5\u14f4\u1547\u1550\u14f1\u14c2 \u140a\u14bb\u14aa\u14d7 \u1403\u14d5\u14d0\u14c2\u140a\u1546\u140a\u14ea\u14da\u14ef\u14aa\u152a\u14bb\u14a5\u14f1\u14c2 \u1455\u146f\u14a5\u14c7\u1550\u1450\u14d5\u1405\u1550\u14c2\u14c2\u1483 LaSalle College-\u14a5. \u1581\u1559\u1483 \u152e\u14d0\u14f4\u14d0, \u1455\u146f\u14a5\u14c7\u1550\u1450\u14d5\u1405\u1550\u14ef\u144e\u1405\u148b\u140a\u1593 \u1583\u1405\u1528\u14aa\u152d\u1405\u14c2\u1583\u14bb\u14aa\u1546\u1466\u14f1\u14c2 \u140a\u14a5\u14f1\u14bb\u14aa\u1546\u140a\u14d7\u14d0\u14c2\u1483 \u1403\u14c4\u14d0\u14c2\u1483 \u140a\u1550\u14c7\u14c2\u1483 \u1450\u14d0\u14c2\u14d5\u1405\u1546\u14ef\u14aa\u14d5\u1550\u14c2\u14a5\u14c4\u1466 \u1472\u14c7\u1455\u14d5\u14ab\u14a5, \u140a\u1550\u14f4\u14c2\u1585 \u144c\u1466\u14f1\u14a7\u1593 \u1450\u14d0\u14c2\u14d5\u1405\u1550\u1455\u1405\u14da\u1405\u152a\u1585 \u140a\u14bb\u14aa\u14d7 \u1431\u148b\u1405\u1550\u14f4\u144e\u14ef\u1466\u14f1\u148d \u1583\u14c4\u1585 \u1450\u14d0\u14c2\u14d7\u140a\u1591\u14f2\u148d\u14bb\u14aa\u1594\u1455, \u1403\u14c4\u1403\u1466 \u1450\u14d0\u14c2\u14d5\u1405\u1548\u14ef\u158f\u14d0\u14c2\u1483 \u1403\u14d5\u14f4\u1550\u1455\u1405\u14ef\u14da\u1405\u152a\u1585. \u140a\u1550\u14f4\u14c2\u1585 \u14ef\u1557\u14ea\u14d5\u1439\u1466\u14ef\u140a\u1591\u1557\u1585 \u14c4\u14c7\u1555\u14bb\u14a5\u1405\u1591\u1466\u14f1\u14c2 \u1455\u14aa\u1483\u146f\u14c2\u1593 \u1403\u14c4\u1403\u1466 \u1450\u14d0\u14c2\u14d5\u1405\u1548\u14ef\u1550\u14c2\u1483 \u1405\u144e\u1550\u144e\u14ef\u1559\u14ea\u14d5\u140a\u1490\u14f1\u140a\u1550\u14f1\u14c2 \u144c\u14aa\u1595\u1593\u14c2 \u140a\u1450\u144e\u152d\u1405\u148d\u14d0\u14c0\u1581\u152d\u1405\u14ef\u14da\u1405\u1550\u14ef\u14aa\u144e\u14ea\u14d7\u148b\u1466. \u140a\u14ea\u14da\u1591\u140a\u14f2\u1591\u14bb\u14a5\u152a\u1585 \u140a\u14bb\u14aa\u14d7 \u1403\u14aa\u1550\u14a7\u1466 \u1455\u1405\u1466\u1450\u14d5\u1405\u1548\u14ef\u1550\u14c2\u1483 \u140a\u1450\u1550\u14f1\u14c2 &hellip; <a href=\"https:\/\/tarqitamaat.ca\/?page_id=1461\" class=\"more-link\">Continue reading <span class=\"screen-reader-text\">\u140a\u1550\u14f4\u14c2\u1585 \u144e\u140a | Arsaniq Deer<\/span> <span class=\"meta-nav\">&rarr;<\/span><\/a><\/p>\n","protected":false},"author":1,"featured_media":1466,"parent":0,"menu_order":0,"comment_status":"closed","ping_status":"closed","template":"","meta":[],"_links":{"self":[{"href":"https:\/\/tarqitamaat.ca\/index.php?rest_route=\/wp\/v2\/pages\/1461"}],"collection":[{"href":"https:\/\/tarqitamaat.ca\/index.php?rest_route=\/wp\/v2\/pages"}],"about":[{"href":"https:\/\/tarqitamaat.ca\/index.php?rest_route=\/wp\/v2\/types\/page"}],"author":[{"embeddable":true,"href":"https:\/\/tarqitamaat.ca\/index.php?rest_route=\/wp\/v2\/users\/1"}],"replies":[{"embeddable":true,"href":"https:\/\/tarqitamaat.ca\/index.php?rest_route=%2Fwp%2Fv2%2Fcomments&post=1461"}],"version-history":[{"count":38,"href":"https:\/\/tarqitamaat.ca\/index.php?rest_route=\/wp\/v2\/pages\/1461\/revisions"}],"predecessor-version":[{"id":114864,"href":"https:\/\/tarqitamaat.ca\/index.php?rest_route=\/wp\/v2\/pages\/1461\/revisions\/114864"}],"wp:featuredmedia":[{"embeddable":true,"href":"https:\/\/tarqitamaat.ca\/index.php?rest_route=\/wp\/v2\/media\/1466"}],"wp:attachment":[{"href":"https:\/\/tarqitamaat.ca\/index.php?rest_route=%2Fwp%2Fv2%2Fmedia&parent=1461"}],"curies":[{"name":"wp","href":"https:\/\/api.w.org\/{rel}","templated":true}]}}