{"id":1166,"date":"2019-12-09T16:02:28","date_gmt":"2019-12-09T16:02:28","guid":{"rendered":"https:\/\/tarqitamaat.ca\/?page_id=1166"},"modified":"2023-01-12T17:58:49","modified_gmt":"2023-01-12T17:58:49","slug":"__trashed","status":"publish","type":"page","link":"https:\/\/tarqitamaat.ca\/?page_id=1166","title":{"rendered":"\u140b\u1550\u152a\u14d5\u1405\u1466 |D\u00e9cembre | December"},"content":{"rendered":"\n<h2 class=\"wp-block-heading\">\u14a5\u14c2  \u14c7\u1438\u1550\u1450\u1483 | Minnie Napartuk <\/h2>\n\n\n\n<p class=\"has-very-light-gray-background-color has-background\">UNESCO \u140a\u1550\u154c\u148d\u1593\u1455 \u14c4\u14c7\u1583\u1550\u1584\u1450\u1555\u14c3\u1466 \u1405\u1583\u1405\u14ef\u158f\u14d0\u14c4\u1466 \u1455\u1550\u157f\u1593\u14c2 \u146d\u1591\u14ea\u14d5\u1439\u14a5, \u1455\u146f\u14a5\u14c7\u1550\u1450\u14d5\u1405\u1550\u144f\u1466 \u1431\u14c7\u14f1\u140a\u14f2\u158f\u14d0\u14c2\u1483 \u1431\u1559\u14ea\u14d6\u148b\u140a\u1595\u158f\u1594\u1550\u14d7\u1455, \u1450\u146d\u1456\u14da\u1405\u152a\u152a\u148d\u1466 \u1450\u154c\u1550\u144e\u14ef\u14da\u1593\u1466\u14f1\u1455 \u1405\u1583\u1405\u14ef\u1583\u1550\u14d7\u1455 \u1431\u14c7\u14f1\u140a\u1550\u14ef\u14aa\u152d\u158f\u14d0\u14c2\u1483 \u14a5\u14c2 \u14c7\u1439\u1550\u1451\u1449, \u140a\u1559\u1455\u1483\u146f\u1466 \u1405\u1583\u1405\u14ef\u1405\u1449 \u140a\u14ef\u140a\u148e\u14d5\u1550\u144e\u1546\u1528\u148b\u14da\u1405\u152a\u152d\u1593\u1455 \u140a\u1550\u154c\u148d\u14c2 \u140a\u14a5\u14f1\u14c2 \u140a\u14bb\u14aa\u14d7 \u1403\u14c5\u148d\u14d0\u14c0\u1583\u14bb\u14a5\u1405\u14f1\u14c2. \u1456\u14d0\u14c7 \u1450\u14c2\u1550\u1548\u144e\u1557\u1466 \u1456\u1466\u14f1\u14a7\u1593 \u1403\u14d8\u14d0\u14c7\u144e\u14d0\u14c2\u1483 \u1450\u146d\u14ef\u144e\u1466\u14ef\u14ef\u14aa\u14bb\u14aa\u1466 \u1431\u14bb\u14aa\u1546\u1405\u148b\u140a\u158f\u14d0\u14c2\u1483 \u1405\u1583\u1405\u14ef\u1405\u1449 \u140a\u14ef\u140a\u148e\u14d5\u1550\u144e\u1546\u14c2\u1405\u1449 \u1403\u1550\u1438\u144e\u1550\u1455\u1405\u148b\u140a\u1583\u1550\u14c2\u158f\u14d0\u14c4\u1466 \u14c4\u1403\u144c\u1466. \u1450\u146d\u14ef\u14c7\u1550\u1450\u1585, \u1405\u1583\u1405\u14ef\u1585 \u140a\u14bb\u14aa\u14d7 \u1405\u1583\u1405\u14ef\u1405\u1449 \u140a\u14ef\u140a\u148e\u14d5\u1550\u144e\u1546\u14c2\u1585 \u1455\u146f\u1466\u14f4\u1405\u144e\u1466\u14ef\u14aa\u1455 \u1403\u14d8\u14d0\u14c0\u14c2\u1483 \u140a\u1466\u1528\u148c\u1595\u158f\u14c2\u14d5\u14d0\u14c2\u1483 \u1455\u146f\u14d0\u14c7\u1455\u1405\u14c2\u158f\u1466\u1455 \u1455\u155d\u1559\u14c2 \u14ef\u14da\u1550\u152a\u140a\u14a5 \u14c4\u1403\u1455\u148b\u140a\u1583\u1550\u14f1\u144e\u1483. <br><br>\n\u14a5\u14c2 \u14c7\u1439\u1550\u1450\u1585<br>\n\u14a5\u14c2 \u1431\u14c7\u14f1\u140a\u1583\u144e\u148b\u1583\u1466\u1455\u14da\u1405\u152a\u152d\u154b \u140a\u146f\u14c2; \u1431\u14c7\u14f1\u140a\u1583\u1466\u1455\u14da\u1405\u152a\u152a\u1593 \u1403\u146d\u14d0\u14c2\u14f5\u1431\u1450\u1403\u14d0\u14c7\u14c2 25-\u14c2 \u140a\u1550\u154c\u148d\u14c2 \u144c\u14a3\u14ea\u14d7\u140a\u1472\u14f5\u1466\u1450\u14c2\u14d8\u14d0\u14c3\u1466 \u1431\u14c7\u14f1\u140a\u1583\u1466\u1455\u14ef\u14aa\u1490\u14aa, \u1403\u14d5\u1559\u1466\u14f1\u1593 \u14c4\u1550\u1583\u1438\u1466\u14f1\u1593\u14d7. <br>\n\u1403\u1550\u1583\u1405\u14aa\u152d\u154b \u140a\u14d5\u140a\u14c7\u1550\u1450\u1591\u140a\u148d\u1583\u1466\u1455\u14da\u1405\u152a\u14bb\u14aa\u1466 \u1403\u14c4\u1466\u144e\u1450\u1466 \u1405\u1583\u1405\u14ef\u1550\u1456\u144e\u1466\u14ef\u148b\u140a\u14a5\u1483 \u1583\u14ea\u14d7\u14c8\u1550\u144e\u1451\u1550\u1450\u14c2\u1483 \u140a\u14d5\u140a\u148b\u152d\u1583\u1550\u14f1\u14c2, \u140a\u14ea\u14da\u14ef\u14aa\u152a\u1550\u14c5\u1583\u1550\u14f1\u148b\u1466, \u1405\u1583\u1405\u14ef\u1405\u1449 \u140a\u14ef\u140a\u148e\u14d5\u1550\u144e\u14f1\u148b\u1466, \u14c7\u14d7\u14c7\u1550\u1450\u14c2\u14ea\u14d7 \u1403\u14c4\u1466\u144e\u1451\u14d5\u1550\u144e\u1546\u140a\u14a5\u1483 \u157f\u14c2\u1546\u140a\u1583\u1550\u1438\u14f1\u14c2, \u1455\u14bb\u14aa\u14ef\u14aa\u152a\u1550\u14ef\u1405\u1546\u140a\u1583\u1550\u1438\u14f1\u14c2 \u140a\u14ea\u14da\u14ef\u14aa\u152a\u14c2\u1483 \u1405\u144e\u1550\u1455\u14f1\u148b\u140a\u14ea\u14db\u1466, \u140a\u1466\u1528\u14d5\u1405\u1550\u14ef\u14aa\u1466\u14f1\u14c2\u140a\u14ea\u14db\u1466 \u1431\u14ef\u144e\u14bb\u14aa\u1546\u1405\u148d\u144e\u148b\u1466\u14f1\u148d \u14c8\u14da\u1405\u144e\u1483\u146f\u1466 \u14f1\u14d5\u152a\u1595\u1591\u140a\u14c2\u1483.<br>\n\u140a\u14d5\u140a\u1583\u1466\u1455\u14da\u1405\u152a\u14bb\u14a5\u152a\u1585 \u1403\u14c4\u1466\u152a\u140a\u14a5\u1405\u1550\u144e\u1450\u1466 \u14c2\u157f\u1466\u14f4\u152d\u14d5\u1405\u1546\u140a\u14a5\u1483 \u140a\u14c7\u1550\u154b\u14a5\u14c2 \u140a\u14bb\u14aa\u14d7 \u14c2\u157f\u1466\u14f4\u152d\u1550\u1450\u144e\u1466\u14ef\u1559\u1466\u14f1\u14c2 \u1431\u14c7\u14f1\u140a\u1583\u144e\u14a5\u14c2\u1483.<br>\n\u14f1\u152b\u152e\u1583\u1466\u1455\u14da\u1405\u152a\u1595\u158f\u1450\u148d\u14ea\u14d8\u14c3\u1466 \u140a\u14ea\u14da\u1555\u14d5\u140a\u1450\u1403\u14d0\u14c7\u14f1\u1455 \u1403\u14c4\u1466\u144e\u1451\u1550\u1450\u1466 \u140b\u1550\u157f\u1472\u14ea\u14da\u1450\u1403\u14d0\u14c7\u1583\u1466\u1455\u1455\u158f\u14d0\u14c2. \u144c\u14aa \u1583\u14c2\u14bb\u14aa\u14aa\u1466, \u1583\u1405\u1528\u14d5\u14da\u1405\u152a\u1557\u148d\u1466 \u140a\u1559\u1455\u1483\u146f\u14c2 \u1432\u1550\u1559\u14da\u14ea\u14da\u1546\u14d0\u14c2\u1593\u14c2\u1483.  <br>\n\u1405\u1583\u1405\u14ef\u1583\u1583\u1466\u1455\u14da\u1405\u152b\u1585 \u157f\u1450\u1550\u1593\u14a5\u14c2\u1483, \u140a\u14bb\u14aa\u14d7 \u1403\u1550\u1591\u1455\u14a5\u14c2\u1483, \u1405\u1431\u14aa\u148b\u14ea\u14da\u1546\u1466\u14f1\u148b\u1466. \u1403\u14c4\u1466\u152a\u140a\u14a6\u1466\u14f1\u1593 \u1403\u14da\u1490\u14f5\u14d7\u158f\u14d0\u14c2\u1483 \u1583\u1405\u1528\u148b\u1405\u14da\u1405\u152a\u1557\u1593 \u140a\u14bb\u14aa\u14d7 \u1403\u14c4\u1466\u14ef\u140a\u148d\u1466\u14f1\u144e\u1483 \u1450\u1595\u1593\u14c7\u1550\u14f1\u144e\u14ea\u14d7.<br>\n\u1403\u14c4\u1451\u1466\u14f1\u14c2 \u1403\u14c5\u14f1\u1593\u14d5\u1550\u14f1\u14c2, \u1405\u14ea\u14d7\u158f\u1466\u1455 \u146d\u1591\u14ea\u14d5\u1439\u1466\u14ef\u140a\u1593\u14c2 \u1401\u14ef\u14aa\u1555\u1405\u1466\u14ef\u140a\u14da\u1405\u152b\u1585, \u140a\u14bb\u14aa\u14d7 \u1455\u166f\u1550\u14ef\u14d5\u1550\u14f1\u14c2 \u1455\u1550\u154b\u14d5\u140a\u1550\u144e\u1455\u1405\u14da\u1405\u152a\u14bb\u14aa\u1466 \u144e\u14a5\u1593 \u1455\u1550\u154b\u14a6\u14d5\u1550\u14f1\u14c2.<br>\n\u14ef\u14ea\u1555 \u146f\u144c \u14f2 <br>\n\u140a\u1559\u1455\u1483\u146f\u1466 \u14c7\u14d7\u14c0\u1550\u1450\u1403\u1555\u1593 \u140a\u14bb\u14aa\u14d7 \u14ef\u146f\u1466\u14f4\u152d\u1450\u1583\u1483\u146f\u1555\u1593 <br><br>\n\u14a5\u14c2: \u1405\u1483\u146f\u1403\u1594\u1550\u14f1\u14c2 \u1405\u1483\u146f\u140a\u1546\u152d\u1405\u14da\u1405\u152b\u1585 \u1403\u14d7\u14a1\u148d\u14ef\u1466\u144e\u14c4\u1466, \u144c\u14aa\u1595\u1593\u1466 \u140a\u1431\u1550\u14f1\u1455\u1405\u1490\u14a5 \u146d\u1405\u1466\u14ef\u140a\u1548\u14d0\u14c7\u14f2\u148d\u1466\u14f1\u14c2 \u140a\u14bb\u14aa\u14d7 \u1405\u1403\u14aa\u14c7\u1550\u1450\u14c2\u1483 \u157f\u14c4\u148d\u144e\u1466\u144e\u14c2\u1483 \u1472\u14aa\u148d\u14d0\u14c7\u14ef\u140a\u1550\u1438\u14f1\u14c2. \u140a\u14ea\u14da\u14ef\u14aa\u152a\u14c2\u1483 \u1450\u146d\u1456\u1466\u14ef\u140a\u144e\u1466\u14ef\u148d\u14d0\u14c7\u14f1\u14c2 \u1405\u1583\u1405\u14ef\u1550\u14c2\u14d7 \u1405\u1584\u152d\u1405\u152a\u14c2\u1483 \u140a\u14ea\u14da\u1450\u1555\u14c2\u1405\u1449 \u1450\u146d\u1583\u1550\u144e\u14ef\u148d\u144e\u1466\u14ef\u140a\u158f\u14d0\u14c2\u1483 \u1450\u146d\u1456\u1546\u14ef\u144e\u1405\u1466\u14f1\u14c2. \u1403\u14c5\u14ef\u1550\u14a5 \u140a\u1451\u144e\u14ef\u14aa\u152d\u14a5\u14c4\u1466 \u14c7\u14bb\u14a5\u14c2\u1585 \u1403\u14c5\u14ef\u1583\u1548\u144e\u1583\u14da\u1405\u152b\u1585 \u1472\u1455\u148c\u1483\u146f\u144e\u1583\u154b\u14c2, \u1405\u1583\u1405\u14ef\u1405\u1449 \u140a\u14ef\u140a\u148e\u14d5\u1550\u144e\u1546\u14ef\u144e\u1405\u148d\u144e\u1583\u14da\u1405\u152b\u1585 \u14f1\u14d5\u152a\u1595\u1591\u140a\u14d5\u1546\u14d5\u154b\u14a5. \u140a\u14d5\u140a\u14c7\u1595\u158f\u1451\u1490\u14d7\u140a\u1585, \u1431\u14c7\u14f1\u140a\u1583\u144e\u1466\u14ef\u140a\u144e\u14d0\u14c2\u1483 \u1403\u1472\u152a\u1550\u14ef\u144e\u14a5\u1483 \u14c4\u1403\u144e\u1546\u14c2\u144e\u148d\u1466 \u140a\u14ef\u140a\u1528\u14ef\u14aa\u14d5\u1550\u1581\u148d\u1466. \u1450\u14f4\u1550\u14f1\u1455 \u1403\u14c5\u148d\u14d0\u14c0\u14c2\u1593\u14c2\u1483, \u140b\u14d0\u14c2\u14c7\u14ea\u14da\u1546\u1466\u1450\u14c2\u1483 \u1403\u1449\u1431\u148d\u14f1\u14da\u1405\u152a\u152a\u148d\u1466 \u140a\u14bb\u14aa\u14d7 \u14f1\u14c0\u1548\u1466\u1451\u152e\u1550\u14f1\u1455. \u1403\u14da\u158f\u1466 \u14c7\u14ea\u14d5\u148b\u1559\u1483\u1472, \u1403\u14da\u14d0\u14c8\u158f\u14ea\u14d7 \u140a\u14bb\u14aa\u14d7 \u1431\u14c7\u14f1\u140a\u1583\u144e\u148b\u1583\u1466\u1455\u14da\u1405\u152a\u152d\u158f\u1466.<br>\n\u1526\u154c \u14aa\u146d\u140a\u14d0\u14ef<br>\n\u1403\u14bb\u14a5\u14c2\u1483 \u146d\u14a1\u1490\u1450\u1550\u14f1\u1593 \u140a\u14bb\u14aa\u14d7 \u140a\u1550\u14f0\u1585 \u1455\u146f\u14d0\u14c7\u1405\u152e\u1550\u144e\u14ef\u1555\u1405\u1449 \u1472\u144e\u14aa\u1528\u158f\u14d0\u14c2\u1483<br>\n<\/p>\n\n\n\n<p class=\"has-very-light-gray-background-color has-background\">Pour ce dernier mois de l\u2019Ann\u00e9e internationale des langues autochtones de l&#8217;UNESCO, au lieu de promouvoir le travail d\u2019un artiste, nous avons d\u00e9cid\u00e9 de consacrer ces mots \u00e0 Minnie Napartuk, r\u00e9cemment d\u00e9c\u00e9d\u00e9e et qui a \u00e9t\u00e9 traductrice \u00e0 l&#8217;Institut culturel Avataq pendant 25 ans. Voici donc un hommage \u00e0 une personne qui nous a fait comprendre \u00e0 quel point le m\u00e9tier de traducteur joue un r\u00f4le important dans la diffusion de la cr\u00e9ation. Clairement, la langue et le travail d\u2019une traductrice d\u00e9montre que chaque vision du monde est n\u00e9cessaire. <br><br>\nMinnie Napartuk <br>\nMinnie a longtemps \u00e9t\u00e9 ma coll\u00e8gue. Nous avons \u00e9t\u00e9 voisines de bureau \u00e0 plusieurs reprises pendant environ 25 ans.<br> \nJe me souviens d&#8217;elle comme une personne enjou\u00e9e, qui avait le go\u00fbt de travailler avec les mots inuktitut, de les transcrire, de les traduire, de rechercher le sens des mots difficiles, r\u00e9visant \u00e0 maintes reprises des textes, et m\u00eame en enregistrant avec beaucoup de talent la narration d&#8217;une pi\u00e8ce de th\u00e9\u00e2tre radiophonique.<br>\nElle \u00e9tait \u00e9galement heureuse de cuisiner \u00e0 la maison de la banique \u00e0 la fa\u00e7on d\u2019Inukjuak et de la partager avec tout le personnel.<br> Nous avons pris pour acquis que nous pouvions simplement aller \u00e0 son bureau pour lui demander des renseignements sur les mots en inuktitut et c\u2019est lorsqu\u2019elle est tomb\u00e9e malade que nous avons r\u00e9alis\u00e9 \u00e0 quel point elle \u00e9tait pr\u00e9cieuse pour Avataq. <br>\nElle parlait souvent de ses enfants et de ses petits-enfants, dont elle \u00e9tait tr\u00e8s fi\u00e8re. C&#8217;est \u00e0 Inukjuak que j&#8217;ai pris la mesure de sa famille, de sa grandeur, de sa beaut\u00e9 et de son accueil.<br>\nSeule dans ses derniers instants, elle a certainement \u00e9t\u00e9 bien entour\u00e9e \u00e0 la toute fin et repose maintenant au Nord.<br>\nSylvie C\u00f4t\u00e9 Chew<br>\nDocumentation et archives Avataq<br><br>\nMinnie : la porte grande ouverte entre nos cultures, r\u00e9pondant toujours avec patience et g\u00e9n\u00e9rosit\u00e9 \u00e0 nos demandes toujours press\u00e9es. Non seulement rendre les sens des phrases et des mots, mais nous assurer que le ton de la langue parl\u00e9e rendait bien l&#8217;intention de l&#8217;auteur. Son exp\u00e9rience de la vie men\u00e9e sans filets protecteurs la rendait excellente pour traduire les \u00e9motions que les personnages du th\u00e9\u00e2tre exprimaient. Nous perdons, nous en sommes tr\u00e8s tristes, une alli\u00e9e essentielle pour notre travail de cr\u00e9ation. En apprenant sa disparition, nous avons ressenti une grande peine et un grand vide. Condol\u00e9ances \u00e0 sa famille, \u00e0 ses amis, \u00e0 tous et toutes ses coll\u00e8gues.<br>\n\nG\u00e9rald McKenzie\nPersonnellement et pour le Conseil d&#8217;administration de la Compagnie de th\u00e9\u00e2tre Aarsiq\n<\/p>\n\n\n\n<p class=\"has-very-light-gray-background-color has-background\">For the last month of the UNESCO Year of Indigenous Languages, instead of promoting the work of an artist, we decided to dedicate those special words to honor the work of Minnie Napartuk, Avataq translator for many years and recently passed away. This is a tribute to someone who makes us all realize the importance of translation for the dissemination of creation.  Clearly, language and translator show that all the different perspectives in this world are necessary.<br><br> Minnie Napartuk<br> Minnie was my colleague for a long time; I worked a few steps away from her for 25 years or so, on and off. I remember her as a cheery person who had an appetite for processing Inuktitut words, transcribing them, translating them, searching for the meaning of difficult ones, proof-reading  printed text over and over, even recording with much talent the narration of a radio-theater play.<br> She was also happy to make Inukjuak bannock at home and share it with all the staff. We took for granted that we could simply go to her office and have all our Inuktitut issues solved. And then when she got sick, we found out acutely how essential she was in Avataq.<br>She often talked of her children, and grand-children, of who she was very proud. It is in Inukjuak that I took the measure of how large was her family and how beautiful and welcoming they were.<br>Alone in her last moments, she was certainly well accompanied at the very end, and is resting in northern ground.<br>Sylvie C\u00f4t\u00e9 Chew <br>Avataq Documentation and archives<br><br> Minnie: An open door between our cultures, always answering with patience and generosity to our urgent requests. Not only giving a meaning to the sentences and the words but also to ensure that the tone of the spoken language made the intention of the writer. Her life experiences lived on her own and without a safety net, made her excellent at translating emotions from theatrical characters. Sadly, we have lost an essential ally for the work of creation. Upon learning of her passing, we felt great pain and a great emptiness. Condolences to her family, to her friends and to all her colleagues.<br>G\u00e9rald McKenzie <br>On behalf of myself and the Board of Directors of the Aarsiq Theater Company <\/p>\n\n\n\n<p>\u140a\u14ea\u14da\u1450\u1585 | Texte de | Text by: Olivia Lya Thomassie<\/p>\n\n\n\n<figure class=\"wp-block-image size-large\"><img decoding=\"async\" loading=\"lazy\" width=\"1024\" height=\"768\" src=\"https:\/\/tarqitamaat.ca\/wp-content\/uploads\/2019\/12\/Minnie_lowres-1-1024x768.jpg\" alt=\"\" class=\"wp-image-1183\" srcset=\"https:\/\/tarqitamaat.ca\/wp-content\/uploads\/2019\/12\/Minnie_lowres-1-1024x768.jpg 1024w, https:\/\/tarqitamaat.ca\/wp-content\/uploads\/2019\/12\/Minnie_lowres-1-300x225.jpg 300w, https:\/\/tarqitamaat.ca\/wp-content\/uploads\/2019\/12\/Minnie_lowres-1-768x576.jpg 768w, https:\/\/tarqitamaat.ca\/wp-content\/uploads\/2019\/12\/Minnie_lowres-1-1536x1152.jpg 1536w, https:\/\/tarqitamaat.ca\/wp-content\/uploads\/2019\/12\/Minnie_lowres-1-1200x900.jpg 1200w, https:\/\/tarqitamaat.ca\/wp-content\/uploads\/2019\/12\/Minnie_lowres-1-700x525.jpg 700w, https:\/\/tarqitamaat.ca\/wp-content\/uploads\/2019\/12\/Minnie_lowres-1-533x400.jpg 533w, https:\/\/tarqitamaat.ca\/wp-content\/uploads\/2019\/12\/Minnie_lowres-1.jpg 1600w\" sizes=\"(max-width: 1024px) 100vw, 1024px\" \/><\/figure>\n","protected":false},"excerpt":{"rendered":"<p>\u14a5\u14c2 \u14c7\u1438\u1550\u1450\u1483 | Minnie Napartuk UNESCO \u140a\u1550\u154c\u148d\u1593\u1455 \u14c4\u14c7\u1583\u1550\u1584\u1450\u1555\u14c3\u1466 \u1405\u1583\u1405\u14ef\u158f\u14d0\u14c4\u1466 \u1455\u1550\u157f\u1593\u14c2 \u146d\u1591\u14ea\u14d5\u1439\u14a5, \u1455\u146f\u14a5\u14c7\u1550\u1450\u14d5\u1405\u1550\u144f\u1466 \u1431\u14c7\u14f1\u140a\u14f2\u158f\u14d0\u14c2\u1483 \u1431\u1559\u14ea\u14d6\u148b\u140a\u1595\u158f\u1594\u1550\u14d7\u1455, \u1450\u146d\u1456\u14da\u1405\u152a\u152a\u148d\u1466 \u1450\u154c\u1550\u144e\u14ef\u14da\u1593\u1466\u14f1\u1455 \u1405\u1583\u1405\u14ef\u1583\u1550\u14d7\u1455 \u1431\u14c7\u14f1\u140a\u1550\u14ef\u14aa\u152d\u158f\u14d0\u14c2\u1483 \u14a5\u14c2 \u14c7\u1439\u1550\u1451\u1449, \u140a\u1559\u1455\u1483\u146f\u1466 \u1405\u1583\u1405\u14ef\u1405\u1449 \u140a\u14ef\u140a\u148e\u14d5\u1550\u144e\u1546\u1528\u148b\u14da\u1405\u152a\u152d\u1593\u1455 \u140a\u1550\u154c\u148d\u14c2 \u140a\u14a5\u14f1\u14c2 \u140a\u14bb\u14aa\u14d7 \u1403\u14c5\u148d\u14d0\u14c0\u1583\u14bb\u14a5\u1405\u14f1\u14c2. \u1456\u14d0\u14c7 \u1450\u14c2\u1550\u1548\u144e\u1557\u1466 \u1456\u1466\u14f1\u14a7\u1593 \u1403\u14d8\u14d0\u14c7\u144e\u14d0\u14c2\u1483 \u1450\u146d\u14ef\u144e\u1466\u14ef\u14ef\u14aa\u14bb\u14aa\u1466 \u1431\u14bb\u14aa\u1546\u1405\u148b\u140a\u158f\u14d0\u14c2\u1483 \u1405\u1583\u1405\u14ef\u1405\u1449 \u140a\u14ef\u140a\u148e\u14d5\u1550\u144e\u1546\u14c2\u1405\u1449 \u1403\u1550\u1438\u144e\u1550\u1455\u1405\u148b\u140a\u1583\u1550\u14c2\u158f\u14d0\u14c4\u1466 \u14c4\u1403\u144c\u1466. \u1450\u146d\u14ef\u14c7\u1550\u1450\u1585, \u1405\u1583\u1405\u14ef\u1585 \u140a\u14bb\u14aa\u14d7 \u1405\u1583\u1405\u14ef\u1405\u1449 \u140a\u14ef\u140a\u148e\u14d5\u1550\u144e\u1546\u14c2\u1585 \u1455\u146f\u1466\u14f4\u1405\u144e\u1466\u14ef\u14aa\u1455 \u1403\u14d8\u14d0\u14c0\u14c2\u1483 \u140a\u1466\u1528\u148c\u1595\u158f\u14c2\u14d5\u14d0\u14c2\u1483 \u1455\u146f\u14d0\u14c7\u1455\u1405\u14c2\u158f\u1466\u1455 \u1455\u155d\u1559\u14c2 \u14ef\u14da\u1550\u152a\u140a\u14a5 \u14c4\u1403\u1455\u148b\u140a\u1583\u1550\u14f1\u144e\u1483. \u14a5\u14c2 \u14c7\u1439\u1550\u1450\u1585 \u14a5\u14c2 \u1431\u14c7\u14f1\u140a\u1583\u144e\u148b\u1583\u1466\u1455\u14da\u1405\u152a\u152d\u154b \u140a\u146f\u14c2; \u1431\u14c7\u14f1\u140a\u1583\u1466\u1455\u14da\u1405\u152a\u152a\u1593 &hellip; <a href=\"https:\/\/tarqitamaat.ca\/?page_id=1166\" class=\"more-link\">Continue reading <span class=\"screen-reader-text\">\u140b\u1550\u152a\u14d5\u1405\u1466 |D\u00e9cembre | December<\/span> <span class=\"meta-nav\">&rarr;<\/span><\/a><\/p>\n","protected":false},"author":1,"featured_media":1182,"parent":0,"menu_order":0,"comment_status":"closed","ping_status":"closed","template":"","meta":[],"_links":{"self":[{"href":"https:\/\/tarqitamaat.ca\/index.php?rest_route=\/wp\/v2\/pages\/1166"}],"collection":[{"href":"https:\/\/tarqitamaat.ca\/index.php?rest_route=\/wp\/v2\/pages"}],"about":[{"href":"https:\/\/tarqitamaat.ca\/index.php?rest_route=\/wp\/v2\/types\/page"}],"author":[{"embeddable":true,"href":"https:\/\/tarqitamaat.ca\/index.php?rest_route=\/wp\/v2\/users\/1"}],"replies":[{"embeddable":true,"href":"https:\/\/tarqitamaat.ca\/index.php?rest_route=%2Fwp%2Fv2%2Fcomments&post=1166"}],"version-history":[{"count":13,"href":"https:\/\/tarqitamaat.ca\/index.php?rest_route=\/wp\/v2\/pages\/1166\/revisions"}],"predecessor-version":[{"id":6037,"href":"https:\/\/tarqitamaat.ca\/index.php?rest_route=\/wp\/v2\/pages\/1166\/revisions\/6037"}],"wp:featuredmedia":[{"embeddable":true,"href":"https:\/\/tarqitamaat.ca\/index.php?rest_route=\/wp\/v2\/media\/1182"}],"wp:attachment":[{"href":"https:\/\/tarqitamaat.ca\/index.php?rest_route=%2Fwp%2Fv2%2Fmedia&parent=1166"}],"curies":[{"name":"wp","href":"https:\/\/api.w.org\/{rel}","templated":true}]}}