{"id":114261,"date":"2026-01-29T15:44:42","date_gmt":"2026-01-29T15:44:42","guid":{"rendered":"https:\/\/tarqitamaat.ca\/?page_id=114261"},"modified":"2026-05-12T15:39:28","modified_gmt":"2026-05-12T15:39:28","slug":"%e1%90%8a%e1%95%97%e1%93%90%e1%93%82%e1%91%8e%e1%92%83-fevrier-february-7","status":"publish","type":"page","link":"https:\/\/tarqitamaat.ca\/?page_id=114261","title":{"rendered":"\u1405\u14d5\u1555\u140a \u1401\u146d | Olivia Ikey"},"content":{"rendered":"\n<h2 class=\"wp-block-heading\"> \u140a\u1557\u14d0\u14c2\u144e\u1483 | F\u00e9vrier | February <\/h2>\n\n\n<p><strong>!TRIGGER WARNING!: mentions of police brutality<\/strong><\/p>\n\n\n<p class=\"has-very-light-gray-background-color has-background\">\u1405\u14d5\u1555\u140a \u1401\u146d \u1403\u14c4\u1483 \u1455\u146f\u14a5\u14c7\u1550\u1450\u14d5\u1405\u1550\u144e \u1470\u1466\u152a\u140a\u14a5\u1405\u148d\u1466\u14f1\u14a5 \u140a\u14a5\u14f1\u1403\u14c2\u1483 \u1431\u14c7\u14f1\u140a\u14f2\u148d\u1466\u14f1\u14c2 &#8211; \u140a\u14ea\u14da\u14f1\u14c2, \u1405\u1583\u1405\u14ef\u144e\u148d\u1466, \u1455\u146f\u14d0\u14c7\u1405\u152e\u1550\u144e\u14ef\u14c2\u144e\u148d\u1466, \u1455\u146f\u14d0\u14c7\u154b\u1466\u14f4\u14d5\u1405\u1550\u14c2\u144e\u148d\u1466, \u1455\u146f\u14a5\u14c7\u1550\u1450\u14d5\u1405\u14f2\u148d\u1466\u14f1\u14c2\u14d7. \u1431\u14c7\u14f1\u140a\u14f2\u148d\u14c2\u1593 \u1431\u14ef\u14aa\u152a\u1585 \u1403\u14c5\u14ef\u1550\u14a5\u14c2\u1466 \u140a\u1451\u144e\u14ef\u14aa\u152d\u14a5\u14c2\u1466 \u140a\u14bb\u14aa\u14d7 \u1403\u14c4\u1403\u1466 \u1405\u14c2\u1483\u1473\u158f\u14d0\u14c2\u1483 \u1403\u14c4\u14d0\u14c2\u14d7 \u1583\u1405\u1528\u14aa\u148d\u14aa\u1466\u14ef\u140a\u14c2\u1550\u14a5\u14c4\u1466. \u14c4\u1403\u144e\u1546\u14f2\u1585 \u14c2\u1431\u1557\u14d0\u14c2\u1483 \u1450\u14f4\u1550\u1455\u1405\u1581\u1528\u14a7\u1466 \u140a\u14bb\u14aa\u14d7 \u1433\u1403\u148d\u1455\u1405\u1581\u1528\u1595\u158f\u14a7\u1466.<br> \u1405\u14d6\u1555\u140a \u140a\u14ea\u14da\u14ef\u14aa\u152a\u14c2\u1483 \u14c4\u1403\u144e\u1546\u14ef\u148b\u140a\u1550\u1583\u14a5\u1490\u14db\u1483 \u1403\u14d5\u14f4\u1550\u14f1\u14c2 \u14c4\u14c7\u1555\u1483 \u14ef\u1557\u14c2\u1466\u14f4\u1558\u14a5. \u140a\u14ea\u14da\u1472\u1466\u1455\u1546\u140a\u14ef\u152a\u1555\u14c2\u1585 \u1405\u1583\u1405\u14ef\u1550\u14c2\u1483 \u1450\u14f4\u1550\u14c2\u1450\u14d5\u1405\u1550\u14c2\u14c2\u1483, \u140a\u14ea\u14da\u1438\u1466\u14f1\u14c2\u14d7 \u14c4\u14c7\u14c4\u140a\u1593\u152a\u14c2\u1483, \u1403\u1550\u1583\u1405\u14aa\u152d\u14a5\u14c2\u1483, \u140a\u14bb\u14aa\u14d7 \u1403\u14c5\u14c2\u1550\u14a5\u1483. \u140a\u14ea\u14da\u1438\u1466\u1455\u158f\u1466 \u1455\u146f\u1559\u14ea\u14da\u1455\u1405\u1466\u14f4\u1405\u144e\u148b\u152a\u1555\u14c3\u1466 2022-\u14a5, \u1405\u1583\u1405\u14ef\u1550\u14c2\u1483 \u1450\u14f4\u1550\u14c2\u1450\u14d5\u1405\u1548\u144e\u148b\u14ef\u14aa\u152d\u158f\u1466 \u140a\u144e\u1583\u1550\u144e\u14d7\u148b\u1466 \u14c4\u14c7 \u14f5\u14da\u1583\u1405\u144e\u1583\u1550\u14ef\u14aa\u152a\u1466 Great Hannenorak Competition-\u14a5 \u1431\u14d5\u1405\u144e\u14c2\u1550\u14a5\u1483 \u1455\u146f\u152d\u1466\u14f4\u1591\u1550\u144e\u1455\u1405\u14ef\u14aa\u1466\u14f1\u144e\u14ea\u14d7 \u1405\u146f\u140a\u148d\u144e\u14d7\u148b\u1466 <em>Autour du feu<\/em> \/ <em>Around the Fire<\/em>.<br> \u1456\u1559\u1595\u1593\u14c2\u1466, \u1405\u14d6\u1555\u140a \u1431\u14c7\u14f1\u140a\u14ef\u14d5\u1550\u14c2\u14a5\u152a\u1585 \u1455\u146f\u14d0\u14c7\u1405\u152e\u1550\u144e\u14ef\u1528\u1405\u14c2\u1550\u14a7\u1466 \u1455\u146f\u14d0\u14c7\u154b\u1466\u14f4\u14d5\u1405\u1550\u14c2\u14a7\u14ea\u14d7. \u1455\u146f\u14d0\u14c7\u1591\u140a\u1550\u1455\u1405\u1583\u144e\u14d5\u1555\u14c2\u1585 \u14c2\u140a\u1449\u14a5\u1483 (\u14c8\u14d0\u14ef \u14f5\u14ea\u1455\u14a5\u1483) \u140a\u144e\u1583\u1550\u144e\u14d7\u148d \u140b\u14db\u1431, \u146d\u1591\u14c2\u1593\u14c2\u14d7 \u1431\u14c7\u14f1\u140a\u1583\u144e\u1583\u1550\u14ef\u14aa\u1466\u14f1\u14c2 \u14c2\u140a\u1449\u14a5\u1483 \u1405\u1583\u1405\u14ef\u144e\u148e\u1550\u1450\u14c2\u1483. \u1405\u1583\u1405\u14ef\u158f\u1466 \u14f1\u14d5\u1466\u14ef\u140a\u1450\u1466 \u1450\u1543\u14d0\u14c7\u14ef\u140a\u1550\u14f1\u144e\u14d7, \u1403\u14d5\u1593\u1466\u14f1\u144e\u1483 \u1403\u14f1\u1403\u14ea\u14d5\u1593\u1405\u144e\u1405\u14ea\u14da\u1546\u1449\u1438\u1450\u14c4\u1466 \u1403\u14c4\u14d0\u14c4\u1466 \u1403\u14c5\u14ef\u1550\u14a5\u14c2 \u1405\u14ea\u14d7\u14a5 \u1403\u14c5\u14ef\u1546\u1559\u14d5\u1550\u1455\u158f\u14d0\u14c4\u1466.<br>  \u1405\u14d6\u1555\u140a \u1403\u14da\u1405\u14ef\u14aa\u14bb\u14a5\u152a\u1585 \u14c4\u14c7\u14d6\u1466 \u1405\u1555\u1483\u146b\u14d7 \u1431\u14c7\u14f1\u140a\u1550\u1455\u158f\u14d0\u14c4\u1466. \u1403\u14da\u1405\u14ef\u14aa\u152a\u1585 \u1583\u1550\u152a\u1403\u1466 \u1405\u1555\u1483\u146b\u1466 \u1472\u144e\u14aa\u1528\u158f\u14d0\u14c4\u1466, \u1403\u1472\u152a\u1550\u14f1\u14c2 \u14c4\u1403\u144e\u1546\u152a\u14c2\u1483 \u1403\u14c2\u1466\u14f4\u1593\u14c2\u1483 \u201c\u1403\u14c4\u1403\u1466 \u1405\u1555\u1483\u146b\u1466 \u1405\u1583\u1405\u14ef\u1550\u14a5\u14c2\u1483 \u1405\u1584\u1555\u148b\u148d\u14d0\u14c7\u1455\u1593\u14c2\u1483 \u1403\u14da\u1405\u14d7\u144e\u14ea\u14d7 \u1431\u14c2\u140a\u1550\u14c2\u14d5\u1546\u14c2\u1550\u14c4\u1466. \u1403\u14c4\u14d0\u14c2\u1483 \u1405\u1555\u1483\u1472\u14c2\u1483 \u1403\u14d5\u1483\u146f\u1466 \u1403\u14d5\u14d0\u14c2\u140a\u144e\u1455\u1405\u148b\u140a\u1583\u1550\u1450\u1546\u1466\u14ef\u158f\u1466\u1450\u1585 \u14ef\u1557\u14d5\u1550\u144e\u1405\u14c2\u1550\u14c2\u1483 &#8211; \u1431\u1455\u1583\u14d5\u1547\u154b\u14a5\u1483 \u146d\u1595\u1592\u14aa\u152d\u14a5\u14c2\u1483.\u201d<br>  2025-\u14a5, \u1405\u14d6\u1555\u140a \u1403\u1472\u152a\u1550\u1450\u1555\u14c2\u1585 \u1438\u1550\u14c0\u1455\u1405\u144e\u14ea\u14d7\u148d \u1431\u14f1\u14d0\u14c2\u1405\u14da\u1405\u152a\u1585 \u14c7\u14d7\u14c0\u1550\u14ef\u1405\u144e\u1405\u1466\u14f1\u14c2 \u14c7\u14ea\u14d5\u1405\u144e\u14ef\u14aa\u144e\u14d7\u148d \u1405\u14ea\u14d7\u1593 \u1433\u14d6\u14ef\u14c4\u1466 \u1581\u146d\u1550\u1455\u1405\u152a\u1555\u14c2\u1405\u144e\u14d7\u148b\u1483 \u14f4\u14ea\u14d7\u14c2 \u1583\u1546\u148c\u1483 \u152b\u14f1\u140a \u1473\u14c2\u1466 \u1438\u1403\u1472\u1466\u1450\u1470\u14d0\u14c2\u1483.  \u1456\u1466\u14f1\u14aa \u146d\u1591\u14c2\u1593\u14c2, \u1472\u14aa\u14ea\u14da\u1546\u148b\u140a\u14ef\u152a\u1555\u14c2\u1585 \u1455\u146f\u14d0\u14c7\u154b\u1466\u14f4\u14d5\u1405\u1550\u14c2\u14a5\u14c2\u1483 \u1405\u1583\u1405\u14ef\u1583\u1550\u144e\u14ef\u148b\u140a\u1548\u144e\u1405\u144e\u14d7\u148b\u1466 \u140a\u1550\u14f1\u1548\u14d0\u14c7\u1450\u1466 \u140a\u1451\u144e\u152d\u1405\u14ea\u14da\u1546\u1449\u1438\u1450\u1466, \u1455\u146f\u1466\u14f4\u1405\u144e\u1466\u14ef\u148b\u140a\u1548\u144e\u1583\u1550\u14f1\u14c2\u14d7 \u1403\u14f1\u1403\u14ea\u14d5\u1593\u1405\u144e\u1405\u1559\u1466\u1450\u14c2\u1483 \u1583\u14c4\u1403\u14d5\u1595\u1670\u14ef\u14aa\u1466\u14f1\u144e\u1483 \u14c4\u14c7\u1555\u14bb\u14a5.<br> \u1405\u14ea\u14d7\u14a5 \u1450\u146d\u14a7\u140a\u1466\u144e\u14ef\u1528\u1405\u14d5\u1550\u1450\u1585 \u140a\u14a5\u14f1\u1403\u14c2\u1483 \u1450\u14f4\u1405\u14aa\u144e\u1466\u14ef\u148d\u144e\u1466\u14f4\u14c2\u1483 \u1431\u14c7\u14f1\u140a\u1583\u144e\u1583\u1550\u14f1\u14c2 Nikan Productions-\u146f\u14c2\u1483. \u1403\u14da\u1593\u1466 \u1472\u14aa\u148b\u152d\u1583\u1548\u1455\u1405\u152a\u1585 \u1433\u14d6\u14f0\u1466 \u14f1\u1490\u14d7\u14d7\u140a\u1550\u14f1\u144e\u1483 \u140b\u14d0\u14c2\u144e\u1546\u1559\u14d0\u14c2\u158f\u14d0\u14c2\u1483 \u14c4\u14c7\u1555\u14bb\u14a5 \u140a\u14bb\u14aa\u14d7 \u1455\u146f\u1466\u14f4\u1591\u14db\u1550\u14f1\u144e\u1483 \u1456\u1483\u146f\u140a 2028-\u14a5. \u1450\u146d\u14a7\u140a\u1466\u144e\u14ef\u1466\u14f1\u14c2\u14d7 \u1403\u14c4\u148d\u1403\u14c2\u1585-\u14a5\u1483, \u14c7\u14bb\u14a5\u14c2\u1546\u152d\u1405\u152a\u14c4\u140a\u1593\u152a\u14c2\u1483 \u1450\u14f4\u1405\u14aa\u144e\u1466\u14ef\u148d\u144e\u1466\u14f4\u14c2\u1483 \u1403\u14d5\u1593\u1466\u14f1\u144e\u1483 \u1403\u14c4\u1403\u1466 \u1431\u1405\u14ef\u1450\u1583\u1550\u144e\u148d\u1466 \u14c4\u1455\u154c\u1550\u1456\u146b\u1528\u1583\u14f2\u148d\u14c2\u158f\u14d0\u14c2\u1483,, \u146d\u1591\u14c2\u1593\u148d\u1466 \u1405\u14d6\u1555\u140a\u1449 \u1438\u14c2\u1593\u14d7 \u146d\u1591\u14c2\u1550\u14a5\u14c2\u1455\u14c2\u1483 \u1403\u14d5\u14d0\u14c2\u140a\u1450\u1555\u14c2\u1405\u14c2\u158f\u1466\u1455 \u14c4\u14c7\u14d5\u14a5\u14c4\u140a\u1593\u152a\u14c2\u14d7. \u1455\u146f\u14d0\u14c7\u154b\u1466\u14ed\u1466 \u14c2\u1546\u1405\u148b\u152d\u1405\u152a\u1466 \u14c4\u1403\u148d\u14ab\u1550\u144e\u14d7\u148b\u1466 2027 \u1405\u146d\u140a\u1593\u14c2.<br>  \u1405\u14d6\u1555\u140a \u1450\u146d\u14a7\u140a\u1466\u144e\u14ef\u1559\u14bb\u14a5\u152a\u1585 \u1431\u1593\u14f1\u1403\u14c2\u1483 \u1403\u14da\u148c\u1466\u144e\u1450\u14c2\u1483 \u1450\u14f4\u1405\u14aa\u148d\u144e\u1466\u14f4\u14d5\u140a\u1546\u152d\u1405\u152a\u14c2\u1483 \u1403\u14d5\u1483\u1470\u144e\u1550\u144e\u14d7\u148b\u1466 \u140a\u1405\u14da\u1555\u1583\u1550\u1438\u14f1\u14c2 \u1403\u14c4\u1403\u1466 \u14c4\u14c7\u1593\u1466\u14d5\u14ab\u14a5, \u1450\u14f4\u1550\u1555\u1583\u1546\u140a\u1550\u1450\u14f1\u14c2 \u1405\u14c2\u1483\u1473\u14c2\u1483 \u14c4\u14c7\u14a7\u140a\u1593\u152a\u14c2\u1483, \u1403\u14d7\u14a1\u148d\u14ef\u14a7\u14ea\u14d7, \u140a\u14bb\u14aa\u14d7 \u1405\u14ea\u14d7\u1455\u14ab\u1466 \u1403\u14c5\u14ef\u158f\u14d0\u14c2\u1483 \u1455\u1550\u154b\u14a5 \u14c4\u14c7\u1583\u1550\u1584\u1450\u1555\u14c3\u1466. \u14ef\u1557\u14ea\u14d5\u1439\u14c2 \u14c4\u1403\u14db\u1550\u1450\u1466 2026 \u1405\u146d\u140a\u1593\u14c2 APTN-\u146f\u1466, Explora-\u146f\u1466, \u140a\u14ef\u158f\u144e\u148d\u14ea\u14d7 \u1455\u14da\u1556\u14f4\u1483\u146f\u1466 \u14c4\u1403\u1455\u144e\u1466\u14ef\u1555\u144e\u148d\u1466. \u1403\u14da\u1405\u14ef\u14aa\u14bb\u14a5\u152a\u1585 \u14f0\u1432\u14f0\u1483\u146f\u1466 \u1403\u14d5\u1483\u1470\u144e\u1550\u144e\u14d7\u148b\u1466 \u1455\u146f\u152d\u1466\u14f4\u14d5\u140a\u158f\u14d0\u14c4\u1466 \u14c7\u14ea\u14d5\u1405\u144e\u1466\u1455\u14d7\u144e\u1483 \u140a\u144e\u1583\u1550\u14f1\u144e\u1483 <em>Telling Our Story<\/em>.<br> \u1455\u146f\u14d0\u14c7\u154b\u1466\u14f4\u14d5\u1546\u1466\u14f1\u14c2\u14d7, \u1405\u14d6\u1555\u140a \u1403\u14c2\u1550\u14ef\u1438\u14bb\u14a5\u152a\u1585 \u14f4\u14c7\u1405\u1490\u1550\u14f1\u14c2 \u14aa\u1550\u154b\u1405\u152d\u1550\u14c2\u1483 \u1455\u146f\u14a5\u14c7\u1550\u1450\u14d5\u1405\u1550\u14f1\u14c2, \u1455\u146f\u1466\u14f4\u1405\u144e\u14ef\u14aa\u1466\u14f1\u148b\u14ea\u14d7 <em>Aqsarniit Trade Show<\/em> \u1455\u146f\u14a5\u14c7\u1550\u1450\u14d5\u1405\u1550\u14c2\u144e\u148d\u1466 \u1431\u14c7\u14f1\u140a\u1550\u1455\u1405\u14ef\u14aa\u152a\u14c2\u1483 \u157f\u14a5\u1550\u1548\u144e\u1466\u14ef\u14c2\u1550\u14a5 \u140a\u14bb\u14aa\u14d7 \u14c4\u14c7\u14d5\u14d0\u14c2 \u1472\u152a\u14ef\u1555\u1405\u152a\u14c2 \u14f4\u14c7\u1595\u1591\u140a\u14ef\u14aa\u152a\u14c2\u1483 \u14c2\u1405\u1550\u1548\u14ed\u14c2\u1550\u14a7\u1466. \u140a\u1450\u1550\u1455\u1405\u14f2\u14c2\u14d7 \u1455\u146f\u14a5\u14c7\u1548\u144e\u14d5\u1405\u1583\u1466\u1455\u14ef\u14aa\u1466\u14f1\u14c2 \u144c\u14a3\u14d5\u1405\u1546\u140a\u14ea\u14da\u1548\u14aa\u1466\u14f1\u14c2\u14d7 \u1431\u1555\u1466\u14f4\u1583\u1550\u14c2\u14f4\u1405\u14d5\u1548\u14c2. \u140a\u146f\u14d0\u14c2\u158f\u14d0\u14c2 \u1403\u14c2\u1550\u14ef\u1528\u1405\u14c2\u1550\u14a5\u14c4\u1466 \u1431\u14c7\u14f1\u140a\u1550\u1455\u14a5\u14c4\u1466, \u1450\u146d\u14ef\u14c2\u140a\u1550\u14c2\u14a5\u14c4\u1466, \u140a\u14bb\u14aa\u14d7 \u1403\u14da\u14a5\u14c2\u1483 \u1431\u1548\u1550\u14ed\u14c2\u1550\u14a5\u14c4\u1466, \u144c\u14aa\u1595\u1593\u1466 \u140a\u1550\u14d5\u140a\u1548\u144e\u14d5\u1483 &#8211; \u146d\u14ef\u140a\u14c2 \u14c4\u1403\u144e\u1546\u14c2\u1550\u14a5\u1483 \u1403\u14c5\u14ef\u1550\u14a5\u14c4\u1466 \u1403\u14da\u1405\u1483\u146b\u14ef\u14aa\u152a\u1585. <br> \u1405\u14d6\u1555\u140a \u201c\u1405\u1555\u1483\u146b\u1466 \u140a\u152a\u1546\u14ed\u1583\u1466\u14ed\u158f\u14ea\u14da\u1466 \u1431\u1490\u14f4\u140a\u14d5\u154b\u14a5\u1483 \u1455\u14c7\u1450\u1403\u14d0\u14c7\u14a5\u1483 \u1431\u14bb\u14aa\u1546\u1405\u148b\u1433\u14ea\u14d7 \u140a\u1405\u14ea\u14da\u1472\u1466\u1455\u14c3\u1466 \u1403\u14d5\u1466\u14ef\u1438\u14d0\u14c2\u140a\u14c3\u14ea\u14d7 \u1405\u14c2\u1483\u1473\u14d7 \u1431\u14bb\u14aa\u1546\u1405\u14bb\u14a5\u14f1\u144e\u1483.\u201d \u140a\u1550\u1581\u144e\u148b\u1466\u14f1\u148b\u1466 \u1431\u14c7\u14f1\u140a\u1550\u1438\u1455\u158f\u1466, \u1472\u152a\u14ef\u144e\u1466\u14ef\u152a\u1585 \u14c4\u1403\u144e\u1546\u1559\u14d0\u14c2\u14a5\u14c2\u1483 \u1403\u14c2\u14d5\u1405\u1550\u14c2\u14a5\u1483 \u1403\u14c4\u1403\u1466 \u14c2\u1431\u158f\u14d0\u14c2\u1483 \u1431\u1555\u1466\u14f4\u1583\u1550\u144e\u14ef\u148b\u140a\u1550\u14f1\u14c2 &#8211; \u14f2\u152b\u144e\u14d7\u148b\u1466, \u14f1\u14d5\u144e\u14d7\u148b\u1466, \u140a\u14bb\u14aa\u14d7 \u1403\u14d5\u1593\u14ea\u14da\u1546\u155d\u1555\u1583\u1550\u14d7\u144e\u1483 \u140a\u14ab\u1583\u1550\u14d7\u144e\u1483 \u146d\u14c7\u1405\u14c2\u1466\u144e\u14c4.<\/p>\n\n\n\n<p class=\"has-very-light-gray-background-color has-background\"> Olivia Ikey est une artiste inuk originaire de Kuujjuaq qui travaille dans de nombreux domaines : \u00e9criture, po\u00e9sie orale, th\u00e9\u00e2tre, cin\u00e9ma et arts visuels. Son \u0153uvre s\u2019inspire de son exp\u00e9rience personnelle et de son attachement profond aux r\u00e9cits et au peuple inuit. Elle cr\u00e9e pour que nos voix soient entendues et ne tombent pas dans l\u2019oubli.<br>  Olivia a commenc\u00e9 \u00e0 \u00e9crire plus tardivement, pendant ses \u00e9tudes au programme Nunavik Sivunitsavut. Elle s\u2019est d\u2019abord consacr\u00e9e \u00e0 la po\u00e9sie, \u00e9crivant sur les lieux, la m\u00e9moire et l\u2019identit\u00e9 inuit. Son \u00e9criture a rapidement \u00e9t\u00e9 remarqu\u00e9e, car ses po\u00e8mes <em>Nuna<\/em> ont remport\u00e9 le concours litt\u00e9raire Hannenorak en 2022 et figurent dans l\u2019ouvrage <em>Autour du feu\/Around the Fire<\/em>.<br>  Elle s\u2019est ensuite tourn\u00e9e vers les arts de la sc\u00e8ne et le cin\u00e9ma. Elle a jou\u00e9 aux c\u00f4t\u00e9s de <em>Niap<\/em> (Nancy Saunders) dans <em>Aalaapi<\/em>, puis a collabor\u00e9 avec elle sur des pi\u00e8ces de cr\u00e9ation orale. Ses paroles sont sinc\u00e8res et directes, et abordent des probl\u00e8mes r\u00e9els auxquels les Inuit sont confront\u00e9s.<br> Elle a \u00e9galement particip\u00e9 \u00e0 des projets communautaires et aupr\u00e8s des jeunes. Elle a notamment \u00e9t\u00e9 membre du Conseil jeunesse Qarjuit, o\u00f9 elle a contribu\u00e9 \u00e0 cr\u00e9er un espace permettant aux jeunes Inuit de s\u2019exprimer et de participer \u00e0 la vie politique. Elle croit que &#8220;les jeunes Inuit n\u2019ont pas besoin d\u2019une formation sp\u00e9ciale pour devenir des leaders, car ils poss\u00e8dent d\u00e9j\u00e0 toutes les qualit\u00e9s requises.&#8221;<br>  En 2025, elle a particip\u00e9 \u00e0 l\u2019organisation d\u2019une marche pour marquer l\u2019anniversaire de la fusillade polici\u00e8re \u00e0 Salluit ayant impliqu\u00e9 les jumeaux Joshua et Garnet Papigatuk. Elle s\u2019est ensuite tourn\u00e9e vers le cin\u00e9ma pour aborder des sujets difficiles concernant la situation au Nunavik.<br>  Elle r\u00e9alise actuellement plusieurs documentaires pour Nikan Productions. L\u2019un d\u2019entre eux porte sur la brutalit\u00e9 polici\u00e8re au Nunavik et devrait sortir en 2028. Elle r\u00e9alise \u00e9galement <em>Inuguiniq<\/em>, un documentaire personnel sur les traditions inuit en mati\u00e8re d\u2019accouchement, dans lequel Olivia et sa fille apprennent au sujet du pass\u00e9 et de leur communaut\u00e9. Le film devrait sortir \u00e0 l\u2019automne 2027.<br>  Olivia a \u00e9galement r\u00e9alis\u00e9 une s\u00e9rie documentaire en six \u00e9pisodes o\u00f9 elle parcourt l\u2019Inuit Nunangat pour partager des r\u00e9cits au sujet des territoires, de la culture et de la vie quotidienne des peuples autochtones du Nord. La premi\u00e8re saison sera diffus\u00e9e \u00e0 l\u2019automne 2026 sur APTN, Explora et d\u2019autres cha\u00eenes. Elle a \u00e9galement particip\u00e9 \u00e0 la s\u00e9rie documentaire de la CBC, <em>Telling Our Story<\/em>.<br>  Parall\u00e8lement, elle cr\u00e9e des \u0153uvres d\u2019art en p\u00e2te polym\u00e8re qu\u2019elle a expos\u00e9es lors de la Foire commerciale <em>Aqsarniit<\/em> et dans des ventes d\u2019artisanat local. Elle a \u00e9galement fabriqu\u00e9 des bijoux et esp\u00e8re se remettre \u00e0 cette activit\u00e9 d\u00e8s que son emploi du temps le lui permettra. Entre son travail cr\u00e9atif, ses activit\u00e9s de consultante et l\u2019\u00e9ducation de ses enfants, elle est tr\u00e8s occup\u00e9e, mais la cr\u00e9ation demeure une part importante de sa vie.<br>  Olivia croit que &#8220;les jeunes Inuit peuvent tout accomplir: voyager, apprendre et raconter nos histoires c&#8217;est important.&#8221; Elle continue par son travail de cr\u00e9er un espace o\u00f9 les Inuit peuvent s&#8217;exprimer avec force et honn\u00eatet\u00e9, en restant fid\u00e8les \u00e0 eux-m\u00eames.<\/p>\n\n\n\n<p class=\"has-very-light-gray-background-color has-background\"> Olivia Ikey is an Inuk artist from Kuujjuaq who works in many ways\u2014writing, spoken word, acting, film, and visual art. Her work comes from lived experience and from caring deeply about Inuit stories and Inuit people. She creates to make sure our voices are heard and not forgotten.Olivia started writing later in life while studying at Nunavik Sivunitsavut. She began with poetry, writing about place, memory, and being Inuk. Her writing was quickly noticed. In 2022, her <em>Nuna<\/em> poems won the Great Hannenorak Competition and were published in<em> Autour du feu<\/em> \/ <em>Around the Fire<\/em>.<br> From there, Olivia moved into performance and film. She acted alongside <em>Niap<\/em> (Nancy Saunders) in <em>Aalaapi<\/em> and later worked with <em>Niap<\/em> on spoken word pieces. Her words are honest and direct, touching on real issues Inuit live with today.Olivia has also been involved in community and youth work. She was a member of the Qarjuit Youth Council, helping create space for Inuit youth to speak up and be part of politics. She believes &#8220;Inuit youth don\u2019t need special training to lead\u2014they already have what they need.&#8221;<br> In 2025, Olivia helped organize a march marking the anniversary of the police shooting in Salluit involving twins Joshua and Garnet Papigatuk. After this, she turned more strongly to film as a way to talk about hard truths and bring attention to issues affecting Nunavik.She is currently directing several documentaries with Nikan Productions. One focuses on police brutality in Nunavik and is planned for release in 2028. She is also directing Inuguiniq, a personal documentary about Inuit birthing traditions, following Olivia and her daughter as they learn from the past and their community, The film is expected in fall 2027.<br> Olivia has also been directing a six-part documentary series travelling across Inuit Nunangat, sharing stories about the land, culture, and everyday life of northern Indigenous peoples. The first season will air in fall 2026 on APTN, Explora, and other networks. She also took part in the CBC docu-series <em>Telling Our Story<\/em>. Alongside film, Olivia creates handmade clay art, which she has shown at the <em>Aqsarniit<\/em> Trade Show and local craft sales. She has also made jewelry and hopes to return to it when time allows. Between her creative work, consulting, and raising a family, she stays busy\u2014but creating is always part of her life.<br> Olivia believes &#8220;Inuit youth can do anything and that travel, learning, and storytelling are important.&#8221; Through her work, she continues to build space for Inuit voices\u2014strong, honest, and rooted in who we are.<\/p>\n\n\n<p>\u140a\u14ea\u14da\u1450\u1585 | Texte de | Text by: Leo-Paul Ohaituk<br><!-- \/wp:paragraph --><\/p>\n<p><!-- wp:paragraph --><\/p>\n<div class=\"rl-gallery-container splide rl-loading\" id=\"rl-gallery-container-1\" data-gallery_id=\"114271\"> <div class=\"rl-gallery rl-basicslider-gallery splide__track \" id=\"rl-gallery-1\" data-gallery_no=\"1\"> <ul class=\"splide__list\"> <li class=\"rl-gallery-item splide__slide\" data-thumb=\"https:\/\/tarqitamaat.ca\/wp-content\/uploads\/2026\/01\/Unknown-2-1024x677.jpg\"> <a href=\"https:\/\/tarqitamaat.ca\/wp-content\/uploads\/2026\/01\/Unknown-2.jpg\" title=\"\" data-rl_title=\"\" class=\"rl-gallery-link\" data-rl_caption=\"\" data-rel=\"lightbox-gallery-1\"><img src=\"https:\/\/tarqitamaat.ca\/wp-content\/uploads\/2026\/01\/Unknown-2-1024x677.jpg\" width=\"700\" height=\"463\" alt=\"\" \/><\/a> <\/li> <li class=\"rl-gallery-item splide__slide\" data-thumb=\"https:\/\/tarqitamaat.ca\/wp-content\/uploads\/2026\/01\/Unknown-5-768x1024.jpg\"> <a href=\"https:\/\/tarqitamaat.ca\/wp-content\/uploads\/2026\/01\/Unknown-5.jpg\" title=\"\" data-rl_title=\"\" class=\"rl-gallery-link\" data-rl_caption=\"\" data-rel=\"lightbox-gallery-1\"><img src=\"https:\/\/tarqitamaat.ca\/wp-content\/uploads\/2026\/01\/Unknown-5-768x1024.jpg\" width=\"700\" height=\"933\" alt=\"\" \/><\/a> <\/li> <li class=\"rl-gallery-item splide__slide\" data-thumb=\"https:\/\/tarqitamaat.ca\/wp-content\/uploads\/2026\/01\/Unknown-3-768x1024.jpg\"> <a href=\"https:\/\/tarqitamaat.ca\/wp-content\/uploads\/2026\/01\/Unknown-3.jpg\" title=\"\" data-rl_title=\"\" class=\"rl-gallery-link\" data-rl_caption=\"\" data-rel=\"lightbox-gallery-1\"><img src=\"https:\/\/tarqitamaat.ca\/wp-content\/uploads\/2026\/01\/Unknown-3-768x1024.jpg\" width=\"700\" height=\"933\" alt=\"\" \/><\/a> <\/li> <li class=\"rl-gallery-item splide__slide\" data-thumb=\"https:\/\/tarqitamaat.ca\/wp-content\/uploads\/2026\/01\/Unknown-4-768x1024.jpg\"> <a href=\"https:\/\/tarqitamaat.ca\/wp-content\/uploads\/2026\/01\/Unknown-4.jpg\" title=\"\" data-rl_title=\"\" class=\"rl-gallery-link\" data-rl_caption=\"\" data-rel=\"lightbox-gallery-1\"><img src=\"https:\/\/tarqitamaat.ca\/wp-content\/uploads\/2026\/01\/Unknown-4-768x1024.jpg\" width=\"700\" height=\"933\" alt=\"\" \/><\/a> <\/li> <\/ul> <\/div> <\/div>\n<p><\/p>\n<p><!-- \/wp:paragraph --><\/p>\n<p><!-- wp:paragraph --><\/p>\n<p>\u140a\u1466\u1528\u14d5\u140a\u1555\u14c2\u1550\u14a5\u14c2\u1483 \u140a\u1450\u1550\u1455\u1405\u144e\u1466\u14ef\u14ef\u14aa\u152a\u1466 \/ Cr\u00e9dits photos \/ Photos credits: Genevi\u00e8ve Albert <\/p>\n<p><!-- \/wp:paragraph --><\/p>","protected":false},"excerpt":{"rendered":"<p>\u140a\u1557\u14d0\u14c2\u144e\u1483 | F\u00e9vrier | February !TRIGGER WARNING!: mentions of police brutality \u1405\u14d5\u1555\u140a \u1401\u146d \u1403\u14c4\u1483 \u1455\u146f\u14a5\u14c7\u1550\u1450\u14d5\u1405\u1550\u144e \u1470\u1466\u152a\u140a\u14a5\u1405\u148d\u1466\u14f1\u14a5 \u140a\u14a5\u14f1\u1403\u14c2\u1483 \u1431\u14c7\u14f1\u140a\u14f2\u148d\u1466\u14f1\u14c2 &#8211; \u140a\u14ea\u14da\u14f1\u14c2, \u1405\u1583\u1405\u14ef\u144e\u148d\u1466, \u1455\u146f\u14d0\u14c7\u1405\u152e\u1550\u144e\u14ef\u14c2\u144e\u148d\u1466, \u1455\u146f\u14d0\u14c7\u154b\u1466\u14f4\u14d5\u1405\u1550\u14c2\u144e\u148d\u1466, \u1455\u146f\u14a5\u14c7\u1550\u1450\u14d5\u1405\u14f2\u148d\u1466\u14f1\u14c2\u14d7. \u1431\u14c7\u14f1\u140a\u14f2\u148d\u14c2\u1593 \u1431\u14ef\u14aa\u152a\u1585 \u1403\u14c5\u14ef\u1550\u14a5\u14c2\u1466 \u140a\u1451\u144e\u14ef\u14aa\u152d\u14a5\u14c2\u1466 \u140a\u14bb\u14aa\u14d7 \u1403\u14c4\u1403\u1466 \u1405\u14c2\u1483\u1473\u158f\u14d0\u14c2\u1483 \u1403\u14c4\u14d0\u14c2\u14d7 \u1583\u1405\u1528\u14aa\u148d\u14aa\u1466\u14ef\u140a\u14c2\u1550\u14a5\u14c4\u1466. \u14c4\u1403\u144e\u1546\u14f2\u1585 \u14c2\u1431\u1557\u14d0\u14c2\u1483 \u1450\u14f4\u1550\u1455\u1405\u1581\u1528\u14a7\u1466 \u140a\u14bb\u14aa\u14d7 \u1433\u1403\u148d\u1455\u1405\u1581\u1528\u1595\u158f\u14a7\u1466. \u1405\u14d6\u1555\u140a \u140a\u14ea\u14da\u14ef\u14aa\u152a\u14c2\u1483 \u14c4\u1403\u144e\u1546\u14ef\u148b\u140a\u1550\u1583\u14a5\u1490\u14db\u1483 \u1403\u14d5\u14f4\u1550\u14f1\u14c2 \u14c4\u14c7\u1555\u1483 \u14ef\u1557\u14c2\u1466\u14f4\u1558\u14a5. \u140a\u14ea\u14da\u1472\u1466\u1455\u1546\u140a\u14ef\u152a\u1555\u14c2\u1585 \u1405\u1583\u1405\u14ef\u1550\u14c2\u1483 \u1450\u14f4\u1550\u14c2\u1450\u14d5\u1405\u1550\u14c2\u14c2\u1483, \u140a\u14ea\u14da\u1438\u1466\u14f1\u14c2\u14d7 \u14c4\u14c7\u14c4\u140a\u1593\u152a\u14c2\u1483, \u1403\u1550\u1583\u1405\u14aa\u152d\u14a5\u14c2\u1483, \u140a\u14bb\u14aa\u14d7 \u1403\u14c5\u14c2\u1550\u14a5\u1483. \u140a\u14ea\u14da\u1438\u1466\u1455\u158f\u1466 \u1455\u146f\u1559\u14ea\u14da\u1455\u1405\u1466\u14f4\u1405\u144e\u148b\u152a\u1555\u14c3\u1466 2022-\u14a5, &hellip; <a href=\"https:\/\/tarqitamaat.ca\/?page_id=114261\" class=\"more-link\">Continue reading <span class=\"screen-reader-text\">\u1405\u14d5\u1555\u140a \u1401\u146d | Olivia Ikey<\/span> <span class=\"meta-nav\">&rarr;<\/span><\/a><\/p>\n","protected":false},"author":2,"featured_media":114492,"parent":0,"menu_order":0,"comment_status":"closed","ping_status":"closed","template":"","meta":[],"_links":{"self":[{"href":"https:\/\/tarqitamaat.ca\/index.php?rest_route=\/wp\/v2\/pages\/114261"}],"collection":[{"href":"https:\/\/tarqitamaat.ca\/index.php?rest_route=\/wp\/v2\/pages"}],"about":[{"href":"https:\/\/tarqitamaat.ca\/index.php?rest_route=\/wp\/v2\/types\/page"}],"author":[{"embeddable":true,"href":"https:\/\/tarqitamaat.ca\/index.php?rest_route=\/wp\/v2\/users\/2"}],"replies":[{"embeddable":true,"href":"https:\/\/tarqitamaat.ca\/index.php?rest_route=%2Fwp%2Fv2%2Fcomments&post=114261"}],"version-history":[{"count":2,"href":"https:\/\/tarqitamaat.ca\/index.php?rest_route=\/wp\/v2\/pages\/114261\/revisions"}],"predecessor-version":[{"id":114825,"href":"https:\/\/tarqitamaat.ca\/index.php?rest_route=\/wp\/v2\/pages\/114261\/revisions\/114825"}],"wp:featuredmedia":[{"embeddable":true,"href":"https:\/\/tarqitamaat.ca\/index.php?rest_route=\/wp\/v2\/media\/114492"}],"wp:attachment":[{"href":"https:\/\/tarqitamaat.ca\/index.php?rest_route=%2Fwp%2Fv2%2Fmedia&parent=114261"}],"curies":[{"name":"wp","href":"https:\/\/api.w.org\/{rel}","templated":true}]}}