{"id":1130,"date":"2019-11-01T17:22:52","date_gmt":"2019-11-01T17:22:52","guid":{"rendered":"https:\/\/tarqitamaat.ca\/?page_id=1130"},"modified":"2023-01-12T18:00:06","modified_gmt":"2023-01-12T18:00:06","slug":"%e1%93%87%e1%91%a6%e1%94%aa%e1%90%83%e1%94%ad%e1%95%90%e1%95%95%e1%92%83-novembre-november","status":"publish","type":"page","link":"https:\/\/tarqitamaat.ca\/?page_id=1130","title":{"rendered":"\u14c7\u1466\u152a\u1403\u152d\u1550\u1555\u1483| Novembre | November"},"content":{"rendered":"\n<h2 class=\"wp-block-heading\">\u1404\u1450\u140a \u14ef\u14c5\u1439\u14ea&nbsp;| Etua Snowball<\/h2>\n\n\n\n<p class=\"has-very-light-gray-background-color has-background\">\u1404\u1450\u140a \u14ef\u14c5\u1439\u14ea \u1470\u1466\u152a\u140a\u14a5\u1405\u1585 \u140a\u14a5\u14f1\u1403\u14c2\u1483 \u1450\u14f4\u1550\u14c2\u152e\u1550\u144e\u14ef\u1405\u144e\u1581\u144e\u14d5\u1483 \u140a\u14bb\u14aa\u14d7 \u14f4\u14c7\u1595\u1591\u140a\u144e\u1405\u1466\u14f1\u14c2. \u1403\u14d5\u14ed\u1528\u1405\u1466\u14f1\u14c2\u14d7 \u140a\u14bb\u14aa\u14d7 \u1472\u144e\u1555\u1483 \u1403\u14d5\u14f4\u1550\u14c2\u14d5\u1546\u14c2\u1550\u14a5 \u1431\u14c7\u14f1\u140a\u1550\u14f1\u14c2, \u14c4\u14c7\u1555\u14bb\u14a5 \u1403\u14d5\u14f4\u1550\u14c2\u14d5\u1546\u14c2\u1550\u14a5\u1483. \u1431\u1595\u1591\u140a\u1583\u14bb\u14a5\u1405\u14a5\u152a\u1585 \u140a\u1405\u14da\u152b\u14d5\u140a\u1546\u152d\u1405\u152a\u14c2 &#8220;Restless River&#8221; \u1403\u14c2\u1550\u14ef\u14aa\u152d\u158f\u14d0\u14c2\u1483 \u14ab\u1546-\u1403\u14d5\u140a\u14d0 \u146f\u14ef\u14c5\u1449 \u140a\u14bb\u14aa\u14d7 \u14ab\u1455\u14d6\u14d0 \u1403\u1559\u14d8\u1449, \u14aa\u14d5\u1466\u14f1\u148b\u1466 \u140a\u1450\u140a\u1490\u14d5\u140a\u1555\u14c2\u158f\u1466 \u1472\u1433\u1546\u140a\u14ea \u1548\u140a \u140a\u1405\u14da\u152a\u1550\u1555\u14c3\u14d5\u1550\u14f1\u144e\u14d7 \u1456\u1483\u146f\u140a.<br>\n\n\u1404\u1450\u140a \u1472\u1483\u1472\u14db\u148d\u14c2\u1550\u14a5\u14c2\u14c2\u1466 \u1450\u14f4\u1550\u14c2\u152e\u1550\u144e\u14ef\u1405\u144e\u14c2\u1483 \u140a\u14d5\u140a\u148b\u152d\u1583\u1550\u14ef\u14aa\u152a\u1585. \u14c2\u1449\u1431\u14f4\u1550\u14f1\u14c2, \u1403\u14bb\u14a5\u14c2\u1483 \u146f\u146d\u1455\u1438\u148b\u1405\u1550\u14ef\u14aa\u152a\u1585. \u1403\u14c4\u14d0\u14c4\u1466 \u1450\u14f4\u1550\u14c2\u148b\u152d\u1405\u1490\u14a5 \u140a\u14d5\u140a\u14d0\u14c2\u154b\u14da\u1405\u152b\u1585 \u140a\u14bb\u14aa\u14d7 \u1450\u14f4\u1550\u14c2\u152e\u1550\u144e\u14ef\u1405\u144e\u14a5\u14c2\u1483 \u140a\u1466\u1528\u148c\u1595\u158f\u1450\u14c2\u1483 \u1472\u144e\u1550\u14f1\u14ef\u14aa\u152a\u14d5\u1405\u1550\u14ef\u14aa\u1466\u14f1\u14c2. \u1581\u14ea\u14d5\u14f4\u152d\u14a5\u14ea\u14d7 \u14f4\u14c7\u1405\u1490\u148b\u1405\u14da\u157f\u14ef\u14aa\u1466\u14f1\u14c2 \u1403\u14da\u1405\u1583\u1466\u1455\u14f1\u14c2 \u14c4\u14c7\u14d5\u14a5\u14c2 \u1403\u14c4\u1450\u1583\u1550\u14c2\u1483 \u14f4\u14c7\u1405\u1490\u1550\u1450\u14c2\u1483.<br>\n\n\u1404\u1450\u140a \u14c2\u1431\u14d5\u1405\u1550\u1584\u1450\u1555\u14c2\u1585 \u14ef\u1557\u14ea\u14d5\u1439\u14c2\u1483 \u1450\u14f4\u1550\u14c2\u152e\u1550\u144e\u14ef\u1405\u144e\u14a5\u14c2\u1483, &#8220;\u14c4\u14c7\u1490&#8221;, 1995-\u14a5. \u1401\u1466\u1450\u1455\u1405\u14ef\u14aa\u1466\u14f1\u14c2\u14d7 \u14c4\u14c7\u1583\u1550\u1584\u1450\u1555\u14c3\u1466 \u1403\u14c4\u1403\u1466 \u1450\u14f4\u1550\u14c2\u152e\u1550\u144e\u14ef\u1529\u1466 \u14f5\u14da\u1583\u1405\u144e\u158f\u14d0\u14c2\u1483 \u1450\u14f4\u1550\u14c2\u1546\u152d\u1405\u14c2\u1550\u1439\u14c5\u1550\u1455\u1405\u14f2\u14c2\u1483 Best Rock Album 2012-\u14a5 \u1472\u144e\u1550\u14f1\u14ef\u14aa\u152d\u14a5\u14c4\u1466 \u1450\u14f4\u1550\u14c2\u152e\u1550\u144e\u14ef\u1405\u144e\u14a5\u14c4\u1466 &#8220;Culture Shock&#8221;. \u1456\u1483\u146f\u140a \u1450\u14f4\u1550\u14c2\u152e\u1550\u144e\u14ef\u1405\u144e\u158f\u1466 \u14c4\u1403\u1455\u1405\u14ef\u14aa\u152a\u1466 \u1450\u14f4\u1550\u14c2\u152e\u1550\u144e\u14ef\u1528\u1405\u14c2\u1550\u14a5\u14c4\u1466 \u140a\u144e\u1593\u1455 \u140a\u1456\u14c3\u1466\u144e\u14d7\u148b\u1466, \u14ef\u14c5\u1439\u14ea, \u144c\u14ab\u1483 \u140a\u144e\u1593\u1455 \u140a\u14ea\u14da\u1455\u1405\u14ef\u14aa\u14c2\u158f\u1466 \u1431\u14ef\u14aa\u152a\u1466 \u1583\u14d5\u1405\u152e\u1550\u142f\u144e\u1451\u1550\u1450\u14c2\u1466 \u1403\u14c4\u1466\u144e\u1451\u1550\u14f1\u144e\u1483 \u140a\u152a\u157f\u1550\u1450\u1403\u1528\u14c4\u1466 \u140a\u144e\u1450\u1583\u14d5\u1405\u1550\u1455\u1405\u14ef\u14aa\u1405\u144e\u148b\u1466\u14f1\u148d, Snowball. \u140a\u14ea\u14db\u1466, \u140a\u144e\u1450\u1583\u1585 \u140a\u1433\u144e\u140a\u1550\u152a\u1483 (\u14ef\u14c5\u1439\u14ea) \u1583\u14ea\u14d7\u14c8\u1550\u144e\u1451\u14d5\u140a\u1546\u152d\u1405\u14ef\u14aa\u152a\u1585 Snowball-\u1595\u1591\u144e\u1455\u1405\u1466\u14f1\u14c2 \u140a\u1405\u14da\u1466\u14ef\u1528\u1405\u14ef\u14aa\u152a\u14c4\u1466. \u1404\u1450\u140a \u14c2\u1431\u14d5\u1405\u1550\u14ef\u14aa\u152a\u1585 \u1431\u1593\u14f1\u1403\u14c2\u1483 \u1403\u14d7\u14d5\u14d5\u14d0\u14c2\u1483 \u140a\u1466\u1528\u148c\u1595\u158f\u1450\u14c2\u1483 \u1450\u14f4\u1550\u14c2\u152e\u1550\u144e\u14ef\u1405\u144e\u14c2\u1483 \u140a\u14bb\u14aa\u14d7 \u14c4\u1456\u14c2\u1483 \u1405\u14ea\u14d7\u14a5 \u1431\u14c7\u14f1\u140a\u1548\u144e\u1583\u1550\u1438\u14d5\u1550\u14f1\u14c2 \u1450\u14f4\u1550\u14f4\u1405\u1472\u1431\u14db\u1548\u14c7\u1405\u14d5\u1550\u1450\u14c2\u1483. \u1403\u14c4\u1466\u144e\u1450\u1559\u14ea\u14d7\u1585 \u140a\u14ea\u14da\u14f2\u1585. \u1405\u1583\u1405\u14ef\u1550\u14a5\u1483 \u1431\u1559\u14ea\u14d5\u140a\u1581\u1528\u152a\u1585 \u140a\u14ef\u1405\u158f\u14d0\u14c7\u1581\u14c7\u148d \u140a\u14bb\u14aa\u14d7 \u14ef\u1557\u14ea\u14d5\u1555\u14c2\u1550\u14a5\u1455 \u1405\u1583\u1405\u14ef\u158f\u14d0\u14c2\u1483 \u1431\u14bb\u14aa\u1546\u1405\u14c2\u1543\u14ef\u14aa\u1466\u14f1\u14c2.<br>\n\n\u1404\u1450\u140a \u140a\u14a5\u14f1\u1403\u14c2\u1483 \u1455\u146f\u14a5\u14c7\u1550\u1451\u144e\u1466\u14ef\u148d\u144e\u14c2\u1483 \u1431\u148b\u1405\u1550\u14ef\u14aa\u148d\u14aa\u152a\u1585. \u1431\u1405\u14ef\u1583\u1550\u14f1\u14c2 \u14c4\u1456\u14c2\u1483 \u1406\u1466\u1450\u154b\u1548\u14aa\u14c2\u1583\u14f2\u1585. \u140a\u1405\u14da\u152b\u14d5\u140a\u1546\u152d\u1405\u144e\u14ea\u14d7\u148b\u1466 \u201cRestless River\u201d \u14ef\u1557\u14ea\u14d5\u1439\u14a5 \u14f1\u14d5\u152a\u1595\u1591\u140a\u14d5\u1405\u1550\u14ef\u14aa\u152a\u1585 \u140a\u1405\u14da\u152b\u14c2 \u1431\u14bb\u14aa\u1546\u1466\u1455\u1546\u152d\u1405\u1466\u14f1\u14c2.\n&#8220;\u14ef\u1557\u14ea\u14d5\u1439\u14a5, \u1403\u14ea\u14d7\u140a\u1431\u14d0\u14c3\u1559\u1593 \u140a\u1466\u1455\u1450\u1483\u146b\u1450\u1403\u14d0\u14c7\u14c2\u140a\u1550\u14ef\u14aa\u1466\u14f1\u1593 \u140a\u14bb\u14aa\u14d7 \u146d\u1591\u14c2\u1593\u14c2, \u140a\u1405\u14da\u152b\u14d5\u140a\u1546\u152d\u1550\u14c2 \u14f1\u14d5\u152a\u1595\u1591\u140a\u148d\u1583\u1455\u1405\u14ea\u14da\u1546\u14ef\u158f\u14d0\u14c7\u14ef\u14aa\u1466\u14f1\u1593.&#8221; \u14da\u14da\u1405\u152b\u1585. Croatia-\u14d5\u140a\u1550\u14ef\u14aa\u152a\u1585 \u1455\u146f\u14d0\u14c7\u1455\u1405\u148b\u1405\u14ef\u144e\u14ea\u14d7\u148b\u1466 \u140a\u1405\u14da\u152b\u1466 \u1456\u1559\u14c2 \u140a\u14bb\u14aa\u14d7 \u144c\u1466\u14f1\u14aa\u14c2 \u1403\u14bb\u14a5\u14c2\u1483 \u1455\u146f\u148b\u1405\u1550\u14ef\u14aa\u1466\u14f1\u14c2 \u1455\u146f\u14d0\u14c7\u154b\u1466\u14f4\u14aa\u1546\u14d0\u14c3\u14d5\u1550\u14f1\u14c2. &#8220;\u1456\u1559\u14c2\u1455\u1490, \u146d\u14c7\u14d5\u14ab\u1483\u146f\u1466 \u1455\u146f\u1466\u14f4\u1405\u144e\u1466\u14ef\u14ef\u14aa\u152a\u1466 \u1583\u1405\u1528\u148d\u14aa\u14ea\u14da\u1546\u14d0\u14c2\u14a5\u14c2\u1483 \u146d\u14c7\u1483\u1470\u14aa\u1594\u1466\u1455, \u14c7\u146d\u14c2\u1455\u1405\u14bb\u14aa\u1594\u1466\u1455 \u140a\u14bb\u14aa\u14d7 \u1403\u14d7\u14a1\u148d\u14ef\u1466\u144e\u14c2\u1483.&#8221; \u14ef\u1557\u14d5\u1550\u1455\u1405\u14f1\u14c2 \u14c7\u14bb\u14a5\u14c2\u1585 \u140a\u1451\u144e\u14ef\u14aa\u152d\u14a5\u14c4\u1466, \u1404\u1450\u140a \u146b\u14ea\u14d7\u1450\u1403\u1559\u14d5\u1550\u1450\u1585 \u1403\u14c4\u14d0\u14c2\u1483 \u1405\u1555\u1483\u1472\u14c2\u1483 \u1431\u1555\u1466\u14f4\u1583\u1550\u144e\u148b\u140a\u1550\u1438\u1581\u1466\u14f1\u148b\u1466 \u14c4\u1456\u14c2\u1483 \u140a\u1451\u144e\u148b\u1405\u154b\u14f1\u140a\u1550\u1438\u14d7\u144e\u1483 \u14aa\u14c2\u152d\u1405\u144e\u14d7\u148b\u14ea\u14d7.\n<\/p>\n\n\n\n<p class=\"has-very-light-gray-background-color has-background\">Etua Snowball, originaire de Kuujjuaq, est un artiste multidisciplinaire qui est notamment auteur\/compositeur et sculpteur. Il est aussi Directeur des services \u00e9ducationnelles pour la commission scolaire Kativik Ilisarniliriniq. Il a r\u00e9cemment jou\u00e9 dans le film <em>Rivi\u00e8re sans repos<\/em> de Marie-H\u00e9l\u00e8ne Cousineau et Madeline Ivalu, inspir\u00e9 du livre de Gabrielle Roy, et qui est maintenant diffus\u00e9 en salles. <br> Etua a de l\u2019int\u00e9r\u00eat pour la musique d\u00e8s l\u2019enfance. Lorsqu\u2019il est adolescent, il commence \u00e0 jouer de la guitare en autodidacte. Il se dit chanceux que les gens ont appr\u00e9ci\u00e9 sa musique et l\u2019ont encourag\u00e9 \u00e0 enregistrer ses premiers albums. Il a \u00e9galement commenc\u00e9 \u00e0 faire de la sculpture sur st\u00e9atite en joignant un groupe d\u2019ain\u00e9s de sa communaut\u00e9. <br> Il a enregistr\u00e9 son premier album, <em>Nunaga<\/em>, en 1995, et son 2e album <em>Artic Darkness<\/em>, en 1998. Il a \u00e9t\u00e9 laur\u00e9at du prix Meilleur album rock en 2012 lors du Aboriginal Peoples Choice Music Award pour son album <em>Culture Shock<\/em>. Cet album a \u00e9t\u00e9 cr\u00e9\u00e9 sous son nom d\u2019artiste, Sinuupa, une transposition en caract\u00e8res romains de la forme syllabique de son nom de famille anglicis\u00e9, Snowball. En effet, le nom de famille Aputiarjurq (balle de neige) a \u00e9t\u00e9 traduit par Snowball en anglais autrefois par des fonctionnaires. Etua a enregistr\u00e9 trois albums et il travaille sur un album qui devrait sortir prochainement. Il \u00e9crit principalement en inuktitut. Il souhaite que la langue inuite continue d\u2019\u00e9voluer pour ne pas courir \u00e0 sa perte, mais tout en gardant la richesse des mots de ses anc\u00eatres. <br> Etua s\u2019int\u00e9resse \u00e0 plusieurs disciplines artistiques. Il est le type de personne \u00e0 vouloir essayer de nouvelles exp\u00e9riences. Le tournage du film <em>Rivi\u00e8re sans repos<\/em> fut la premi\u00e8re fois o\u00f9 il a jou\u00e9 un r\u00f4le de grande envergure au cin\u00e9ma. \u00ab Au d\u00e9but, j\u2019\u00e9tais sens\u00e9 seulement louer ma cabine et finalement, je suis devenu un des acteurs principaux du film. \u00bb dit-il. Il est all\u00e9 en Croatie pour la premi\u00e8re du film et c\u2019est aussi \u00e0 ce moment qu\u2019il s\u2019est vu au grand \u00e9cran. \u00ab L\u00e0-bas, les personnes ont d\u00e9montr\u00e9 beaucoup d\u2019int\u00e9r\u00eat pour qui nous sommes, d\u2019o\u00f9 nous venons et pour notre culture. \u00bb Motiv\u00e9 par son propre cheminement, Etua encourage les jeunes Inuits \u00e0 saisir la chance de vivre de nouvelles exp\u00e9riences lorsqu\u2019elles se pr\u00e9sentent \u00e0 eux. <br> <\/p>\n\n\n\n<p class=\"has-very-light-gray-background-color has-background\">Etua Snowball from Kuujjuaq is a multidisciplinary artist, including a singer\/songwriter and carver. He is also a Director of Education Services for Kativik Ilisarniliriniq, the Nunavik school board. He has recently played in the film \u201cRestless River\u201d by Marie-H\u00e9l\u00e8ne Cousineau and Madeline Ivalu, inspired by the book by Gabrielle Roy which is now in theaters.<br> Etua has had an interest in music since childhood. When he was a teenager, he started playing guitar as a self-taught. He says he is lucky that people liked his music and encouraged him to record albums. He also began soapstone carving by joining a group of elders from his community.<br> He recorded his first album, \u201cNunaga\u201d, in 1995, and 2<sup>nd<\/sup>album, \u201cArctic Darkness\u201d, in 1998. He won the Aboriginal Peoples Choice Music Awards for Best Rock Album in 2012 for his album &#8220;Culture Shock&#8221;. This album was created under his artist\u2019s name, Sinuupa, which is a transposition in roman characters of the syllabic form of his anglicized last name, Snowball. As a matter of fact, the surname Aputiarjurq (snowball) was formerly translated to Snowball by the officials. Etua has recorded three albums and is working on a new one that should come out soon. He writes mostly in Inuktitut. He wants the language to continue to evolve so it will not die but says that it is also important to keep the words of his ancestors.<br> Etua is interested in several artistic disciplines. He\u2019s the type of person who tries new experiences. The shooting of the film \u201cRestless River\u201d was the first time he played a major role in a movie. &#8220;At first, I was supposed to just rent my cabin and finally, I became one of the main actors of the film. &#8221; he said. He went to Croatia for the premiere of the film and it was also at that moment that he saw himself on the big screen. &#8220;There, people have shown a lot of interest about who we are, where we come from and for our culture.\u201d Led by his own experience, Etua also encourages Inuit youth to seize opportunities to live new experiences when they come. <\/p>\n\n\n\n<p>\u140a\u14ea\u14da\u1450\u1585 | Texte de | Text by: Olivia Lya Thomassie<\/p>\n\n\n\n<div class=\"rl-gallery-container splide rl-loading\" id=\"rl-gallery-container-1\" data-gallery_id=\"1137\"> <div class=\"rl-gallery rl-basicslider-gallery splide__track \" id=\"rl-gallery-1\" data-gallery_no=\"1\"> <ul class=\"splide__list\"> <li class=\"rl-gallery-item splide__slide\" data-thumb=\"https:\/\/tarqitamaat.ca\/wp-content\/uploads\/2019\/11\/RR_STILL_2K_185_ONLINE_709_1.7.10.jpg\"> <a href=\"https:\/\/tarqitamaat.ca\/wp-content\/uploads\/2019\/11\/RR_STILL_2K_185_ONLINE_709_1.7.10.jpg\" title=\"\" data-rl_title=\"\" class=\"rl-gallery-link\" data-rl_caption=\"\" data-rel=\"lightbox-gallery-1\"><img src=\"https:\/\/tarqitamaat.ca\/wp-content\/uploads\/2019\/11\/RR_STILL_2K_185_ONLINE_709_1.7.10.jpg\" width=\"1998\" height=\"1080\" alt=\"\" \/><\/a> <\/li> <li class=\"rl-gallery-item splide__slide\" data-thumb=\"https:\/\/tarqitamaat.ca\/wp-content\/uploads\/2019\/11\/RR_STILL_2K_185_ONLINE_709_1.6.15.jpg\"> <a href=\"https:\/\/tarqitamaat.ca\/wp-content\/uploads\/2019\/11\/RR_STILL_2K_185_ONLINE_709_1.6.15.jpg\" title=\"\" data-rl_title=\"\" class=\"rl-gallery-link\" data-rl_caption=\"\" data-rel=\"lightbox-gallery-1\"><img src=\"https:\/\/tarqitamaat.ca\/wp-content\/uploads\/2019\/11\/RR_STILL_2K_185_ONLINE_709_1.6.15.jpg\" width=\"1998\" height=\"1080\" alt=\"\" \/><\/a> <\/li> <li class=\"rl-gallery-item splide__slide\" data-thumb=\"https:\/\/tarqitamaat.ca\/wp-content\/uploads\/2019\/11\/10500427_10152573421062070_3390665869237684632_n-1.jpg\"> <a href=\"https:\/\/tarqitamaat.ca\/wp-content\/uploads\/2019\/11\/10500427_10152573421062070_3390665869237684632_n-1.jpg\" title=\"\" data-rl_title=\"\" class=\"rl-gallery-link\" data-rl_caption=\"\" data-rel=\"lightbox-gallery-1\"><img src=\"https:\/\/tarqitamaat.ca\/wp-content\/uploads\/2019\/11\/10500427_10152573421062070_3390665869237684632_n-1.jpg\" width=\"960\" height=\"497\" alt=\"\" \/><\/a> <\/li> <li class=\"rl-gallery-item splide__slide\" data-thumb=\"https:\/\/tarqitamaat.ca\/wp-content\/uploads\/2019\/11\/etua1.jpg\"> <a href=\"https:\/\/tarqitamaat.ca\/wp-content\/uploads\/2019\/11\/etua1.jpg\" title=\"\" data-rl_title=\"\" class=\"rl-gallery-link\" data-rl_caption=\"\" data-rel=\"lightbox-gallery-1\"><img src=\"https:\/\/tarqitamaat.ca\/wp-content\/uploads\/2019\/11\/etua1.jpg\" width=\"1998\" height=\"1080\" alt=\"\" \/><\/a> <\/li> <li class=\"rl-gallery-item splide__slide\" data-thumb=\"https:\/\/tarqitamaat.ca\/wp-content\/uploads\/2019\/11\/etua2.jpg\"> <a href=\"https:\/\/tarqitamaat.ca\/wp-content\/uploads\/2019\/11\/etua2.jpg\" title=\"\" data-rl_title=\"\" class=\"rl-gallery-link\" data-rl_caption=\"\" data-rel=\"lightbox-gallery-1\"><img src=\"https:\/\/tarqitamaat.ca\/wp-content\/uploads\/2019\/11\/etua2.jpg\" width=\"1998\" height=\"1080\" alt=\"\" \/><\/a> <\/li> <li class=\"rl-gallery-item splide__slide\" data-thumb=\"https:\/\/tarqitamaat.ca\/wp-content\/uploads\/2019\/11\/etua3.jpg\"> <a href=\"https:\/\/tarqitamaat.ca\/wp-content\/uploads\/2019\/11\/etua3.jpg\" title=\"\" data-rl_title=\"\" class=\"rl-gallery-link\" data-rl_caption=\"\" data-rel=\"lightbox-gallery-1\"><img src=\"https:\/\/tarqitamaat.ca\/wp-content\/uploads\/2019\/11\/etua3.jpg\" width=\"1998\" height=\"1080\" alt=\"\" \/><\/a> <\/li> <li class=\"rl-gallery-item splide__slide\" data-thumb=\"https:\/\/tarqitamaat.ca\/wp-content\/uploads\/2019\/11\/etua4.jpg\"> <a href=\"https:\/\/tarqitamaat.ca\/wp-content\/uploads\/2019\/11\/etua4.jpg\" title=\"\" data-rl_title=\"\" class=\"rl-gallery-link\" data-rl_caption=\"\" data-rel=\"lightbox-gallery-1\"><img src=\"https:\/\/tarqitamaat.ca\/wp-content\/uploads\/2019\/11\/etua4.jpg\" width=\"1998\" height=\"1080\" alt=\"\" \/><\/a> <\/li> <\/ul> <\/div> <\/div>\n\n\n\n<figure class=\"wp-block-embed is-type-video is-provider-youtube wp-block-embed-youtube wp-embed-aspect-16-9 wp-has-aspect-ratio\"><div class=\"wp-block-embed__wrapper\">\n<iframe loading=\"lazy\" title=\"RESTLESS RIVER Official Trailer (English)\" width=\"700\" height=\"394\" src=\"https:\/\/www.youtube.com\/embed\/jhOsb01GsAc?feature=oembed\" frameborder=\"0\" allow=\"accelerometer; autoplay; clipboard-write; encrypted-media; gyroscope; picture-in-picture; web-share\" referrerpolicy=\"strict-origin-when-cross-origin\" allowfullscreen><\/iframe>\n<\/div><\/figure>\n","protected":false},"excerpt":{"rendered":"<p>\u1404\u1450\u140a \u14ef\u14c5\u1439\u14ea&nbsp;| Etua Snowball \u1404\u1450\u140a \u14ef\u14c5\u1439\u14ea \u1470\u1466\u152a\u140a\u14a5\u1405\u1585 \u140a\u14a5\u14f1\u1403\u14c2\u1483 \u1450\u14f4\u1550\u14c2\u152e\u1550\u144e\u14ef\u1405\u144e\u1581\u144e\u14d5\u1483 \u140a\u14bb\u14aa\u14d7 \u14f4\u14c7\u1595\u1591\u140a\u144e\u1405\u1466\u14f1\u14c2. \u1403\u14d5\u14ed\u1528\u1405\u1466\u14f1\u14c2\u14d7 \u140a\u14bb\u14aa\u14d7 \u1472\u144e\u1555\u1483 \u1403\u14d5\u14f4\u1550\u14c2\u14d5\u1546\u14c2\u1550\u14a5 \u1431\u14c7\u14f1\u140a\u1550\u14f1\u14c2, \u14c4\u14c7\u1555\u14bb\u14a5 \u1403\u14d5\u14f4\u1550\u14c2\u14d5\u1546\u14c2\u1550\u14a5\u1483. \u1431\u1595\u1591\u140a\u1583\u14bb\u14a5\u1405\u14a5\u152a\u1585 \u140a\u1405\u14da\u152b\u14d5\u140a\u1546\u152d\u1405\u152a\u14c2 &#8220;Restless River&#8221; \u1403\u14c2\u1550\u14ef\u14aa\u152d\u158f\u14d0\u14c2\u1483 \u14ab\u1546-\u1403\u14d5\u140a\u14d0 \u146f\u14ef\u14c5\u1449 \u140a\u14bb\u14aa\u14d7 \u14ab\u1455\u14d6\u14d0 \u1403\u1559\u14d8\u1449, \u14aa\u14d5\u1466\u14f1\u148b\u1466 \u140a\u1450\u140a\u1490\u14d5\u140a\u1555\u14c2\u158f\u1466 \u1472\u1433\u1546\u140a\u14ea \u1548\u140a \u140a\u1405\u14da\u152a\u1550\u1555\u14c3\u14d5\u1550\u14f1\u144e\u14d7 \u1456\u1483\u146f\u140a. \u1404\u1450\u140a \u1472\u1483\u1472\u14db\u148d\u14c2\u1550\u14a5\u14c2\u14c2\u1466 \u1450\u14f4\u1550\u14c2\u152e\u1550\u144e\u14ef\u1405\u144e\u14c2\u1483 \u140a\u14d5\u140a\u148b\u152d\u1583\u1550\u14ef\u14aa\u152a\u1585. \u14c2\u1449\u1431\u14f4\u1550\u14f1\u14c2, \u1403\u14bb\u14a5\u14c2\u1483 \u146f\u146d\u1455\u1438\u148b\u1405\u1550\u14ef\u14aa\u152a\u1585. \u1403\u14c4\u14d0\u14c4\u1466 \u1450\u14f4\u1550\u14c2\u148b\u152d\u1405\u1490\u14a5 \u140a\u14d5\u140a\u14d0\u14c2\u154b\u14da\u1405\u152b\u1585 \u140a\u14bb\u14aa\u14d7 \u1450\u14f4\u1550\u14c2\u152e\u1550\u144e\u14ef\u1405\u144e\u14a5\u14c2\u1483 \u140a\u1466\u1528\u148c\u1595\u158f\u1450\u14c2\u1483 \u1472\u144e\u1550\u14f1\u14ef\u14aa\u152a\u14d5\u1405\u1550\u14ef\u14aa\u1466\u14f1\u14c2. \u1581\u14ea\u14d5\u14f4\u152d\u14a5\u14ea\u14d7 \u14f4\u14c7\u1405\u1490\u148b\u1405\u14da\u157f\u14ef\u14aa\u1466\u14f1\u14c2 \u1403\u14da\u1405\u1583\u1466\u1455\u14f1\u14c2 \u14c4\u14c7\u14d5\u14a5\u14c2 \u1403\u14c4\u1450\u1583\u1550\u14c2\u1483 \u14f4\u14c7\u1405\u1490\u1550\u1450\u14c2\u1483. \u1404\u1450\u140a &hellip; <a href=\"https:\/\/tarqitamaat.ca\/?page_id=1130\" class=\"more-link\">Continue reading <span class=\"screen-reader-text\">\u14c7\u1466\u152a\u1403\u152d\u1550\u1555\u1483| Novembre | November<\/span> <span class=\"meta-nav\">&rarr;<\/span><\/a><\/p>\n","protected":false},"author":1,"featured_media":1134,"parent":0,"menu_order":0,"comment_status":"closed","ping_status":"closed","template":"","meta":[],"_links":{"self":[{"href":"https:\/\/tarqitamaat.ca\/index.php?rest_route=\/wp\/v2\/pages\/1130"}],"collection":[{"href":"https:\/\/tarqitamaat.ca\/index.php?rest_route=\/wp\/v2\/pages"}],"about":[{"href":"https:\/\/tarqitamaat.ca\/index.php?rest_route=\/wp\/v2\/types\/page"}],"author":[{"embeddable":true,"href":"https:\/\/tarqitamaat.ca\/index.php?rest_route=\/wp\/v2\/users\/1"}],"replies":[{"embeddable":true,"href":"https:\/\/tarqitamaat.ca\/index.php?rest_route=%2Fwp%2Fv2%2Fcomments&post=1130"}],"version-history":[{"count":9,"href":"https:\/\/tarqitamaat.ca\/index.php?rest_route=\/wp\/v2\/pages\/1130\/revisions"}],"predecessor-version":[{"id":6038,"href":"https:\/\/tarqitamaat.ca\/index.php?rest_route=\/wp\/v2\/pages\/1130\/revisions\/6038"}],"wp:featuredmedia":[{"embeddable":true,"href":"https:\/\/tarqitamaat.ca\/index.php?rest_route=\/wp\/v2\/media\/1134"}],"wp:attachment":[{"href":"https:\/\/tarqitamaat.ca\/index.php?rest_route=%2Fwp%2Fv2%2Fmedia&parent=1130"}],"curies":[{"name":"wp","href":"https:\/\/api.w.org\/{rel}","templated":true}]}}