{"id":1044,"date":"2019-08-02T16:57:26","date_gmt":"2019-08-02T16:57:26","guid":{"rendered":"https:\/\/tarqitamaat.ca\/?page_id=1044"},"modified":"2023-01-12T17:37:44","modified_gmt":"2023-01-12T17:37:44","slug":"%e1%90%8a%e1%90%85%e1%94%ad%e1%93%95%e1%95%88%e1%91%a6-aout-august","status":"publish","type":"page","link":"https:\/\/tarqitamaat.ca\/?page_id=1044","title":{"rendered":"\u140a\u1405\u152d\u14d5\u1548\u1466 | Ao\u00fbt | August"},"content":{"rendered":"\n<h2 class=\"wp-block-heading\">\u14ef\u140a\u152d \u14d6\u14f4 \u1583\u14f4\u14ea\u14d7\u140a\u1585&nbsp; | Sarah Lisa Kasudluak<\/h2>\n\n\n\n<p class=\"has-very-light-gray-background-color has-background\">\u14ef\u140a\u152d \u14d6\u14f4 \u1583\u14f4\u14ea\u14d7\u140a\u1585 \u140a\u14ea\u14da\u1591\u140a\u1550\u144e \u1403\u14c4\u1466\u152a\u140a\u14a5\u1405\u1585 \u14c4\u14c7\u1555\u1405\u1449 \u1455\u14ef\u1405\u152d\u1550\u152a\u140a\u1593\u14c2. \u140a\u14ea\u14da\u1591\u140a\u1550\u14c2\u14a5\u1483 \u1431\u152a\u1466\u14f4\u1405\u152e\u14ef\u152a\u1555\u14c2\u1585 \u1405\u1555\u1483\u1472\u1405\u14f1\u14c2 \u140a\u14bb\u14aa\u14d7 \u14a5\u1591\u140a\u1595\u1591\u140a\u14f2\u148d\u1466\u14f1\u14c2 \u140a\u1466\u1528\u148c\u1595\u158f\u1450\u14c2\u1483 \u140a\u1450\u1550\u14f1\u14c2 \u1455\u146f\u14a5\u14c7\u1550\u1450\u14d5\u1405\u1548\u144e\u14c2\u1483. \u140a\u14d5\u140a\u148b\u152d\u14d5\u1483 \u1583\u14c4\u1450\u1403\u14d0\u14c7\u1585 \u1455\u146f\u14a5\u14c7\u1550\u1450\u14d5\u1405\u1550\u14c2\u14c2\u1483, \u1406\u1466\u1451\u144e\u148b\u1466\u14f1\u148d \u146d\u1591\u14ea\u14d5\u1439\u14a5 \u1431\u1595\u1591\u140a\u14c2\u1550\u152a\u140a\u1583\u1550\u144e\u14d7\u148d \u1433\u1555\u1550\u14c2\u1450\u14a5, \u14ef\u146f\u14a5\u1483 \u14f4\u14c7\u1595\u1591\u140a\u1546\u140a\u1550\u1450\u14ef\u14aa\u14da\u1405\u152b\u1585. \u1403\u14da\u1405\u14ef\u14aa\u152a\u1585 \u1405\u14c2\u1483\u1473\u14d5\u1405\u1550\u1450\u14c2\u1483 \u157f\u14a5\u1550\u1548\u1591\u140a\u14d5\u1405\u1550\u144e\u14ef\u144e\u14ea\u14d7\u148d \u1581\u14aa\u1585 \u14aa\u158f\u1405\u1585 \u1403\u1526\u1466\u1450\u1585 \u140a\u14bb\u14aa\u14d7 \u1472\u144e\u1547\u14ea \u144e\u14d3\u14c2 \u140a\u1550\u154c\u148d\u14c2 \u140a\u14a5\u14f1\u14c2 \u1472\u144e\u14aa\u144e\u1466\u14ef\u1559\u1466\u14f1\u144e\u1483. \u140a\u1466\u1528\u148c\u1595\u158f\u1450\u1466 \u1455\u146f\u14a5\u14c7\u1550\u1450\u14d5\u1405\u1550\u144f\u1466 \u1403\u14da\u1405\u144e\u14ea\u14d7\u148b\u1466 \u1456\u1466\u14f1\u14a7\u1593 \u140a\u14bb\u14aa\u14d7 \u1405\u14c2\u1483\u1473\u1450\u14c2\u1483 \u14c8\u14da\u148b\u140a\u1550\u14ef\u14aa\u1466\u14f1\u14c2 \u140a\u14bb\u14aa\u14d7 \u140a\u1450\u140a\u1491\u1431\u14d0\u14c2\u1483 \u140a\u14ea\u14da\u1591\u140a\u1550\u14ef\u14aa\u152a\u1550\u1455\u14ef\u1550\u1450\u1403\u14f1\u14c2. &#8220;\u1583\u1405\u1528\u14da\u157f\u1466\u14ef\u140a\u14da\u1405\u152a\u152a\u1593 \u1403\u14da\u1405\u1466\u14f1\u1593 \u140a\u1450\u140a\u1490\u14d5\u1405\u1550\u1450\u14c4\u1466 \u1403\u14da\u1583\u1550\u14f1\u1455 \u1581\u14aa\u1550\u14a5\u1483 \u1403\u14c4\u1466\u144e\u1451\u1550\u1450\u14c2\u1483 \u14c4\u14c7\u1555\u14bb\u14a5 \u140a\u1450\u140a\u154b\u1466\u14f4\u1583\u1550\u14c2\u14f4\u1405\u148b\u140a\u1583\u1550\u14c2\u1543\u144e\u14ea\u14d7\u148d, \u1403\u14c4\u1403\u1466 \u140a\u14ea\u14da\u1591\u140a\u1550\u1455\u1555\u14c2\u158f\u14d0\u14c2\u1483 \u140a\u14ea\u14da\u1591\u140a\u1550\u14ef\u14aa\u152a\u1550\u1455\u14d5\u14d0\u14c2\u1483&#8221; \u1450\u146d\u14ef\u144e\u1466\u14ef\u14da\u1405\u152b\u1585 \u144c\u14ab\u1483 \u14ef\u140a\u152d \u14d6\u14f4. \u140a\u1450\u140a\u1490\u14d5\u140a\u1555\u14c2\u158f\u1466 &#8220;\u1455\u14ef\u1405\u152d\u14a5&#8221; \u14c2\u140a\u14d5 \u14c7\u1505\u1455\u1434\u1472\u1405\u1449 \u1405\u14c2\u1483\u1473\u1455\u1555\u14c2\u158f\u14d0\u14c2\u1483 \u1406\u1466\u1451\u144e\u1466\u14ef\u140a\u148d\u1557\u1466 \u1583\u14c4\u1585 \u1405\u1583\u1405\u14ef\u1585 \u1403\u14d5\u1593\u14c2\u1593\u14c2\u1483 \u14c4\u14c7\u14d5\u1405\u1583\u144e\u148c\u14c4\u1466. \u1403\u14c4\u1466\u144e\u1450\u1466 \u140a\u14ea\u14da\u14ef\u14aa\u152a\u1466 \u1403\u14d5\u1593\u152a\u1466 \u14c4\u14c7\u14a7\u1466 \u1405\u14c2\u1483\u1473\u148d\u1557\u1466 \u1403\u14c4\u1403\u1466 \u14c4\u1403\u1455\u14c2\u158f\u14d0\u14c4\u1466 \u14c4\u14c7\u14a5\u14c2, \u1403\u14c7\u1581\u14c7\u1550\u1450\u14d5\u140a\u1546\u14ef\u14aa\u1466\u14f1\u148b\u1466 \u140a\u14ea\u14da\u1591\u140a\u1550\u1555\u148b\u1466\u14f1\u148b\u1466 \u1403\u14aa\u14d5\u14d0\u14c4\u1466 \u140a\u14bb\u14aa\u14d7 \u1455\u1405\u1466\u1450\u158f\u1466 \u140a\u1466\u1528\u148c\u1595\u158f\u1450\u14c2\u1483 \u140a\u1450\u1550\u14f1\u14c2.<br>\n\n\u1431\u14c7\u14f1\u140a\u1550\u1450\u1585 \u14ef\u1557\u14c2\u1550\u14a5 \u140a\u14ea\u14da\u1591\u140a\u1548\u144e\u1466\u14f4\u14a5\u14c2\u1483 \u1431\u14c7\u14f1\u1490\u1546\u14c2\u140a\u1550\u1455\u14a5\u14c2\u1483 \u140a\u1450\u140a\u1490\u1550\u14c5\u1583\u154b\u1466\u14f4\u14c2\u1483 \u140a\u14c8\u14c7\u148b\u152d\u1405\u1466\u14f1\u14c2\u14d7 \u14ef\u1455\u14aa\u14c4\u1466 \u1403\u14d8\u14d0\u14c7\u144e\u1483 \u1403\u14c4\u1466\u144e\u1450\u1466 \u1405\u1583\u1405\u14ef\u14d5\u14d0\u14c4\u1466. \u1403\u14a3\u14d5\u14da\u1405\u152b\u1585: &#8220;\u1405\u14ea\u14d7\u1455\u14ab\u1466 \u1405\u1559\u1593\u1490\u14f4\u1483 \u1403\u14c4\u1466\u144e\u1451\u1550\u1450\u14a5\u1483 \u140a\u1450\u14f2\u148d\u152a\u1593 \u1405\u1583\u1405\u14ef\u154b\u14c2\u1483, \u1403\u14d5\u1466\u14ef\u14f2\u148d\u1466\u14f1\u1593\u14d7 \u1405\u1583\u1405\u14ef\u1550\u14c2\u1483 \u14c4\u1456\u14c2\u1483&#8221;. \u1583\u1546\u1455\u1405\u152d\u1483\u146f\u1466 \u14f1\u14c7\u1450\u1403\u14d0\u14c7\u14c2\u1483 \u1403\u14d5\u14aa\u148d\u14d0\u14c7\u1450\u14c2\u1483 \u1403\u14c4\u1466\u144e\u1451\u1550\u1450\u1585 \u140a\u1450\u1550\u14d7\u148d \u1455\u146f\u148d\u14aa\u152a\u1585. &#8220;\u140a\u14a5\u14f2\u1595\u158f\u1450\u14c2\u1483 \u140a\u1450\u154b\u1466\u14f4\u1583\u14d5\u1550\u1450\u1585 \u1403\u14c4\u1466\u144e\u1451\u1550\u1450\u14c2\u1483 \u146d\u14ef\u140a\u14c2 \u157f\u1450\u1550\u1593\u1472 \u1431\u152d\u1547\u1472\u1431\u14f2\u1466 \u144c\u14a3\u1466\u1450\u14c2\u1483 \u140a\u14bb\u14aa\u14d7 \u140a\u1546\u1405\u1466\u14ef\u1490\u14a5\u1483 \u140a\u14ef\u158f\u14d0\u14c2\u1483 \u1583\u14ea\u14d7\u14c8\u1550\u144e\u1451\u1550\u1450\u14c2\u1483 \u140a\u1450\u14ef\u158f\u14d0\u14c7\u14f2\u148d\u1466\u14f1\u144e\u1483 \u144c\u14a3\u14bb\u14aa\u1466 \u14c4\u1403\u144e\u1550\u1455\u1405\u1472\u1431\u1466\u1450\u14f4\u1405\u14d5\u1550\u1450\u1466 \u1403\u14c4\u1466\u144e\u1451\u1550\u1450\u1466&#8221;. \u1455\u146f\u148d\u14aa\u1466\u14f1\u14c2\u14d7 \u1403\u14c4\u14d0\u14c2\u1483 \u140a\u14a5\u14f2\u14c2\u1550\u14f4\u14c2\u1483 \u1455\u146f\u14a5\u14c7\u1550\u1450\u14d5\u1405\u1550\u144e\u14c2\u1483. <br>\n\n\u1431\u14c7\u14f1\u140a\u1550\u14ef\u14aa\u152d\u158f\u1466 \u1455\u146f\u1466\u14f4\u1405\u144e\u1455\u1405\u14d5\u1550\u1450\u1466 \u1403\u14ea\u14d5\u1546\u152d\u1557\u1466 \u14aa\u14d0\u1450\u1528\u140a\u14da\u14a5 \u157f\u14a5\u1550\u1548\u1490\u1405\u1466\u14f1\u144e\u1483 \u140a\u1466\u1528\u148c\u1595\u158f\u1450\u14c2 \u157f\u14a5\u1550\u1548\u1555\u14d0\u14c3\u1583\u1466\u1455\u14f1\u144e\u1483 19 \u14c4\u14c7\u1555\u14bb\u14a5\u1405\u1466 \u1455\u146f\u14a5\u14c7\u1550\u1450\u14d5\u1405\u1550\u144f\u1466 \u1455\u146f\u1466\u14f4\u1405\u1528\u140a\u1583\u1550\u144e\u14d7\u148b\u1466 \u1431\u14ef\u144e\u1405\u148d\u144e\u14a5\u14c2\u1483, \u140a\u14bb\u14aa\u14d7 \u1405\u14c2\u1483\u1473\u1591\u140a\u1466 \u140a\u14ea\u14da\u1591\u140a\u1550\u14ef\u14aa\u152a\u1550\u1455\u14d6\u1466 \u1455\u146f\u1466\u14f4\u1405\u144e\u1455\u1405\u1466\u14ef\u140a\u14f1\u144e\u1483 \u14c8\u14bb\u14aa\u14ef\u140a\u1550\u14f1\u144e\u14ea\u14d7.\n<\/p>\n\n\n\n<p class=\"has-very-light-gray-background-color has-background\">Sarah Lisa Kasudluak est une artiste originaire d&#8217;Inukjuak, situ\u00e9 sur la c\u00f4te d\u2019Hudson au Nunavik. Elle a commenc\u00e9 \u00e0 s&#8217;int\u00e9resser \u00e0 l&#8217;art d\u00e8s l\u2019enfance et elle pratique principalement la peinture en y incluant diff\u00e9rents types de mat\u00e9riaux. Elle aime essayer plusieurs types d&#8217;art, par exemple, lors du dernier Festival des neiges de Puvirnituq, elle a pratiqu\u00e9 la sculpture sur glace. Elle a particip\u00e9 \u00e0 des ateliers de cr\u00e9ation de livres de contes avec Qumaq Mangiuk Iyaituk et Kathryn Delaney qui ont \u00e9t\u00e9 donn\u00e9s pendant de nombreuses ann\u00e9es. Diff\u00e9rents artistes ont pris part \u00e0 cela et le processus consistait \u00e0 \u00e9couter une histoire et \u00e0 la transformer pour l&#8217;illustrer en un petit livre. \u00ab \u00c7a m&#8217;a vraiment ouvert les yeux de participer \u00e0 la r\u00e9daction de livres d&#8217;histoires avec Qumaq, car elle disait qu&#8217;il devrait y avoir plus de livres en inuktitut du Nunavik, illustr\u00e9s par des Inuits\u00bb, a expliqu\u00e9 Sarah Lisa. Son livre \u00abAt the Inlet\u00bb, tir\u00e9 d\u2019un r\u00e9cit de Nellie Nastapoka, illustre parfaitement la mani\u00e8re dont la langue est li\u00e9e au territoire de ses habitants. Les \u00e9l\u00e9ments syllabiques int\u00e9gr\u00e9s dans le paysage lui-m\u00eame racontent l&#8217;histoire de la pr\u00e9sence humaine sur la terre, magnifiquement ex\u00e9cut\u00e9e \u00e0 l&#8217;encre et \u00e0 l&#8217;aquarelle.<br> Elle travaille sur de futurs projets d&#8217;illustration de livres en plus d&#8217;\u00eatre la m\u00e8re de quatre enfants qui parlent tous en inuktitut. Elle dit: \u00abM\u00eame pour moi qui parle inuktitut tous les jours, j\u2019apprends de nouveaux mots\u00bb. Elle souhaite plus d\u2019outils \u00e9lectroniques en inuktitut. \u00abIl y a quelques applications, mais mes enfants les finissent assez rapidement et ils s&#8217;ennuient, puis ils jouent avec d&#8217;autres applications en anglais, il devrait donc y en avoir plus \u00e0 cr\u00e9er\u00bb. Elle veut aussi voir plus d&#8217;Inuits se lancer dans l&#8217;art.<br> Son travail fait partie de l&#8217;exposition <em>Illirijavut<\/em> en tourn\u00e9e \u00e0 Montr\u00e9al dans diff\u00e9rentes galeries o\u00f9 dix-neuf artistes <em>Nunavimmiut <\/em>pr\u00e9sentent leur talent et o\u00f9 la narration s&#8217;entend parfaitement avec l&#8217;illustration. <\/p>\n\n\n\n<p class=\"has-very-light-gray-background-color has-background\">Sarah Lisa Kasudluak is an artist from Inukjuak on the Hudson coast of Nunavik. She started being interested into art from a young age and she mostly paints with various types of materials. She likes to try many types of art, for example at the last snow festival in Puvirnituq, she did ice carving. She was part of a storybook making creation that was held with Qumaq Mangiuk Iyaituk and Kathryn Delaney for many years. Different artists were involved into that and the process was to listen to a story and turn it to illustrate into a small story book. \u201cIt really opened my eyes to be part of the story book making with Qumaq because she said that there should be more books in Inuktitut from Nunavik, with illustration made by Inuit\u201d explained Sarah Lisa. Her book \u201cAt the Inlet\u201d from a Nellie Nastapoka\u2019s story is a perfect example of how the language is linked to the territory of its inhabitants. The syllabics integrated in the landscape itself tell the story of human presence on the land, beautifully executed in ink and watercolour.<br> She is working on future illustration projects for books in addition to being the mother of four children that all speak in Inuktitut. She says: \u201cEven for myself who speaks Inuktitut every day, I learn new words\u2019\u2019. She wishes for more electronic related objects with Inuktitut. \u201cThere are some few applications but my kids finish them pretty quickly and they get bored then go play on other applications in English so there should be more to be created\u201d. She also wants to see more Inuit going into art.<br> Her work is part of the exhibition <em>Illirijavut<\/em> touring in Montreal in various galleries where nineteen Nunavimmiut artists are showcasing their talent, and where storytelling gets along with illustration in a perfect way. <\/p>\n\n\n\n<p>\u140a\u14ea\u14da\u1450\u1585 | Texte de | Text by: Olivia Lya Thomassie<\/p>\n\n\n\n<div class=\"rl-gallery-container splide rl-loading\" id=\"rl-gallery-container-1\" data-gallery_id=\"1809\"> <div class=\"rl-gallery rl-basicslider-gallery splide__track \" id=\"rl-gallery-1\" data-gallery_no=\"1\"> <ul class=\"splide__list\"> <li class=\"rl-gallery-item splide__slide\" data-thumb=\"https:\/\/tarqitamaat.ca\/wp-content\/uploads\/2019\/08\/sarah-lisa-001-2-1024x908.jpg\"> <a href=\"https:\/\/tarqitamaat.ca\/wp-content\/uploads\/2019\/08\/sarah-lisa-001-2.jpg\" title=\"\" data-rl_title=\"\" class=\"rl-gallery-link\" data-rl_caption=\"\" data-rel=\"lightbox-gallery-1\"><img src=\"https:\/\/tarqitamaat.ca\/wp-content\/uploads\/2019\/08\/sarah-lisa-001-2-1024x908.jpg\" width=\"700\" height=\"621\" alt=\"\" \/><\/a> <\/li> <li class=\"rl-gallery-item splide__slide\" data-thumb=\"https:\/\/tarqitamaat.ca\/wp-content\/uploads\/2019\/08\/sarah-lisa-002-1024x470.jpg\"> <a href=\"https:\/\/tarqitamaat.ca\/wp-content\/uploads\/2019\/08\/sarah-lisa-002.jpg\" title=\"\" data-rl_title=\"\" class=\"rl-gallery-link\" data-rl_caption=\"\" data-rel=\"lightbox-gallery-1\"><img src=\"https:\/\/tarqitamaat.ca\/wp-content\/uploads\/2019\/08\/sarah-lisa-002-1024x470.jpg\" width=\"700\" height=\"321\" alt=\"\" \/><\/a> <\/li> <li class=\"rl-gallery-item splide__slide\" data-thumb=\"https:\/\/tarqitamaat.ca\/wp-content\/uploads\/2019\/08\/sarah-lisa-003-1.jpg\"> <a href=\"https:\/\/tarqitamaat.ca\/wp-content\/uploads\/2019\/08\/sarah-lisa-003-1.jpg\" title=\"\" data-rl_title=\"\" class=\"rl-gallery-link\" data-rl_caption=\"\" data-rel=\"lightbox-gallery-1\"><img src=\"https:\/\/tarqitamaat.ca\/wp-content\/uploads\/2019\/08\/sarah-lisa-003-1.jpg\" width=\"700\" height=\"321\" alt=\"\" \/><\/a> <\/li> <li class=\"rl-gallery-item splide__slide\" data-thumb=\"https:\/\/tarqitamaat.ca\/wp-content\/uploads\/2019\/08\/sarah-lisa-2-001-1-1024x902.jpg\"> <a href=\"https:\/\/tarqitamaat.ca\/wp-content\/uploads\/2019\/08\/sarah-lisa-2-001-1.jpg\" title=\"\" data-rl_title=\"\" class=\"rl-gallery-link\" data-rl_caption=\"\" data-rel=\"lightbox-gallery-1\"><img src=\"https:\/\/tarqitamaat.ca\/wp-content\/uploads\/2019\/08\/sarah-lisa-2-001-1-1024x902.jpg\" width=\"700\" height=\"617\" alt=\"\" \/><\/a> <\/li> <li class=\"rl-gallery-item splide__slide\" data-thumb=\"https:\/\/tarqitamaat.ca\/wp-content\/uploads\/2019\/08\/sarah-lisa-2-002-1-1024x468.jpg\"> <a href=\"https:\/\/tarqitamaat.ca\/wp-content\/uploads\/2019\/08\/sarah-lisa-2-002-1.jpg\" title=\"\" data-rl_title=\"\" class=\"rl-gallery-link\" data-rl_caption=\"\" data-rel=\"lightbox-gallery-1\"><img src=\"https:\/\/tarqitamaat.ca\/wp-content\/uploads\/2019\/08\/sarah-lisa-2-002-1-1024x468.jpg\" width=\"700\" height=\"320\" alt=\"\" \/><\/a> <\/li> <li class=\"rl-gallery-item splide__slide\" data-thumb=\"https:\/\/tarqitamaat.ca\/wp-content\/uploads\/2019\/08\/sarah-lisa-2-003-1-1024x470.jpg\"> <a href=\"https:\/\/tarqitamaat.ca\/wp-content\/uploads\/2019\/08\/sarah-lisa-2-003-1.jpg\" title=\"\" data-rl_title=\"\" class=\"rl-gallery-link\" data-rl_caption=\"\" data-rel=\"lightbox-gallery-1\"><img src=\"https:\/\/tarqitamaat.ca\/wp-content\/uploads\/2019\/08\/sarah-lisa-2-003-1-1024x470.jpg\" width=\"700\" height=\"321\" alt=\"\" \/><\/a> <\/li> <li class=\"rl-gallery-item splide__slide\" data-thumb=\"https:\/\/tarqitamaat.ca\/wp-content\/uploads\/2019\/08\/Sarah-Lisa-Kasudluak-01-1024x784.jpg\"> <a href=\"https:\/\/tarqitamaat.ca\/wp-content\/uploads\/2019\/08\/Sarah-Lisa-Kasudluak-01.jpg\" title=\"\" data-rl_title=\"\" class=\"rl-gallery-link\" data-rl_caption=\"\" data-rel=\"lightbox-gallery-1\"><img src=\"https:\/\/tarqitamaat.ca\/wp-content\/uploads\/2019\/08\/Sarah-Lisa-Kasudluak-01-1024x784.jpg\" width=\"700\" height=\"536\" alt=\"\" \/><\/a> <\/li> <li class=\"rl-gallery-item splide__slide\" data-thumb=\"https:\/\/tarqitamaat.ca\/wp-content\/uploads\/2019\/08\/Sarah-Lisa-Kasudluak-02-1024x788.jpg\"> <a href=\"https:\/\/tarqitamaat.ca\/wp-content\/uploads\/2019\/08\/Sarah-Lisa-Kasudluak-02.jpg\" title=\"\" data-rl_title=\"\" class=\"rl-gallery-link\" data-rl_caption=\"\" data-rel=\"lightbox-gallery-1\"><img src=\"https:\/\/tarqitamaat.ca\/wp-content\/uploads\/2019\/08\/Sarah-Lisa-Kasudluak-02-1024x788.jpg\" width=\"700\" height=\"539\" alt=\"\" \/><\/a> <\/li> <li class=\"rl-gallery-item splide__slide\" data-thumb=\"https:\/\/tarqitamaat.ca\/wp-content\/uploads\/2019\/08\/Sarah-Lisa-Kasudluak-03-1024x787.jpg\"> <a href=\"https:\/\/tarqitamaat.ca\/wp-content\/uploads\/2019\/08\/Sarah-Lisa-Kasudluak-03.jpg\" title=\"\" data-rl_title=\"\" class=\"rl-gallery-link\" data-rl_caption=\"\" data-rel=\"lightbox-gallery-1\"><img src=\"https:\/\/tarqitamaat.ca\/wp-content\/uploads\/2019\/08\/Sarah-Lisa-Kasudluak-03-1024x787.jpg\" width=\"700\" height=\"538\" alt=\"\" \/><\/a> <\/li> <li class=\"rl-gallery-item splide__slide\" data-thumb=\"https:\/\/tarqitamaat.ca\/wp-content\/uploads\/2019\/08\/Sarah-Lisa-Kasudluak-04-795x1024.jpg\"> <a href=\"https:\/\/tarqitamaat.ca\/wp-content\/uploads\/2019\/08\/Sarah-Lisa-Kasudluak-04.jpg\" title=\"\" data-rl_title=\"\" class=\"rl-gallery-link\" data-rl_caption=\"\" data-rel=\"lightbox-gallery-1\"><img src=\"https:\/\/tarqitamaat.ca\/wp-content\/uploads\/2019\/08\/Sarah-Lisa-Kasudluak-04-795x1024.jpg\" width=\"700\" height=\"902\" alt=\"\" \/><\/a> <\/li> <li class=\"rl-gallery-item splide__slide\" data-thumb=\"https:\/\/tarqitamaat.ca\/wp-content\/uploads\/2019\/08\/Sarah-Lisa-Kasudluak-05-1024x782.jpg\"> <a href=\"https:\/\/tarqitamaat.ca\/wp-content\/uploads\/2019\/08\/Sarah-Lisa-Kasudluak-05.jpg\" title=\"\" data-rl_title=\"\" class=\"rl-gallery-link\" data-rl_caption=\"\" data-rel=\"lightbox-gallery-1\"><img src=\"https:\/\/tarqitamaat.ca\/wp-content\/uploads\/2019\/08\/Sarah-Lisa-Kasudluak-05-1024x782.jpg\" width=\"700\" height=\"535\" alt=\"\" \/><\/a> <\/li> <\/ul> <\/div> <\/div>\n","protected":false},"excerpt":{"rendered":"<p>\u14ef\u140a\u152d \u14d6\u14f4 \u1583\u14f4\u14ea\u14d7\u140a\u1585&nbsp; | Sarah Lisa Kasudluak \u14ef\u140a\u152d \u14d6\u14f4 \u1583\u14f4\u14ea\u14d7\u140a\u1585 \u140a\u14ea\u14da\u1591\u140a\u1550\u144e \u1403\u14c4\u1466\u152a\u140a\u14a5\u1405\u1585 \u14c4\u14c7\u1555\u1405\u1449 \u1455\u14ef\u1405\u152d\u1550\u152a\u140a\u1593\u14c2. \u140a\u14ea\u14da\u1591\u140a\u1550\u14c2\u14a5\u1483 \u1431\u152a\u1466\u14f4\u1405\u152e\u14ef\u152a\u1555\u14c2\u1585 \u1405\u1555\u1483\u1472\u1405\u14f1\u14c2 \u140a\u14bb\u14aa\u14d7 \u14a5\u1591\u140a\u1595\u1591\u140a\u14f2\u148d\u1466\u14f1\u14c2 \u140a\u1466\u1528\u148c\u1595\u158f\u1450\u14c2\u1483 \u140a\u1450\u1550\u14f1\u14c2 \u1455\u146f\u14a5\u14c7\u1550\u1450\u14d5\u1405\u1548\u144e\u14c2\u1483. \u140a\u14d5\u140a\u148b\u152d\u14d5\u1483 \u1583\u14c4\u1450\u1403\u14d0\u14c7\u1585 \u1455\u146f\u14a5\u14c7\u1550\u1450\u14d5\u1405\u1550\u14c2\u14c2\u1483, \u1406\u1466\u1451\u144e\u148b\u1466\u14f1\u148d \u146d\u1591\u14ea\u14d5\u1439\u14a5 \u1431\u1595\u1591\u140a\u14c2\u1550\u152a\u140a\u1583\u1550\u144e\u14d7\u148d \u1433\u1555\u1550\u14c2\u1450\u14a5, \u14ef\u146f\u14a5\u1483 \u14f4\u14c7\u1595\u1591\u140a\u1546\u140a\u1550\u1450\u14ef\u14aa\u14da\u1405\u152b\u1585. \u1403\u14da\u1405\u14ef\u14aa\u152a\u1585 \u1405\u14c2\u1483\u1473\u14d5\u1405\u1550\u1450\u14c2\u1483 \u157f\u14a5\u1550\u1548\u1591\u140a\u14d5\u1405\u1550\u144e\u14ef\u144e\u14ea\u14d7\u148d \u1581\u14aa\u1585 \u14aa\u158f\u1405\u1585 \u1403\u1526\u1466\u1450\u1585 \u140a\u14bb\u14aa\u14d7 \u1472\u144e\u1547\u14ea \u144e\u14d3\u14c2 \u140a\u1550\u154c\u148d\u14c2 \u140a\u14a5\u14f1\u14c2 \u1472\u144e\u14aa\u144e\u1466\u14ef\u1559\u1466\u14f1\u144e\u1483. \u140a\u1466\u1528\u148c\u1595\u158f\u1450\u1466 \u1455\u146f\u14a5\u14c7\u1550\u1450\u14d5\u1405\u1550\u144f\u1466 \u1403\u14da\u1405\u144e\u14ea\u14d7\u148b\u1466 \u1456\u1466\u14f1\u14a7\u1593 \u140a\u14bb\u14aa\u14d7 \u1405\u14c2\u1483\u1473\u1450\u14c2\u1483 \u14c8\u14da\u148b\u140a\u1550\u14ef\u14aa\u1466\u14f1\u14c2 \u140a\u14bb\u14aa\u14d7 \u140a\u1450\u140a\u1491\u1431\u14d0\u14c2\u1483 \u140a\u14ea\u14da\u1591\u140a\u1550\u14ef\u14aa\u152a\u1550\u1455\u14ef\u1550\u1450\u1403\u14f1\u14c2. &#8220;\u1583\u1405\u1528\u14da\u157f\u1466\u14ef\u140a\u14da\u1405\u152a\u152a\u1593 \u1403\u14da\u1405\u1466\u14f1\u1593 &hellip; <a href=\"https:\/\/tarqitamaat.ca\/?page_id=1044\" class=\"more-link\">Continue reading <span class=\"screen-reader-text\">\u140a\u1405\u152d\u14d5\u1548\u1466 | Ao\u00fbt | August<\/span> <span class=\"meta-nav\">&rarr;<\/span><\/a><\/p>\n","protected":false},"author":1,"featured_media":1046,"parent":0,"menu_order":0,"comment_status":"closed","ping_status":"closed","template":"","meta":{"jetpack_post_was_ever_published":false},"jetpack_sharing_enabled":true,"jetpack_shortlink":"https:\/\/wp.me\/PaFG9T-gQ","_links":{"self":[{"href":"https:\/\/tarqitamaat.ca\/index.php?rest_route=\/wp\/v2\/pages\/1044"}],"collection":[{"href":"https:\/\/tarqitamaat.ca\/index.php?rest_route=\/wp\/v2\/pages"}],"about":[{"href":"https:\/\/tarqitamaat.ca\/index.php?rest_route=\/wp\/v2\/types\/page"}],"author":[{"embeddable":true,"href":"https:\/\/tarqitamaat.ca\/index.php?rest_route=\/wp\/v2\/users\/1"}],"replies":[{"embeddable":true,"href":"https:\/\/tarqitamaat.ca\/index.php?rest_route=%2Fwp%2Fv2%2Fcomments&post=1044"}],"version-history":[{"count":5,"href":"https:\/\/tarqitamaat.ca\/index.php?rest_route=\/wp\/v2\/pages\/1044\/revisions"}],"predecessor-version":[{"id":6015,"href":"https:\/\/tarqitamaat.ca\/index.php?rest_route=\/wp\/v2\/pages\/1044\/revisions\/6015"}],"wp:featuredmedia":[{"embeddable":true,"href":"https:\/\/tarqitamaat.ca\/index.php?rest_route=\/wp\/v2\/media\/1046"}],"wp:attachment":[{"href":"https:\/\/tarqitamaat.ca\/index.php?rest_route=%2Fwp%2Fv2%2Fmedia&parent=1044"}],"curies":[{"name":"wp","href":"https:\/\/api.w.org\/{rel}","templated":true}]}}